{"id":9273,"date":"2015-07-31T16:19:44","date_gmt":"2015-07-31T15:19:44","guid":{"rendered":"http:\/\/todolivo.com\/pt-pt\/?page_id=9273"},"modified":"2020-02-20T08:58:59","modified_gmt":"2020-02-20T07:58:59","slug":"quem-somos","status":"publish","type":"page","link":"https:\/\/www.todolivo.com\/pt-pt\/quem-somos\/","title":{"rendered":"Quem somos?"},"content":{"rendered":"<div id=\"g1-tabs-1\" class=\"g1-tabs g1-tabs--button g1-type--click g1-tabs--horizontal g1-tabs--top g1-align-left \">\n<div id=\"tab-title-counter-1\" class=\"g1-tab-title \">\n<p>Quem somos?<\/p>\n<\/div>\n<div id=\"tab-content-counter-1\" class=\"g1-tab-content \">\n<ul class=\"g1-grid\"><li class=\"g1-column g1-one-half g1-valign-top\">\n<h4>Setor de atividade<\/h4>\n<p>A empresa desenvolve a sua atividade nomeadamente no setor da olivicultura.<\/p>\n<p>A Todolivo coloca \u00e0 disposi\u00e7\u00e3o dos olivicultores <u>que assim o pretendam, <\/u>um servi\u00e7o integral de qualidade que abrange todo o ciclo de produ\u00e7\u00e3o, e que passa pela execu\u00e7\u00e3o de planta\u00e7\u00f5es, extra\u00e7\u00e3o e comercializa\u00e7\u00e3o do azeite virgem extra produzido.<\/p>\n<p>(O cliente pode optar pelo tipo de servi\u00e7o que pretende solicitar \u00e0 Todolivo)<\/p>\n<h4>\u00c1rea geogr\u00e1fica de atividade<\/h4>\n<p>A atividade da Todolivo est\u00e1 claramente vocacionada para o mercado internacional. Trabalhamos onde quer que o clima e a log\u00edstica o permitam. Executamos e\/ou prestamos assist\u00eancia t\u00e9cnica em explora\u00e7\u00f5es agr\u00edcolas situadas em Espanha, Portugal, Marrocos, Tun\u00edsia, Arg\u00e9lia, Egito, It\u00e1lia, Gr\u00e9cia, Turquia, Cro\u00e1cia, M\u00e9xico, EUA, Chile e Argentina.<\/p>\n<h4>A Todolivo na atualidade<\/h4>\n<p>Somos l\u00edderes na execu\u00e7\u00e3o e gest\u00e3o de planta\u00e7\u00f5es de olivais em sebe com mais de 17.000 ha plantados.<\/p>\n<p>De entre os sucessos alcan\u00e7ados pela empresa salientamos o facto de termos batido o recorde da produ\u00e7\u00e3o m\u00e9dia numa explora\u00e7\u00e3o agr\u00edcola (21,580 kg de azeitonas\/ha, 3,534 kg de azeite virgem extra\/ha).<\/p>\n<\/li><!-- -->\n<li class=\"g1-column g1-one-half g1-valign-top\">\n<p style=\"text-align: center;\"><img fetchpriority=\"high\" decoding=\"async\" class=\" wp-image-811 aligncenter\" src=\"https:\/\/www.todolivo.com\/wp-content\/uploads\/Olivo-huevo.jpg\" alt=\"\" width=\"300\" height=\"245\"><\/p>\n<h4>Agradecimentos<\/h4>\n<p>Queremos desde j\u00e1 agradecer a cada um dos clientes pela confian\u00e7a e lealdade demonstrada durante todos estes anos, que nos incentiva a prosseguir na aposta do trabalho e da investiga\u00e7\u00e3o para a colocar ao seu servi\u00e7o.<\/p>\n<\/li><!-- --><\/ul>\n<\/div>\n<div id=\"tab-title-counter-2\" class=\"g1-tab-title \">\n<p>Hist\u00f3ria<\/p>\n<\/div>\n<div id=\"tab-content-counter-2\" class=\"g1-tab-content \">\n<ul class=\"g1-grid\"><li class=\"g1-column g1-one-half g1-valign-top\">\n<p>A Todolivo foi fundada em 1985 com o objetivo de oferecer aos olivicultores todos os produtos e servi\u00e7os destinados a melhorar a fitossanidade e a produtividade dos olivais.<\/p>\n<p>Desde o princ\u00edpio que a Todolivo se distingue pelo trabalho de investiga\u00e7\u00e3o e desenvolvimento, assim como pelo car\u00e1ter inovador. Durante os primeiros anos, avan\u00e7\u00e1mos para a sele\u00e7\u00e3o das nossas primeiras variedades (Picual, Hojiblanca, Picudo, Arbequina, etc). Em 1985, plant\u00e1mos o nosso primeiro olival &#8220;intensivo&#8221; com um compasso de 8x8m, de sequeiro e um s\u00f3 p\u00e9, o qual representou uma verdadeira revolu\u00e7\u00e3o na regi\u00e3o devido ao aumento de produ\u00e7\u00e3o relativamente \u00e0s \u00e1rvores tradicionais de v\u00e1rios p\u00e9s plantadas com compassos de 10x10m.<\/p>\n<p>Nos 10 anos que se seguiram, plant\u00e1mos mais de 10.000 olivais intensivos com diversos compassos. Em meados dos anos 90, formos a primeira empresa a n\u00edvel mundial a desenvolver e a plantar olivais em sebe, gra\u00e7as \u00e0 cria\u00e7\u00e3o de um sistema exclusivo a que cham\u00e1mos &#8220;Sistema de Olival em Sebe Todolivo&#8221;, reconhecido em todo o mundo, com o qual temos vindo a bater todos os registos de qualidade e produtividade conhecidos at\u00e9 \u00e0 data.<\/p>\n<p>Em fevereiro de 2007, o Grupo SOS (l\u00edder mundial na comercializa\u00e7\u00e3o de azeite) passou a integrar o grupo de acionistas da Todolivo, detendo 50% do seu capital social.<\/p>\n<\/li><!-- -->\n<li class=\"g1-column g1-one-half g1-valign-top\">\n<p><img decoding=\"async\" class=\"wp-image-954 aligncenter\" src=\"https:\/\/www.todolivo.com\/wp-content\/uploads\/Olivo-tradicional-Todolivo.jpg\" alt=\"Olivo tradicional Todolivo\" width=\"363\" height=\"241\" srcset=\"https:\/\/www.todolivo.com\/wp-content\/uploads\/Olivo-tradicional-Todolivo.jpg 450w, https:\/\/www.todolivo.com\/wp-content\/uploads\/Olivo-tradicional-Todolivo-300x199.jpg 300w, https:\/\/www.todolivo.com\/wp-content\/uploads\/Olivo-tradicional-Todolivo-55x36.jpg 55w, https:\/\/www.todolivo.com\/wp-content\/uploads\/Olivo-tradicional-Todolivo-320x212.jpg 320w, https:\/\/www.todolivo.com\/wp-content\/uploads\/Olivo-tradicional-Todolivo-239x158.jpg 239w\" sizes=\"(max-width: 363px) 100vw, 363px\" \/><\/p>\n<p>Durante este per\u00edodo, a Todolivo ficou respons\u00e1vel pela execu\u00e7\u00e3o do &#8220;Projeto Terra&#8221; promovido pelo referido Grupo.<\/p>\n<p>Em agosto de 2010, os s\u00f3cios fundadores da Todolivo recompram as unidades de participa\u00e7\u00e3o detidas pelo Grupo Sos (hoje Deoleo) e voltam a deter 100% das a\u00e7\u00f5es.<\/p>\n<p>Hoje em dia, a Todolivo continua a produzir novas variedades para melhorar e enriquecer o cat\u00e1logo organol\u00e9tico de azeites Virgem Extra, bem como a selecionar e a recuperar variedades praticamente desaparecidas que nos devolvam os deliciosos sabores e aromas do passado.<\/p>\n<\/li><!-- --><\/ul>\n<\/div>\n<div id=\"tab-title-counter-3\" class=\"g1-tab-title \">\n<p>O que nos distingue<\/p>\n<\/div>\n<div id=\"tab-content-counter-3\" class=\"g1-tab-content \">\n<h4>I+D<\/h4>\n<p style=\"padding-left: 60px;\">Desde o in\u00edcio que a investiga\u00e7\u00e3o, o desenvolvimento e a inova\u00e7\u00e3o, s\u00e3o parte integrante da nossa identidade.<\/p>\n<p style=\"padding-left: 60px;\">Neste momento, temos v\u00e1rios projetos de investiga\u00e7\u00e3o em curso sobre Olivais em Sebe, os quais ser\u00e3o executados por iniciativa pr\u00f3pria ou em parceria com entidades p\u00fablicas e privadas.<\/p>\n<p style=\"padding-left: 60px;\">Gra\u00e7as \u00e0 investiga\u00e7\u00e3o, desenvolvemos novas t\u00e9cnicas de cultivo como <strong>por exemplo o &#8220;Sistema de Olival em Sebe Todolivo<strong>&#8220;<\/strong><\/strong>, ideal para um olival moderno, rent\u00e1vel, sustent\u00e1vel \u200b\u200be destinado \u00e0 produ\u00e7\u00e3o de 100% de azeite virgem extra. Temos ainda v\u00e1rios projectos que visam a obten\u00e7\u00e3o de novas variedades, nomeadamente o que inici\u00e1mos em 2007 com a Universidade de C\u00f3rdova e o IFAPA Alameda del Obispo. Este projeto destina-se a obter novas variedades de oliveiras em sebe que superem as caracter\u00edsticas da planta-m\u00e3e, sobretudo no que concerne \u00e0 produ\u00e7\u00e3o, rendimento em gordura e resist\u00eancia a doen\u00e7as, e que nos permita elaborar um novo cat\u00e1logo organol\u00e9tico com diversos tipos de azeite, sabores e aromas frutados, os quais, sem d\u00favida nenhuma, revolucionar\u00e3o o mercado.<\/p>\n<h4>Servi\u00e7o Integral<\/h4>\n<ul>\n<li style=\"list-style-type: none;\">\n<ul>\n<li>Abrange todo o ciclo de produ\u00e7\u00e3o, desde a execu\u00e7\u00e3o de planta\u00e7\u00f5es at\u00e9 \u00e0 extra\u00e7\u00e3o e comercializa\u00e7\u00e3o do azeite. \u00c9 o cliente que seleciona o tipo de servi\u00e7o que pretende contratar.<\/li>\n<li>Executado por uma equipa especializada e qualificada constitu\u00edda por engenheiros agr\u00f3nomos, condutores de m\u00e1quinas, tratoristas, mec\u00e2nicos especializados em equipamentos hidr\u00e1ulicos, t\u00e9cnicos de campo, etc.<\/li>\n<li>Utilizamos m\u00e1quinas e tecnologias de ponta.<\/li>\n<\/ul>\n<\/li>\n<\/ul>\n<\/div>\n<\/div>\n","protected":false},"excerpt":{"rendered":"","protected":false},"author":1,"featured_media":0,"parent":0,"menu_order":0,"comment_status":"closed","ping_status":"closed","template":"","meta":{"_lmt_disableupdate":"no","_lmt_disable":"","footnotes":""},"class_list":["post-9273","page","type-page","status-publish"],"yoast_head":"<!-- This site is optimized with the Yoast SEO plugin v26.9 - https:\/\/yoast.com\/product\/yoast-seo-wordpress\/ -->\n<title>Quem somos? - Todolivo - Pioneiros e especialistas em Olival em Sebe<\/title>\n<meta name=\"robots\" content=\"index, follow, max-snippet:-1, max-image-preview:large, max-video-preview:-1\" \/>\n<link rel=\"canonical\" href=\"https:\/\/www.todolivo.com\/pt-pt\/quem-somos\/\" \/>\n<meta property=\"og:locale\" content=\"pt_PT\" \/>\n<meta property=\"og:type\" content=\"article\" \/>\n<meta property=\"og:title\" content=\"Quem somos? - Todolivo - Pioneiros e especialistas em Olival em Sebe\" \/>\n<meta property=\"og:url\" content=\"https:\/\/www.todolivo.com\/pt-pt\/quem-somos\/\" \/>\n<meta property=\"og:site_name\" content=\"Todolivo - Pioneiros e especialistas em Olival em Sebe\" \/>\n<meta property=\"article:modified_time\" content=\"2020-02-20T07:58:59+00:00\" \/>\n<meta property=\"og:image\" content=\"https:\/\/www.todolivo.com\/wp-content\/uploads\/Olivo-huevo.jpg\" \/>\n<meta name=\"twitter:card\" content=\"summary_large_image\" \/>\n<meta name=\"twitter:label1\" content=\"Tempo estimado de leitura\" \/>\n\t<meta name=\"twitter:data1\" content=\"4 minutos\" \/>\n<script type=\"application\/ld+json\" class=\"yoast-schema-graph\">{\"@context\":\"https:\/\/schema.org\",\"@graph\":[{\"@type\":\"WebPage\",\"@id\":\"https:\/\/www.todolivo.com\/pt-pt\/quem-somos\/\",\"url\":\"https:\/\/www.todolivo.com\/pt-pt\/quem-somos\/\",\"name\":\"Quem somos? - Todolivo - Pioneiros e especialistas em Olival em Sebe\",\"isPartOf\":{\"@id\":\"https:\/\/www.todolivo.com\/#website\"},\"primaryImageOfPage\":{\"@id\":\"https:\/\/www.todolivo.com\/pt-pt\/quem-somos\/#primaryimage\"},\"image\":{\"@id\":\"https:\/\/www.todolivo.com\/pt-pt\/quem-somos\/#primaryimage\"},\"thumbnailUrl\":\"https:\/\/www.todolivo.com\/wp-content\/uploads\/Olivo-huevo.jpg\",\"datePublished\":\"2015-07-31T15:19:44+00:00\",\"dateModified\":\"2020-02-20T07:58:59+00:00\",\"breadcrumb\":{\"@id\":\"https:\/\/www.todolivo.com\/pt-pt\/quem-somos\/#breadcrumb\"},\"inLanguage\":\"pt-PT\",\"potentialAction\":[{\"@type\":\"ReadAction\",\"target\":[\"https:\/\/www.todolivo.com\/pt-pt\/quem-somos\/\"]}]},{\"@type\":\"ImageObject\",\"inLanguage\":\"pt-PT\",\"@id\":\"https:\/\/www.todolivo.com\/pt-pt\/quem-somos\/#primaryimage\",\"url\":\"https:\/\/www.todolivo.com\/wp-content\/uploads\/Olivo-huevo.jpg\",\"contentUrl\":\"https:\/\/www.todolivo.com\/wp-content\/uploads\/Olivo-huevo.jpg\"},{\"@type\":\"BreadcrumbList\",\"@id\":\"https:\/\/www.todolivo.com\/pt-pt\/quem-somos\/#breadcrumb\",\"itemListElement\":[{\"@type\":\"ListItem\",\"position\":1,\"name\":\"Home site\",\"item\":\"https:\/\/www.todolivo.com\/pt-pt\/\"},{\"@type\":\"ListItem\",\"position\":2,\"name\":\"Quem somos?\"}]},{\"@type\":\"WebSite\",\"@id\":\"https:\/\/www.todolivo.com\/#website\",\"url\":\"https:\/\/www.todolivo.com\/\",\"name\":\"Todolivo - Pioneiros e especialistas em Olival em Sebe\",\"description\":\"Todolivo - Pioneiros e especialistas em Olival em Sebe\",\"potentialAction\":[{\"@type\":\"SearchAction\",\"target\":{\"@type\":\"EntryPoint\",\"urlTemplate\":\"https:\/\/www.todolivo.com\/?s={search_term_string}\"},\"query-input\":{\"@type\":\"PropertyValueSpecification\",\"valueRequired\":true,\"valueName\":\"search_term_string\"}}],\"inLanguage\":\"pt-PT\"}]}<\/script>\n<!-- \/ Yoast SEO plugin. -->","yoast_head_json":{"title":"Quem somos? - Todolivo - Pioneiros e especialistas em Olival em Sebe","robots":{"index":"index","follow":"follow","max-snippet":"max-snippet:-1","max-image-preview":"max-image-preview:large","max-video-preview":"max-video-preview:-1"},"canonical":"https:\/\/www.todolivo.com\/pt-pt\/quem-somos\/","og_locale":"pt_PT","og_type":"article","og_title":"Quem somos? - Todolivo - Pioneiros e especialistas em Olival em Sebe","og_url":"https:\/\/www.todolivo.com\/pt-pt\/quem-somos\/","og_site_name":"Todolivo - Pioneiros e especialistas em Olival em Sebe","article_modified_time":"2020-02-20T07:58:59+00:00","og_image":[{"url":"https:\/\/www.todolivo.com\/wp-content\/uploads\/Olivo-huevo.jpg","type":"","width":"","height":""}],"twitter_card":"summary_large_image","twitter_misc":{"Tempo estimado de leitura":"4 minutos"},"schema":{"@context":"https:\/\/schema.org","@graph":[{"@type":"WebPage","@id":"https:\/\/www.todolivo.com\/pt-pt\/quem-somos\/","url":"https:\/\/www.todolivo.com\/pt-pt\/quem-somos\/","name":"Quem somos? - Todolivo - Pioneiros e especialistas em Olival em Sebe","isPartOf":{"@id":"https:\/\/www.todolivo.com\/#website"},"primaryImageOfPage":{"@id":"https:\/\/www.todolivo.com\/pt-pt\/quem-somos\/#primaryimage"},"image":{"@id":"https:\/\/www.todolivo.com\/pt-pt\/quem-somos\/#primaryimage"},"thumbnailUrl":"https:\/\/www.todolivo.com\/wp-content\/uploads\/Olivo-huevo.jpg","datePublished":"2015-07-31T15:19:44+00:00","dateModified":"2020-02-20T07:58:59+00:00","breadcrumb":{"@id":"https:\/\/www.todolivo.com\/pt-pt\/quem-somos\/#breadcrumb"},"inLanguage":"pt-PT","potentialAction":[{"@type":"ReadAction","target":["https:\/\/www.todolivo.com\/pt-pt\/quem-somos\/"]}]},{"@type":"ImageObject","inLanguage":"pt-PT","@id":"https:\/\/www.todolivo.com\/pt-pt\/quem-somos\/#primaryimage","url":"https:\/\/www.todolivo.com\/wp-content\/uploads\/Olivo-huevo.jpg","contentUrl":"https:\/\/www.todolivo.com\/wp-content\/uploads\/Olivo-huevo.jpg"},{"@type":"BreadcrumbList","@id":"https:\/\/www.todolivo.com\/pt-pt\/quem-somos\/#breadcrumb","itemListElement":[{"@type":"ListItem","position":1,"name":"Home site","item":"https:\/\/www.todolivo.com\/pt-pt\/"},{"@type":"ListItem","position":2,"name":"Quem somos?"}]},{"@type":"WebSite","@id":"https:\/\/www.todolivo.com\/#website","url":"https:\/\/www.todolivo.com\/","name":"Todolivo - Pioneiros e especialistas em Olival em Sebe","description":"Todolivo - Pioneiros e especialistas em Olival em Sebe","potentialAction":[{"@type":"SearchAction","target":{"@type":"EntryPoint","urlTemplate":"https:\/\/www.todolivo.com\/?s={search_term_string}"},"query-input":{"@type":"PropertyValueSpecification","valueRequired":true,"valueName":"search_term_string"}}],"inLanguage":"pt-PT"}]}},"_links":{"self":[{"href":"https:\/\/www.todolivo.com\/pt-pt\/wp-json\/wp\/v2\/pages\/9273","targetHints":{"allow":["GET"]}}],"collection":[{"href":"https:\/\/www.todolivo.com\/pt-pt\/wp-json\/wp\/v2\/pages"}],"about":[{"href":"https:\/\/www.todolivo.com\/pt-pt\/wp-json\/wp\/v2\/types\/page"}],"author":[{"embeddable":true,"href":"https:\/\/www.todolivo.com\/pt-pt\/wp-json\/wp\/v2\/users\/1"}],"replies":[{"embeddable":true,"href":"https:\/\/www.todolivo.com\/pt-pt\/wp-json\/wp\/v2\/comments?post=9273"}],"version-history":[{"count":2,"href":"https:\/\/www.todolivo.com\/pt-pt\/wp-json\/wp\/v2\/pages\/9273\/revisions"}],"predecessor-version":[{"id":21181,"href":"https:\/\/www.todolivo.com\/pt-pt\/wp-json\/wp\/v2\/pages\/9273\/revisions\/21181"}],"wp:attachment":[{"href":"https:\/\/www.todolivo.com\/pt-pt\/wp-json\/wp\/v2\/media?parent=9273"}],"curies":[{"name":"wp","href":"https:\/\/api.w.org\/{rel}","templated":true}]}}