{"id":9060,"date":"2015-07-29T11:28:10","date_gmt":"2015-07-29T10:28:10","guid":{"rendered":"http:\/\/todolivo.com\/pt-pt\/?page_id=9060"},"modified":"2023-07-08T15:18:16","modified_gmt":"2023-07-08T14:18:16","slug":"colheita-com-colhedora","status":"publish","type":"page","link":"https:\/\/www.todolivo.com\/pt-pt\/olival-em-sebe\/colheita-com-colhedora\/","title":{"rendered":"Colheita com colhedora"},"content":{"rendered":"\n\t\t\t<!-- START la recolecci\u00f3n_pt REVOLUTION SLIDER 6.2.1 --><p class=\"rs-p-wp-fix\"><\/p>\n\t\t\t<rs-module-wrap id=\"rev_slider_34_1_wrapper\" data-source=\"gallery\" style=\"background:#E9E9E9;padding:0;margin:0px auto;margin-top:-10;margin-bottom:20;max-width:1136px\">\n\t\t\t\t<rs-module id=\"rev_slider_34_1\" style=\"display:none;\" data-version=\"6.2.1\">\n\t\t\t\t\t<rs-slides>\n\t\t\t\t\t\t<rs-slide data-key=\"rs-59\" data-title=\"Slide\" data-anim=\"ei:d;eo:d;s:300;r:0;t:random;sl:7;\">\n\t\t\t\t\t\t\t<img decoding=\"async\" src=\"\/\/www.todolivo.com\/wp-content\/uploads\/recoleccion_Todolivo_slider.jpg\" title=\"Colheita com colhedora\" data-bg=\"p:center top;\" class=\"rev-slidebg\" data-no-retina>\n<!--\n\t\t\t\t\t\t\t--><rs-layer\n\t\t\t\t\t\t\t\tid=\"slider-34-slide-59-layer-1\" \n\t\t\t\t\t\t\t\tclass=\"large_bold_white_mod_3\"\n\t\t\t\t\t\t\t\tdata-type=\"text\"\n\t\t\t\t\t\t\t\tdata-color=\"#ffffff\"\n\t\t\t\t\t\t\t\tdata-rsp_ch=\"on\"\n\t\t\t\t\t\t\t\tdata-xy=\"x:192px;y:255px;\"\n\t\t\t\t\t\t\t\tdata-text=\"s:55;l:60;fw:300;\"\n\t\t\t\t\t\t\t\tdata-frame_1=\"st:500;\"\n\t\t\t\t\t\t\t\tdata-frame_999=\"st:w;auto:true;\"\n\t\t\t\t\t\t\t\tstyle=\"z-index:5;font-family:Open Sans;\"\n\t\t\t\t\t\t\t>Colheita com colhedora \n\t\t\t\t\t\t\t<\/rs-layer><!--\n-->\t\t\t\t\t\t<\/rs-slide>\n\t\t\t\t\t\t<rs-slide data-key=\"rs-60\" data-title=\"Slide\" data-anim=\"ei:d;eo:d;s:300;r:0;t:random;sl:7;\">\n\t\t\t\t\t\t\t<img decoding=\"async\" src=\"\/\/www.todolivo.com\/wp-content\/uploads\/Todolivo_recoleccion.jpg\" title=\"Colheita com colhedora\" data-bg=\"p:center top;\" class=\"rev-slidebg\" data-no-retina>\n<!--\n\t\t\t\t\t\t\t--><rs-layer\n\t\t\t\t\t\t\t\tid=\"slider-34-slide-60-layer-1\" \n\t\t\t\t\t\t\t\tclass=\"large_bold_white_mod_3\"\n\t\t\t\t\t\t\t\tdata-type=\"text\"\n\t\t\t\t\t\t\t\tdata-color=\"#ffffff\"\n\t\t\t\t\t\t\t\tdata-rsp_ch=\"on\"\n\t\t\t\t\t\t\t\tdata-xy=\"x:109px;y:234px;\"\n\t\t\t\t\t\t\t\tdata-text=\"s:55;l:60;fw:300;\"\n\t\t\t\t\t\t\t\tdata-frame_1=\"st:500;\"\n\t\t\t\t\t\t\t\tdata-frame_999=\"st:w;auto:true;\"\n\t\t\t\t\t\t\t\tstyle=\"z-index:5;font-family:Open Sans;\"\n\t\t\t\t\t\t\t>A qualidade come\u00e7a no campo \n\t\t\t\t\t\t\t<\/rs-layer><!--\n-->\t\t\t\t\t\t<\/rs-slide>\n\t\t\t\t\t<\/rs-slides>\n\t\t\t\t\t<rs-progress class=\"rs-bottom\" style=\"visibility: hidden !important;\"><\/rs-progress>\n\t\t\t\t<\/rs-module>\n\t\t\t\t<script type=\"text\/javascript\">\n\t\t\t\t\tsetREVStartSize({c: 'rev_slider_34_1',rl:[1240,1024,778,480],el:[380],gw:[995],gh:[380],type:'standard',justify:'',layout:'fullwidth',mh:\"380\"});\n\t\t\t\t\tvar\trevapi34,\n\t\t\t\t\t\ttpj;\n\t\t\t\t\tjQuery(function() {\n\t\t\t\t\t\ttpj = jQuery;\n\t\t\t\t\t\ttpj.noConflict();\n\t\t\t\t\t\tif(tpj(\"#rev_slider_34_1\").revolution == undefined){\n\t\t\t\t\t\t\trevslider_showDoubleJqueryError(\"#rev_slider_34_1\");\n\t\t\t\t\t\t}else{\n\t\t\t\t\t\t\trevapi34 = tpj(\"#rev_slider_34_1\").show().revolution({\n\t\t\t\t\t\t\t\tjsFileLocation:\"\/\/www.todolivo.com\/wp-content\/plugins\/revslider\/public\/assets\/js\/\",\n\t\t\t\t\t\t\t\tduration:5000,\n\t\t\t\t\t\t\t\tvisibilityLevels:\"1240,1024,778,480\",\n\t\t\t\t\t\t\t\tgridwidth:995,\n\t\t\t\t\t\t\t\tgridheight:380,\n\t\t\t\t\t\t\t\tminHeight:380,\n\t\t\t\t\t\t\t\tspinner:\"spinner0\",\n\t\t\t\t\t\t\t\teditorheight:\"380,768,960,720\",\n\t\t\t\t\t\t\t\tresponsiveLevels:\"1240,1024,778,480\",\n\t\t\t\t\t\t\t\tshuffle:true,\n\t\t\t\t\t\t\t\tnavigation: {\n\t\t\t\t\t\t\t\t\tmouseScrollNavigation:false,\n\t\t\t\t\t\t\t\t\ttouch: {\n\t\t\t\t\t\t\t\t\t\ttouchenabled:true,\n\t\t\t\t\t\t\t\t\t\tswipe_threshold:0\n\t\t\t\t\t\t\t\t\t}\n\t\t\t\t\t\t\t\t},\n\t\t\t\t\t\t\t\tfallbacks: {\n\t\t\t\t\t\t\t\t\tignoreHeightChanges:\"\",\n\t\t\t\t\t\t\t\t\tallowHTML5AutoPlayOnAndroid:true\n\t\t\t\t\t\t\t\t},\n\t\t\t\t\t\t\t});\n\t\t\t\t\t\t}\n\t\t\t\t\t\t\n\t\t\t\t\t});\n\t\t\t\t<\/script>\n\t\t\t<\/rs-module-wrap>\n\t\t\t<!-- END REVOLUTION SLIDER -->\n\n<span id=\"g1-space-1\" class=\"g1-space \" style=\"height:20px;\"><\/span>\n<div id=\"g1-tabs-1\" class=\"g1-tabs g1-tabs--button g1-type--click g1-tabs--horizontal g1-tabs--top g1-align-left \">\n<div id=\"tab-title-counter-1\" class=\"g1-tab-title \">\n<p>Sin\u00f3nimo de Qualidade<\/p>\n<\/div>\n<div id=\"tab-content-counter-1\" class=\"g1-tab-content \">\n<ul class=\"g1-grid\"><li class=\"g1-column g1-two-third g1-valign-top\">\n<h2>A qualidade come\u00e7a no campo<\/h2>\n<h3>A qualidade aumenta<\/h3>\n<p>Gra\u00e7as \u00e0 velocidade da colheita da m\u00e1quina utilizada, a qual varia entre 10 e 25 hectares em fun\u00e7\u00e3o do compasso da planta\u00e7\u00e3o, a recolha com colhedoras permite que 100% do azeite produzido numa explora\u00e7\u00e3o seja Virgem Extra. Esta velocidade de colheita permite recolher todas as azeitonas de uma explora\u00e7\u00e3o agr\u00edcola no momento \u00f3timo de matura\u00e7\u00e3o do fruto para produzir azeites virgem extra de elevad\u00edssima qualidade.<\/p>\n<h3>Garantia fitossanit\u00e1ria<\/h3>\n<p>Porque garante que todas as azeitonas foram colhidas da \u00e1rvore sem tocarem no ch\u00e3o. Deste modo, o azeite preserva todas as suas propriedades e qualidades organol\u00e9ticas.<\/p>\n<h3>Azeites frutados muito procurados<\/h3>\n<p>Os azeites provenientes de olivais em sebe s\u00e3o muito procurados pelo mercado e cotados a um pre\u00e7o mais elevado. <\/li><!-- -->\n<li class=\"g1-column g1-one-third g1-valign-top\">\n<p style=\"text-align: center;\"><iframe src=\"https:\/\/www.youtube.com\/embed\/Z1rXzGGSrCA?rel=0&amp;showinfo=0\" allowfullscreen=\"allowfullscreen\" width=\"350\" height=\"197\" frameborder=\"0\"><\/iframe><\/p>\n<p style=\"text-align: center;\"><iframe src=\"https:\/\/www.youtube.com\/embed\/PTsl2T8BGrU?rel=0&amp;showinfo=0\" allowfullscreen=\"allowfullscreen\" width=\"350\" height=\"197\" frameborder=\"0\"><\/iframe><\/p>\n<\/li><!-- --><\/ul>\n<\/div>\n<div id=\"tab-title-counter-2\" class=\"g1-tab-title \">\n<p>Tecnologia<\/p>\n<\/div>\n<div id=\"tab-content-counter-2\" class=\"g1-tab-content \">\n<h2>B-9090 Olive (New Holland )<\/h2>\n<h6><img fetchpriority=\"high\" decoding=\"async\" class=\"alignright size-full wp-image-11496\" src=\"http:\/\/todolivo.com\/wp-content\/uploads\/Recoleccioncosechadora_pt.jpg\" alt=\"Recoleccioncosechadora_pt\" width=\"601\" height=\"600\" srcset=\"https:\/\/www.todolivo.com\/wp-content\/uploads\/Recoleccioncosechadora_pt.jpg 601w, https:\/\/www.todolivo.com\/wp-content\/uploads\/Recoleccioncosechadora_pt-200x200.jpg 200w, https:\/\/www.todolivo.com\/wp-content\/uploads\/Recoleccioncosechadora_pt-300x300.jpg 300w, https:\/\/www.todolivo.com\/wp-content\/uploads\/Recoleccioncosechadora_pt-320x319.jpg 320w, https:\/\/www.todolivo.com\/wp-content\/uploads\/Recoleccioncosechadora_pt-239x239.jpg 239w, https:\/\/www.todolivo.com\/wp-content\/uploads\/Recoleccioncosechadora_pt-55x55.jpg 55w\" sizes=\"(max-width: 601px) 100vw, 601px\" \/><br \/>\nA colhedora mais r\u00e1pida e eficiente do mercado para a apanha da azeitona.<\/h6>\n<p>Equipada com a mais recente tecnologia para a colheita de azeitonas de olivais em sebe, \u00e9 capaz de recolher o fruto de oliveiras <strong>mais altas<\/strong> e mais rapidamente do que qualquer outra m\u00e1quina do g\u00e9nero.<\/p>\n<p>Em m\u00e9dia, \u00e9 capaz de recolher <strong>1 kg de azeitonas entre 2 e 5 c\u00eantimos<\/strong> (euros).<\/p>\n<p>A <strong>velocidade de colheita<\/strong> varia entre <strong>50 minutos e 2,5 horas\/ha<\/strong> (dependendo do compasso da planta\u00e7\u00e3o, a capacidade de colheita situa-se entre 10 e 25 ha).<\/p>\n<p>O seu <strong>Sistema de Autonivelamento<\/strong> permite <strong>recolher o fruto em explora\u00e7\u00f5es agr\u00edcolas com terreceamentos ou declives<\/strong>. Se o terreno apresentar declives acentuados, dever\u00e1 ser solicitado um estudo pr\u00e9vio das pendentes.<\/p>\n<p>O <strong>Sistema Todolivo para Olivais em Sebe<\/strong> tem servido como modelo de refer\u00eancia para o desenvolvimento desta colhedora.<\/p>\n<\/div>\n<div id=\"tab-title-counter-3\" class=\"g1-tab-title \">\n<p>Servi\u00e7os de Colheita Todolivo<\/p>\n<\/div>\n<div id=\"tab-content-counter-3\" class=\"g1-tab-content \">\n<ul class=\"g1-grid\"><li class=\"g1-column g1-one-half g1-valign-top\">\n<h2>Servi\u00e7os de Colheita &#8211; Todolivo<\/h2>\n<h3>A equipa de colheita<br \/>\n\u00e9 constitu\u00edda por:<\/h3>\n<ul>\n<li>Uma equipa experiente de condutores de m\u00e1quinas e de mec\u00e2nicos especializados em equipamentos hidr\u00e1ulicos.<\/li>\n<li><strong>16 colhedoras r\u00e1pidas &#8220;B-9090 Olive e VX7090 Olive<\/strong> (New Holland)<\/li>\n<li><strong>Carregadoras de rodas e cami\u00f5es-tratores<\/strong> para transportarem as colhedoras at\u00e9 \u00e0 explora\u00e7\u00e3o agr\u00edcola.<\/li>\n<\/ul>\n<h3>Servi\u00e7os<\/h3>\n<ul>\n<li><strong>Transporte<\/strong> da colhedora at\u00e9 \u00e0 explora\u00e7\u00e3o agr\u00edcola.<\/li>\n<li><strong>Assist\u00eancia t\u00e9cnica:<\/strong> constitu\u00edda por mec\u00e2nicos especializados em equipamentos hidr\u00e1ulicos para solucionarem de forma r\u00e1pida e eficiente qualquer problema mec\u00e2nico que possa surgir durante a colheita.<\/li>\n<\/ul>\n<\/li><!-- --><li class=\"g1-column g1-one-half g1-valign-top\">\n<p style=\"text-align: center;\"><iframe src=\"https:\/\/www.youtube.com\/embed\/PTsl2T8BGrU?rel=0&amp;showinfo=0\" allowfullscreen=\"allowfullscreen\" width=\"410\" height=\"231\" frameborder=\"0\"><\/iframe><\/p>\n<p style=\"text-align: center;\"><iframe src=\"https:\/\/www.youtube.com\/embed\/Z1rXzGGSrCA?rel=0&amp;showinfo=0\" allowfullscreen=\"allowfullscreen\" width=\"410\" height=\"231\" frameborder=\"0\"><\/iframe><\/p>\n<\/li><!-- --><\/ul><\/p>\n<\/div>\n<\/div>\n<div align=\"center\"><a class=\"boton\" href=\"http:\/\/todolivo.com\/pt-pt\/solicitar-mais-informacoes\/\" target=\"new\" rel=\"noopener noreferrer\"><img decoding=\"async\" class=\"alignleft wp-image-6678\" style=\"margin-top: -12px;\" src=\"https:\/\/www.todolivo.com\/wp-content\/uploads\/boton-info.png\" alt=\"boton info\" width=\"50\" height=\"48\" srcset=\"https:\/\/www.todolivo.com\/wp-content\/uploads\/boton-info.png 60w, https:\/\/www.todolivo.com\/wp-content\/uploads\/boton-info-55x53.png 55w\" sizes=\"(max-width: 50px) 100vw, 50px\" \/><span style=\"color: #ffffff;\">Solicitar mais informa\u00e7\u00f5es<\/span><\/a><\/div>\n","protected":false},"excerpt":{"rendered":"<p>Solicitar mais informa\u00e7\u00f5es<\/p>\n","protected":false},"author":1,"featured_media":0,"parent":9019,"menu_order":0,"comment_status":"closed","ping_status":"closed","template":"","meta":{"_lmt_disableupdate":"no","_lmt_disable":"","footnotes":""},"class_list":["post-9060","page","type-page","status-publish"],"yoast_head":"<!-- This site is optimized with the Yoast SEO plugin v26.9 - https:\/\/yoast.com\/product\/yoast-seo-wordpress\/ -->\n<title>Colheita com colhedora - Todolivo - Pioneiros e especialistas em Olival em Sebe<\/title>\n<meta name=\"robots\" content=\"index, follow, max-snippet:-1, max-image-preview:large, max-video-preview:-1\" \/>\n<link rel=\"canonical\" href=\"https:\/\/www.todolivo.com\/pt-pt\/olival-em-sebe\/colheita-com-colhedora\/\" \/>\n<meta property=\"og:locale\" content=\"pt_PT\" \/>\n<meta property=\"og:type\" content=\"article\" \/>\n<meta property=\"og:title\" content=\"Colheita com colhedora - Todolivo - Pioneiros e especialistas em Olival em Sebe\" \/>\n<meta property=\"og:description\" content=\"Solicitar mais informa\u00e7\u00f5es\" \/>\n<meta property=\"og:url\" content=\"https:\/\/www.todolivo.com\/pt-pt\/olival-em-sebe\/colheita-com-colhedora\/\" \/>\n<meta property=\"og:site_name\" content=\"Todolivo - Pioneiros e especialistas em Olival em Sebe\" \/>\n<meta property=\"article:modified_time\" content=\"2023-07-08T14:18:16+00:00\" \/>\n<meta property=\"og:image\" content=\"http:\/\/todolivo.com\/wp-content\/uploads\/Recoleccioncosechadora_pt.jpg\" \/>\n<meta name=\"twitter:card\" content=\"summary_large_image\" \/>\n<meta name=\"twitter:label1\" content=\"Tempo estimado de leitura\" \/>\n\t<meta name=\"twitter:data1\" content=\"3 minutos\" \/>\n<script type=\"application\/ld+json\" class=\"yoast-schema-graph\">{\"@context\":\"https:\/\/schema.org\",\"@graph\":[{\"@type\":\"WebPage\",\"@id\":\"https:\/\/www.todolivo.com\/pt-pt\/olival-em-sebe\/colheita-com-colhedora\/\",\"url\":\"https:\/\/www.todolivo.com\/pt-pt\/olival-em-sebe\/colheita-com-colhedora\/\",\"name\":\"Colheita com colhedora - Todolivo - Pioneiros e especialistas em Olival em Sebe\",\"isPartOf\":{\"@id\":\"https:\/\/www.todolivo.com\/#website\"},\"primaryImageOfPage\":{\"@id\":\"https:\/\/www.todolivo.com\/pt-pt\/olival-em-sebe\/colheita-com-colhedora\/#primaryimage\"},\"image\":{\"@id\":\"https:\/\/www.todolivo.com\/pt-pt\/olival-em-sebe\/colheita-com-colhedora\/#primaryimage\"},\"thumbnailUrl\":\"http:\/\/todolivo.com\/wp-content\/uploads\/Recoleccioncosechadora_pt.jpg\",\"datePublished\":\"2015-07-29T10:28:10+00:00\",\"dateModified\":\"2023-07-08T14:18:16+00:00\",\"breadcrumb\":{\"@id\":\"https:\/\/www.todolivo.com\/pt-pt\/olival-em-sebe\/colheita-com-colhedora\/#breadcrumb\"},\"inLanguage\":\"pt-PT\",\"potentialAction\":[{\"@type\":\"ReadAction\",\"target\":[\"https:\/\/www.todolivo.com\/pt-pt\/olival-em-sebe\/colheita-com-colhedora\/\"]}]},{\"@type\":\"ImageObject\",\"inLanguage\":\"pt-PT\",\"@id\":\"https:\/\/www.todolivo.com\/pt-pt\/olival-em-sebe\/colheita-com-colhedora\/#primaryimage\",\"url\":\"http:\/\/todolivo.com\/wp-content\/uploads\/Recoleccioncosechadora_pt.jpg\",\"contentUrl\":\"http:\/\/todolivo.com\/wp-content\/uploads\/Recoleccioncosechadora_pt.jpg\"},{\"@type\":\"BreadcrumbList\",\"@id\":\"https:\/\/www.todolivo.com\/pt-pt\/olival-em-sebe\/colheita-com-colhedora\/#breadcrumb\",\"itemListElement\":[{\"@type\":\"ListItem\",\"position\":1,\"name\":\"Home site\",\"item\":\"https:\/\/www.todolivo.com\/pt-pt\/\"},{\"@type\":\"ListItem\",\"position\":2,\"name\":\"Olival em Sebe\",\"item\":\"https:\/\/www.todolivo.com\/pt-pt\/olival-em-sebe\/\"},{\"@type\":\"ListItem\",\"position\":3,\"name\":\"Colheita com colhedora\"}]},{\"@type\":\"WebSite\",\"@id\":\"https:\/\/www.todolivo.com\/#website\",\"url\":\"https:\/\/www.todolivo.com\/\",\"name\":\"Todolivo - Pioneiros e especialistas em Olival em Sebe\",\"description\":\"Todolivo - Pioneiros e especialistas em Olival em Sebe\",\"potentialAction\":[{\"@type\":\"SearchAction\",\"target\":{\"@type\":\"EntryPoint\",\"urlTemplate\":\"https:\/\/www.todolivo.com\/?s={search_term_string}\"},\"query-input\":{\"@type\":\"PropertyValueSpecification\",\"valueRequired\":true,\"valueName\":\"search_term_string\"}}],\"inLanguage\":\"pt-PT\"}]}<\/script>\n<!-- \/ Yoast SEO plugin. -->","yoast_head_json":{"title":"Colheita com colhedora - Todolivo - Pioneiros e especialistas em Olival em Sebe","robots":{"index":"index","follow":"follow","max-snippet":"max-snippet:-1","max-image-preview":"max-image-preview:large","max-video-preview":"max-video-preview:-1"},"canonical":"https:\/\/www.todolivo.com\/pt-pt\/olival-em-sebe\/colheita-com-colhedora\/","og_locale":"pt_PT","og_type":"article","og_title":"Colheita com colhedora - Todolivo - Pioneiros e especialistas em Olival em Sebe","og_description":"Solicitar mais informa\u00e7\u00f5es","og_url":"https:\/\/www.todolivo.com\/pt-pt\/olival-em-sebe\/colheita-com-colhedora\/","og_site_name":"Todolivo - Pioneiros e especialistas em Olival em Sebe","article_modified_time":"2023-07-08T14:18:16+00:00","og_image":[{"url":"http:\/\/todolivo.com\/wp-content\/uploads\/Recoleccioncosechadora_pt.jpg","type":"","width":"","height":""}],"twitter_card":"summary_large_image","twitter_misc":{"Tempo estimado de leitura":"3 minutos"},"schema":{"@context":"https:\/\/schema.org","@graph":[{"@type":"WebPage","@id":"https:\/\/www.todolivo.com\/pt-pt\/olival-em-sebe\/colheita-com-colhedora\/","url":"https:\/\/www.todolivo.com\/pt-pt\/olival-em-sebe\/colheita-com-colhedora\/","name":"Colheita com colhedora - Todolivo - Pioneiros e especialistas em Olival em Sebe","isPartOf":{"@id":"https:\/\/www.todolivo.com\/#website"},"primaryImageOfPage":{"@id":"https:\/\/www.todolivo.com\/pt-pt\/olival-em-sebe\/colheita-com-colhedora\/#primaryimage"},"image":{"@id":"https:\/\/www.todolivo.com\/pt-pt\/olival-em-sebe\/colheita-com-colhedora\/#primaryimage"},"thumbnailUrl":"http:\/\/todolivo.com\/wp-content\/uploads\/Recoleccioncosechadora_pt.jpg","datePublished":"2015-07-29T10:28:10+00:00","dateModified":"2023-07-08T14:18:16+00:00","breadcrumb":{"@id":"https:\/\/www.todolivo.com\/pt-pt\/olival-em-sebe\/colheita-com-colhedora\/#breadcrumb"},"inLanguage":"pt-PT","potentialAction":[{"@type":"ReadAction","target":["https:\/\/www.todolivo.com\/pt-pt\/olival-em-sebe\/colheita-com-colhedora\/"]}]},{"@type":"ImageObject","inLanguage":"pt-PT","@id":"https:\/\/www.todolivo.com\/pt-pt\/olival-em-sebe\/colheita-com-colhedora\/#primaryimage","url":"http:\/\/todolivo.com\/wp-content\/uploads\/Recoleccioncosechadora_pt.jpg","contentUrl":"http:\/\/todolivo.com\/wp-content\/uploads\/Recoleccioncosechadora_pt.jpg"},{"@type":"BreadcrumbList","@id":"https:\/\/www.todolivo.com\/pt-pt\/olival-em-sebe\/colheita-com-colhedora\/#breadcrumb","itemListElement":[{"@type":"ListItem","position":1,"name":"Home site","item":"https:\/\/www.todolivo.com\/pt-pt\/"},{"@type":"ListItem","position":2,"name":"Olival em Sebe","item":"https:\/\/www.todolivo.com\/pt-pt\/olival-em-sebe\/"},{"@type":"ListItem","position":3,"name":"Colheita com colhedora"}]},{"@type":"WebSite","@id":"https:\/\/www.todolivo.com\/#website","url":"https:\/\/www.todolivo.com\/","name":"Todolivo - Pioneiros e especialistas em Olival em Sebe","description":"Todolivo - Pioneiros e especialistas em Olival em Sebe","potentialAction":[{"@type":"SearchAction","target":{"@type":"EntryPoint","urlTemplate":"https:\/\/www.todolivo.com\/?s={search_term_string}"},"query-input":{"@type":"PropertyValueSpecification","valueRequired":true,"valueName":"search_term_string"}}],"inLanguage":"pt-PT"}]}},"_links":{"self":[{"href":"https:\/\/www.todolivo.com\/pt-pt\/wp-json\/wp\/v2\/pages\/9060","targetHints":{"allow":["GET"]}}],"collection":[{"href":"https:\/\/www.todolivo.com\/pt-pt\/wp-json\/wp\/v2\/pages"}],"about":[{"href":"https:\/\/www.todolivo.com\/pt-pt\/wp-json\/wp\/v2\/types\/page"}],"author":[{"embeddable":true,"href":"https:\/\/www.todolivo.com\/pt-pt\/wp-json\/wp\/v2\/users\/1"}],"replies":[{"embeddable":true,"href":"https:\/\/www.todolivo.com\/pt-pt\/wp-json\/wp\/v2\/comments?post=9060"}],"version-history":[{"count":5,"href":"https:\/\/www.todolivo.com\/pt-pt\/wp-json\/wp\/v2\/pages\/9060\/revisions"}],"predecessor-version":[{"id":49532,"href":"https:\/\/www.todolivo.com\/pt-pt\/wp-json\/wp\/v2\/pages\/9060\/revisions\/49532"}],"up":[{"embeddable":true,"href":"https:\/\/www.todolivo.com\/pt-pt\/wp-json\/wp\/v2\/pages\/9019"}],"wp:attachment":[{"href":"https:\/\/www.todolivo.com\/pt-pt\/wp-json\/wp\/v2\/media?parent=9060"}],"curies":[{"name":"wp","href":"https:\/\/api.w.org\/{rel}","templated":true}]}}