{"id":9053,"date":"2015-07-29T11:09:10","date_gmt":"2015-07-29T10:09:10","guid":{"rendered":"http:\/\/todolivo.com\/pt-pt\/?page_id=9053"},"modified":"2020-02-19T01:10:48","modified_gmt":"2020-02-19T00:10:48","slug":"litonita","status":"publish","type":"page","link":"https:\/\/www.todolivo.com\/pt-pt\/olival-em-sebe\/litonita\/","title":{"rendered":"ADUBAGEM PR\u00c9-PLANTA\u00c7\u00c3O"},"content":{"rendered":"<h2 style=\"text-align: center;\">Litonita<br \/>\nA base da fertiliza\u00e7\u00e3o ecol\u00f3gica<\/h2>\n<span id=\"g1-space-1\" class=\"g1-space \" style=\"margin-top:-25px;\"><\/span>\n<style type=\"text\/css\" scoped=\"scoped\">#g1-section-1.g1-section {background-color: #ffffff; background-repeat:repeat; background-position:center top; background-attachment:static;}<\/style><div id=\"g1-section-1\" class=\"g1-section \"><div class=\"g1-layout-inner\">\n<h3>Contribui grandemente para o enraizamento da planta e acelera o seu crescimento nas fases de forma\u00e7\u00e3o.<\/h3>\n<ul class=\"g1-grid\"><li class=\"g1-column g1-two-third g1-valign-top\">\n<ul class=\"g1-grid\"><li class=\"g1-column g1-one-half g1-valign-top\">\n<h3>Natureza<\/h3>\n<p>Material de origem natural, da fam\u00edlia das ze\u00f3litas, proveniente da tritura\u00e7\u00e3o <strong>de rochas<\/strong>. Aumenta a capacidade de permuta cati\u00f3nica do solo e a capacidade de reten\u00e7\u00e3o dos nutrientes colocados \u00e0 disposi\u00e7\u00e3o da planta. Impede a perda de nutrientes para as camadas mais profundas do solo.<\/p>\n<\/li><!-- -->\n<li class=\"g1-column g1-one-half g1-valign-top\">\n<h3>Resultados &#8220;in situ&#8221;<\/h3>\n<p>Em muitas das explora\u00e7\u00f5es agr\u00edcolas que utilizaram a Litonita, a compra de fertilizantes diminuiu consideravelmente, tal como acontece, por exemplo, na propriedade de Pedro Abad (C\u00f3rdova) que h\u00e1 14 campanhas consecutivas n\u00e3o aplica nenhum fertilizante mineral.<\/p>\n<\/li><!-- --><\/ul>\n<h3>Reten\u00e7\u00e3o de nutrientes e humidade<\/h3>\n<p>Uma das suas principais qualidades reside na capacidade de reter os nutrientes que prov\u00eam sobretudo da decomposi\u00e7\u00e3o dos restos de poda triturados. Possui ainda a capacidade de absorver e de desabsorver a \u00e1gua. Aumenta a estabilidade da estrutura do solo ao facilitar o seu arejamento.<\/p>\n<blockquote>\n<h3>Essencial para reduzir futuros custos com a fertiliza\u00e7\u00e3o.<\/h3>\n<\/blockquote>\n<\/li><!-- -->\n<li class=\"g1-column g1-one-third g1-valign-top\">\n<p>&nbsp;<\/p>\n<p><img fetchpriority=\"high\" decoding=\"async\" class=\"aligncenter wp-image-6347 size-full\" src=\"http:\/\/todolivo.com\/wp-content\/uploads\/Litonita3.png\" alt=\"\" width=\"265\" height=\"317\" srcset=\"https:\/\/www.todolivo.com\/wp-content\/uploads\/Litonita3.png 265w, https:\/\/www.todolivo.com\/wp-content\/uploads\/Litonita3-251x300.png 251w, https:\/\/www.todolivo.com\/wp-content\/uploads\/Litonita3-55x66.png 55w, https:\/\/www.todolivo.com\/wp-content\/uploads\/Litonita3-239x286.png 239w\" sizes=\"(max-width: 265px) 100vw, 265px\" \/><\/p>\n<h2 style=\"text-align: center;\">Fertilizante<br \/>\npr\u00e9-planta\u00e7\u00e3o<\/h2>\n<\/li><!-- --><\/ul>\n<\/div><\/div>\n","protected":false},"excerpt":{"rendered":"<p>Litonita A base da fertiliza\u00e7\u00e3o ecol\u00f3gica<\/p>\n","protected":false},"author":1,"featured_media":0,"parent":9019,"menu_order":0,"comment_status":"closed","ping_status":"closed","template":"","meta":{"_lmt_disableupdate":"no","_lmt_disable":"","footnotes":""},"class_list":["post-9053","page","type-page","status-publish"],"yoast_head":"<!-- This site is optimized with the Yoast SEO plugin v26.9 - https:\/\/yoast.com\/product\/yoast-seo-wordpress\/ -->\n<title>ADUBAGEM PR\u00c9-PLANTA\u00c7\u00c3O - Todolivo - Pioneiros e especialistas em Olival em Sebe<\/title>\n<meta name=\"robots\" content=\"index, follow, max-snippet:-1, max-image-preview:large, max-video-preview:-1\" \/>\n<link rel=\"canonical\" href=\"https:\/\/www.todolivo.com\/pt-pt\/olival-em-sebe\/litonita\/\" \/>\n<meta property=\"og:locale\" content=\"pt_PT\" \/>\n<meta property=\"og:type\" content=\"article\" \/>\n<meta property=\"og:title\" content=\"ADUBAGEM PR\u00c9-PLANTA\u00c7\u00c3O - Todolivo - Pioneiros e especialistas em Olival em Sebe\" \/>\n<meta property=\"og:description\" content=\"Litonita A base da fertiliza\u00e7\u00e3o ecol\u00f3gica\" \/>\n<meta property=\"og:url\" content=\"https:\/\/www.todolivo.com\/pt-pt\/olival-em-sebe\/litonita\/\" \/>\n<meta property=\"og:site_name\" content=\"Todolivo - Pioneiros e especialistas em Olival em Sebe\" \/>\n<meta property=\"article:modified_time\" content=\"2020-02-19T00:10:48+00:00\" \/>\n<meta property=\"og:image\" content=\"http:\/\/todolivo.com\/wp-content\/uploads\/Litonita3.png\" \/>\n<meta name=\"twitter:card\" content=\"summary_large_image\" \/>\n<meta name=\"twitter:label1\" content=\"Tempo estimado de leitura\" \/>\n\t<meta name=\"twitter:data1\" content=\"1 minuto\" \/>\n<script type=\"application\/ld+json\" class=\"yoast-schema-graph\">{\"@context\":\"https:\/\/schema.org\",\"@graph\":[{\"@type\":\"WebPage\",\"@id\":\"https:\/\/www.todolivo.com\/pt-pt\/olival-em-sebe\/litonita\/\",\"url\":\"https:\/\/www.todolivo.com\/pt-pt\/olival-em-sebe\/litonita\/\",\"name\":\"ADUBAGEM PR\u00c9-PLANTA\u00c7\u00c3O - Todolivo - Pioneiros e especialistas em Olival em Sebe\",\"isPartOf\":{\"@id\":\"https:\/\/www.todolivo.com\/#website\"},\"primaryImageOfPage\":{\"@id\":\"https:\/\/www.todolivo.com\/pt-pt\/olival-em-sebe\/litonita\/#primaryimage\"},\"image\":{\"@id\":\"https:\/\/www.todolivo.com\/pt-pt\/olival-em-sebe\/litonita\/#primaryimage\"},\"thumbnailUrl\":\"http:\/\/todolivo.com\/wp-content\/uploads\/Litonita3.png\",\"datePublished\":\"2015-07-29T10:09:10+00:00\",\"dateModified\":\"2020-02-19T00:10:48+00:00\",\"breadcrumb\":{\"@id\":\"https:\/\/www.todolivo.com\/pt-pt\/olival-em-sebe\/litonita\/#breadcrumb\"},\"inLanguage\":\"pt-PT\",\"potentialAction\":[{\"@type\":\"ReadAction\",\"target\":[\"https:\/\/www.todolivo.com\/pt-pt\/olival-em-sebe\/litonita\/\"]}]},{\"@type\":\"ImageObject\",\"inLanguage\":\"pt-PT\",\"@id\":\"https:\/\/www.todolivo.com\/pt-pt\/olival-em-sebe\/litonita\/#primaryimage\",\"url\":\"http:\/\/todolivo.com\/wp-content\/uploads\/Litonita3.png\",\"contentUrl\":\"http:\/\/todolivo.com\/wp-content\/uploads\/Litonita3.png\"},{\"@type\":\"BreadcrumbList\",\"@id\":\"https:\/\/www.todolivo.com\/pt-pt\/olival-em-sebe\/litonita\/#breadcrumb\",\"itemListElement\":[{\"@type\":\"ListItem\",\"position\":1,\"name\":\"Home site\",\"item\":\"https:\/\/www.todolivo.com\/pt-pt\/\"},{\"@type\":\"ListItem\",\"position\":2,\"name\":\"Olival em Sebe\",\"item\":\"https:\/\/www.todolivo.com\/pt-pt\/olival-em-sebe\/\"},{\"@type\":\"ListItem\",\"position\":3,\"name\":\"ADUBAGEM PR\u00c9-PLANTA\u00c7\u00c3O\"}]},{\"@type\":\"WebSite\",\"@id\":\"https:\/\/www.todolivo.com\/#website\",\"url\":\"https:\/\/www.todolivo.com\/\",\"name\":\"Todolivo - Pioneiros e especialistas em Olival em Sebe\",\"description\":\"Todolivo - Pioneiros e especialistas em Olival em Sebe\",\"potentialAction\":[{\"@type\":\"SearchAction\",\"target\":{\"@type\":\"EntryPoint\",\"urlTemplate\":\"https:\/\/www.todolivo.com\/?s={search_term_string}\"},\"query-input\":{\"@type\":\"PropertyValueSpecification\",\"valueRequired\":true,\"valueName\":\"search_term_string\"}}],\"inLanguage\":\"pt-PT\"}]}<\/script>\n<!-- \/ Yoast SEO plugin. -->","yoast_head_json":{"title":"ADUBAGEM PR\u00c9-PLANTA\u00c7\u00c3O - Todolivo - Pioneiros e especialistas em Olival em Sebe","robots":{"index":"index","follow":"follow","max-snippet":"max-snippet:-1","max-image-preview":"max-image-preview:large","max-video-preview":"max-video-preview:-1"},"canonical":"https:\/\/www.todolivo.com\/pt-pt\/olival-em-sebe\/litonita\/","og_locale":"pt_PT","og_type":"article","og_title":"ADUBAGEM PR\u00c9-PLANTA\u00c7\u00c3O - Todolivo - Pioneiros e especialistas em Olival em Sebe","og_description":"Litonita A base da fertiliza\u00e7\u00e3o ecol\u00f3gica","og_url":"https:\/\/www.todolivo.com\/pt-pt\/olival-em-sebe\/litonita\/","og_site_name":"Todolivo - Pioneiros e especialistas em Olival em Sebe","article_modified_time":"2020-02-19T00:10:48+00:00","og_image":[{"url":"http:\/\/todolivo.com\/wp-content\/uploads\/Litonita3.png","type":"","width":"","height":""}],"twitter_card":"summary_large_image","twitter_misc":{"Tempo estimado de leitura":"1 minuto"},"schema":{"@context":"https:\/\/schema.org","@graph":[{"@type":"WebPage","@id":"https:\/\/www.todolivo.com\/pt-pt\/olival-em-sebe\/litonita\/","url":"https:\/\/www.todolivo.com\/pt-pt\/olival-em-sebe\/litonita\/","name":"ADUBAGEM PR\u00c9-PLANTA\u00c7\u00c3O - Todolivo - Pioneiros e especialistas em Olival em Sebe","isPartOf":{"@id":"https:\/\/www.todolivo.com\/#website"},"primaryImageOfPage":{"@id":"https:\/\/www.todolivo.com\/pt-pt\/olival-em-sebe\/litonita\/#primaryimage"},"image":{"@id":"https:\/\/www.todolivo.com\/pt-pt\/olival-em-sebe\/litonita\/#primaryimage"},"thumbnailUrl":"http:\/\/todolivo.com\/wp-content\/uploads\/Litonita3.png","datePublished":"2015-07-29T10:09:10+00:00","dateModified":"2020-02-19T00:10:48+00:00","breadcrumb":{"@id":"https:\/\/www.todolivo.com\/pt-pt\/olival-em-sebe\/litonita\/#breadcrumb"},"inLanguage":"pt-PT","potentialAction":[{"@type":"ReadAction","target":["https:\/\/www.todolivo.com\/pt-pt\/olival-em-sebe\/litonita\/"]}]},{"@type":"ImageObject","inLanguage":"pt-PT","@id":"https:\/\/www.todolivo.com\/pt-pt\/olival-em-sebe\/litonita\/#primaryimage","url":"http:\/\/todolivo.com\/wp-content\/uploads\/Litonita3.png","contentUrl":"http:\/\/todolivo.com\/wp-content\/uploads\/Litonita3.png"},{"@type":"BreadcrumbList","@id":"https:\/\/www.todolivo.com\/pt-pt\/olival-em-sebe\/litonita\/#breadcrumb","itemListElement":[{"@type":"ListItem","position":1,"name":"Home site","item":"https:\/\/www.todolivo.com\/pt-pt\/"},{"@type":"ListItem","position":2,"name":"Olival em Sebe","item":"https:\/\/www.todolivo.com\/pt-pt\/olival-em-sebe\/"},{"@type":"ListItem","position":3,"name":"ADUBAGEM PR\u00c9-PLANTA\u00c7\u00c3O"}]},{"@type":"WebSite","@id":"https:\/\/www.todolivo.com\/#website","url":"https:\/\/www.todolivo.com\/","name":"Todolivo - Pioneiros e especialistas em Olival em Sebe","description":"Todolivo - Pioneiros e especialistas em Olival em Sebe","potentialAction":[{"@type":"SearchAction","target":{"@type":"EntryPoint","urlTemplate":"https:\/\/www.todolivo.com\/?s={search_term_string}"},"query-input":{"@type":"PropertyValueSpecification","valueRequired":true,"valueName":"search_term_string"}}],"inLanguage":"pt-PT"}]}},"_links":{"self":[{"href":"https:\/\/www.todolivo.com\/pt-pt\/wp-json\/wp\/v2\/pages\/9053","targetHints":{"allow":["GET"]}}],"collection":[{"href":"https:\/\/www.todolivo.com\/pt-pt\/wp-json\/wp\/v2\/pages"}],"about":[{"href":"https:\/\/www.todolivo.com\/pt-pt\/wp-json\/wp\/v2\/types\/page"}],"author":[{"embeddable":true,"href":"https:\/\/www.todolivo.com\/pt-pt\/wp-json\/wp\/v2\/users\/1"}],"replies":[{"embeddable":true,"href":"https:\/\/www.todolivo.com\/pt-pt\/wp-json\/wp\/v2\/comments?post=9053"}],"version-history":[{"count":4,"href":"https:\/\/www.todolivo.com\/pt-pt\/wp-json\/wp\/v2\/pages\/9053\/revisions"}],"predecessor-version":[{"id":21009,"href":"https:\/\/www.todolivo.com\/pt-pt\/wp-json\/wp\/v2\/pages\/9053\/revisions\/21009"}],"up":[{"embeddable":true,"href":"https:\/\/www.todolivo.com\/pt-pt\/wp-json\/wp\/v2\/pages\/9019"}],"wp:attachment":[{"href":"https:\/\/www.todolivo.com\/pt-pt\/wp-json\/wp\/v2\/media?parent=9053"}],"curies":[{"name":"wp","href":"https:\/\/api.w.org\/{rel}","templated":true}]}}