{"id":9050,"date":"2015-07-29T10:51:23","date_gmt":"2015-07-29T09:51:23","guid":{"rendered":"http:\/\/todolivo.com\/pt-pt\/?page_id=9050"},"modified":"2015-09-02T18:14:36","modified_gmt":"2015-09-02T17:14:36","slug":"sistemas-de-tutoramento","status":"publish","type":"page","link":"https:\/\/www.todolivo.com\/pt-pt\/olival-em-sebe\/sistemas-de-tutoramento\/","title":{"rendered":"Sistemas de tutoramento"},"content":{"rendered":"<span id=\"g1-space-1\" class=\"g1-space \" style=\"margin-top:-40px;\"><\/span>\n\n\t\t\t<!-- START Sistemas de entutorado REVOLUTION SLIDER 6.2.1 --><p class=\"rs-p-wp-fix\"><\/p>\n\t\t\t<rs-module-wrap id=\"rev_slider_10_1_wrapper\" data-source=\"gallery\" style=\"background:#E9E9E9;padding:0;margin:0px auto;margin-top:20;margin-bottom:-45;max-width:\">\n\t\t\t\t<rs-module id=\"rev_slider_10_1\" style=\"display:none;\" data-version=\"6.2.1\">\n\t\t\t\t\t<rs-slides>\n\t\t\t\t\t\t<rs-slide data-key=\"rs-19\" data-title=\"Slide\" data-anim=\"ei:d;eo:d;s:300;r:0;t:random,notransition;sl:7;\">\n\t\t\t\t\t\t\t<img decoding=\"async\" src=\"\/\/www.todolivo.com\/wp-content\/uploads\/Tutores_todolivo_slide.jpg\" title=\"Sistemas de tutoramento\" data-bg=\"p:center top;\" class=\"rev-slidebg\" data-no-retina>\n<!---->\t\t\t\t\t\t<\/rs-slide>\n\t\t\t\t\t<\/rs-slides>\n\t\t\t\t\t<rs-progress class=\"rs-bottom\" style=\"visibility: hidden !important;\"><\/rs-progress>\n\t\t\t\t<\/rs-module>\n\t\t\t\t<script type=\"text\/javascript\">\n\t\t\t\t\tsetREVStartSize({c: 'rev_slider_10_1',rl:[1240,1024,778,480],el:[],gw:[1024],gh:[420],type:'standard',justify:'',layout:'fullwidth',mh:\"0\"});\n\t\t\t\t\tvar\trevapi10,\n\t\t\t\t\t\ttpj;\n\t\t\t\t\tjQuery(function() {\n\t\t\t\t\t\ttpj = jQuery;\n\t\t\t\t\t\ttpj.noConflict();\n\t\t\t\t\t\tif(tpj(\"#rev_slider_10_1\").revolution == undefined){\n\t\t\t\t\t\t\trevslider_showDoubleJqueryError(\"#rev_slider_10_1\");\n\t\t\t\t\t\t}else{\n\t\t\t\t\t\t\trevapi10 = tpj(\"#rev_slider_10_1\").show().revolution({\n\t\t\t\t\t\t\t\tjsFileLocation:\"\/\/www.todolivo.com\/wp-content\/plugins\/revslider\/public\/assets\/js\/\",\n\t\t\t\t\t\t\t\tduration:\"\",\n\t\t\t\t\t\t\t\tvisibilityLevels:\"1240,1024,778,480\",\n\t\t\t\t\t\t\t\tgridwidth:1024,\n\t\t\t\t\t\t\t\tgridheight:420,\n\t\t\t\t\t\t\t\tspinner:\"spinner0\",\n\t\t\t\t\t\t\t\tresponsiveLevels:\"1240,1024,778,480\",\n\t\t\t\t\t\t\t\tdisableProgressBar:\"on\",\n\t\t\t\t\t\t\t\tnavigation: {\n\t\t\t\t\t\t\t\t\tmouseScrollNavigation:false,\n\t\t\t\t\t\t\t\t\ttouch: {\n\t\t\t\t\t\t\t\t\t\ttouchenabled:true,\n\t\t\t\t\t\t\t\t\t\tswipe_threshold:0\n\t\t\t\t\t\t\t\t\t}\n\t\t\t\t\t\t\t\t},\n\t\t\t\t\t\t\t\tfallbacks: {\n\t\t\t\t\t\t\t\t\tignoreHeightChanges:\"\",\n\t\t\t\t\t\t\t\t\tallowHTML5AutoPlayOnAndroid:true\n\t\t\t\t\t\t\t\t},\n\t\t\t\t\t\t\t});\n\t\t\t\t\t\t}\n\t\t\t\t\t\t\n\t\t\t\t\t});\n\t\t\t\t<\/script>\n\t\t\t<\/rs-module-wrap>\n\t\t\t<!-- END REVOLUTION SLIDER -->\n\n<span id=\"g1-space-2\" class=\"g1-space \" style=\"height:100px;\"><\/span>\n<h2 style=\"text-align: center;\"><span style=\"color: #ffffff;\">.<\/span><\/h2>\n<h2><strong>Cana de bambu &#8211; a forma mais eficiente, econ\u00f3mica e ecol\u00f3gica de tutorar a sua planta\u00e7\u00e3o.<\/strong><\/h2>\n<span id=\"g1-space-3\" class=\"g1-space \" style=\"height:25px;\"><\/span>\n<ul class=\"g1-grid\"><li class=\"g1-column g1-one-half g1-valign-top\">\n<p><strong>Embora o tutoramento com canas de bambu <\/strong>seja o sistema que mais utilizamos, ocasionalmente instalamos tutores em <strong>espaldeira<\/strong>.<\/p>\n<p>Com o sistema de condu\u00e7\u00e3o das plantas com canas de bambu conseguimos evitar o &#8220;efeito barreira&#8221; produzido pela a\u00e7\u00e3o do vento na linha da sebe e diminuir a resist\u00eancia ao vento, uma vez que os tutores est\u00e3o separados uns dos outros.<\/p>\n<p>Utilizamos 2 tipos de canas muito resistentes. Os primeiros 50 cm das canas s\u00e3o impermeabilizados. As canas utilizadas t\u00eam as seguintes dimens\u00f5es: 2,5 m de altura e 18-22 mm de espessura.<\/p>\n<h4>Funcionalidade<\/h4>\n<p>Permitem <strong>conduzir a planta <\/strong>de forma piramidal e ajudam a amparar a oliveira durante o seu crescimento, de maneira ecol\u00f3gica e econ\u00f3mica. Al\u00e9m disso, s\u00e3o <strong>biodegrad\u00e1veis<\/strong>, n\u00e3o danificam a planta com o atrito provocado pelo vento nem atrapalham a poda ou a colheita.<\/p>\n<\/li><!-- -->\n<li class=\"g1-column g1-one-half g1-valign-top\">\n<div id=\"fluid-wrapper-counter-1\" class=\"g1-fluid-wrapper \" style=\"width:686px;\"><div style=\"padding-bottom:56.268221574344%;\"><iframe width=\"686\" height=\"386\" src=\"https:\/\/www.youtube.com\/embed\/vxTfl49R3rE?feature=oembed&amp;wmode=transparent&amp;autohide=1&amp;autoplay=0&amp;disablekb=0&amp;fs=1&amp;loop=0&amp;enablejsapi=1&amp;rel=0&amp;controls=2&amp;showinfo=0&amp;wmode=transparent&amp;autohide=2&amp;autoplay=0&amp;disablekb=0&amp;fs=1&amp;loop=0&amp;enablejsapi=1&amp;rel=0&amp;controls=2&amp;showinfo=1\" frameborder=\"0\" allowfullscreen><\/iframe><\/div><\/div>\n<h4 style=\"text-align: left;\">Coloca\u00e7\u00e3o<\/h4>\n<p style=\"text-align: left;\">A instala\u00e7\u00e3o dos tutores \u00e9 r\u00e1pida e simples, <strong>uma vez que nos recorremos <\/strong>de <strong>m\u00e1quinas de plantar<\/strong>.<\/p>\n<\/li><!-- --><\/ul>\n","protected":false},"excerpt":{"rendered":"<p>. Cana de bambu &#8211; a forma mais eficiente, econ\u00f3mica e ecol\u00f3gica de tutorar a sua planta\u00e7\u00e3o.<\/p>\n","protected":false},"author":1,"featured_media":0,"parent":9019,"menu_order":0,"comment_status":"closed","ping_status":"closed","template":"","meta":{"_lmt_disableupdate":"","_lmt_disable":"","footnotes":""},"class_list":["post-9050","page","type-page","status-publish"],"yoast_head":"<!-- This site is optimized with the Yoast SEO plugin v26.9 - https:\/\/yoast.com\/product\/yoast-seo-wordpress\/ -->\n<title>Sistemas de tutoramento - Todolivo - Pioneiros e especialistas em Olival em Sebe<\/title>\n<meta name=\"robots\" content=\"index, follow, max-snippet:-1, max-image-preview:large, max-video-preview:-1\" \/>\n<link rel=\"canonical\" href=\"https:\/\/www.todolivo.com\/pt-pt\/olival-em-sebe\/sistemas-de-tutoramento\/\" \/>\n<meta property=\"og:locale\" content=\"pt_PT\" \/>\n<meta property=\"og:type\" content=\"article\" \/>\n<meta property=\"og:title\" content=\"Sistemas de tutoramento - Todolivo - Pioneiros e especialistas em Olival em Sebe\" \/>\n<meta property=\"og:description\" content=\". Cana de bambu &#8211; a forma mais eficiente, econ\u00f3mica e ecol\u00f3gica de tutorar a sua planta\u00e7\u00e3o.\" \/>\n<meta property=\"og:url\" content=\"https:\/\/www.todolivo.com\/pt-pt\/olival-em-sebe\/sistemas-de-tutoramento\/\" \/>\n<meta property=\"og:site_name\" content=\"Todolivo - Pioneiros e especialistas em Olival em Sebe\" \/>\n<meta property=\"article:modified_time\" content=\"2015-09-02T17:14:36+00:00\" \/>\n<meta name=\"twitter:card\" content=\"summary_large_image\" \/>\n<meta name=\"twitter:label1\" content=\"Tempo estimado de leitura\" \/>\n\t<meta name=\"twitter:data1\" content=\"1 minuto\" \/>\n<script type=\"application\/ld+json\" class=\"yoast-schema-graph\">{\"@context\":\"https:\/\/schema.org\",\"@graph\":[{\"@type\":\"WebPage\",\"@id\":\"https:\/\/www.todolivo.com\/pt-pt\/olival-em-sebe\/sistemas-de-tutoramento\/\",\"url\":\"https:\/\/www.todolivo.com\/pt-pt\/olival-em-sebe\/sistemas-de-tutoramento\/\",\"name\":\"Sistemas de tutoramento - Todolivo - Pioneiros e especialistas em Olival em Sebe\",\"isPartOf\":{\"@id\":\"https:\/\/www.todolivo.com\/#website\"},\"datePublished\":\"2015-07-29T09:51:23+00:00\",\"dateModified\":\"2015-09-02T17:14:36+00:00\",\"breadcrumb\":{\"@id\":\"https:\/\/www.todolivo.com\/pt-pt\/olival-em-sebe\/sistemas-de-tutoramento\/#breadcrumb\"},\"inLanguage\":\"pt-PT\",\"potentialAction\":[{\"@type\":\"ReadAction\",\"target\":[\"https:\/\/www.todolivo.com\/pt-pt\/olival-em-sebe\/sistemas-de-tutoramento\/\"]}]},{\"@type\":\"BreadcrumbList\",\"@id\":\"https:\/\/www.todolivo.com\/pt-pt\/olival-em-sebe\/sistemas-de-tutoramento\/#breadcrumb\",\"itemListElement\":[{\"@type\":\"ListItem\",\"position\":1,\"name\":\"Home site\",\"item\":\"https:\/\/www.todolivo.com\/pt-pt\/\"},{\"@type\":\"ListItem\",\"position\":2,\"name\":\"Olival em Sebe\",\"item\":\"https:\/\/www.todolivo.com\/pt-pt\/olival-em-sebe\/\"},{\"@type\":\"ListItem\",\"position\":3,\"name\":\"Sistemas de tutoramento\"}]},{\"@type\":\"WebSite\",\"@id\":\"https:\/\/www.todolivo.com\/#website\",\"url\":\"https:\/\/www.todolivo.com\/\",\"name\":\"Todolivo - Pioneiros e especialistas em Olival em Sebe\",\"description\":\"Todolivo - Pioneiros e especialistas em Olival em Sebe\",\"potentialAction\":[{\"@type\":\"SearchAction\",\"target\":{\"@type\":\"EntryPoint\",\"urlTemplate\":\"https:\/\/www.todolivo.com\/?s={search_term_string}\"},\"query-input\":{\"@type\":\"PropertyValueSpecification\",\"valueRequired\":true,\"valueName\":\"search_term_string\"}}],\"inLanguage\":\"pt-PT\"}]}<\/script>\n<!-- \/ Yoast SEO plugin. -->","yoast_head_json":{"title":"Sistemas de tutoramento - Todolivo - Pioneiros e especialistas em Olival em Sebe","robots":{"index":"index","follow":"follow","max-snippet":"max-snippet:-1","max-image-preview":"max-image-preview:large","max-video-preview":"max-video-preview:-1"},"canonical":"https:\/\/www.todolivo.com\/pt-pt\/olival-em-sebe\/sistemas-de-tutoramento\/","og_locale":"pt_PT","og_type":"article","og_title":"Sistemas de tutoramento - Todolivo - Pioneiros e especialistas em Olival em Sebe","og_description":". Cana de bambu &#8211; a forma mais eficiente, econ\u00f3mica e ecol\u00f3gica de tutorar a sua planta\u00e7\u00e3o.","og_url":"https:\/\/www.todolivo.com\/pt-pt\/olival-em-sebe\/sistemas-de-tutoramento\/","og_site_name":"Todolivo - Pioneiros e especialistas em Olival em Sebe","article_modified_time":"2015-09-02T17:14:36+00:00","twitter_card":"summary_large_image","twitter_misc":{"Tempo estimado de leitura":"1 minuto"},"schema":{"@context":"https:\/\/schema.org","@graph":[{"@type":"WebPage","@id":"https:\/\/www.todolivo.com\/pt-pt\/olival-em-sebe\/sistemas-de-tutoramento\/","url":"https:\/\/www.todolivo.com\/pt-pt\/olival-em-sebe\/sistemas-de-tutoramento\/","name":"Sistemas de tutoramento - Todolivo - Pioneiros e especialistas em Olival em Sebe","isPartOf":{"@id":"https:\/\/www.todolivo.com\/#website"},"datePublished":"2015-07-29T09:51:23+00:00","dateModified":"2015-09-02T17:14:36+00:00","breadcrumb":{"@id":"https:\/\/www.todolivo.com\/pt-pt\/olival-em-sebe\/sistemas-de-tutoramento\/#breadcrumb"},"inLanguage":"pt-PT","potentialAction":[{"@type":"ReadAction","target":["https:\/\/www.todolivo.com\/pt-pt\/olival-em-sebe\/sistemas-de-tutoramento\/"]}]},{"@type":"BreadcrumbList","@id":"https:\/\/www.todolivo.com\/pt-pt\/olival-em-sebe\/sistemas-de-tutoramento\/#breadcrumb","itemListElement":[{"@type":"ListItem","position":1,"name":"Home site","item":"https:\/\/www.todolivo.com\/pt-pt\/"},{"@type":"ListItem","position":2,"name":"Olival em Sebe","item":"https:\/\/www.todolivo.com\/pt-pt\/olival-em-sebe\/"},{"@type":"ListItem","position":3,"name":"Sistemas de tutoramento"}]},{"@type":"WebSite","@id":"https:\/\/www.todolivo.com\/#website","url":"https:\/\/www.todolivo.com\/","name":"Todolivo - Pioneiros e especialistas em Olival em Sebe","description":"Todolivo - Pioneiros e especialistas em Olival em Sebe","potentialAction":[{"@type":"SearchAction","target":{"@type":"EntryPoint","urlTemplate":"https:\/\/www.todolivo.com\/?s={search_term_string}"},"query-input":{"@type":"PropertyValueSpecification","valueRequired":true,"valueName":"search_term_string"}}],"inLanguage":"pt-PT"}]}},"_links":{"self":[{"href":"https:\/\/www.todolivo.com\/pt-pt\/wp-json\/wp\/v2\/pages\/9050","targetHints":{"allow":["GET"]}}],"collection":[{"href":"https:\/\/www.todolivo.com\/pt-pt\/wp-json\/wp\/v2\/pages"}],"about":[{"href":"https:\/\/www.todolivo.com\/pt-pt\/wp-json\/wp\/v2\/types\/page"}],"author":[{"embeddable":true,"href":"https:\/\/www.todolivo.com\/pt-pt\/wp-json\/wp\/v2\/users\/1"}],"replies":[{"embeddable":true,"href":"https:\/\/www.todolivo.com\/pt-pt\/wp-json\/wp\/v2\/comments?post=9050"}],"version-history":[{"count":3,"href":"https:\/\/www.todolivo.com\/pt-pt\/wp-json\/wp\/v2\/pages\/9050\/revisions"}],"predecessor-version":[{"id":11768,"href":"https:\/\/www.todolivo.com\/pt-pt\/wp-json\/wp\/v2\/pages\/9050\/revisions\/11768"}],"up":[{"embeddable":true,"href":"https:\/\/www.todolivo.com\/pt-pt\/wp-json\/wp\/v2\/pages\/9019"}],"wp:attachment":[{"href":"https:\/\/www.todolivo.com\/pt-pt\/wp-json\/wp\/v2\/media?parent=9050"}],"curies":[{"name":"wp","href":"https:\/\/api.w.org\/{rel}","templated":true}]}}