{"id":9031,"date":"2015-07-29T09:44:37","date_gmt":"2015-07-29T08:44:37","guid":{"rendered":"http:\/\/todolivo.com\/pt-pt\/?page_id=9031"},"modified":"2018-06-09T09:29:20","modified_gmt":"2018-06-09T08:29:20","slug":"evolucao-dos-compassos-da-plantacao","status":"publish","type":"page","link":"https:\/\/www.todolivo.com\/pt-pt\/olival-em-sebe\/evolucao-dos-compassos-da-plantacao\/","title":{"rendered":"Evolu\u00e7\u00e3o dos Compassos da Planta\u00e7\u00e3o"},"content":{"rendered":"<p><img decoding=\"async\" class=\"alignright wp-image-2958\" style=\"margin-left: 20px;\" src=\"http:\/\/todolivo.com\/wp-content\/uploads\/10_3.jpg\" alt=\"10_3\" width=\"77\" height=\"76\" srcset=\"https:\/\/www.todolivo.com\/wp-content\/uploads\/10_3.jpg 150w, https:\/\/www.todolivo.com\/wp-content\/uploads\/10_3-55x55.jpg 55w\" sizes=\"(max-width: 77px) 100vw, 77px\" \/><\/p>\n<h1 style=\"text-align: center;\"><em>A Investiga\u00e7\u00e3o em Olivais em Sebe<\/em><\/h1>\n<span id=\"g1-space-1\" class=\"g1-space \" style=\"height:45px;\"><\/span>\n<ul class=\"g1-grid\"><li class=\"g1-column g1-one-half g1-valign-top\">\n<p>A Todolivo tem vindo a desenvolver <strong>os compassos da planta\u00e7\u00e3o em fun\u00e7\u00e3o <\/strong>dos dados retirados da nossa experi\u00eancia de campo e do trabalho de investiga\u00e7\u00e3o desenvolvido por conta pr\u00f3pria ou em colabora\u00e7\u00e3o com a Universidade de C\u00f3rdova, o IFAPA e outras entidades p\u00fablicas e privadas.<\/p>\n<\/li><!-- -->\n<li class=\"g1-column g1-one-half g1-valign-top\">\n<p>Atrav\u00e9s dos <strong><span style=\"color: #99cc00;\">Novos<\/span> <span style=\"color: #ff0000;\">Compassos<\/span> <em>Personalizados <\/em><\/strong>e das <strong>Planta\u00e7\u00f5es <span style=\"color: #ff0000;\">Multi<\/span><span style=\"color: #99cc00;\">varietais<\/span>, <\/strong>procuramos otimizar a rentabilidade das explora\u00e7\u00f5es agr\u00edcolas com baixos custos de investimento e manuten\u00e7\u00e3o, assim como obter loteamentos \u00fanicos de azeites virgem extra. Para tal, efetuamos um estudo agron\u00f3mico pormenorizado das diversas parcelas que comp\u00f5em a sua explora\u00e7\u00e3o agr\u00edcola para o ajudar a selecionar o compasso, a orienta\u00e7\u00e3o e a variedade mais apropriada a cada uma delas.<\/p>\n<\/li><!-- --><\/ul>\n<span id=\"g1-space-2\" class=\"g1-space \" style=\"height:10px;\"><\/span>\n<ul class=\"g1-grid\"><li class=\"g1-column g1-two-fifth g1-valign-top\">\n<div id=\"g1-box-counter-1\" class=\"g1-box g1-box--solid  g1-box--noicon\" ><div class=\"g1-box__inner\">\n<h3>PRIMEIROS COMPASSOS Utilizados<\/h3>\n\n<ul id=\"g1-list-1\" class=\"g1-list--icon g1-list--none \">\n<li><i class=\"fa fa-check-square-o g1-list__icon\"><\/i>100% <strong>do azeite <\/strong>obtido \u00e9 <strong>virgem extra<\/strong><\/li>\n<li><i class=\"fa fa-check-square-o g1-list__icon\"><\/i><strong>A produ\u00e7\u00e3o aumenta consideravelmente. Com estes compassos <\/strong>temos <strong>batido v\u00e1rios recordes <\/strong>de produ\u00e7\u00e3o e de azeite.<\/li>\n<li><i class=\"fa fa-check-square-o g1-list__icon\"><\/i><strong>Ultrapassam a produ\u00e7\u00e3o e a rentabilidade do olival tradicional e intensivo.<\/strong><\/li>\n<li><i class=\"fa fa-check-square-o g1-list__icon\"><\/i><strong>Os custos de manuten\u00e7\u00e3o <\/strong>s\u00e3o inferiores aos do olival de copa fechada.<\/li>\n<li><i class=\"fa fa-check-square-o g1-list__icon\"><\/i>Permitem <strong>colher entre 1 e 3 c\u00eantimos\/kg de azeitonas <\/strong>sem comprar m\u00e1quinas.<\/li>\n<\/ul>\n\n<\/div><\/div>\n<span id=\"g1-space-3\" class=\"g1-space \" style=\"height:30px;\"><\/span>\n<div align=\"center\"><a class=\"boton\" href=\"http:\/\/todolivo.com\/pt-pt\/solicitar-mais-informacoes\/\" target=\"new\"><img decoding=\"async\" class=\"alignleft wp-image-6678\" style=\"margin-top: -12px;\" src=\"http:\/\/todolivo.com\/wp-content\/uploads\/boton-info.png\" alt=\"boton info\" width=\"50\" height=\"48\" srcset=\"https:\/\/www.todolivo.com\/wp-content\/uploads\/boton-info.png 60w, https:\/\/www.todolivo.com\/wp-content\/uploads\/boton-info-55x53.png 55w\" sizes=\"(max-width: 50px) 100vw, 50px\" \/><span style=\"color: #ffffff;\">Solicitar mais informa\u00e7\u00f5es<\/span><\/a><\/div>\n<\/li><!-- -->\n<li class=\"g1-column g1-one-fifth g1-valign-top\">\n<span id=\"g1-space-4\" class=\"g1-space \" style=\"height:100px;\"><\/span>\n<p><img decoding=\"async\" class=\"aligncenter size-full wp-image-2944\" src=\"http:\/\/todolivo.com\/wp-content\/uploads\/10_2.jpg\" alt=\"10_2\" width=\"79\" height=\"250\"><\/p>\n<\/li><!-- -->\n<li class=\"g1-column g1-two-fifth g1-valign-top\">\n<div id=\"g1-box-counter-2\" class=\"g1-box g1-box--solid  g1-box--noicon\" ><div class=\"g1-box__inner\">\n<h3><span style=\"color: #4bb050;\">NOVOS<\/span> <span style=\"color: #d2242d;\">COMPASSOS<br \/>\n<\/span><em>Personalizados<\/em><\/h3>\n\n<ul id=\"g1-list-2\" class=\"g1-list--icon g1-list--none \">\n<li><i class=\"fa fa-check-square-o g1-list__icon\"><\/i>100% <strong>dos azeites obtidos s\u00e3o virgem extra<\/strong>.<\/li>\n<li><i class=\"fa fa-check-square-o g1-list__icon\"><\/i><strong>Reduzem <\/strong>os custos de <strong>investimento e manuten\u00e7\u00e3o<\/strong>.<\/li>\n<li><i class=\"fa fa-check-square-o g1-list__icon\"><\/i><strong>A produtividade aumenta consideravelmente.<\/strong><\/li>\n<li><i class=\"fa fa-check-square-o g1-list__icon\"><\/i><strong>Com estes compassos j\u00e1 batemos recordes de rentabilidade em virtude <\/strong>da excelente <strong>rela\u00e7\u00e3o entre <\/strong>o investimento realizado e o crescimento de produtividade.<\/li>\n<li><i class=\"fa fa-check-square-o g1-list__icon\"><\/i>Permitem obter <strong>1 kg de azeite virgem extra com o menor custo poss\u00edvel<\/strong>.<\/li>\n<li><i class=\"fa fa-check-square-o g1-list__icon\"><\/i>F\u00e1cil <strong>maneio da <\/strong>cultivar.<\/li>\n<li><i class=\"fa fa-check-square-o g1-list__icon\"><\/i>Mais abertos, permitem tirar o m\u00e1ximo partido <strong>da penetra\u00e7\u00e3o da luz solar<\/strong>.<\/li>\n<li><i class=\"fa fa-check-square-o g1-list__icon\"><\/i>Permitem <strong>colher <\/strong>at\u00e9 <strong>25 ha\/dia <\/strong>com uma \u00fanica m\u00e1quina.<\/li>\n<\/ul>\n\n<\/div><\/div>\n<\/li><!-- --><\/ul>\n<span id=\"g1-space-5\" class=\"g1-space \" style=\"margin-top:-20px;\"><\/span>\n","protected":false},"excerpt":{"rendered":"<p>A Investiga\u00e7\u00e3o em Olivais em Sebe<\/p>\n","protected":false},"author":1,"featured_media":0,"parent":9019,"menu_order":0,"comment_status":"closed","ping_status":"closed","template":"","meta":{"_lmt_disableupdate":"","_lmt_disable":"","footnotes":""},"class_list":["post-9031","page","type-page","status-publish"],"yoast_head":"<!-- This site is optimized with the Yoast SEO plugin v26.9 - https:\/\/yoast.com\/product\/yoast-seo-wordpress\/ -->\n<title>Evolu\u00e7\u00e3o dos Compassos da Planta\u00e7\u00e3o - Todolivo - Pioneiros e especialistas em Olival em Sebe<\/title>\n<meta name=\"robots\" content=\"index, follow, max-snippet:-1, max-image-preview:large, max-video-preview:-1\" \/>\n<link rel=\"canonical\" href=\"https:\/\/www.todolivo.com\/pt-pt\/olival-em-sebe\/evolucao-dos-compassos-da-plantacao\/\" \/>\n<meta property=\"og:locale\" content=\"pt_PT\" \/>\n<meta property=\"og:type\" content=\"article\" \/>\n<meta property=\"og:title\" content=\"Evolu\u00e7\u00e3o dos Compassos da Planta\u00e7\u00e3o - Todolivo - Pioneiros e especialistas em Olival em Sebe\" \/>\n<meta property=\"og:description\" content=\"A Investiga\u00e7\u00e3o em Olivais em Sebe\" \/>\n<meta property=\"og:url\" content=\"https:\/\/www.todolivo.com\/pt-pt\/olival-em-sebe\/evolucao-dos-compassos-da-plantacao\/\" \/>\n<meta property=\"og:site_name\" content=\"Todolivo - Pioneiros e especialistas em Olival em Sebe\" \/>\n<meta property=\"article:modified_time\" content=\"2018-06-09T08:29:20+00:00\" \/>\n<meta property=\"og:image\" content=\"http:\/\/todolivo.com\/wp-content\/uploads\/10_3.jpg\" \/>\n<meta name=\"twitter:card\" content=\"summary_large_image\" \/>\n<meta name=\"twitter:label1\" content=\"Tempo estimado de leitura\" \/>\n\t<meta name=\"twitter:data1\" content=\"2 minutos\" \/>\n<script type=\"application\/ld+json\" class=\"yoast-schema-graph\">{\"@context\":\"https:\/\/schema.org\",\"@graph\":[{\"@type\":\"WebPage\",\"@id\":\"https:\/\/www.todolivo.com\/pt-pt\/olival-em-sebe\/evolucao-dos-compassos-da-plantacao\/\",\"url\":\"https:\/\/www.todolivo.com\/pt-pt\/olival-em-sebe\/evolucao-dos-compassos-da-plantacao\/\",\"name\":\"Evolu\u00e7\u00e3o dos Compassos da Planta\u00e7\u00e3o - Todolivo - Pioneiros e especialistas em Olival em Sebe\",\"isPartOf\":{\"@id\":\"https:\/\/www.todolivo.com\/#website\"},\"primaryImageOfPage\":{\"@id\":\"https:\/\/www.todolivo.com\/pt-pt\/olival-em-sebe\/evolucao-dos-compassos-da-plantacao\/#primaryimage\"},\"image\":{\"@id\":\"https:\/\/www.todolivo.com\/pt-pt\/olival-em-sebe\/evolucao-dos-compassos-da-plantacao\/#primaryimage\"},\"thumbnailUrl\":\"http:\/\/todolivo.com\/wp-content\/uploads\/10_3.jpg\",\"datePublished\":\"2015-07-29T08:44:37+00:00\",\"dateModified\":\"2018-06-09T08:29:20+00:00\",\"breadcrumb\":{\"@id\":\"https:\/\/www.todolivo.com\/pt-pt\/olival-em-sebe\/evolucao-dos-compassos-da-plantacao\/#breadcrumb\"},\"inLanguage\":\"pt-PT\",\"potentialAction\":[{\"@type\":\"ReadAction\",\"target\":[\"https:\/\/www.todolivo.com\/pt-pt\/olival-em-sebe\/evolucao-dos-compassos-da-plantacao\/\"]}]},{\"@type\":\"ImageObject\",\"inLanguage\":\"pt-PT\",\"@id\":\"https:\/\/www.todolivo.com\/pt-pt\/olival-em-sebe\/evolucao-dos-compassos-da-plantacao\/#primaryimage\",\"url\":\"http:\/\/todolivo.com\/wp-content\/uploads\/10_3.jpg\",\"contentUrl\":\"http:\/\/todolivo.com\/wp-content\/uploads\/10_3.jpg\"},{\"@type\":\"BreadcrumbList\",\"@id\":\"https:\/\/www.todolivo.com\/pt-pt\/olival-em-sebe\/evolucao-dos-compassos-da-plantacao\/#breadcrumb\",\"itemListElement\":[{\"@type\":\"ListItem\",\"position\":1,\"name\":\"Home site\",\"item\":\"https:\/\/www.todolivo.com\/pt-pt\/\"},{\"@type\":\"ListItem\",\"position\":2,\"name\":\"Olival em Sebe\",\"item\":\"https:\/\/www.todolivo.com\/pt-pt\/olival-em-sebe\/\"},{\"@type\":\"ListItem\",\"position\":3,\"name\":\"Evolu\u00e7\u00e3o dos Compassos da Planta\u00e7\u00e3o\"}]},{\"@type\":\"WebSite\",\"@id\":\"https:\/\/www.todolivo.com\/#website\",\"url\":\"https:\/\/www.todolivo.com\/\",\"name\":\"Todolivo - Pioneiros e especialistas em Olival em Sebe\",\"description\":\"Todolivo - Pioneiros e especialistas em Olival em Sebe\",\"potentialAction\":[{\"@type\":\"SearchAction\",\"target\":{\"@type\":\"EntryPoint\",\"urlTemplate\":\"https:\/\/www.todolivo.com\/?s={search_term_string}\"},\"query-input\":{\"@type\":\"PropertyValueSpecification\",\"valueRequired\":true,\"valueName\":\"search_term_string\"}}],\"inLanguage\":\"pt-PT\"}]}<\/script>\n<!-- \/ Yoast SEO plugin. -->","yoast_head_json":{"title":"Evolu\u00e7\u00e3o dos Compassos da Planta\u00e7\u00e3o - Todolivo - Pioneiros e especialistas em Olival em Sebe","robots":{"index":"index","follow":"follow","max-snippet":"max-snippet:-1","max-image-preview":"max-image-preview:large","max-video-preview":"max-video-preview:-1"},"canonical":"https:\/\/www.todolivo.com\/pt-pt\/olival-em-sebe\/evolucao-dos-compassos-da-plantacao\/","og_locale":"pt_PT","og_type":"article","og_title":"Evolu\u00e7\u00e3o dos Compassos da Planta\u00e7\u00e3o - Todolivo - Pioneiros e especialistas em Olival em Sebe","og_description":"A Investiga\u00e7\u00e3o em Olivais em Sebe","og_url":"https:\/\/www.todolivo.com\/pt-pt\/olival-em-sebe\/evolucao-dos-compassos-da-plantacao\/","og_site_name":"Todolivo - Pioneiros e especialistas em Olival em Sebe","article_modified_time":"2018-06-09T08:29:20+00:00","og_image":[{"url":"http:\/\/todolivo.com\/wp-content\/uploads\/10_3.jpg","type":"","width":"","height":""}],"twitter_card":"summary_large_image","twitter_misc":{"Tempo estimado de leitura":"2 minutos"},"schema":{"@context":"https:\/\/schema.org","@graph":[{"@type":"WebPage","@id":"https:\/\/www.todolivo.com\/pt-pt\/olival-em-sebe\/evolucao-dos-compassos-da-plantacao\/","url":"https:\/\/www.todolivo.com\/pt-pt\/olival-em-sebe\/evolucao-dos-compassos-da-plantacao\/","name":"Evolu\u00e7\u00e3o dos Compassos da Planta\u00e7\u00e3o - Todolivo - Pioneiros e especialistas em Olival em Sebe","isPartOf":{"@id":"https:\/\/www.todolivo.com\/#website"},"primaryImageOfPage":{"@id":"https:\/\/www.todolivo.com\/pt-pt\/olival-em-sebe\/evolucao-dos-compassos-da-plantacao\/#primaryimage"},"image":{"@id":"https:\/\/www.todolivo.com\/pt-pt\/olival-em-sebe\/evolucao-dos-compassos-da-plantacao\/#primaryimage"},"thumbnailUrl":"http:\/\/todolivo.com\/wp-content\/uploads\/10_3.jpg","datePublished":"2015-07-29T08:44:37+00:00","dateModified":"2018-06-09T08:29:20+00:00","breadcrumb":{"@id":"https:\/\/www.todolivo.com\/pt-pt\/olival-em-sebe\/evolucao-dos-compassos-da-plantacao\/#breadcrumb"},"inLanguage":"pt-PT","potentialAction":[{"@type":"ReadAction","target":["https:\/\/www.todolivo.com\/pt-pt\/olival-em-sebe\/evolucao-dos-compassos-da-plantacao\/"]}]},{"@type":"ImageObject","inLanguage":"pt-PT","@id":"https:\/\/www.todolivo.com\/pt-pt\/olival-em-sebe\/evolucao-dos-compassos-da-plantacao\/#primaryimage","url":"http:\/\/todolivo.com\/wp-content\/uploads\/10_3.jpg","contentUrl":"http:\/\/todolivo.com\/wp-content\/uploads\/10_3.jpg"},{"@type":"BreadcrumbList","@id":"https:\/\/www.todolivo.com\/pt-pt\/olival-em-sebe\/evolucao-dos-compassos-da-plantacao\/#breadcrumb","itemListElement":[{"@type":"ListItem","position":1,"name":"Home site","item":"https:\/\/www.todolivo.com\/pt-pt\/"},{"@type":"ListItem","position":2,"name":"Olival em Sebe","item":"https:\/\/www.todolivo.com\/pt-pt\/olival-em-sebe\/"},{"@type":"ListItem","position":3,"name":"Evolu\u00e7\u00e3o dos Compassos da Planta\u00e7\u00e3o"}]},{"@type":"WebSite","@id":"https:\/\/www.todolivo.com\/#website","url":"https:\/\/www.todolivo.com\/","name":"Todolivo - Pioneiros e especialistas em Olival em Sebe","description":"Todolivo - Pioneiros e especialistas em Olival em Sebe","potentialAction":[{"@type":"SearchAction","target":{"@type":"EntryPoint","urlTemplate":"https:\/\/www.todolivo.com\/?s={search_term_string}"},"query-input":{"@type":"PropertyValueSpecification","valueRequired":true,"valueName":"search_term_string"}}],"inLanguage":"pt-PT"}]}},"_links":{"self":[{"href":"https:\/\/www.todolivo.com\/pt-pt\/wp-json\/wp\/v2\/pages\/9031","targetHints":{"allow":["GET"]}}],"collection":[{"href":"https:\/\/www.todolivo.com\/pt-pt\/wp-json\/wp\/v2\/pages"}],"about":[{"href":"https:\/\/www.todolivo.com\/pt-pt\/wp-json\/wp\/v2\/types\/page"}],"author":[{"embeddable":true,"href":"https:\/\/www.todolivo.com\/pt-pt\/wp-json\/wp\/v2\/users\/1"}],"replies":[{"embeddable":true,"href":"https:\/\/www.todolivo.com\/pt-pt\/wp-json\/wp\/v2\/comments?post=9031"}],"version-history":[{"count":2,"href":"https:\/\/www.todolivo.com\/pt-pt\/wp-json\/wp\/v2\/pages\/9031\/revisions"}],"predecessor-version":[{"id":16552,"href":"https:\/\/www.todolivo.com\/pt-pt\/wp-json\/wp\/v2\/pages\/9031\/revisions\/16552"}],"up":[{"embeddable":true,"href":"https:\/\/www.todolivo.com\/pt-pt\/wp-json\/wp\/v2\/pages\/9019"}],"wp:attachment":[{"href":"https:\/\/www.todolivo.com\/pt-pt\/wp-json\/wp\/v2\/media?parent=9031"}],"curies":[{"name":"wp","href":"https:\/\/api.w.org\/{rel}","templated":true}]}}