{"id":9025,"date":"2015-07-29T09:09:55","date_gmt":"2015-07-29T08:09:55","guid":{"rendered":"http:\/\/todolivo.com\/pt-pt\/?page_id=9025"},"modified":"2020-02-14T19:48:01","modified_gmt":"2020-02-14T18:48:01","slug":"em-que-consiste-e-com-que-objetivo","status":"publish","type":"page","link":"https:\/\/www.todolivo.com\/pt-pt\/olival-em-sebe\/em-que-consiste-e-com-que-objetivo\/","title":{"rendered":"Em que consiste e com que objetivo"},"content":{"rendered":"<style type=\"text\/css\" scoped=\"scoped\">#g1-section-1.g1-section {background-repeat:repeat; background-position:center top; background-attachment:static;}<\/style><div id=\"g1-section-1\" class=\"g1-section \"><div class=\"g1-layout-inner\">\n<h1 style=\"text-align: center;\">Sistema Todolivo de Olival em Sebe<\/h1>\n<h3 style=\"text-align: center;\">El 100% del aceite obtenido es Virgen Extra y es producido a menor coste<\/h3>\n<\/div><\/div>\n<div id=\"g1-tabs-1\" class=\"g1-tabs g1-tabs--button g1-type--click g1-tabs--horizontal g1-tabs--top g1-align-left \">\n<div id=\"tab-title-counter-1\" class=\"g1-tab-title \">\n<p>Em que consiste?<\/p>\n<\/div>\n<div id=\"tab-content-counter-1\" class=\"g1-tab-content \">\n<p><img fetchpriority=\"high\" decoding=\"async\" class=\"wp-image-20561 size-full alignright\" src=\"https:\/\/www.todolivo.com\/wp-content\/uploads\/Todolivo_cortijo02_2.jpg\" alt=\"\" width=\"600\" height=\"337\" srcset=\"https:\/\/www.todolivo.com\/wp-content\/uploads\/Todolivo_cortijo02_2.jpg 600w, https:\/\/www.todolivo.com\/wp-content\/uploads\/Todolivo_cortijo02_2-300x169.jpg 300w, https:\/\/www.todolivo.com\/wp-content\/uploads\/Todolivo_cortijo02_2-482x271.jpg 482w, https:\/\/www.todolivo.com\/wp-content\/uploads\/Todolivo_cortijo02_2-320x180.jpg 320w, https:\/\/www.todolivo.com\/wp-content\/uploads\/Todolivo_cortijo02_2-239x134.jpg 239w\" sizes=\"(max-width: 600px) 100vw, 600px\" \/><\/p>\n<p><span id=\"g1-dropcap-1\" class=\"g1-dropcap g1-dropcap--simple \" ><span>C<\/span><\/span>onsiste em plantar oliveiras em linha e pod\u00e1-las em palmeta, de modo a formarem linhas cont\u00ednuas em forma de sebe quando crescerem, permitindo recolher o fruto com uma colhedora. O compasso da planta\u00e7\u00e3o varia em fun\u00e7\u00e3o da variedade selecionada, da quantidade de \u00e1gua dispon\u00edvel, do tipo de terreno e do clima.<\/p>\n<div id=\"g1-divider-1\" class=\"g1-divider g1-divider--none g1-divider--noicon \"><\/div>\n<h2 style=\"text-align: center;\">Ideal para olivais de regadio, de sequeiro e com rega localizada<\/h2>\n<\/div>\n<div id=\"tab-title-counter-2\" class=\"g1-tab-title \">\n<p>Com que objetivo ?<\/p>\n<\/div>\n<div id=\"tab-content-counter-2\" class=\"g1-tab-content \">\n<p><img decoding=\"async\" class=\"alignleft wp-image-6185 size-full\" style=\"margin-right: 15px; margin-bottom: 15px; margin-left: 15px;\" src=\"http:\/\/todolivo.com\/wp-content\/uploads\/Olivar-en-Seto_en-que-consiste_1.jpg\" alt=\"Olivar-en-Seto_en-que-consiste_1\" width=\"600\" height=\"260\" srcset=\"https:\/\/www.todolivo.com\/wp-content\/uploads\/Olivar-en-Seto_en-que-consiste_1.jpg 600w, https:\/\/www.todolivo.com\/wp-content\/uploads\/Olivar-en-Seto_en-que-consiste_1-300x130.jpg 300w, https:\/\/www.todolivo.com\/wp-content\/uploads\/Olivar-en-Seto_en-que-consiste_1-55x24.jpg 55w, https:\/\/www.todolivo.com\/wp-content\/uploads\/Olivar-en-Seto_en-que-consiste_1-320x139.jpg 320w, https:\/\/www.todolivo.com\/wp-content\/uploads\/Olivar-en-Seto_en-que-consiste_1-239x104.jpg 239w\" sizes=\"(max-width: 600px) 100vw, 600px\" \/><\/p>\n<p>&nbsp;<\/p>\n<p>Ptimizar o espa\u00e7o, a luz e a \u00e1gua dispon\u00edvel, para produzir o maior n\u00famero de Kg de azeite\/ha, com a m\u00e1xima qualidade e o m\u00ednimo custo poss\u00edvel.<\/p>\n<h4 style=\"text-align: center;\">Testado com sucesso em mais de 30.000 ha com diferentes tipos de solos e de condi\u00e7\u00f5es climat\u00e9ricas.<\/h4>\n<div id=\"g1-divider-2\" class=\"g1-divider g1-divider--none g1-divider--noicon \"><\/div>\n<h2 style=\"text-align: center;\">Rentabilidade sem subs\u00eddios.<\/h2>\n<\/div>\n<\/div>\n","protected":false},"excerpt":{"rendered":"","protected":false},"author":1,"featured_media":0,"parent":9019,"menu_order":0,"comment_status":"closed","ping_status":"closed","template":"","meta":{"_lmt_disableupdate":"no","_lmt_disable":"","footnotes":""},"class_list":["post-9025","page","type-page","status-publish"],"yoast_head":"<!-- This site is optimized with the Yoast SEO plugin v26.9 - https:\/\/yoast.com\/product\/yoast-seo-wordpress\/ -->\n<title>Em que consiste e com que objetivo - Todolivo - Pioneiros e especialistas em Olival em Sebe<\/title>\n<meta name=\"robots\" content=\"index, follow, max-snippet:-1, max-image-preview:large, max-video-preview:-1\" \/>\n<link rel=\"canonical\" href=\"https:\/\/www.todolivo.com\/pt-pt\/olival-em-sebe\/em-que-consiste-e-com-que-objetivo\/\" \/>\n<meta property=\"og:locale\" content=\"pt_PT\" \/>\n<meta property=\"og:type\" content=\"article\" \/>\n<meta property=\"og:title\" content=\"Em que consiste e com que objetivo - Todolivo - Pioneiros e especialistas em Olival em Sebe\" \/>\n<meta property=\"og:url\" content=\"https:\/\/www.todolivo.com\/pt-pt\/olival-em-sebe\/em-que-consiste-e-com-que-objetivo\/\" \/>\n<meta property=\"og:site_name\" content=\"Todolivo - Pioneiros e especialistas em Olival em Sebe\" \/>\n<meta property=\"article:modified_time\" content=\"2020-02-14T18:48:01+00:00\" \/>\n<meta property=\"og:image\" content=\"https:\/\/www.todolivo.com\/wp-content\/uploads\/Todolivo_cortijo02_2.jpg\" \/>\n<meta name=\"twitter:card\" content=\"summary_large_image\" \/>\n<meta name=\"twitter:label1\" content=\"Tempo estimado de leitura\" \/>\n\t<meta name=\"twitter:data1\" content=\"1 minuto\" \/>\n<script type=\"application\/ld+json\" class=\"yoast-schema-graph\">{\"@context\":\"https:\/\/schema.org\",\"@graph\":[{\"@type\":\"WebPage\",\"@id\":\"https:\/\/www.todolivo.com\/pt-pt\/olival-em-sebe\/em-que-consiste-e-com-que-objetivo\/\",\"url\":\"https:\/\/www.todolivo.com\/pt-pt\/olival-em-sebe\/em-que-consiste-e-com-que-objetivo\/\",\"name\":\"Em que consiste e com que objetivo - Todolivo - Pioneiros e especialistas em Olival em Sebe\",\"isPartOf\":{\"@id\":\"https:\/\/www.todolivo.com\/#website\"},\"primaryImageOfPage\":{\"@id\":\"https:\/\/www.todolivo.com\/pt-pt\/olival-em-sebe\/em-que-consiste-e-com-que-objetivo\/#primaryimage\"},\"image\":{\"@id\":\"https:\/\/www.todolivo.com\/pt-pt\/olival-em-sebe\/em-que-consiste-e-com-que-objetivo\/#primaryimage\"},\"thumbnailUrl\":\"https:\/\/www.todolivo.com\/wp-content\/uploads\/Todolivo_cortijo02_2.jpg\",\"datePublished\":\"2015-07-29T08:09:55+00:00\",\"dateModified\":\"2020-02-14T18:48:01+00:00\",\"breadcrumb\":{\"@id\":\"https:\/\/www.todolivo.com\/pt-pt\/olival-em-sebe\/em-que-consiste-e-com-que-objetivo\/#breadcrumb\"},\"inLanguage\":\"pt-PT\",\"potentialAction\":[{\"@type\":\"ReadAction\",\"target\":[\"https:\/\/www.todolivo.com\/pt-pt\/olival-em-sebe\/em-que-consiste-e-com-que-objetivo\/\"]}]},{\"@type\":\"ImageObject\",\"inLanguage\":\"pt-PT\",\"@id\":\"https:\/\/www.todolivo.com\/pt-pt\/olival-em-sebe\/em-que-consiste-e-com-que-objetivo\/#primaryimage\",\"url\":\"https:\/\/www.todolivo.com\/wp-content\/uploads\/Todolivo_cortijo02_2.jpg\",\"contentUrl\":\"https:\/\/www.todolivo.com\/wp-content\/uploads\/Todolivo_cortijo02_2.jpg\"},{\"@type\":\"BreadcrumbList\",\"@id\":\"https:\/\/www.todolivo.com\/pt-pt\/olival-em-sebe\/em-que-consiste-e-com-que-objetivo\/#breadcrumb\",\"itemListElement\":[{\"@type\":\"ListItem\",\"position\":1,\"name\":\"Home site\",\"item\":\"https:\/\/www.todolivo.com\/pt-pt\/\"},{\"@type\":\"ListItem\",\"position\":2,\"name\":\"Olival em Sebe\",\"item\":\"https:\/\/www.todolivo.com\/pt-pt\/olival-em-sebe\/\"},{\"@type\":\"ListItem\",\"position\":3,\"name\":\"Em que consiste e com que objetivo\"}]},{\"@type\":\"WebSite\",\"@id\":\"https:\/\/www.todolivo.com\/#website\",\"url\":\"https:\/\/www.todolivo.com\/\",\"name\":\"Todolivo - Pioneiros e especialistas em Olival em Sebe\",\"description\":\"Todolivo - Pioneiros e especialistas em Olival em Sebe\",\"potentialAction\":[{\"@type\":\"SearchAction\",\"target\":{\"@type\":\"EntryPoint\",\"urlTemplate\":\"https:\/\/www.todolivo.com\/?s={search_term_string}\"},\"query-input\":{\"@type\":\"PropertyValueSpecification\",\"valueRequired\":true,\"valueName\":\"search_term_string\"}}],\"inLanguage\":\"pt-PT\"}]}<\/script>\n<!-- \/ Yoast SEO plugin. -->","yoast_head_json":{"title":"Em que consiste e com que objetivo - Todolivo - Pioneiros e especialistas em Olival em Sebe","robots":{"index":"index","follow":"follow","max-snippet":"max-snippet:-1","max-image-preview":"max-image-preview:large","max-video-preview":"max-video-preview:-1"},"canonical":"https:\/\/www.todolivo.com\/pt-pt\/olival-em-sebe\/em-que-consiste-e-com-que-objetivo\/","og_locale":"pt_PT","og_type":"article","og_title":"Em que consiste e com que objetivo - Todolivo - Pioneiros e especialistas em Olival em Sebe","og_url":"https:\/\/www.todolivo.com\/pt-pt\/olival-em-sebe\/em-que-consiste-e-com-que-objetivo\/","og_site_name":"Todolivo - Pioneiros e especialistas em Olival em Sebe","article_modified_time":"2020-02-14T18:48:01+00:00","og_image":[{"url":"https:\/\/www.todolivo.com\/wp-content\/uploads\/Todolivo_cortijo02_2.jpg","type":"","width":"","height":""}],"twitter_card":"summary_large_image","twitter_misc":{"Tempo estimado de leitura":"1 minuto"},"schema":{"@context":"https:\/\/schema.org","@graph":[{"@type":"WebPage","@id":"https:\/\/www.todolivo.com\/pt-pt\/olival-em-sebe\/em-que-consiste-e-com-que-objetivo\/","url":"https:\/\/www.todolivo.com\/pt-pt\/olival-em-sebe\/em-que-consiste-e-com-que-objetivo\/","name":"Em que consiste e com que objetivo - Todolivo - Pioneiros e especialistas em Olival em Sebe","isPartOf":{"@id":"https:\/\/www.todolivo.com\/#website"},"primaryImageOfPage":{"@id":"https:\/\/www.todolivo.com\/pt-pt\/olival-em-sebe\/em-que-consiste-e-com-que-objetivo\/#primaryimage"},"image":{"@id":"https:\/\/www.todolivo.com\/pt-pt\/olival-em-sebe\/em-que-consiste-e-com-que-objetivo\/#primaryimage"},"thumbnailUrl":"https:\/\/www.todolivo.com\/wp-content\/uploads\/Todolivo_cortijo02_2.jpg","datePublished":"2015-07-29T08:09:55+00:00","dateModified":"2020-02-14T18:48:01+00:00","breadcrumb":{"@id":"https:\/\/www.todolivo.com\/pt-pt\/olival-em-sebe\/em-que-consiste-e-com-que-objetivo\/#breadcrumb"},"inLanguage":"pt-PT","potentialAction":[{"@type":"ReadAction","target":["https:\/\/www.todolivo.com\/pt-pt\/olival-em-sebe\/em-que-consiste-e-com-que-objetivo\/"]}]},{"@type":"ImageObject","inLanguage":"pt-PT","@id":"https:\/\/www.todolivo.com\/pt-pt\/olival-em-sebe\/em-que-consiste-e-com-que-objetivo\/#primaryimage","url":"https:\/\/www.todolivo.com\/wp-content\/uploads\/Todolivo_cortijo02_2.jpg","contentUrl":"https:\/\/www.todolivo.com\/wp-content\/uploads\/Todolivo_cortijo02_2.jpg"},{"@type":"BreadcrumbList","@id":"https:\/\/www.todolivo.com\/pt-pt\/olival-em-sebe\/em-que-consiste-e-com-que-objetivo\/#breadcrumb","itemListElement":[{"@type":"ListItem","position":1,"name":"Home site","item":"https:\/\/www.todolivo.com\/pt-pt\/"},{"@type":"ListItem","position":2,"name":"Olival em Sebe","item":"https:\/\/www.todolivo.com\/pt-pt\/olival-em-sebe\/"},{"@type":"ListItem","position":3,"name":"Em que consiste e com que objetivo"}]},{"@type":"WebSite","@id":"https:\/\/www.todolivo.com\/#website","url":"https:\/\/www.todolivo.com\/","name":"Todolivo - Pioneiros e especialistas em Olival em Sebe","description":"Todolivo - Pioneiros e especialistas em Olival em Sebe","potentialAction":[{"@type":"SearchAction","target":{"@type":"EntryPoint","urlTemplate":"https:\/\/www.todolivo.com\/?s={search_term_string}"},"query-input":{"@type":"PropertyValueSpecification","valueRequired":true,"valueName":"search_term_string"}}],"inLanguage":"pt-PT"}]}},"_links":{"self":[{"href":"https:\/\/www.todolivo.com\/pt-pt\/wp-json\/wp\/v2\/pages\/9025","targetHints":{"allow":["GET"]}}],"collection":[{"href":"https:\/\/www.todolivo.com\/pt-pt\/wp-json\/wp\/v2\/pages"}],"about":[{"href":"https:\/\/www.todolivo.com\/pt-pt\/wp-json\/wp\/v2\/types\/page"}],"author":[{"embeddable":true,"href":"https:\/\/www.todolivo.com\/pt-pt\/wp-json\/wp\/v2\/users\/1"}],"replies":[{"embeddable":true,"href":"https:\/\/www.todolivo.com\/pt-pt\/wp-json\/wp\/v2\/comments?post=9025"}],"version-history":[{"count":6,"href":"https:\/\/www.todolivo.com\/pt-pt\/wp-json\/wp\/v2\/pages\/9025\/revisions"}],"predecessor-version":[{"id":20567,"href":"https:\/\/www.todolivo.com\/pt-pt\/wp-json\/wp\/v2\/pages\/9025\/revisions\/20567"}],"up":[{"embeddable":true,"href":"https:\/\/www.todolivo.com\/pt-pt\/wp-json\/wp\/v2\/pages\/9019"}],"wp:attachment":[{"href":"https:\/\/www.todolivo.com\/pt-pt\/wp-json\/wp\/v2\/media?parent=9025"}],"curies":[{"name":"wp","href":"https:\/\/api.w.org\/{rel}","templated":true}]}}