{"id":9023,"date":"2015-07-29T09:03:52","date_gmt":"2015-07-29T08:03:52","guid":{"rendered":"http:\/\/todolivo.com\/pt-pt\/?page_id=9023"},"modified":"2023-07-17T06:51:48","modified_gmt":"2023-07-17T05:51:48","slug":"origem-e-evolucao","status":"publish","type":"page","link":"https:\/\/www.todolivo.com\/pt-pt\/olival-em-sebe\/origem-e-evolucao\/","title":{"rendered":"Origem e evolu\u00e7\u00e3o"},"content":{"rendered":"<style type=\"text\/css\" scoped=\"scoped\">#g1-section-1.g1-section {background-color: #ffffff; background-repeat:repeat; background-position:center top; background-attachment:static;}<\/style><div id=\"g1-section-1\" class=\"g1-section \"><div class=\"g1-layout-inner\">\n<ul class=\"g1-grid\"><li class=\"g1-column g1-one-half g1-valign-top\">\n<p>O Olival em Sebe come\u00e7a a nascer no in\u00edcio da d\u00e9cada de 90 devido a:<\/p>\n<ul>\n<li>Empenho em melhorar e aumentar a qualidade e quantidade de azeite virgem extra no cultivo do olival.<\/li>\n<li>Custos elevados de colheita.<\/li>\n<li>Procura de otimiza\u00e7\u00e3o da superf\u00edcie cultivada.<\/li>\n<\/ul>\n<p><strong>A Todolivo, durante esta d\u00e9cada, realiza uma profunda investiga\u00e7\u00e3o sobre este sistema de cultivo.<\/strong><\/p>\n<p><strong>1997<\/strong> Funda o <strong>\u201cCentro de Investiga\u00e7\u00e3o do Cultivo de Olival\u201d (Pedro Abad, C\u00f3rdova)<\/strong>, onde cria um departamento de l+D+i e se torna a primeira empresa que aposta no Sistema de Olival em Sebe.<\/p>\n<p><strong>1998<\/strong> Consegue o desenvolvimento de um modelo pr\u00f3prio de cultivo de olival em sebe denominado <strong>\u201cSistema Todolivo Olival em Sebe\u201d<\/strong>.<\/p>\n<p><strong>1999<\/strong> Adquire as sus primeiras m\u00e1quinas de plantar e come\u00e7a a realizar em Espanha as suas primeiras planta\u00e7\u00f5es comerciais de olival em sebe (700 ha), tanto em sequeiro como em regadio, sendo pioneira. A partir de ent\u00e3o, concebe uma nova forma de cultivar o olival. Inicia, al\u00e9m disso, um t<strong>este pr\u00f3prio com diferentes tipos de poda<\/strong> para conhecer o comportamento agron\u00f3mico das \u00e1rvores. Em concreto, aplicaram-se <strong>dez estrat\u00e9gias de poda<\/strong> diferentes, sete manuais e tr\u00eas mec\u00e2nicas, as quais permitiram \u00e0 Todolivo optar por uma ou por outra.<\/p>\n<p>Nesta data tamb\u00e9m come\u00e7a um primeiro teste multivarietal de densidades de olival em sebe de regadio para conhecer as produ\u00e7\u00f5es da variedade Arbequina Clon I-21<sup>\u00ae<\/sup>, consoante os diferentes compassos de planta\u00e7\u00e3o. Em 1999 tamb\u00e9m se realiza a primeira planta\u00e7\u00e3o de olival em sebe na prov\u00edncia de Sevilha, onde se transformou uma propriedade de olival tradicional (plantado a um compasso de 7x6m) a uma de olival em sebe (7&#215;1,5m).<\/p>\n<p>Constroi tamb\u00e9m o viveiro em Pedro Abad (C\u00f3rdova).<\/p>\n<p><strong>2000<\/strong> Inicia um <strong>primeiro teste de variedades multivarietais<\/strong> para olival em sebe em \u2018Oca\u00f1a\u2019, Pedro Abad (C\u00f3rdova), com as variedades Arbequina Clon I-21<sup>\u00ae<\/sup>, Arbosana Clon I-43<sup>\u00ae<\/sup>, Koronelki I-38<sup>\u00ae<\/sup>, Imperial Clon I-23<sup>\u00ae<\/sup>, Canetera, UCO 1-68, 1-18, UCO 2-35 e FS-17.<\/p>\n<p><strong>2001<\/strong> Realiza as primeiras planta\u00e7\u00f5es comerciais de olival em sebe de Portugal com as variedades Arbosana Clon I-43<sup>\u00ae<\/sup> e Koroneiki Clon I-38<sup>\u00ae<\/sup>, Cobrangosa, Arbequina Clon I-21<sup>\u00ae<\/sup>. Adquire as suas primeras m\u00e1quinas de colher Gregoire G120 SW e o primeiro prot\u00f3tipo de m\u00e1quina de colheita espec\u00edfica para olival que esta firma lan\u00e7a no mercado, a Gregoire G-130.<\/p>\n<p><strong>2003<\/strong> Organiza, juntamente com o Minist\u00e9rio da Agricultura, uma demonstra\u00e7\u00e3o internacional de colheita com m\u00e1quina de apanha em olival em sebe na sua propriedade de Pedro Abad (C\u00f3rdova) e <strong>planta<\/strong> na propriedade \u2018El Camarero\u2019 <strong>o primeiro teste multivarietal em sequeiro<\/strong> com as variedades Arbequina Clon I-21<sup>\u00ae<\/sup>, Arbosana Clon I-43<sup>\u00ae<\/sup> e Koroneiki Clon I-38<sup>\u00ae<\/sup>.<\/p>\n<p><strong>2006<\/strong> Planta em Marrocos 531 ha, sendo pioneira neste pa\u00eds em Olival em Sebe.<\/p>\n<p><strong>2007<\/strong> Inicia numa propriedade de Campo Maior (Portugal) um teste para conhecer o comportamento agron\u00f3mico de variedades de olival de azeitona de mesa para planta\u00e7\u00f5es de olival em sebe que revoluciona o setor. Em concreto, de Manzanillo Sevillano I-56<sup>\u00ae<\/sup> e Manzanillo Cacere\u00f1o Clon I-57<sup>\u00ae<\/sup>. Nesta data p\u00f5e em marcha outro teste na herdade \u2018Cruz de los Huertos\u2019 (Pedro Abad, C\u00f3rdova), em colabora\u00e7\u00e3o com a Universidade de C\u00f3rdova e o IFAPA, para<strong> comparar a variedade SikititaP com o resto das variedades de oliveira<\/strong> pertencentes ao programa de melhoramento gen\u00e9tico e com Arbequina Clon I-21<sup>\u00ae<\/sup>, Arbosana Clon I-43<sup>\u00ae<\/sup>, Picual I-11<sup>\u00ae<\/sup>, Coratina I-99<sup>\u00ae<\/sup>, Imperial Clon I-23<sup>\u00ae<\/sup>, e Koroneiki Clon I-38<sup>\u00ae<\/sup>.<\/p>\n<p>Adquire as primeiras m\u00e1quinas plantadoras guiadas por GPS, que colocam de forma simult\u00e2nea a planta, o tutor e aplicam o herbicida na linha.<\/p>\n<\/li><!-- -->\n<li class=\"g1-column g1-one-half g1-valign-top\">\n<p><img fetchpriority=\"high\" decoding=\"async\" class=\"aligncenter size-full wp-image-862\" src=\"http:\/\/www.todolivo.com\/wp-content\/uploads\/Todolivo_cortijos.jpg\" alt=\"Todolivo_cortijos\" width=\"450\" height=\"249\" \/><\/p>\n<p><strong>2008<\/strong> Inicia um <strong>programa de melhoramento gen\u00e9tico<\/strong> para obter novas variedades de olival em sebe que sejam mais produtivas que o pai e a m\u00e3e, que sejam resistentes a doen\u00e7as e que permitam ter novos sabores de azeites. Realizam-se os cruzamentos e plantam-se 1345 novas variedades dos cruzamentos obtidos na \u2018Cruz de los Huertos\u2019 dos quais se pr\u00e9-selecionaram 38.<\/p>\n<p><strong>2009<\/strong> Adquire as primeiras colhedoras New Holland. Na atualidade conta com 13 m\u00e1quinas: 3 New Holland 7090 Dual, 8 New Holland 7090 Olive e 2 New Holland 9090 Olive.<\/p>\n<p>O Sistema Todolivo Olival em Sebe, devido entre outros fatores \u00e0 sua grande homogeneidade e alta implanta\u00e7\u00e3o no mercado, serviu de modelo \u00e0 New Holland para desenvolver a colhedora \u201cOlive\u201d.<\/p>\n<p>Nesse ano, a Todolivo amplia o seu cat\u00e1logo comercial, introduzindo <strong>novos compassos<\/strong> para planta\u00e7\u00f5es de olival em sebe de regadio, sequeiro e regadio de apoio, que requerem menor investimento e custos de manuten\u00e7\u00e3o.<\/p>\n<p><strong>2010<\/strong> Realiza um teste na propriedade de sequeiro \u2018El Calderito Bajo\u2019 para conhecer a produtividade e rendimento em teor de gordura do olival em sebe a diferentes compassos de planta\u00e7\u00e3o; ao mesmo tempo, inicia outra investiga\u00e7\u00e3o para estudar como influem as diferentes<br \/>\norienta\u00e7\u00f5es nas planta\u00e7\u00f5es de olival em sebe e outro para comparar a produtividade de diferentes variedades plantadas a diferentes larguras de rua.<\/p>\n<p>Neste ano realizam-se <strong>novos cruzamentos<\/strong> dentro do programa de melhoramento gen\u00e9tico iniciado em 2008.<\/p>\n<p><strong>2012<\/strong> Planta 543 novas variedades dos cruzamentos obtidas em 2009, das quais se pr\u00e9-selecionam 34.<\/p>\n<p><strong>2013<\/strong> Realiza na Tun\u00edsia a sua 1.a planta\u00e7\u00e3o de olival em sebe.<\/p>\n<p><strong>2014<\/strong> Realiza em Fran\u00e7a a sua 1.a planta\u00e7\u00e3o de olival em sebe.<\/p>\n<p><strong>2015<\/strong> S\u00e3o plantadas na propriedade \u2018La Mata\u2019 as 38 pr\u00e9-sele\u00e7\u00f5es de novas variedades para serem submetidas a uma nova avalia\u00e7\u00e3o.<\/p>\n<p><strong>2017<\/strong> S\u00e3o plantadas em 65 ha de sequeiro, nas propriedades de investiga\u00e7\u00e3o da Todolivo \u2018Las Hazuelas\u2019 e \u2018Calderito Alto\u2019, 102 variedades, 72 delas procedentes do programa de melhoramento gen\u00e9tico iniciado em 2008, que superaram em precocidade e produtividade os seus pais e m\u00e3es, e comparam-se com 30 variedades das mais procuradas. Este teste repete-se em 20 ha de regadio em \u2018Las Hazuelas\u2019.<\/p>\n<p>Desde ent\u00e3o at\u00e9 agora, a <strong>TODOLIVO<\/strong> j\u00e1 plantou com \u00eaxito mais de <strong>34.000 ha<\/strong> em regadio, sequeiro e regadio de apoio a diferentes compassos, tornando-se l\u00edder mundial em execu\u00e7\u00e3o e\u00a0 manuseamento t\u00e9cnico de planta\u00e7\u00f5es de olival em sebe. O seu inovador sistema de planta\u00e7\u00e3o bateu todos os recordes de qualidade e produtividade conhecidos at\u00e9 agora.<\/p>\n<p>&nbsp;<\/p>\n<\/li><!-- --><\/ul>\n<\/div><\/div>\n","protected":false},"excerpt":{"rendered":"","protected":false},"author":1,"featured_media":0,"parent":9019,"menu_order":0,"comment_status":"closed","ping_status":"closed","template":"g1_template_page_full_sections.php","meta":{"_lmt_disableupdate":"no","_lmt_disable":"","footnotes":""},"class_list":["post-9023","page","type-page","status-publish"],"yoast_head":"<!-- This site is optimized with the Yoast SEO plugin v26.9 - https:\/\/yoast.com\/product\/yoast-seo-wordpress\/ -->\n<title>Origem e evolu\u00e7\u00e3o - Todolivo - Pioneiros e especialistas em Olival em Sebe<\/title>\n<meta name=\"robots\" content=\"index, follow, max-snippet:-1, max-image-preview:large, max-video-preview:-1\" \/>\n<link rel=\"canonical\" href=\"https:\/\/www.todolivo.com\/pt-pt\/olival-em-sebe\/origem-e-evolucao\/\" \/>\n<meta property=\"og:locale\" content=\"pt_PT\" \/>\n<meta property=\"og:type\" content=\"article\" \/>\n<meta property=\"og:title\" content=\"Origem e evolu\u00e7\u00e3o - Todolivo - Pioneiros e especialistas em Olival em Sebe\" \/>\n<meta property=\"og:url\" content=\"https:\/\/www.todolivo.com\/pt-pt\/olival-em-sebe\/origem-e-evolucao\/\" \/>\n<meta property=\"og:site_name\" content=\"Todolivo - Pioneiros e especialistas em Olival em Sebe\" \/>\n<meta property=\"article:modified_time\" content=\"2023-07-17T05:51:48+00:00\" \/>\n<meta property=\"og:image\" content=\"http:\/\/www.todolivo.com\/wp-content\/uploads\/Todolivo_cortijos.jpg\" \/>\n<meta name=\"twitter:card\" content=\"summary_large_image\" \/>\n<meta name=\"twitter:label1\" content=\"Tempo estimado de leitura\" \/>\n\t<meta name=\"twitter:data1\" content=\"6 minutos\" \/>\n<script type=\"application\/ld+json\" class=\"yoast-schema-graph\">{\"@context\":\"https:\/\/schema.org\",\"@graph\":[{\"@type\":\"WebPage\",\"@id\":\"https:\/\/www.todolivo.com\/pt-pt\/olival-em-sebe\/origem-e-evolucao\/\",\"url\":\"https:\/\/www.todolivo.com\/pt-pt\/olival-em-sebe\/origem-e-evolucao\/\",\"name\":\"Origem e evolu\u00e7\u00e3o - Todolivo - Pioneiros e especialistas em Olival em Sebe\",\"isPartOf\":{\"@id\":\"https:\/\/www.todolivo.com\/#website\"},\"primaryImageOfPage\":{\"@id\":\"https:\/\/www.todolivo.com\/pt-pt\/olival-em-sebe\/origem-e-evolucao\/#primaryimage\"},\"image\":{\"@id\":\"https:\/\/www.todolivo.com\/pt-pt\/olival-em-sebe\/origem-e-evolucao\/#primaryimage\"},\"thumbnailUrl\":\"http:\/\/www.todolivo.com\/wp-content\/uploads\/Todolivo_cortijos.jpg\",\"datePublished\":\"2015-07-29T08:03:52+00:00\",\"dateModified\":\"2023-07-17T05:51:48+00:00\",\"breadcrumb\":{\"@id\":\"https:\/\/www.todolivo.com\/pt-pt\/olival-em-sebe\/origem-e-evolucao\/#breadcrumb\"},\"inLanguage\":\"pt-PT\",\"potentialAction\":[{\"@type\":\"ReadAction\",\"target\":[\"https:\/\/www.todolivo.com\/pt-pt\/olival-em-sebe\/origem-e-evolucao\/\"]}]},{\"@type\":\"ImageObject\",\"inLanguage\":\"pt-PT\",\"@id\":\"https:\/\/www.todolivo.com\/pt-pt\/olival-em-sebe\/origem-e-evolucao\/#primaryimage\",\"url\":\"http:\/\/www.todolivo.com\/wp-content\/uploads\/Todolivo_cortijos.jpg\",\"contentUrl\":\"http:\/\/www.todolivo.com\/wp-content\/uploads\/Todolivo_cortijos.jpg\"},{\"@type\":\"BreadcrumbList\",\"@id\":\"https:\/\/www.todolivo.com\/pt-pt\/olival-em-sebe\/origem-e-evolucao\/#breadcrumb\",\"itemListElement\":[{\"@type\":\"ListItem\",\"position\":1,\"name\":\"Home site\",\"item\":\"https:\/\/www.todolivo.com\/pt-pt\/\"},{\"@type\":\"ListItem\",\"position\":2,\"name\":\"Olival em Sebe\",\"item\":\"https:\/\/www.todolivo.com\/pt-pt\/olival-em-sebe\/\"},{\"@type\":\"ListItem\",\"position\":3,\"name\":\"Origem e evolu\u00e7\u00e3o\"}]},{\"@type\":\"WebSite\",\"@id\":\"https:\/\/www.todolivo.com\/#website\",\"url\":\"https:\/\/www.todolivo.com\/\",\"name\":\"Todolivo - Pioneiros e especialistas em Olival em Sebe\",\"description\":\"Todolivo - Pioneiros e especialistas em Olival em Sebe\",\"potentialAction\":[{\"@type\":\"SearchAction\",\"target\":{\"@type\":\"EntryPoint\",\"urlTemplate\":\"https:\/\/www.todolivo.com\/?s={search_term_string}\"},\"query-input\":{\"@type\":\"PropertyValueSpecification\",\"valueRequired\":true,\"valueName\":\"search_term_string\"}}],\"inLanguage\":\"pt-PT\"}]}<\/script>\n<!-- \/ Yoast SEO plugin. -->","yoast_head_json":{"title":"Origem e evolu\u00e7\u00e3o - Todolivo - Pioneiros e especialistas em Olival em Sebe","robots":{"index":"index","follow":"follow","max-snippet":"max-snippet:-1","max-image-preview":"max-image-preview:large","max-video-preview":"max-video-preview:-1"},"canonical":"https:\/\/www.todolivo.com\/pt-pt\/olival-em-sebe\/origem-e-evolucao\/","og_locale":"pt_PT","og_type":"article","og_title":"Origem e evolu\u00e7\u00e3o - Todolivo - Pioneiros e especialistas em Olival em Sebe","og_url":"https:\/\/www.todolivo.com\/pt-pt\/olival-em-sebe\/origem-e-evolucao\/","og_site_name":"Todolivo - Pioneiros e especialistas em Olival em Sebe","article_modified_time":"2023-07-17T05:51:48+00:00","og_image":[{"url":"http:\/\/www.todolivo.com\/wp-content\/uploads\/Todolivo_cortijos.jpg","type":"","width":"","height":""}],"twitter_card":"summary_large_image","twitter_misc":{"Tempo estimado de leitura":"6 minutos"},"schema":{"@context":"https:\/\/schema.org","@graph":[{"@type":"WebPage","@id":"https:\/\/www.todolivo.com\/pt-pt\/olival-em-sebe\/origem-e-evolucao\/","url":"https:\/\/www.todolivo.com\/pt-pt\/olival-em-sebe\/origem-e-evolucao\/","name":"Origem e evolu\u00e7\u00e3o - Todolivo - Pioneiros e especialistas em Olival em Sebe","isPartOf":{"@id":"https:\/\/www.todolivo.com\/#website"},"primaryImageOfPage":{"@id":"https:\/\/www.todolivo.com\/pt-pt\/olival-em-sebe\/origem-e-evolucao\/#primaryimage"},"image":{"@id":"https:\/\/www.todolivo.com\/pt-pt\/olival-em-sebe\/origem-e-evolucao\/#primaryimage"},"thumbnailUrl":"http:\/\/www.todolivo.com\/wp-content\/uploads\/Todolivo_cortijos.jpg","datePublished":"2015-07-29T08:03:52+00:00","dateModified":"2023-07-17T05:51:48+00:00","breadcrumb":{"@id":"https:\/\/www.todolivo.com\/pt-pt\/olival-em-sebe\/origem-e-evolucao\/#breadcrumb"},"inLanguage":"pt-PT","potentialAction":[{"@type":"ReadAction","target":["https:\/\/www.todolivo.com\/pt-pt\/olival-em-sebe\/origem-e-evolucao\/"]}]},{"@type":"ImageObject","inLanguage":"pt-PT","@id":"https:\/\/www.todolivo.com\/pt-pt\/olival-em-sebe\/origem-e-evolucao\/#primaryimage","url":"http:\/\/www.todolivo.com\/wp-content\/uploads\/Todolivo_cortijos.jpg","contentUrl":"http:\/\/www.todolivo.com\/wp-content\/uploads\/Todolivo_cortijos.jpg"},{"@type":"BreadcrumbList","@id":"https:\/\/www.todolivo.com\/pt-pt\/olival-em-sebe\/origem-e-evolucao\/#breadcrumb","itemListElement":[{"@type":"ListItem","position":1,"name":"Home site","item":"https:\/\/www.todolivo.com\/pt-pt\/"},{"@type":"ListItem","position":2,"name":"Olival em Sebe","item":"https:\/\/www.todolivo.com\/pt-pt\/olival-em-sebe\/"},{"@type":"ListItem","position":3,"name":"Origem e evolu\u00e7\u00e3o"}]},{"@type":"WebSite","@id":"https:\/\/www.todolivo.com\/#website","url":"https:\/\/www.todolivo.com\/","name":"Todolivo - Pioneiros e especialistas em Olival em Sebe","description":"Todolivo - Pioneiros e especialistas em Olival em Sebe","potentialAction":[{"@type":"SearchAction","target":{"@type":"EntryPoint","urlTemplate":"https:\/\/www.todolivo.com\/?s={search_term_string}"},"query-input":{"@type":"PropertyValueSpecification","valueRequired":true,"valueName":"search_term_string"}}],"inLanguage":"pt-PT"}]}},"_links":{"self":[{"href":"https:\/\/www.todolivo.com\/pt-pt\/wp-json\/wp\/v2\/pages\/9023","targetHints":{"allow":["GET"]}}],"collection":[{"href":"https:\/\/www.todolivo.com\/pt-pt\/wp-json\/wp\/v2\/pages"}],"about":[{"href":"https:\/\/www.todolivo.com\/pt-pt\/wp-json\/wp\/v2\/types\/page"}],"author":[{"embeddable":true,"href":"https:\/\/www.todolivo.com\/pt-pt\/wp-json\/wp\/v2\/users\/1"}],"replies":[{"embeddable":true,"href":"https:\/\/www.todolivo.com\/pt-pt\/wp-json\/wp\/v2\/comments?post=9023"}],"version-history":[{"count":8,"href":"https:\/\/www.todolivo.com\/pt-pt\/wp-json\/wp\/v2\/pages\/9023\/revisions"}],"predecessor-version":[{"id":49772,"href":"https:\/\/www.todolivo.com\/pt-pt\/wp-json\/wp\/v2\/pages\/9023\/revisions\/49772"}],"up":[{"embeddable":true,"href":"https:\/\/www.todolivo.com\/pt-pt\/wp-json\/wp\/v2\/pages\/9019"}],"wp:attachment":[{"href":"https:\/\/www.todolivo.com\/pt-pt\/wp-json\/wp\/v2\/media?parent=9023"}],"curies":[{"name":"wp","href":"https:\/\/api.w.org\/{rel}","templated":true}]}}