{"id":9019,"date":"2015-07-29T08:53:55","date_gmt":"2015-07-29T07:53:55","guid":{"rendered":"http:\/\/todolivo.com\/pt-pt\/?page_id=9019"},"modified":"2020-02-18T23:35:06","modified_gmt":"2020-02-18T22:35:06","slug":"olival-em-sebe","status":"publish","type":"page","link":"https:\/\/www.todolivo.com\/pt-pt\/olival-em-sebe\/","title":{"rendered":"Olival em Sebe"},"content":{"rendered":"<h2 style=\"text-align: center;\">CONHE\u00c7A AS CHAVES DO NOSSO SISTEMA<\/h2>\n<div id=\"g1-box-counter-1\" class=\"g1-box g1-box--simple  g1-box--noicon\" ><div class=\"g1-box__inner\">\n<table width=\"100%\" border=\"0\">\n<tbody>\n<tr>\n<td width=\"128\"><a href=\"http:\/\/todolivo.com\/pt-pt\/olival-em-sebe\/origem-e-evolucao\/\"><img decoding=\"async\" class=\"aligncenter wp-image-5892\" src=\"https:\/\/www.todolivo.com\/wp-content\/uploads\/\/OlivarenSeto_Nacimiento-y-Evolucion-150x150.jpg\" alt=\"OlivarenSeto_Nacimiento-y-Evolucion\" width=\"125\" height=\"125\" srcset=\"https:\/\/www.todolivo.com\/wp-content\/uploads\/OlivarenSeto_Nacimiento-y-Evolucion-150x150.jpg 150w, https:\/\/www.todolivo.com\/wp-content\/uploads\/OlivarenSeto_Nacimiento-y-Evolucion-55x55.jpg 55w, https:\/\/www.todolivo.com\/wp-content\/uploads\/OlivarenSeto_Nacimiento-y-Evolucion-239x239.jpg 239w, https:\/\/www.todolivo.com\/wp-content\/uploads\/OlivarenSeto_Nacimiento-y-Evolucion.jpg 296w\" sizes=\"(max-width: 125px) 100vw, 125px\" \/><\/a><\/td>\n<td width=\"128\"><a title=\"En qu\u00e9 consiste y con qu\u00e9 objetivo\" href=\"http:\/\/todolivo.com\/pt-pt\/olival-em-sebe\/em-que-consiste-e-com-que-objetivo\/\"><img decoding=\"async\" class=\"aligncenter wp-image-5894\" src=\"https:\/\/www.todolivo.com\/wp-content\/uploads\/\/OlivarenSeto_Enqueconsiste-150x150.jpg\" alt=\"OlivarenSeto_Enqueconsiste\" width=\"125\" height=\"125\" srcset=\"https:\/\/www.todolivo.com\/wp-content\/uploads\/OlivarenSeto_Enqueconsiste-150x150.jpg 150w, https:\/\/www.todolivo.com\/wp-content\/uploads\/OlivarenSeto_Enqueconsiste-55x55.jpg 55w, https:\/\/www.todolivo.com\/wp-content\/uploads\/OlivarenSeto_Enqueconsiste-239x240.jpg 239w, https:\/\/www.todolivo.com\/wp-content\/uploads\/OlivarenSeto_Enqueconsiste.jpg 291w\" sizes=\"(max-width: 125px) 100vw, 125px\" \/><\/a><\/td>\n<td width=\"128\"><a href=\"http:\/\/todolivo.com\/pt-pt\/olival-em-sebe\/principais-vantagens\/\"><img decoding=\"async\" class=\"aligncenter wp-image-5896\" src=\"https:\/\/www.todolivo.com\/wp-content\/uploads\/\/OlivarenSeto_PrincipalesBeneficios-150x150.jpg\" alt=\"OlivarenSeto_PrincipalesBeneficios\" width=\"125\" height=\"125\" srcset=\"https:\/\/www.todolivo.com\/wp-content\/uploads\/OlivarenSeto_PrincipalesBeneficios-150x150.jpg 150w, https:\/\/www.todolivo.com\/wp-content\/uploads\/OlivarenSeto_PrincipalesBeneficios-55x55.jpg 55w, https:\/\/www.todolivo.com\/wp-content\/uploads\/OlivarenSeto_PrincipalesBeneficios-239x239.jpg 239w, https:\/\/www.todolivo.com\/wp-content\/uploads\/OlivarenSeto_PrincipalesBeneficios.jpg 291w\" sizes=\"(max-width: 125px) 100vw, 125px\" \/><\/a><\/td>\n<td width=\"128\"><a href=\"http:\/\/todolivo.com\/pt-pt\/olival-em-sebe\/que-variedades-plantar\/\"><img loading=\"lazy\" decoding=\"async\" class=\" aligncenter wp-image-6231\" src=\"https:\/\/www.todolivo.com\/wp-content\/uploads\/\/Olivar-en-Seto_portada_que-variedad-plantar-150x150.jpg\" alt=\"Olivar-en-Seto_portada_que-variedad-plantar\" width=\"125\" height=\"125\" srcset=\"https:\/\/www.todolivo.com\/wp-content\/uploads\/Olivar-en-Seto_portada_que-variedad-plantar-150x150.jpg 150w, https:\/\/www.todolivo.com\/wp-content\/uploads\/Olivar-en-Seto_portada_que-variedad-plantar-55x55.jpg 55w\" sizes=\"(max-width: 125px) 100vw, 125px\" \/><\/a><\/td>\n<\/tr>\n<tr>\n<td style=\"text-align: center;\" width=\"128\"><a title=\"ORIGEM E EVOLU\u00c7\u00c3O - Todolivo\" href=\"http:\/\/todolivo.com\/pt-pt\/olival-em-sebe\/origem-e-evolucao\/\"><span class=\"tablatit\"><strong>ORIGEM E EVOLU\u00c7\u00c3O<\/strong><\/span><\/a><\/td>\n<td style=\"text-align: center;\" width=\"128\"><a href=\"http:\/\/todolivo.com\/pt-pt\/olival-em-sebe\/em-que-consiste-e-com-que-objetivo\/\"><span class=\"tablatit\"><strong>EM QUE CONSISTE?<\/strong><\/span><\/a><br \/>\n<a href=\"http:\/\/todolivo.com\/pt-pt\/olival-em-sebe\/em-que-consiste-e-com-que-objetivo\/\"> <span class=\"tablatit\"><strong>COM QUE OBJETIVO?<\/strong><\/span><\/a><\/td>\n<td style=\"text-align: center;\" width=\"128\"><a title=\"PRINCIPAIS VANTAGENS - Todolivo\" href=\"http:\/\/todolivo.com\/pt-pt\/olival-em-sebe\/principais-vantagens\/\"><span class=\"tablatit\"><strong>PRINCIPAIS VANTAGENS<\/strong><\/span><\/a><\/td>\n<td style=\"text-align: center;\" width=\"128\"><a title=\"\u00bfQue variedades plantar? - Todolivo\" href=\"http:\/\/todolivo.com\/pt-pt\/olival-em-sebe\/que-variedades-plantar\/\"><span class=\"tablatit\"><strong>QUE VARIEDADES<br \/>\nPLANTAR<\/strong><\/span><\/a><\/td>\n<\/tr>\n<tr>\n<td width=\"128\"><span id=\"g1-space-1\" class=\"g1-space \" style=\"height:10px;\"><\/span><a href=\"http:\/\/todolivo.com\/pt-pt\/olival-em-sebe\/evolucao-dos-compassos-da-plantacao\/\"><img loading=\"lazy\" decoding=\"async\" class=\"aligncenter wp-image-5898\" src=\"https:\/\/www.todolivo.com\/wp-content\/uploads\/\/OlivarenSeto_EvolucionMarcos-150x150.jpg\" alt=\"OlivarenSeto_EvolucionMarcos\" width=\"125\" height=\"125\" srcset=\"https:\/\/www.todolivo.com\/wp-content\/uploads\/OlivarenSeto_EvolucionMarcos-150x150.jpg 150w, https:\/\/www.todolivo.com\/wp-content\/uploads\/OlivarenSeto_EvolucionMarcos-55x55.jpg 55w, https:\/\/www.todolivo.com\/wp-content\/uploads\/OlivarenSeto_EvolucionMarcos-239x239.jpg 239w, https:\/\/www.todolivo.com\/wp-content\/uploads\/OlivarenSeto_EvolucionMarcos.jpg 293w\" sizes=\"(max-width: 125px) 100vw, 125px\" \/><\/a><\/td>\n<td width=\"128\"><span id=\"g1-space-2\" class=\"g1-space \" style=\"height:10px;\"><\/span><a href=\"https:\/\/www.todolivo.com\/pt-pt\/olival-em-sebe\/os-novos-compassos-de-plantacao\/\"><img loading=\"lazy\" decoding=\"async\" class=\"aligncenter wp-image-5900\" src=\"https:\/\/www.todolivo.com\/wp-content\/uploads\/\/OlivarenSeto_NuevosMarcos-150x150.jpg\" alt=\"OlivarenSeto_NuevosMarcos\" width=\"125\" height=\"125\" srcset=\"https:\/\/www.todolivo.com\/wp-content\/uploads\/OlivarenSeto_NuevosMarcos-150x150.jpg 150w, https:\/\/www.todolivo.com\/wp-content\/uploads\/OlivarenSeto_NuevosMarcos-55x55.jpg 55w, https:\/\/www.todolivo.com\/wp-content\/uploads\/OlivarenSeto_NuevosMarcos-239x239.jpg 239w, https:\/\/www.todolivo.com\/wp-content\/uploads\/OlivarenSeto_NuevosMarcos.jpg 293w\" sizes=\"(max-width: 125px) 100vw, 125px\" \/><\/a><\/td>\n<td width=\"128\"><span id=\"g1-space-3\" class=\"g1-space \" style=\"height:10px;\"><\/span><a href=\"http:\/\/todolivo.com\/pt-pt\/olival-em-sebe\/plantacoes-multivarietais-em-sebe\/\"><img loading=\"lazy\" decoding=\"async\" class=\"aligncenter wp-image-5905\" src=\"https:\/\/www.todolivo.com\/wp-content\/uploads\/\/OlivarenSeto_Plantaciones-150x150.jpg\" alt=\"OlivarenSeto_Plantaciones\" width=\"125\" height=\"125\" srcset=\"https:\/\/www.todolivo.com\/wp-content\/uploads\/OlivarenSeto_Plantaciones-150x150.jpg 150w, https:\/\/www.todolivo.com\/wp-content\/uploads\/OlivarenSeto_Plantaciones-55x55.jpg 55w, https:\/\/www.todolivo.com\/wp-content\/uploads\/OlivarenSeto_Plantaciones-239x239.jpg 239w, https:\/\/www.todolivo.com\/wp-content\/uploads\/OlivarenSeto_Plantaciones.jpg 294w\" sizes=\"(max-width: 125px) 100vw, 125px\" \/><\/a><\/td>\n<td width=\"128\"><span id=\"g1-space-4\" class=\"g1-space \" style=\"height:10px;\"><\/span><a href=\"http:\/\/todolivo.com\/pt-pt\/olival-em-sebe\/olival-de-sequeiro-em-sebe\/\"><img loading=\"lazy\" decoding=\"async\" class=\"aligncenter wp-image-5907\" src=\"https:\/\/www.todolivo.com\/wp-content\/uploads\/\/OlivarenSeto_Secano-150x150.jpg\" alt=\"OlivarenSeto_Secano\" width=\"125\" height=\"125\" srcset=\"https:\/\/www.todolivo.com\/wp-content\/uploads\/OlivarenSeto_Secano-150x150.jpg 150w, https:\/\/www.todolivo.com\/wp-content\/uploads\/OlivarenSeto_Secano-55x55.jpg 55w, https:\/\/www.todolivo.com\/wp-content\/uploads\/OlivarenSeto_Secano-239x239.jpg 239w, https:\/\/www.todolivo.com\/wp-content\/uploads\/OlivarenSeto_Secano.jpg 291w\" sizes=\"(max-width: 125px) 100vw, 125px\" \/><\/a><\/td>\n<\/tr>\n<tr>\n<td style=\"text-align: center;\" width=\"128\"><a title=\"Todolivo\" href=\"http:\/\/todolivo.com\/pt-pt\/olival-em-sebe\/evolucao-dos-compassos-da-plantacao\/\"><span class=\"tablatit\"><strong>EVOLU\u00c7\u00c3O DOS<br \/>\nCOMPASSOS DA PLANTA\u00c7\u00c3ON<\/strong><\/span><\/a><\/td>\n<td style=\"text-align: center;\" width=\"128\"><a title=\"Todolivo\" href=\"https:\/\/www.todolivo.com\/pt-pt\/olival-em-sebe\/os-novos-compassos-de-plantacao\/\"><span class=\"tablatit\"><strong>NOVOS COMPASSOS<br \/>\nDE PLANTA\u00c7\u00c3O<\/strong><\/span><\/a><\/td>\n<td style=\"text-align: center;\" width=\"128\"><a title=\"Todolivo\" href=\"http:\/\/todolivo.com\/pt-pt\/olival-em-sebe\/plantacoes-multivarietais-em-sebe\/\"><span class=\"tablatit\"><strong>PLANTA\u00c7\u00d5ES<br \/>\nMULTIVARIETAIS<\/strong><\/span><\/a><\/td>\n<td style=\"text-align: center;\" width=\"128\"><a title=\"Todolivo\" href=\"http:\/\/todolivo.com\/pt-pt\/olival-em-sebe\/olival-de-sequeiro-em-sebe\/\"><span class=\"tablatit\"><strong>OLIVAL DE SEQUEIRO<br \/>\nEM SEBE<\/strong><\/span><\/a><\/td>\n<\/tr>\n<tr>\n<td width=\"128\"><span id=\"g1-space-5\" class=\"g1-space \" style=\"height:10px;\"><\/span><a href=\"http:\/\/todolivo.com\/pt-pt\/olival-em-sebe\/olival-ecologico-em-sebe\/\"><img loading=\"lazy\" decoding=\"async\" class=\"aligncenter wp-image-5909\" src=\"https:\/\/www.todolivo.com\/wp-content\/uploads\/\/OlivarenSeto_Ecologico-150x150.jpg\" alt=\"OlivarenSeto_Ecologico\" width=\"125\" height=\"125\" srcset=\"https:\/\/www.todolivo.com\/wp-content\/uploads\/OlivarenSeto_Ecologico-150x150.jpg 150w, https:\/\/www.todolivo.com\/wp-content\/uploads\/OlivarenSeto_Ecologico-55x55.jpg 55w, https:\/\/www.todolivo.com\/wp-content\/uploads\/OlivarenSeto_Ecologico-239x239.jpg 239w, https:\/\/www.todolivo.com\/wp-content\/uploads\/OlivarenSeto_Ecologico.jpg 294w\" sizes=\"(max-width: 125px) 100vw, 125px\" \/><\/a><\/td>\n<td width=\"128\"><span id=\"g1-space-6\" class=\"g1-space \" style=\"height:10px;\"><\/span><a href=\"http:\/\/todolivo.com\/pt-pt\/olival-em-sebe\/olival-em-sebe-para-azeitona-de-mesa\/\"><img loading=\"lazy\" decoding=\"async\" class=\"aligncenter wp-image-5911\" src=\"https:\/\/www.todolivo.com\/wp-content\/uploads\/\/OlivarenSeto_Verdeo-150x150.jpg\" alt=\"OlivarenSeto_Verdeo\" width=\"125\" height=\"125\" srcset=\"https:\/\/www.todolivo.com\/wp-content\/uploads\/OlivarenSeto_Verdeo-150x150.jpg 150w, https:\/\/www.todolivo.com\/wp-content\/uploads\/OlivarenSeto_Verdeo-55x55.jpg 55w, https:\/\/www.todolivo.com\/wp-content\/uploads\/OlivarenSeto_Verdeo-239x239.jpg 239w, https:\/\/www.todolivo.com\/wp-content\/uploads\/OlivarenSeto_Verdeo.jpg 293w\" sizes=\"(max-width: 125px) 100vw, 125px\" \/><\/a><\/td>\n<td width=\"128\"><span id=\"g1-space-7\" class=\"g1-space \" style=\"height:10px;\"><\/span><a href=\"http:\/\/todolivo.com\/pt-pt\/olival-em-sebe\/sistemas-de-tutoramento\/\"><img loading=\"lazy\" decoding=\"async\" class=\"aligncenter wp-image-5913\" src=\"https:\/\/www.todolivo.com\/wp-content\/uploads\/\/OlivarenSeto_Entutorado-150x150.jpg\" alt=\"OlivarenSeto_Entutorado\" width=\"125\" height=\"125\" srcset=\"https:\/\/www.todolivo.com\/wp-content\/uploads\/OlivarenSeto_Entutorado-150x150.jpg 150w, https:\/\/www.todolivo.com\/wp-content\/uploads\/OlivarenSeto_Entutorado-55x55.jpg 55w, https:\/\/www.todolivo.com\/wp-content\/uploads\/OlivarenSeto_Entutorado-239x239.jpg 239w, https:\/\/www.todolivo.com\/wp-content\/uploads\/OlivarenSeto_Entutorado.jpg 295w\" sizes=\"(max-width: 125px) 100vw, 125px\" \/><\/a><\/td>\n<td width=\"128\"><span id=\"g1-space-8\" class=\"g1-space \" style=\"height:10px;\"><\/span><a href=\"http:\/\/todolivo.com\/pt-pt\/olival-em-sebe\/litonita\/\"><img loading=\"lazy\" decoding=\"async\" class=\"aligncenter wp-image-4665\" src=\"https:\/\/www.todolivo.com\/wp-content\/uploads\/\/Servicios_litonita-150x150.jpg\" alt=\"Servicios_litonita\" width=\"125\" height=\"125\" srcset=\"https:\/\/www.todolivo.com\/wp-content\/uploads\/Servicios_litonita-150x150.jpg 150w, https:\/\/www.todolivo.com\/wp-content\/uploads\/Servicios_litonita.jpg 300w, https:\/\/www.todolivo.com\/wp-content\/uploads\/Servicios_litonita-55x55.jpg 55w, https:\/\/www.todolivo.com\/wp-content\/uploads\/Servicios_litonita-239x238.jpg 239w\" sizes=\"(max-width: 125px) 100vw, 125px\" \/><\/a><\/td>\n<\/tr>\n<tr>\n<td style=\"text-align: center;\" width=\"128\"><a title=\"Olivar ecol\u00f3gico en seto - Todolivo\" href=\"http:\/\/todolivo.com\/pt-pt\/olival-em-sebe\/olival-ecologico-em-sebe\/\"><span class=\"tablatit\"><strong>OLIVAL ECOL\u00d3GICO<br \/>\nEM SEBE<\/strong><\/span><\/a><\/td>\n<td style=\"text-align: center;\" width=\"128\"><a title=\"Olivar en Seto de Verdeo - Todolivo\" href=\"http:\/\/todolivo.com\/pt-pt\/olival-em-sebe\/olival-em-sebe-para-azeitona-de-mesa\/\"><span class=\"tablatit\"><strong>OLIVAL EM SEBE<br \/>\nAZEITONA DE MESA<\/strong><\/span><\/a><\/td>\n<td style=\"text-align: center;\" width=\"128\"><a title=\"Sistemas de Entutorado - Todolivo\" href=\"http:\/\/todolivo.com\/pt-pt\/olival-em-sebe\/sistemas-de-tutoramento\/\"><span class=\"tablatit\"><strong>SISTEMAS DE<br \/>\nTUTORAMENTO<\/strong><\/span><\/a><\/td>\n<td style=\"text-align: center;\" width=\"128\"><a title=\"Litonita fertilizaci\u00f3n org\u00e1nica - Todolivo\" href=\"http:\/\/todolivo.com\/pt-pt\/olival-em-sebe\/litonita\/\"><span class=\"tablatit\"><strong>LITONITA<br \/>\nFERTILIZA\u00c7\u00c3O ECOL\u00d3GICA<\/strong><\/span><\/a><\/td>\n<\/tr>\n<tr>\n<td width=\"128\"><span id=\"g1-space-9\" class=\"g1-space \" style=\"height:10px;\"><\/span><a href=\"http:\/\/todolivo.com\/pt-pt\/olival-em-sebe\/a-poda-do-olival-em-sebe-no-sistema-todolivo\/\"><img loading=\"lazy\" decoding=\"async\" class=\"aligncenter wp-image-5916\" src=\"https:\/\/www.todolivo.com\/wp-content\/uploads\/\/OlivarenSeto_PodaSeto-150x150.jpg\" alt=\"OlivarenSeto_PodaSeto\" width=\"125\" height=\"125\" srcset=\"https:\/\/www.todolivo.com\/wp-content\/uploads\/OlivarenSeto_PodaSeto-150x150.jpg 150w, https:\/\/www.todolivo.com\/wp-content\/uploads\/OlivarenSeto_PodaSeto-55x55.jpg 55w, https:\/\/www.todolivo.com\/wp-content\/uploads\/OlivarenSeto_PodaSeto-239x239.jpg 239w, https:\/\/www.todolivo.com\/wp-content\/uploads\/OlivarenSeto_PodaSeto.jpg 290w\" sizes=\"(max-width: 125px) 100vw, 125px\" \/><\/a><\/td>\n<td width=\"128\"><span id=\"g1-space-10\" class=\"g1-space \" style=\"height:10px;\"><\/span><a title=\"La recolecci\u00f3n con cosechadora - Todolivo\" href=\"http:\/\/todolivo.com\/pt-pt\/olival-em-sebe\/colheita-com-colhedora\/\"><img loading=\"lazy\" decoding=\"async\" class=\"aligncenter wp-image-5918\" src=\"https:\/\/www.todolivo.com\/wp-content\/uploads\/\/OlivarenSeto_Calidad-150x150.jpg\" alt=\"OlivarenSeto_Calidad\" width=\"125\" height=\"125\" srcset=\"https:\/\/www.todolivo.com\/wp-content\/uploads\/OlivarenSeto_Calidad-150x150.jpg 150w, https:\/\/www.todolivo.com\/wp-content\/uploads\/OlivarenSeto_Calidad-55x55.jpg 55w, https:\/\/www.todolivo.com\/wp-content\/uploads\/OlivarenSeto_Calidad-239x239.jpg 239w, https:\/\/www.todolivo.com\/wp-content\/uploads\/OlivarenSeto_Calidad.jpg 290w\" sizes=\"(max-width: 125px) 100vw, 125px\" \/><\/a><\/td>\n<td width=\"128\"><span id=\"g1-space-11\" class=\"g1-space \" style=\"height:10px;\"><\/span><a href=\"http:\/\/todolivo.com\/pt-pt\/olival-em-sebe\/custos-de-producao\/\"><img loading=\"lazy\" decoding=\"async\" class=\"aligncenter wp-image-5920\" src=\"https:\/\/www.todolivo.com\/wp-content\/uploads\/\/OlivarenSeto_ComparativaCostos-150x150.jpg\" alt=\"OlivarenSeto_ComparativaCostos\" width=\"125\" height=\"125\" srcset=\"https:\/\/www.todolivo.com\/wp-content\/uploads\/OlivarenSeto_ComparativaCostos-150x150.jpg 150w, https:\/\/www.todolivo.com\/wp-content\/uploads\/OlivarenSeto_ComparativaCostos-55x55.jpg 55w, https:\/\/www.todolivo.com\/wp-content\/uploads\/OlivarenSeto_ComparativaCostos-239x239.jpg 239w, https:\/\/www.todolivo.com\/wp-content\/uploads\/OlivarenSeto_ComparativaCostos.jpg 284w\" sizes=\"(max-width: 125px) 100vw, 125px\" \/><\/a><\/td>\n<td width=\"128\"><span id=\"g1-space-12\" class=\"g1-space \" style=\"height:10px;\"><\/span><a href=\"http:\/\/todolivo.com\/pt-pt\/olival-em-sebe\/exemplos-de-olivais-em-sebe\/\"><img loading=\"lazy\" decoding=\"async\" class=\"aligncenter wp-image-5922\" src=\"https:\/\/www.todolivo.com\/wp-content\/uploads\/\/OlivarenSeto_DatosProduccionFincas-150x150.jpg\" alt=\"OlivarenSeto_DatosProduccionFincas\" width=\"125\" height=\"125\" srcset=\"https:\/\/www.todolivo.com\/wp-content\/uploads\/OlivarenSeto_DatosProduccionFincas-150x150.jpg 150w, https:\/\/www.todolivo.com\/wp-content\/uploads\/OlivarenSeto_DatosProduccionFincas-55x55.jpg 55w, https:\/\/www.todolivo.com\/wp-content\/uploads\/OlivarenSeto_DatosProduccionFincas-239x239.jpg 239w, https:\/\/www.todolivo.com\/wp-content\/uploads\/OlivarenSeto_DatosProduccionFincas.jpg 287w\" sizes=\"(max-width: 125px) 100vw, 125px\" \/><\/a><\/td>\n<\/tr>\n<tr>\n<td style=\"text-align: center;\" width=\"128\"><a title=\"La poda en el sistema Todolivo olivar en seto\" href=\"http:\/\/todolivo.com\/pt-pt\/olival-em-sebe\/a-poda-do-olival-em-sebe-no-sistema-todolivo\/\"><span class=\"tablatit\"><strong>A PODA EM SEBE<\/strong><\/span><\/a><\/td>\n<td style=\"text-align: center;\" width=\"128\"><a title=\"La recolecci\u00f3n con cosechadora - Todolivo\" href=\"http:\/\/todolivo.com\/pt-pt\/olival-em-sebe\/colheita-com-colhedora\/\"><span class=\"tablatit\"><strong>A QUALIDADE NO<br \/>\nOLIVAL EM SEBE<\/strong><\/span><\/a><\/td>\n<td style=\"text-align: center;\" width=\"128\"><a title=\"Costes de Producci\u00f3n - Todolivo\" href=\"http:\/\/todolivo.com\/pt-pt\/olival-em-sebe\/custos-de-producao\/\"><span class=\"tablatit\"><strong>AN\u00c1LISE COMPARATIVA<br \/>\nDOS CUSTOS DE PRODU\u00c7\u00c3O<br \/>\n<\/strong><\/span><\/a><\/td>\n<td style=\"text-align: center;\" width=\"128\"><a title=\"Ejemplos de Producci\u00f3n en Fincas - Todolivo\" href=\"http:\/\/todolivo.com\/pt-pt\/olival-em-sebe\/exemplos-de-olivais-em-sebe\/\"><span class=\"tablatit\"><strong>DADOS DE PRODU\u00c7\u00c3O<br \/>\nEM EXPLORA\u00c7\u00d5ES AGR\u00cdCOLAS<\/strong><\/span><\/a><\/td>\n<\/tr>\n<\/tbody>\n<\/table>\n<\/div><\/div>\n","protected":false},"excerpt":{"rendered":"<p>CONHE\u00c7A AS CHAVES DO NOSSO SISTEMA<\/p>\n","protected":false},"author":1,"featured_media":0,"parent":0,"menu_order":0,"comment_status":"closed","ping_status":"closed","template":"","meta":{"_lmt_disableupdate":"no","_lmt_disable":"","footnotes":""},"class_list":["post-9019","page","type-page","status-publish"],"yoast_head":"<!-- This site is optimized with the Yoast SEO plugin v26.9 - https:\/\/yoast.com\/product\/yoast-seo-wordpress\/ -->\n<title>Olival em Sebe - Todolivo - Pioneiros e especialistas em Olival em Sebe<\/title>\n<meta name=\"robots\" content=\"index, follow, max-snippet:-1, max-image-preview:large, max-video-preview:-1\" \/>\n<link rel=\"canonical\" href=\"https:\/\/www.todolivo.com\/pt-pt\/olival-em-sebe\/\" \/>\n<meta property=\"og:locale\" content=\"pt_PT\" \/>\n<meta property=\"og:type\" content=\"article\" \/>\n<meta property=\"og:title\" content=\"Olival em Sebe - Todolivo - Pioneiros e especialistas em Olival em Sebe\" \/>\n<meta property=\"og:description\" content=\"CONHE\u00c7A AS CHAVES DO NOSSO SISTEMA\" \/>\n<meta property=\"og:url\" content=\"https:\/\/www.todolivo.com\/pt-pt\/olival-em-sebe\/\" \/>\n<meta property=\"og:site_name\" content=\"Todolivo - Pioneiros e especialistas em Olival em Sebe\" \/>\n<meta property=\"article:modified_time\" content=\"2020-02-18T22:35:06+00:00\" \/>\n<meta property=\"og:image\" content=\"https:\/\/www.todolivo.com\/wp-content\/uploads\/\/OlivarenSeto_Nacimiento-y-Evolucion-150x150.jpg\" \/>\n<meta name=\"twitter:card\" content=\"summary_large_image\" \/>\n<meta name=\"twitter:label1\" content=\"Tempo estimado de leitura\" \/>\n\t<meta name=\"twitter:data1\" content=\"1 minuto\" \/>\n<script type=\"application\/ld+json\" class=\"yoast-schema-graph\">{\"@context\":\"https:\/\/schema.org\",\"@graph\":[{\"@type\":\"WebPage\",\"@id\":\"https:\/\/www.todolivo.com\/pt-pt\/olival-em-sebe\/\",\"url\":\"https:\/\/www.todolivo.com\/pt-pt\/olival-em-sebe\/\",\"name\":\"Olival em Sebe - Todolivo - Pioneiros e especialistas em Olival em Sebe\",\"isPartOf\":{\"@id\":\"https:\/\/www.todolivo.com\/#website\"},\"primaryImageOfPage\":{\"@id\":\"https:\/\/www.todolivo.com\/pt-pt\/olival-em-sebe\/#primaryimage\"},\"image\":{\"@id\":\"https:\/\/www.todolivo.com\/pt-pt\/olival-em-sebe\/#primaryimage\"},\"thumbnailUrl\":\"https:\/\/www.todolivo.com\/wp-content\/uploads\/\/OlivarenSeto_Nacimiento-y-Evolucion-150x150.jpg\",\"datePublished\":\"2015-07-29T07:53:55+00:00\",\"dateModified\":\"2020-02-18T22:35:06+00:00\",\"breadcrumb\":{\"@id\":\"https:\/\/www.todolivo.com\/pt-pt\/olival-em-sebe\/#breadcrumb\"},\"inLanguage\":\"pt-PT\",\"potentialAction\":[{\"@type\":\"ReadAction\",\"target\":[\"https:\/\/www.todolivo.com\/pt-pt\/olival-em-sebe\/\"]}]},{\"@type\":\"ImageObject\",\"inLanguage\":\"pt-PT\",\"@id\":\"https:\/\/www.todolivo.com\/pt-pt\/olival-em-sebe\/#primaryimage\",\"url\":\"https:\/\/www.todolivo.com\/wp-content\/uploads\/\/OlivarenSeto_Nacimiento-y-Evolucion-150x150.jpg\",\"contentUrl\":\"https:\/\/www.todolivo.com\/wp-content\/uploads\/\/OlivarenSeto_Nacimiento-y-Evolucion-150x150.jpg\"},{\"@type\":\"BreadcrumbList\",\"@id\":\"https:\/\/www.todolivo.com\/pt-pt\/olival-em-sebe\/#breadcrumb\",\"itemListElement\":[{\"@type\":\"ListItem\",\"position\":1,\"name\":\"Home site\",\"item\":\"https:\/\/www.todolivo.com\/pt-pt\/\"},{\"@type\":\"ListItem\",\"position\":2,\"name\":\"Olival em Sebe\"}]},{\"@type\":\"WebSite\",\"@id\":\"https:\/\/www.todolivo.com\/#website\",\"url\":\"https:\/\/www.todolivo.com\/\",\"name\":\"Todolivo - Pioneiros e especialistas em Olival em Sebe\",\"description\":\"Todolivo - Pioneiros e especialistas em Olival em Sebe\",\"potentialAction\":[{\"@type\":\"SearchAction\",\"target\":{\"@type\":\"EntryPoint\",\"urlTemplate\":\"https:\/\/www.todolivo.com\/?s={search_term_string}\"},\"query-input\":{\"@type\":\"PropertyValueSpecification\",\"valueRequired\":true,\"valueName\":\"search_term_string\"}}],\"inLanguage\":\"pt-PT\"}]}<\/script>\n<!-- \/ Yoast SEO plugin. -->","yoast_head_json":{"title":"Olival em Sebe - Todolivo - Pioneiros e especialistas em Olival em Sebe","robots":{"index":"index","follow":"follow","max-snippet":"max-snippet:-1","max-image-preview":"max-image-preview:large","max-video-preview":"max-video-preview:-1"},"canonical":"https:\/\/www.todolivo.com\/pt-pt\/olival-em-sebe\/","og_locale":"pt_PT","og_type":"article","og_title":"Olival em Sebe - Todolivo - Pioneiros e especialistas em Olival em Sebe","og_description":"CONHE\u00c7A AS CHAVES DO NOSSO SISTEMA","og_url":"https:\/\/www.todolivo.com\/pt-pt\/olival-em-sebe\/","og_site_name":"Todolivo - Pioneiros e especialistas em Olival em Sebe","article_modified_time":"2020-02-18T22:35:06+00:00","og_image":[{"url":"https:\/\/www.todolivo.com\/wp-content\/uploads\/\/OlivarenSeto_Nacimiento-y-Evolucion-150x150.jpg","type":"","width":"","height":""}],"twitter_card":"summary_large_image","twitter_misc":{"Tempo estimado de leitura":"1 minuto"},"schema":{"@context":"https:\/\/schema.org","@graph":[{"@type":"WebPage","@id":"https:\/\/www.todolivo.com\/pt-pt\/olival-em-sebe\/","url":"https:\/\/www.todolivo.com\/pt-pt\/olival-em-sebe\/","name":"Olival em Sebe - Todolivo - Pioneiros e especialistas em Olival em Sebe","isPartOf":{"@id":"https:\/\/www.todolivo.com\/#website"},"primaryImageOfPage":{"@id":"https:\/\/www.todolivo.com\/pt-pt\/olival-em-sebe\/#primaryimage"},"image":{"@id":"https:\/\/www.todolivo.com\/pt-pt\/olival-em-sebe\/#primaryimage"},"thumbnailUrl":"https:\/\/www.todolivo.com\/wp-content\/uploads\/\/OlivarenSeto_Nacimiento-y-Evolucion-150x150.jpg","datePublished":"2015-07-29T07:53:55+00:00","dateModified":"2020-02-18T22:35:06+00:00","breadcrumb":{"@id":"https:\/\/www.todolivo.com\/pt-pt\/olival-em-sebe\/#breadcrumb"},"inLanguage":"pt-PT","potentialAction":[{"@type":"ReadAction","target":["https:\/\/www.todolivo.com\/pt-pt\/olival-em-sebe\/"]}]},{"@type":"ImageObject","inLanguage":"pt-PT","@id":"https:\/\/www.todolivo.com\/pt-pt\/olival-em-sebe\/#primaryimage","url":"https:\/\/www.todolivo.com\/wp-content\/uploads\/\/OlivarenSeto_Nacimiento-y-Evolucion-150x150.jpg","contentUrl":"https:\/\/www.todolivo.com\/wp-content\/uploads\/\/OlivarenSeto_Nacimiento-y-Evolucion-150x150.jpg"},{"@type":"BreadcrumbList","@id":"https:\/\/www.todolivo.com\/pt-pt\/olival-em-sebe\/#breadcrumb","itemListElement":[{"@type":"ListItem","position":1,"name":"Home site","item":"https:\/\/www.todolivo.com\/pt-pt\/"},{"@type":"ListItem","position":2,"name":"Olival em Sebe"}]},{"@type":"WebSite","@id":"https:\/\/www.todolivo.com\/#website","url":"https:\/\/www.todolivo.com\/","name":"Todolivo - Pioneiros e especialistas em Olival em Sebe","description":"Todolivo - Pioneiros e especialistas em Olival em Sebe","potentialAction":[{"@type":"SearchAction","target":{"@type":"EntryPoint","urlTemplate":"https:\/\/www.todolivo.com\/?s={search_term_string}"},"query-input":{"@type":"PropertyValueSpecification","valueRequired":true,"valueName":"search_term_string"}}],"inLanguage":"pt-PT"}]}},"_links":{"self":[{"href":"https:\/\/www.todolivo.com\/pt-pt\/wp-json\/wp\/v2\/pages\/9019","targetHints":{"allow":["GET"]}}],"collection":[{"href":"https:\/\/www.todolivo.com\/pt-pt\/wp-json\/wp\/v2\/pages"}],"about":[{"href":"https:\/\/www.todolivo.com\/pt-pt\/wp-json\/wp\/v2\/types\/page"}],"author":[{"embeddable":true,"href":"https:\/\/www.todolivo.com\/pt-pt\/wp-json\/wp\/v2\/users\/1"}],"replies":[{"embeddable":true,"href":"https:\/\/www.todolivo.com\/pt-pt\/wp-json\/wp\/v2\/comments?post=9019"}],"version-history":[{"count":6,"href":"https:\/\/www.todolivo.com\/pt-pt\/wp-json\/wp\/v2\/pages\/9019\/revisions"}],"predecessor-version":[{"id":20870,"href":"https:\/\/www.todolivo.com\/pt-pt\/wp-json\/wp\/v2\/pages\/9019\/revisions\/20870"}],"wp:attachment":[{"href":"https:\/\/www.todolivo.com\/pt-pt\/wp-json\/wp\/v2\/media?parent=9019"}],"curies":[{"name":"wp","href":"https:\/\/api.w.org\/{rel}","templated":true}]}}