{"id":9003,"date":"2015-07-27T11:34:51","date_gmt":"2015-07-27T10:34:51","guid":{"rendered":"http:\/\/todolivo.com\/pt-pt\/?page_id=9003"},"modified":"2015-07-27T11:34:51","modified_gmt":"2015-07-27T10:34:51","slug":"triturador","status":"publish","type":"page","link":"https:\/\/www.todolivo.com\/pt-pt\/servico-integral-todolivo\/materiais-e-equipamentos-agricolas\/triturador\/","title":{"rendered":"Triturador"},"content":{"rendered":"<style type=\"text\/css\" scoped=\"scoped\">#g1-button-1.g1-button {color: #ffffff; background-color: #38500e; border-color: #38500e;}<\/style><a id=\"g1-button-1\" class=\"g1-button g1-button--medium g1-button--solid g1-button--wide \" href=\"#\" ><i class=\"fa fa-leaf\"><\/i>Dispomos de todos os acess\u00f3rios necess\u00e1rios para o seu olival<\/a>\n<ul class=\"g1-grid\"><li class=\"g1-column g1-one-half g1-valign-top\">\n<p><img fetchpriority=\"high\" decoding=\"async\" class=\"alignnone size-full wp-image-2911\" src=\"http:\/\/todolivo.com\/wp-content\/uploads\/Todolivo_trituradora.jpg\" alt=\"Todolivo_trituradora\" width=\"400\" height=\"275\" srcset=\"https:\/\/www.todolivo.com\/wp-content\/uploads\/Todolivo_trituradora.jpg 400w, https:\/\/www.todolivo.com\/wp-content\/uploads\/Todolivo_trituradora-300x206.jpg 300w, https:\/\/www.todolivo.com\/wp-content\/uploads\/Todolivo_trituradora-55x37.jpg 55w, https:\/\/www.todolivo.com\/wp-content\/uploads\/Todolivo_trituradora-320x220.jpg 320w, https:\/\/www.todolivo.com\/wp-content\/uploads\/Todolivo_trituradora-239x164.jpg 239w\" sizes=\"(max-width: 400px) 100vw, 400px\" \/><\/p>\n<div align=\"center\"><a class=\"boton\" href=\"http:\/\/todolivo.com\/pt-pt\/solicitar-mais-informacoes\/\" target=\"new\"><img decoding=\"async\" class=\"alignleft wp-image-6678\" style=\"margin-top: -12px;\" src=\"http:\/\/todolivo.com\/wp-content\/uploads\/boton-info.png\" alt=\"boton info\" width=\"50\" height=\"48\" srcset=\"https:\/\/www.todolivo.com\/wp-content\/uploads\/boton-info.png 60w, https:\/\/www.todolivo.com\/wp-content\/uploads\/boton-info-55x53.png 55w\" sizes=\"(max-width: 50px) 100vw, 50px\" \/><span style=\"color: #ffffff;\">Solicitar mais informa\u00e7\u00f5es<\/span><\/a><\/div>\n<\/li><!-- -->\n<li class=\"g1-column g1-one-half g1-valign-top\">\n<h3>TRITURADOR<\/h3>\n<h4>Descri\u00e7\u00e3o<\/h4>\n<p>Triturador de ramos de oliveira provenientes da poda (rama entre 10 e 15 cm de di\u00e2metro).<\/p>\n<p>Robusto, fi\u00e1vel, ideal para estilhar a rama da poda de cultivares em sebe. Dispon\u00edvel com tr\u00eas larguras de trabalho (150, 175 ou 200 cm).<\/p>\n<p><strong>Principais caracter\u00edsticas t\u00e9cnicas:<\/strong><\/p>\n<ul>\n<li>Veio de transmiss\u00e3o cardan, 540 rpm com roda livre.<\/li>\n<li>Deslocamento lateral.<\/li>\n<li>Dupla barreira de prote\u00e7\u00e3o na parte da frente.<\/li>\n<li>Corpo com dupla estrutura interior.<\/li>\n<li>Disco de tripla contra-faca dentada.<\/li>\n<\/ul>\n<\/li><!-- --><\/ul>\n","protected":false},"excerpt":{"rendered":"","protected":false},"author":1,"featured_media":2915,"parent":8989,"menu_order":0,"comment_status":"closed","ping_status":"closed","template":"","meta":{"_lmt_disableupdate":"","_lmt_disable":"","footnotes":""},"class_list":["post-9003","page","type-page","status-publish","has-post-thumbnail"],"yoast_head":"<!-- This site is optimized with the Yoast SEO plugin v26.9 - https:\/\/yoast.com\/product\/yoast-seo-wordpress\/ -->\n<title>Triturador - Todolivo - Pioneiros e especialistas em Olival em Sebe<\/title>\n<meta name=\"robots\" content=\"index, follow, max-snippet:-1, max-image-preview:large, max-video-preview:-1\" \/>\n<link rel=\"canonical\" href=\"https:\/\/www.todolivo.com\/pt-pt\/servico-integral-todolivo\/materiais-e-equipamentos-agricolas\/triturador\/\" \/>\n<meta property=\"og:locale\" content=\"pt_PT\" \/>\n<meta property=\"og:type\" content=\"article\" \/>\n<meta property=\"og:title\" content=\"Triturador - Todolivo - Pioneiros e especialistas em Olival em Sebe\" \/>\n<meta property=\"og:url\" content=\"https:\/\/www.todolivo.com\/pt-pt\/servico-integral-todolivo\/materiais-e-equipamentos-agricolas\/triturador\/\" \/>\n<meta property=\"og:site_name\" content=\"Todolivo - Pioneiros e especialistas em Olival em Sebe\" \/>\n<meta property=\"og:image\" content=\"https:\/\/www.todolivo.com\/wp-content\/uploads\/Todolivo_trituradora.jpg\" \/>\n\t<meta property=\"og:image:width\" content=\"400\" \/>\n\t<meta property=\"og:image:height\" content=\"275\" \/>\n\t<meta property=\"og:image:type\" content=\"image\/jpeg\" \/>\n<meta name=\"twitter:card\" content=\"summary_large_image\" \/>\n<meta name=\"twitter:label1\" content=\"Tempo estimado de leitura\" \/>\n\t<meta name=\"twitter:data1\" content=\"1 minuto\" \/>\n<script type=\"application\/ld+json\" class=\"yoast-schema-graph\">{\"@context\":\"https:\/\/schema.org\",\"@graph\":[{\"@type\":\"WebPage\",\"@id\":\"https:\/\/www.todolivo.com\/pt-pt\/servico-integral-todolivo\/materiais-e-equipamentos-agricolas\/triturador\/\",\"url\":\"https:\/\/www.todolivo.com\/pt-pt\/servico-integral-todolivo\/materiais-e-equipamentos-agricolas\/triturador\/\",\"name\":\"Triturador - Todolivo - Pioneiros e especialistas em Olival em Sebe\",\"isPartOf\":{\"@id\":\"https:\/\/www.todolivo.com\/#website\"},\"primaryImageOfPage\":{\"@id\":\"https:\/\/www.todolivo.com\/pt-pt\/servico-integral-todolivo\/materiais-e-equipamentos-agricolas\/triturador\/#primaryimage\"},\"image\":{\"@id\":\"https:\/\/www.todolivo.com\/pt-pt\/servico-integral-todolivo\/materiais-e-equipamentos-agricolas\/triturador\/#primaryimage\"},\"thumbnailUrl\":\"https:\/\/www.todolivo.com\/wp-content\/uploads\/Todolivo_trituradora.jpg\",\"datePublished\":\"2015-07-27T10:34:51+00:00\",\"breadcrumb\":{\"@id\":\"https:\/\/www.todolivo.com\/pt-pt\/servico-integral-todolivo\/materiais-e-equipamentos-agricolas\/triturador\/#breadcrumb\"},\"inLanguage\":\"pt-PT\",\"potentialAction\":[{\"@type\":\"ReadAction\",\"target\":[\"https:\/\/www.todolivo.com\/pt-pt\/servico-integral-todolivo\/materiais-e-equipamentos-agricolas\/triturador\/\"]}]},{\"@type\":\"ImageObject\",\"inLanguage\":\"pt-PT\",\"@id\":\"https:\/\/www.todolivo.com\/pt-pt\/servico-integral-todolivo\/materiais-e-equipamentos-agricolas\/triturador\/#primaryimage\",\"url\":\"https:\/\/www.todolivo.com\/wp-content\/uploads\/Todolivo_trituradora.jpg\",\"contentUrl\":\"https:\/\/www.todolivo.com\/wp-content\/uploads\/Todolivo_trituradora.jpg\",\"width\":400,\"height\":275},{\"@type\":\"BreadcrumbList\",\"@id\":\"https:\/\/www.todolivo.com\/pt-pt\/servico-integral-todolivo\/materiais-e-equipamentos-agricolas\/triturador\/#breadcrumb\",\"itemListElement\":[{\"@type\":\"ListItem\",\"position\":1,\"name\":\"Home site\",\"item\":\"https:\/\/www.todolivo.com\/pt-pt\/\"},{\"@type\":\"ListItem\",\"position\":2,\"name\":\"Servi\u00e7o Integral Todolivo\",\"item\":\"https:\/\/www.todolivo.com\/pt-pt\/servico-integral-todolivo\/\"},{\"@type\":\"ListItem\",\"position\":3,\"name\":\"Materiais e Equipamentos Agr\u00edcolas\",\"item\":\"https:\/\/www.todolivo.com\/pt-pt\/servico-integral-todolivo\/materiais-e-equipamentos-agricolas\/\"},{\"@type\":\"ListItem\",\"position\":4,\"name\":\"Triturador\"}]},{\"@type\":\"WebSite\",\"@id\":\"https:\/\/www.todolivo.com\/#website\",\"url\":\"https:\/\/www.todolivo.com\/\",\"name\":\"Todolivo - Pioneiros e especialistas em Olival em Sebe\",\"description\":\"Todolivo - Pioneiros e especialistas em Olival em Sebe\",\"potentialAction\":[{\"@type\":\"SearchAction\",\"target\":{\"@type\":\"EntryPoint\",\"urlTemplate\":\"https:\/\/www.todolivo.com\/?s={search_term_string}\"},\"query-input\":{\"@type\":\"PropertyValueSpecification\",\"valueRequired\":true,\"valueName\":\"search_term_string\"}}],\"inLanguage\":\"pt-PT\"}]}<\/script>\n<!-- \/ Yoast SEO plugin. -->","yoast_head_json":{"title":"Triturador - Todolivo - Pioneiros e especialistas em Olival em Sebe","robots":{"index":"index","follow":"follow","max-snippet":"max-snippet:-1","max-image-preview":"max-image-preview:large","max-video-preview":"max-video-preview:-1"},"canonical":"https:\/\/www.todolivo.com\/pt-pt\/servico-integral-todolivo\/materiais-e-equipamentos-agricolas\/triturador\/","og_locale":"pt_PT","og_type":"article","og_title":"Triturador - Todolivo - Pioneiros e especialistas em Olival em Sebe","og_url":"https:\/\/www.todolivo.com\/pt-pt\/servico-integral-todolivo\/materiais-e-equipamentos-agricolas\/triturador\/","og_site_name":"Todolivo - Pioneiros e especialistas em Olival em Sebe","og_image":[{"width":400,"height":275,"url":"https:\/\/www.todolivo.com\/wp-content\/uploads\/Todolivo_trituradora.jpg","type":"image\/jpeg"}],"twitter_card":"summary_large_image","twitter_misc":{"Tempo estimado de leitura":"1 minuto"},"schema":{"@context":"https:\/\/schema.org","@graph":[{"@type":"WebPage","@id":"https:\/\/www.todolivo.com\/pt-pt\/servico-integral-todolivo\/materiais-e-equipamentos-agricolas\/triturador\/","url":"https:\/\/www.todolivo.com\/pt-pt\/servico-integral-todolivo\/materiais-e-equipamentos-agricolas\/triturador\/","name":"Triturador - Todolivo - Pioneiros e especialistas em Olival em Sebe","isPartOf":{"@id":"https:\/\/www.todolivo.com\/#website"},"primaryImageOfPage":{"@id":"https:\/\/www.todolivo.com\/pt-pt\/servico-integral-todolivo\/materiais-e-equipamentos-agricolas\/triturador\/#primaryimage"},"image":{"@id":"https:\/\/www.todolivo.com\/pt-pt\/servico-integral-todolivo\/materiais-e-equipamentos-agricolas\/triturador\/#primaryimage"},"thumbnailUrl":"https:\/\/www.todolivo.com\/wp-content\/uploads\/Todolivo_trituradora.jpg","datePublished":"2015-07-27T10:34:51+00:00","breadcrumb":{"@id":"https:\/\/www.todolivo.com\/pt-pt\/servico-integral-todolivo\/materiais-e-equipamentos-agricolas\/triturador\/#breadcrumb"},"inLanguage":"pt-PT","potentialAction":[{"@type":"ReadAction","target":["https:\/\/www.todolivo.com\/pt-pt\/servico-integral-todolivo\/materiais-e-equipamentos-agricolas\/triturador\/"]}]},{"@type":"ImageObject","inLanguage":"pt-PT","@id":"https:\/\/www.todolivo.com\/pt-pt\/servico-integral-todolivo\/materiais-e-equipamentos-agricolas\/triturador\/#primaryimage","url":"https:\/\/www.todolivo.com\/wp-content\/uploads\/Todolivo_trituradora.jpg","contentUrl":"https:\/\/www.todolivo.com\/wp-content\/uploads\/Todolivo_trituradora.jpg","width":400,"height":275},{"@type":"BreadcrumbList","@id":"https:\/\/www.todolivo.com\/pt-pt\/servico-integral-todolivo\/materiais-e-equipamentos-agricolas\/triturador\/#breadcrumb","itemListElement":[{"@type":"ListItem","position":1,"name":"Home site","item":"https:\/\/www.todolivo.com\/pt-pt\/"},{"@type":"ListItem","position":2,"name":"Servi\u00e7o Integral Todolivo","item":"https:\/\/www.todolivo.com\/pt-pt\/servico-integral-todolivo\/"},{"@type":"ListItem","position":3,"name":"Materiais e Equipamentos Agr\u00edcolas","item":"https:\/\/www.todolivo.com\/pt-pt\/servico-integral-todolivo\/materiais-e-equipamentos-agricolas\/"},{"@type":"ListItem","position":4,"name":"Triturador"}]},{"@type":"WebSite","@id":"https:\/\/www.todolivo.com\/#website","url":"https:\/\/www.todolivo.com\/","name":"Todolivo - Pioneiros e especialistas em Olival em Sebe","description":"Todolivo - Pioneiros e especialistas em Olival em Sebe","potentialAction":[{"@type":"SearchAction","target":{"@type":"EntryPoint","urlTemplate":"https:\/\/www.todolivo.com\/?s={search_term_string}"},"query-input":{"@type":"PropertyValueSpecification","valueRequired":true,"valueName":"search_term_string"}}],"inLanguage":"pt-PT"}]}},"_links":{"self":[{"href":"https:\/\/www.todolivo.com\/pt-pt\/wp-json\/wp\/v2\/pages\/9003","targetHints":{"allow":["GET"]}}],"collection":[{"href":"https:\/\/www.todolivo.com\/pt-pt\/wp-json\/wp\/v2\/pages"}],"about":[{"href":"https:\/\/www.todolivo.com\/pt-pt\/wp-json\/wp\/v2\/types\/page"}],"author":[{"embeddable":true,"href":"https:\/\/www.todolivo.com\/pt-pt\/wp-json\/wp\/v2\/users\/1"}],"replies":[{"embeddable":true,"href":"https:\/\/www.todolivo.com\/pt-pt\/wp-json\/wp\/v2\/comments?post=9003"}],"version-history":[{"count":1,"href":"https:\/\/www.todolivo.com\/pt-pt\/wp-json\/wp\/v2\/pages\/9003\/revisions"}],"predecessor-version":[{"id":9004,"href":"https:\/\/www.todolivo.com\/pt-pt\/wp-json\/wp\/v2\/pages\/9003\/revisions\/9004"}],"up":[{"embeddable":true,"href":"https:\/\/www.todolivo.com\/pt-pt\/wp-json\/wp\/v2\/pages\/8989"}],"wp:featuredmedia":[{"embeddable":true,"href":"https:\/\/www.todolivo.com\/pt-pt\/wp-json\/wp\/v2\/media\/2915"}],"wp:attachment":[{"href":"https:\/\/www.todolivo.com\/pt-pt\/wp-json\/wp\/v2\/media?parent=9003"}],"curies":[{"name":"wp","href":"https:\/\/api.w.org\/{rel}","templated":true}]}}