{"id":8997,"date":"2015-07-27T11:21:01","date_gmt":"2015-07-27T10:21:01","guid":{"rendered":"http:\/\/todolivo.com\/pt-pt\/?page_id=8997"},"modified":"2015-07-27T11:21:01","modified_gmt":"2015-07-27T10:21:01","slug":"despontadoras","status":"publish","type":"page","link":"https:\/\/www.todolivo.com\/pt-pt\/servico-integral-todolivo\/materiais-e-equipamentos-agricolas\/despontadoras\/","title":{"rendered":"Despontadoras"},"content":{"rendered":"<style type=\"text\/css\" scoped=\"scoped\">#g1-button-1.g1-button {color: #ffffff; background-color: #38500e; border-color: #38500e;}<\/style><a id=\"g1-button-1\" class=\"g1-button g1-button--medium g1-button--solid g1-button--wide \" href=\"#\" ><i class=\"fa fa-leaf\"><\/i>Dispomos de todos os acess\u00f3rios necess\u00e1rios para o seu olival<\/a>\n<ul class=\"g1-grid\"><li class=\"g1-column g1-one-half g1-valign-top\">\n<p><img fetchpriority=\"high\" decoding=\"async\" class=\"alignleft wp-image-2894 size-full\" style=\"margin-right: 15px;\" src=\"http:\/\/todolivo.com\/wp-content\/uploads\/Todolivo_despuntadoras.jpg\" alt=\"Todolivo_despuntadoras\" width=\"342\" height=\"400\" srcset=\"https:\/\/www.todolivo.com\/wp-content\/uploads\/Todolivo_despuntadoras.jpg 342w, https:\/\/www.todolivo.com\/wp-content\/uploads\/Todolivo_despuntadoras-256x300.jpg 256w, https:\/\/www.todolivo.com\/wp-content\/uploads\/Todolivo_despuntadoras-55x64.jpg 55w, https:\/\/www.todolivo.com\/wp-content\/uploads\/Todolivo_despuntadoras-320x374.jpg 320w, https:\/\/www.todolivo.com\/wp-content\/uploads\/Todolivo_despuntadoras-239x279.jpg 239w\" sizes=\"(max-width: 342px) 100vw, 342px\" \/><\/p>\n<\/li><!-- -->\n<li class=\"g1-column g1-one-half g1-valign-top\">\n<h3>DESPONTADORAS DOS RAMOS DA BASE<\/h3>\n<h4>Descri\u00e7\u00e3o<\/h4>\n<p>Concebida para cortar os ramos da base de oliveiras em sebe. Facas leves mas robustas, acopladas na parte da frente do trator atrav\u00e9s de um sistema de engate r\u00e1pido.<\/p>\n<p><strong>Principais caracter\u00edsticas t\u00e9cnicas:<\/strong><\/p>\n<ul>\n<li>Barras de corte refor\u00e7adas, de elevada precis\u00e3o e resist\u00eancia.<\/li>\n<li>Eleva\u00e7\u00e3o e inclina\u00e7\u00e3o hidr\u00e1ulica.<\/li>\n<li>Sistema de press\u00e3o constante (as fun\u00e7\u00f5es hidr\u00e1ulicas podem funcionar em simult\u00e2neo).<\/li>\n<li>Regula\u00e7\u00e3o da sensibilidade da barra de corte por molas de press\u00e3o.<\/li>\n<li>Barra de corte com palpador mec\u00e2nico no tronco.<\/li>\n<li>Comandos el\u00e9tricos na cabine.<\/li>\n<li>Regula\u00e7\u00e3o do \u00e2ngulo de incid\u00eancia.<\/li>\n<\/ul>\n<\/li><!-- --><\/ul>\n<div align=\"center\"><a class=\"boton\" href=\"http:\/\/todolivo.com\/pt-pt\/solicitar-mais-informacoes\/\" target=\"new\"><img decoding=\"async\" class=\"alignleft wp-image-6678\" style=\"margin-top: -12px;\" src=\"http:\/\/todolivo.com\/wp-content\/uploads\/boton-info.png\" alt=\"boton info\" width=\"50\" height=\"48\" srcset=\"https:\/\/www.todolivo.com\/wp-content\/uploads\/boton-info.png 60w, https:\/\/www.todolivo.com\/wp-content\/uploads\/boton-info-55x53.png 55w\" sizes=\"(max-width: 50px) 100vw, 50px\" \/><span style=\"color: #ffffff;\">Solicitar mais informa\u00e7\u00f5es<\/span><\/a><\/div>\n","protected":false},"excerpt":{"rendered":"<p>Solicitar mais informa\u00e7\u00f5es<\/p>\n","protected":false},"author":1,"featured_media":2898,"parent":8989,"menu_order":0,"comment_status":"closed","ping_status":"closed","template":"","meta":{"_lmt_disableupdate":"","_lmt_disable":"","footnotes":""},"class_list":["post-8997","page","type-page","status-publish","has-post-thumbnail"],"yoast_head":"<!-- This site is optimized with the Yoast SEO plugin v26.9 - https:\/\/yoast.com\/product\/yoast-seo-wordpress\/ -->\n<title>Despontadoras - Todolivo - Pioneiros e especialistas em Olival em Sebe<\/title>\n<meta name=\"robots\" content=\"index, follow, max-snippet:-1, max-image-preview:large, max-video-preview:-1\" \/>\n<link rel=\"canonical\" href=\"https:\/\/www.todolivo.com\/pt-pt\/servico-integral-todolivo\/materiais-e-equipamentos-agricolas\/despontadoras\/\" \/>\n<meta property=\"og:locale\" content=\"pt_PT\" \/>\n<meta property=\"og:type\" content=\"article\" \/>\n<meta property=\"og:title\" content=\"Despontadoras - Todolivo - Pioneiros e especialistas em Olival em Sebe\" \/>\n<meta property=\"og:description\" content=\"Solicitar mais informa\u00e7\u00f5es\" \/>\n<meta property=\"og:url\" content=\"https:\/\/www.todolivo.com\/pt-pt\/servico-integral-todolivo\/materiais-e-equipamentos-agricolas\/despontadoras\/\" \/>\n<meta property=\"og:site_name\" content=\"Todolivo - Pioneiros e especialistas em Olival em Sebe\" \/>\n<meta property=\"og:image\" content=\"https:\/\/www.todolivo.com\/wp-content\/uploads\/Todolivo_despuntadoras.jpg\" \/>\n\t<meta property=\"og:image:width\" content=\"342\" \/>\n\t<meta property=\"og:image:height\" content=\"400\" \/>\n\t<meta property=\"og:image:type\" content=\"image\/jpeg\" \/>\n<meta name=\"twitter:card\" content=\"summary_large_image\" \/>\n<meta name=\"twitter:label1\" content=\"Tempo estimado de leitura\" \/>\n\t<meta name=\"twitter:data1\" content=\"1 minuto\" \/>\n<script type=\"application\/ld+json\" class=\"yoast-schema-graph\">{\"@context\":\"https:\/\/schema.org\",\"@graph\":[{\"@type\":\"WebPage\",\"@id\":\"https:\/\/www.todolivo.com\/pt-pt\/servico-integral-todolivo\/materiais-e-equipamentos-agricolas\/despontadoras\/\",\"url\":\"https:\/\/www.todolivo.com\/pt-pt\/servico-integral-todolivo\/materiais-e-equipamentos-agricolas\/despontadoras\/\",\"name\":\"Despontadoras - Todolivo - Pioneiros e especialistas em Olival em Sebe\",\"isPartOf\":{\"@id\":\"https:\/\/www.todolivo.com\/#website\"},\"primaryImageOfPage\":{\"@id\":\"https:\/\/www.todolivo.com\/pt-pt\/servico-integral-todolivo\/materiais-e-equipamentos-agricolas\/despontadoras\/#primaryimage\"},\"image\":{\"@id\":\"https:\/\/www.todolivo.com\/pt-pt\/servico-integral-todolivo\/materiais-e-equipamentos-agricolas\/despontadoras\/#primaryimage\"},\"thumbnailUrl\":\"https:\/\/www.todolivo.com\/wp-content\/uploads\/Todolivo_despuntadoras.jpg\",\"datePublished\":\"2015-07-27T10:21:01+00:00\",\"breadcrumb\":{\"@id\":\"https:\/\/www.todolivo.com\/pt-pt\/servico-integral-todolivo\/materiais-e-equipamentos-agricolas\/despontadoras\/#breadcrumb\"},\"inLanguage\":\"pt-PT\",\"potentialAction\":[{\"@type\":\"ReadAction\",\"target\":[\"https:\/\/www.todolivo.com\/pt-pt\/servico-integral-todolivo\/materiais-e-equipamentos-agricolas\/despontadoras\/\"]}]},{\"@type\":\"ImageObject\",\"inLanguage\":\"pt-PT\",\"@id\":\"https:\/\/www.todolivo.com\/pt-pt\/servico-integral-todolivo\/materiais-e-equipamentos-agricolas\/despontadoras\/#primaryimage\",\"url\":\"https:\/\/www.todolivo.com\/wp-content\/uploads\/Todolivo_despuntadoras.jpg\",\"contentUrl\":\"https:\/\/www.todolivo.com\/wp-content\/uploads\/Todolivo_despuntadoras.jpg\",\"width\":342,\"height\":400},{\"@type\":\"BreadcrumbList\",\"@id\":\"https:\/\/www.todolivo.com\/pt-pt\/servico-integral-todolivo\/materiais-e-equipamentos-agricolas\/despontadoras\/#breadcrumb\",\"itemListElement\":[{\"@type\":\"ListItem\",\"position\":1,\"name\":\"Home site\",\"item\":\"https:\/\/www.todolivo.com\/pt-pt\/\"},{\"@type\":\"ListItem\",\"position\":2,\"name\":\"Servi\u00e7o Integral Todolivo\",\"item\":\"https:\/\/www.todolivo.com\/pt-pt\/servico-integral-todolivo\/\"},{\"@type\":\"ListItem\",\"position\":3,\"name\":\"Materiais e Equipamentos Agr\u00edcolas\",\"item\":\"https:\/\/www.todolivo.com\/pt-pt\/servico-integral-todolivo\/materiais-e-equipamentos-agricolas\/\"},{\"@type\":\"ListItem\",\"position\":4,\"name\":\"Despontadoras\"}]},{\"@type\":\"WebSite\",\"@id\":\"https:\/\/www.todolivo.com\/#website\",\"url\":\"https:\/\/www.todolivo.com\/\",\"name\":\"Todolivo - Pioneiros e especialistas em Olival em Sebe\",\"description\":\"Todolivo - Pioneiros e especialistas em Olival em Sebe\",\"potentialAction\":[{\"@type\":\"SearchAction\",\"target\":{\"@type\":\"EntryPoint\",\"urlTemplate\":\"https:\/\/www.todolivo.com\/?s={search_term_string}\"},\"query-input\":{\"@type\":\"PropertyValueSpecification\",\"valueRequired\":true,\"valueName\":\"search_term_string\"}}],\"inLanguage\":\"pt-PT\"}]}<\/script>\n<!-- \/ Yoast SEO plugin. -->","yoast_head_json":{"title":"Despontadoras - Todolivo - Pioneiros e especialistas em Olival em Sebe","robots":{"index":"index","follow":"follow","max-snippet":"max-snippet:-1","max-image-preview":"max-image-preview:large","max-video-preview":"max-video-preview:-1"},"canonical":"https:\/\/www.todolivo.com\/pt-pt\/servico-integral-todolivo\/materiais-e-equipamentos-agricolas\/despontadoras\/","og_locale":"pt_PT","og_type":"article","og_title":"Despontadoras - Todolivo - Pioneiros e especialistas em Olival em Sebe","og_description":"Solicitar mais informa\u00e7\u00f5es","og_url":"https:\/\/www.todolivo.com\/pt-pt\/servico-integral-todolivo\/materiais-e-equipamentos-agricolas\/despontadoras\/","og_site_name":"Todolivo - Pioneiros e especialistas em Olival em Sebe","og_image":[{"width":342,"height":400,"url":"https:\/\/www.todolivo.com\/wp-content\/uploads\/Todolivo_despuntadoras.jpg","type":"image\/jpeg"}],"twitter_card":"summary_large_image","twitter_misc":{"Tempo estimado de leitura":"1 minuto"},"schema":{"@context":"https:\/\/schema.org","@graph":[{"@type":"WebPage","@id":"https:\/\/www.todolivo.com\/pt-pt\/servico-integral-todolivo\/materiais-e-equipamentos-agricolas\/despontadoras\/","url":"https:\/\/www.todolivo.com\/pt-pt\/servico-integral-todolivo\/materiais-e-equipamentos-agricolas\/despontadoras\/","name":"Despontadoras - Todolivo - Pioneiros e especialistas em Olival em Sebe","isPartOf":{"@id":"https:\/\/www.todolivo.com\/#website"},"primaryImageOfPage":{"@id":"https:\/\/www.todolivo.com\/pt-pt\/servico-integral-todolivo\/materiais-e-equipamentos-agricolas\/despontadoras\/#primaryimage"},"image":{"@id":"https:\/\/www.todolivo.com\/pt-pt\/servico-integral-todolivo\/materiais-e-equipamentos-agricolas\/despontadoras\/#primaryimage"},"thumbnailUrl":"https:\/\/www.todolivo.com\/wp-content\/uploads\/Todolivo_despuntadoras.jpg","datePublished":"2015-07-27T10:21:01+00:00","breadcrumb":{"@id":"https:\/\/www.todolivo.com\/pt-pt\/servico-integral-todolivo\/materiais-e-equipamentos-agricolas\/despontadoras\/#breadcrumb"},"inLanguage":"pt-PT","potentialAction":[{"@type":"ReadAction","target":["https:\/\/www.todolivo.com\/pt-pt\/servico-integral-todolivo\/materiais-e-equipamentos-agricolas\/despontadoras\/"]}]},{"@type":"ImageObject","inLanguage":"pt-PT","@id":"https:\/\/www.todolivo.com\/pt-pt\/servico-integral-todolivo\/materiais-e-equipamentos-agricolas\/despontadoras\/#primaryimage","url":"https:\/\/www.todolivo.com\/wp-content\/uploads\/Todolivo_despuntadoras.jpg","contentUrl":"https:\/\/www.todolivo.com\/wp-content\/uploads\/Todolivo_despuntadoras.jpg","width":342,"height":400},{"@type":"BreadcrumbList","@id":"https:\/\/www.todolivo.com\/pt-pt\/servico-integral-todolivo\/materiais-e-equipamentos-agricolas\/despontadoras\/#breadcrumb","itemListElement":[{"@type":"ListItem","position":1,"name":"Home site","item":"https:\/\/www.todolivo.com\/pt-pt\/"},{"@type":"ListItem","position":2,"name":"Servi\u00e7o Integral Todolivo","item":"https:\/\/www.todolivo.com\/pt-pt\/servico-integral-todolivo\/"},{"@type":"ListItem","position":3,"name":"Materiais e Equipamentos Agr\u00edcolas","item":"https:\/\/www.todolivo.com\/pt-pt\/servico-integral-todolivo\/materiais-e-equipamentos-agricolas\/"},{"@type":"ListItem","position":4,"name":"Despontadoras"}]},{"@type":"WebSite","@id":"https:\/\/www.todolivo.com\/#website","url":"https:\/\/www.todolivo.com\/","name":"Todolivo - Pioneiros e especialistas em Olival em Sebe","description":"Todolivo - Pioneiros e especialistas em Olival em Sebe","potentialAction":[{"@type":"SearchAction","target":{"@type":"EntryPoint","urlTemplate":"https:\/\/www.todolivo.com\/?s={search_term_string}"},"query-input":{"@type":"PropertyValueSpecification","valueRequired":true,"valueName":"search_term_string"}}],"inLanguage":"pt-PT"}]}},"_links":{"self":[{"href":"https:\/\/www.todolivo.com\/pt-pt\/wp-json\/wp\/v2\/pages\/8997","targetHints":{"allow":["GET"]}}],"collection":[{"href":"https:\/\/www.todolivo.com\/pt-pt\/wp-json\/wp\/v2\/pages"}],"about":[{"href":"https:\/\/www.todolivo.com\/pt-pt\/wp-json\/wp\/v2\/types\/page"}],"author":[{"embeddable":true,"href":"https:\/\/www.todolivo.com\/pt-pt\/wp-json\/wp\/v2\/users\/1"}],"replies":[{"embeddable":true,"href":"https:\/\/www.todolivo.com\/pt-pt\/wp-json\/wp\/v2\/comments?post=8997"}],"version-history":[{"count":1,"href":"https:\/\/www.todolivo.com\/pt-pt\/wp-json\/wp\/v2\/pages\/8997\/revisions"}],"predecessor-version":[{"id":8998,"href":"https:\/\/www.todolivo.com\/pt-pt\/wp-json\/wp\/v2\/pages\/8997\/revisions\/8998"}],"up":[{"embeddable":true,"href":"https:\/\/www.todolivo.com\/pt-pt\/wp-json\/wp\/v2\/pages\/8989"}],"wp:featuredmedia":[{"embeddable":true,"href":"https:\/\/www.todolivo.com\/pt-pt\/wp-json\/wp\/v2\/media\/2898"}],"wp:attachment":[{"href":"https:\/\/www.todolivo.com\/pt-pt\/wp-json\/wp\/v2\/media?parent=8997"}],"curies":[{"name":"wp","href":"https:\/\/api.w.org\/{rel}","templated":true}]}}