{"id":8991,"date":"2015-07-27T11:08:30","date_gmt":"2015-07-27T10:08:30","guid":{"rendered":"http:\/\/todolivo.com\/pt-pt\/?page_id=8991"},"modified":"2015-07-27T11:08:30","modified_gmt":"2015-07-27T10:08:30","slug":"protetores","status":"publish","type":"page","link":"https:\/\/www.todolivo.com\/pt-pt\/servico-integral-todolivo\/materiais-e-equipamentos-agricolas\/protetores\/","title":{"rendered":"Protetores"},"content":{"rendered":"<style type=\"text\/css\" scoped=\"scoped\">#g1-button-1.g1-button {color: #ffffff; background-color: #38500e; border-color: #38500e;}<\/style><a id=\"g1-button-1\" class=\"g1-button g1-button--medium g1-button--solid g1-button--wide \" href=\"#\" ><i class=\"fa fa-leaf\"><\/i>Dispomos de todos os acess\u00f3rios necess\u00e1rios para o seu olival<\/a>\n<h3><img fetchpriority=\"high\" decoding=\"async\" class=\"alignleft wp-image-2838 size-full\" style=\"margin-right: 20px;\" src=\"http:\/\/todolivo.com\/wp-content\/uploads\/Todolivo_Protectores1.jpg\" alt=\"Todolivo_Protectores1\" width=\"341\" height=\"300\" srcset=\"https:\/\/www.todolivo.com\/wp-content\/uploads\/Todolivo_Protectores1.jpg 341w, https:\/\/www.todolivo.com\/wp-content\/uploads\/Todolivo_Protectores1-300x263.jpg 300w, https:\/\/www.todolivo.com\/wp-content\/uploads\/Todolivo_Protectores1-55x48.jpg 55w, https:\/\/www.todolivo.com\/wp-content\/uploads\/Todolivo_Protectores1-320x281.jpg 320w, https:\/\/www.todolivo.com\/wp-content\/uploads\/Todolivo_Protectores1-239x210.jpg 239w\" sizes=\"(max-width: 341px) 100vw, 341px\" \/><\/h3>\n<h3>PROTETORES &#8220;COMBI&#8221;<img decoding=\"async\" class=\"alignright  wp-image-2843\" src=\"http:\/\/todolivo.com\/wp-content\/uploads\/Todolivo_Protectores2.jpg\" alt=\"Todolivo_Protectores2\" width=\"167\" height=\"315\" srcset=\"https:\/\/www.todolivo.com\/wp-content\/uploads\/Todolivo_Protectores2.jpg 186w, https:\/\/www.todolivo.com\/wp-content\/uploads\/Todolivo_Protectores2-159x300.jpg 159w, https:\/\/www.todolivo.com\/wp-content\/uploads\/Todolivo_Protectores2-38x73.jpg 38w\" sizes=\"(max-width: 167px) 100vw, 167px\" \/><\/h3>\n<h4>Descri\u00e7\u00e3o<\/h4>\n<p>Protetor de polietileno de 20 x 50 cm. A parte inferior \u00e9 opaca  e a parte superior \u00e9 constitu\u00edda por uma rede de malha quadrada para favorecer o arejamento.<\/p>\n<p>Protege contra:<br \/>\nRoedores (Roedores (coelhos, lebres, toupeiras&#8230;)<\/p>\n<div align=\"center\"><a class=\"boton\" href=\"http:\/\/todolivo.com\/pt-pt\/solicitar-mais-informacoes\/\" target=\"new\"><img decoding=\"async\" class=\"alignleft wp-image-6678\" style=\"margin-top: -12px;\" src=\"http:\/\/todolivo.com\/wp-content\/uploads\/boton-info.png\" alt=\"boton info\" width=\"50\" height=\"48\" srcset=\"https:\/\/www.todolivo.com\/wp-content\/uploads\/boton-info.png 60w, https:\/\/www.todolivo.com\/wp-content\/uploads\/boton-info-55x53.png 55w\" sizes=\"(max-width: 50px) 100vw, 50px\" \/><span style=\"color: #ffffff;\">Solicitar mais informa\u00e7\u00f5es<\/span><\/a><\/div>\n","protected":false},"excerpt":{"rendered":"<p>PROTETORES &#8220;COMBI&#8221; Descri\u00e7\u00e3o Protetor de polietileno de 20 x 50 cm. A parte inferior \u00e9 opaca e a parte superior \u00e9 constitu\u00edda por uma rede de malha quadrada para favorecer o arejamento. Protege contra: Roedores (Roedores (coelhos, lebres, toupeiras&#8230;) Solicitar mais informa\u00e7\u00f5es<\/p>\n","protected":false},"author":1,"featured_media":2842,"parent":8989,"menu_order":0,"comment_status":"closed","ping_status":"closed","template":"","meta":{"_lmt_disableupdate":"","_lmt_disable":"","footnotes":""},"class_list":["post-8991","page","type-page","status-publish","has-post-thumbnail"],"yoast_head":"<!-- This site is optimized with the Yoast SEO plugin v26.9 - https:\/\/yoast.com\/product\/yoast-seo-wordpress\/ -->\n<title>Protetores - Todolivo - Pioneiros e especialistas em Olival em Sebe<\/title>\n<meta name=\"robots\" content=\"index, follow, max-snippet:-1, max-image-preview:large, max-video-preview:-1\" \/>\n<link rel=\"canonical\" href=\"https:\/\/www.todolivo.com\/pt-pt\/servico-integral-todolivo\/materiais-e-equipamentos-agricolas\/protetores\/\" \/>\n<meta property=\"og:locale\" content=\"pt_PT\" \/>\n<meta property=\"og:type\" content=\"article\" \/>\n<meta property=\"og:title\" content=\"Protetores - Todolivo - Pioneiros e especialistas em Olival em Sebe\" \/>\n<meta property=\"og:description\" content=\"PROTETORES &#8220;COMBI&#8221; Descri\u00e7\u00e3o Protetor de polietileno de 20 x 50 cm. A parte inferior \u00e9 opaca e a parte superior \u00e9 constitu\u00edda por uma rede de malha quadrada para favorecer o arejamento. Protege contra: Roedores (Roedores (coelhos, lebres, toupeiras&#8230;) Solicitar mais informa\u00e7\u00f5es\" \/>\n<meta property=\"og:url\" content=\"https:\/\/www.todolivo.com\/pt-pt\/servico-integral-todolivo\/materiais-e-equipamentos-agricolas\/protetores\/\" \/>\n<meta property=\"og:site_name\" content=\"Todolivo - Pioneiros e especialistas em Olival em Sebe\" \/>\n<meta property=\"og:image\" content=\"https:\/\/www.todolivo.com\/wp-content\/uploads\/Todolivo_Protectores1.jpg\" \/>\n\t<meta property=\"og:image:width\" content=\"341\" \/>\n\t<meta property=\"og:image:height\" content=\"300\" \/>\n\t<meta property=\"og:image:type\" content=\"image\/jpeg\" \/>\n<meta name=\"twitter:card\" content=\"summary_large_image\" \/>\n<script type=\"application\/ld+json\" class=\"yoast-schema-graph\">{\"@context\":\"https:\/\/schema.org\",\"@graph\":[{\"@type\":\"WebPage\",\"@id\":\"https:\/\/www.todolivo.com\/pt-pt\/servico-integral-todolivo\/materiais-e-equipamentos-agricolas\/protetores\/\",\"url\":\"https:\/\/www.todolivo.com\/pt-pt\/servico-integral-todolivo\/materiais-e-equipamentos-agricolas\/protetores\/\",\"name\":\"Protetores - Todolivo - Pioneiros e especialistas em Olival em Sebe\",\"isPartOf\":{\"@id\":\"https:\/\/www.todolivo.com\/#website\"},\"primaryImageOfPage\":{\"@id\":\"https:\/\/www.todolivo.com\/pt-pt\/servico-integral-todolivo\/materiais-e-equipamentos-agricolas\/protetores\/#primaryimage\"},\"image\":{\"@id\":\"https:\/\/www.todolivo.com\/pt-pt\/servico-integral-todolivo\/materiais-e-equipamentos-agricolas\/protetores\/#primaryimage\"},\"thumbnailUrl\":\"https:\/\/www.todolivo.com\/wp-content\/uploads\/Todolivo_Protectores1.jpg\",\"datePublished\":\"2015-07-27T10:08:30+00:00\",\"breadcrumb\":{\"@id\":\"https:\/\/www.todolivo.com\/pt-pt\/servico-integral-todolivo\/materiais-e-equipamentos-agricolas\/protetores\/#breadcrumb\"},\"inLanguage\":\"pt-PT\",\"potentialAction\":[{\"@type\":\"ReadAction\",\"target\":[\"https:\/\/www.todolivo.com\/pt-pt\/servico-integral-todolivo\/materiais-e-equipamentos-agricolas\/protetores\/\"]}]},{\"@type\":\"ImageObject\",\"inLanguage\":\"pt-PT\",\"@id\":\"https:\/\/www.todolivo.com\/pt-pt\/servico-integral-todolivo\/materiais-e-equipamentos-agricolas\/protetores\/#primaryimage\",\"url\":\"https:\/\/www.todolivo.com\/wp-content\/uploads\/Todolivo_Protectores1.jpg\",\"contentUrl\":\"https:\/\/www.todolivo.com\/wp-content\/uploads\/Todolivo_Protectores1.jpg\",\"width\":341,\"height\":300},{\"@type\":\"BreadcrumbList\",\"@id\":\"https:\/\/www.todolivo.com\/pt-pt\/servico-integral-todolivo\/materiais-e-equipamentos-agricolas\/protetores\/#breadcrumb\",\"itemListElement\":[{\"@type\":\"ListItem\",\"position\":1,\"name\":\"Home site\",\"item\":\"https:\/\/www.todolivo.com\/pt-pt\/\"},{\"@type\":\"ListItem\",\"position\":2,\"name\":\"Servi\u00e7o Integral Todolivo\",\"item\":\"https:\/\/www.todolivo.com\/pt-pt\/servico-integral-todolivo\/\"},{\"@type\":\"ListItem\",\"position\":3,\"name\":\"Materiais e Equipamentos Agr\u00edcolas\",\"item\":\"https:\/\/www.todolivo.com\/pt-pt\/servico-integral-todolivo\/materiais-e-equipamentos-agricolas\/\"},{\"@type\":\"ListItem\",\"position\":4,\"name\":\"Protetores\"}]},{\"@type\":\"WebSite\",\"@id\":\"https:\/\/www.todolivo.com\/#website\",\"url\":\"https:\/\/www.todolivo.com\/\",\"name\":\"Todolivo - Pioneiros e especialistas em Olival em Sebe\",\"description\":\"Todolivo - Pioneiros e especialistas em Olival em Sebe\",\"potentialAction\":[{\"@type\":\"SearchAction\",\"target\":{\"@type\":\"EntryPoint\",\"urlTemplate\":\"https:\/\/www.todolivo.com\/?s={search_term_string}\"},\"query-input\":{\"@type\":\"PropertyValueSpecification\",\"valueRequired\":true,\"valueName\":\"search_term_string\"}}],\"inLanguage\":\"pt-PT\"}]}<\/script>\n<!-- \/ Yoast SEO plugin. -->","yoast_head_json":{"title":"Protetores - Todolivo - Pioneiros e especialistas em Olival em Sebe","robots":{"index":"index","follow":"follow","max-snippet":"max-snippet:-1","max-image-preview":"max-image-preview:large","max-video-preview":"max-video-preview:-1"},"canonical":"https:\/\/www.todolivo.com\/pt-pt\/servico-integral-todolivo\/materiais-e-equipamentos-agricolas\/protetores\/","og_locale":"pt_PT","og_type":"article","og_title":"Protetores - Todolivo - Pioneiros e especialistas em Olival em Sebe","og_description":"PROTETORES &#8220;COMBI&#8221; Descri\u00e7\u00e3o Protetor de polietileno de 20 x 50 cm. A parte inferior \u00e9 opaca e a parte superior \u00e9 constitu\u00edda por uma rede de malha quadrada para favorecer o arejamento. Protege contra: Roedores (Roedores (coelhos, lebres, toupeiras&#8230;) Solicitar mais informa\u00e7\u00f5es","og_url":"https:\/\/www.todolivo.com\/pt-pt\/servico-integral-todolivo\/materiais-e-equipamentos-agricolas\/protetores\/","og_site_name":"Todolivo - Pioneiros e especialistas em Olival em Sebe","og_image":[{"width":341,"height":300,"url":"https:\/\/www.todolivo.com\/wp-content\/uploads\/Todolivo_Protectores1.jpg","type":"image\/jpeg"}],"twitter_card":"summary_large_image","schema":{"@context":"https:\/\/schema.org","@graph":[{"@type":"WebPage","@id":"https:\/\/www.todolivo.com\/pt-pt\/servico-integral-todolivo\/materiais-e-equipamentos-agricolas\/protetores\/","url":"https:\/\/www.todolivo.com\/pt-pt\/servico-integral-todolivo\/materiais-e-equipamentos-agricolas\/protetores\/","name":"Protetores - Todolivo - Pioneiros e especialistas em Olival em Sebe","isPartOf":{"@id":"https:\/\/www.todolivo.com\/#website"},"primaryImageOfPage":{"@id":"https:\/\/www.todolivo.com\/pt-pt\/servico-integral-todolivo\/materiais-e-equipamentos-agricolas\/protetores\/#primaryimage"},"image":{"@id":"https:\/\/www.todolivo.com\/pt-pt\/servico-integral-todolivo\/materiais-e-equipamentos-agricolas\/protetores\/#primaryimage"},"thumbnailUrl":"https:\/\/www.todolivo.com\/wp-content\/uploads\/Todolivo_Protectores1.jpg","datePublished":"2015-07-27T10:08:30+00:00","breadcrumb":{"@id":"https:\/\/www.todolivo.com\/pt-pt\/servico-integral-todolivo\/materiais-e-equipamentos-agricolas\/protetores\/#breadcrumb"},"inLanguage":"pt-PT","potentialAction":[{"@type":"ReadAction","target":["https:\/\/www.todolivo.com\/pt-pt\/servico-integral-todolivo\/materiais-e-equipamentos-agricolas\/protetores\/"]}]},{"@type":"ImageObject","inLanguage":"pt-PT","@id":"https:\/\/www.todolivo.com\/pt-pt\/servico-integral-todolivo\/materiais-e-equipamentos-agricolas\/protetores\/#primaryimage","url":"https:\/\/www.todolivo.com\/wp-content\/uploads\/Todolivo_Protectores1.jpg","contentUrl":"https:\/\/www.todolivo.com\/wp-content\/uploads\/Todolivo_Protectores1.jpg","width":341,"height":300},{"@type":"BreadcrumbList","@id":"https:\/\/www.todolivo.com\/pt-pt\/servico-integral-todolivo\/materiais-e-equipamentos-agricolas\/protetores\/#breadcrumb","itemListElement":[{"@type":"ListItem","position":1,"name":"Home site","item":"https:\/\/www.todolivo.com\/pt-pt\/"},{"@type":"ListItem","position":2,"name":"Servi\u00e7o Integral Todolivo","item":"https:\/\/www.todolivo.com\/pt-pt\/servico-integral-todolivo\/"},{"@type":"ListItem","position":3,"name":"Materiais e Equipamentos Agr\u00edcolas","item":"https:\/\/www.todolivo.com\/pt-pt\/servico-integral-todolivo\/materiais-e-equipamentos-agricolas\/"},{"@type":"ListItem","position":4,"name":"Protetores"}]},{"@type":"WebSite","@id":"https:\/\/www.todolivo.com\/#website","url":"https:\/\/www.todolivo.com\/","name":"Todolivo - Pioneiros e especialistas em Olival em Sebe","description":"Todolivo - Pioneiros e especialistas em Olival em Sebe","potentialAction":[{"@type":"SearchAction","target":{"@type":"EntryPoint","urlTemplate":"https:\/\/www.todolivo.com\/?s={search_term_string}"},"query-input":{"@type":"PropertyValueSpecification","valueRequired":true,"valueName":"search_term_string"}}],"inLanguage":"pt-PT"}]}},"_links":{"self":[{"href":"https:\/\/www.todolivo.com\/pt-pt\/wp-json\/wp\/v2\/pages\/8991","targetHints":{"allow":["GET"]}}],"collection":[{"href":"https:\/\/www.todolivo.com\/pt-pt\/wp-json\/wp\/v2\/pages"}],"about":[{"href":"https:\/\/www.todolivo.com\/pt-pt\/wp-json\/wp\/v2\/types\/page"}],"author":[{"embeddable":true,"href":"https:\/\/www.todolivo.com\/pt-pt\/wp-json\/wp\/v2\/users\/1"}],"replies":[{"embeddable":true,"href":"https:\/\/www.todolivo.com\/pt-pt\/wp-json\/wp\/v2\/comments?post=8991"}],"version-history":[{"count":1,"href":"https:\/\/www.todolivo.com\/pt-pt\/wp-json\/wp\/v2\/pages\/8991\/revisions"}],"predecessor-version":[{"id":8992,"href":"https:\/\/www.todolivo.com\/pt-pt\/wp-json\/wp\/v2\/pages\/8991\/revisions\/8992"}],"up":[{"embeddable":true,"href":"https:\/\/www.todolivo.com\/pt-pt\/wp-json\/wp\/v2\/pages\/8989"}],"wp:featuredmedia":[{"embeddable":true,"href":"https:\/\/www.todolivo.com\/pt-pt\/wp-json\/wp\/v2\/media\/2842"}],"wp:attachment":[{"href":"https:\/\/www.todolivo.com\/pt-pt\/wp-json\/wp\/v2\/media?parent=8991"}],"curies":[{"name":"wp","href":"https:\/\/api.w.org\/{rel}","templated":true}]}}