{"id":8978,"date":"2015-07-27T09:09:56","date_gmt":"2015-07-27T08:09:56","guid":{"rendered":"http:\/\/todolivo.com\/pt-pt\/?page_id=8978"},"modified":"2015-07-27T09:09:56","modified_gmt":"2015-07-27T08:09:56","slug":"analises","status":"publish","type":"page","link":"https:\/\/www.todolivo.com\/pt-pt\/servico-integral-todolivo\/analises\/","title":{"rendered":"An\u00e1lises"},"content":{"rendered":"<p><img fetchpriority=\"high\" decoding=\"async\" class=\"size-full wp-image-2779 aligncenter\" src=\"http:\/\/todolivo.com\/wp-content\/uploads\/Todolivo_Analisis1.jpg\" alt=\"Todolivo_Analisis1\" width=\"900\" height=\"104\" srcset=\"https:\/\/www.todolivo.com\/wp-content\/uploads\/Todolivo_Analisis1.jpg 900w, https:\/\/www.todolivo.com\/wp-content\/uploads\/Todolivo_Analisis1-300x34.jpg 300w, https:\/\/www.todolivo.com\/wp-content\/uploads\/Todolivo_Analisis1-55x6.jpg 55w, https:\/\/www.todolivo.com\/wp-content\/uploads\/Todolivo_Analisis1-636x73.jpg 636w, https:\/\/www.todolivo.com\/wp-content\/uploads\/Todolivo_Analisis1-320x36.jpg 320w, https:\/\/www.todolivo.com\/wp-content\/uploads\/Todolivo_Analisis1-239x27.jpg 239w\" sizes=\"(max-width: 900px) 100vw, 900px\" \/><\/p>\n<ul class=\"g1-grid\"><li class=\"g1-column g1-three-fifth g1-valign-top\">\n<span id=\"g1-space-1\" class=\"g1-space \" style=\"height:5px;\"><\/span>\n<h3 style=\"padding-left: 30px;\"><strong>Tipos de an\u00e1lise que realizamos<\/strong>:<\/h3>\n<style type=\"text\/css\" scoped=\"scoped\">#g1-list-1 li > i[class*=\"fa-\"]:first-child {color: #81d742;}<\/style>\n<ul id=\"g1-list-1\" class=\"g1-list--icon g1-list--none \">\n<li><i class=\"fa fa-check-square-o g1-list__icon\"><\/i><strong>An\u00e1lises f\u00edsico-qu\u00edmicas de solos e de materiais vegetais<\/strong>: total de elementos dispon\u00edveis, permut\u00e1veis e assimil\u00e1veis<\/li>\n<li><i class=\"fa fa-check-square-o g1-list__icon\"><\/i><strong>An\u00e1lise do rendimento em azeite e teor de \u00e1cidos gordos.<\/strong><\/li>\n<li><i class=\"fa fa-check-square-o g1-list__icon\"><\/i><strong>Fitopatologia<\/strong>. Diagn\u00f3stico, isolamento e identifica\u00e7\u00e3o de agentes fitopatog\u00e9nicos: fungos, bact\u00e9rias, v\u00edrus, nem\u00e1todes, parasitas e insetos. Determina\u00e7\u00e3o dos agentes patog\u00e9nicos do solo (Verticillium, Phytophthora, Pytium, etc.)<\/li>\n<li><i class=\"fa fa-check-square-o g1-list__icon\"><\/i><strong>An\u00e1lise aos \u00f3rg\u00e3os das plantas<\/strong>: folha, pec\u00edolo, seiva, etc.<\/li>\n<li><i class=\"fa fa-check-square-o g1-list__icon\"><\/i><strong>An\u00e1lise \u00e0 \u00e1gua de irriga\u00e7\u00e3o<\/strong>, solu\u00e7\u00f5es do solo, solu\u00e7\u00f5es fertilizantes, etc.<\/li>\n<li><i class=\"fa fa-check-square-o g1-list__icon\"><\/i><strong>An\u00e1lise aos fertilizantes org\u00e2nicos e inorg\u00e2nicos<\/strong>, avalia\u00e7\u00e3o das propriedades agron\u00f3micas de lamas, res\u00edduos, produtos resultantes da compostagem. An\u00e1lise de adjuvantes. Concentra\u00e7\u00e3o de metais pesados \u200b\u200bnos solos e fertilizantes.<\/li>\n<\/ul>\n\n<\/li><!-- -->\n<li class=\"g1-column g1-two-fifth g1-valign-top\">\n<p><img decoding=\"async\" class=\" wp-image-4705 size-full aligncenter\" src=\"http:\/\/todolivo.com\/wp-content\/uploads\/74_11.jpg\" alt=\"\" width=\"409\" height=\"500\" srcset=\"https:\/\/www.todolivo.com\/wp-content\/uploads\/74_11.jpg 409w, https:\/\/www.todolivo.com\/wp-content\/uploads\/74_11-245x300.jpg 245w, https:\/\/www.todolivo.com\/wp-content\/uploads\/74_11-55x67.jpg 55w, https:\/\/www.todolivo.com\/wp-content\/uploads\/74_11-320x391.jpg 320w, https:\/\/www.todolivo.com\/wp-content\/uploads\/74_11-239x292.jpg 239w\" sizes=\"(max-width: 409px) 100vw, 409px\" \/><\/p>\n<\/li><!-- --><\/ul>\n<span id=\"g1-space-2\" class=\"g1-space \" style=\"height:15px;\"><\/span>\n<div align=\"center\"><a class=\"boton\" href=\"http:\/\/todolivo.com\/pt-pt\/solicitar-mais-informacoes\/\" target=\"new\"><img decoding=\"async\" class=\"alignleft wp-image-6678\" style=\"margin-top: -12px;\" src=\"http:\/\/todolivo.com\/wp-content\/uploads\/boton-info.png\" alt=\"boton info\" width=\"50\" height=\"48\" srcset=\"https:\/\/www.todolivo.com\/wp-content\/uploads\/boton-info.png 60w, https:\/\/www.todolivo.com\/wp-content\/uploads\/boton-info-55x53.png 55w\" sizes=\"(max-width: 50px) 100vw, 50px\" \/><span style=\"color: #ffffff;\">Solicitar mais informa\u00e7\u00f5es<\/span><\/a><\/div>\n","protected":false},"excerpt":{"rendered":"<p>Solicitar mais informa\u00e7\u00f5es<\/p>\n","protected":false},"author":1,"featured_media":0,"parent":8912,"menu_order":0,"comment_status":"closed","ping_status":"closed","template":"","meta":{"_lmt_disableupdate":"","_lmt_disable":"","footnotes":""},"class_list":["post-8978","page","type-page","status-publish"],"yoast_head":"<!-- This site is optimized with the Yoast SEO plugin v26.9 - https:\/\/yoast.com\/product\/yoast-seo-wordpress\/ -->\n<title>An\u00e1lises - Todolivo - Pioneiros e especialistas em Olival em Sebe<\/title>\n<meta name=\"robots\" content=\"index, follow, max-snippet:-1, max-image-preview:large, max-video-preview:-1\" \/>\n<link rel=\"canonical\" href=\"https:\/\/www.todolivo.com\/pt-pt\/servico-integral-todolivo\/analises\/\" \/>\n<meta property=\"og:locale\" content=\"pt_PT\" \/>\n<meta property=\"og:type\" content=\"article\" \/>\n<meta property=\"og:title\" content=\"An\u00e1lises - Todolivo - Pioneiros e especialistas em Olival em Sebe\" \/>\n<meta property=\"og:description\" content=\"Solicitar mais informa\u00e7\u00f5es\" \/>\n<meta property=\"og:url\" content=\"https:\/\/www.todolivo.com\/pt-pt\/servico-integral-todolivo\/analises\/\" \/>\n<meta property=\"og:site_name\" content=\"Todolivo - Pioneiros e especialistas em Olival em Sebe\" \/>\n<meta property=\"og:image\" content=\"http:\/\/todolivo.com\/wp-content\/uploads\/Todolivo_Analisis1.jpg\" \/>\n<meta name=\"twitter:card\" content=\"summary_large_image\" \/>\n<meta name=\"twitter:label1\" content=\"Tempo estimado de leitura\" \/>\n\t<meta name=\"twitter:data1\" content=\"1 minuto\" \/>\n<script type=\"application\/ld+json\" class=\"yoast-schema-graph\">{\"@context\":\"https:\/\/schema.org\",\"@graph\":[{\"@type\":\"WebPage\",\"@id\":\"https:\/\/www.todolivo.com\/pt-pt\/servico-integral-todolivo\/analises\/\",\"url\":\"https:\/\/www.todolivo.com\/pt-pt\/servico-integral-todolivo\/analises\/\",\"name\":\"An\u00e1lises - Todolivo - Pioneiros e especialistas em Olival em Sebe\",\"isPartOf\":{\"@id\":\"https:\/\/www.todolivo.com\/#website\"},\"primaryImageOfPage\":{\"@id\":\"https:\/\/www.todolivo.com\/pt-pt\/servico-integral-todolivo\/analises\/#primaryimage\"},\"image\":{\"@id\":\"https:\/\/www.todolivo.com\/pt-pt\/servico-integral-todolivo\/analises\/#primaryimage\"},\"thumbnailUrl\":\"http:\/\/todolivo.com\/wp-content\/uploads\/Todolivo_Analisis1.jpg\",\"datePublished\":\"2015-07-27T08:09:56+00:00\",\"breadcrumb\":{\"@id\":\"https:\/\/www.todolivo.com\/pt-pt\/servico-integral-todolivo\/analises\/#breadcrumb\"},\"inLanguage\":\"pt-PT\",\"potentialAction\":[{\"@type\":\"ReadAction\",\"target\":[\"https:\/\/www.todolivo.com\/pt-pt\/servico-integral-todolivo\/analises\/\"]}]},{\"@type\":\"ImageObject\",\"inLanguage\":\"pt-PT\",\"@id\":\"https:\/\/www.todolivo.com\/pt-pt\/servico-integral-todolivo\/analises\/#primaryimage\",\"url\":\"http:\/\/todolivo.com\/wp-content\/uploads\/Todolivo_Analisis1.jpg\",\"contentUrl\":\"http:\/\/todolivo.com\/wp-content\/uploads\/Todolivo_Analisis1.jpg\"},{\"@type\":\"BreadcrumbList\",\"@id\":\"https:\/\/www.todolivo.com\/pt-pt\/servico-integral-todolivo\/analises\/#breadcrumb\",\"itemListElement\":[{\"@type\":\"ListItem\",\"position\":1,\"name\":\"Home site\",\"item\":\"https:\/\/www.todolivo.com\/pt-pt\/\"},{\"@type\":\"ListItem\",\"position\":2,\"name\":\"Servi\u00e7o Integral Todolivo\",\"item\":\"https:\/\/www.todolivo.com\/pt-pt\/servico-integral-todolivo\/\"},{\"@type\":\"ListItem\",\"position\":3,\"name\":\"An\u00e1lises\"}]},{\"@type\":\"WebSite\",\"@id\":\"https:\/\/www.todolivo.com\/#website\",\"url\":\"https:\/\/www.todolivo.com\/\",\"name\":\"Todolivo - Pioneiros e especialistas em Olival em Sebe\",\"description\":\"Todolivo - Pioneiros e especialistas em Olival em Sebe\",\"potentialAction\":[{\"@type\":\"SearchAction\",\"target\":{\"@type\":\"EntryPoint\",\"urlTemplate\":\"https:\/\/www.todolivo.com\/?s={search_term_string}\"},\"query-input\":{\"@type\":\"PropertyValueSpecification\",\"valueRequired\":true,\"valueName\":\"search_term_string\"}}],\"inLanguage\":\"pt-PT\"}]}<\/script>\n<!-- \/ Yoast SEO plugin. -->","yoast_head_json":{"title":"An\u00e1lises - Todolivo - Pioneiros e especialistas em Olival em Sebe","robots":{"index":"index","follow":"follow","max-snippet":"max-snippet:-1","max-image-preview":"max-image-preview:large","max-video-preview":"max-video-preview:-1"},"canonical":"https:\/\/www.todolivo.com\/pt-pt\/servico-integral-todolivo\/analises\/","og_locale":"pt_PT","og_type":"article","og_title":"An\u00e1lises - Todolivo - Pioneiros e especialistas em Olival em Sebe","og_description":"Solicitar mais informa\u00e7\u00f5es","og_url":"https:\/\/www.todolivo.com\/pt-pt\/servico-integral-todolivo\/analises\/","og_site_name":"Todolivo - Pioneiros e especialistas em Olival em Sebe","og_image":[{"url":"http:\/\/todolivo.com\/wp-content\/uploads\/Todolivo_Analisis1.jpg","type":"","width":"","height":""}],"twitter_card":"summary_large_image","twitter_misc":{"Tempo estimado de leitura":"1 minuto"},"schema":{"@context":"https:\/\/schema.org","@graph":[{"@type":"WebPage","@id":"https:\/\/www.todolivo.com\/pt-pt\/servico-integral-todolivo\/analises\/","url":"https:\/\/www.todolivo.com\/pt-pt\/servico-integral-todolivo\/analises\/","name":"An\u00e1lises - Todolivo - Pioneiros e especialistas em Olival em Sebe","isPartOf":{"@id":"https:\/\/www.todolivo.com\/#website"},"primaryImageOfPage":{"@id":"https:\/\/www.todolivo.com\/pt-pt\/servico-integral-todolivo\/analises\/#primaryimage"},"image":{"@id":"https:\/\/www.todolivo.com\/pt-pt\/servico-integral-todolivo\/analises\/#primaryimage"},"thumbnailUrl":"http:\/\/todolivo.com\/wp-content\/uploads\/Todolivo_Analisis1.jpg","datePublished":"2015-07-27T08:09:56+00:00","breadcrumb":{"@id":"https:\/\/www.todolivo.com\/pt-pt\/servico-integral-todolivo\/analises\/#breadcrumb"},"inLanguage":"pt-PT","potentialAction":[{"@type":"ReadAction","target":["https:\/\/www.todolivo.com\/pt-pt\/servico-integral-todolivo\/analises\/"]}]},{"@type":"ImageObject","inLanguage":"pt-PT","@id":"https:\/\/www.todolivo.com\/pt-pt\/servico-integral-todolivo\/analises\/#primaryimage","url":"http:\/\/todolivo.com\/wp-content\/uploads\/Todolivo_Analisis1.jpg","contentUrl":"http:\/\/todolivo.com\/wp-content\/uploads\/Todolivo_Analisis1.jpg"},{"@type":"BreadcrumbList","@id":"https:\/\/www.todolivo.com\/pt-pt\/servico-integral-todolivo\/analises\/#breadcrumb","itemListElement":[{"@type":"ListItem","position":1,"name":"Home site","item":"https:\/\/www.todolivo.com\/pt-pt\/"},{"@type":"ListItem","position":2,"name":"Servi\u00e7o Integral Todolivo","item":"https:\/\/www.todolivo.com\/pt-pt\/servico-integral-todolivo\/"},{"@type":"ListItem","position":3,"name":"An\u00e1lises"}]},{"@type":"WebSite","@id":"https:\/\/www.todolivo.com\/#website","url":"https:\/\/www.todolivo.com\/","name":"Todolivo - Pioneiros e especialistas em Olival em Sebe","description":"Todolivo - Pioneiros e especialistas em Olival em Sebe","potentialAction":[{"@type":"SearchAction","target":{"@type":"EntryPoint","urlTemplate":"https:\/\/www.todolivo.com\/?s={search_term_string}"},"query-input":{"@type":"PropertyValueSpecification","valueRequired":true,"valueName":"search_term_string"}}],"inLanguage":"pt-PT"}]}},"_links":{"self":[{"href":"https:\/\/www.todolivo.com\/pt-pt\/wp-json\/wp\/v2\/pages\/8978","targetHints":{"allow":["GET"]}}],"collection":[{"href":"https:\/\/www.todolivo.com\/pt-pt\/wp-json\/wp\/v2\/pages"}],"about":[{"href":"https:\/\/www.todolivo.com\/pt-pt\/wp-json\/wp\/v2\/types\/page"}],"author":[{"embeddable":true,"href":"https:\/\/www.todolivo.com\/pt-pt\/wp-json\/wp\/v2\/users\/1"}],"replies":[{"embeddable":true,"href":"https:\/\/www.todolivo.com\/pt-pt\/wp-json\/wp\/v2\/comments?post=8978"}],"version-history":[{"count":2,"href":"https:\/\/www.todolivo.com\/pt-pt\/wp-json\/wp\/v2\/pages\/8978\/revisions"}],"predecessor-version":[{"id":8980,"href":"https:\/\/www.todolivo.com\/pt-pt\/wp-json\/wp\/v2\/pages\/8978\/revisions\/8980"}],"up":[{"embeddable":true,"href":"https:\/\/www.todolivo.com\/pt-pt\/wp-json\/wp\/v2\/pages\/8912"}],"wp:attachment":[{"href":"https:\/\/www.todolivo.com\/pt-pt\/wp-json\/wp\/v2\/media?parent=8978"}],"curies":[{"name":"wp","href":"https:\/\/api.w.org\/{rel}","templated":true}]}}