{"id":8968,"date":"2015-07-27T08:57:04","date_gmt":"2015-07-27T07:57:04","guid":{"rendered":"http:\/\/todolivo.com\/pt-pt\/?page_id=8968"},"modified":"2020-02-14T17:21:06","modified_gmt":"2020-02-14T16:21:06","slug":"servicos-de-moenda-da-azeitona","status":"publish","type":"page","link":"https:\/\/www.todolivo.com\/pt-pt\/servico-integral-todolivo\/servicos-de-moenda-da-azeitona\/","title":{"rendered":"Servi\u00e7os de moenda da azeitona"},"content":{"rendered":"<h3 style=\"text-align: center;\"><img fetchpriority=\"high\" decoding=\"async\" class=\"aligncenter size-full wp-image-4288\" src=\"http:\/\/todolivo.com\/wp-content\/uploads\/72-11.jpg\" alt=\"72-11\" width=\"900\" height=\"94\" srcset=\"https:\/\/www.todolivo.com\/wp-content\/uploads\/72-11.jpg 900w, https:\/\/www.todolivo.com\/wp-content\/uploads\/72-11-300x31.jpg 300w, https:\/\/www.todolivo.com\/wp-content\/uploads\/72-11-55x5.jpg 55w, https:\/\/www.todolivo.com\/wp-content\/uploads\/72-11-636x66.jpg 636w, https:\/\/www.todolivo.com\/wp-content\/uploads\/72-11-320x33.jpg 320w, https:\/\/www.todolivo.com\/wp-content\/uploads\/72-11-239x24.jpg 239w\" sizes=\"(max-width: 900px) 100vw, 900px\" \/><\/h3>\n<h3 style=\"text-align: center;\">A qualidade come\u00e7a no campo<br \/>\n&#8230; e continua no moinho<\/h3>\n<p>As azeitonas s\u00e3o transportadas para a moenda no mesmo dia em que s\u00e3o colhidas. O processo de extra\u00e7\u00e3o do sumo de azeitona \u00e9 feito por n\u00f3s \u00e0 temperatura ambiente para n\u00e3o alterar as suas propriedades organol\u00e9ticas e conservar no azeite todas as suas vitaminas e antioxidantes.<br \/>\nUma vez obtido, o azeite virgem extra \u00e9 armazenado no lagar, em dep\u00f3sitos de a\u00e7o inoxid\u00e1vel para a sua perfeita conserva\u00e7\u00e3o, embora a\u00ed permane\u00e7a muito pouco tempo, devido \u00e0 grande procura e cota\u00e7\u00e3o existente deste azeite no mercado.<\/p>\n<h3>Moenda e venda<\/h3>\n<p>O lagar possui uma capacidade de moenda de 750 000 kg por dia. Anualmente, prensamos cerca de 15 a 25 milh\u00f5es de azeitonas procedentes de olival em sebe.<\/p>\n<p>Durante os 20 anos que j\u00e1 levamos na moenda de azeitonas procedentes de planta\u00e7\u00f5es de olival em sebe, a totalidade do azeite que obtivemos todos os anos foi sempre <strong>Virgem Extra<\/strong>.<\/p>\n<p>O nosso principal objetivo \u00e9 que o processo de qualidade que se iniciou no campo (colhendo todas as azeitonas da \u00e1rvore no seu ponto ideal de matura\u00e7\u00e3o) n\u00e3o se<br \/>\ninterrompa na moenda.<\/p>\n<p>&nbsp;<\/p>\n<div align=\"left\"><a class=\"boton\" href=\"http:\/\/todolivo.com\/pt-pt\/solicitar-mais-informacoes\/\" target=\"new\" rel=\"noopener noreferrer\"><img decoding=\"async\" class=\"alignleft wp-image-6678\" style=\"margin-top: -12px;\" src=\"https:\/\/www.todolivo.com\/wp-content\/uploads\/boton-info.png\" alt=\"boton info\" width=\"50\" height=\"48\" srcset=\"https:\/\/www.todolivo.com\/wp-content\/uploads\/boton-info.png 60w, https:\/\/www.todolivo.com\/wp-content\/uploads\/boton-info-55x53.png 55w\" sizes=\"(max-width: 50px) 100vw, 50px\" \/><span style=\"color: #ffffff;\">Solicitar mais informa\u00e7\u00f5es<\/span><\/a><\/div>\n","protected":false},"excerpt":{"rendered":"<p>A qualidade come\u00e7a no campo &#8230; e continua no moinho As azeitonas s\u00e3o transportadas para a moenda no mesmo dia em que s\u00e3o colhidas. O processo de extra\u00e7\u00e3o do sumo de azeitona \u00e9 feito por n\u00f3s \u00e0 temperatura ambiente para n\u00e3o alterar as suas propriedades organol\u00e9ticas e conservar no azeite todas as suas vitaminas e [&hellip;]<\/p>\n","protected":false},"author":1,"featured_media":0,"parent":8912,"menu_order":0,"comment_status":"closed","ping_status":"closed","template":"","meta":{"_lmt_disableupdate":"no","_lmt_disable":"","footnotes":""},"class_list":["post-8968","page","type-page","status-publish"],"yoast_head":"<!-- This site is optimized with the Yoast SEO plugin v26.9 - https:\/\/yoast.com\/product\/yoast-seo-wordpress\/ -->\n<title>Servi\u00e7os de moenda da azeitona - Todolivo - Pioneiros e especialistas em Olival em Sebe<\/title>\n<meta name=\"robots\" content=\"index, follow, max-snippet:-1, max-image-preview:large, max-video-preview:-1\" \/>\n<link rel=\"canonical\" href=\"https:\/\/www.todolivo.com\/pt-pt\/servico-integral-todolivo\/servicos-de-moenda-da-azeitona\/\" \/>\n<meta property=\"og:locale\" content=\"pt_PT\" \/>\n<meta property=\"og:type\" content=\"article\" \/>\n<meta property=\"og:title\" content=\"Servi\u00e7os de moenda da azeitona - Todolivo - Pioneiros e especialistas em Olival em Sebe\" \/>\n<meta property=\"og:description\" content=\"A qualidade come\u00e7a no campo &#8230; e continua no moinho As azeitonas s\u00e3o transportadas para a moenda no mesmo dia em que s\u00e3o colhidas. O processo de extra\u00e7\u00e3o do sumo de azeitona \u00e9 feito por n\u00f3s \u00e0 temperatura ambiente para n\u00e3o alterar as suas propriedades organol\u00e9ticas e conservar no azeite todas as suas vitaminas e [&hellip;]\" \/>\n<meta property=\"og:url\" content=\"https:\/\/www.todolivo.com\/pt-pt\/servico-integral-todolivo\/servicos-de-moenda-da-azeitona\/\" \/>\n<meta property=\"og:site_name\" content=\"Todolivo - Pioneiros e especialistas em Olival em Sebe\" \/>\n<meta property=\"article:modified_time\" content=\"2020-02-14T16:21:06+00:00\" \/>\n<meta property=\"og:image\" content=\"http:\/\/todolivo.com\/wp-content\/uploads\/72-11.jpg\" \/>\n<meta name=\"twitter:card\" content=\"summary_large_image\" \/>\n<meta name=\"twitter:label1\" content=\"Tempo estimado de leitura\" \/>\n\t<meta name=\"twitter:data1\" content=\"1 minuto\" \/>\n<script type=\"application\/ld+json\" class=\"yoast-schema-graph\">{\"@context\":\"https:\/\/schema.org\",\"@graph\":[{\"@type\":\"WebPage\",\"@id\":\"https:\/\/www.todolivo.com\/pt-pt\/servico-integral-todolivo\/servicos-de-moenda-da-azeitona\/\",\"url\":\"https:\/\/www.todolivo.com\/pt-pt\/servico-integral-todolivo\/servicos-de-moenda-da-azeitona\/\",\"name\":\"Servi\u00e7os de moenda da azeitona - Todolivo - Pioneiros e especialistas em Olival em Sebe\",\"isPartOf\":{\"@id\":\"https:\/\/www.todolivo.com\/#website\"},\"primaryImageOfPage\":{\"@id\":\"https:\/\/www.todolivo.com\/pt-pt\/servico-integral-todolivo\/servicos-de-moenda-da-azeitona\/#primaryimage\"},\"image\":{\"@id\":\"https:\/\/www.todolivo.com\/pt-pt\/servico-integral-todolivo\/servicos-de-moenda-da-azeitona\/#primaryimage\"},\"thumbnailUrl\":\"http:\/\/todolivo.com\/wp-content\/uploads\/72-11.jpg\",\"datePublished\":\"2015-07-27T07:57:04+00:00\",\"dateModified\":\"2020-02-14T16:21:06+00:00\",\"breadcrumb\":{\"@id\":\"https:\/\/www.todolivo.com\/pt-pt\/servico-integral-todolivo\/servicos-de-moenda-da-azeitona\/#breadcrumb\"},\"inLanguage\":\"pt-PT\",\"potentialAction\":[{\"@type\":\"ReadAction\",\"target\":[\"https:\/\/www.todolivo.com\/pt-pt\/servico-integral-todolivo\/servicos-de-moenda-da-azeitona\/\"]}]},{\"@type\":\"ImageObject\",\"inLanguage\":\"pt-PT\",\"@id\":\"https:\/\/www.todolivo.com\/pt-pt\/servico-integral-todolivo\/servicos-de-moenda-da-azeitona\/#primaryimage\",\"url\":\"http:\/\/todolivo.com\/wp-content\/uploads\/72-11.jpg\",\"contentUrl\":\"http:\/\/todolivo.com\/wp-content\/uploads\/72-11.jpg\"},{\"@type\":\"BreadcrumbList\",\"@id\":\"https:\/\/www.todolivo.com\/pt-pt\/servico-integral-todolivo\/servicos-de-moenda-da-azeitona\/#breadcrumb\",\"itemListElement\":[{\"@type\":\"ListItem\",\"position\":1,\"name\":\"Home site\",\"item\":\"https:\/\/www.todolivo.com\/pt-pt\/\"},{\"@type\":\"ListItem\",\"position\":2,\"name\":\"Servi\u00e7o Integral Todolivo\",\"item\":\"https:\/\/www.todolivo.com\/pt-pt\/servico-integral-todolivo\/\"},{\"@type\":\"ListItem\",\"position\":3,\"name\":\"Servi\u00e7os de moenda da azeitona\"}]},{\"@type\":\"WebSite\",\"@id\":\"https:\/\/www.todolivo.com\/#website\",\"url\":\"https:\/\/www.todolivo.com\/\",\"name\":\"Todolivo - Pioneiros e especialistas em Olival em Sebe\",\"description\":\"Todolivo - Pioneiros e especialistas em Olival em Sebe\",\"potentialAction\":[{\"@type\":\"SearchAction\",\"target\":{\"@type\":\"EntryPoint\",\"urlTemplate\":\"https:\/\/www.todolivo.com\/?s={search_term_string}\"},\"query-input\":{\"@type\":\"PropertyValueSpecification\",\"valueRequired\":true,\"valueName\":\"search_term_string\"}}],\"inLanguage\":\"pt-PT\"}]}<\/script>\n<!-- \/ Yoast SEO plugin. -->","yoast_head_json":{"title":"Servi\u00e7os de moenda da azeitona - Todolivo - Pioneiros e especialistas em Olival em Sebe","robots":{"index":"index","follow":"follow","max-snippet":"max-snippet:-1","max-image-preview":"max-image-preview:large","max-video-preview":"max-video-preview:-1"},"canonical":"https:\/\/www.todolivo.com\/pt-pt\/servico-integral-todolivo\/servicos-de-moenda-da-azeitona\/","og_locale":"pt_PT","og_type":"article","og_title":"Servi\u00e7os de moenda da azeitona - Todolivo - Pioneiros e especialistas em Olival em Sebe","og_description":"A qualidade come\u00e7a no campo &#8230; e continua no moinho As azeitonas s\u00e3o transportadas para a moenda no mesmo dia em que s\u00e3o colhidas. O processo de extra\u00e7\u00e3o do sumo de azeitona \u00e9 feito por n\u00f3s \u00e0 temperatura ambiente para n\u00e3o alterar as suas propriedades organol\u00e9ticas e conservar no azeite todas as suas vitaminas e [&hellip;]","og_url":"https:\/\/www.todolivo.com\/pt-pt\/servico-integral-todolivo\/servicos-de-moenda-da-azeitona\/","og_site_name":"Todolivo - Pioneiros e especialistas em Olival em Sebe","article_modified_time":"2020-02-14T16:21:06+00:00","og_image":[{"url":"http:\/\/todolivo.com\/wp-content\/uploads\/72-11.jpg","type":"","width":"","height":""}],"twitter_card":"summary_large_image","twitter_misc":{"Tempo estimado de leitura":"1 minuto"},"schema":{"@context":"https:\/\/schema.org","@graph":[{"@type":"WebPage","@id":"https:\/\/www.todolivo.com\/pt-pt\/servico-integral-todolivo\/servicos-de-moenda-da-azeitona\/","url":"https:\/\/www.todolivo.com\/pt-pt\/servico-integral-todolivo\/servicos-de-moenda-da-azeitona\/","name":"Servi\u00e7os de moenda da azeitona - Todolivo - Pioneiros e especialistas em Olival em Sebe","isPartOf":{"@id":"https:\/\/www.todolivo.com\/#website"},"primaryImageOfPage":{"@id":"https:\/\/www.todolivo.com\/pt-pt\/servico-integral-todolivo\/servicos-de-moenda-da-azeitona\/#primaryimage"},"image":{"@id":"https:\/\/www.todolivo.com\/pt-pt\/servico-integral-todolivo\/servicos-de-moenda-da-azeitona\/#primaryimage"},"thumbnailUrl":"http:\/\/todolivo.com\/wp-content\/uploads\/72-11.jpg","datePublished":"2015-07-27T07:57:04+00:00","dateModified":"2020-02-14T16:21:06+00:00","breadcrumb":{"@id":"https:\/\/www.todolivo.com\/pt-pt\/servico-integral-todolivo\/servicos-de-moenda-da-azeitona\/#breadcrumb"},"inLanguage":"pt-PT","potentialAction":[{"@type":"ReadAction","target":["https:\/\/www.todolivo.com\/pt-pt\/servico-integral-todolivo\/servicos-de-moenda-da-azeitona\/"]}]},{"@type":"ImageObject","inLanguage":"pt-PT","@id":"https:\/\/www.todolivo.com\/pt-pt\/servico-integral-todolivo\/servicos-de-moenda-da-azeitona\/#primaryimage","url":"http:\/\/todolivo.com\/wp-content\/uploads\/72-11.jpg","contentUrl":"http:\/\/todolivo.com\/wp-content\/uploads\/72-11.jpg"},{"@type":"BreadcrumbList","@id":"https:\/\/www.todolivo.com\/pt-pt\/servico-integral-todolivo\/servicos-de-moenda-da-azeitona\/#breadcrumb","itemListElement":[{"@type":"ListItem","position":1,"name":"Home site","item":"https:\/\/www.todolivo.com\/pt-pt\/"},{"@type":"ListItem","position":2,"name":"Servi\u00e7o Integral Todolivo","item":"https:\/\/www.todolivo.com\/pt-pt\/servico-integral-todolivo\/"},{"@type":"ListItem","position":3,"name":"Servi\u00e7os de moenda da azeitona"}]},{"@type":"WebSite","@id":"https:\/\/www.todolivo.com\/#website","url":"https:\/\/www.todolivo.com\/","name":"Todolivo - Pioneiros e especialistas em Olival em Sebe","description":"Todolivo - Pioneiros e especialistas em Olival em Sebe","potentialAction":[{"@type":"SearchAction","target":{"@type":"EntryPoint","urlTemplate":"https:\/\/www.todolivo.com\/?s={search_term_string}"},"query-input":{"@type":"PropertyValueSpecification","valueRequired":true,"valueName":"search_term_string"}}],"inLanguage":"pt-PT"}]}},"_links":{"self":[{"href":"https:\/\/www.todolivo.com\/pt-pt\/wp-json\/wp\/v2\/pages\/8968","targetHints":{"allow":["GET"]}}],"collection":[{"href":"https:\/\/www.todolivo.com\/pt-pt\/wp-json\/wp\/v2\/pages"}],"about":[{"href":"https:\/\/www.todolivo.com\/pt-pt\/wp-json\/wp\/v2\/types\/page"}],"author":[{"embeddable":true,"href":"https:\/\/www.todolivo.com\/pt-pt\/wp-json\/wp\/v2\/users\/1"}],"replies":[{"embeddable":true,"href":"https:\/\/www.todolivo.com\/pt-pt\/wp-json\/wp\/v2\/comments?post=8968"}],"version-history":[{"count":5,"href":"https:\/\/www.todolivo.com\/pt-pt\/wp-json\/wp\/v2\/pages\/8968\/revisions"}],"predecessor-version":[{"id":20502,"href":"https:\/\/www.todolivo.com\/pt-pt\/wp-json\/wp\/v2\/pages\/8968\/revisions\/20502"}],"up":[{"embeddable":true,"href":"https:\/\/www.todolivo.com\/pt-pt\/wp-json\/wp\/v2\/pages\/8912"}],"wp:attachment":[{"href":"https:\/\/www.todolivo.com\/pt-pt\/wp-json\/wp\/v2\/media?parent=8968"}],"curies":[{"name":"wp","href":"https:\/\/api.w.org\/{rel}","templated":true}]}}