{"id":9666,"date":"2015-08-03T23:25:45","date_gmt":"2015-08-03T22:25:45","guid":{"rendered":"http:\/\/todolivo.com\/it\/?page_id=9666"},"modified":"2022-01-17T12:05:38","modified_gmt":"2022-01-17T11:05:38","slug":"politica-materia-di-privacy-cookies","status":"publish","type":"page","link":"https:\/\/www.todolivo.com\/it\/politica-materia-di-privacy-cookies\/","title":{"rendered":"Politica in materia di privacy e cookies"},"content":{"rendered":"<p><strong><span style=\"text-decoration: underline;\">AVVISO LEGALE: Raccolta dati nella pagina web (LSSICE + LOPD)<\/span><\/strong><\/p>\n<p>\u201cIn riferimento a quanto stabilito nella Ley Org\u00e1nica 15\/1999, 13 de diciembre, sulla Protezione dei Dati di Carattere Personale (LOPD), le comunichiamo che attraverso la compilazione del presente formulario, i suoi dati personali saranno incorporati e trattati nel database di Todolivo S.L. con la finalit\u00e0 di poter gestire la sua richiesta.<\/p>\n<p>Allo stesso modo, salvo che lei manifesti esplicitamente il contrario, si potranno utilizzare i suoi dati personali per mantenerla informato sulle notizie e novit\u00e0 relative ai nostri servizi. Allo stesso modo , la informiamo sulla possibilit\u00e0 di esercitare il diritto di accesso, rettifica, cancellazione e opposizione al trattamento dei dati personali inviando una mail a joseignacio@todolivo.com o scrivendo a TODOLIVO S.L., CORDOBA (CORDOBA), C.P. 14013, C\/ INGENIERO TORRES QUEBEDO allegando fotocopia del documento d\u2019identit\u00e0<\/p>\n<h1>Cookies<\/h1>\n<h2>Cosa sono i cookies?<\/h2>\n<p>Un cookie \u00e8 un piccolo file di testo che i siti salvano sul tuo computer o dispositivo mobile mentre li visiti. Grazie ai cookies il sito ricorda le tue azioni e preferenze (per es. login, lingua, dimensioni dei caratteri e altre impostazioni di visualizzazione) in modo che tu non debba reinserirle quando torni sul sito o navighi da una pagina all&#8217;altra.<\/p>\n<h2>Come utilizziamo i cookies?<\/h2>\n<p>In alcune pagine utilizziamo i cookies per ricordare:<\/p>\n<ul>\n<li>le preferenze di visualizzazione, per es. le impostazioni del contrasto o le dimensioni dei caratteri<\/li>\n<li>se hai gi\u00e0 risposto a un sondaggio pop-up sull&#8217;utilit\u00e0 dei contenuti trovati, per evitare di riproportelo<\/li>\n<li>se hai autorizzato l&#8217;uso dei cookies sul sito.<\/li>\n<\/ul>\n<p>Inoltre, alcuni video inseriti nelle nostre pagine utilizzano un cookie per elaborare statistiche, in modo anonimo, su come sei arrivato sulla pagina e quali video hai visto.<\/p>\n<p>Non \u00e8 necessario abilitare i cookies perch\u00e9 il sito funzioni, ma farlo migliora la navigazione. \u00c8 possibile cancellare o bloccare i cookies, per\u00f2 in questo caso alcune funzioni del sito potrebbero non funzionare correttamente.<\/p>\n<p>Le informazioni riguardanti i cookies non sono utilizzate per identificare gli utenti e i dati di navigazione restano sempre sotto il nostro controllo. Questi cookies servono esclusivamente per i fini qui descritti.<\/p>\n<p>I cookie che utilizziamo sono i seguenti:<\/p>\n<p>&nbsp;<\/p>\n<table>\n<tbody>\n<tr>\n<td style=\"text-align: center;\" colspan=\"4\">Cookies propri<\/td>\n<\/tr>\n<tr>\n<th>Entit\u00e0 che utilizza i cookies<\/th>\n<th>Cookies<\/th>\n<th>Scopo<\/th>\n<th>Durata<\/th>\n<\/tr>\n<tr>\n<td style=\"border: 1px solid #000; padding: 7px;\">Il proprietario di questo sito web<\/td>\n<td style=\"border: 1px solid #000; padding: 7px;\">_fbp<\/td>\n<td style=\"border: 1px solid #000; padding: 7px;\">Memorizzare e tracciare le visite al sito web<\/td>\n<td style=\"border: 1px solid #000; padding: 7px;\">3 mesi<\/td>\n<\/tr>\n<tr>\n<td style=\"border: 1px solid #000; padding: 7px;\">Il proprietario di questo sito web<\/td>\n<td style=\"border: 1px solid #000; padding: 7px;\">_gat_gtag<\/td>\n<td style=\"border: 1px solid #000; padding: 7px;\">Usato per limitare la percentuale di richieste.<\/td>\n<td style=\"border: 1px solid #000; padding: 7px;\">1 minuti<\/td>\n<\/tr>\n<tr>\n<td style=\"border: 1px solid #000; padding: 7px;\">Il proprietario di questo sito web<\/td>\n<td style=\"border: 1px solid #000; padding: 7px;\">_ga<\/td>\n<td style=\"border: 1px solid #000; padding: 7px;\">Utilizzato per distinguere gli utenti<\/td>\n<td style=\"border: 1px solid #000; padding: 7px;\">2 anni<\/td>\n<\/tr>\n<tr>\n<td style=\"border: 1px solid #000; padding: 7px;\">Il proprietario di questo sito web<\/td>\n<td style=\"border: 1px solid #000; padding: 7px;\">_gid<\/td>\n<td style=\"border: 1px solid #000; padding: 7px;\">Utilizzato per distinguere gli utenti<\/td>\n<td style=\"border: 1px solid #000; padding: 7px;\">24 ore<\/td>\n<\/tr>\n<tr>\n<td style=\"border: 1px solid #000; padding: 7px;\">Il proprietario di questo sito web<\/td>\n<td style=\"border: 1px solid #000; padding: 7px;\">wpml_browser_redirect_test<\/td>\n<td style=\"border: 1px solid #000; padding: 7px;\">Controlla se i cookie sono abilitati<\/td>\n<td style=\"border: 1px solid #000; padding: 7px;\">Sessione<\/td>\n<\/tr>\n<tr>\n<td style=\"border: 1px solid #000; padding: 7px;\">Il proprietario di questo sito web<\/td>\n<td style=\"border: 1px solid #000; padding: 7px;\">g1_preheader_open_on_startup<\/td>\n<td style=\"border: 1px solid #000; padding: 7px;\">Questo cookie \u00e8 utilizzato dal dominio stesso per gestire l&#8217;aspetto del sito web per ogni sessione utente.<\/td>\n<td style=\"border: 1px solid #000; padding: 7px;\">Sessione<\/td>\n<\/tr>\n<tr>\n<td style=\"border: 1px solid #000; padding: 7px;\">Il proprietario di questo sito web<\/td>\n<td style=\"border: 1px solid #000; padding: 7px;\">_icl_visitor_lang_js<\/td>\n<td style=\"border: 1px solid #000; padding: 7px;\">Memorizza e reindirizza la lingua<\/td>\n<td style=\"border: 1px solid #000; padding: 7px;\">Sessione<\/td>\n<\/tr>\n<\/tbody>\n<\/table>\n<p>&nbsp;<\/p>\n<p>&nbsp;<\/p>\n<table>\n<tbody>\n<tr>\n<td style=\"text-align: center;\" colspan=\"3\">Cookies di terzi<\/td>\n<\/tr>\n<tr>\n<th>Entit\u00e0 che utilizza i cookies<\/th>\n<th>Scope<\/th>\n<th>Ulteriori informazioni<\/th>\n<\/tr>\n<tr>\n<td style=\"border: 1px solid #000; padding: 7px;\">Google Analytics<\/td>\n<td style=\"border: 1px solid #000; padding: 7px;\">Raccogliere informazioni sulla navigazione degli utenti nel sito per conoscere l&#8217;origine delle visite e altri dati statistici simili.<\/td>\n<td style=\"border: 1px solid #000; padding: 7px;\"><a href=\"https:\/\/developers.google.com\/analytics\/devguides\/collection\/analyticsjs\/cookie-usage\">Google Analytics<\/a><br \/>\n<a href=\"https:\/\/policies.google.com\/privacy?hl=es\">Centro per la privacy di Google<\/a><\/td>\n<\/tr>\n<\/tbody>\n<\/table>\n<h2>Utilizziamo altri cookies?<\/h2>\n<p>Alcune pagine o determinati sottositi possono utilizzare anche altri cookies diversi da quelli gi\u00e0 descritti. In questo caso, le informazioni relative saranno fornite su una pagina specifica. Pu\u00f2 esserti chiesto di autorizzare l&#8217;installazione di questi cookies.<\/p>\n<h2>Come controllare i cookies?<\/h2>\n<p>Puoi controllare e\/o verificare i cookies come vuoi \u2013 per saperne di pi\u00f9, vai su <a href=\"http:\/\/aboutcookies.org\" target=\"_blank\" rel=\"noopener noreferrer\">aboutcookies.org<\/a>. Puoi cancellare i cookies gi\u00e0 presenti nel computer e impostare quasi tutti i browser in modo da bloccarne l&#8217;installazione. Se scegli questa opzione, dovrai per\u00f2 modificare manualmente alcune preferenze ogni volta che visiti il sito ed \u00e8 possibile che alcuni servizi o determinate funzioni non siano disponibili.<\/p>\n<h1>Politica in materia di privacy<\/h1>\n<h2>Protezione dei dati personali<\/h2>\n<p>Todolivo tutela la privacy degli utenti.<\/p>\n<p>La politica relativa alla tutela delle persone in relazione al trattamento dei dati personali da parte di Todolivo si basa sul regolamento Regolamento comunitario n. 2016\/679 del 27 aprile 2016 (RGPD), sulla tutela delle persone fisiche in relazione al trattamento dei dati personali.<\/p>\n<p>Questa politica generale riguarda l\u2019insieme dei siti istituzionali dell\u2019Todolivo con il dominio todolivo.com. Bench\u00e9 nella maggior parte di tali siti Internet sia possibile navigare senza fornire alcuna informazione personale, in alcuni casi, per accedere ai servizi elettronici richiesti occorre fornire tali informazioni. I siti Internet che richiedono tali informazioni le trattano secondo la politica descritta nel regolamento citato sopra e forniscono informazioni sull&#8217;uso dei dati in apposite informative sulla tutela della privacy.<\/p>\n<p>L&#8217;insieme dei siti Todolivo con il dominio todolivo.com fornisce link a siti appartenenti a terzi. Visto che la Commissione non esercita alcun controllo su questi ultimi, gli utenti sono invitati a verificare le rispettive politiche in materia di privacy.<\/p>\n<h3>Che cos\u2019\u00e8 un servizio elettronico?<\/h3>\n<p>Un servizio elettronico su Todolivo \u00e8 un servizio o una risorsa resa accessibile su Internet al fine di migliorare la comunicazione tra i cittadini e le imprese, da una parte, e Todolivo, dall&#8217;altra.<\/p>\n<p>Todolivo offre due tipi di servizi elettronici:<\/p>\n<ol>\n<li>servizi di informazione, aumentando la comprensione delle attivit\u00e0 di Todolivo;<\/li>\n<li>servizi interattivi di comunicazione, che permettono di migliorare i contatti con i cittadini, le imprese, agevolando le consultazioni e i meccanismi di feedback.<\/li>\n<\/ol>\n<h2>Come vengono trattate le vostre e-mail<\/h2>\n<p>Molte pagine web di Todolivo hanno un pulsante &#8220;Contatti&#8221; che attiva il software per la posta elettronica e invita a mandare commenti a una specifica casella di posta elettronica.<\/p>\n<p>Quando si invia un messaggio del genere, i dati personali trasmessi sono raccolti dal destinatario solo nella misura necessaria per fornire una risposta. Se l&#8217;\u00e9quipe che si occupa della casella di posta elettronica non \u00e8 in grado di rispondere alla domanda, inoltra l&#8217;e-mail a un altro servizio. Il servizio al quale \u00e8 stata inoltrata la domanda verr\u00e0 comunicato via e-mail.<\/p>\n<p>Eventuali domande sul trattamento della posta elettronica e dei dati personali possono essere incluse nella richiesta di informazioni.<\/p>\n","protected":false},"excerpt":{"rendered":"<p>AVVISO LEGALE: Raccolta dati nella pagina web (LSSICE + LOPD) \u201cIn riferimento a quanto stabilito nella Ley Org\u00e1nica 15\/1999, 13 de diciembre, sulla Protezione dei Dati di Carattere Personale (LOPD), le comunichiamo che attraverso la compilazione del presente formulario, i suoi dati personali saranno incorporati e trattati nel database di Todolivo S.L. con la finalit\u00e0 [&hellip;]<\/p>\n","protected":false},"author":1,"featured_media":0,"parent":0,"menu_order":0,"comment_status":"closed","ping_status":"closed","template":"","meta":{"_lmt_disableupdate":"no","_lmt_disable":"","footnotes":""},"class_list":["post-9666","page","type-page","status-publish"],"yoast_head":"<!-- This site is optimized with the Yoast SEO plugin v26.9 - https:\/\/yoast.com\/product\/yoast-seo-wordpress\/ -->\n<title>Politica in materia di privacy e cookies - Todolivo - Esperti ed pioneri di Oliveti Tipo Siepe<\/title>\n<meta name=\"robots\" content=\"index, follow, max-snippet:-1, max-image-preview:large, max-video-preview:-1\" \/>\n<link rel=\"canonical\" href=\"https:\/\/www.todolivo.com\/it\/politica-materia-di-privacy-cookies\/\" \/>\n<meta property=\"og:locale\" content=\"it_IT\" \/>\n<meta property=\"og:type\" content=\"article\" \/>\n<meta property=\"og:title\" content=\"Politica in materia di privacy e cookies - Todolivo - Esperti ed pioneri di Oliveti Tipo Siepe\" \/>\n<meta property=\"og:description\" content=\"AVVISO LEGALE: Raccolta dati nella pagina web (LSSICE + LOPD) \u201cIn riferimento a quanto stabilito nella Ley Org\u00e1nica 15\/1999, 13 de diciembre, sulla Protezione dei Dati di Carattere Personale (LOPD), le comunichiamo che attraverso la compilazione del presente formulario, i suoi dati personali saranno incorporati e trattati nel database di Todolivo S.L. con la finalit\u00e0 [&hellip;]\" \/>\n<meta property=\"og:url\" content=\"https:\/\/www.todolivo.com\/it\/politica-materia-di-privacy-cookies\/\" \/>\n<meta property=\"og:site_name\" content=\"Todolivo - Esperti ed pioneri di Oliveti Tipo Siepe\" \/>\n<meta property=\"article:modified_time\" content=\"2022-01-17T11:05:38+00:00\" \/>\n<meta name=\"twitter:card\" content=\"summary_large_image\" \/>\n<meta name=\"twitter:label1\" content=\"Tempo di lettura stimato\" \/>\n\t<meta name=\"twitter:data1\" content=\"5 minuti\" \/>\n<script type=\"application\/ld+json\" class=\"yoast-schema-graph\">{\"@context\":\"https:\/\/schema.org\",\"@graph\":[{\"@type\":\"WebPage\",\"@id\":\"https:\/\/www.todolivo.com\/it\/politica-materia-di-privacy-cookies\/\",\"url\":\"https:\/\/www.todolivo.com\/it\/politica-materia-di-privacy-cookies\/\",\"name\":\"Politica in materia di privacy e cookies - Todolivo - Esperti ed pioneri di Oliveti Tipo Siepe\",\"isPartOf\":{\"@id\":\"https:\/\/www.todolivo.com\/#website\"},\"datePublished\":\"2015-08-03T22:25:45+00:00\",\"dateModified\":\"2022-01-17T11:05:38+00:00\",\"breadcrumb\":{\"@id\":\"https:\/\/www.todolivo.com\/it\/politica-materia-di-privacy-cookies\/#breadcrumb\"},\"inLanguage\":\"it-IT\",\"potentialAction\":[{\"@type\":\"ReadAction\",\"target\":[\"https:\/\/www.todolivo.com\/it\/politica-materia-di-privacy-cookies\/\"]}]},{\"@type\":\"BreadcrumbList\",\"@id\":\"https:\/\/www.todolivo.com\/it\/politica-materia-di-privacy-cookies\/#breadcrumb\",\"itemListElement\":[{\"@type\":\"ListItem\",\"position\":1,\"name\":\"Frontale\",\"item\":\"https:\/\/www.todolivo.com\/it\/\"},{\"@type\":\"ListItem\",\"position\":2,\"name\":\"Politica in materia di privacy e cookies\"}]},{\"@type\":\"WebSite\",\"@id\":\"https:\/\/www.todolivo.com\/#website\",\"url\":\"https:\/\/www.todolivo.com\/\",\"name\":\"Todolivo - Esperti ed pioneri di Oliveti Tipo Siepe\",\"description\":\"Todolivo - Esperti ed pioneri di Oliveti Tipo Siepe\",\"potentialAction\":[{\"@type\":\"SearchAction\",\"target\":{\"@type\":\"EntryPoint\",\"urlTemplate\":\"https:\/\/www.todolivo.com\/?s={search_term_string}\"},\"query-input\":{\"@type\":\"PropertyValueSpecification\",\"valueRequired\":true,\"valueName\":\"search_term_string\"}}],\"inLanguage\":\"it-IT\"}]}<\/script>\n<!-- \/ Yoast SEO plugin. -->","yoast_head_json":{"title":"Politica in materia di privacy e cookies - Todolivo - Esperti ed pioneri di Oliveti Tipo Siepe","robots":{"index":"index","follow":"follow","max-snippet":"max-snippet:-1","max-image-preview":"max-image-preview:large","max-video-preview":"max-video-preview:-1"},"canonical":"https:\/\/www.todolivo.com\/it\/politica-materia-di-privacy-cookies\/","og_locale":"it_IT","og_type":"article","og_title":"Politica in materia di privacy e cookies - Todolivo - Esperti ed pioneri di Oliveti Tipo Siepe","og_description":"AVVISO LEGALE: Raccolta dati nella pagina web (LSSICE + LOPD) \u201cIn riferimento a quanto stabilito nella Ley Org\u00e1nica 15\/1999, 13 de diciembre, sulla Protezione dei Dati di Carattere Personale (LOPD), le comunichiamo che attraverso la compilazione del presente formulario, i suoi dati personali saranno incorporati e trattati nel database di Todolivo S.L. con la finalit\u00e0 [&hellip;]","og_url":"https:\/\/www.todolivo.com\/it\/politica-materia-di-privacy-cookies\/","og_site_name":"Todolivo - Esperti ed pioneri di Oliveti Tipo Siepe","article_modified_time":"2022-01-17T11:05:38+00:00","twitter_card":"summary_large_image","twitter_misc":{"Tempo di lettura stimato":"5 minuti"},"schema":{"@context":"https:\/\/schema.org","@graph":[{"@type":"WebPage","@id":"https:\/\/www.todolivo.com\/it\/politica-materia-di-privacy-cookies\/","url":"https:\/\/www.todolivo.com\/it\/politica-materia-di-privacy-cookies\/","name":"Politica in materia di privacy e cookies - Todolivo - Esperti ed pioneri di Oliveti Tipo Siepe","isPartOf":{"@id":"https:\/\/www.todolivo.com\/#website"},"datePublished":"2015-08-03T22:25:45+00:00","dateModified":"2022-01-17T11:05:38+00:00","breadcrumb":{"@id":"https:\/\/www.todolivo.com\/it\/politica-materia-di-privacy-cookies\/#breadcrumb"},"inLanguage":"it-IT","potentialAction":[{"@type":"ReadAction","target":["https:\/\/www.todolivo.com\/it\/politica-materia-di-privacy-cookies\/"]}]},{"@type":"BreadcrumbList","@id":"https:\/\/www.todolivo.com\/it\/politica-materia-di-privacy-cookies\/#breadcrumb","itemListElement":[{"@type":"ListItem","position":1,"name":"Frontale","item":"https:\/\/www.todolivo.com\/it\/"},{"@type":"ListItem","position":2,"name":"Politica in materia di privacy e cookies"}]},{"@type":"WebSite","@id":"https:\/\/www.todolivo.com\/#website","url":"https:\/\/www.todolivo.com\/","name":"Todolivo - Esperti ed pioneri di Oliveti Tipo Siepe","description":"Todolivo - Esperti ed pioneri di Oliveti Tipo Siepe","potentialAction":[{"@type":"SearchAction","target":{"@type":"EntryPoint","urlTemplate":"https:\/\/www.todolivo.com\/?s={search_term_string}"},"query-input":{"@type":"PropertyValueSpecification","valueRequired":true,"valueName":"search_term_string"}}],"inLanguage":"it-IT"}]}},"_links":{"self":[{"href":"https:\/\/www.todolivo.com\/it\/wp-json\/wp\/v2\/pages\/9666","targetHints":{"allow":["GET"]}}],"collection":[{"href":"https:\/\/www.todolivo.com\/it\/wp-json\/wp\/v2\/pages"}],"about":[{"href":"https:\/\/www.todolivo.com\/it\/wp-json\/wp\/v2\/types\/page"}],"author":[{"embeddable":true,"href":"https:\/\/www.todolivo.com\/it\/wp-json\/wp\/v2\/users\/1"}],"replies":[{"embeddable":true,"href":"https:\/\/www.todolivo.com\/it\/wp-json\/wp\/v2\/comments?post=9666"}],"version-history":[{"count":12,"href":"https:\/\/www.todolivo.com\/it\/wp-json\/wp\/v2\/pages\/9666\/revisions"}],"predecessor-version":[{"id":47628,"href":"https:\/\/www.todolivo.com\/it\/wp-json\/wp\/v2\/pages\/9666\/revisions\/47628"}],"wp:attachment":[{"href":"https:\/\/www.todolivo.com\/it\/wp-json\/wp\/v2\/media?parent=9666"}],"curies":[{"name":"wp","href":"https:\/\/api.w.org\/{rel}","templated":true}]}}