{"id":9561,"date":"2015-08-03T09:21:22","date_gmt":"2015-08-03T08:21:22","guid":{"rendered":"http:\/\/todolivo.com\/it\/?page_id=9561"},"modified":"2020-02-19T22:52:49","modified_gmt":"2020-02-19T21:52:49","slug":"la-potatura-nel-sistema-todolivo-oliveti-tipo-siepe","status":"publish","type":"page","link":"https:\/\/www.todolivo.com\/it\/oliveti-tipo-siepe\/la-potatura-nel-sistema-todolivo-oliveti-tipo-siepe\/","title":{"rendered":"LA POTATURA MANUALE E NATURALE NELL\u2019OLIVETO A SIEPE"},"content":{"rendered":"<h2 style=\"text-align: center;\">Noi di Todolivo pratichiamo una potatura manuale e naturale, ispirata a quella degli olivi tradizionali, molto produttiva, che si realizza in modo semplice ed economico.<\/h2>\n<p>Con la potatura naturale riusciamo a togliere il vecchio e l\u2019improduttivo, schiarire le parti dense, permettendo alla luce di far crescere delle vermene all\u2019interno del filare e favorendo che il fogliame produttivo che si genera, cresca dal tronco verso l\u2019esterno, che i rami rimangano ben illuminati e possano captare in maniera efficace l\u2019irradiazione solare, per ottenere cos\u00ec una maggiore produttivit\u00e0 e un pi\u00f9 alto rendimento grasso tutti gli anni.<\/p>\n<style type=\"text\/css\" scoped=\"scoped\">#g1-section-1.g1-section {background-color: #f8f8f6; background-repeat:repeat; background-position:center top; background-attachment:static;}<\/style><div id=\"g1-section-1\" class=\"g1-section \"><div class=\"g1-layout-inner\">\n<ul class=\"g1-grid\"><li class=\"g1-column g1-one-half g1-valign-top\">\n<h3>Funzioni principali<\/h3>\n<ul>\n<li>Creare la struttura dell\u2019olivo a monocono e\/o falsa palmetta.<\/li>\n<li>Mantenere la siepe produttiva e flessibile.<\/li>\n<li>Favorire l\u2019ingresso della luce.<\/li>\n<li>Facilitare la raccolta.<\/li>\n<\/ul>\n<h3>Metodologia<\/h3>\n<p>La potatura si realizza annualmente e consta di due parti diverse. La \u201c<em>sfoltitura<\/em>\u201d realizzata con la motosega o le forbici. Consiste in liberare annualmente l\u2019albero da succhioni e rami intrecciati, schiarire e qualora le cime lo necessitino, abbassarle e rinnovarle. I rami inferiori possono essere potati anche con lame meccaniche, agganciate al trattore. La \u201c<em>potatura dei rami inferiori<\/em>\u201d, si realizza invece con gli strumenti precedentemente citati o con delle lame collegate all\u2019impianto idraulico del trattore, che \u201c<em>radono<\/em>\u201d i rami ad un\u2019altezza di 50 cm dal suolo.<\/p>\n<p>&nbsp;<\/p>\n<h3>Nutrizione con i resti della potatura<\/h3>\n<p>Los <strong>restos de poda<\/strong> son depositados en el centro de las calles para que, una vez finalizada la poda, sean triturados y se puedan incorporar al suelo como materia org\u00e1nica.<\/p>\n<h3>R + S + i<\/h3>\n<p>Nel terreno agricolo oggetto di prove di Pedro Abad, abbiamo iniziato dieci anni fa un programma di potatura totalmente meccanizzato (Topping e potatura laterale con lame), che ci ha permesso di conoscere in dettaglio la reazione dell\u2019impianto.<\/p>\n<\/li><!-- -->\n<li class=\"g1-column g1-one-half g1-valign-top\">\n<p><img fetchpriority=\"high\" decoding=\"async\" class=\"estilo-imagen aligncenter wp-image-21010 size-full\" src=\"https:\/\/www.todolivo.com\/wp-content\/uploads\/Todolivo_p69.jpg\" alt=\"\" width=\"431\" height=\"500\" srcset=\"https:\/\/www.todolivo.com\/wp-content\/uploads\/Todolivo_p69.jpg 431w, https:\/\/www.todolivo.com\/wp-content\/uploads\/Todolivo_p69-259x300.jpg 259w, https:\/\/www.todolivo.com\/wp-content\/uploads\/Todolivo_p69-320x371.jpg 320w, https:\/\/www.todolivo.com\/wp-content\/uploads\/Todolivo_p69-239x277.jpg 239w\" sizes=\"(max-width: 431px) 100vw, 431px\" \/><\/p>\n<h3>Servizio di potatura<\/h3>\n<p>Noi di Todolivo disponiamo di:<\/p>\n<ul>\n<li>Tecnici esperti in potatura di Oliveti a Siepe, che formeranno e offriranno assistenza al personale della tua azienda, in tutto ci\u00f2 che sia necessario.<\/li>\n<li>Tutti i complementi necessari per realizzarla (motoseghe, lame meccaniche, trinciatrici, pinze legatrici, etc.).<\/li>\n<\/ul>\n<\/li><!-- --><\/ul>\n<\/div><\/div>\n<span id=\"g1-space-1\" class=\"g1-space \" style=\"height:40px;\"><\/span>\n<ul class=\"g1-grid\"><li class=\"g1-column g1-three-fourth g1-valign-top\">\n<h2>IL SISTEMA DI POTATURA MANUALE E NATURALE<\/h2>\n<h3>Praticato nell\u2019Oliveto a Siepe, migliora la sostenibilit\u00e0 ambientale, contribuendo a che il calcolo dell\u2019impronta di carbonio sia molto positivo in questo sistema di coltivazione.<\/h3>\n<\/li><!-- -->\n<li class=\"g1-column g1-one-fourth g1-valign-top\">\n<p><img decoding=\"async\" class=\"aligncenter wp-image-21088\" src=\"https:\/\/www.todolivo.com\/wp-content\/uploads\/\/Todolivo_p70_it2-200x200.jpg\" alt=\"\" width=\"200\" height=\"200\" srcset=\"https:\/\/www.todolivo.com\/wp-content\/uploads\/Todolivo_p70_it2-200x200.jpg 200w, https:\/\/www.todolivo.com\/wp-content\/uploads\/Todolivo_p70_it2-300x300.jpg 300w, https:\/\/www.todolivo.com\/wp-content\/uploads\/Todolivo_p70_it2-320x320.jpg 320w, https:\/\/www.todolivo.com\/wp-content\/uploads\/Todolivo_p70_it2-239x239.jpg 239w, https:\/\/www.todolivo.com\/wp-content\/uploads\/Todolivo_p70_it2-55x55.jpg 55w, https:\/\/www.todolivo.com\/wp-content\/uploads\/Todolivo_p70_it2.jpg 350w\" sizes=\"(max-width: 200px) 100vw, 200px\" \/><\/p>\n<\/li><!-- --><\/ul>\n<ul class=\"g1-grid\"><li class=\"g1-column g1-one-half g1-valign-top\">\n<p>Gli olivi hanno la capacit\u00e0 di captare il diossido di carbonio (CO2) atmosferico (un gas dannoso presente nell\u2019atmosfera, causante l\u2019effetto serra) e fissarlo temporaneamente nei ceppi e nei rami.<\/p>\n<p>Con questo sistema, i resti della potatura vengono depositati al centro dei passaggi tra i filari, perch\u00e9 siano triturati e incorporati al suolo come materia organica e ci\u00f2, oltre ad arricchire di nutrienti il terreno, permette di fissare in maniera stabile nel suolo il carbonio presente nei rami potati, contribuendo in questa maniera a far s\u00ec che il calcolo <strong>dell\u2019impronta di carbonio<\/strong> (la differenza tra il diossido di carbonio catturato e quello emesso nell\u2019atmosfera da questa coltivazione) sia<strong> molto positivo<\/strong>.<\/p>\n<\/li><!-- -->\n<li class=\"g1-column g1-one-half g1-valign-top\">\n<p><img decoding=\"async\" class=\"aligncenter wp-image-21031\" src=\"https:\/\/www.todolivo.com\/wp-content\/uploads\/Todolivo_p70_1.jpg\" alt=\"\" width=\"350\" height=\"355\" srcset=\"https:\/\/www.todolivo.com\/wp-content\/uploads\/Todolivo_p70_1.jpg 690w, https:\/\/www.todolivo.com\/wp-content\/uploads\/Todolivo_p70_1-296x300.jpg 296w, https:\/\/www.todolivo.com\/wp-content\/uploads\/Todolivo_p70_1-636x645.jpg 636w, https:\/\/www.todolivo.com\/wp-content\/uploads\/Todolivo_p70_1-320x325.jpg 320w, https:\/\/www.todolivo.com\/wp-content\/uploads\/Todolivo_p70_1-239x242.jpg 239w, https:\/\/www.todolivo.com\/wp-content\/uploads\/Todolivo_p70_1-55x55.jpg 55w\" sizes=\"(max-width: 350px) 100vw, 350px\" \/><\/p>\n<\/li><!-- --><\/ul>\n<style type=\"text\/css\" scoped=\"scoped\">#g1-section-2.g1-section {background-color: #f8f8f6; background-repeat:repeat; background-position:center top; background-attachment:static;}<\/style><div id=\"g1-section-2\" class=\"g1-section \"><div class=\"g1-layout-inner\">\n<p><img loading=\"lazy\" decoding=\"async\" class=\"size-full wp-image-20110 alignright\" src=\"https:\/\/www.todolivo.com\/wp-content\/uploads\/Todolivo_Poda-Manual_Huella-Carbono_foto_ES.jpg\" alt=\"\" width=\"400\" height=\"243\" srcset=\"https:\/\/www.todolivo.com\/wp-content\/uploads\/Todolivo_Poda-Manual_Huella-Carbono_foto_ES.jpg 400w, https:\/\/www.todolivo.com\/wp-content\/uploads\/Todolivo_Poda-Manual_Huella-Carbono_foto_ES-300x182.jpg 300w, https:\/\/www.todolivo.com\/wp-content\/uploads\/Todolivo_Poda-Manual_Huella-Carbono_foto_ES-320x194.jpg 320w, https:\/\/www.todolivo.com\/wp-content\/uploads\/Todolivo_Poda-Manual_Huella-Carbono_foto_ES-239x145.jpg 239w\" sizes=\"(max-width: 400px) 100vw, 400px\" \/><\/p>\n<p>Il team di ricerca dell\u2019Universit\u00e0 di Cordova, diretto dal professore Luis L\u00f3pez Bellido, ha dimostrato, in un importante studio sull\u2019impronta di carbonio, il grande potenziale di questi tipi d\u2019impianti come voragini per il CO2 e nella mitigazione dei gas effetto serra.<\/p>\n<p>Di seguito \u00e8 riportata una tabella riassuntiva in cui \u00e8 possibile vedere come l\u2019Oliveto a Siepe sia il sistema di olivicoltura con il miglior bilancio di emissioni di carbonio, con 4.107 kg di carbonio per ettaro all\u2019anno.<\/p>\n<p>&nbsp;<\/p>\n<p><img loading=\"lazy\" decoding=\"async\" class=\"aligncenter wp-image-21133 size-full\" src=\"https:\/\/www.todolivo.com\/wp-content\/uploads\/Todolivo_p71_tab-it.jpg\" alt=\"\" width=\"960\" height=\"224\" srcset=\"https:\/\/www.todolivo.com\/wp-content\/uploads\/Todolivo_p71_tab-it.jpg 960w, https:\/\/www.todolivo.com\/wp-content\/uploads\/Todolivo_p71_tab-it-300x70.jpg 300w, https:\/\/www.todolivo.com\/wp-content\/uploads\/Todolivo_p71_tab-it-768x179.jpg 768w, https:\/\/www.todolivo.com\/wp-content\/uploads\/Todolivo_p71_tab-it-636x148.jpg 636w, https:\/\/www.todolivo.com\/wp-content\/uploads\/Todolivo_p71_tab-it-320x75.jpg 320w, https:\/\/www.todolivo.com\/wp-content\/uploads\/Todolivo_p71_tab-it-239x56.jpg 239w\" sizes=\"(max-width: 960px) 100vw, 960px\" \/><\/p>\n<\/div><\/div>\n","protected":false},"excerpt":{"rendered":"<p>Noi di Todolivo pratichiamo una potatura manuale e naturale, ispirata a quella degli olivi tradizionali, molto produttiva, che si realizza in modo semplice ed economico. Con la potatura naturale riusciamo a togliere il vecchio e l\u2019improduttivo, schiarire le parti dense, permettendo alla luce di far crescere delle vermene all\u2019interno del filare e favorendo che il [&hellip;]<\/p>\n","protected":false},"author":1,"featured_media":0,"parent":9532,"menu_order":0,"comment_status":"closed","ping_status":"closed","template":"","meta":{"_lmt_disableupdate":"no","_lmt_disable":"","footnotes":""},"class_list":["post-9561","page","type-page","status-publish"],"yoast_head":"<!-- This site is optimized with the Yoast SEO plugin v26.9 - https:\/\/yoast.com\/product\/yoast-seo-wordpress\/ -->\n<title>LA POTATURA MANUALE E NATURALE NELL\u2019OLIVETO A SIEPE - Todolivo - Esperti ed pioneri di Oliveti Tipo Siepe<\/title>\n<meta name=\"robots\" content=\"index, follow, max-snippet:-1, max-image-preview:large, max-video-preview:-1\" \/>\n<link rel=\"canonical\" href=\"https:\/\/www.todolivo.com\/it\/oliveti-tipo-siepe\/la-potatura-nel-sistema-todolivo-oliveti-tipo-siepe\/\" \/>\n<meta property=\"og:locale\" content=\"it_IT\" \/>\n<meta property=\"og:type\" content=\"article\" \/>\n<meta property=\"og:title\" content=\"LA POTATURA MANUALE E NATURALE NELL\u2019OLIVETO A SIEPE - Todolivo - Esperti ed pioneri di Oliveti Tipo Siepe\" \/>\n<meta property=\"og:description\" content=\"Noi di Todolivo pratichiamo una potatura manuale e naturale, ispirata a quella degli olivi tradizionali, molto produttiva, che si realizza in modo semplice ed economico. Con la potatura naturale riusciamo a togliere il vecchio e l\u2019improduttivo, schiarire le parti dense, permettendo alla luce di far crescere delle vermene all\u2019interno del filare e favorendo che il [&hellip;]\" \/>\n<meta property=\"og:url\" content=\"https:\/\/www.todolivo.com\/it\/oliveti-tipo-siepe\/la-potatura-nel-sistema-todolivo-oliveti-tipo-siepe\/\" \/>\n<meta property=\"og:site_name\" content=\"Todolivo - Esperti ed pioneri di Oliveti Tipo Siepe\" \/>\n<meta property=\"article:modified_time\" content=\"2020-02-19T21:52:49+00:00\" \/>\n<meta property=\"og:image\" content=\"https:\/\/www.todolivo.com\/wp-content\/uploads\/Todolivo_p69.jpg\" \/>\n<meta name=\"twitter:card\" content=\"summary_large_image\" \/>\n<meta name=\"twitter:label1\" content=\"Tempo di lettura stimato\" \/>\n\t<meta name=\"twitter:data1\" content=\"3 minuti\" \/>\n<script type=\"application\/ld+json\" class=\"yoast-schema-graph\">{\"@context\":\"https:\/\/schema.org\",\"@graph\":[{\"@type\":\"WebPage\",\"@id\":\"https:\/\/www.todolivo.com\/it\/oliveti-tipo-siepe\/la-potatura-nel-sistema-todolivo-oliveti-tipo-siepe\/\",\"url\":\"https:\/\/www.todolivo.com\/it\/oliveti-tipo-siepe\/la-potatura-nel-sistema-todolivo-oliveti-tipo-siepe\/\",\"name\":\"LA POTATURA MANUALE E NATURALE NELL\u2019OLIVETO A SIEPE - Todolivo - Esperti ed pioneri di Oliveti Tipo Siepe\",\"isPartOf\":{\"@id\":\"https:\/\/www.todolivo.com\/#website\"},\"primaryImageOfPage\":{\"@id\":\"https:\/\/www.todolivo.com\/it\/oliveti-tipo-siepe\/la-potatura-nel-sistema-todolivo-oliveti-tipo-siepe\/#primaryimage\"},\"image\":{\"@id\":\"https:\/\/www.todolivo.com\/it\/oliveti-tipo-siepe\/la-potatura-nel-sistema-todolivo-oliveti-tipo-siepe\/#primaryimage\"},\"thumbnailUrl\":\"https:\/\/www.todolivo.com\/wp-content\/uploads\/Todolivo_p69.jpg\",\"datePublished\":\"2015-08-03T08:21:22+00:00\",\"dateModified\":\"2020-02-19T21:52:49+00:00\",\"breadcrumb\":{\"@id\":\"https:\/\/www.todolivo.com\/it\/oliveti-tipo-siepe\/la-potatura-nel-sistema-todolivo-oliveti-tipo-siepe\/#breadcrumb\"},\"inLanguage\":\"it-IT\",\"potentialAction\":[{\"@type\":\"ReadAction\",\"target\":[\"https:\/\/www.todolivo.com\/it\/oliveti-tipo-siepe\/la-potatura-nel-sistema-todolivo-oliveti-tipo-siepe\/\"]}]},{\"@type\":\"ImageObject\",\"inLanguage\":\"it-IT\",\"@id\":\"https:\/\/www.todolivo.com\/it\/oliveti-tipo-siepe\/la-potatura-nel-sistema-todolivo-oliveti-tipo-siepe\/#primaryimage\",\"url\":\"https:\/\/www.todolivo.com\/wp-content\/uploads\/Todolivo_p69.jpg\",\"contentUrl\":\"https:\/\/www.todolivo.com\/wp-content\/uploads\/Todolivo_p69.jpg\"},{\"@type\":\"BreadcrumbList\",\"@id\":\"https:\/\/www.todolivo.com\/it\/oliveti-tipo-siepe\/la-potatura-nel-sistema-todolivo-oliveti-tipo-siepe\/#breadcrumb\",\"itemListElement\":[{\"@type\":\"ListItem\",\"position\":1,\"name\":\"Frontale\",\"item\":\"https:\/\/www.todolivo.com\/it\/\"},{\"@type\":\"ListItem\",\"position\":2,\"name\":\"Oliveti Tipo Siepe\",\"item\":\"https:\/\/www.todolivo.com\/it\/oliveti-tipo-siepe\/\"},{\"@type\":\"ListItem\",\"position\":3,\"name\":\"LA POTATURA MANUALE E NATURALE NELL\u2019OLIVETO A SIEPE\"}]},{\"@type\":\"WebSite\",\"@id\":\"https:\/\/www.todolivo.com\/#website\",\"url\":\"https:\/\/www.todolivo.com\/\",\"name\":\"Todolivo - Esperti ed pioneri di Oliveti Tipo Siepe\",\"description\":\"Todolivo - Esperti ed pioneri di Oliveti Tipo Siepe\",\"potentialAction\":[{\"@type\":\"SearchAction\",\"target\":{\"@type\":\"EntryPoint\",\"urlTemplate\":\"https:\/\/www.todolivo.com\/?s={search_term_string}\"},\"query-input\":{\"@type\":\"PropertyValueSpecification\",\"valueRequired\":true,\"valueName\":\"search_term_string\"}}],\"inLanguage\":\"it-IT\"}]}<\/script>\n<!-- \/ Yoast SEO plugin. -->","yoast_head_json":{"title":"LA POTATURA MANUALE E NATURALE NELL\u2019OLIVETO A SIEPE - Todolivo - Esperti ed pioneri di Oliveti Tipo Siepe","robots":{"index":"index","follow":"follow","max-snippet":"max-snippet:-1","max-image-preview":"max-image-preview:large","max-video-preview":"max-video-preview:-1"},"canonical":"https:\/\/www.todolivo.com\/it\/oliveti-tipo-siepe\/la-potatura-nel-sistema-todolivo-oliveti-tipo-siepe\/","og_locale":"it_IT","og_type":"article","og_title":"LA POTATURA MANUALE E NATURALE NELL\u2019OLIVETO A SIEPE - Todolivo - Esperti ed pioneri di Oliveti Tipo Siepe","og_description":"Noi di Todolivo pratichiamo una potatura manuale e naturale, ispirata a quella degli olivi tradizionali, molto produttiva, che si realizza in modo semplice ed economico. Con la potatura naturale riusciamo a togliere il vecchio e l\u2019improduttivo, schiarire le parti dense, permettendo alla luce di far crescere delle vermene all\u2019interno del filare e favorendo che il [&hellip;]","og_url":"https:\/\/www.todolivo.com\/it\/oliveti-tipo-siepe\/la-potatura-nel-sistema-todolivo-oliveti-tipo-siepe\/","og_site_name":"Todolivo - Esperti ed pioneri di Oliveti Tipo Siepe","article_modified_time":"2020-02-19T21:52:49+00:00","og_image":[{"url":"https:\/\/www.todolivo.com\/wp-content\/uploads\/Todolivo_p69.jpg","type":"","width":"","height":""}],"twitter_card":"summary_large_image","twitter_misc":{"Tempo di lettura stimato":"3 minuti"},"schema":{"@context":"https:\/\/schema.org","@graph":[{"@type":"WebPage","@id":"https:\/\/www.todolivo.com\/it\/oliveti-tipo-siepe\/la-potatura-nel-sistema-todolivo-oliveti-tipo-siepe\/","url":"https:\/\/www.todolivo.com\/it\/oliveti-tipo-siepe\/la-potatura-nel-sistema-todolivo-oliveti-tipo-siepe\/","name":"LA POTATURA MANUALE E NATURALE NELL\u2019OLIVETO A SIEPE - Todolivo - Esperti ed pioneri di Oliveti Tipo Siepe","isPartOf":{"@id":"https:\/\/www.todolivo.com\/#website"},"primaryImageOfPage":{"@id":"https:\/\/www.todolivo.com\/it\/oliveti-tipo-siepe\/la-potatura-nel-sistema-todolivo-oliveti-tipo-siepe\/#primaryimage"},"image":{"@id":"https:\/\/www.todolivo.com\/it\/oliveti-tipo-siepe\/la-potatura-nel-sistema-todolivo-oliveti-tipo-siepe\/#primaryimage"},"thumbnailUrl":"https:\/\/www.todolivo.com\/wp-content\/uploads\/Todolivo_p69.jpg","datePublished":"2015-08-03T08:21:22+00:00","dateModified":"2020-02-19T21:52:49+00:00","breadcrumb":{"@id":"https:\/\/www.todolivo.com\/it\/oliveti-tipo-siepe\/la-potatura-nel-sistema-todolivo-oliveti-tipo-siepe\/#breadcrumb"},"inLanguage":"it-IT","potentialAction":[{"@type":"ReadAction","target":["https:\/\/www.todolivo.com\/it\/oliveti-tipo-siepe\/la-potatura-nel-sistema-todolivo-oliveti-tipo-siepe\/"]}]},{"@type":"ImageObject","inLanguage":"it-IT","@id":"https:\/\/www.todolivo.com\/it\/oliveti-tipo-siepe\/la-potatura-nel-sistema-todolivo-oliveti-tipo-siepe\/#primaryimage","url":"https:\/\/www.todolivo.com\/wp-content\/uploads\/Todolivo_p69.jpg","contentUrl":"https:\/\/www.todolivo.com\/wp-content\/uploads\/Todolivo_p69.jpg"},{"@type":"BreadcrumbList","@id":"https:\/\/www.todolivo.com\/it\/oliveti-tipo-siepe\/la-potatura-nel-sistema-todolivo-oliveti-tipo-siepe\/#breadcrumb","itemListElement":[{"@type":"ListItem","position":1,"name":"Frontale","item":"https:\/\/www.todolivo.com\/it\/"},{"@type":"ListItem","position":2,"name":"Oliveti Tipo Siepe","item":"https:\/\/www.todolivo.com\/it\/oliveti-tipo-siepe\/"},{"@type":"ListItem","position":3,"name":"LA POTATURA MANUALE E NATURALE NELL\u2019OLIVETO A SIEPE"}]},{"@type":"WebSite","@id":"https:\/\/www.todolivo.com\/#website","url":"https:\/\/www.todolivo.com\/","name":"Todolivo - Esperti ed pioneri di Oliveti Tipo Siepe","description":"Todolivo - Esperti ed pioneri di Oliveti Tipo Siepe","potentialAction":[{"@type":"SearchAction","target":{"@type":"EntryPoint","urlTemplate":"https:\/\/www.todolivo.com\/?s={search_term_string}"},"query-input":{"@type":"PropertyValueSpecification","valueRequired":true,"valueName":"search_term_string"}}],"inLanguage":"it-IT"}]}},"_links":{"self":[{"href":"https:\/\/www.todolivo.com\/it\/wp-json\/wp\/v2\/pages\/9561","targetHints":{"allow":["GET"]}}],"collection":[{"href":"https:\/\/www.todolivo.com\/it\/wp-json\/wp\/v2\/pages"}],"about":[{"href":"https:\/\/www.todolivo.com\/it\/wp-json\/wp\/v2\/types\/page"}],"author":[{"embeddable":true,"href":"https:\/\/www.todolivo.com\/it\/wp-json\/wp\/v2\/users\/1"}],"replies":[{"embeddable":true,"href":"https:\/\/www.todolivo.com\/it\/wp-json\/wp\/v2\/comments?post=9561"}],"version-history":[{"count":5,"href":"https:\/\/www.todolivo.com\/it\/wp-json\/wp\/v2\/pages\/9561\/revisions"}],"predecessor-version":[{"id":21138,"href":"https:\/\/www.todolivo.com\/it\/wp-json\/wp\/v2\/pages\/9561\/revisions\/21138"}],"up":[{"embeddable":true,"href":"https:\/\/www.todolivo.com\/it\/wp-json\/wp\/v2\/pages\/9532"}],"wp:attachment":[{"href":"https:\/\/www.todolivo.com\/it\/wp-json\/wp\/v2\/media?parent=9561"}],"curies":[{"name":"wp","href":"https:\/\/api.w.org\/{rel}","templated":true}]}}