{"id":9559,"date":"2015-08-03T09:16:21","date_gmt":"2015-08-03T08:16:21","guid":{"rendered":"http:\/\/todolivo.com\/it\/?page_id=9559"},"modified":"2020-02-19T01:10:11","modified_gmt":"2020-02-19T00:10:11","slug":"litonita","status":"publish","type":"page","link":"https:\/\/www.todolivo.com\/it\/oliveti-tipo-siepe\/litonita\/","title":{"rendered":"CONCIMAZIONE DI PRE-IMPIANTO"},"content":{"rendered":"<h2 style=\"text-align: center;\">Litonita<br \/>\nLa base della fertilizzazione biologica<\/h2>\n<span id=\"g1-space-1\" class=\"g1-space \" style=\"margin-top:-25px;\"><\/span>\n<style type=\"text\/css\" scoped=\"scoped\">#g1-section-1.g1-section {background-color: #ffffff; background-repeat:repeat; background-position:center top; background-attachment:static;}<\/style><div id=\"g1-section-1\" class=\"g1-section \"><div class=\"g1-layout-inner\">\n<h3>Contribuisce enormemente alla crescita delle radici e accellera la crescita della pianta nelle prime fasi del suo sviluppo.<\/h3>\n<ul class=\"g1-grid\"><li class=\"g1-column g1-two-third g1-valign-top\">\n<ul class=\"g1-grid\"><li class=\"g1-column g1-one-half g1-valign-top\">\n<h3>Natura<\/h3>\n<p>Materiale di origine naturale, prodotto dalla frantumazione della roccia della famiglia della Zeolite. Migliora la capacit\u00e0 del cambio cationico del terreno, mettendo i nutrienti a disposizione della pianta senza dispendio di energia da parte di queste. Evita la perdita di composti nutritivi negli&nbsp; strati profondi.<\/p>\n<\/li><!-- -->\n<li class=\"g1-column g1-one-half g1-valign-top\">\n<h3>Risultati nella campagna<\/h3>\n<p>In molte aziende dove la Litonita si \u00e8 utilizzata, si \u00e8 ridotto notevolmente l\u2019utilizzo di fertilizzanti, come per esempio; nella azienda a&nbsp; Pedro Abad ( C\u00f3rdoba)&nbsp; che ha ottenuto 14 produzioni consecutive senza applicare nessun fertilizzante minerale dopo l\u2019uso iniziale della Litonita.<\/p>\n<\/li><!-- --><\/ul>\n<h3>Immagazzinameneto dei nutrienti e umidit\u00e0<\/h3>\n<p>Una delle sue qualit\u00e0 principali \u00e8 la capacit\u00e0&nbsp; che possiede di immagazzinare i nutrienti proveniente fondamentalmente dalla decomposizione dei resti della potatura triturati. Possiede anche capacit\u00e0 di assorbire ed espellere acqua. Aumenta la struttura della terra facilitando la aerazione.<\/p>\n<blockquote>\n<h3>Fondamentale per il risparmio futuro nei costi di fertilizzazione.<\/h3>\n<\/blockquote>\n<\/li><!-- -->\n<li class=\"g1-column g1-one-third g1-valign-top\">\n<p>&nbsp;<\/p>\n<p><img fetchpriority=\"high\" decoding=\"async\" class=\"aligncenter wp-image-6347 size-full\" src=\"http:\/\/todolivo.com\/wp-content\/uploads\/Litonita3.png\" alt=\"\" width=\"265\" height=\"317\" srcset=\"https:\/\/www.todolivo.com\/wp-content\/uploads\/Litonita3.png 265w, https:\/\/www.todolivo.com\/wp-content\/uploads\/Litonita3-251x300.png 251w, https:\/\/www.todolivo.com\/wp-content\/uploads\/Litonita3-55x66.png 55w, https:\/\/www.todolivo.com\/wp-content\/uploads\/Litonita3-239x286.png 239w\" sizes=\"(max-width: 265px) 100vw, 265px\" \/><\/p>\n<h2 style=\"text-align: center;\">Concimazione<br \/>\npre-impianto<\/h2>\n<\/li><!-- --><\/ul>\n<\/div><\/div>\n","protected":false},"excerpt":{"rendered":"<p>Litonita La base della fertilizzazione biologica<\/p>\n","protected":false},"author":1,"featured_media":0,"parent":9532,"menu_order":0,"comment_status":"closed","ping_status":"closed","template":"","meta":{"_lmt_disableupdate":"no","_lmt_disable":"","footnotes":""},"class_list":["post-9559","page","type-page","status-publish"],"yoast_head":"<!-- This site is optimized with the Yoast SEO plugin v26.9 - https:\/\/yoast.com\/product\/yoast-seo-wordpress\/ -->\n<title>CONCIMAZIONE DI PRE-IMPIANTO - Todolivo - Esperti ed pioneri di Oliveti Tipo Siepe<\/title>\n<meta name=\"robots\" content=\"index, follow, max-snippet:-1, max-image-preview:large, max-video-preview:-1\" \/>\n<link rel=\"canonical\" href=\"https:\/\/www.todolivo.com\/it\/oliveti-tipo-siepe\/litonita\/\" \/>\n<meta property=\"og:locale\" content=\"it_IT\" \/>\n<meta property=\"og:type\" content=\"article\" \/>\n<meta property=\"og:title\" content=\"CONCIMAZIONE DI PRE-IMPIANTO - Todolivo - Esperti ed pioneri di Oliveti Tipo Siepe\" \/>\n<meta property=\"og:description\" content=\"Litonita La base della fertilizzazione biologica\" \/>\n<meta property=\"og:url\" content=\"https:\/\/www.todolivo.com\/it\/oliveti-tipo-siepe\/litonita\/\" \/>\n<meta property=\"og:site_name\" content=\"Todolivo - Esperti ed pioneri di Oliveti Tipo Siepe\" \/>\n<meta property=\"article:modified_time\" content=\"2020-02-19T00:10:11+00:00\" \/>\n<meta property=\"og:image\" content=\"http:\/\/todolivo.com\/wp-content\/uploads\/Litonita3.png\" \/>\n<meta name=\"twitter:card\" content=\"summary_large_image\" \/>\n<meta name=\"twitter:label1\" content=\"Tempo di lettura stimato\" \/>\n\t<meta name=\"twitter:data1\" content=\"1 minuto\" \/>\n<script type=\"application\/ld+json\" class=\"yoast-schema-graph\">{\"@context\":\"https:\/\/schema.org\",\"@graph\":[{\"@type\":\"WebPage\",\"@id\":\"https:\/\/www.todolivo.com\/it\/oliveti-tipo-siepe\/litonita\/\",\"url\":\"https:\/\/www.todolivo.com\/it\/oliveti-tipo-siepe\/litonita\/\",\"name\":\"CONCIMAZIONE DI PRE-IMPIANTO - Todolivo - Esperti ed pioneri di Oliveti Tipo Siepe\",\"isPartOf\":{\"@id\":\"https:\/\/www.todolivo.com\/#website\"},\"primaryImageOfPage\":{\"@id\":\"https:\/\/www.todolivo.com\/it\/oliveti-tipo-siepe\/litonita\/#primaryimage\"},\"image\":{\"@id\":\"https:\/\/www.todolivo.com\/it\/oliveti-tipo-siepe\/litonita\/#primaryimage\"},\"thumbnailUrl\":\"http:\/\/todolivo.com\/wp-content\/uploads\/Litonita3.png\",\"datePublished\":\"2015-08-03T08:16:21+00:00\",\"dateModified\":\"2020-02-19T00:10:11+00:00\",\"breadcrumb\":{\"@id\":\"https:\/\/www.todolivo.com\/it\/oliveti-tipo-siepe\/litonita\/#breadcrumb\"},\"inLanguage\":\"it-IT\",\"potentialAction\":[{\"@type\":\"ReadAction\",\"target\":[\"https:\/\/www.todolivo.com\/it\/oliveti-tipo-siepe\/litonita\/\"]}]},{\"@type\":\"ImageObject\",\"inLanguage\":\"it-IT\",\"@id\":\"https:\/\/www.todolivo.com\/it\/oliveti-tipo-siepe\/litonita\/#primaryimage\",\"url\":\"http:\/\/todolivo.com\/wp-content\/uploads\/Litonita3.png\",\"contentUrl\":\"http:\/\/todolivo.com\/wp-content\/uploads\/Litonita3.png\"},{\"@type\":\"BreadcrumbList\",\"@id\":\"https:\/\/www.todolivo.com\/it\/oliveti-tipo-siepe\/litonita\/#breadcrumb\",\"itemListElement\":[{\"@type\":\"ListItem\",\"position\":1,\"name\":\"Frontale\",\"item\":\"https:\/\/www.todolivo.com\/it\/\"},{\"@type\":\"ListItem\",\"position\":2,\"name\":\"Oliveti Tipo Siepe\",\"item\":\"https:\/\/www.todolivo.com\/it\/oliveti-tipo-siepe\/\"},{\"@type\":\"ListItem\",\"position\":3,\"name\":\"CONCIMAZIONE DI PRE-IMPIANTO\"}]},{\"@type\":\"WebSite\",\"@id\":\"https:\/\/www.todolivo.com\/#website\",\"url\":\"https:\/\/www.todolivo.com\/\",\"name\":\"Todolivo - Esperti ed pioneri di Oliveti Tipo Siepe\",\"description\":\"Todolivo - Esperti ed pioneri di Oliveti Tipo Siepe\",\"potentialAction\":[{\"@type\":\"SearchAction\",\"target\":{\"@type\":\"EntryPoint\",\"urlTemplate\":\"https:\/\/www.todolivo.com\/?s={search_term_string}\"},\"query-input\":{\"@type\":\"PropertyValueSpecification\",\"valueRequired\":true,\"valueName\":\"search_term_string\"}}],\"inLanguage\":\"it-IT\"}]}<\/script>\n<!-- \/ Yoast SEO plugin. -->","yoast_head_json":{"title":"CONCIMAZIONE DI PRE-IMPIANTO - Todolivo - Esperti ed pioneri di Oliveti Tipo Siepe","robots":{"index":"index","follow":"follow","max-snippet":"max-snippet:-1","max-image-preview":"max-image-preview:large","max-video-preview":"max-video-preview:-1"},"canonical":"https:\/\/www.todolivo.com\/it\/oliveti-tipo-siepe\/litonita\/","og_locale":"it_IT","og_type":"article","og_title":"CONCIMAZIONE DI PRE-IMPIANTO - Todolivo - Esperti ed pioneri di Oliveti Tipo Siepe","og_description":"Litonita La base della fertilizzazione biologica","og_url":"https:\/\/www.todolivo.com\/it\/oliveti-tipo-siepe\/litonita\/","og_site_name":"Todolivo - Esperti ed pioneri di Oliveti Tipo Siepe","article_modified_time":"2020-02-19T00:10:11+00:00","og_image":[{"url":"http:\/\/todolivo.com\/wp-content\/uploads\/Litonita3.png","type":"","width":"","height":""}],"twitter_card":"summary_large_image","twitter_misc":{"Tempo di lettura stimato":"1 minuto"},"schema":{"@context":"https:\/\/schema.org","@graph":[{"@type":"WebPage","@id":"https:\/\/www.todolivo.com\/it\/oliveti-tipo-siepe\/litonita\/","url":"https:\/\/www.todolivo.com\/it\/oliveti-tipo-siepe\/litonita\/","name":"CONCIMAZIONE DI PRE-IMPIANTO - Todolivo - Esperti ed pioneri di Oliveti Tipo Siepe","isPartOf":{"@id":"https:\/\/www.todolivo.com\/#website"},"primaryImageOfPage":{"@id":"https:\/\/www.todolivo.com\/it\/oliveti-tipo-siepe\/litonita\/#primaryimage"},"image":{"@id":"https:\/\/www.todolivo.com\/it\/oliveti-tipo-siepe\/litonita\/#primaryimage"},"thumbnailUrl":"http:\/\/todolivo.com\/wp-content\/uploads\/Litonita3.png","datePublished":"2015-08-03T08:16:21+00:00","dateModified":"2020-02-19T00:10:11+00:00","breadcrumb":{"@id":"https:\/\/www.todolivo.com\/it\/oliveti-tipo-siepe\/litonita\/#breadcrumb"},"inLanguage":"it-IT","potentialAction":[{"@type":"ReadAction","target":["https:\/\/www.todolivo.com\/it\/oliveti-tipo-siepe\/litonita\/"]}]},{"@type":"ImageObject","inLanguage":"it-IT","@id":"https:\/\/www.todolivo.com\/it\/oliveti-tipo-siepe\/litonita\/#primaryimage","url":"http:\/\/todolivo.com\/wp-content\/uploads\/Litonita3.png","contentUrl":"http:\/\/todolivo.com\/wp-content\/uploads\/Litonita3.png"},{"@type":"BreadcrumbList","@id":"https:\/\/www.todolivo.com\/it\/oliveti-tipo-siepe\/litonita\/#breadcrumb","itemListElement":[{"@type":"ListItem","position":1,"name":"Frontale","item":"https:\/\/www.todolivo.com\/it\/"},{"@type":"ListItem","position":2,"name":"Oliveti Tipo Siepe","item":"https:\/\/www.todolivo.com\/it\/oliveti-tipo-siepe\/"},{"@type":"ListItem","position":3,"name":"CONCIMAZIONE DI PRE-IMPIANTO"}]},{"@type":"WebSite","@id":"https:\/\/www.todolivo.com\/#website","url":"https:\/\/www.todolivo.com\/","name":"Todolivo - Esperti ed pioneri di Oliveti Tipo Siepe","description":"Todolivo - Esperti ed pioneri di Oliveti Tipo Siepe","potentialAction":[{"@type":"SearchAction","target":{"@type":"EntryPoint","urlTemplate":"https:\/\/www.todolivo.com\/?s={search_term_string}"},"query-input":{"@type":"PropertyValueSpecification","valueRequired":true,"valueName":"search_term_string"}}],"inLanguage":"it-IT"}]}},"_links":{"self":[{"href":"https:\/\/www.todolivo.com\/it\/wp-json\/wp\/v2\/pages\/9559","targetHints":{"allow":["GET"]}}],"collection":[{"href":"https:\/\/www.todolivo.com\/it\/wp-json\/wp\/v2\/pages"}],"about":[{"href":"https:\/\/www.todolivo.com\/it\/wp-json\/wp\/v2\/types\/page"}],"author":[{"embeddable":true,"href":"https:\/\/www.todolivo.com\/it\/wp-json\/wp\/v2\/users\/1"}],"replies":[{"embeddable":true,"href":"https:\/\/www.todolivo.com\/it\/wp-json\/wp\/v2\/comments?post=9559"}],"version-history":[{"count":3,"href":"https:\/\/www.todolivo.com\/it\/wp-json\/wp\/v2\/pages\/9559\/revisions"}],"predecessor-version":[{"id":21007,"href":"https:\/\/www.todolivo.com\/it\/wp-json\/wp\/v2\/pages\/9559\/revisions\/21007"}],"up":[{"embeddable":true,"href":"https:\/\/www.todolivo.com\/it\/wp-json\/wp\/v2\/pages\/9532"}],"wp:attachment":[{"href":"https:\/\/www.todolivo.com\/it\/wp-json\/wp\/v2\/media?parent=9559"}],"curies":[{"name":"wp","href":"https:\/\/api.w.org\/{rel}","templated":true}]}}