{"id":9543,"date":"2015-08-03T01:04:06","date_gmt":"2015-08-03T00:04:06","guid":{"rendered":"http:\/\/todolivo.com\/it\/?page_id=9543"},"modified":"2018-06-09T09:29:13","modified_gmt":"2018-06-09T08:29:13","slug":"levoluzione-dei-sesti-dimpianto","status":"publish","type":"page","link":"https:\/\/www.todolivo.com\/it\/oliveti-tipo-siepe\/levoluzione-dei-sesti-dimpianto\/","title":{"rendered":"L\u2019evoluzione  dei sesti d\u2019impianto"},"content":{"rendered":"<p><img decoding=\"async\" class=\"alignright wp-image-2958\" style=\"margin-left: 20px;\" src=\"http:\/\/todolivo.com\/wp-content\/uploads\/10_3.jpg\" alt=\"10_3\" width=\"77\" height=\"76\" srcset=\"https:\/\/www.todolivo.com\/wp-content\/uploads\/10_3.jpg 150w, https:\/\/www.todolivo.com\/wp-content\/uploads\/10_3-55x55.jpg 55w\" sizes=\"(max-width: 77px) 100vw, 77px\" \/><\/p>\n<h1 style=\"text-align: center;\"><em>La ricerca sugli Oliveti Tipo Siepe<\/em><\/h1>\n<span id=\"g1-space-1\" class=\"g1-space \" style=\"height:45px;\"><\/span>\n<ul class=\"g1-grid\"><li class=\"g1-column g1-one-half g1-valign-top\">\n<p>Noi di Todolivo&nbsp; abbiamo sviluppato&nbsp; i nostri sesti d\u2019impianto in fuzione dei dati che con il tempo abbiamo ottenuto attraverso la nostra esperienza nella campagna&nbsp; e il lavoro di ricerca che abbiamo svolto sia a livello privato sia nella collaborazione con Universidad de C\u00f3rdoba, IFAPA e altri organismo pubblici e privati.<\/p>\n<\/li><!-- -->\n<li class=\"g1-column g1-one-half g1-valign-top\">\n<p>Con i nuovi sesti d\u2019impianto personalizzati&nbsp; e le coltivazioni multivariet\u00e0, vogliamo ottenere in ogni azienda la migliore&nbsp; produttivit\u00e0, con il minor investimento e costi di mantenimento cos\u00ec come ottenere coupages unici di olio extra vergine d\u2019oliva.<br \/>\nPer questo motivo, realizziamo uno studio agronomico previo dettagliato dei differenti appezzamenti di terreno che compongono la tua azienda, per aiutarti a scegliere il sesto d\u2019impianto, orientamento e la variet\u00e0 adatta in ognuno questi.<\/p>\n<\/li><!-- --><\/ul>\n<span id=\"g1-space-2\" class=\"g1-space \" style=\"height:10px;\"><\/span>\n<ul class=\"g1-grid\"><li class=\"g1-column g1-two-fifth g1-valign-top\">\n<div id=\"g1-box-counter-1\" class=\"g1-box g1-box--solid  g1-box--noicon\" ><div class=\"g1-box__inner\">\n<h3>SESTI D\u2019IMPIANTO INIZIALI Utilizzati<\/h3>\n\n<ul id=\"g1-list-1\" class=\"g1-list--icon g1-list--none \">\n<li><i class=\"fa fa-check-square-o g1-list__icon\"><\/i><strong>Il 100% dell\u2019olio <\/strong>ottenuto \u00e8<strong> extra vergine d\u2019oliva<\/strong><\/li>\n<li><i class=\"fa fa-check-square-o g1-list__icon\"><\/i>Si ottiene una produttivit\u00e0 molto alta. Con questi abbiamo raggiunto numerosi records di produzione e di olio.<\/li>\n<li><i class=\"fa fa-check-square-o g1-list__icon\"><\/i>Superano nella produzione e nella reddivit\u00e0 l\u2019oliveto tradizionale e intensivo.<\/li>\n<li><i class=\"fa fa-check-square-o g1-list__icon\"><\/i>I costi di mantenimento sono pi\u00f9 bassi dell\u2019oliveto tradizionale.<\/li>\n<li><i class=\"fa fa-check-square-o g1-list__icon\"><\/i>Permette raccogliere tra 1 e 3 centesimi\/kg olive senza necessit\u00e0 di comprare macchinari.<\/li>\n<\/ul>\n\n<\/div><\/div>\n<span id=\"g1-space-3\" class=\"g1-space \" style=\"height:30px;\"><\/span>\n<div align=\"center\"><a class=\"boton\" href=\"http:\/\/todolivo.com\/it\/chiedere-maggiori-informazioni\/\" target=\"new\"><img decoding=\"async\" class=\"alignleft wp-image-6678\" style=\"margin-top: -12px;\" src=\"http:\/\/todolivo.com\/wp-content\/uploads\/boton-info.png\" alt=\"boton info\" width=\"50\" height=\"48\" srcset=\"https:\/\/www.todolivo.com\/wp-content\/uploads\/boton-info.png 60w, https:\/\/www.todolivo.com\/wp-content\/uploads\/boton-info-55x53.png 55w\" sizes=\"(max-width: 50px) 100vw, 50px\" \/><span style=\"color: #ffffff;\">Chiedere maggiori informazioni<\/span><\/a><\/div>\n<\/li><!-- -->\n<li class=\"g1-column g1-one-fifth g1-valign-top\">\n<span id=\"g1-space-4\" class=\"g1-space \" style=\"height:100px;\"><\/span>\n<p><img decoding=\"async\" class=\"aligncenter size-full wp-image-2944\" src=\"http:\/\/todolivo.com\/wp-content\/uploads\/10_2.jpg\" alt=\"10_2\" width=\"79\" height=\"250\"><\/p>\n<\/li><!-- -->\n<li class=\"g1-column g1-two-fifth g1-valign-top\">\n<div id=\"g1-box-counter-2\" class=\"g1-box g1-box--solid  g1-box--noicon\" ><div class=\"g1-box__inner\">\n<h3><span style=\"color: #99cc00;\">NUOVI<\/span> <span style=\"color: #d2242d;\">SESTI D\u2019IMPIANTO<br \/>\n<\/span>Personalizzati<\/h3>\n\n<ul id=\"g1-list-2\" class=\"g1-list--icon g1-list--none \">\n<li><i class=\"fa fa-check-square-o g1-list__icon\"><\/i>Il <strong>100% dell\u2019olio ottenuto \u00e8 extra vergine d\u2019oliva<\/strong>.<\/li>\n<li><i class=\"fa fa-check-square-o g1-list__icon\"><\/i><strong>Diminusce<\/strong> i costi di <strong>investimento e mantenimento<\/strong>.<\/li>\n<li><i class=\"fa fa-check-square-o g1-list__icon\"><\/i><strong>La sua produttivit\u00e0 \u00e8 molto alta<\/strong>.<\/li>\n<li><i class=\"fa fa-check-square-o g1-list__icon\"><\/i><strong>Con questi raggiungiamo records di redditivit\u00e0<\/strong> dovuto al fatto che hanno <strong>un\u2019eccellente relazione tra investimento effettuato e produttivit\u00e0 generata<\/strong>.<\/li>\n<li><i class=\"fa fa-check-square-o g1-list__icon\"><\/i>Permettono ottenere <strong>1kg di olio extra vergine ad un costo pi\u00f9 basso<\/strong>.<\/li>\n<li><i class=\"fa fa-check-square-o g1-list__icon\"><\/i><strong>Facile<\/strong> dal punto di vista della <strong>gestione agronomica<\/strong>.<\/li>\n<li><i class=\"fa fa-check-square-o g1-list__icon\"><\/i>Pi\u00f9 ampi, permettono una <strong>maggior esposizione al sole<\/strong>.<\/li>\n<li><i class=\"fa fa-check-square-o g1-list__icon\"><\/i>Permettono <strong>raccogliere<\/strong> fino a <strong>25 ettari al giorno<\/strong> con una sola macchina.<\/li>\n<\/ul>\n\n<\/div><\/div>\n<\/li><!-- --><\/ul>\n<span id=\"g1-space-5\" class=\"g1-space \" style=\"margin-top:-20px;\"><\/span>\n","protected":false},"excerpt":{"rendered":"<p>La ricerca sugli Oliveti Tipo Siepe<\/p>\n","protected":false},"author":1,"featured_media":0,"parent":9532,"menu_order":0,"comment_status":"closed","ping_status":"closed","template":"","meta":{"_lmt_disableupdate":"","_lmt_disable":"","footnotes":""},"class_list":["post-9543","page","type-page","status-publish"],"yoast_head":"<!-- This site is optimized with the Yoast SEO plugin v26.9 - https:\/\/yoast.com\/product\/yoast-seo-wordpress\/ -->\n<title>L\u2019evoluzione dei sesti d\u2019impianto - Todolivo - Esperti ed pioneri di Oliveti Tipo Siepe<\/title>\n<meta name=\"robots\" content=\"index, follow, max-snippet:-1, max-image-preview:large, max-video-preview:-1\" \/>\n<link rel=\"canonical\" href=\"https:\/\/www.todolivo.com\/it\/oliveti-tipo-siepe\/levoluzione-dei-sesti-dimpianto\/\" \/>\n<meta property=\"og:locale\" content=\"it_IT\" \/>\n<meta property=\"og:type\" content=\"article\" \/>\n<meta property=\"og:title\" content=\"L\u2019evoluzione dei sesti d\u2019impianto - Todolivo - Esperti ed pioneri di Oliveti Tipo Siepe\" \/>\n<meta property=\"og:description\" content=\"La ricerca sugli Oliveti Tipo Siepe\" \/>\n<meta property=\"og:url\" content=\"https:\/\/www.todolivo.com\/it\/oliveti-tipo-siepe\/levoluzione-dei-sesti-dimpianto\/\" \/>\n<meta property=\"og:site_name\" content=\"Todolivo - Esperti ed pioneri di Oliveti Tipo Siepe\" \/>\n<meta property=\"article:modified_time\" content=\"2018-06-09T08:29:13+00:00\" \/>\n<meta property=\"og:image\" content=\"http:\/\/todolivo.com\/wp-content\/uploads\/10_3.jpg\" \/>\n<meta name=\"twitter:card\" content=\"summary_large_image\" \/>\n<meta name=\"twitter:label1\" content=\"Tempo di lettura stimato\" \/>\n\t<meta name=\"twitter:data1\" content=\"2 minuti\" \/>\n<script type=\"application\/ld+json\" class=\"yoast-schema-graph\">{\"@context\":\"https:\/\/schema.org\",\"@graph\":[{\"@type\":\"WebPage\",\"@id\":\"https:\/\/www.todolivo.com\/it\/oliveti-tipo-siepe\/levoluzione-dei-sesti-dimpianto\/\",\"url\":\"https:\/\/www.todolivo.com\/it\/oliveti-tipo-siepe\/levoluzione-dei-sesti-dimpianto\/\",\"name\":\"L\u2019evoluzione dei sesti d\u2019impianto - Todolivo - Esperti ed pioneri di Oliveti Tipo Siepe\",\"isPartOf\":{\"@id\":\"https:\/\/www.todolivo.com\/#website\"},\"primaryImageOfPage\":{\"@id\":\"https:\/\/www.todolivo.com\/it\/oliveti-tipo-siepe\/levoluzione-dei-sesti-dimpianto\/#primaryimage\"},\"image\":{\"@id\":\"https:\/\/www.todolivo.com\/it\/oliveti-tipo-siepe\/levoluzione-dei-sesti-dimpianto\/#primaryimage\"},\"thumbnailUrl\":\"http:\/\/todolivo.com\/wp-content\/uploads\/10_3.jpg\",\"datePublished\":\"2015-08-03T00:04:06+00:00\",\"dateModified\":\"2018-06-09T08:29:13+00:00\",\"breadcrumb\":{\"@id\":\"https:\/\/www.todolivo.com\/it\/oliveti-tipo-siepe\/levoluzione-dei-sesti-dimpianto\/#breadcrumb\"},\"inLanguage\":\"it-IT\",\"potentialAction\":[{\"@type\":\"ReadAction\",\"target\":[\"https:\/\/www.todolivo.com\/it\/oliveti-tipo-siepe\/levoluzione-dei-sesti-dimpianto\/\"]}]},{\"@type\":\"ImageObject\",\"inLanguage\":\"it-IT\",\"@id\":\"https:\/\/www.todolivo.com\/it\/oliveti-tipo-siepe\/levoluzione-dei-sesti-dimpianto\/#primaryimage\",\"url\":\"http:\/\/todolivo.com\/wp-content\/uploads\/10_3.jpg\",\"contentUrl\":\"http:\/\/todolivo.com\/wp-content\/uploads\/10_3.jpg\"},{\"@type\":\"BreadcrumbList\",\"@id\":\"https:\/\/www.todolivo.com\/it\/oliveti-tipo-siepe\/levoluzione-dei-sesti-dimpianto\/#breadcrumb\",\"itemListElement\":[{\"@type\":\"ListItem\",\"position\":1,\"name\":\"Frontale\",\"item\":\"https:\/\/www.todolivo.com\/it\/\"},{\"@type\":\"ListItem\",\"position\":2,\"name\":\"Oliveti Tipo Siepe\",\"item\":\"https:\/\/www.todolivo.com\/it\/oliveti-tipo-siepe\/\"},{\"@type\":\"ListItem\",\"position\":3,\"name\":\"L\u2019evoluzione dei sesti d\u2019impianto\"}]},{\"@type\":\"WebSite\",\"@id\":\"https:\/\/www.todolivo.com\/#website\",\"url\":\"https:\/\/www.todolivo.com\/\",\"name\":\"Todolivo - Esperti ed pioneri di Oliveti Tipo Siepe\",\"description\":\"Todolivo - Esperti ed pioneri di Oliveti Tipo Siepe\",\"potentialAction\":[{\"@type\":\"SearchAction\",\"target\":{\"@type\":\"EntryPoint\",\"urlTemplate\":\"https:\/\/www.todolivo.com\/?s={search_term_string}\"},\"query-input\":{\"@type\":\"PropertyValueSpecification\",\"valueRequired\":true,\"valueName\":\"search_term_string\"}}],\"inLanguage\":\"it-IT\"}]}<\/script>\n<!-- \/ Yoast SEO plugin. -->","yoast_head_json":{"title":"L\u2019evoluzione dei sesti d\u2019impianto - Todolivo - Esperti ed pioneri di Oliveti Tipo Siepe","robots":{"index":"index","follow":"follow","max-snippet":"max-snippet:-1","max-image-preview":"max-image-preview:large","max-video-preview":"max-video-preview:-1"},"canonical":"https:\/\/www.todolivo.com\/it\/oliveti-tipo-siepe\/levoluzione-dei-sesti-dimpianto\/","og_locale":"it_IT","og_type":"article","og_title":"L\u2019evoluzione dei sesti d\u2019impianto - Todolivo - Esperti ed pioneri di Oliveti Tipo Siepe","og_description":"La ricerca sugli Oliveti Tipo Siepe","og_url":"https:\/\/www.todolivo.com\/it\/oliveti-tipo-siepe\/levoluzione-dei-sesti-dimpianto\/","og_site_name":"Todolivo - Esperti ed pioneri di Oliveti Tipo Siepe","article_modified_time":"2018-06-09T08:29:13+00:00","og_image":[{"url":"http:\/\/todolivo.com\/wp-content\/uploads\/10_3.jpg","type":"","width":"","height":""}],"twitter_card":"summary_large_image","twitter_misc":{"Tempo di lettura stimato":"2 minuti"},"schema":{"@context":"https:\/\/schema.org","@graph":[{"@type":"WebPage","@id":"https:\/\/www.todolivo.com\/it\/oliveti-tipo-siepe\/levoluzione-dei-sesti-dimpianto\/","url":"https:\/\/www.todolivo.com\/it\/oliveti-tipo-siepe\/levoluzione-dei-sesti-dimpianto\/","name":"L\u2019evoluzione dei sesti d\u2019impianto - Todolivo - Esperti ed pioneri di Oliveti Tipo Siepe","isPartOf":{"@id":"https:\/\/www.todolivo.com\/#website"},"primaryImageOfPage":{"@id":"https:\/\/www.todolivo.com\/it\/oliveti-tipo-siepe\/levoluzione-dei-sesti-dimpianto\/#primaryimage"},"image":{"@id":"https:\/\/www.todolivo.com\/it\/oliveti-tipo-siepe\/levoluzione-dei-sesti-dimpianto\/#primaryimage"},"thumbnailUrl":"http:\/\/todolivo.com\/wp-content\/uploads\/10_3.jpg","datePublished":"2015-08-03T00:04:06+00:00","dateModified":"2018-06-09T08:29:13+00:00","breadcrumb":{"@id":"https:\/\/www.todolivo.com\/it\/oliveti-tipo-siepe\/levoluzione-dei-sesti-dimpianto\/#breadcrumb"},"inLanguage":"it-IT","potentialAction":[{"@type":"ReadAction","target":["https:\/\/www.todolivo.com\/it\/oliveti-tipo-siepe\/levoluzione-dei-sesti-dimpianto\/"]}]},{"@type":"ImageObject","inLanguage":"it-IT","@id":"https:\/\/www.todolivo.com\/it\/oliveti-tipo-siepe\/levoluzione-dei-sesti-dimpianto\/#primaryimage","url":"http:\/\/todolivo.com\/wp-content\/uploads\/10_3.jpg","contentUrl":"http:\/\/todolivo.com\/wp-content\/uploads\/10_3.jpg"},{"@type":"BreadcrumbList","@id":"https:\/\/www.todolivo.com\/it\/oliveti-tipo-siepe\/levoluzione-dei-sesti-dimpianto\/#breadcrumb","itemListElement":[{"@type":"ListItem","position":1,"name":"Frontale","item":"https:\/\/www.todolivo.com\/it\/"},{"@type":"ListItem","position":2,"name":"Oliveti Tipo Siepe","item":"https:\/\/www.todolivo.com\/it\/oliveti-tipo-siepe\/"},{"@type":"ListItem","position":3,"name":"L\u2019evoluzione dei sesti d\u2019impianto"}]},{"@type":"WebSite","@id":"https:\/\/www.todolivo.com\/#website","url":"https:\/\/www.todolivo.com\/","name":"Todolivo - Esperti ed pioneri di Oliveti Tipo Siepe","description":"Todolivo - Esperti ed pioneri di Oliveti Tipo Siepe","potentialAction":[{"@type":"SearchAction","target":{"@type":"EntryPoint","urlTemplate":"https:\/\/www.todolivo.com\/?s={search_term_string}"},"query-input":{"@type":"PropertyValueSpecification","valueRequired":true,"valueName":"search_term_string"}}],"inLanguage":"it-IT"}]}},"_links":{"self":[{"href":"https:\/\/www.todolivo.com\/it\/wp-json\/wp\/v2\/pages\/9543","targetHints":{"allow":["GET"]}}],"collection":[{"href":"https:\/\/www.todolivo.com\/it\/wp-json\/wp\/v2\/pages"}],"about":[{"href":"https:\/\/www.todolivo.com\/it\/wp-json\/wp\/v2\/types\/page"}],"author":[{"embeddable":true,"href":"https:\/\/www.todolivo.com\/it\/wp-json\/wp\/v2\/users\/1"}],"replies":[{"embeddable":true,"href":"https:\/\/www.todolivo.com\/it\/wp-json\/wp\/v2\/comments?post=9543"}],"version-history":[{"count":3,"href":"https:\/\/www.todolivo.com\/it\/wp-json\/wp\/v2\/pages\/9543\/revisions"}],"predecessor-version":[{"id":16551,"href":"https:\/\/www.todolivo.com\/it\/wp-json\/wp\/v2\/pages\/9543\/revisions\/16551"}],"up":[{"embeddable":true,"href":"https:\/\/www.todolivo.com\/it\/wp-json\/wp\/v2\/pages\/9532"}],"wp:attachment":[{"href":"https:\/\/www.todolivo.com\/it\/wp-json\/wp\/v2\/media?parent=9543"}],"curies":[{"name":"wp","href":"https:\/\/api.w.org\/{rel}","templated":true}]}}