{"id":9534,"date":"2015-08-02T23:38:34","date_gmt":"2015-08-02T22:38:34","guid":{"rendered":"http:\/\/todolivo.com\/it\/?page_id=9534"},"modified":"2023-07-17T06:51:36","modified_gmt":"2023-07-17T05:51:36","slug":"nascita-ed-evoluzione","status":"publish","type":"page","link":"https:\/\/www.todolivo.com\/it\/oliveti-tipo-siepe\/nascita-ed-evoluzione\/","title":{"rendered":"Nascita ed evoluzione"},"content":{"rendered":"<style type=\"text\/css\" scoped=\"scoped\">#g1-section-1.g1-section {background-color: #ffffff; background-repeat:repeat; background-position:center top; background-attachment:static;}<\/style><div id=\"g1-section-1\" class=\"g1-section \"><div class=\"g1-layout-inner\">\n<ul class=\"g1-grid\"><li class=\"g1-column g1-one-half g1-valign-top\">\n<p>L\u2019Oliveto a Siepe comincia a prendere forma a principio degli anni 90 a causa dia:<\/p>\n<ul>\n<li>Il desiderio di migliorare e aumentare la qualit\u00e0 e la quantit\u00e0 dell\u2019olio extra vergine nella coltivazione di olivo.<\/li>\n<li>Gli alti costi di raccolta.<\/li>\n<li>La ricerca ai fini di ottimizzare la resa della superficie coltivata.<\/li>\n<\/ul>\n<p><strong>Todolivo<\/strong>, durante questa decade, realizza una profonda indagine su questo sistema di coltivazione.<\/p>\n<p><strong>1997<\/strong> Fonda \u201cIl Centro di Ricerca della Coltivazione dell\u2019Olivo\u201d (Pedro Abad, Cordova), dove crea un dipartimento di R+S+i e si converte nella prima impresa che scommette sul Sistema di Oliveto a Siepe.<\/p>\n<p><strong>1998<\/strong> Porta a termine lo sviluppo di un modello proprio di coltivazione dell\u2019olivo a siepe denominato <strong>\u201cSistema Todolivo Oliveto a Siepe<sup>\u00ae<\/sup>\u201d.<\/strong><\/p>\n<p><strong>1999<\/strong> Acquisisce le sue prime macchine trapiantatrici e inizia a realizzare in Spagna i suoi primi impianti commerciali di oliveti a siepe (700 ha), tanto in aridocoltura che in terreno irriguo, essendone pioniera. A partire da allora, disegna una nuova forma di coltivare l\u2019olivo.<br \/>\nInizia, inoltre, una <strong>propria sperimentazione con differenti tipi di potatura<\/strong> per osservare il comportamento agronomico degli alberi. In pratica, si sono applicate <strong>dieci strategie di potatura differenti<\/strong>, sette manuali e tre meccaniche, che hanno permesso a Todolivo di optare per una o per l\u2019altra. In questa epoca, comincia anche una prima sperimentazione di densit\u00e0 in oliveto a siepe irriguo, per conoscere le produzioni della cultivar Arbequina l-21<sup>\u00ae<\/sup>, a seconda dei differenti sesti d\u2019impianto.<br \/>\nNel 1999 si realizza anche il <strong>primo impianto di oliveto a siepe<\/strong> nella provincia di Siviglia, dove si \u00e8 trasformato un terreno con oliveto tradizionale (con un sesto d\u2019impianto 7 x 6 m) in un oliveto a siepe (7 x 1,5 m).<\/p>\n<p><strong>Realizza anche il vivaio<\/strong> in Pedro Abad (Cordova).<\/p>\n<p><strong>2000<\/strong> Iniziano le prime prove su cultivar multivarietali per Oliveti a Siepe in \u201cOca\u00f1a\u201d, Pedro Abad (Cordova), con le variet\u00e0 Arbequina l-21<sup>\u00ae<\/sup>, Arbosana Clon I-43<sup>\u00ae<\/sup>, Koroneiki Clon I-38<sup>\u00ae<\/sup>, Imperial Clon I-23<sup>\u00ae<\/sup>, Canetera, UCI 1-68, I-18, UCI- 2-35 e FS-17.<\/p>\n<p><strong>2001<\/strong> Realizza le prime piantagioni commerciali di Oliveto a Siepe del Portogallo, con le variet\u00e0 Arbosana Clon I-43<sup>\u00ae<\/sup>, Koroneiki Clon I-38<sup>\u00ae<\/sup>, Cobrancosa e Arbequina l-21<sup>\u00ae<\/sup>.<br \/>\nAcquisisce le sue prime raccoglitrici Gregoire G120 SW e il primo prototipo di macchina scavallatrice specifica per olivo che questo brand lancia sul mercato, la Gregoire G-130.<\/p>\n<p><strong>2003<\/strong> Organizza, insieme al Ministero dell\u2019Agricoltura, una dimostrazione internazionale di raccolta con macchina scavallatrice in un Oliveto a Siepe, presso il suo terreno agricolo di Pedro Abad (Cordova) e <strong>pianta<\/strong> presso la tenuta \u201cEl Camarero\u201d, la <strong>prima sperimentazione multivarietale in aridocoltura<\/strong> con le variet\u00e0 Arbequina l-21<sup>\u00ae<\/sup>, Arbosana Clon I-43<sup>\u00ae<\/sup> e Koroneiki Clon I-38<sup>\u00ae<\/sup>.<\/p>\n<p><strong>2006<\/strong> Realizza un impianto in Marocco di 531 ettari, diventando pioniera di Oliveti a Siepe in questo Paese.<\/p>\n<p><strong>2007<\/strong> Inizia in una tenuta di Campo Maior (Portogallo) una prova per conoscere il comportamento agronomico di cultivar di olive da mensa in impianti di Oliveto a Siepe che rivoluziona il settore. In concreto del Manzanillo Sevillano I-56<sup>\u00ae<\/sup> e del Manzanillo Cacere\u00f1o Clon I-57<sup>\u00ae<\/sup>.<br \/>\nNello stesso periodo, avvia un\u2019altra prova nella tenuta \u201cCruz de los Huertos\u201d (Pedro Abad, Cordova), in collaborazione con l\u2019Universit\u00e0 di Cordova e l\u2019IFAPA, al fine di<strong> comparare la variet\u00e0 Sikitita<sup>P<\/sup> con le restanti variet\u00e0 di olivo<\/strong> appartenenti al Programma di Miglioramento Genetico e con le cultivar Arbequina l-21<sup>\u00ae<\/sup>, Arbosana Clon I-43<sup>\u00ae<\/sup>, Picual l-11R, Coratina I-99R, Imperial Clon I-23<sup>\u00ae<\/sup> e Koroneiki Clon I-38<sup>\u00ae<\/sup>.<br \/>\nAcquisisce le prime macchine trapiantatrice guidata tramite GPS, che collocano contemporaneamente la pianta e il sostegno e applicano il diserbante sulla stessa retta.<\/p>\n<p>&nbsp;<\/p>\n<\/li><!-- -->\n<li class=\"g1-column g1-one-half g1-valign-top\">\n<p><img fetchpriority=\"high\" decoding=\"async\" class=\"aligncenter size-full wp-image-862\" src=\"http:\/\/www.todolivo.com\/wp-content\/uploads\/Todolivo_cortijos.jpg\" alt=\"Todolivo_cortijos\" width=\"450\" height=\"249\" \/><\/p>\n<p>&nbsp;<\/p>\n<p><strong>2008<\/strong> Comincia il Programma di Miglioramento Genetico per ottenere nuove variet\u00e0 per Oliveto a Siepe che siano pi\u00f9 produttive dei parentali e resistenti alle malattie e che facciano ottenere nuovi sapori diolio di oliva. Si realizzano gli incroci e si piantano 1.345 nuove variet\u00e0 dagli stessi incroci ottenuti nella tenuta \u201cCruz de los Huertos\u201d, tra i quali se ne preselezionano 38.<\/p>\n<p><strong>2009<\/strong> Acquisisce le sue prime scavallatrici New Holland. Attualmente possiede 13 macchine: 3 New Holland 7090 Dual, 8 New Holland 7090 Olive e 2 New Holland 9090 Olive.<\/p>\n<p>Il Sistema Todolivo Oliveto a Siepe\u00ae, anche a causa della sua grande omogeneit\u00e0 e della profonda penetrazione nel mercato, \u00e8 servito come modello a New Holland per elaborare la scavallatrice \u201cOlive\u201d.<\/p>\n<p>Nel corso di questo anno, Todolivo accresce il suo catalogo commerciale, introducendo nuovi sesti d\u2019impianto per Oliveti a Siepe irrigui, in aridocoltura e con irrigazione ausiliare, che necessitano minori investimenti e spese di mantenimento.<\/p>\n<p><strong>2010<\/strong> Realizza una <strong>prova nel terreno agricolo in regime di aridocoltura<\/strong> \u201cEl Calderito Bajo\u201d allo scopo di individuare la produttivit\u00e0 e il rendimento grasso dell\u2019Oliveto a Siepe con differenti sesti d\u2019impianto. Allo stesso tempo, inizia un\u2019indagine per studiare gli effetti dei differenti orientamenti negli impianti di Oliveti a Siepe e un\u2019altra per comparare la produttivit\u00e0 delle differenti variet\u00e0 piantate a differenti distanze tra i filari.<\/p>\n<p>In questo stesso anno si realizzano <strong>nuovi incroci all\u2019interno<\/strong> del Programma di Miglioramento Genetico iniziato nel 2008<\/p>\n<p><strong>2012<\/strong> Pianta 543 nuove variet\u00e0 dagli incroci ottenuti nel 2009, tra i quali se ne preselezionano 34.<\/p>\n<p><strong>2013<\/strong> Realizza in Tunisia il primo impianto di Oliveto a Siepe.<\/p>\n<p><strong>2014<\/strong> Realizza in Francia il primo impianto di Oliveto a Siepe.<\/p>\n<p><strong>2015<\/strong> Si piantano nella tenuta \u201cLa Mata\u201d le 38 preselezioni delle nuove variet\u00e0 per sottoporle ad una nuova valutazione.<\/p>\n<p><strong>2017<\/strong> Si piantano in 65 ettari in aridocoltura, nei terreni di investigazione di Todolivo \u201cLas Hazuelas\u201d ed \u201cCalderito Alto\u201d 102 variet\u00e0, <strong>72 delle quali provenienti dal Programma di Miglioramento Genetico<\/strong> iniziato nel 2008, che hanno superato in precocit\u00e0 e produttivit\u00e0 i loro parentali e che sono paragonate alle 30 cultivar pi\u00f9 richieste. Questa prova viene ripetuta in 20 ettari irrigati nell\u2019azienda agricola \u201cLas Hazuelas\u201d.<\/p>\n<p>Da allora al giorno d\u2019oggi, TODOLIVO, ha piantato con successo pi\u00f9 di <strong>34.000 ettari irrigui<\/strong>, in aridocoltura e con irrigazione ausiliare, con differenti sesti d\u2019impianto, diventando il leader mondiale nell\u2019esecuzione e nel mantenimento tecnico degli impianti di Oliveto a Siepemantenimento tecnico degli impianti di Oliveto a Siepe. Il suo innovativo sistema di impianto ha battuto tutti i record di qualit\u00e0 e produttivit\u00e0 conosciuti finora.<\/p>\n<p>&nbsp;<\/p>\n<\/li><!-- --><\/ul>\n<\/div><\/div>\n","protected":false},"excerpt":{"rendered":"","protected":false},"author":1,"featured_media":0,"parent":9532,"menu_order":0,"comment_status":"closed","ping_status":"closed","template":"g1_template_page_full_sections.php","meta":{"_lmt_disableupdate":"no","_lmt_disable":"","footnotes":""},"class_list":["post-9534","page","type-page","status-publish"],"yoast_head":"<!-- This site is optimized with the Yoast SEO plugin v26.9 - https:\/\/yoast.com\/product\/yoast-seo-wordpress\/ -->\n<title>Nascita ed evoluzione - Todolivo - Esperti ed pioneri di Oliveti Tipo Siepe<\/title>\n<meta name=\"robots\" content=\"index, follow, max-snippet:-1, max-image-preview:large, max-video-preview:-1\" \/>\n<link rel=\"canonical\" href=\"https:\/\/www.todolivo.com\/it\/oliveti-tipo-siepe\/nascita-ed-evoluzione\/\" \/>\n<meta property=\"og:locale\" content=\"it_IT\" \/>\n<meta property=\"og:type\" content=\"article\" \/>\n<meta property=\"og:title\" content=\"Nascita ed evoluzione - Todolivo - Esperti ed pioneri di Oliveti Tipo Siepe\" \/>\n<meta property=\"og:url\" content=\"https:\/\/www.todolivo.com\/it\/oliveti-tipo-siepe\/nascita-ed-evoluzione\/\" \/>\n<meta property=\"og:site_name\" content=\"Todolivo - Esperti ed pioneri di Oliveti Tipo Siepe\" \/>\n<meta property=\"article:modified_time\" content=\"2023-07-17T05:51:36+00:00\" \/>\n<meta property=\"og:image\" content=\"http:\/\/www.todolivo.com\/wp-content\/uploads\/Todolivo_cortijos.jpg\" \/>\n<meta name=\"twitter:card\" content=\"summary_large_image\" \/>\n<meta name=\"twitter:label1\" content=\"Tempo di lettura stimato\" \/>\n\t<meta name=\"twitter:data1\" content=\"6 minuti\" \/>\n<script type=\"application\/ld+json\" class=\"yoast-schema-graph\">{\"@context\":\"https:\/\/schema.org\",\"@graph\":[{\"@type\":\"WebPage\",\"@id\":\"https:\/\/www.todolivo.com\/it\/oliveti-tipo-siepe\/nascita-ed-evoluzione\/\",\"url\":\"https:\/\/www.todolivo.com\/it\/oliveti-tipo-siepe\/nascita-ed-evoluzione\/\",\"name\":\"Nascita ed evoluzione - Todolivo - Esperti ed pioneri di Oliveti Tipo Siepe\",\"isPartOf\":{\"@id\":\"https:\/\/www.todolivo.com\/#website\"},\"primaryImageOfPage\":{\"@id\":\"https:\/\/www.todolivo.com\/it\/oliveti-tipo-siepe\/nascita-ed-evoluzione\/#primaryimage\"},\"image\":{\"@id\":\"https:\/\/www.todolivo.com\/it\/oliveti-tipo-siepe\/nascita-ed-evoluzione\/#primaryimage\"},\"thumbnailUrl\":\"http:\/\/www.todolivo.com\/wp-content\/uploads\/Todolivo_cortijos.jpg\",\"datePublished\":\"2015-08-02T22:38:34+00:00\",\"dateModified\":\"2023-07-17T05:51:36+00:00\",\"breadcrumb\":{\"@id\":\"https:\/\/www.todolivo.com\/it\/oliveti-tipo-siepe\/nascita-ed-evoluzione\/#breadcrumb\"},\"inLanguage\":\"it-IT\",\"potentialAction\":[{\"@type\":\"ReadAction\",\"target\":[\"https:\/\/www.todolivo.com\/it\/oliveti-tipo-siepe\/nascita-ed-evoluzione\/\"]}]},{\"@type\":\"ImageObject\",\"inLanguage\":\"it-IT\",\"@id\":\"https:\/\/www.todolivo.com\/it\/oliveti-tipo-siepe\/nascita-ed-evoluzione\/#primaryimage\",\"url\":\"http:\/\/www.todolivo.com\/wp-content\/uploads\/Todolivo_cortijos.jpg\",\"contentUrl\":\"http:\/\/www.todolivo.com\/wp-content\/uploads\/Todolivo_cortijos.jpg\"},{\"@type\":\"BreadcrumbList\",\"@id\":\"https:\/\/www.todolivo.com\/it\/oliveti-tipo-siepe\/nascita-ed-evoluzione\/#breadcrumb\",\"itemListElement\":[{\"@type\":\"ListItem\",\"position\":1,\"name\":\"Frontale\",\"item\":\"https:\/\/www.todolivo.com\/it\/\"},{\"@type\":\"ListItem\",\"position\":2,\"name\":\"Oliveti Tipo Siepe\",\"item\":\"https:\/\/www.todolivo.com\/it\/oliveti-tipo-siepe\/\"},{\"@type\":\"ListItem\",\"position\":3,\"name\":\"Nascita ed evoluzione\"}]},{\"@type\":\"WebSite\",\"@id\":\"https:\/\/www.todolivo.com\/#website\",\"url\":\"https:\/\/www.todolivo.com\/\",\"name\":\"Todolivo - Esperti ed pioneri di Oliveti Tipo Siepe\",\"description\":\"Todolivo - Esperti ed pioneri di Oliveti Tipo Siepe\",\"potentialAction\":[{\"@type\":\"SearchAction\",\"target\":{\"@type\":\"EntryPoint\",\"urlTemplate\":\"https:\/\/www.todolivo.com\/?s={search_term_string}\"},\"query-input\":{\"@type\":\"PropertyValueSpecification\",\"valueRequired\":true,\"valueName\":\"search_term_string\"}}],\"inLanguage\":\"it-IT\"}]}<\/script>\n<!-- \/ Yoast SEO plugin. -->","yoast_head_json":{"title":"Nascita ed evoluzione - Todolivo - Esperti ed pioneri di Oliveti Tipo Siepe","robots":{"index":"index","follow":"follow","max-snippet":"max-snippet:-1","max-image-preview":"max-image-preview:large","max-video-preview":"max-video-preview:-1"},"canonical":"https:\/\/www.todolivo.com\/it\/oliveti-tipo-siepe\/nascita-ed-evoluzione\/","og_locale":"it_IT","og_type":"article","og_title":"Nascita ed evoluzione - Todolivo - Esperti ed pioneri di Oliveti Tipo Siepe","og_url":"https:\/\/www.todolivo.com\/it\/oliveti-tipo-siepe\/nascita-ed-evoluzione\/","og_site_name":"Todolivo - Esperti ed pioneri di Oliveti Tipo Siepe","article_modified_time":"2023-07-17T05:51:36+00:00","og_image":[{"url":"http:\/\/www.todolivo.com\/wp-content\/uploads\/Todolivo_cortijos.jpg","type":"","width":"","height":""}],"twitter_card":"summary_large_image","twitter_misc":{"Tempo di lettura stimato":"6 minuti"},"schema":{"@context":"https:\/\/schema.org","@graph":[{"@type":"WebPage","@id":"https:\/\/www.todolivo.com\/it\/oliveti-tipo-siepe\/nascita-ed-evoluzione\/","url":"https:\/\/www.todolivo.com\/it\/oliveti-tipo-siepe\/nascita-ed-evoluzione\/","name":"Nascita ed evoluzione - Todolivo - Esperti ed pioneri di Oliveti Tipo Siepe","isPartOf":{"@id":"https:\/\/www.todolivo.com\/#website"},"primaryImageOfPage":{"@id":"https:\/\/www.todolivo.com\/it\/oliveti-tipo-siepe\/nascita-ed-evoluzione\/#primaryimage"},"image":{"@id":"https:\/\/www.todolivo.com\/it\/oliveti-tipo-siepe\/nascita-ed-evoluzione\/#primaryimage"},"thumbnailUrl":"http:\/\/www.todolivo.com\/wp-content\/uploads\/Todolivo_cortijos.jpg","datePublished":"2015-08-02T22:38:34+00:00","dateModified":"2023-07-17T05:51:36+00:00","breadcrumb":{"@id":"https:\/\/www.todolivo.com\/it\/oliveti-tipo-siepe\/nascita-ed-evoluzione\/#breadcrumb"},"inLanguage":"it-IT","potentialAction":[{"@type":"ReadAction","target":["https:\/\/www.todolivo.com\/it\/oliveti-tipo-siepe\/nascita-ed-evoluzione\/"]}]},{"@type":"ImageObject","inLanguage":"it-IT","@id":"https:\/\/www.todolivo.com\/it\/oliveti-tipo-siepe\/nascita-ed-evoluzione\/#primaryimage","url":"http:\/\/www.todolivo.com\/wp-content\/uploads\/Todolivo_cortijos.jpg","contentUrl":"http:\/\/www.todolivo.com\/wp-content\/uploads\/Todolivo_cortijos.jpg"},{"@type":"BreadcrumbList","@id":"https:\/\/www.todolivo.com\/it\/oliveti-tipo-siepe\/nascita-ed-evoluzione\/#breadcrumb","itemListElement":[{"@type":"ListItem","position":1,"name":"Frontale","item":"https:\/\/www.todolivo.com\/it\/"},{"@type":"ListItem","position":2,"name":"Oliveti Tipo Siepe","item":"https:\/\/www.todolivo.com\/it\/oliveti-tipo-siepe\/"},{"@type":"ListItem","position":3,"name":"Nascita ed evoluzione"}]},{"@type":"WebSite","@id":"https:\/\/www.todolivo.com\/#website","url":"https:\/\/www.todolivo.com\/","name":"Todolivo - Esperti ed pioneri di Oliveti Tipo Siepe","description":"Todolivo - Esperti ed pioneri di Oliveti Tipo Siepe","potentialAction":[{"@type":"SearchAction","target":{"@type":"EntryPoint","urlTemplate":"https:\/\/www.todolivo.com\/?s={search_term_string}"},"query-input":{"@type":"PropertyValueSpecification","valueRequired":true,"valueName":"search_term_string"}}],"inLanguage":"it-IT"}]}},"_links":{"self":[{"href":"https:\/\/www.todolivo.com\/it\/wp-json\/wp\/v2\/pages\/9534","targetHints":{"allow":["GET"]}}],"collection":[{"href":"https:\/\/www.todolivo.com\/it\/wp-json\/wp\/v2\/pages"}],"about":[{"href":"https:\/\/www.todolivo.com\/it\/wp-json\/wp\/v2\/types\/page"}],"author":[{"embeddable":true,"href":"https:\/\/www.todolivo.com\/it\/wp-json\/wp\/v2\/users\/1"}],"replies":[{"embeddable":true,"href":"https:\/\/www.todolivo.com\/it\/wp-json\/wp\/v2\/comments?post=9534"}],"version-history":[{"count":8,"href":"https:\/\/www.todolivo.com\/it\/wp-json\/wp\/v2\/pages\/9534\/revisions"}],"predecessor-version":[{"id":49771,"href":"https:\/\/www.todolivo.com\/it\/wp-json\/wp\/v2\/pages\/9534\/revisions\/49771"}],"up":[{"embeddable":true,"href":"https:\/\/www.todolivo.com\/it\/wp-json\/wp\/v2\/pages\/9532"}],"wp:attachment":[{"href":"https:\/\/www.todolivo.com\/it\/wp-json\/wp\/v2\/media?parent=9534"}],"curies":[{"name":"wp","href":"https:\/\/api.w.org\/{rel}","templated":true}]}}