{"id":9465,"date":"2015-08-02T16:24:36","date_gmt":"2015-08-02T15:24:36","guid":{"rendered":"http:\/\/todolivo.com\/it\/?page_id=9465"},"modified":"2020-02-20T10:03:18","modified_gmt":"2020-02-20T09:03:18","slug":"servizio-integrale-todolivo","status":"publish","type":"page","link":"https:\/\/www.todolivo.com\/it\/servizio-integrale-todolivo\/","title":{"rendered":"Servizio Integrale Todolivo"},"content":{"rendered":"<h1 style=\"text-align: center;\">SERVIZIO INTEGRALE TODOLIVO<\/h1>\n<h3 style=\"text-align: center;\">Preparari per accompagnarti attaverso l\u2019intero ciclo produttivo<\/h3>\n<ul class=\"g1-grid\"><li class=\"g1-column g1-three-fifth g1-valign-top\">\n<div id=\"g1-box-counter-1\" class=\"g1-box g1-box--simple  g1-box--noicon\" ><div class=\"g1-box__inner\">\n<table width=\"515\" border=\"0\">\n<tbody>\n<tr>\n<td width=\"128\"><a href=\"http:\/\/todolivo.com\/it\/servizio-integrale-todolivo\/test-di-idoneita\/\"><img decoding=\"async\" class=\"aligncenter\" src=\"http:\/\/todolivo.com\/wp-content\/uploads\/ServicioIntegral_Test-aptitud-150x150.jpg\" alt=\"\" width=\"125\" height=\"125\"><\/a><\/td>\n<td width=\"128\"><a href=\"http:\/\/todolivo.com\/it\/servizio-integrale-todolivo\/disegno-dellimpianto-studio-economico-e-finanziamento\/\"><img decoding=\"async\" class=\"aligncenter wp-image-21189\" src=\"https:\/\/www.todolivo.com\/wp-content\/uploads\/\/ServicioIntegral_Diseno-plantaciones_2-200x200.jpg\" alt=\"\" width=\"125\" height=\"125\" srcset=\"https:\/\/www.todolivo.com\/wp-content\/uploads\/ServicioIntegral_Diseno-plantaciones_2-200x200.jpg 200w, https:\/\/www.todolivo.com\/wp-content\/uploads\/ServicioIntegral_Diseno-plantaciones_2.jpg 300w, https:\/\/www.todolivo.com\/wp-content\/uploads\/ServicioIntegral_Diseno-plantaciones_2-239x239.jpg 239w, https:\/\/www.todolivo.com\/wp-content\/uploads\/ServicioIntegral_Diseno-plantaciones_2-55x55.jpg 55w\" sizes=\"(max-width: 125px) 100vw, 125px\" \/><\/a><\/td>\n<td width=\"128\"><a href=\"http:\/\/todolivo.com\/it\/servizio-integrale-todolivo\/piante-di-olivo-certificate\/\"><img decoding=\"async\" class=\"aligncenter wp-image-4669 size-thumbnail\" src=\"https:\/\/www.todolivo.com\/wp-content\/uploads\/\/Servicios_plantas-olivo-certificadas-150x150.jpg\" alt=\"Servicios_plantas-olivo-certificadas\" width=\"125\" height=\"125\" srcset=\"https:\/\/www.todolivo.com\/wp-content\/uploads\/Servicios_plantas-olivo-certificadas-150x150.jpg 150w, https:\/\/www.todolivo.com\/wp-content\/uploads\/Servicios_plantas-olivo-certificadas.jpg 300w, https:\/\/www.todolivo.com\/wp-content\/uploads\/Servicios_plantas-olivo-certificadas-55x55.jpg 55w, https:\/\/www.todolivo.com\/wp-content\/uploads\/Servicios_plantas-olivo-certificadas-239x239.jpg 239w\" sizes=\"(max-width: 125px) 100vw, 125px\" \/><\/a><\/td>\n<td width=\"128\"><a href=\"http:\/\/todolivo.com\/it\/servizio-integrale-todolivo\/realizzazione-completa-dellimpianto\/\"><img loading=\"lazy\" decoding=\"async\" class=\"aligncenter wp-image-5742\" src=\"https:\/\/www.todolivo.com\/wp-content\/uploads\/\/Servicios_ejecucion-plantaciones2-150x150.jpg\" alt=\"Servicios_ejecucion-plantaciones2\" width=\"125\" height=\"125\" srcset=\"https:\/\/www.todolivo.com\/wp-content\/uploads\/Servicios_ejecucion-plantaciones2-150x150.jpg 150w, https:\/\/www.todolivo.com\/wp-content\/uploads\/Servicios_ejecucion-plantaciones2-55x55.jpg 55w, https:\/\/www.todolivo.com\/wp-content\/uploads\/Servicios_ejecucion-plantaciones2.jpg 208w\" sizes=\"(max-width: 125px) 100vw, 125px\" \/><\/a><\/td>\n<\/tr>\n<tr>\n<td style=\"text-align: center;\" width=\"128\"><span id=\"g1-space-1\" class=\"g1-space \" style=\"margin-top:-5px;\"><\/span><a title=\"Test de Aptitud - Todolivo\" href=\"http:\/\/todolivo.com\/it\/servizio-integrale-todolivo\/test-di-idoneita\/\"><strong><span class=\"tablatit\">TEST IDONEIT\u00c0 TERRENO<\/span><\/strong><\/a><\/td>\n<td style=\"text-align: center;\" width=\"128\"><span id=\"g1-space-2\" class=\"g1-space \" style=\"margin-top:-5px;\"><\/span><a title=\"Dise\u00f1o de plantaciones - Todolivo\" href=\"http:\/\/todolivo.com\/it\/servizio-integrale-todolivo\/disegno-dellimpianto-studio-economico-e-finanziamento\/\"><span class=\"tablatit\"><strong>DISEGNO DELL\u2019IMPIANTO<\/strong><\/span><\/a><\/td>\n<td style=\"text-align: center;\" width=\"128\"><span id=\"g1-space-3\" class=\"g1-space \" style=\"margin-top:-5px;\"><\/span><a title=\"Plantas de olivo certificadas\" href=\"http:\/\/todolivo.com\/it\/servizio-integrale-todolivo\/piante-di-olivo-certificate\/\"><span class=\"tablatit\"><strong>PIANTE DI OLIVO CERTIFICATE<\/strong><\/span><\/a><\/td>\n<td style=\"text-align: center;\" width=\"128\"><span id=\"g1-space-4\" class=\"g1-space \" style=\"margin-top:-5px;\"><\/span><a title=\"Ejecuci\u00f3n Integral de Plantaciones - Todolivo\" href=\"http:\/\/todolivo.com\/it\/servizio-integrale-todolivo\/realizzazione-completa-dellimpianto\/\"><span class=\"tablatit\"><strong>REALIZZAZIONE DELLE PIANTAGIONI<\/strong><\/span><\/a><\/td>\n<\/tr>\n<tr>\n<td width=\"128\"><span id=\"g1-space-5\" class=\"g1-space \" style=\"height:10px;\"><\/span><a href=\"http:\/\/todolivo.com\/it\/servizio-integrale-todolivo\/assistenza-tecnica\/\"><img loading=\"lazy\" decoding=\"async\" class=\"aligncenter wp-image-21196\" src=\"https:\/\/www.todolivo.com\/wp-content\/uploads\/\/Servicios_post-plantacion_2-200x200.jpg\" alt=\"\" width=\"125\" height=\"125\" srcset=\"https:\/\/www.todolivo.com\/wp-content\/uploads\/Servicios_post-plantacion_2-200x200.jpg 200w, https:\/\/www.todolivo.com\/wp-content\/uploads\/Servicios_post-plantacion_2.jpg 300w, https:\/\/www.todolivo.com\/wp-content\/uploads\/Servicios_post-plantacion_2-239x239.jpg 239w, https:\/\/www.todolivo.com\/wp-content\/uploads\/Servicios_post-plantacion_2-55x55.jpg 55w\" sizes=\"(max-width: 125px) 100vw, 125px\" \/><\/a><\/td>\n<td width=\"128\"><span id=\"g1-space-6\" class=\"g1-space \" style=\"height:10px;\"><\/span><a href=\"http:\/\/todolivo.com\/it\/servizio-integrale-todolivo\/direzione-e-amministrazione-dellazienda-agricola\/\"><img loading=\"lazy\" decoding=\"async\" class=\"aligncenter wp-image-4659\" src=\"https:\/\/www.todolivo.com\/wp-content\/uploads\/\/Servicios_admin-fincas-150x150.jpg\" alt=\"Servicios_admin-fincas\" width=\"125\" height=\"125\" srcset=\"https:\/\/www.todolivo.com\/wp-content\/uploads\/Servicios_admin-fincas-150x150.jpg 150w, https:\/\/www.todolivo.com\/wp-content\/uploads\/Servicios_admin-fincas-300x300.jpg 300w, https:\/\/www.todolivo.com\/wp-content\/uploads\/Servicios_admin-fincas-55x55.jpg 55w, https:\/\/www.todolivo.com\/wp-content\/uploads\/Servicios_admin-fincas-239x239.jpg 239w, https:\/\/www.todolivo.com\/wp-content\/uploads\/Servicios_admin-fincas.jpg 301w\" sizes=\"(max-width: 125px) 100vw, 125px\" \/><\/a><\/td>\n<td width=\"128\"><span id=\"g1-space-7\" class=\"g1-space \" style=\"height:10px;\"><\/span><a href=\"http:\/\/todolivo.com\/it\/servizio-integrale-todolivo\/servizi-di-potatura\/\"><img loading=\"lazy\" decoding=\"async\" class=\"aligncenter wp-image-4671\" src=\"https:\/\/www.todolivo.com\/wp-content\/uploads\/\/Servicios_poda-150x150.jpg\" alt=\"Servicios_poda\" width=\"125\" height=\"125\" srcset=\"https:\/\/www.todolivo.com\/wp-content\/uploads\/Servicios_poda-150x150.jpg 150w, https:\/\/www.todolivo.com\/wp-content\/uploads\/Servicios_poda-300x299.jpg 300w, https:\/\/www.todolivo.com\/wp-content\/uploads\/Servicios_poda-55x55.jpg 55w, https:\/\/www.todolivo.com\/wp-content\/uploads\/Servicios_poda-239x238.jpg 239w, https:\/\/www.todolivo.com\/wp-content\/uploads\/Servicios_poda.jpg 301w\" sizes=\"(max-width: 125px) 100vw, 125px\" \/><\/a><\/td>\n<td width=\"128\"><span id=\"g1-space-8\" class=\"g1-space \" style=\"height:10px;\"><\/span><a href=\"http:\/\/todolivo.com\/it\/servizio-integrale-todolivo\/servizio-di-raccolta\/\"><img loading=\"lazy\" decoding=\"async\" class=\"aligncenter wp-image-4675\" src=\"https:\/\/www.todolivo.com\/wp-content\/uploads\/\/Servicios_recoleccion-150x150.jpg\" alt=\"Servicios_recoleccion\" width=\"125\" height=\"125\" srcset=\"https:\/\/www.todolivo.com\/wp-content\/uploads\/Servicios_recoleccion-150x150.jpg 150w, https:\/\/www.todolivo.com\/wp-content\/uploads\/Servicios_recoleccion.jpg 300w, https:\/\/www.todolivo.com\/wp-content\/uploads\/Servicios_recoleccion-55x55.jpg 55w, https:\/\/www.todolivo.com\/wp-content\/uploads\/Servicios_recoleccion-239x239.jpg 239w\" sizes=\"(max-width: 125px) 100vw, 125px\" \/><\/a><\/td>\n<\/tr>\n<tr>\n<td style=\"text-align: center;\" width=\"128\"><span id=\"g1-space-9\" class=\"g1-space \" style=\"margin-top:-5px;\"><\/span><a title=\"Asistencia T\u00e9cnica - Todolivo\" href=\"http:\/\/todolivo.com\/it\/servizio-integrale-todolivo\/assistenza-tecnica\/\"><span class=\"tablatit\"><strong>ASSISTENZA TECNICA<\/strong><\/span><\/a><\/td>\n<td style=\"text-align: center;\" width=\"128\"><span id=\"g1-space-10\" class=\"g1-space \" style=\"margin-top:-5px;\"><\/span><a title=\"DIRECCI\u00d3N Y ADMINISTRACI\u00d3N DE FINCAS R\u00daSTICAS - Todolivo\" href=\"http:\/\/todolivo.com\/it\/servizio-integrale-todolivo\/direzione-e-amministrazione-dellazienda-agricola\/\"><span class=\"tablatit\"><strong>DIREZIONE E AMM. IMPRESA AGRICOLA<\/strong><\/span><\/a><\/td>\n<td style=\"text-align: center;\" width=\"128\"><span id=\"g1-space-11\" class=\"g1-space \" style=\"margin-top:-5px;\"><\/span><a title=\"Servicio de Poda - Todolivo\" href=\"http:\/\/todolivo.com\/it\/servizio-integrale-todolivo\/servizi-di-potatura\/\"><span class=\"tablatit\"><strong>SERVIZIO DI POTATURA<\/strong><\/span><\/a><\/td>\n<td style=\"text-align: center;\" width=\"128\"><strong><span id=\"g1-space-12\" class=\"g1-space \" style=\"margin-top:-5px;\"><\/span><a title=\"Servicio de Recolecci\u00f3n - Todolivo\" href=\"http:\/\/todolivo.com\/servicio-integral-todolivo\/servicio-de-recoleccion\/\"><span class=\"tablatit\"><strong>RACCOLTA CON MACCHINE SCAVALLATRICI<\/strong><\/span><\/a><\/strong><\/td>\n<\/tr>\n<tr>\n<td width=\"128\"><span id=\"g1-space-13\" class=\"g1-space \" style=\"height:10px;\"><\/span><a href=\"http:\/\/todolivo.com\/it\/servizio-integrale-todolivo\/servizio-di-macinatura-di-olive\/\"><img loading=\"lazy\" decoding=\"async\" class=\"aligncenter wp-image-4686\" src=\"https:\/\/www.todolivo.com\/wp-content\/uploads\/\/Servicios_moltura-150x150.jpg\" alt=\"Servicios_moltura\" width=\"125\" height=\"125\" srcset=\"https:\/\/www.todolivo.com\/wp-content\/uploads\/Servicios_moltura-150x150.jpg 150w, https:\/\/www.todolivo.com\/wp-content\/uploads\/Servicios_moltura-55x55.jpg 55w, https:\/\/www.todolivo.com\/wp-content\/uploads\/Servicios_moltura-239x239.jpg 239w, https:\/\/www.todolivo.com\/wp-content\/uploads\/Servicios_moltura.jpg 284w\" sizes=\"(max-width: 125px) 100vw, 125px\" \/><\/a><\/td>\n<td width=\"128\"><span id=\"g1-space-14\" class=\"g1-space \" style=\"height:10px;\"><\/span><a href=\"http:\/\/todolivo.com\/it\/servizio-integrale-todolivo\/vendita-di-olio-doliva-extra-vergine\/\"><img loading=\"lazy\" decoding=\"async\" class=\"aligncenter wp-image-4679\" src=\"https:\/\/www.todolivo.com\/wp-content\/uploads\/\/Servicios_venta-150x150.jpg\" alt=\"Servicios_venta\" width=\"134\" height=\"134\" srcset=\"https:\/\/www.todolivo.com\/wp-content\/uploads\/Servicios_venta-150x150.jpg 150w, https:\/\/www.todolivo.com\/wp-content\/uploads\/Servicios_venta.jpg 300w, https:\/\/www.todolivo.com\/wp-content\/uploads\/Servicios_venta-55x55.jpg 55w, https:\/\/www.todolivo.com\/wp-content\/uploads\/Servicios_venta-239x239.jpg 239w\" sizes=\"(max-width: 134px) 100vw, 134px\" \/><\/a><\/td>\n<td width=\"128\"><span id=\"g1-space-15\" class=\"g1-space \" style=\"height:10px;\"><\/span><a href=\"http:\/\/todolivo.com\/it\/servizio-integrale-todolivo\/analisi\/\"><img loading=\"lazy\" decoding=\"async\" class=\"aligncenter wp-image-4661\" src=\"https:\/\/www.todolivo.com\/wp-content\/uploads\/\/Servicios_analisis-150x150.jpg\" alt=\"Servicios_analisis\" width=\"131\" height=\"131\" srcset=\"https:\/\/www.todolivo.com\/wp-content\/uploads\/Servicios_analisis-150x150.jpg 150w, https:\/\/www.todolivo.com\/wp-content\/uploads\/Servicios_analisis.jpg 300w, https:\/\/www.todolivo.com\/wp-content\/uploads\/Servicios_analisis-55x55.jpg 55w, https:\/\/www.todolivo.com\/wp-content\/uploads\/Servicios_analisis-239x239.jpg 239w\" sizes=\"(max-width: 131px) 100vw, 131px\" \/><\/a><\/td>\n<td width=\"128\"><span id=\"g1-space-16\" class=\"g1-space \" style=\"height:10px;\"><\/span><a href=\"http:\/\/todolivo.com\/it\/servizio-integrale-todolivo\/sistema-irrigazione-chiavi-in-mano\/\"><img loading=\"lazy\" decoding=\"async\" class=\"aligncenter wp-image-5747\" src=\"https:\/\/www.todolivo.com\/wp-content\/uploads\/\/Servicios_DisenoInstalacionesyRiego-150x150.jpg\" alt=\"Servicios_DisenoInstalacionesyRiego\" width=\"125\" height=\"125\" srcset=\"https:\/\/www.todolivo.com\/wp-content\/uploads\/Servicios_DisenoInstalacionesyRiego-150x150.jpg 150w, https:\/\/www.todolivo.com\/wp-content\/uploads\/Servicios_DisenoInstalacionesyRiego-55x55.jpg 55w, https:\/\/www.todolivo.com\/wp-content\/uploads\/Servicios_DisenoInstalacionesyRiego.jpg 210w\" sizes=\"(max-width: 125px) 100vw, 125px\" \/><\/a><\/td>\n<\/tr>\n<tr>\n<td style=\"text-align: center;\" width=\"128\"><span id=\"g1-space-17\" class=\"g1-space \" style=\"margin-top:-5px;\"><\/span><a title=\"Molturaci\u00f3n y Almacenamiento - Todolivo\" href=\"http:\/\/todolivo.com\/servicio-integral-todolivo\/servicio-de-molturacion\/\"><span class=\"tablatit\"><strong>MACINAZIONE E IMMAGAZZINAMENTO<\/strong><\/span><\/a><\/td>\n<td style=\"text-align: center;\" width=\"128\"><span id=\"g1-space-18\" class=\"g1-space \" style=\"margin-top:-5px;\"><\/span><a title=\"Venta de Aceite de Oliva Virgen Extra - Todolivo\" href=\"http:\/\/todolivo.com\/it\/servizio-integrale-todolivo\/vendita-di-olio-doliva-extra-vergine\/\"><span class=\"tablatit\"><strong>VENDITA OLIO EXTRA VERGINE<\/strong><\/span><\/a><\/td>\n<td style=\"text-align: center;\" width=\"128\"><span id=\"g1-space-19\" class=\"g1-space \" style=\"margin-top:-5px;\"><\/span><a title=\"Servicio de An\u00e1lisis - Todolivo\" href=\"http:\/\/todolivo.com\/it\/servizio-integrale-todolivo\/analisi\/\"><span class=\"tablatit\"><strong>ANALISIS<\/strong><\/span><\/a><\/td>\n<td style=\"text-align: center;\" width=\"128\"><span id=\"g1-space-20\" class=\"g1-space \" style=\"margin-top:-5px;\"><\/span><a title=\"Dise\u00f1o e Instalaci\u00f3n de Riego - Todolivo\" href=\"http:\/\/todolivo.com\/it\/servizio-integrale-todolivo\/sistema-irrigazione-chiavi-in-mano\/\"><span class=\"tablatit\"><strong>DISEGNO E INSTALLAZIONE SISTEMA DI IRRIGAZIONE<\/strong><\/span><\/a><\/td>\n<\/tr>\n<tr>\n<td width=\"128\"><span id=\"g1-space-21\" class=\"g1-space \" style=\"height:10px;\"><\/span><a href=\"http:\/\/todolivo.com\/it\/servizio-integrale-todolivo\/fertilizzanti-e-prodotti-fitosanitari\/\"><img loading=\"lazy\" decoding=\"async\" class=\"aligncenter wp-image-4657\" src=\"https:\/\/www.todolivo.com\/wp-content\/uploads\/\/Servicios_abonos-fitosanitarios-150x150.jpg\" alt=\"Servicios_abonos-fitosanitarios\" width=\"125\" height=\"125\" srcset=\"https:\/\/www.todolivo.com\/wp-content\/uploads\/Servicios_abonos-fitosanitarios-150x150.jpg 150w, https:\/\/www.todolivo.com\/wp-content\/uploads\/Servicios_abonos-fitosanitarios.jpg 300w, https:\/\/www.todolivo.com\/wp-content\/uploads\/Servicios_abonos-fitosanitarios-55x55.jpg 55w, https:\/\/www.todolivo.com\/wp-content\/uploads\/Servicios_abonos-fitosanitarios-239x239.jpg 239w\" sizes=\"(max-width: 125px) 100vw, 125px\" \/><\/a><\/td>\n<td width=\"128\"><span id=\"g1-space-22\" class=\"g1-space \" style=\"height:10px;\"><\/span><a href=\"http:\/\/todolivo.com\/it\/servizio-integrale-todolivo\/materiale-agricolo\/\"><img loading=\"lazy\" decoding=\"async\" class=\"aligncenter wp-image-4677\" src=\"https:\/\/www.todolivo.com\/wp-content\/uploads\/\/Servicios_tutores-150x150.jpg\" alt=\"Servicios_tutores\" width=\"125\" height=\"125\" srcset=\"https:\/\/www.todolivo.com\/wp-content\/uploads\/Servicios_tutores-150x150.jpg 150w, https:\/\/www.todolivo.com\/wp-content\/uploads\/Servicios_tutores.jpg 300w, https:\/\/www.todolivo.com\/wp-content\/uploads\/Servicios_tutores-55x55.jpg 55w, https:\/\/www.todolivo.com\/wp-content\/uploads\/Servicios_tutores-239x239.jpg 239w\" sizes=\"(max-width: 125px) 100vw, 125px\" \/><\/a><\/td>\n<td colspan=\"2\" rowspan=\"2\"><img loading=\"lazy\" decoding=\"async\" class=\"aligncenter wp-image-11457 size-full\" style=\"margin-top: 50px; margin-bottom: 50px;\" src=\"http:\/\/todolivo.com\/wp-content\/uploads\/Texto-Servicio-Integral_it.jpg\" alt=\"Texto-Servicio-Integral_it\" width=\"225\" height=\"75\"><\/td>\n<\/tr>\n<tr>\n<td style=\"text-align: center;\" width=\"128\"><span id=\"g1-space-23\" class=\"g1-space \" style=\"margin-top:-5px;\"><\/span><a title=\"Abonos y Fitosanitarios - Todolivo\" href=\"http:\/\/todolivo.com\/servicio-integral-todolivo\/abonos-y-fitosanitarios\/\"><span class=\"tablatit\"><strong>CONCIMI E PRODOTTI FITOSANITARI<\/strong><\/span><\/a><\/td>\n<td style=\"text-align: center;\" width=\"128\"><span id=\"g1-space-24\" class=\"g1-space \" style=\"margin-top:-5px;\"><\/span><a title=\"Material Agr\u00edcola - Todolivo\" href=\"http:\/\/todolivo.com\/it\/servizio-integrale-todolivo\/materiale-agricolo\/\"><span class=\"tablatit\"><strong>MATERIALE AGRICOLO<\/strong><\/span><\/a><\/td>\n<\/tr>\n<\/tbody>\n<\/table>\n<\/div><\/div>\n<\/li><!-- -->\n<li class=\"g1-column g1-two-fifth g1-valign-top\">\n<div id=\"g1-box-counter-2\" class=\"g1-box g1-box--simple  g1-box--noicon\" ><div class=\"g1-box__inner\">\n<p><img loading=\"lazy\" decoding=\"async\" class=\"aligncenter size-full wp-image-11458\" src=\"http:\/\/todolivo.com\/wp-content\/uploads\/Elmejorequipo-Todolivo_it.jpg\" alt=\"Elmejorequipo - Todolivo_it\" width=\"400\" height=\"123\" srcset=\"https:\/\/www.todolivo.com\/wp-content\/uploads\/Elmejorequipo-Todolivo_it.jpg 400w, https:\/\/www.todolivo.com\/wp-content\/uploads\/Elmejorequipo-Todolivo_it-300x92.jpg 300w, https:\/\/www.todolivo.com\/wp-content\/uploads\/Elmejorequipo-Todolivo_it-320x98.jpg 320w, https:\/\/www.todolivo.com\/wp-content\/uploads\/Elmejorequipo-Todolivo_it-239x73.jpg 239w\" sizes=\"(max-width: 400px) 100vw, 400px\" \/><\/p>\n<style type=\"text\/css\" scoped=\"scoped\">#g1-section-1.g1-section {background-color: #e9ebe1; background-repeat:repeat; background-position:center top; background-attachment:static;}<\/style><div id=\"g1-section-1\" class=\"g1-section \"><div class=\"g1-layout-inner\">Disponiamo di un\u2019eccellente squadra tecnica, di macchinari di ultima generazione, di tutti i prodotti necessari per offrirti un servizio completo di qualit\u00e0, che risponda in maniera efficiente a tutte e a ciascuna delle necessit\u00e0 che possono sorgere durante il ciclo produttivo, dalla realizzazione della piantagione alla macinazione e alla vendita dell\u2019olio.<\/div><\/div>\n<span id=\"g1-space-25\" class=\"g1-space \" style=\"height:10px;\"><\/span>\n<\/div><\/div>\n<div id=\"g1-divider-1\" class=\"g1-divider g1-divider--simple g1-divider--noicon \"><\/div>\n<h5 style=\"text-align: center;\">Sei tu che scegli il tipo di collaborazione da portare avanti con noi, puoi scegliere un servizio completo o optare per collaborazioni occasionali come ritieni opportuno.<\/h5>\n<\/li><!-- --><\/ul>\n","protected":false},"excerpt":{"rendered":"<p>SERVIZIO INTEGRALE TODOLIVO Preparari per accompagnarti attaverso l\u2019intero ciclo produttivo<\/p>\n","protected":false},"author":1,"featured_media":0,"parent":0,"menu_order":0,"comment_status":"closed","ping_status":"closed","template":"","meta":{"_lmt_disableupdate":"no","_lmt_disable":"","footnotes":""},"class_list":["post-9465","page","type-page","status-publish"],"yoast_head":"<!-- This site is optimized with the Yoast SEO plugin v26.9 - https:\/\/yoast.com\/product\/yoast-seo-wordpress\/ -->\n<title>Servizio Integrale Todolivo - Todolivo - Esperti ed pioneri di Oliveti Tipo Siepe<\/title>\n<meta name=\"robots\" content=\"index, follow, max-snippet:-1, max-image-preview:large, max-video-preview:-1\" \/>\n<link rel=\"canonical\" href=\"https:\/\/www.todolivo.com\/it\/servizio-integrale-todolivo\/\" \/>\n<meta property=\"og:locale\" content=\"it_IT\" \/>\n<meta property=\"og:type\" content=\"article\" \/>\n<meta property=\"og:title\" content=\"Servizio Integrale Todolivo - Todolivo - Esperti ed pioneri di Oliveti Tipo Siepe\" \/>\n<meta property=\"og:description\" content=\"SERVIZIO INTEGRALE TODOLIVO Preparari per accompagnarti attaverso l\u2019intero ciclo produttivo\" \/>\n<meta property=\"og:url\" content=\"https:\/\/www.todolivo.com\/it\/servizio-integrale-todolivo\/\" \/>\n<meta property=\"og:site_name\" content=\"Todolivo - Esperti ed pioneri di Oliveti Tipo Siepe\" \/>\n<meta property=\"article:modified_time\" content=\"2020-02-20T09:03:18+00:00\" \/>\n<meta property=\"og:image\" content=\"http:\/\/todolivo.com\/wp-content\/uploads\/Todolivo_ServicioIntegral_intro.jpg\" \/>\n<meta name=\"twitter:card\" content=\"summary_large_image\" \/>\n<meta name=\"twitter:label1\" content=\"Tempo di lettura stimato\" \/>\n\t<meta name=\"twitter:data1\" content=\"1 minuto\" \/>\n<script type=\"application\/ld+json\" class=\"yoast-schema-graph\">{\"@context\":\"https:\/\/schema.org\",\"@graph\":[{\"@type\":\"WebPage\",\"@id\":\"https:\/\/www.todolivo.com\/it\/servizio-integrale-todolivo\/\",\"url\":\"https:\/\/www.todolivo.com\/it\/servizio-integrale-todolivo\/\",\"name\":\"Servizio Integrale Todolivo - Todolivo - Esperti ed pioneri di Oliveti Tipo Siepe\",\"isPartOf\":{\"@id\":\"https:\/\/www.todolivo.com\/#website\"},\"primaryImageOfPage\":{\"@id\":\"https:\/\/www.todolivo.com\/it\/servizio-integrale-todolivo\/#primaryimage\"},\"image\":{\"@id\":\"https:\/\/www.todolivo.com\/it\/servizio-integrale-todolivo\/#primaryimage\"},\"thumbnailUrl\":\"http:\/\/todolivo.com\/wp-content\/uploads\/Todolivo_ServicioIntegral_intro.jpg\",\"datePublished\":\"2015-08-02T15:24:36+00:00\",\"dateModified\":\"2020-02-20T09:03:18+00:00\",\"breadcrumb\":{\"@id\":\"https:\/\/www.todolivo.com\/it\/servizio-integrale-todolivo\/#breadcrumb\"},\"inLanguage\":\"it-IT\",\"potentialAction\":[{\"@type\":\"ReadAction\",\"target\":[\"https:\/\/www.todolivo.com\/it\/servizio-integrale-todolivo\/\"]}]},{\"@type\":\"ImageObject\",\"inLanguage\":\"it-IT\",\"@id\":\"https:\/\/www.todolivo.com\/it\/servizio-integrale-todolivo\/#primaryimage\",\"url\":\"http:\/\/todolivo.com\/wp-content\/uploads\/Todolivo_ServicioIntegral_intro.jpg\",\"contentUrl\":\"http:\/\/todolivo.com\/wp-content\/uploads\/Todolivo_ServicioIntegral_intro.jpg\"},{\"@type\":\"BreadcrumbList\",\"@id\":\"https:\/\/www.todolivo.com\/it\/servizio-integrale-todolivo\/#breadcrumb\",\"itemListElement\":[{\"@type\":\"ListItem\",\"position\":1,\"name\":\"Frontale\",\"item\":\"https:\/\/www.todolivo.com\/it\/\"},{\"@type\":\"ListItem\",\"position\":2,\"name\":\"Servizio Integrale Todolivo\"}]},{\"@type\":\"WebSite\",\"@id\":\"https:\/\/www.todolivo.com\/#website\",\"url\":\"https:\/\/www.todolivo.com\/\",\"name\":\"Todolivo - Esperti ed pioneri di Oliveti Tipo Siepe\",\"description\":\"Todolivo - Esperti ed pioneri di Oliveti Tipo Siepe\",\"potentialAction\":[{\"@type\":\"SearchAction\",\"target\":{\"@type\":\"EntryPoint\",\"urlTemplate\":\"https:\/\/www.todolivo.com\/?s={search_term_string}\"},\"query-input\":{\"@type\":\"PropertyValueSpecification\",\"valueRequired\":true,\"valueName\":\"search_term_string\"}}],\"inLanguage\":\"it-IT\"}]}<\/script>\n<!-- \/ Yoast SEO plugin. -->","yoast_head_json":{"title":"Servizio Integrale Todolivo - Todolivo - Esperti ed pioneri di Oliveti Tipo Siepe","robots":{"index":"index","follow":"follow","max-snippet":"max-snippet:-1","max-image-preview":"max-image-preview:large","max-video-preview":"max-video-preview:-1"},"canonical":"https:\/\/www.todolivo.com\/it\/servizio-integrale-todolivo\/","og_locale":"it_IT","og_type":"article","og_title":"Servizio Integrale Todolivo - Todolivo - Esperti ed pioneri di Oliveti Tipo Siepe","og_description":"SERVIZIO INTEGRALE TODOLIVO Preparari per accompagnarti attaverso l\u2019intero ciclo produttivo","og_url":"https:\/\/www.todolivo.com\/it\/servizio-integrale-todolivo\/","og_site_name":"Todolivo - Esperti ed pioneri di Oliveti Tipo Siepe","article_modified_time":"2020-02-20T09:03:18+00:00","og_image":[{"url":"http:\/\/todolivo.com\/wp-content\/uploads\/Todolivo_ServicioIntegral_intro.jpg","type":"","width":"","height":""}],"twitter_card":"summary_large_image","twitter_misc":{"Tempo di lettura stimato":"1 minuto"},"schema":{"@context":"https:\/\/schema.org","@graph":[{"@type":"WebPage","@id":"https:\/\/www.todolivo.com\/it\/servizio-integrale-todolivo\/","url":"https:\/\/www.todolivo.com\/it\/servizio-integrale-todolivo\/","name":"Servizio Integrale Todolivo - Todolivo - Esperti ed pioneri di Oliveti Tipo Siepe","isPartOf":{"@id":"https:\/\/www.todolivo.com\/#website"},"primaryImageOfPage":{"@id":"https:\/\/www.todolivo.com\/it\/servizio-integrale-todolivo\/#primaryimage"},"image":{"@id":"https:\/\/www.todolivo.com\/it\/servizio-integrale-todolivo\/#primaryimage"},"thumbnailUrl":"http:\/\/todolivo.com\/wp-content\/uploads\/Todolivo_ServicioIntegral_intro.jpg","datePublished":"2015-08-02T15:24:36+00:00","dateModified":"2020-02-20T09:03:18+00:00","breadcrumb":{"@id":"https:\/\/www.todolivo.com\/it\/servizio-integrale-todolivo\/#breadcrumb"},"inLanguage":"it-IT","potentialAction":[{"@type":"ReadAction","target":["https:\/\/www.todolivo.com\/it\/servizio-integrale-todolivo\/"]}]},{"@type":"ImageObject","inLanguage":"it-IT","@id":"https:\/\/www.todolivo.com\/it\/servizio-integrale-todolivo\/#primaryimage","url":"http:\/\/todolivo.com\/wp-content\/uploads\/Todolivo_ServicioIntegral_intro.jpg","contentUrl":"http:\/\/todolivo.com\/wp-content\/uploads\/Todolivo_ServicioIntegral_intro.jpg"},{"@type":"BreadcrumbList","@id":"https:\/\/www.todolivo.com\/it\/servizio-integrale-todolivo\/#breadcrumb","itemListElement":[{"@type":"ListItem","position":1,"name":"Frontale","item":"https:\/\/www.todolivo.com\/it\/"},{"@type":"ListItem","position":2,"name":"Servizio Integrale Todolivo"}]},{"@type":"WebSite","@id":"https:\/\/www.todolivo.com\/#website","url":"https:\/\/www.todolivo.com\/","name":"Todolivo - Esperti ed pioneri di Oliveti Tipo Siepe","description":"Todolivo - Esperti ed pioneri di Oliveti Tipo Siepe","potentialAction":[{"@type":"SearchAction","target":{"@type":"EntryPoint","urlTemplate":"https:\/\/www.todolivo.com\/?s={search_term_string}"},"query-input":{"@type":"PropertyValueSpecification","valueRequired":true,"valueName":"search_term_string"}}],"inLanguage":"it-IT"}]}},"_links":{"self":[{"href":"https:\/\/www.todolivo.com\/it\/wp-json\/wp\/v2\/pages\/9465","targetHints":{"allow":["GET"]}}],"collection":[{"href":"https:\/\/www.todolivo.com\/it\/wp-json\/wp\/v2\/pages"}],"about":[{"href":"https:\/\/www.todolivo.com\/it\/wp-json\/wp\/v2\/types\/page"}],"author":[{"embeddable":true,"href":"https:\/\/www.todolivo.com\/it\/wp-json\/wp\/v2\/users\/1"}],"replies":[{"embeddable":true,"href":"https:\/\/www.todolivo.com\/it\/wp-json\/wp\/v2\/comments?post=9465"}],"version-history":[{"count":11,"href":"https:\/\/www.todolivo.com\/it\/wp-json\/wp\/v2\/pages\/9465\/revisions"}],"predecessor-version":[{"id":21204,"href":"https:\/\/www.todolivo.com\/it\/wp-json\/wp\/v2\/pages\/9465\/revisions\/21204"}],"wp:attachment":[{"href":"https:\/\/www.todolivo.com\/it\/wp-json\/wp\/v2\/media?parent=9465"}],"curies":[{"name":"wp","href":"https:\/\/api.w.org\/{rel}","templated":true}]}}