{"id":31154,"date":"2020-06-02T16:23:26","date_gmt":"2020-06-02T15:23:26","guid":{"rendered":"https:\/\/www.todolivo.com\/?page_id=31154"},"modified":"2020-06-02T17:00:07","modified_gmt":"2020-06-02T16:00:07","slug":"storia-programma-di-miglioramento-genetico","status":"publish","type":"page","link":"https:\/\/www.todolivo.com\/it\/programma-di-miglioramento-genetico\/storia-programma-di-miglioramento-genetico\/","title":{"rendered":"Storia \u2013 Programma di Miglioramento Genetico"},"content":{"rendered":"<style type=\"text\/css\" scoped=\"scoped\">#g1-section-1.g1-section {background-color: #e7eae3; background-repeat:repeat; background-position:center top; background-attachment:static;}<\/style><div id=\"g1-section-1\" class=\"g1-section \"><div class=\"g1-layout-inner\">\n<span id=\"g1-space-1\" class=\"g1-space \" style=\"margin-top:-25px;\"><\/span>\n<ul class=\"g1-grid\"><li class=\"g1-column g1-one-sixth g1-valign-top\">\n<span id=\"g1-space-2\" class=\"g1-space \" style=\"height:5px;\"><\/span>\n<table style=\"width: 100%; height: 50px;\">\n<tbody>\n<tr>\n<td style=\"text-align: center; vertical-align: middle;\">\n<h4 style=\"color: #ffffff; background-color: #000;\"><a href=\"https:\/\/www.todolivo.com\/it\/programma-di-miglioramento-genetico\/storia-programma-di-miglioramento-genetico\/\"><span style=\"color: #ffffff;\">Storia<\/span><\/a><\/h4>\n<\/td>\n<\/tr>\n<\/tbody>\n<\/table>\n<\/li><!-- -->\n<li class=\"g1-column g1-one-sixth g1-valign-top\">\n<span id=\"g1-space-3\" class=\"g1-space \" style=\"height:5px;\"><\/span>\n<table style=\"width: 100%; height: 50px;\">\n<tbody>\n<tr>\n<td style=\"text-align: center; vertical-align: middle;\">\n<h4><a href=\"https:\/\/www.todolivo.com\/it\/programma-di-miglioramento-genetico\/cronologia-programma-di-miglioramento-genetico\/\"><span style=\"color: #000000;\">Cronologia<\/span><\/a><\/h4>\n<\/td>\n<\/tr>\n<\/tbody>\n<\/table>\n<\/li><!-- -->\n<li class=\"g1-column g1-one-sixth g1-valign-top\">\n<span id=\"g1-space-4\" class=\"g1-space \" style=\"height:5px;\"><\/span>\n<table style=\"width: 100%; height: 50px;\">\n<tbody>\n<tr>\n<td style=\"text-align: center; vertical-align: middle;\">\n<h4><a href=\"https:\/\/www.todolivo.com\/it\/programma-di-miglioramento-genetico\/processo-programma-di-miglioramento-genetico\/\"><span style=\"color: #000000;\">Processo<\/span><\/a><\/h4>\n<\/td>\n<\/tr>\n<\/tbody>\n<\/table>\n<\/li><!-- -->\n<li class=\"g1-column g1-one-sixth g1-valign-top\">\n<span id=\"g1-space-5\" class=\"g1-space \" style=\"margin-top:-3px;\"><\/span>\n<table style=\"width: 100%; height: 50px;\">\n<tbody>\n<tr>\n<td style=\"text-align: center; vertical-align: middle;\">\n<h4><a href=\"https:\/\/www.todolivo.com\/it\/programma-di-miglioramento-genetico\/prove-di-miglioramento-programma-di-miglioramento-genetico\/\"><span style=\"color: #000000;\">Prova di Miglioramento<\/span><\/a><\/h4>\n<\/td>\n<\/tr>\n<\/tbody>\n<\/table>\n<\/li><!-- -->\n<li class=\"g1-column g1-one-sixth g1-valign-top\">\n<span id=\"g1-space-6\" class=\"g1-space \" style=\"height:5px;\"><\/span>\n<table style=\"width: 100%; height: 50px;\">\n<tbody>\n<tr>\n<td style=\"text-align: center; vertical-align: middle;\">\n<h4><a href=\"https:\/\/www.todolivo.com\/it\/programma-di-miglioramento-genetico\/prova-di-miglioramento-todolivo-i-15p\/\"><span style=\"color: #000000;\">Todolivo I-15<sup>P<\/sup><\/span><\/a><\/h4>\n<\/td>\n<\/tr>\n<\/tbody>\n<\/table>\n<\/li><!-- -->\n<li class=\"g1-column g1-one-sixth g1-valign-top\">\n<span id=\"g1-space-7\" class=\"g1-space \" style=\"margin-top:-20px;\"><\/span>\n<\/li><!-- --><\/ul>\n<span id=\"g1-space-8\" class=\"g1-space \" style=\"margin-top:-50px;\"><\/span>\n<\/div><\/div>\n<span id=\"g1-space-9\" class=\"g1-space \" style=\"height:1px;\"><\/span>\n<style type=\"text\/css\" scoped=\"scoped\">#g1-section-2.g1-section {background-repeat:repeat; background-position:center top; background-attachment:static;}<\/style><div id=\"g1-section-2\" class=\"g1-section \"><div class=\"g1-layout-inner\">\n<h4 style=\"text-align: center;\">Nel 2007 in Todolivo abbiamo iniziato un eccitante Programma di Miglioramento Genetico con<br \/>\nl\u2019obiettivo di creare nuove variet\u00e0 per Oliveti tipo Siepe, variet\u00e0 pi\u00f9 produttive, cos\u00ec da<br \/>\npermettere agli agricoltori di ottenere un maggiore rendimento dai propri terreni<br \/>\ne di produrre nuovi oli EVO dai differenti sapori e aromi fruttati,<br \/>\ncon cui ampliare l\u2019offerta organolettica<br \/>\ndi oli nel mercato.<\/h4>\n<\/div><\/div>\n<style type=\"text\/css\" scoped=\"scoped\">#g1-section-3.g1-section {background-repeat:repeat; background-position:center top; background-attachment:static;}<\/style><div id=\"g1-section-3\" class=\"g1-section \"><div class=\"g1-layout-inner\">\n<p><iframe src=\"https:\/\/www.youtube-nocookie.com\/embed\/U5RhazQBRdM\" allowfullscreen=\"allowfullscreen\" data-mce-fragment=\"1\" width=\"960\" height=\"542\" frameborder=\"0\"><\/iframe><\/p>\n<span id=\"g1-space-10\" class=\"g1-space \" style=\"height:5px;\"><\/span>\n<!-- Simple Share Buttons Adder (8.5.3) simplesharebuttons.com --><div class=\"ssba-classic-2 ssba ssbp-wrap aligncenter ssbp--theme-1\"><div style=\"text-align:left\"><span class=\"ssba-share-text\">Share this...<\/span><br\/><a data-site=\"facebook\" class=\"ssba_facebook_share ssba_share_link\" href=\"https:\/\/www.facebook.com\/sharer.php?t=Storia \u2013 Programma di Miglioramento Genetico&u=https:\/\/www.todolivo.com\/it\/wp-json\/wp\/v2\/pages\/31154\"  target=_blank  style=\"color:; background-color: ; height: 48px; width: 48px; \" ><img decoding=\"async\" src=\"https:\/\/www.todolivo.com\/wp-content\/plugins\/simple-share-buttons-adder\/buttons\/somacro\/facebook.png\" style=\"width: 35px;\" title=\"facebook\" class=\"ssba ssba-img\" alt=\"Share on facebook\" \/><div title=\"Facebook\" class=\"ssbp-text\">Facebook<\/div><\/a><a data-site=\"pinterest\" class=\"ssba_pinterest_share ssba_share_link\" href=\"https:\/\/pinterest.com\/pin\/create\/button\/?description=Storia \u2013 Programma di Miglioramento Genetico&media=&url=https:\/\/www.todolivo.com\/it\/wp-json\/wp\/v2\/pages\/31154\"  target=_blank  style=\"color:; background-color: ; height: 48px; width: 48px; \" ><img decoding=\"async\" src=\"https:\/\/www.todolivo.com\/wp-content\/plugins\/simple-share-buttons-adder\/buttons\/somacro\/pinterest.png\" style=\"width: 35px;\" title=\"pinterest\" class=\"ssba ssba-img\" alt=\"Share on pinterest\" \/><div title=\"Pinterest\" class=\"ssbp-text\">Pinterest<\/div><\/a><a data-site=\"twitter\" class=\"ssba_twitter_share ssba_share_link\" href=\"https:\/\/twitter.com\/intent\/tweet?text=Storia \u2013 Programma di Miglioramento Genetico&url=https:\/\/www.todolivo.com\/it\/wp-json\/wp\/v2\/pages\/31154&via=\"  target=_blank  style=\"color:; background-color: ; height: 48px; width: 48px; \" ><img decoding=\"async\" src=\"https:\/\/www.todolivo.com\/wp-content\/plugins\/simple-share-buttons-adder\/buttons\/somacro\/twitter.png\" style=\"width: 35px;\" title=\"twitter\" class=\"ssba ssba-img\" alt=\"Share on twitter\" \/><div title=\"Twitter\" class=\"ssbp-text\">Twitter<\/div><\/a><a data-site=\"linkedin\" class=\"ssba_linkedin_share ssba_share_link\" href=\"https:\/\/www.linkedin.com\/shareArticle?title=Storia \u2013 Programma di Miglioramento Genetico&url=https:\/\/www.todolivo.com\/it\/wp-json\/wp\/v2\/pages\/31154\"  target=_blank  style=\"color:; background-color: ; height: 48px; width: 48px; \" ><img decoding=\"async\" src=\"https:\/\/www.todolivo.com\/wp-content\/plugins\/simple-share-buttons-adder\/buttons\/somacro\/linkedin.png\" style=\"width: 35px;\" title=\"linkedin\" class=\"ssba ssba-img\" alt=\"Share on linkedin\" \/><div title=\"Linkedin\" class=\"ssbp-text\">Linkedin<\/div><\/a><\/div><\/div>\n<\/div><\/div>\n","protected":false},"excerpt":{"rendered":"","protected":false},"author":1,"featured_media":0,"parent":31152,"menu_order":0,"comment_status":"closed","ping_status":"closed","template":"g1_template_page_full_sections.php","meta":{"_lmt_disableupdate":"no","_lmt_disable":"","footnotes":""},"class_list":["post-31154","page","type-page","status-publish"],"yoast_head":"<!-- This site is optimized with the Yoast SEO plugin v26.9 - https:\/\/yoast.com\/product\/yoast-seo-wordpress\/ -->\n<title>Storia \u2013 Programma di Miglioramento Genetico - Todolivo - Esperti ed pioneri di Oliveti Tipo Siepe<\/title>\n<meta name=\"robots\" content=\"index, follow, max-snippet:-1, max-image-preview:large, max-video-preview:-1\" \/>\n<link rel=\"canonical\" href=\"https:\/\/www.todolivo.com\/it\/programma-di-miglioramento-genetico\/storia-programma-di-miglioramento-genetico\/\" \/>\n<meta property=\"og:locale\" content=\"it_IT\" \/>\n<meta property=\"og:type\" content=\"article\" \/>\n<meta property=\"og:title\" content=\"Storia \u2013 Programma di Miglioramento Genetico - Todolivo - Esperti ed pioneri di Oliveti Tipo Siepe\" \/>\n<meta property=\"og:url\" content=\"https:\/\/www.todolivo.com\/it\/programma-di-miglioramento-genetico\/storia-programma-di-miglioramento-genetico\/\" \/>\n<meta property=\"og:site_name\" content=\"Todolivo - Esperti ed pioneri di Oliveti Tipo Siepe\" \/>\n<meta property=\"article:modified_time\" content=\"2020-06-02T16:00:07+00:00\" \/>\n<meta name=\"twitter:card\" content=\"summary_large_image\" \/>\n<meta name=\"twitter:label1\" content=\"Tempo di lettura stimato\" \/>\n\t<meta name=\"twitter:data1\" content=\"1 minuto\" \/>\n<script type=\"application\/ld+json\" class=\"yoast-schema-graph\">{\"@context\":\"https:\/\/schema.org\",\"@graph\":[{\"@type\":\"WebPage\",\"@id\":\"https:\/\/www.todolivo.com\/it\/programma-di-miglioramento-genetico\/storia-programma-di-miglioramento-genetico\/\",\"url\":\"https:\/\/www.todolivo.com\/it\/programma-di-miglioramento-genetico\/storia-programma-di-miglioramento-genetico\/\",\"name\":\"Storia \u2013 Programma di Miglioramento Genetico - Todolivo - Esperti ed pioneri di Oliveti Tipo Siepe\",\"isPartOf\":{\"@id\":\"https:\/\/www.todolivo.com\/#website\"},\"datePublished\":\"2020-06-02T15:23:26+00:00\",\"dateModified\":\"2020-06-02T16:00:07+00:00\",\"breadcrumb\":{\"@id\":\"https:\/\/www.todolivo.com\/it\/programma-di-miglioramento-genetico\/storia-programma-di-miglioramento-genetico\/#breadcrumb\"},\"inLanguage\":\"it-IT\",\"potentialAction\":[{\"@type\":\"ReadAction\",\"target\":[\"https:\/\/www.todolivo.com\/it\/programma-di-miglioramento-genetico\/storia-programma-di-miglioramento-genetico\/\"]}]},{\"@type\":\"BreadcrumbList\",\"@id\":\"https:\/\/www.todolivo.com\/it\/programma-di-miglioramento-genetico\/storia-programma-di-miglioramento-genetico\/#breadcrumb\",\"itemListElement\":[{\"@type\":\"ListItem\",\"position\":1,\"name\":\"Frontale\",\"item\":\"https:\/\/www.todolivo.com\/it\/\"},{\"@type\":\"ListItem\",\"position\":2,\"name\":\"Programma di Miglioramento Genetico\",\"item\":\"https:\/\/www.todolivo.com\/it\/programma-di-miglioramento-genetico\/\"},{\"@type\":\"ListItem\",\"position\":3,\"name\":\"Storia \u2013 Programma di Miglioramento Genetico\"}]},{\"@type\":\"WebSite\",\"@id\":\"https:\/\/www.todolivo.com\/#website\",\"url\":\"https:\/\/www.todolivo.com\/\",\"name\":\"Todolivo - Esperti ed pioneri di Oliveti Tipo Siepe\",\"description\":\"Todolivo - Esperti ed pioneri di Oliveti Tipo Siepe\",\"potentialAction\":[{\"@type\":\"SearchAction\",\"target\":{\"@type\":\"EntryPoint\",\"urlTemplate\":\"https:\/\/www.todolivo.com\/?s={search_term_string}\"},\"query-input\":{\"@type\":\"PropertyValueSpecification\",\"valueRequired\":true,\"valueName\":\"search_term_string\"}}],\"inLanguage\":\"it-IT\"}]}<\/script>\n<!-- \/ Yoast SEO plugin. -->","yoast_head_json":{"title":"Storia \u2013 Programma di Miglioramento Genetico - Todolivo - Esperti ed pioneri di Oliveti Tipo Siepe","robots":{"index":"index","follow":"follow","max-snippet":"max-snippet:-1","max-image-preview":"max-image-preview:large","max-video-preview":"max-video-preview:-1"},"canonical":"https:\/\/www.todolivo.com\/it\/programma-di-miglioramento-genetico\/storia-programma-di-miglioramento-genetico\/","og_locale":"it_IT","og_type":"article","og_title":"Storia \u2013 Programma di Miglioramento Genetico - Todolivo - Esperti ed pioneri di Oliveti Tipo Siepe","og_url":"https:\/\/www.todolivo.com\/it\/programma-di-miglioramento-genetico\/storia-programma-di-miglioramento-genetico\/","og_site_name":"Todolivo - Esperti ed pioneri di Oliveti Tipo Siepe","article_modified_time":"2020-06-02T16:00:07+00:00","twitter_card":"summary_large_image","twitter_misc":{"Tempo di lettura stimato":"1 minuto"},"schema":{"@context":"https:\/\/schema.org","@graph":[{"@type":"WebPage","@id":"https:\/\/www.todolivo.com\/it\/programma-di-miglioramento-genetico\/storia-programma-di-miglioramento-genetico\/","url":"https:\/\/www.todolivo.com\/it\/programma-di-miglioramento-genetico\/storia-programma-di-miglioramento-genetico\/","name":"Storia \u2013 Programma di Miglioramento Genetico - Todolivo - Esperti ed pioneri di Oliveti Tipo Siepe","isPartOf":{"@id":"https:\/\/www.todolivo.com\/#website"},"datePublished":"2020-06-02T15:23:26+00:00","dateModified":"2020-06-02T16:00:07+00:00","breadcrumb":{"@id":"https:\/\/www.todolivo.com\/it\/programma-di-miglioramento-genetico\/storia-programma-di-miglioramento-genetico\/#breadcrumb"},"inLanguage":"it-IT","potentialAction":[{"@type":"ReadAction","target":["https:\/\/www.todolivo.com\/it\/programma-di-miglioramento-genetico\/storia-programma-di-miglioramento-genetico\/"]}]},{"@type":"BreadcrumbList","@id":"https:\/\/www.todolivo.com\/it\/programma-di-miglioramento-genetico\/storia-programma-di-miglioramento-genetico\/#breadcrumb","itemListElement":[{"@type":"ListItem","position":1,"name":"Frontale","item":"https:\/\/www.todolivo.com\/it\/"},{"@type":"ListItem","position":2,"name":"Programma di Miglioramento Genetico","item":"https:\/\/www.todolivo.com\/it\/programma-di-miglioramento-genetico\/"},{"@type":"ListItem","position":3,"name":"Storia \u2013 Programma di Miglioramento Genetico"}]},{"@type":"WebSite","@id":"https:\/\/www.todolivo.com\/#website","url":"https:\/\/www.todolivo.com\/","name":"Todolivo - Esperti ed pioneri di Oliveti Tipo Siepe","description":"Todolivo - Esperti ed pioneri di Oliveti Tipo Siepe","potentialAction":[{"@type":"SearchAction","target":{"@type":"EntryPoint","urlTemplate":"https:\/\/www.todolivo.com\/?s={search_term_string}"},"query-input":{"@type":"PropertyValueSpecification","valueRequired":true,"valueName":"search_term_string"}}],"inLanguage":"it-IT"}]}},"_links":{"self":[{"href":"https:\/\/www.todolivo.com\/it\/wp-json\/wp\/v2\/pages\/31154","targetHints":{"allow":["GET"]}}],"collection":[{"href":"https:\/\/www.todolivo.com\/it\/wp-json\/wp\/v2\/pages"}],"about":[{"href":"https:\/\/www.todolivo.com\/it\/wp-json\/wp\/v2\/types\/page"}],"author":[{"embeddable":true,"href":"https:\/\/www.todolivo.com\/it\/wp-json\/wp\/v2\/users\/1"}],"replies":[{"embeddable":true,"href":"https:\/\/www.todolivo.com\/it\/wp-json\/wp\/v2\/comments?post=31154"}],"version-history":[{"count":4,"href":"https:\/\/www.todolivo.com\/it\/wp-json\/wp\/v2\/pages\/31154\/revisions"}],"predecessor-version":[{"id":31199,"href":"https:\/\/www.todolivo.com\/it\/wp-json\/wp\/v2\/pages\/31154\/revisions\/31199"}],"up":[{"embeddable":true,"href":"https:\/\/www.todolivo.com\/it\/wp-json\/wp\/v2\/pages\/31152"}],"wp:attachment":[{"href":"https:\/\/www.todolivo.com\/it\/wp-json\/wp\/v2\/media?parent=31154"}],"curies":[{"name":"wp","href":"https:\/\/api.w.org\/{rel}","templated":true}]}}