{"id":4770,"date":"2015-01-22T22:18:48","date_gmt":"2015-01-22T21:18:48","guid":{"rendered":"http:\/\/todolivo.com\/?page_id=4770"},"modified":"2020-02-19T00:59:12","modified_gmt":"2020-02-18T23:59:12","slug":"oliveraie-en-haie-en-aride","status":"publish","type":"page","link":"https:\/\/www.todolivo.com\/fr\/oliveraie-en-haie\/oliveraie-en-haie-en-aride\/","title":{"rendered":"Oliveraie en Haie en Aride"},"content":{"rendered":"<ul class=\"g1-grid\"><li class=\"g1-column g1-four-fifth g1-valign-top\">\n<span id=\"g1-space-1\" class=\"g1-space \" style=\"height:30px;\"><\/span>\n<h2 style=\"text-align: center;\">Tirez profit de votre ferme avec une culture rentable, de gestion simple et d\u2019un bas co\u00fbt d\u2019investissement<\/h2>\n<\/li><!-- -->\n<li class=\"g1-column g1-one-fifth g1-valign-top\">\n<p style=\"text-align: center;\"><img decoding=\"async\" class=\"aligncenter size-thumbnail wp-image-8397\" src=\"https:\/\/www.todolivo.com\/wp-content\/uploads\/\/olivar-seto-secano-img10-2-150x150.jpg\" alt=\"olivar-seto-secano-img10-2\" width=\"150\" height=\"150\" srcset=\"https:\/\/www.todolivo.com\/wp-content\/uploads\/olivar-seto-secano-img10-2-150x150.jpg 150w, https:\/\/www.todolivo.com\/wp-content\/uploads\/olivar-seto-secano-img10-2-55x55.jpg 55w\" sizes=\"(max-width: 150px) 100vw, 150px\" \/><\/p>\n<\/li><!-- --><\/ul>\n<span id=\"g1-space-2\" class=\"g1-space \" style=\"height:20px;\"><\/span>\n<ul class=\"g1-grid\"><li class=\"g1-column g1-one-half g1-valign-top\">\n<p>Chez <strong>Todolivo<\/strong>, nous avons r\u00e9alis\u00e9 nos premi\u00e8res plantations d\u2019oliveraie en haie en aride en 1999, depuis et jusqu\u2019\u00e0 maintenant on compte par milliers les hectares plant\u00e9s avec \u00e9norme succ\u00e8s.<\/p>\n<p><strong>Ces plantations poss\u00e8dent de grands avantages&nbsp;:<\/strong><\/p>\n<ul>\n<li>100% de l\u2019huile obtenue est vierge extra.<\/li>\n<li>Bas co\u00fbt d\u2019investissement.<\/li>\n<li>Tr\u00e8s productives.<\/li>\n<li>Faciles \u00e0 g\u00e9rer.<\/li>\n<li>Bas co\u00fbts de maintenance et de r\u00e9colte.<\/li>\n<li>Excellente relation entre l\u2019investissement r\u00e9alis\u00e9 et la productivit\u00e9 g\u00e9n\u00e9r\u00e9e.<\/li>\n<\/ul>\n<p>Chaque ferme en fonction du type de sol, du climat et de la vari\u00e9t\u00e9(s) qu\u2019on d\u00e9sire planter, poss\u00e8de un <strong>cadre id\u00e9al<\/strong>. Chez <strong>Todolivo<\/strong> on vous aide \u00e0 le trouver.<\/p>\n<p><strong>Voir exemples de productions de fermes d\u2019oliveraie en haie en aride.<\/strong><\/p>\n<p style=\"text-align: center;\"><strong><a title=\"Todolivo - Exemples de Productions\" href=\"http:\/\/todolivo.com\/fr\/oliveraie-en-haie\/exemples-de-production\/\"> Exemples de Productions<\/a><\/strong><\/p>\n<p>&nbsp;<\/p>\n<\/li><!-- -->\n<li class=\"g1-column g1-one-half g1-valign-top\">\n<p style=\"text-align: center;\">L\u2019unique ressource hydrique dont disposent ces plantations est l\u2019eau de pluie.<\/p>\n<p style=\"text-align: center;\"><img fetchpriority=\"high\" decoding=\"async\" class=\"aligncenter wp-image-8400 size-medium\" src=\"https:\/\/www.todolivo.com\/wp-content\/uploads\/\/olivar-seto-secano-img10-1-300x300.jpg\" alt=\"olivar-seto-secano-img10-1\" width=\"300\" height=\"300\" srcset=\"https:\/\/www.todolivo.com\/wp-content\/uploads\/olivar-seto-secano-img10-1-300x300.jpg 300w, https:\/\/www.todolivo.com\/wp-content\/uploads\/olivar-seto-secano-img10-1-150x150.jpg 150w, https:\/\/www.todolivo.com\/wp-content\/uploads\/olivar-seto-secano-img10-1-320x320.jpg 320w, https:\/\/www.todolivo.com\/wp-content\/uploads\/olivar-seto-secano-img10-1-239x239.jpg 239w, https:\/\/www.todolivo.com\/wp-content\/uploads\/olivar-seto-secano-img10-1-55x55.jpg 55w, https:\/\/www.todolivo.com\/wp-content\/uploads\/olivar-seto-secano-img10-1.jpg 500w\" sizes=\"(max-width: 300px) 100vw, 300px\" \/><\/p>\n<p style=\"text-align: center;\">&nbsp;<\/p>\n<div align=\"center\"><a class=\"boton\" href=\"http:\/\/todolivo.com\/fr\/obtenir-plus-d-informations\/\" target=\"new\" rel=\"noopener noreferrer\"><img decoding=\"async\" class=\"alignleft wp-image-6678\" style=\"margin-top: -12px;\" src=\"https:\/\/www.todolivo.com\/wp-content\/uploads\/boton-info.png\" alt=\"boton info\" width=\"50\" height=\"48\" srcset=\"https:\/\/www.todolivo.com\/wp-content\/uploads\/boton-info.png 60w, https:\/\/www.todolivo.com\/wp-content\/uploads\/boton-info-55x53.png 55w\" sizes=\"(max-width: 50px) 100vw, 50px\" \/><span style=\"color: #ffffff;\">Obtenir plus d\u2019informations<\/span><\/a><\/div>\n<\/li><!-- --><\/ul>\n<span id=\"g1-space-3\" class=\"g1-space \" style=\"height:30px;\"><\/span>\n<p><img loading=\"lazy\" decoding=\"async\" class=\"aligncenter size-full wp-image-20952\" src=\"https:\/\/www.todolivo.com\/wp-content\/uploads\/Todolivo_p61fr.jpg\" alt=\"\" width=\"960\" height=\"542\" srcset=\"https:\/\/www.todolivo.com\/wp-content\/uploads\/Todolivo_p61fr.jpg 960w, https:\/\/www.todolivo.com\/wp-content\/uploads\/Todolivo_p61fr-300x169.jpg 300w, https:\/\/www.todolivo.com\/wp-content\/uploads\/Todolivo_p61fr-768x434.jpg 768w, https:\/\/www.todolivo.com\/wp-content\/uploads\/Todolivo_p61fr-636x359.jpg 636w, https:\/\/www.todolivo.com\/wp-content\/uploads\/Todolivo_p61fr-482x271.jpg 482w, https:\/\/www.todolivo.com\/wp-content\/uploads\/Todolivo_p61fr-320x181.jpg 320w, https:\/\/www.todolivo.com\/wp-content\/uploads\/Todolivo_p61fr-239x135.jpg 239w\" sizes=\"(max-width: 960px) 100vw, 960px\" \/><\/p>\n<p><img loading=\"lazy\" decoding=\"async\" class=\"aligncenter size-full wp-image-20957\" src=\"https:\/\/www.todolivo.com\/wp-content\/uploads\/Todolivo_p62fr.jpg\" alt=\"\" width=\"960\" height=\"542\" srcset=\"https:\/\/www.todolivo.com\/wp-content\/uploads\/Todolivo_p62fr.jpg 960w, https:\/\/www.todolivo.com\/wp-content\/uploads\/Todolivo_p62fr-300x169.jpg 300w, https:\/\/www.todolivo.com\/wp-content\/uploads\/Todolivo_p62fr-768x434.jpg 768w, https:\/\/www.todolivo.com\/wp-content\/uploads\/Todolivo_p62fr-636x359.jpg 636w, https:\/\/www.todolivo.com\/wp-content\/uploads\/Todolivo_p62fr-482x271.jpg 482w, https:\/\/www.todolivo.com\/wp-content\/uploads\/Todolivo_p62fr-320x181.jpg 320w, https:\/\/www.todolivo.com\/wp-content\/uploads\/Todolivo_p62fr-239x135.jpg 239w\" sizes=\"(max-width: 960px) 100vw, 960px\" \/><\/p>\n<p><img loading=\"lazy\" decoding=\"async\" class=\"aligncenter size-full wp-image-20962\" src=\"https:\/\/www.todolivo.com\/wp-content\/uploads\/Todolivo_p63fr.jpg\" alt=\"\" width=\"960\" height=\"540\" srcset=\"https:\/\/www.todolivo.com\/wp-content\/uploads\/Todolivo_p63fr.jpg 960w, https:\/\/www.todolivo.com\/wp-content\/uploads\/Todolivo_p63fr-300x169.jpg 300w, https:\/\/www.todolivo.com\/wp-content\/uploads\/Todolivo_p63fr-768x432.jpg 768w, https:\/\/www.todolivo.com\/wp-content\/uploads\/Todolivo_p63fr-636x358.jpg 636w, https:\/\/www.todolivo.com\/wp-content\/uploads\/Todolivo_p63fr-482x271.jpg 482w, https:\/\/www.todolivo.com\/wp-content\/uploads\/Todolivo_p63fr-320x180.jpg 320w, https:\/\/www.todolivo.com\/wp-content\/uploads\/Todolivo_p63fr-239x134.jpg 239w\" sizes=\"(max-width: 960px) 100vw, 960px\" \/><\/p>\n","protected":false},"excerpt":{"rendered":"","protected":false},"author":1,"featured_media":0,"parent":3125,"menu_order":0,"comment_status":"closed","ping_status":"closed","template":"","meta":{"_lmt_disableupdate":"no","_lmt_disable":"","footnotes":""},"class_list":["post-4770","page","type-page","status-publish"],"yoast_head":"<!-- This site is optimized with the Yoast SEO plugin v26.9 - https:\/\/yoast.com\/product\/yoast-seo-wordpress\/ -->\n<title>Oliveraie en Haie en Aride - Todolivo - Experts et pionniers \u00e0 Oliveraie en Haie<\/title>\n<meta name=\"robots\" content=\"index, follow, max-snippet:-1, max-image-preview:large, max-video-preview:-1\" \/>\n<link rel=\"canonical\" href=\"https:\/\/www.todolivo.com\/fr\/oliveraie-en-haie\/oliveraie-en-haie-en-aride\/\" \/>\n<meta property=\"og:locale\" content=\"fr_FR\" \/>\n<meta property=\"og:type\" content=\"article\" \/>\n<meta property=\"og:title\" content=\"Oliveraie en Haie en Aride - Todolivo - Experts et pionniers \u00e0 Oliveraie en Haie\" \/>\n<meta property=\"og:url\" content=\"https:\/\/www.todolivo.com\/fr\/oliveraie-en-haie\/oliveraie-en-haie-en-aride\/\" \/>\n<meta property=\"og:site_name\" content=\"Todolivo - Experts et pionniers \u00e0 Oliveraie en Haie\" \/>\n<meta property=\"article:modified_time\" content=\"2020-02-18T23:59:12+00:00\" \/>\n<meta property=\"og:image\" content=\"https:\/\/www.todolivo.com\/wp-content\/uploads\/\/olivar-seto-secano-img10-2-150x150.jpg\" \/>\n<meta name=\"twitter:card\" content=\"summary_large_image\" \/>\n<meta name=\"twitter:label1\" content=\"Dur\u00e9e de lecture estim\u00e9e\" \/>\n\t<meta name=\"twitter:data1\" content=\"1 minute\" \/>\n<script type=\"application\/ld+json\" class=\"yoast-schema-graph\">{\"@context\":\"https:\/\/schema.org\",\"@graph\":[{\"@type\":\"WebPage\",\"@id\":\"https:\/\/www.todolivo.com\/fr\/oliveraie-en-haie\/oliveraie-en-haie-en-aride\/\",\"url\":\"https:\/\/www.todolivo.com\/fr\/oliveraie-en-haie\/oliveraie-en-haie-en-aride\/\",\"name\":\"Oliveraie en Haie en Aride - Todolivo - Experts et pionniers \u00e0 Oliveraie en Haie\",\"isPartOf\":{\"@id\":\"https:\/\/www.todolivo.com\/#website\"},\"primaryImageOfPage\":{\"@id\":\"https:\/\/www.todolivo.com\/fr\/oliveraie-en-haie\/oliveraie-en-haie-en-aride\/#primaryimage\"},\"image\":{\"@id\":\"https:\/\/www.todolivo.com\/fr\/oliveraie-en-haie\/oliveraie-en-haie-en-aride\/#primaryimage\"},\"thumbnailUrl\":\"https:\/\/www.todolivo.com\/wp-content\/uploads\/\/olivar-seto-secano-img10-2-150x150.jpg\",\"datePublished\":\"2015-01-22T21:18:48+00:00\",\"dateModified\":\"2020-02-18T23:59:12+00:00\",\"breadcrumb\":{\"@id\":\"https:\/\/www.todolivo.com\/fr\/oliveraie-en-haie\/oliveraie-en-haie-en-aride\/#breadcrumb\"},\"inLanguage\":\"fr-FR\",\"potentialAction\":[{\"@type\":\"ReadAction\",\"target\":[\"https:\/\/www.todolivo.com\/fr\/oliveraie-en-haie\/oliveraie-en-haie-en-aride\/\"]}]},{\"@type\":\"ImageObject\",\"inLanguage\":\"fr-FR\",\"@id\":\"https:\/\/www.todolivo.com\/fr\/oliveraie-en-haie\/oliveraie-en-haie-en-aride\/#primaryimage\",\"url\":\"https:\/\/www.todolivo.com\/wp-content\/uploads\/\/olivar-seto-secano-img10-2-150x150.jpg\",\"contentUrl\":\"https:\/\/www.todolivo.com\/wp-content\/uploads\/\/olivar-seto-secano-img10-2-150x150.jpg\"},{\"@type\":\"BreadcrumbList\",\"@id\":\"https:\/\/www.todolivo.com\/fr\/oliveraie-en-haie\/oliveraie-en-haie-en-aride\/#breadcrumb\",\"itemListElement\":[{\"@type\":\"ListItem\",\"position\":1,\"name\":\"Couverture\",\"item\":\"https:\/\/www.todolivo.com\/fr\/\"},{\"@type\":\"ListItem\",\"position\":2,\"name\":\"Oliveraie en Haie\",\"item\":\"https:\/\/www.todolivo.com\/fr\/oliveraie-en-haie\/\"},{\"@type\":\"ListItem\",\"position\":3,\"name\":\"Oliveraie en Haie en Aride\"}]},{\"@type\":\"WebSite\",\"@id\":\"https:\/\/www.todolivo.com\/#website\",\"url\":\"https:\/\/www.todolivo.com\/\",\"name\":\"Todolivo - Experts et pionniers \u00e0 Oliveraie en Haie\",\"description\":\"Todolivo - Experts et pionniers \u00e0 Oliveraie en Haie\",\"potentialAction\":[{\"@type\":\"SearchAction\",\"target\":{\"@type\":\"EntryPoint\",\"urlTemplate\":\"https:\/\/www.todolivo.com\/?s={search_term_string}\"},\"query-input\":{\"@type\":\"PropertyValueSpecification\",\"valueRequired\":true,\"valueName\":\"search_term_string\"}}],\"inLanguage\":\"fr-FR\"}]}<\/script>\n<!-- \/ Yoast SEO plugin. -->","yoast_head_json":{"title":"Oliveraie en Haie en Aride - Todolivo - Experts et pionniers \u00e0 Oliveraie en Haie","robots":{"index":"index","follow":"follow","max-snippet":"max-snippet:-1","max-image-preview":"max-image-preview:large","max-video-preview":"max-video-preview:-1"},"canonical":"https:\/\/www.todolivo.com\/fr\/oliveraie-en-haie\/oliveraie-en-haie-en-aride\/","og_locale":"fr_FR","og_type":"article","og_title":"Oliveraie en Haie en Aride - Todolivo - Experts et pionniers \u00e0 Oliveraie en Haie","og_url":"https:\/\/www.todolivo.com\/fr\/oliveraie-en-haie\/oliveraie-en-haie-en-aride\/","og_site_name":"Todolivo - Experts et pionniers \u00e0 Oliveraie en Haie","article_modified_time":"2020-02-18T23:59:12+00:00","og_image":[{"url":"https:\/\/www.todolivo.com\/wp-content\/uploads\/\/olivar-seto-secano-img10-2-150x150.jpg","type":"","width":"","height":""}],"twitter_card":"summary_large_image","twitter_misc":{"Dur\u00e9e de lecture estim\u00e9e":"1 minute"},"schema":{"@context":"https:\/\/schema.org","@graph":[{"@type":"WebPage","@id":"https:\/\/www.todolivo.com\/fr\/oliveraie-en-haie\/oliveraie-en-haie-en-aride\/","url":"https:\/\/www.todolivo.com\/fr\/oliveraie-en-haie\/oliveraie-en-haie-en-aride\/","name":"Oliveraie en Haie en Aride - Todolivo - Experts et pionniers \u00e0 Oliveraie en Haie","isPartOf":{"@id":"https:\/\/www.todolivo.com\/#website"},"primaryImageOfPage":{"@id":"https:\/\/www.todolivo.com\/fr\/oliveraie-en-haie\/oliveraie-en-haie-en-aride\/#primaryimage"},"image":{"@id":"https:\/\/www.todolivo.com\/fr\/oliveraie-en-haie\/oliveraie-en-haie-en-aride\/#primaryimage"},"thumbnailUrl":"https:\/\/www.todolivo.com\/wp-content\/uploads\/\/olivar-seto-secano-img10-2-150x150.jpg","datePublished":"2015-01-22T21:18:48+00:00","dateModified":"2020-02-18T23:59:12+00:00","breadcrumb":{"@id":"https:\/\/www.todolivo.com\/fr\/oliveraie-en-haie\/oliveraie-en-haie-en-aride\/#breadcrumb"},"inLanguage":"fr-FR","potentialAction":[{"@type":"ReadAction","target":["https:\/\/www.todolivo.com\/fr\/oliveraie-en-haie\/oliveraie-en-haie-en-aride\/"]}]},{"@type":"ImageObject","inLanguage":"fr-FR","@id":"https:\/\/www.todolivo.com\/fr\/oliveraie-en-haie\/oliveraie-en-haie-en-aride\/#primaryimage","url":"https:\/\/www.todolivo.com\/wp-content\/uploads\/\/olivar-seto-secano-img10-2-150x150.jpg","contentUrl":"https:\/\/www.todolivo.com\/wp-content\/uploads\/\/olivar-seto-secano-img10-2-150x150.jpg"},{"@type":"BreadcrumbList","@id":"https:\/\/www.todolivo.com\/fr\/oliveraie-en-haie\/oliveraie-en-haie-en-aride\/#breadcrumb","itemListElement":[{"@type":"ListItem","position":1,"name":"Couverture","item":"https:\/\/www.todolivo.com\/fr\/"},{"@type":"ListItem","position":2,"name":"Oliveraie en Haie","item":"https:\/\/www.todolivo.com\/fr\/oliveraie-en-haie\/"},{"@type":"ListItem","position":3,"name":"Oliveraie en Haie en Aride"}]},{"@type":"WebSite","@id":"https:\/\/www.todolivo.com\/#website","url":"https:\/\/www.todolivo.com\/","name":"Todolivo - Experts et pionniers \u00e0 Oliveraie en Haie","description":"Todolivo - Experts et pionniers \u00e0 Oliveraie en Haie","potentialAction":[{"@type":"SearchAction","target":{"@type":"EntryPoint","urlTemplate":"https:\/\/www.todolivo.com\/?s={search_term_string}"},"query-input":{"@type":"PropertyValueSpecification","valueRequired":true,"valueName":"search_term_string"}}],"inLanguage":"fr-FR"}]}},"_links":{"self":[{"href":"https:\/\/www.todolivo.com\/fr\/wp-json\/wp\/v2\/pages\/4770","targetHints":{"allow":["GET"]}}],"collection":[{"href":"https:\/\/www.todolivo.com\/fr\/wp-json\/wp\/v2\/pages"}],"about":[{"href":"https:\/\/www.todolivo.com\/fr\/wp-json\/wp\/v2\/types\/page"}],"author":[{"embeddable":true,"href":"https:\/\/www.todolivo.com\/fr\/wp-json\/wp\/v2\/users\/1"}],"replies":[{"embeddable":true,"href":"https:\/\/www.todolivo.com\/fr\/wp-json\/wp\/v2\/comments?post=4770"}],"version-history":[{"count":4,"href":"https:\/\/www.todolivo.com\/fr\/wp-json\/wp\/v2\/pages\/4770\/revisions"}],"predecessor-version":[{"id":20967,"href":"https:\/\/www.todolivo.com\/fr\/wp-json\/wp\/v2\/pages\/4770\/revisions\/20967"}],"up":[{"embeddable":true,"href":"https:\/\/www.todolivo.com\/fr\/wp-json\/wp\/v2\/pages\/3125"}],"wp:attachment":[{"href":"https:\/\/www.todolivo.com\/fr\/wp-json\/wp\/v2\/media?parent=4770"}],"curies":[{"name":"wp","href":"https:\/\/api.w.org\/{rel}","templated":true}]}}