{"id":3543,"date":"2014-11-01T03:09:57","date_gmt":"2014-11-01T02:09:57","guid":{"rendered":"http:\/\/todolivo.com\/?page_id=3543"},"modified":"2015-03-15T23:39:41","modified_gmt":"2015-03-15T22:39:41","slug":"rogneuses","status":"publish","type":"page","link":"https:\/\/www.todolivo.com\/fr\/service-integral-todolivo\/materiel-agricole\/rogneuses\/","title":{"rendered":"Rogneuses"},"content":{"rendered":"<style type=\"text\/css\" scoped=\"scoped\">#g1-button-1.g1-button {color: #ffffff; background-color: #38500e; border-color: #38500e;}<\/style><a id=\"g1-button-1\" class=\"g1-button g1-button--medium g1-button--solid g1-button--wide \" href=\"#\" ><i class=\"fa fa-leaf\"><\/i>Nous disposons de tous les \u00e9l\u00e9ments n\u00e9cessaires pour votre oliveraie<\/a>\n<ul class=\"g1-grid\"><li class=\"g1-column g1-one-half g1-valign-top\">\n<p><img fetchpriority=\"high\" decoding=\"async\" class=\"alignleft wp-image-2894 size-full\" style=\"margin-right: 15px;\" src=\"http:\/\/todolivo.com\/wp-content\/uploads\/Todolivo_despuntadoras.jpg\" alt=\"Todolivo_despuntadoras\" width=\"342\" height=\"400\" srcset=\"https:\/\/www.todolivo.com\/wp-content\/uploads\/Todolivo_despuntadoras.jpg 342w, https:\/\/www.todolivo.com\/wp-content\/uploads\/Todolivo_despuntadoras-256x300.jpg 256w, https:\/\/www.todolivo.com\/wp-content\/uploads\/Todolivo_despuntadoras-55x64.jpg 55w, https:\/\/www.todolivo.com\/wp-content\/uploads\/Todolivo_despuntadoras-320x374.jpg 320w, https:\/\/www.todolivo.com\/wp-content\/uploads\/Todolivo_despuntadoras-239x279.jpg 239w\" sizes=\"(max-width: 342px) 100vw, 342px\" \/><\/p>\n<\/li><!-- -->\n<li class=\"g1-column g1-one-half g1-valign-top\">\n<h3>ROGNEUSE DE BRANCHES INFERIEURES<\/h3>\n<h4>Description<\/h4>\n<p>Con\u00e7ue pour tailler les branches basse de l\u2019olivier en haie. Lames l\u00e9g\u00e8res mais robustes, attel\u00e9e sur la partie frontale du tracteur \u00e0 l\u2019aide d\u2019un accrochage rapide.<\/p>\n<p><strong>Principales caract\u00e9ristiques techniques<\/strong><\/p>\n<ul>\n<li>Barres de coupe alternative renforc\u00e9es de haute pr\u00e9cision et r\u00e9sistance.<\/li>\n<li>El\u00e9vation et inclinaison hydraulique.<\/li>\n<li>Syst\u00e8me de pression constante (les fonctions hydrauliques peuvent agir simultan\u00e9ment).<\/li>\n<li>Ajustement de sensibilit\u00e9 dans la barre de coupe \u00e0 l\u2019aide de ressorts \u00e0 gaz.<\/li>\n<li>T\u00e2teur m\u00e9canique de la barre de coupe sur le tronc.<\/li>\n<li>Commandes \u00e9lectriques dans la cabine.<\/li>\n<li>R\u00e9glages de l\u2019angle d\u2019incidence.<\/li>\n<\/ul>\n<\/li><!-- --><\/ul>\n<div align=\"center\"><a class=\"boton\" href=\"http:\/\/todolivo.com\/fr\/obtenir-plus-d-informations\/\" target=\"new\"><img decoding=\"async\" class=\"alignleft wp-image-6678\" style=\"margin-top: -12px;\" src=\"http:\/\/todolivo.com\/wp-content\/uploads\/boton-info.png\" alt=\"boton info\" width=\"50\" height=\"48\" srcset=\"https:\/\/www.todolivo.com\/wp-content\/uploads\/boton-info.png 60w, https:\/\/www.todolivo.com\/wp-content\/uploads\/boton-info-55x53.png 55w\" sizes=\"(max-width: 50px) 100vw, 50px\" \/><span style=\"color: #ffffff;\">Obtenir plus d\u2019informations<\/span><\/a><\/div>\n","protected":false},"excerpt":{"rendered":"<p>Obtenir plus d\u2019informations<\/p>\n","protected":false},"author":1,"featured_media":2894,"parent":3516,"menu_order":0,"comment_status":"closed","ping_status":"closed","template":"","meta":{"_lmt_disableupdate":"","_lmt_disable":"","footnotes":""},"class_list":["post-3543","page","type-page","status-publish","has-post-thumbnail"],"yoast_head":"<!-- This site is optimized with the Yoast SEO plugin v26.9 - https:\/\/yoast.com\/product\/yoast-seo-wordpress\/ -->\n<title>Rogneuses - Todolivo - Experts et pionniers \u00e0 Oliveraie en Haie<\/title>\n<meta name=\"robots\" content=\"index, follow, max-snippet:-1, max-image-preview:large, max-video-preview:-1\" \/>\n<link rel=\"canonical\" href=\"https:\/\/www.todolivo.com\/fr\/service-integral-todolivo\/materiel-agricole\/rogneuses\/\" \/>\n<meta property=\"og:locale\" content=\"fr_FR\" \/>\n<meta property=\"og:type\" content=\"article\" \/>\n<meta property=\"og:title\" content=\"Rogneuses - Todolivo - Experts et pionniers \u00e0 Oliveraie en Haie\" \/>\n<meta property=\"og:description\" content=\"Obtenir plus d\u2019informations\" \/>\n<meta property=\"og:url\" content=\"https:\/\/www.todolivo.com\/fr\/service-integral-todolivo\/materiel-agricole\/rogneuses\/\" \/>\n<meta property=\"og:site_name\" content=\"Todolivo - Experts et pionniers \u00e0 Oliveraie en Haie\" \/>\n<meta property=\"article:modified_time\" content=\"2015-03-15T22:39:41+00:00\" \/>\n<meta property=\"og:image\" content=\"https:\/\/www.todolivo.com\/wp-content\/uploads\/Todolivo_despuntadoras.jpg\" \/>\n\t<meta property=\"og:image:width\" content=\"342\" \/>\n\t<meta property=\"og:image:height\" content=\"400\" \/>\n\t<meta property=\"og:image:type\" content=\"image\/jpeg\" \/>\n<meta name=\"twitter:card\" content=\"summary_large_image\" \/>\n<meta name=\"twitter:label1\" content=\"Dur\u00e9e de lecture estim\u00e9e\" \/>\n\t<meta name=\"twitter:data1\" content=\"1 minute\" \/>\n<script type=\"application\/ld+json\" class=\"yoast-schema-graph\">{\"@context\":\"https:\/\/schema.org\",\"@graph\":[{\"@type\":\"WebPage\",\"@id\":\"https:\/\/www.todolivo.com\/fr\/service-integral-todolivo\/materiel-agricole\/rogneuses\/\",\"url\":\"https:\/\/www.todolivo.com\/fr\/service-integral-todolivo\/materiel-agricole\/rogneuses\/\",\"name\":\"Rogneuses - Todolivo - Experts et pionniers \u00e0 Oliveraie en Haie\",\"isPartOf\":{\"@id\":\"https:\/\/www.todolivo.com\/#website\"},\"primaryImageOfPage\":{\"@id\":\"https:\/\/www.todolivo.com\/fr\/service-integral-todolivo\/materiel-agricole\/rogneuses\/#primaryimage\"},\"image\":{\"@id\":\"https:\/\/www.todolivo.com\/fr\/service-integral-todolivo\/materiel-agricole\/rogneuses\/#primaryimage\"},\"thumbnailUrl\":\"https:\/\/www.todolivo.com\/wp-content\/uploads\/Todolivo_despuntadoras.jpg\",\"datePublished\":\"2014-11-01T02:09:57+00:00\",\"dateModified\":\"2015-03-15T22:39:41+00:00\",\"breadcrumb\":{\"@id\":\"https:\/\/www.todolivo.com\/fr\/service-integral-todolivo\/materiel-agricole\/rogneuses\/#breadcrumb\"},\"inLanguage\":\"fr-FR\",\"potentialAction\":[{\"@type\":\"ReadAction\",\"target\":[\"https:\/\/www.todolivo.com\/fr\/service-integral-todolivo\/materiel-agricole\/rogneuses\/\"]}]},{\"@type\":\"ImageObject\",\"inLanguage\":\"fr-FR\",\"@id\":\"https:\/\/www.todolivo.com\/fr\/service-integral-todolivo\/materiel-agricole\/rogneuses\/#primaryimage\",\"url\":\"https:\/\/www.todolivo.com\/wp-content\/uploads\/Todolivo_despuntadoras.jpg\",\"contentUrl\":\"https:\/\/www.todolivo.com\/wp-content\/uploads\/Todolivo_despuntadoras.jpg\",\"width\":342,\"height\":400},{\"@type\":\"BreadcrumbList\",\"@id\":\"https:\/\/www.todolivo.com\/fr\/service-integral-todolivo\/materiel-agricole\/rogneuses\/#breadcrumb\",\"itemListElement\":[{\"@type\":\"ListItem\",\"position\":1,\"name\":\"Couverture\",\"item\":\"https:\/\/www.todolivo.com\/fr\/\"},{\"@type\":\"ListItem\",\"position\":2,\"name\":\"Service integral Todolivo\",\"item\":\"https:\/\/www.todolivo.com\/fr\/service-integral-todolivo\/\"},{\"@type\":\"ListItem\",\"position\":3,\"name\":\"Materiel Agricole\",\"item\":\"https:\/\/www.todolivo.com\/fr\/service-integral-todolivo\/materiel-agricole\/\"},{\"@type\":\"ListItem\",\"position\":4,\"name\":\"Rogneuses\"}]},{\"@type\":\"WebSite\",\"@id\":\"https:\/\/www.todolivo.com\/#website\",\"url\":\"https:\/\/www.todolivo.com\/\",\"name\":\"Todolivo - Experts et pionniers \u00e0 Oliveraie en Haie\",\"description\":\"Todolivo - Experts et pionniers \u00e0 Oliveraie en Haie\",\"potentialAction\":[{\"@type\":\"SearchAction\",\"target\":{\"@type\":\"EntryPoint\",\"urlTemplate\":\"https:\/\/www.todolivo.com\/?s={search_term_string}\"},\"query-input\":{\"@type\":\"PropertyValueSpecification\",\"valueRequired\":true,\"valueName\":\"search_term_string\"}}],\"inLanguage\":\"fr-FR\"}]}<\/script>\n<!-- \/ Yoast SEO plugin. -->","yoast_head_json":{"title":"Rogneuses - Todolivo - Experts et pionniers \u00e0 Oliveraie en Haie","robots":{"index":"index","follow":"follow","max-snippet":"max-snippet:-1","max-image-preview":"max-image-preview:large","max-video-preview":"max-video-preview:-1"},"canonical":"https:\/\/www.todolivo.com\/fr\/service-integral-todolivo\/materiel-agricole\/rogneuses\/","og_locale":"fr_FR","og_type":"article","og_title":"Rogneuses - Todolivo - Experts et pionniers \u00e0 Oliveraie en Haie","og_description":"Obtenir plus d\u2019informations","og_url":"https:\/\/www.todolivo.com\/fr\/service-integral-todolivo\/materiel-agricole\/rogneuses\/","og_site_name":"Todolivo - Experts et pionniers \u00e0 Oliveraie en Haie","article_modified_time":"2015-03-15T22:39:41+00:00","og_image":[{"width":342,"height":400,"url":"https:\/\/www.todolivo.com\/wp-content\/uploads\/Todolivo_despuntadoras.jpg","type":"image\/jpeg"}],"twitter_card":"summary_large_image","twitter_misc":{"Dur\u00e9e de lecture estim\u00e9e":"1 minute"},"schema":{"@context":"https:\/\/schema.org","@graph":[{"@type":"WebPage","@id":"https:\/\/www.todolivo.com\/fr\/service-integral-todolivo\/materiel-agricole\/rogneuses\/","url":"https:\/\/www.todolivo.com\/fr\/service-integral-todolivo\/materiel-agricole\/rogneuses\/","name":"Rogneuses - Todolivo - Experts et pionniers \u00e0 Oliveraie en Haie","isPartOf":{"@id":"https:\/\/www.todolivo.com\/#website"},"primaryImageOfPage":{"@id":"https:\/\/www.todolivo.com\/fr\/service-integral-todolivo\/materiel-agricole\/rogneuses\/#primaryimage"},"image":{"@id":"https:\/\/www.todolivo.com\/fr\/service-integral-todolivo\/materiel-agricole\/rogneuses\/#primaryimage"},"thumbnailUrl":"https:\/\/www.todolivo.com\/wp-content\/uploads\/Todolivo_despuntadoras.jpg","datePublished":"2014-11-01T02:09:57+00:00","dateModified":"2015-03-15T22:39:41+00:00","breadcrumb":{"@id":"https:\/\/www.todolivo.com\/fr\/service-integral-todolivo\/materiel-agricole\/rogneuses\/#breadcrumb"},"inLanguage":"fr-FR","potentialAction":[{"@type":"ReadAction","target":["https:\/\/www.todolivo.com\/fr\/service-integral-todolivo\/materiel-agricole\/rogneuses\/"]}]},{"@type":"ImageObject","inLanguage":"fr-FR","@id":"https:\/\/www.todolivo.com\/fr\/service-integral-todolivo\/materiel-agricole\/rogneuses\/#primaryimage","url":"https:\/\/www.todolivo.com\/wp-content\/uploads\/Todolivo_despuntadoras.jpg","contentUrl":"https:\/\/www.todolivo.com\/wp-content\/uploads\/Todolivo_despuntadoras.jpg","width":342,"height":400},{"@type":"BreadcrumbList","@id":"https:\/\/www.todolivo.com\/fr\/service-integral-todolivo\/materiel-agricole\/rogneuses\/#breadcrumb","itemListElement":[{"@type":"ListItem","position":1,"name":"Couverture","item":"https:\/\/www.todolivo.com\/fr\/"},{"@type":"ListItem","position":2,"name":"Service integral Todolivo","item":"https:\/\/www.todolivo.com\/fr\/service-integral-todolivo\/"},{"@type":"ListItem","position":3,"name":"Materiel Agricole","item":"https:\/\/www.todolivo.com\/fr\/service-integral-todolivo\/materiel-agricole\/"},{"@type":"ListItem","position":4,"name":"Rogneuses"}]},{"@type":"WebSite","@id":"https:\/\/www.todolivo.com\/#website","url":"https:\/\/www.todolivo.com\/","name":"Todolivo - Experts et pionniers \u00e0 Oliveraie en Haie","description":"Todolivo - Experts et pionniers \u00e0 Oliveraie en Haie","potentialAction":[{"@type":"SearchAction","target":{"@type":"EntryPoint","urlTemplate":"https:\/\/www.todolivo.com\/?s={search_term_string}"},"query-input":{"@type":"PropertyValueSpecification","valueRequired":true,"valueName":"search_term_string"}}],"inLanguage":"fr-FR"}]}},"_links":{"self":[{"href":"https:\/\/www.todolivo.com\/fr\/wp-json\/wp\/v2\/pages\/3543","targetHints":{"allow":["GET"]}}],"collection":[{"href":"https:\/\/www.todolivo.com\/fr\/wp-json\/wp\/v2\/pages"}],"about":[{"href":"https:\/\/www.todolivo.com\/fr\/wp-json\/wp\/v2\/types\/page"}],"author":[{"embeddable":true,"href":"https:\/\/www.todolivo.com\/fr\/wp-json\/wp\/v2\/users\/1"}],"replies":[{"embeddable":true,"href":"https:\/\/www.todolivo.com\/fr\/wp-json\/wp\/v2\/comments?post=3543"}],"version-history":[{"count":0,"href":"https:\/\/www.todolivo.com\/fr\/wp-json\/wp\/v2\/pages\/3543\/revisions"}],"up":[{"embeddable":true,"href":"https:\/\/www.todolivo.com\/fr\/wp-json\/wp\/v2\/pages\/3516"}],"wp:featuredmedia":[{"embeddable":true,"href":"https:\/\/www.todolivo.com\/fr\/wp-json\/wp\/v2\/media\/2894"}],"wp:attachment":[{"href":"https:\/\/www.todolivo.com\/fr\/wp-json\/wp\/v2\/media?parent=3543"}],"curies":[{"name":"wp","href":"https:\/\/api.w.org\/{rel}","templated":true}]}}