{"id":3530,"date":"2014-11-01T02:54:30","date_gmt":"2014-11-01T01:54:30","guid":{"rendered":"http:\/\/todolivo.com\/?page_id=3530"},"modified":"2015-03-15T23:48:24","modified_gmt":"2015-03-15T22:48:24","slug":"divers","status":"publish","type":"page","link":"https:\/\/www.todolivo.com\/fr\/service-integral-todolivo\/materiel-agricole\/divers\/","title":{"rendered":"Divers"},"content":{"rendered":"<style type=\"text\/css\" scoped=\"scoped\">#g1-button-1.g1-button {color: #ffffff; background-color: #38500e; border-color: #38500e;}<\/style><a id=\"g1-button-1\" class=\"g1-button g1-button--medium g1-button--solid g1-button--wide \" href=\"#\" ><i class=\"fa fa-leaf\"><\/i>Nous disposons de tous les \u00e9l\u00e9ments n\u00e9cessaires pour votre oliveraie <\/a>\n<ul class=\"g1-grid\"><li class=\"g1-column g1-one-half g1-valign-top\">\n<p><img decoding=\"async\" class=\"alignleft wp-image-2872 size-full\" style=\"margin-right: 15px;\" src=\"http:\/\/todolivo.com\/wp-content\/uploads\/Todolivo_MatAgr_varios2.jpg\" alt=\"Todolivo_MatAgr_varios2\" width=\"125\" height=\"150\" srcset=\"https:\/\/www.todolivo.com\/wp-content\/uploads\/Todolivo_MatAgr_varios2.jpg 125w, https:\/\/www.todolivo.com\/wp-content\/uploads\/Todolivo_MatAgr_varios2-55x66.jpg 55w\" sizes=\"(max-width: 125px) 100vw, 125px\" \/><\/p>\n<h3>PI\u00c9GE\u00a0\u201cMOSQUERO\u201d<\/h3>\n<h4>Description<\/h4>\n<p>Sp\u00e9cialement indiqu\u00e9 pour la capture de dipt\u00e8res (mouches). Les app\u00e2ts peuvent \u00eatre alimentaires ou \u00eatre pr\u00e9par\u00e9s avec ph\u00e9romones, ceux-ci sont beaucoup plus efficaces. On utilise aussi DDVP. Se compose de 2 pi\u00e8ces de plastique, la sup\u00e9rieur est transparente, et la base de couleur jaune, avec une ouverture par laquelle p\u00e9n\u00e8trent les mouches vers l\u2019int\u00e9rieur. La couleur jaune de la base est un attractant visuel qui se compl\u00e8te avec l\u2019app\u00e2t plac\u00e9 \u00e0 l\u2019int\u00e9rieur.<\/p>\n<p><strong>Recommand\u00e9 pour le contr\u00f4le de la \u00ab\u00a0mouche\u00a0\u00bb de l\u2019olivier (Dacus Oleae).<\/strong><\/p>\n<p><strong>Masques , <\/strong><strong>Couverts, R\u00e2teaux\/Andaineurs, <\/strong><strong>Gaules et plus \u2026<\/strong><\/p>\n<\/li><!-- -->\n<li class=\"g1-column g1-one-half g1-valign-top\">\n<h3>PI\u00c9GE\u00a0\u201cPOLILLERA\u201d<img decoding=\"async\" class=\"alignright wp-image-2877 size-full\" style=\"margin-left: 15px;\" src=\"http:\/\/todolivo.com\/wp-content\/uploads\/Todolivo_MatAgr_varios1.jpg\" alt=\"Todolivo_MatAgr_varios1\" width=\"108\" height=\"150\" srcset=\"https:\/\/www.todolivo.com\/wp-content\/uploads\/Todolivo_MatAgr_varios1.jpg 108w, https:\/\/www.todolivo.com\/wp-content\/uploads\/Todolivo_MatAgr_varios1-52x73.jpg 52w\" sizes=\"(max-width: 108px) 100vw, 108px\" \/><\/h3>\n<h4>Description<\/h4>\n<p>Ce pi\u00e8ge est id\u00e9al pour la majorit\u00e9 des fl\u00e9aux de l\u00e9pidopt\u00e8res, sp\u00e9cialement les teignes les plus grandes, surtout quand il y a un grand nombre, \u00e0 cause de sa grande capacit\u00e9 . A l\u2019int\u00e9rieur de la base est plac\u00e9 un DDVP pour que les insectes soient pi\u00e9g\u00e9s. Le diffuseur de ph\u00e9romones est plac\u00e9 dans une petite cage situ\u00e9e au centre du couvercle. Le pi\u00e8ge est pourvu de 2 crochets pour pouvoir la suspendre.<\/p>\n<p><strong>Recommand\u00e9 pour le contr\u00f4le de la \u00ab\u00a0Euzophera pinguis\u00a0\u00bb.<\/strong><\/p>\n<div align=\"center\"><a class=\"boton\" href=\"http:\/\/todolivo.com\/fr\/obtenir-plus-d-informations\/\" target=\"new\"><img decoding=\"async\" class=\"alignleft wp-image-6678\" style=\"margin-top: -12px;\" src=\"http:\/\/todolivo.com\/wp-content\/uploads\/boton-info.png\" alt=\"boton info\" width=\"50\" height=\"48\" srcset=\"https:\/\/www.todolivo.com\/wp-content\/uploads\/boton-info.png 60w, https:\/\/www.todolivo.com\/wp-content\/uploads\/boton-info-55x53.png 55w\" sizes=\"(max-width: 50px) 100vw, 50px\" \/><span style=\"color: #ffffff;\">Obtenir plus d\u2019informations<\/span><\/a><\/div>\n<\/li><!-- --><\/ul>\n","protected":false},"excerpt":{"rendered":"","protected":false},"author":1,"featured_media":2874,"parent":3516,"menu_order":0,"comment_status":"closed","ping_status":"closed","template":"","meta":{"_lmt_disableupdate":"","_lmt_disable":"","footnotes":""},"class_list":["post-3530","page","type-page","status-publish","has-post-thumbnail"],"yoast_head":"<!-- This site is optimized with the Yoast SEO plugin v26.9 - https:\/\/yoast.com\/product\/yoast-seo-wordpress\/ -->\n<title>Divers - Todolivo - Experts et pionniers \u00e0 Oliveraie en Haie<\/title>\n<meta name=\"robots\" content=\"index, follow, max-snippet:-1, max-image-preview:large, max-video-preview:-1\" \/>\n<link rel=\"canonical\" href=\"https:\/\/www.todolivo.com\/fr\/service-integral-todolivo\/materiel-agricole\/divers\/\" \/>\n<meta property=\"og:locale\" content=\"fr_FR\" \/>\n<meta property=\"og:type\" content=\"article\" \/>\n<meta property=\"og:title\" content=\"Divers - Todolivo - Experts et pionniers \u00e0 Oliveraie en Haie\" \/>\n<meta property=\"og:url\" content=\"https:\/\/www.todolivo.com\/fr\/service-integral-todolivo\/materiel-agricole\/divers\/\" \/>\n<meta property=\"og:site_name\" content=\"Todolivo - Experts et pionniers \u00e0 Oliveraie en Haie\" \/>\n<meta property=\"article:modified_time\" content=\"2015-03-15T22:48:24+00:00\" \/>\n<meta property=\"og:image\" content=\"https:\/\/www.todolivo.com\/wp-content\/uploads\/Todolivo_MatAgr_varios2.jpg\" \/>\n\t<meta property=\"og:image:width\" content=\"125\" \/>\n\t<meta property=\"og:image:height\" content=\"150\" \/>\n\t<meta property=\"og:image:type\" content=\"image\/jpeg\" \/>\n<meta name=\"twitter:card\" content=\"summary_large_image\" \/>\n<meta name=\"twitter:label1\" content=\"Dur\u00e9e de lecture estim\u00e9e\" \/>\n\t<meta name=\"twitter:data1\" content=\"1 minute\" \/>\n<script type=\"application\/ld+json\" class=\"yoast-schema-graph\">{\"@context\":\"https:\/\/schema.org\",\"@graph\":[{\"@type\":\"WebPage\",\"@id\":\"https:\/\/www.todolivo.com\/fr\/service-integral-todolivo\/materiel-agricole\/divers\/\",\"url\":\"https:\/\/www.todolivo.com\/fr\/service-integral-todolivo\/materiel-agricole\/divers\/\",\"name\":\"Divers - Todolivo - Experts et pionniers \u00e0 Oliveraie en Haie\",\"isPartOf\":{\"@id\":\"https:\/\/www.todolivo.com\/#website\"},\"primaryImageOfPage\":{\"@id\":\"https:\/\/www.todolivo.com\/fr\/service-integral-todolivo\/materiel-agricole\/divers\/#primaryimage\"},\"image\":{\"@id\":\"https:\/\/www.todolivo.com\/fr\/service-integral-todolivo\/materiel-agricole\/divers\/#primaryimage\"},\"thumbnailUrl\":\"https:\/\/www.todolivo.com\/wp-content\/uploads\/Todolivo_MatAgr_varios2.jpg\",\"datePublished\":\"2014-11-01T01:54:30+00:00\",\"dateModified\":\"2015-03-15T22:48:24+00:00\",\"breadcrumb\":{\"@id\":\"https:\/\/www.todolivo.com\/fr\/service-integral-todolivo\/materiel-agricole\/divers\/#breadcrumb\"},\"inLanguage\":\"fr-FR\",\"potentialAction\":[{\"@type\":\"ReadAction\",\"target\":[\"https:\/\/www.todolivo.com\/fr\/service-integral-todolivo\/materiel-agricole\/divers\/\"]}]},{\"@type\":\"ImageObject\",\"inLanguage\":\"fr-FR\",\"@id\":\"https:\/\/www.todolivo.com\/fr\/service-integral-todolivo\/materiel-agricole\/divers\/#primaryimage\",\"url\":\"https:\/\/www.todolivo.com\/wp-content\/uploads\/Todolivo_MatAgr_varios2.jpg\",\"contentUrl\":\"https:\/\/www.todolivo.com\/wp-content\/uploads\/Todolivo_MatAgr_varios2.jpg\",\"width\":125,\"height\":150},{\"@type\":\"BreadcrumbList\",\"@id\":\"https:\/\/www.todolivo.com\/fr\/service-integral-todolivo\/materiel-agricole\/divers\/#breadcrumb\",\"itemListElement\":[{\"@type\":\"ListItem\",\"position\":1,\"name\":\"Couverture\",\"item\":\"https:\/\/www.todolivo.com\/fr\/\"},{\"@type\":\"ListItem\",\"position\":2,\"name\":\"Service integral Todolivo\",\"item\":\"https:\/\/www.todolivo.com\/fr\/service-integral-todolivo\/\"},{\"@type\":\"ListItem\",\"position\":3,\"name\":\"Materiel Agricole\",\"item\":\"https:\/\/www.todolivo.com\/fr\/service-integral-todolivo\/materiel-agricole\/\"},{\"@type\":\"ListItem\",\"position\":4,\"name\":\"Divers\"}]},{\"@type\":\"WebSite\",\"@id\":\"https:\/\/www.todolivo.com\/#website\",\"url\":\"https:\/\/www.todolivo.com\/\",\"name\":\"Todolivo - Experts et pionniers \u00e0 Oliveraie en Haie\",\"description\":\"Todolivo - Experts et pionniers \u00e0 Oliveraie en Haie\",\"potentialAction\":[{\"@type\":\"SearchAction\",\"target\":{\"@type\":\"EntryPoint\",\"urlTemplate\":\"https:\/\/www.todolivo.com\/?s={search_term_string}\"},\"query-input\":{\"@type\":\"PropertyValueSpecification\",\"valueRequired\":true,\"valueName\":\"search_term_string\"}}],\"inLanguage\":\"fr-FR\"}]}<\/script>\n<!-- \/ Yoast SEO plugin. -->","yoast_head_json":{"title":"Divers - Todolivo - Experts et pionniers \u00e0 Oliveraie en Haie","robots":{"index":"index","follow":"follow","max-snippet":"max-snippet:-1","max-image-preview":"max-image-preview:large","max-video-preview":"max-video-preview:-1"},"canonical":"https:\/\/www.todolivo.com\/fr\/service-integral-todolivo\/materiel-agricole\/divers\/","og_locale":"fr_FR","og_type":"article","og_title":"Divers - Todolivo - Experts et pionniers \u00e0 Oliveraie en Haie","og_url":"https:\/\/www.todolivo.com\/fr\/service-integral-todolivo\/materiel-agricole\/divers\/","og_site_name":"Todolivo - Experts et pionniers \u00e0 Oliveraie en Haie","article_modified_time":"2015-03-15T22:48:24+00:00","og_image":[{"width":125,"height":150,"url":"https:\/\/www.todolivo.com\/wp-content\/uploads\/Todolivo_MatAgr_varios2.jpg","type":"image\/jpeg"}],"twitter_card":"summary_large_image","twitter_misc":{"Dur\u00e9e de lecture estim\u00e9e":"1 minute"},"schema":{"@context":"https:\/\/schema.org","@graph":[{"@type":"WebPage","@id":"https:\/\/www.todolivo.com\/fr\/service-integral-todolivo\/materiel-agricole\/divers\/","url":"https:\/\/www.todolivo.com\/fr\/service-integral-todolivo\/materiel-agricole\/divers\/","name":"Divers - Todolivo - Experts et pionniers \u00e0 Oliveraie en Haie","isPartOf":{"@id":"https:\/\/www.todolivo.com\/#website"},"primaryImageOfPage":{"@id":"https:\/\/www.todolivo.com\/fr\/service-integral-todolivo\/materiel-agricole\/divers\/#primaryimage"},"image":{"@id":"https:\/\/www.todolivo.com\/fr\/service-integral-todolivo\/materiel-agricole\/divers\/#primaryimage"},"thumbnailUrl":"https:\/\/www.todolivo.com\/wp-content\/uploads\/Todolivo_MatAgr_varios2.jpg","datePublished":"2014-11-01T01:54:30+00:00","dateModified":"2015-03-15T22:48:24+00:00","breadcrumb":{"@id":"https:\/\/www.todolivo.com\/fr\/service-integral-todolivo\/materiel-agricole\/divers\/#breadcrumb"},"inLanguage":"fr-FR","potentialAction":[{"@type":"ReadAction","target":["https:\/\/www.todolivo.com\/fr\/service-integral-todolivo\/materiel-agricole\/divers\/"]}]},{"@type":"ImageObject","inLanguage":"fr-FR","@id":"https:\/\/www.todolivo.com\/fr\/service-integral-todolivo\/materiel-agricole\/divers\/#primaryimage","url":"https:\/\/www.todolivo.com\/wp-content\/uploads\/Todolivo_MatAgr_varios2.jpg","contentUrl":"https:\/\/www.todolivo.com\/wp-content\/uploads\/Todolivo_MatAgr_varios2.jpg","width":125,"height":150},{"@type":"BreadcrumbList","@id":"https:\/\/www.todolivo.com\/fr\/service-integral-todolivo\/materiel-agricole\/divers\/#breadcrumb","itemListElement":[{"@type":"ListItem","position":1,"name":"Couverture","item":"https:\/\/www.todolivo.com\/fr\/"},{"@type":"ListItem","position":2,"name":"Service integral Todolivo","item":"https:\/\/www.todolivo.com\/fr\/service-integral-todolivo\/"},{"@type":"ListItem","position":3,"name":"Materiel Agricole","item":"https:\/\/www.todolivo.com\/fr\/service-integral-todolivo\/materiel-agricole\/"},{"@type":"ListItem","position":4,"name":"Divers"}]},{"@type":"WebSite","@id":"https:\/\/www.todolivo.com\/#website","url":"https:\/\/www.todolivo.com\/","name":"Todolivo - Experts et pionniers \u00e0 Oliveraie en Haie","description":"Todolivo - Experts et pionniers \u00e0 Oliveraie en Haie","potentialAction":[{"@type":"SearchAction","target":{"@type":"EntryPoint","urlTemplate":"https:\/\/www.todolivo.com\/?s={search_term_string}"},"query-input":{"@type":"PropertyValueSpecification","valueRequired":true,"valueName":"search_term_string"}}],"inLanguage":"fr-FR"}]}},"_links":{"self":[{"href":"https:\/\/www.todolivo.com\/fr\/wp-json\/wp\/v2\/pages\/3530","targetHints":{"allow":["GET"]}}],"collection":[{"href":"https:\/\/www.todolivo.com\/fr\/wp-json\/wp\/v2\/pages"}],"about":[{"href":"https:\/\/www.todolivo.com\/fr\/wp-json\/wp\/v2\/types\/page"}],"author":[{"embeddable":true,"href":"https:\/\/www.todolivo.com\/fr\/wp-json\/wp\/v2\/users\/1"}],"replies":[{"embeddable":true,"href":"https:\/\/www.todolivo.com\/fr\/wp-json\/wp\/v2\/comments?post=3530"}],"version-history":[{"count":0,"href":"https:\/\/www.todolivo.com\/fr\/wp-json\/wp\/v2\/pages\/3530\/revisions"}],"up":[{"embeddable":true,"href":"https:\/\/www.todolivo.com\/fr\/wp-json\/wp\/v2\/pages\/3516"}],"wp:featuredmedia":[{"embeddable":true,"href":"https:\/\/www.todolivo.com\/fr\/wp-json\/wp\/v2\/media\/2874"}],"wp:attachment":[{"href":"https:\/\/www.todolivo.com\/fr\/wp-json\/wp\/v2\/media?parent=3530"}],"curies":[{"name":"wp","href":"https:\/\/api.w.org\/{rel}","templated":true}]}}