{"id":3527,"date":"2014-11-01T02:48:14","date_gmt":"2014-11-01T01:48:14","guid":{"rendered":"http:\/\/todolivo.com\/?page_id=3527"},"modified":"2015-03-15T23:33:31","modified_gmt":"2015-03-15T22:33:31","slug":"agrafeuses","status":"publish","type":"page","link":"https:\/\/www.todolivo.com\/fr\/service-integral-todolivo\/materiel-agricole\/agrafeuses\/","title":{"rendered":"Agrafeuses"},"content":{"rendered":"<p><style type=\"text\/css\" scoped=\"scoped\">#g1-button-1.g1-button {color: #ffffff; background-color: #38500e; border-color: #38500e;}<\/style><a id=\"g1-button-1\" class=\"g1-button g1-button--medium g1-button--solid g1-button--wide \" href=\"#\" ><i class=\"fa fa-leaf\"><\/i>Nous disposons de tous les \u00e9l\u00e9ments n\u00e9cessaires pour votre oliveraie<\/a> <img fetchpriority=\"high\" decoding=\"async\" class=\"alignleft wp-image-2862 size-full\" style=\"margin-right: 25px;\" src=\"http:\/\/todolivo.com\/wp-content\/uploads\/Todolivo_atadoras2.jpg\" alt=\"Todolivo_atadoras2\" width=\"409\" height=\"300\" srcset=\"https:\/\/www.todolivo.com\/wp-content\/uploads\/Todolivo_atadoras2.jpg 409w, https:\/\/www.todolivo.com\/wp-content\/uploads\/Todolivo_atadoras2-300x220.jpg 300w, https:\/\/www.todolivo.com\/wp-content\/uploads\/Todolivo_atadoras2-55x40.jpg 55w, https:\/\/www.todolivo.com\/wp-content\/uploads\/Todolivo_atadoras2-320x234.jpg 320w, https:\/\/www.todolivo.com\/wp-content\/uploads\/Todolivo_atadoras2-239x175.jpg 239w\" sizes=\"(max-width: 409px) 100vw, 409px\" \/><\/p>\n<h3><strong>PINCE AGRAFEUSE DE RUBAN\u00a0<img decoding=\"async\" class=\"alignright wp-image-2857\" style=\"margin-left: 20px;\" src=\"http:\/\/todolivo.com\/wp-content\/uploads\/Todolivo_atadoras1.jpg\" alt=\"Todolivo_atadoras1\" width=\"183\" height=\"300\" srcset=\"https:\/\/www.todolivo.com\/wp-content\/uploads\/Todolivo_atadoras1.jpg 183w, https:\/\/www.todolivo.com\/wp-content\/uploads\/Todolivo_atadoras1-44x73.jpg 44w\" sizes=\"(max-width: 183px) 100vw, 183px\" \/><\/strong><br \/>\nMAX TAPENER HTB<\/h3>\n<h4>Description<\/h4>\n<p><em>Pince \u00e0 tuteurer.<br \/>\nId\u00e9ale pour plantations en haie.<br \/>\nBoite d\u2019agrafes 604 E-: 4.800 Unit\u00e9s.<br \/>\n<\/em><\/p>\n<p><em>Boite de rubans\u00a0: 10 Unit\u00e9s.<\/em><\/p>\n<p><img decoding=\"async\" class=\"alignnone wp-image-2852 size-full\" src=\"http:\/\/todolivo.com\/wp-content\/uploads\/Todolivo_atadoras3.jpg\" alt=\"Todolivo_atadoras3\" width=\"150\" height=\"98\" srcset=\"https:\/\/www.todolivo.com\/wp-content\/uploads\/Todolivo_atadoras3.jpg 150w, https:\/\/www.todolivo.com\/wp-content\/uploads\/Todolivo_atadoras3-55x35.jpg 55w\" sizes=\"(max-width: 150px) 100vw, 150px\" \/><\/p>\n<div align=\"center\"><a class=\"boton\" href=\"http:\/\/todolivo.com\/fr\/obtenir-plus-d-informations\/\" target=\"new\"><img loading=\"lazy\" decoding=\"async\" class=\"alignleft wp-image-6678\" style=\"margin-top: -12px;\" src=\"http:\/\/todolivo.com\/wp-content\/uploads\/boton-info.png\" alt=\"boton info\" width=\"50\" height=\"48\" srcset=\"https:\/\/www.todolivo.com\/wp-content\/uploads\/boton-info.png 60w, https:\/\/www.todolivo.com\/wp-content\/uploads\/boton-info-55x53.png 55w\" sizes=\"(max-width: 50px) 100vw, 50px\" \/><span style=\"color: #ffffff;\">Obtenir plus d\u2019informations<\/span><\/a><\/div>\n","protected":false},"excerpt":{"rendered":"<p>PINCE AGRAFEUSE DE RUBAN\u00a0 MAX TAPENER HTB Description Pince \u00e0 tuteurer. Id\u00e9ale pour plantations en haie. Boite d\u2019agrafes 604 E-: 4.800 Unit\u00e9s. Boite de rubans\u00a0: 10 Unit\u00e9s. Obtenir plus d\u2019informations<\/p>\n","protected":false},"author":1,"featured_media":2864,"parent":3516,"menu_order":0,"comment_status":"closed","ping_status":"closed","template":"","meta":{"_lmt_disableupdate":"","_lmt_disable":"","footnotes":""},"class_list":["post-3527","page","type-page","status-publish","has-post-thumbnail"],"yoast_head":"<!-- This site is optimized with the Yoast SEO plugin v26.9 - https:\/\/yoast.com\/product\/yoast-seo-wordpress\/ -->\n<title>Agrafeuses - Todolivo - Experts et pionniers \u00e0 Oliveraie en Haie<\/title>\n<meta name=\"robots\" content=\"index, follow, max-snippet:-1, max-image-preview:large, max-video-preview:-1\" \/>\n<link rel=\"canonical\" href=\"https:\/\/www.todolivo.com\/fr\/service-integral-todolivo\/materiel-agricole\/agrafeuses\/\" \/>\n<meta property=\"og:locale\" content=\"fr_FR\" \/>\n<meta property=\"og:type\" content=\"article\" \/>\n<meta property=\"og:title\" content=\"Agrafeuses - Todolivo - Experts et pionniers \u00e0 Oliveraie en Haie\" \/>\n<meta property=\"og:description\" content=\"PINCE AGRAFEUSE DE RUBAN\u00a0 MAX TAPENER HTB Description Pince \u00e0 tuteurer. Id\u00e9ale pour plantations en haie. Boite d\u2019agrafes 604 E-: 4.800 Unit\u00e9s. Boite de rubans\u00a0: 10 Unit\u00e9s. Obtenir plus d\u2019informations\" \/>\n<meta property=\"og:url\" content=\"https:\/\/www.todolivo.com\/fr\/service-integral-todolivo\/materiel-agricole\/agrafeuses\/\" \/>\n<meta property=\"og:site_name\" content=\"Todolivo - Experts et pionniers \u00e0 Oliveraie en Haie\" \/>\n<meta property=\"article:modified_time\" content=\"2015-03-15T22:33:31+00:00\" \/>\n<meta property=\"og:image\" content=\"https:\/\/www.todolivo.com\/wp-content\/uploads\/Todolivo_atadoras2.jpg\" \/>\n\t<meta property=\"og:image:width\" content=\"409\" \/>\n\t<meta property=\"og:image:height\" content=\"300\" \/>\n\t<meta property=\"og:image:type\" content=\"image\/jpeg\" \/>\n<meta name=\"twitter:card\" content=\"summary_large_image\" \/>\n<script type=\"application\/ld+json\" class=\"yoast-schema-graph\">{\"@context\":\"https:\/\/schema.org\",\"@graph\":[{\"@type\":\"WebPage\",\"@id\":\"https:\/\/www.todolivo.com\/fr\/service-integral-todolivo\/materiel-agricole\/agrafeuses\/\",\"url\":\"https:\/\/www.todolivo.com\/fr\/service-integral-todolivo\/materiel-agricole\/agrafeuses\/\",\"name\":\"Agrafeuses - Todolivo - Experts et pionniers \u00e0 Oliveraie en Haie\",\"isPartOf\":{\"@id\":\"https:\/\/www.todolivo.com\/#website\"},\"primaryImageOfPage\":{\"@id\":\"https:\/\/www.todolivo.com\/fr\/service-integral-todolivo\/materiel-agricole\/agrafeuses\/#primaryimage\"},\"image\":{\"@id\":\"https:\/\/www.todolivo.com\/fr\/service-integral-todolivo\/materiel-agricole\/agrafeuses\/#primaryimage\"},\"thumbnailUrl\":\"https:\/\/www.todolivo.com\/wp-content\/uploads\/Todolivo_atadoras2.jpg\",\"datePublished\":\"2014-11-01T01:48:14+00:00\",\"dateModified\":\"2015-03-15T22:33:31+00:00\",\"breadcrumb\":{\"@id\":\"https:\/\/www.todolivo.com\/fr\/service-integral-todolivo\/materiel-agricole\/agrafeuses\/#breadcrumb\"},\"inLanguage\":\"fr-FR\",\"potentialAction\":[{\"@type\":\"ReadAction\",\"target\":[\"https:\/\/www.todolivo.com\/fr\/service-integral-todolivo\/materiel-agricole\/agrafeuses\/\"]}]},{\"@type\":\"ImageObject\",\"inLanguage\":\"fr-FR\",\"@id\":\"https:\/\/www.todolivo.com\/fr\/service-integral-todolivo\/materiel-agricole\/agrafeuses\/#primaryimage\",\"url\":\"https:\/\/www.todolivo.com\/wp-content\/uploads\/Todolivo_atadoras2.jpg\",\"contentUrl\":\"https:\/\/www.todolivo.com\/wp-content\/uploads\/Todolivo_atadoras2.jpg\",\"width\":409,\"height\":300},{\"@type\":\"BreadcrumbList\",\"@id\":\"https:\/\/www.todolivo.com\/fr\/service-integral-todolivo\/materiel-agricole\/agrafeuses\/#breadcrumb\",\"itemListElement\":[{\"@type\":\"ListItem\",\"position\":1,\"name\":\"Couverture\",\"item\":\"https:\/\/www.todolivo.com\/fr\/\"},{\"@type\":\"ListItem\",\"position\":2,\"name\":\"Service integral Todolivo\",\"item\":\"https:\/\/www.todolivo.com\/fr\/service-integral-todolivo\/\"},{\"@type\":\"ListItem\",\"position\":3,\"name\":\"Materiel Agricole\",\"item\":\"https:\/\/www.todolivo.com\/fr\/service-integral-todolivo\/materiel-agricole\/\"},{\"@type\":\"ListItem\",\"position\":4,\"name\":\"Agrafeuses\"}]},{\"@type\":\"WebSite\",\"@id\":\"https:\/\/www.todolivo.com\/#website\",\"url\":\"https:\/\/www.todolivo.com\/\",\"name\":\"Todolivo - Experts et pionniers \u00e0 Oliveraie en Haie\",\"description\":\"Todolivo - Experts et pionniers \u00e0 Oliveraie en Haie\",\"potentialAction\":[{\"@type\":\"SearchAction\",\"target\":{\"@type\":\"EntryPoint\",\"urlTemplate\":\"https:\/\/www.todolivo.com\/?s={search_term_string}\"},\"query-input\":{\"@type\":\"PropertyValueSpecification\",\"valueRequired\":true,\"valueName\":\"search_term_string\"}}],\"inLanguage\":\"fr-FR\"}]}<\/script>\n<!-- \/ Yoast SEO plugin. -->","yoast_head_json":{"title":"Agrafeuses - Todolivo - Experts et pionniers \u00e0 Oliveraie en Haie","robots":{"index":"index","follow":"follow","max-snippet":"max-snippet:-1","max-image-preview":"max-image-preview:large","max-video-preview":"max-video-preview:-1"},"canonical":"https:\/\/www.todolivo.com\/fr\/service-integral-todolivo\/materiel-agricole\/agrafeuses\/","og_locale":"fr_FR","og_type":"article","og_title":"Agrafeuses - Todolivo - Experts et pionniers \u00e0 Oliveraie en Haie","og_description":"PINCE AGRAFEUSE DE RUBAN\u00a0 MAX TAPENER HTB Description Pince \u00e0 tuteurer. Id\u00e9ale pour plantations en haie. Boite d\u2019agrafes 604 E-: 4.800 Unit\u00e9s. Boite de rubans\u00a0: 10 Unit\u00e9s. Obtenir plus d\u2019informations","og_url":"https:\/\/www.todolivo.com\/fr\/service-integral-todolivo\/materiel-agricole\/agrafeuses\/","og_site_name":"Todolivo - Experts et pionniers \u00e0 Oliveraie en Haie","article_modified_time":"2015-03-15T22:33:31+00:00","og_image":[{"width":409,"height":300,"url":"https:\/\/www.todolivo.com\/wp-content\/uploads\/Todolivo_atadoras2.jpg","type":"image\/jpeg"}],"twitter_card":"summary_large_image","schema":{"@context":"https:\/\/schema.org","@graph":[{"@type":"WebPage","@id":"https:\/\/www.todolivo.com\/fr\/service-integral-todolivo\/materiel-agricole\/agrafeuses\/","url":"https:\/\/www.todolivo.com\/fr\/service-integral-todolivo\/materiel-agricole\/agrafeuses\/","name":"Agrafeuses - Todolivo - Experts et pionniers \u00e0 Oliveraie en Haie","isPartOf":{"@id":"https:\/\/www.todolivo.com\/#website"},"primaryImageOfPage":{"@id":"https:\/\/www.todolivo.com\/fr\/service-integral-todolivo\/materiel-agricole\/agrafeuses\/#primaryimage"},"image":{"@id":"https:\/\/www.todolivo.com\/fr\/service-integral-todolivo\/materiel-agricole\/agrafeuses\/#primaryimage"},"thumbnailUrl":"https:\/\/www.todolivo.com\/wp-content\/uploads\/Todolivo_atadoras2.jpg","datePublished":"2014-11-01T01:48:14+00:00","dateModified":"2015-03-15T22:33:31+00:00","breadcrumb":{"@id":"https:\/\/www.todolivo.com\/fr\/service-integral-todolivo\/materiel-agricole\/agrafeuses\/#breadcrumb"},"inLanguage":"fr-FR","potentialAction":[{"@type":"ReadAction","target":["https:\/\/www.todolivo.com\/fr\/service-integral-todolivo\/materiel-agricole\/agrafeuses\/"]}]},{"@type":"ImageObject","inLanguage":"fr-FR","@id":"https:\/\/www.todolivo.com\/fr\/service-integral-todolivo\/materiel-agricole\/agrafeuses\/#primaryimage","url":"https:\/\/www.todolivo.com\/wp-content\/uploads\/Todolivo_atadoras2.jpg","contentUrl":"https:\/\/www.todolivo.com\/wp-content\/uploads\/Todolivo_atadoras2.jpg","width":409,"height":300},{"@type":"BreadcrumbList","@id":"https:\/\/www.todolivo.com\/fr\/service-integral-todolivo\/materiel-agricole\/agrafeuses\/#breadcrumb","itemListElement":[{"@type":"ListItem","position":1,"name":"Couverture","item":"https:\/\/www.todolivo.com\/fr\/"},{"@type":"ListItem","position":2,"name":"Service integral Todolivo","item":"https:\/\/www.todolivo.com\/fr\/service-integral-todolivo\/"},{"@type":"ListItem","position":3,"name":"Materiel Agricole","item":"https:\/\/www.todolivo.com\/fr\/service-integral-todolivo\/materiel-agricole\/"},{"@type":"ListItem","position":4,"name":"Agrafeuses"}]},{"@type":"WebSite","@id":"https:\/\/www.todolivo.com\/#website","url":"https:\/\/www.todolivo.com\/","name":"Todolivo - Experts et pionniers \u00e0 Oliveraie en Haie","description":"Todolivo - Experts et pionniers \u00e0 Oliveraie en Haie","potentialAction":[{"@type":"SearchAction","target":{"@type":"EntryPoint","urlTemplate":"https:\/\/www.todolivo.com\/?s={search_term_string}"},"query-input":{"@type":"PropertyValueSpecification","valueRequired":true,"valueName":"search_term_string"}}],"inLanguage":"fr-FR"}]}},"_links":{"self":[{"href":"https:\/\/www.todolivo.com\/fr\/wp-json\/wp\/v2\/pages\/3527","targetHints":{"allow":["GET"]}}],"collection":[{"href":"https:\/\/www.todolivo.com\/fr\/wp-json\/wp\/v2\/pages"}],"about":[{"href":"https:\/\/www.todolivo.com\/fr\/wp-json\/wp\/v2\/types\/page"}],"author":[{"embeddable":true,"href":"https:\/\/www.todolivo.com\/fr\/wp-json\/wp\/v2\/users\/1"}],"replies":[{"embeddable":true,"href":"https:\/\/www.todolivo.com\/fr\/wp-json\/wp\/v2\/comments?post=3527"}],"version-history":[{"count":0,"href":"https:\/\/www.todolivo.com\/fr\/wp-json\/wp\/v2\/pages\/3527\/revisions"}],"up":[{"embeddable":true,"href":"https:\/\/www.todolivo.com\/fr\/wp-json\/wp\/v2\/pages\/3516"}],"wp:featuredmedia":[{"embeddable":true,"href":"https:\/\/www.todolivo.com\/fr\/wp-json\/wp\/v2\/media\/2864"}],"wp:attachment":[{"href":"https:\/\/www.todolivo.com\/fr\/wp-json\/wp\/v2\/media?parent=3527"}],"curies":[{"name":"wp","href":"https:\/\/api.w.org\/{rel}","templated":true}]}}