{"id":3507,"date":"2014-11-01T02:23:22","date_gmt":"2014-11-01T01:23:22","guid":{"rendered":"http:\/\/todolivo.com\/?page_id=3507"},"modified":"2015-03-22T18:02:21","modified_gmt":"2015-03-22T17:02:21","slug":"oliveraie-ecologique-en-haie","status":"publish","type":"page","link":"https:\/\/www.todolivo.com\/fr\/oliveraie-en-haie\/oliveraie-ecologique-en-haie\/","title":{"rendered":"Oliveraie ecologique en haie"},"content":{"rendered":"<ul class=\"g1-grid\"><li class=\"g1-column g1-one-half g1-valign-top\">\n<h2>OLIVERAIE ECOLOGIQUE EN HAIE<\/h2>\n<p><strong>L\u2019oliveraie \u00e9cologique doit \u00eatre soumise \u00e0 un control <\/strong>pour que l\u2019huile obtenue ult\u00e9rieurement puisse \u00eatre vendu avec la d\u00e9nomination \u00ab\u00a0\u00e9cologique\u00a0\u00bb. Pour cela, l\u2019ol\u00e9iculteur \u00e9cologique doit notifier l\u2019activit\u00e9 \u00e0 n\u2019importe la quelle des soci\u00e9t\u00e9s priv\u00e9es autoris\u00e9es dans sa commune et soumettre l\u2019entreprise au r\u00e9gime de contr\u00f4le. Ces soci\u00e9t\u00e9s vont v\u00e9rifier et garantir, par des visites \u00e0 l\u2019exploitation ol\u00e9icole et par de diverses analyses, que les ol\u00e9iculteurs ont respect\u00e9 la r\u00e9glementation r\u00e9gissant la production.<\/p>\n<p>A ce jour, <strong>la mani\u00e8re la plus simple et rapide de disposer d\u2019une oliveraie en haie <\/strong>est, l\u2019\u00e9lever durant les 3 premi\u00e8res ann\u00e9es comme \u00ab\u00a0<em>non \u00e9cologique<\/em>\u00a0\u00bb. Une fois form\u00e9e la haie, demander la transformation en <em>\u00e9cologique<\/em>, celle-ci dure 3 ans, pendant ce temps l\u2019huile obtenue peut \u00eatre vendue comme \u00ab\u00a0huile en conversion \u00e0 \u00e9cologique\u00a0\u00bb. Une fois termin\u00e9e cette p\u00e9riode de transition, l\u2019huile peut \u00eatre vendue comme \u00ab\u00a0biologique\u00a0\u00bb ou \u00ab\u00a0\u00e9cologique\u00a0\u00bb.<\/p>\n<p>Chez Todolivo, nous disposons d\u2019une <strong>\u00e9quipe technique sp\u00e9cialis\u00e9e en agriculture \u00e9cologique pour vous assister dans:<\/strong>\u00a0\u00a0 <strong>\u00a0<\/strong><\/p>\n<ul>\n<li>Manipulation du sol. Plan de fertilisation<\/li>\n<li>Maladies et fl\u00e9aux<\/li>\n<li>Manipulation de couvertures v\u00e9g\u00e9tales<\/li>\n<li>Taille, etc.<\/li>\n<\/ul>\n<p>&nbsp;<\/p>\n<div align=\"center\"><a class=\"boton\" href=\"http:\/\/todolivo.com\/fr\/obtenir-plus-d-informations\/\" target=\"new\"><img decoding=\"async\" class=\"alignleft wp-image-6678\" style=\"margin-top: -12px;\" src=\"http:\/\/todolivo.com\/wp-content\/uploads\/boton-info.png\" alt=\"boton info\" width=\"50\" height=\"48\" srcset=\"https:\/\/www.todolivo.com\/wp-content\/uploads\/boton-info.png 60w, https:\/\/www.todolivo.com\/wp-content\/uploads\/boton-info-55x53.png 55w\" sizes=\"(max-width: 50px) 100vw, 50px\" \/><span style=\"color: #ffffff;\">Obtenir plus d\u2019informations<\/span><\/a><\/div>\n<\/li><!-- -->\n<li class=\"g1-column g1-one-half g1-valign-top\">\n<div id=\"attachment_2809\" style=\"width: 410px\" class=\"wp-caption alignnone\"><img fetchpriority=\"high\" decoding=\"async\" aria-describedby=\"caption-attachment-2809\" class=\"estilo-imagen aligncenter wp-image-7128\" style=\"margin-bottom: 20px;\" src=\"http:\/\/todolivo.com\/wp-content\/uploads\/Todolivo_olivar-ecologico.jpg\" alt=\"Todolivo_olivar-ecologico\" width=\"450\" height=\"300\" srcset=\"https:\/\/www.todolivo.com\/wp-content\/uploads\/Todolivo_olivar-ecologico.jpg 500w, https:\/\/www.todolivo.com\/wp-content\/uploads\/Todolivo_olivar-ecologico-300x200.jpg 300w, https:\/\/www.todolivo.com\/wp-content\/uploads\/Todolivo_olivar-ecologico-55x37.jpg 55w, https:\/\/www.todolivo.com\/wp-content\/uploads\/Todolivo_olivar-ecologico-320x213.jpg 320w, https:\/\/www.todolivo.com\/wp-content\/uploads\/Todolivo_olivar-ecologico-239x159.jpg 239w\" sizes=\"(max-width: 450px) 100vw, 450px\" \/><p id=\"caption-attachment-2809\" class=\"wp-caption-text\">Ferme d\u2019Oliveraie en Haie \u00c9cologique enclav\u00e9e dans la r\u00e9gion Alicantine du moyen Vinalopo, \u00e0 Monovar, appartenant \u00e0 l\u2019entreprise \u201cAlquer\u00eda Xinosa\u201d. Cette ferme est assist\u00e9e techniquement par Todolivo et a obtenu le prix \u00e0 la meilleure huile Vierge Extra \u00e9cologique d\u2019Espagne.<\/p><\/div>\n<h3>PRODUITS ECOL\u00d3GIQUES<\/h3>\n<p>Actuellement nous disposons d\u2019une gamme compl\u00e8te de produits autoris\u00e9s pour l\u2019agriculture \u00e9cologique:<\/p>\n<ul>\n<li>Nutriments<\/li>\n<li>Insecticides biologiques<\/li>\n<li>Ph\u00e9romones et autres attractifs d\u2019insectes<\/li>\n<li>Fongicides, etc.<\/li>\n<\/ul>\n<p>qui respectent la l\u00e9gislation europ\u00e9enne en vigueur.<\/p>\n<\/li><!-- --><\/ul>\n","protected":false},"excerpt":{"rendered":"","protected":false},"author":1,"featured_media":0,"parent":3125,"menu_order":0,"comment_status":"closed","ping_status":"closed","template":"","meta":{"_lmt_disableupdate":"","_lmt_disable":"","footnotes":""},"class_list":["post-3507","page","type-page","status-publish"],"yoast_head":"<!-- This site is optimized with the Yoast SEO plugin v26.9 - https:\/\/yoast.com\/product\/yoast-seo-wordpress\/ -->\n<title>Oliveraie ecologique en haie - Todolivo - Experts et pionniers \u00e0 Oliveraie en Haie<\/title>\n<meta name=\"robots\" content=\"index, follow, max-snippet:-1, max-image-preview:large, max-video-preview:-1\" \/>\n<link rel=\"canonical\" href=\"https:\/\/www.todolivo.com\/fr\/oliveraie-en-haie\/oliveraie-ecologique-en-haie\/\" \/>\n<meta property=\"og:locale\" content=\"fr_FR\" \/>\n<meta property=\"og:type\" content=\"article\" \/>\n<meta property=\"og:title\" content=\"Oliveraie ecologique en haie - Todolivo - Experts et pionniers \u00e0 Oliveraie en Haie\" \/>\n<meta property=\"og:url\" content=\"https:\/\/www.todolivo.com\/fr\/oliveraie-en-haie\/oliveraie-ecologique-en-haie\/\" \/>\n<meta property=\"og:site_name\" content=\"Todolivo - Experts et pionniers \u00e0 Oliveraie en Haie\" \/>\n<meta property=\"article:modified_time\" content=\"2015-03-22T17:02:21+00:00\" \/>\n<meta property=\"og:image\" content=\"http:\/\/todolivo.com\/wp-content\/uploads\/boton-info.png\" \/>\n<meta name=\"twitter:card\" content=\"summary_large_image\" \/>\n<meta name=\"twitter:label1\" content=\"Dur\u00e9e de lecture estim\u00e9e\" \/>\n\t<meta name=\"twitter:data1\" content=\"2 minutes\" \/>\n<script type=\"application\/ld+json\" class=\"yoast-schema-graph\">{\"@context\":\"https:\/\/schema.org\",\"@graph\":[{\"@type\":\"WebPage\",\"@id\":\"https:\/\/www.todolivo.com\/fr\/oliveraie-en-haie\/oliveraie-ecologique-en-haie\/\",\"url\":\"https:\/\/www.todolivo.com\/fr\/oliveraie-en-haie\/oliveraie-ecologique-en-haie\/\",\"name\":\"Oliveraie ecologique en haie - Todolivo - Experts et pionniers \u00e0 Oliveraie en Haie\",\"isPartOf\":{\"@id\":\"https:\/\/www.todolivo.com\/#website\"},\"primaryImageOfPage\":{\"@id\":\"https:\/\/www.todolivo.com\/fr\/oliveraie-en-haie\/oliveraie-ecologique-en-haie\/#primaryimage\"},\"image\":{\"@id\":\"https:\/\/www.todolivo.com\/fr\/oliveraie-en-haie\/oliveraie-ecologique-en-haie\/#primaryimage\"},\"thumbnailUrl\":\"http:\/\/todolivo.com\/wp-content\/uploads\/boton-info.png\",\"datePublished\":\"2014-11-01T01:23:22+00:00\",\"dateModified\":\"2015-03-22T17:02:21+00:00\",\"breadcrumb\":{\"@id\":\"https:\/\/www.todolivo.com\/fr\/oliveraie-en-haie\/oliveraie-ecologique-en-haie\/#breadcrumb\"},\"inLanguage\":\"fr-FR\",\"potentialAction\":[{\"@type\":\"ReadAction\",\"target\":[\"https:\/\/www.todolivo.com\/fr\/oliveraie-en-haie\/oliveraie-ecologique-en-haie\/\"]}]},{\"@type\":\"ImageObject\",\"inLanguage\":\"fr-FR\",\"@id\":\"https:\/\/www.todolivo.com\/fr\/oliveraie-en-haie\/oliveraie-ecologique-en-haie\/#primaryimage\",\"url\":\"http:\/\/todolivo.com\/wp-content\/uploads\/boton-info.png\",\"contentUrl\":\"http:\/\/todolivo.com\/wp-content\/uploads\/boton-info.png\"},{\"@type\":\"BreadcrumbList\",\"@id\":\"https:\/\/www.todolivo.com\/fr\/oliveraie-en-haie\/oliveraie-ecologique-en-haie\/#breadcrumb\",\"itemListElement\":[{\"@type\":\"ListItem\",\"position\":1,\"name\":\"Couverture\",\"item\":\"https:\/\/www.todolivo.com\/fr\/\"},{\"@type\":\"ListItem\",\"position\":2,\"name\":\"Oliveraie en Haie\",\"item\":\"https:\/\/www.todolivo.com\/fr\/oliveraie-en-haie\/\"},{\"@type\":\"ListItem\",\"position\":3,\"name\":\"Oliveraie ecologique en haie\"}]},{\"@type\":\"WebSite\",\"@id\":\"https:\/\/www.todolivo.com\/#website\",\"url\":\"https:\/\/www.todolivo.com\/\",\"name\":\"Todolivo - Experts et pionniers \u00e0 Oliveraie en Haie\",\"description\":\"Todolivo - Experts et pionniers \u00e0 Oliveraie en Haie\",\"potentialAction\":[{\"@type\":\"SearchAction\",\"target\":{\"@type\":\"EntryPoint\",\"urlTemplate\":\"https:\/\/www.todolivo.com\/?s={search_term_string}\"},\"query-input\":{\"@type\":\"PropertyValueSpecification\",\"valueRequired\":true,\"valueName\":\"search_term_string\"}}],\"inLanguage\":\"fr-FR\"}]}<\/script>\n<!-- \/ Yoast SEO plugin. -->","yoast_head_json":{"title":"Oliveraie ecologique en haie - Todolivo - Experts et pionniers \u00e0 Oliveraie en Haie","robots":{"index":"index","follow":"follow","max-snippet":"max-snippet:-1","max-image-preview":"max-image-preview:large","max-video-preview":"max-video-preview:-1"},"canonical":"https:\/\/www.todolivo.com\/fr\/oliveraie-en-haie\/oliveraie-ecologique-en-haie\/","og_locale":"fr_FR","og_type":"article","og_title":"Oliveraie ecologique en haie - Todolivo - Experts et pionniers \u00e0 Oliveraie en Haie","og_url":"https:\/\/www.todolivo.com\/fr\/oliveraie-en-haie\/oliveraie-ecologique-en-haie\/","og_site_name":"Todolivo - Experts et pionniers \u00e0 Oliveraie en Haie","article_modified_time":"2015-03-22T17:02:21+00:00","og_image":[{"url":"http:\/\/todolivo.com\/wp-content\/uploads\/boton-info.png","type":"","width":"","height":""}],"twitter_card":"summary_large_image","twitter_misc":{"Dur\u00e9e de lecture estim\u00e9e":"2 minutes"},"schema":{"@context":"https:\/\/schema.org","@graph":[{"@type":"WebPage","@id":"https:\/\/www.todolivo.com\/fr\/oliveraie-en-haie\/oliveraie-ecologique-en-haie\/","url":"https:\/\/www.todolivo.com\/fr\/oliveraie-en-haie\/oliveraie-ecologique-en-haie\/","name":"Oliveraie ecologique en haie - Todolivo - Experts et pionniers \u00e0 Oliveraie en Haie","isPartOf":{"@id":"https:\/\/www.todolivo.com\/#website"},"primaryImageOfPage":{"@id":"https:\/\/www.todolivo.com\/fr\/oliveraie-en-haie\/oliveraie-ecologique-en-haie\/#primaryimage"},"image":{"@id":"https:\/\/www.todolivo.com\/fr\/oliveraie-en-haie\/oliveraie-ecologique-en-haie\/#primaryimage"},"thumbnailUrl":"http:\/\/todolivo.com\/wp-content\/uploads\/boton-info.png","datePublished":"2014-11-01T01:23:22+00:00","dateModified":"2015-03-22T17:02:21+00:00","breadcrumb":{"@id":"https:\/\/www.todolivo.com\/fr\/oliveraie-en-haie\/oliveraie-ecologique-en-haie\/#breadcrumb"},"inLanguage":"fr-FR","potentialAction":[{"@type":"ReadAction","target":["https:\/\/www.todolivo.com\/fr\/oliveraie-en-haie\/oliveraie-ecologique-en-haie\/"]}]},{"@type":"ImageObject","inLanguage":"fr-FR","@id":"https:\/\/www.todolivo.com\/fr\/oliveraie-en-haie\/oliveraie-ecologique-en-haie\/#primaryimage","url":"http:\/\/todolivo.com\/wp-content\/uploads\/boton-info.png","contentUrl":"http:\/\/todolivo.com\/wp-content\/uploads\/boton-info.png"},{"@type":"BreadcrumbList","@id":"https:\/\/www.todolivo.com\/fr\/oliveraie-en-haie\/oliveraie-ecologique-en-haie\/#breadcrumb","itemListElement":[{"@type":"ListItem","position":1,"name":"Couverture","item":"https:\/\/www.todolivo.com\/fr\/"},{"@type":"ListItem","position":2,"name":"Oliveraie en Haie","item":"https:\/\/www.todolivo.com\/fr\/oliveraie-en-haie\/"},{"@type":"ListItem","position":3,"name":"Oliveraie ecologique en haie"}]},{"@type":"WebSite","@id":"https:\/\/www.todolivo.com\/#website","url":"https:\/\/www.todolivo.com\/","name":"Todolivo - Experts et pionniers \u00e0 Oliveraie en Haie","description":"Todolivo - Experts et pionniers \u00e0 Oliveraie en Haie","potentialAction":[{"@type":"SearchAction","target":{"@type":"EntryPoint","urlTemplate":"https:\/\/www.todolivo.com\/?s={search_term_string}"},"query-input":{"@type":"PropertyValueSpecification","valueRequired":true,"valueName":"search_term_string"}}],"inLanguage":"fr-FR"}]}},"_links":{"self":[{"href":"https:\/\/www.todolivo.com\/fr\/wp-json\/wp\/v2\/pages\/3507","targetHints":{"allow":["GET"]}}],"collection":[{"href":"https:\/\/www.todolivo.com\/fr\/wp-json\/wp\/v2\/pages"}],"about":[{"href":"https:\/\/www.todolivo.com\/fr\/wp-json\/wp\/v2\/types\/page"}],"author":[{"embeddable":true,"href":"https:\/\/www.todolivo.com\/fr\/wp-json\/wp\/v2\/users\/1"}],"replies":[{"embeddable":true,"href":"https:\/\/www.todolivo.com\/fr\/wp-json\/wp\/v2\/comments?post=3507"}],"version-history":[{"count":0,"href":"https:\/\/www.todolivo.com\/fr\/wp-json\/wp\/v2\/pages\/3507\/revisions"}],"up":[{"embeddable":true,"href":"https:\/\/www.todolivo.com\/fr\/wp-json\/wp\/v2\/pages\/3125"}],"wp:attachment":[{"href":"https:\/\/www.todolivo.com\/fr\/wp-json\/wp\/v2\/media?parent=3507"}],"curies":[{"name":"wp","href":"https:\/\/api.w.org\/{rel}","templated":true}]}}