{"id":3497,"date":"2014-11-01T02:10:50","date_gmt":"2014-11-01T01:10:50","guid":{"rendered":"http:\/\/todolivo.com\/?page_id=3497"},"modified":"2020-02-14T19:30:30","modified_gmt":"2020-02-14T18:30:30","slug":"engrais-et-phyitosanitaires","status":"publish","type":"page","link":"https:\/\/www.todolivo.com\/fr\/service-integral-todolivo\/engrais-et-phyitosanitaires\/","title":{"rendered":"Engrais et Phyitosanitaires"},"content":{"rendered":"<h2 style=\"text-align: center;\">Nous veillons sur la sant\u00e9 et productivit\u00e9 de votre oliveraie de fa\u00e7on durable, rentable et respectueuse de l\u2019environnement<\/h2>\n<p><img fetchpriority=\"high\" decoding=\"async\" class=\"aligncenter wp-image-20548 size-full\" src=\"https:\/\/www.todolivo.com\/wp-content\/uploads\/Todolivo_Abonosyfito2-1.jpg\" alt=\"\" width=\"775\" height=\"81\" srcset=\"https:\/\/www.todolivo.com\/wp-content\/uploads\/Todolivo_Abonosyfito2-1.jpg 775w, https:\/\/www.todolivo.com\/wp-content\/uploads\/Todolivo_Abonosyfito2-1-300x31.jpg 300w, https:\/\/www.todolivo.com\/wp-content\/uploads\/Todolivo_Abonosyfito2-1-768x80.jpg 768w, https:\/\/www.todolivo.com\/wp-content\/uploads\/Todolivo_Abonosyfito2-1-636x66.jpg 636w, https:\/\/www.todolivo.com\/wp-content\/uploads\/Todolivo_Abonosyfito2-1-320x33.jpg 320w, https:\/\/www.todolivo.com\/wp-content\/uploads\/Todolivo_Abonosyfito2-1-239x25.jpg 239w\" sizes=\"(max-width: 775px) 100vw, 775px\" \/><\/p>\n<ul class=\"g1-grid\"><li class=\"g1-column g1-one-half g1-valign-top\">\n<h4>PRODUCTION INT\u00c9GR\u00c9E EN OLIVERAIE EN HAIE<\/h4>\n<p>Chez <strong>Todolivo toutes les fermes sont g\u00e9r\u00e9es <\/strong>par notre \u00e9quipe avec<strong> des pratiques de lutte int\u00e9gr\u00e9e, <\/strong>sauf les fermes en \u00e9cologique qui respectent leur r\u00e9glementation correspondante.<\/p>\n<p><strong>Nos ing\u00e9nieurs ne recommandent un traitement <\/strong>que lorsqu\u2019ils d\u00e9tectent \u00ab&nbsp;in situ&nbsp;\u00bb, que le fl\u00e9au objet de l\u2019\u00e9tude \u00e0 d\u00e9pass\u00e9 le seuil n\u00e9cessaire, et par cons\u00e9quent justifie du point de vu \u00e9conomique et sanitaire l\u2019application du traitement.<\/p>\n<p>Nous disposons d\u2019une <strong>\u00e9quipe technique exp\u00e9riment\u00e9e pour vous assister dans&nbsp;:<\/strong> &nbsp;<strong>&nbsp;<\/strong><\/p>\n<ul>\n<li>Nutrition et irrigation de fertilisants<\/li>\n<li>Fl\u00e9aux et maladies<\/li>\n<li>Control de mauvaises herbes<\/li>\n<li>Dose et moment d\u2019application<\/li>\n<\/ul>\n<\/li><!-- -->\n<li class=\"g1-column g1-one-half g1-valign-top\">\n<p><strong><strong><img decoding=\"async\" class=\"alignright wp-image-2794\" src=\"https:\/\/www.todolivo.com\/wp-content\/uploads\/Todolivo_Abonosyfito2.jpg\" alt=\"Todolivo_Abonosyfito2\" width=\"254\" height=\"186\" srcset=\"https:\/\/www.todolivo.com\/wp-content\/uploads\/Todolivo_Abonosyfito2.jpg 350w, https:\/\/www.todolivo.com\/wp-content\/uploads\/Todolivo_Abonosyfito2-300x219.jpg 300w, https:\/\/www.todolivo.com\/wp-content\/uploads\/Todolivo_Abonosyfito2-55x40.jpg 55w, https:\/\/www.todolivo.com\/wp-content\/uploads\/Todolivo_Abonosyfito2-320x234.jpg 320w, https:\/\/www.todolivo.com\/wp-content\/uploads\/Todolivo_Abonosyfito2-239x174.jpg 239w\" sizes=\"(max-width: 254px) 100vw, 254px\" \/><\/strong><\/strong><strong>Nous disposons d\u2019une gamme tr\u00e8s compl\u00e8te de&nbsp;:<\/strong><\/p>\n<ul>\n<li><strong>Engrais et nutriments <\/strong><\/li>\n<li><strong>Fongicides<\/strong><\/li>\n<li><strong>Herbicides<\/strong><\/li>\n<li><strong>Insecticides et acaricides<\/strong><\/li>\n<li><strong>Phytor\u00e9gulateurs, etc.<\/strong><\/li>\n<\/ul>\n<p>Pour subsister \u00e0 toutes et chacune des n\u00e9cessit\u00e9s qui pourraient surgir dans votre oliveraie.<\/p>\n<p>Tous nos <strong>produits<\/strong> sont <strong>autoris\u00e9s par l\u2019Union Europ\u00e9enne<\/strong> et ont \u00e9t\u00e9 s\u00e9lectionn\u00e9s selon d\u2019exigeants crit\u00e8res de qualit\u00e9.<\/p>\n<p>Ils sont utilis\u00e9s habituellement dans plus de <strong>10.000.000 oliviers<\/strong> avec d\u2019excellents r\u00e9sultats.<\/p>\n<\/li><!-- --><\/ul>\n<div align=\"center\"><a class=\"boton\" href=\"http:\/\/todolivo.com\/fr\/obtenir-plus-d-informations\/\" target=\"new\" rel=\"noopener noreferrer\"><img decoding=\"async\" class=\"alignleft wp-image-6678\" style=\"margin-top: -12px;\" src=\"https:\/\/www.todolivo.com\/wp-content\/uploads\/boton-info.png\" alt=\"boton info\" width=\"50\" height=\"48\" srcset=\"https:\/\/www.todolivo.com\/wp-content\/uploads\/boton-info.png 60w, https:\/\/www.todolivo.com\/wp-content\/uploads\/boton-info-55x53.png 55w\" sizes=\"(max-width: 50px) 100vw, 50px\" \/><span style=\"color: #ffffff;\">Obtenir plus d\u2019informations<\/span><\/a><\/div>\n","protected":false},"excerpt":{"rendered":"<p>Nous veillons sur la sant\u00e9 et productivit\u00e9 de votre oliveraie de fa\u00e7on durable, rentable et respectueuse de l\u2019environnement Obtenir plus d\u2019informations<\/p>\n","protected":false},"author":1,"featured_media":0,"parent":3451,"menu_order":0,"comment_status":"closed","ping_status":"closed","template":"","meta":{"_lmt_disableupdate":"no","_lmt_disable":"","footnotes":""},"class_list":["post-3497","page","type-page","status-publish"],"yoast_head":"<!-- This site is optimized with the Yoast SEO plugin v26.9 - https:\/\/yoast.com\/product\/yoast-seo-wordpress\/ -->\n<title>Engrais et Phyitosanitaires - Todolivo - Experts et pionniers \u00e0 Oliveraie en Haie<\/title>\n<meta name=\"robots\" content=\"index, follow, max-snippet:-1, max-image-preview:large, max-video-preview:-1\" \/>\n<link rel=\"canonical\" href=\"https:\/\/www.todolivo.com\/fr\/service-integral-todolivo\/engrais-et-phyitosanitaires\/\" \/>\n<meta property=\"og:locale\" content=\"fr_FR\" \/>\n<meta property=\"og:type\" content=\"article\" \/>\n<meta property=\"og:title\" content=\"Engrais et Phyitosanitaires - Todolivo - Experts et pionniers \u00e0 Oliveraie en Haie\" \/>\n<meta property=\"og:description\" content=\"Nous veillons sur la sant\u00e9 et productivit\u00e9 de votre oliveraie de fa\u00e7on durable, rentable et respectueuse de l\u2019environnement Obtenir plus d\u2019informations\" \/>\n<meta property=\"og:url\" content=\"https:\/\/www.todolivo.com\/fr\/service-integral-todolivo\/engrais-et-phyitosanitaires\/\" \/>\n<meta property=\"og:site_name\" content=\"Todolivo - Experts et pionniers \u00e0 Oliveraie en Haie\" \/>\n<meta property=\"article:modified_time\" content=\"2020-02-14T18:30:30+00:00\" \/>\n<meta property=\"og:image\" content=\"https:\/\/www.todolivo.com\/wp-content\/uploads\/Todolivo_Abonosyfito2-1.jpg\" \/>\n<meta name=\"twitter:card\" content=\"summary_large_image\" \/>\n<meta name=\"twitter:label1\" content=\"Dur\u00e9e de lecture estim\u00e9e\" \/>\n\t<meta name=\"twitter:data1\" content=\"1 minute\" \/>\n<script type=\"application\/ld+json\" class=\"yoast-schema-graph\">{\"@context\":\"https:\/\/schema.org\",\"@graph\":[{\"@type\":\"WebPage\",\"@id\":\"https:\/\/www.todolivo.com\/fr\/service-integral-todolivo\/engrais-et-phyitosanitaires\/\",\"url\":\"https:\/\/www.todolivo.com\/fr\/service-integral-todolivo\/engrais-et-phyitosanitaires\/\",\"name\":\"Engrais et Phyitosanitaires - Todolivo - Experts et pionniers \u00e0 Oliveraie en Haie\",\"isPartOf\":{\"@id\":\"https:\/\/www.todolivo.com\/#website\"},\"primaryImageOfPage\":{\"@id\":\"https:\/\/www.todolivo.com\/fr\/service-integral-todolivo\/engrais-et-phyitosanitaires\/#primaryimage\"},\"image\":{\"@id\":\"https:\/\/www.todolivo.com\/fr\/service-integral-todolivo\/engrais-et-phyitosanitaires\/#primaryimage\"},\"thumbnailUrl\":\"https:\/\/www.todolivo.com\/wp-content\/uploads\/Todolivo_Abonosyfito2-1.jpg\",\"datePublished\":\"2014-11-01T01:10:50+00:00\",\"dateModified\":\"2020-02-14T18:30:30+00:00\",\"breadcrumb\":{\"@id\":\"https:\/\/www.todolivo.com\/fr\/service-integral-todolivo\/engrais-et-phyitosanitaires\/#breadcrumb\"},\"inLanguage\":\"fr-FR\",\"potentialAction\":[{\"@type\":\"ReadAction\",\"target\":[\"https:\/\/www.todolivo.com\/fr\/service-integral-todolivo\/engrais-et-phyitosanitaires\/\"]}]},{\"@type\":\"ImageObject\",\"inLanguage\":\"fr-FR\",\"@id\":\"https:\/\/www.todolivo.com\/fr\/service-integral-todolivo\/engrais-et-phyitosanitaires\/#primaryimage\",\"url\":\"https:\/\/www.todolivo.com\/wp-content\/uploads\/Todolivo_Abonosyfito2-1.jpg\",\"contentUrl\":\"https:\/\/www.todolivo.com\/wp-content\/uploads\/Todolivo_Abonosyfito2-1.jpg\"},{\"@type\":\"BreadcrumbList\",\"@id\":\"https:\/\/www.todolivo.com\/fr\/service-integral-todolivo\/engrais-et-phyitosanitaires\/#breadcrumb\",\"itemListElement\":[{\"@type\":\"ListItem\",\"position\":1,\"name\":\"Couverture\",\"item\":\"https:\/\/www.todolivo.com\/fr\/\"},{\"@type\":\"ListItem\",\"position\":2,\"name\":\"Service integral Todolivo\",\"item\":\"https:\/\/www.todolivo.com\/fr\/service-integral-todolivo\/\"},{\"@type\":\"ListItem\",\"position\":3,\"name\":\"Engrais et Phyitosanitaires\"}]},{\"@type\":\"WebSite\",\"@id\":\"https:\/\/www.todolivo.com\/#website\",\"url\":\"https:\/\/www.todolivo.com\/\",\"name\":\"Todolivo - Experts et pionniers \u00e0 Oliveraie en Haie\",\"description\":\"Todolivo - Experts et pionniers \u00e0 Oliveraie en Haie\",\"potentialAction\":[{\"@type\":\"SearchAction\",\"target\":{\"@type\":\"EntryPoint\",\"urlTemplate\":\"https:\/\/www.todolivo.com\/?s={search_term_string}\"},\"query-input\":{\"@type\":\"PropertyValueSpecification\",\"valueRequired\":true,\"valueName\":\"search_term_string\"}}],\"inLanguage\":\"fr-FR\"}]}<\/script>\n<!-- \/ Yoast SEO plugin. -->","yoast_head_json":{"title":"Engrais et Phyitosanitaires - Todolivo - Experts et pionniers \u00e0 Oliveraie en Haie","robots":{"index":"index","follow":"follow","max-snippet":"max-snippet:-1","max-image-preview":"max-image-preview:large","max-video-preview":"max-video-preview:-1"},"canonical":"https:\/\/www.todolivo.com\/fr\/service-integral-todolivo\/engrais-et-phyitosanitaires\/","og_locale":"fr_FR","og_type":"article","og_title":"Engrais et Phyitosanitaires - Todolivo - Experts et pionniers \u00e0 Oliveraie en Haie","og_description":"Nous veillons sur la sant\u00e9 et productivit\u00e9 de votre oliveraie de fa\u00e7on durable, rentable et respectueuse de l\u2019environnement Obtenir plus d\u2019informations","og_url":"https:\/\/www.todolivo.com\/fr\/service-integral-todolivo\/engrais-et-phyitosanitaires\/","og_site_name":"Todolivo - Experts et pionniers \u00e0 Oliveraie en Haie","article_modified_time":"2020-02-14T18:30:30+00:00","og_image":[{"url":"https:\/\/www.todolivo.com\/wp-content\/uploads\/Todolivo_Abonosyfito2-1.jpg","type":"","width":"","height":""}],"twitter_card":"summary_large_image","twitter_misc":{"Dur\u00e9e de lecture estim\u00e9e":"1 minute"},"schema":{"@context":"https:\/\/schema.org","@graph":[{"@type":"WebPage","@id":"https:\/\/www.todolivo.com\/fr\/service-integral-todolivo\/engrais-et-phyitosanitaires\/","url":"https:\/\/www.todolivo.com\/fr\/service-integral-todolivo\/engrais-et-phyitosanitaires\/","name":"Engrais et Phyitosanitaires - Todolivo - Experts et pionniers \u00e0 Oliveraie en Haie","isPartOf":{"@id":"https:\/\/www.todolivo.com\/#website"},"primaryImageOfPage":{"@id":"https:\/\/www.todolivo.com\/fr\/service-integral-todolivo\/engrais-et-phyitosanitaires\/#primaryimage"},"image":{"@id":"https:\/\/www.todolivo.com\/fr\/service-integral-todolivo\/engrais-et-phyitosanitaires\/#primaryimage"},"thumbnailUrl":"https:\/\/www.todolivo.com\/wp-content\/uploads\/Todolivo_Abonosyfito2-1.jpg","datePublished":"2014-11-01T01:10:50+00:00","dateModified":"2020-02-14T18:30:30+00:00","breadcrumb":{"@id":"https:\/\/www.todolivo.com\/fr\/service-integral-todolivo\/engrais-et-phyitosanitaires\/#breadcrumb"},"inLanguage":"fr-FR","potentialAction":[{"@type":"ReadAction","target":["https:\/\/www.todolivo.com\/fr\/service-integral-todolivo\/engrais-et-phyitosanitaires\/"]}]},{"@type":"ImageObject","inLanguage":"fr-FR","@id":"https:\/\/www.todolivo.com\/fr\/service-integral-todolivo\/engrais-et-phyitosanitaires\/#primaryimage","url":"https:\/\/www.todolivo.com\/wp-content\/uploads\/Todolivo_Abonosyfito2-1.jpg","contentUrl":"https:\/\/www.todolivo.com\/wp-content\/uploads\/Todolivo_Abonosyfito2-1.jpg"},{"@type":"BreadcrumbList","@id":"https:\/\/www.todolivo.com\/fr\/service-integral-todolivo\/engrais-et-phyitosanitaires\/#breadcrumb","itemListElement":[{"@type":"ListItem","position":1,"name":"Couverture","item":"https:\/\/www.todolivo.com\/fr\/"},{"@type":"ListItem","position":2,"name":"Service integral Todolivo","item":"https:\/\/www.todolivo.com\/fr\/service-integral-todolivo\/"},{"@type":"ListItem","position":3,"name":"Engrais et Phyitosanitaires"}]},{"@type":"WebSite","@id":"https:\/\/www.todolivo.com\/#website","url":"https:\/\/www.todolivo.com\/","name":"Todolivo - Experts et pionniers \u00e0 Oliveraie en Haie","description":"Todolivo - Experts et pionniers \u00e0 Oliveraie en Haie","potentialAction":[{"@type":"SearchAction","target":{"@type":"EntryPoint","urlTemplate":"https:\/\/www.todolivo.com\/?s={search_term_string}"},"query-input":{"@type":"PropertyValueSpecification","valueRequired":true,"valueName":"search_term_string"}}],"inLanguage":"fr-FR"}]}},"_links":{"self":[{"href":"https:\/\/www.todolivo.com\/fr\/wp-json\/wp\/v2\/pages\/3497","targetHints":{"allow":["GET"]}}],"collection":[{"href":"https:\/\/www.todolivo.com\/fr\/wp-json\/wp\/v2\/pages"}],"about":[{"href":"https:\/\/www.todolivo.com\/fr\/wp-json\/wp\/v2\/types\/page"}],"author":[{"embeddable":true,"href":"https:\/\/www.todolivo.com\/fr\/wp-json\/wp\/v2\/users\/1"}],"replies":[{"embeddable":true,"href":"https:\/\/www.todolivo.com\/fr\/wp-json\/wp\/v2\/comments?post=3497"}],"version-history":[{"count":2,"href":"https:\/\/www.todolivo.com\/fr\/wp-json\/wp\/v2\/pages\/3497\/revisions"}],"predecessor-version":[{"id":20553,"href":"https:\/\/www.todolivo.com\/fr\/wp-json\/wp\/v2\/pages\/3497\/revisions\/20553"}],"up":[{"embeddable":true,"href":"https:\/\/www.todolivo.com\/fr\/wp-json\/wp\/v2\/pages\/3451"}],"wp:attachment":[{"href":"https:\/\/www.todolivo.com\/fr\/wp-json\/wp\/v2\/media?parent=3497"}],"curies":[{"name":"wp","href":"https:\/\/api.w.org\/{rel}","templated":true}]}}