{"id":3493,"date":"2014-11-01T02:06:36","date_gmt":"2014-11-01T01:06:36","guid":{"rendered":"http:\/\/todolivo.com\/?page_id=3493"},"modified":"2015-04-12T08:28:28","modified_gmt":"2015-04-12T07:28:28","slug":"analyse","status":"publish","type":"page","link":"https:\/\/www.todolivo.com\/fr\/service-integral-todolivo\/analyse\/","title":{"rendered":"Analyse"},"content":{"rendered":"<p><img fetchpriority=\"high\" decoding=\"async\" class=\"size-full wp-image-2779 aligncenter\" src=\"http:\/\/todolivo.com\/wp-content\/uploads\/Todolivo_Analisis1.jpg\" alt=\"Todolivo_Analisis1\" height=\"104\" width=\"900\" srcset=\"https:\/\/www.todolivo.com\/wp-content\/uploads\/Todolivo_Analisis1.jpg 900w, https:\/\/www.todolivo.com\/wp-content\/uploads\/Todolivo_Analisis1-300x34.jpg 300w, https:\/\/www.todolivo.com\/wp-content\/uploads\/Todolivo_Analisis1-55x6.jpg 55w, https:\/\/www.todolivo.com\/wp-content\/uploads\/Todolivo_Analisis1-636x73.jpg 636w, https:\/\/www.todolivo.com\/wp-content\/uploads\/Todolivo_Analisis1-320x36.jpg 320w, https:\/\/www.todolivo.com\/wp-content\/uploads\/Todolivo_Analisis1-239x27.jpg 239w\" sizes=\"(max-width: 900px) 100vw, 900px\" \/><\/p>\n<ul class=\"g1-grid\"><li class=\"g1-column g1-three-fifth g1-valign-top\">\n<span id=\"g1-space-1\" class=\"g1-space \" style=\"height:5px;\"><\/span>\n<h3 style=\"padding-left: 30px;\">Types d\u2019analyses que nous r\u00e9alisons:<\/h3>\n<style type=\"text\/css\" scoped=\"scoped\">#g1-list-1 li > i[class*=\"fa-\"]:first-child {color: #81d742;}<\/style>\n<ul id=\"g1-list-1\" class=\"g1-list--icon g1-list--none \">\n<li><i class=\"fa fa-check-square-o g1-list__icon\"><\/i><strong>Analyses physico-chimiques des sols et substrats v\u00e9g\u00e9taux: <\/strong>\u00c9l\u00e9ments totaux, disponibles, de changement et assimilables.<\/li>\n<li><i class=\"fa fa-check-square-o g1-list__icon\"><\/i><strong>Analyses d\u2019huiles et rendements gras.<\/strong><\/li>\n<li><i class=\"fa fa-check-square-o g1-list__icon\"><\/i><strong>Phytopathologie. <\/strong>Diagnose, isolement et identification des agents phytopathog\u00e8nes&nbsp;: champignons, bact\u00e9ries, virus, n\u00e9matodes, parasites et insectes. D\u00e9termination des agents pathog\u00e8nes du sol (<em>Verticillium, Phytophthora, pytium, <\/em>etc.)<\/li>\n<li><i class=\"fa fa-check-square-o g1-list__icon\"><\/i><strong>Analyses des organes v\u00e9g\u00e9taux&nbsp;: <\/strong>feuille, p\u00e9tiole, s\u00e8ve, etc.<\/li>\n<li><i class=\"fa fa-check-square-o g1-list__icon\"><\/i><strong>Analyses des eaux d\u2019irrigation, <\/strong>solutions de sols, solutions fertilisantes, etc.<\/li>\n<li><i class=\"fa fa-check-square-o g1-list__icon\"><\/i><strong>Analyses fertilisants organiques et inorganiques, <\/strong>\u00e9valuation agronomique des boues, r\u00e9sidus, composts. Analyses d\u2019adjuvants, m\u00e9taux lourds dans les sols et des fertilisants.<\/li>\n<\/ul>\n\n<\/li><!-- -->\n<li class=\"g1-column g1-two-fifth g1-valign-top\">\n<p><img decoding=\"async\" class=\" wp-image-4705 size-full aligncenter\" src=\"http:\/\/todolivo.com\/wp-content\/uploads\/74_11.jpg\" alt=\"\" height=\"500\" width=\"409\" srcset=\"https:\/\/www.todolivo.com\/wp-content\/uploads\/74_11.jpg 409w, https:\/\/www.todolivo.com\/wp-content\/uploads\/74_11-245x300.jpg 245w, https:\/\/www.todolivo.com\/wp-content\/uploads\/74_11-55x67.jpg 55w, https:\/\/www.todolivo.com\/wp-content\/uploads\/74_11-320x391.jpg 320w, https:\/\/www.todolivo.com\/wp-content\/uploads\/74_11-239x292.jpg 239w\" sizes=\"(max-width: 409px) 100vw, 409px\" \/><\/p>\n<\/li><!-- --><\/ul>\n<span id=\"g1-space-2\" class=\"g1-space \" style=\"height:15px;\"><\/span>\n<div align=\"center\"><a class=\"boton\" href=\"http:\/\/todolivo.com\/fr\/obtenir-plus-d-informations\/\" target=\"new\"><img decoding=\"async\" class=\"alignleft wp-image-6678\" style=\"margin-top: -12px;\" src=\"http:\/\/todolivo.com\/wp-content\/uploads\/boton-info.png\" alt=\"boton info\" height=\"48\" width=\"50\" srcset=\"https:\/\/www.todolivo.com\/wp-content\/uploads\/boton-info.png 60w, https:\/\/www.todolivo.com\/wp-content\/uploads\/boton-info-55x53.png 55w\" sizes=\"(max-width: 50px) 100vw, 50px\" \/><span style=\"color: #ffffff;\">Obtenir plus d\u2019informations<\/span><\/a><\/div>\n","protected":false},"excerpt":{"rendered":"<p>Obtenir plus d\u2019informations<\/p>\n","protected":false},"author":1,"featured_media":0,"parent":3451,"menu_order":0,"comment_status":"closed","ping_status":"closed","template":"","meta":{"_lmt_disableupdate":"","_lmt_disable":"","footnotes":""},"class_list":["post-3493","page","type-page","status-publish"],"yoast_head":"<!-- This site is optimized with the Yoast SEO plugin v26.9 - https:\/\/yoast.com\/product\/yoast-seo-wordpress\/ -->\n<title>Analyse - Todolivo - Experts et pionniers \u00e0 Oliveraie en Haie<\/title>\n<meta name=\"robots\" content=\"index, follow, max-snippet:-1, max-image-preview:large, max-video-preview:-1\" \/>\n<link rel=\"canonical\" href=\"https:\/\/www.todolivo.com\/fr\/service-integral-todolivo\/analyse\/\" \/>\n<meta property=\"og:locale\" content=\"fr_FR\" \/>\n<meta property=\"og:type\" content=\"article\" \/>\n<meta property=\"og:title\" content=\"Analyse - Todolivo - Experts et pionniers \u00e0 Oliveraie en Haie\" \/>\n<meta property=\"og:description\" content=\"Obtenir plus d\u2019informations\" \/>\n<meta property=\"og:url\" content=\"https:\/\/www.todolivo.com\/fr\/service-integral-todolivo\/analyse\/\" \/>\n<meta property=\"og:site_name\" content=\"Todolivo - Experts et pionniers \u00e0 Oliveraie en Haie\" \/>\n<meta property=\"article:modified_time\" content=\"2015-04-12T07:28:28+00:00\" \/>\n<meta property=\"og:image\" content=\"http:\/\/todolivo.com\/wp-content\/uploads\/Todolivo_Analisis1.jpg\" \/>\n<meta name=\"twitter:card\" content=\"summary_large_image\" \/>\n<meta name=\"twitter:label1\" content=\"Dur\u00e9e de lecture estim\u00e9e\" \/>\n\t<meta name=\"twitter:data1\" content=\"1 minute\" \/>\n<script type=\"application\/ld+json\" class=\"yoast-schema-graph\">{\"@context\":\"https:\/\/schema.org\",\"@graph\":[{\"@type\":\"WebPage\",\"@id\":\"https:\/\/www.todolivo.com\/fr\/service-integral-todolivo\/analyse\/\",\"url\":\"https:\/\/www.todolivo.com\/fr\/service-integral-todolivo\/analyse\/\",\"name\":\"Analyse - Todolivo - Experts et pionniers \u00e0 Oliveraie en Haie\",\"isPartOf\":{\"@id\":\"https:\/\/www.todolivo.com\/#website\"},\"primaryImageOfPage\":{\"@id\":\"https:\/\/www.todolivo.com\/fr\/service-integral-todolivo\/analyse\/#primaryimage\"},\"image\":{\"@id\":\"https:\/\/www.todolivo.com\/fr\/service-integral-todolivo\/analyse\/#primaryimage\"},\"thumbnailUrl\":\"http:\/\/todolivo.com\/wp-content\/uploads\/Todolivo_Analisis1.jpg\",\"datePublished\":\"2014-11-01T01:06:36+00:00\",\"dateModified\":\"2015-04-12T07:28:28+00:00\",\"breadcrumb\":{\"@id\":\"https:\/\/www.todolivo.com\/fr\/service-integral-todolivo\/analyse\/#breadcrumb\"},\"inLanguage\":\"fr-FR\",\"potentialAction\":[{\"@type\":\"ReadAction\",\"target\":[\"https:\/\/www.todolivo.com\/fr\/service-integral-todolivo\/analyse\/\"]}]},{\"@type\":\"ImageObject\",\"inLanguage\":\"fr-FR\",\"@id\":\"https:\/\/www.todolivo.com\/fr\/service-integral-todolivo\/analyse\/#primaryimage\",\"url\":\"http:\/\/todolivo.com\/wp-content\/uploads\/Todolivo_Analisis1.jpg\",\"contentUrl\":\"http:\/\/todolivo.com\/wp-content\/uploads\/Todolivo_Analisis1.jpg\"},{\"@type\":\"BreadcrumbList\",\"@id\":\"https:\/\/www.todolivo.com\/fr\/service-integral-todolivo\/analyse\/#breadcrumb\",\"itemListElement\":[{\"@type\":\"ListItem\",\"position\":1,\"name\":\"Couverture\",\"item\":\"https:\/\/www.todolivo.com\/fr\/\"},{\"@type\":\"ListItem\",\"position\":2,\"name\":\"Service integral Todolivo\",\"item\":\"https:\/\/www.todolivo.com\/fr\/service-integral-todolivo\/\"},{\"@type\":\"ListItem\",\"position\":3,\"name\":\"Analyse\"}]},{\"@type\":\"WebSite\",\"@id\":\"https:\/\/www.todolivo.com\/#website\",\"url\":\"https:\/\/www.todolivo.com\/\",\"name\":\"Todolivo - Experts et pionniers \u00e0 Oliveraie en Haie\",\"description\":\"Todolivo - Experts et pionniers \u00e0 Oliveraie en Haie\",\"potentialAction\":[{\"@type\":\"SearchAction\",\"target\":{\"@type\":\"EntryPoint\",\"urlTemplate\":\"https:\/\/www.todolivo.com\/?s={search_term_string}\"},\"query-input\":{\"@type\":\"PropertyValueSpecification\",\"valueRequired\":true,\"valueName\":\"search_term_string\"}}],\"inLanguage\":\"fr-FR\"}]}<\/script>\n<!-- \/ Yoast SEO plugin. -->","yoast_head_json":{"title":"Analyse - Todolivo - Experts et pionniers \u00e0 Oliveraie en Haie","robots":{"index":"index","follow":"follow","max-snippet":"max-snippet:-1","max-image-preview":"max-image-preview:large","max-video-preview":"max-video-preview:-1"},"canonical":"https:\/\/www.todolivo.com\/fr\/service-integral-todolivo\/analyse\/","og_locale":"fr_FR","og_type":"article","og_title":"Analyse - Todolivo - Experts et pionniers \u00e0 Oliveraie en Haie","og_description":"Obtenir plus d\u2019informations","og_url":"https:\/\/www.todolivo.com\/fr\/service-integral-todolivo\/analyse\/","og_site_name":"Todolivo - Experts et pionniers \u00e0 Oliveraie en Haie","article_modified_time":"2015-04-12T07:28:28+00:00","og_image":[{"url":"http:\/\/todolivo.com\/wp-content\/uploads\/Todolivo_Analisis1.jpg","type":"","width":"","height":""}],"twitter_card":"summary_large_image","twitter_misc":{"Dur\u00e9e de lecture estim\u00e9e":"1 minute"},"schema":{"@context":"https:\/\/schema.org","@graph":[{"@type":"WebPage","@id":"https:\/\/www.todolivo.com\/fr\/service-integral-todolivo\/analyse\/","url":"https:\/\/www.todolivo.com\/fr\/service-integral-todolivo\/analyse\/","name":"Analyse - Todolivo - Experts et pionniers \u00e0 Oliveraie en Haie","isPartOf":{"@id":"https:\/\/www.todolivo.com\/#website"},"primaryImageOfPage":{"@id":"https:\/\/www.todolivo.com\/fr\/service-integral-todolivo\/analyse\/#primaryimage"},"image":{"@id":"https:\/\/www.todolivo.com\/fr\/service-integral-todolivo\/analyse\/#primaryimage"},"thumbnailUrl":"http:\/\/todolivo.com\/wp-content\/uploads\/Todolivo_Analisis1.jpg","datePublished":"2014-11-01T01:06:36+00:00","dateModified":"2015-04-12T07:28:28+00:00","breadcrumb":{"@id":"https:\/\/www.todolivo.com\/fr\/service-integral-todolivo\/analyse\/#breadcrumb"},"inLanguage":"fr-FR","potentialAction":[{"@type":"ReadAction","target":["https:\/\/www.todolivo.com\/fr\/service-integral-todolivo\/analyse\/"]}]},{"@type":"ImageObject","inLanguage":"fr-FR","@id":"https:\/\/www.todolivo.com\/fr\/service-integral-todolivo\/analyse\/#primaryimage","url":"http:\/\/todolivo.com\/wp-content\/uploads\/Todolivo_Analisis1.jpg","contentUrl":"http:\/\/todolivo.com\/wp-content\/uploads\/Todolivo_Analisis1.jpg"},{"@type":"BreadcrumbList","@id":"https:\/\/www.todolivo.com\/fr\/service-integral-todolivo\/analyse\/#breadcrumb","itemListElement":[{"@type":"ListItem","position":1,"name":"Couverture","item":"https:\/\/www.todolivo.com\/fr\/"},{"@type":"ListItem","position":2,"name":"Service integral Todolivo","item":"https:\/\/www.todolivo.com\/fr\/service-integral-todolivo\/"},{"@type":"ListItem","position":3,"name":"Analyse"}]},{"@type":"WebSite","@id":"https:\/\/www.todolivo.com\/#website","url":"https:\/\/www.todolivo.com\/","name":"Todolivo - Experts et pionniers \u00e0 Oliveraie en Haie","description":"Todolivo - Experts et pionniers \u00e0 Oliveraie en Haie","potentialAction":[{"@type":"SearchAction","target":{"@type":"EntryPoint","urlTemplate":"https:\/\/www.todolivo.com\/?s={search_term_string}"},"query-input":{"@type":"PropertyValueSpecification","valueRequired":true,"valueName":"search_term_string"}}],"inLanguage":"fr-FR"}]}},"_links":{"self":[{"href":"https:\/\/www.todolivo.com\/fr\/wp-json\/wp\/v2\/pages\/3493","targetHints":{"allow":["GET"]}}],"collection":[{"href":"https:\/\/www.todolivo.com\/fr\/wp-json\/wp\/v2\/pages"}],"about":[{"href":"https:\/\/www.todolivo.com\/fr\/wp-json\/wp\/v2\/types\/page"}],"author":[{"embeddable":true,"href":"https:\/\/www.todolivo.com\/fr\/wp-json\/wp\/v2\/users\/1"}],"replies":[{"embeddable":true,"href":"https:\/\/www.todolivo.com\/fr\/wp-json\/wp\/v2\/comments?post=3493"}],"version-history":[{"count":0,"href":"https:\/\/www.todolivo.com\/fr\/wp-json\/wp\/v2\/pages\/3493\/revisions"}],"up":[{"embeddable":true,"href":"https:\/\/www.todolivo.com\/fr\/wp-json\/wp\/v2\/pages\/3451"}],"wp:attachment":[{"href":"https:\/\/www.todolivo.com\/fr\/wp-json\/wp\/v2\/media?parent=3493"}],"curies":[{"name":"wp","href":"https:\/\/api.w.org\/{rel}","templated":true}]}}