{"id":3489,"date":"2014-11-01T01:54:12","date_gmt":"2014-11-01T00:54:12","guid":{"rendered":"http:\/\/todolivo.com\/?page_id=3489"},"modified":"2021-03-27T01:00:59","modified_gmt":"2021-03-27T00:00:59","slug":"vente-dhuile-dolive-vierge-extra","status":"publish","type":"page","link":"https:\/\/www.todolivo.com\/fr\/service-integral-todolivo\/vente-dhuile-dolive-vierge-extra\/","title":{"rendered":"Vente d\u2019huile d\u2019olive vierge extra"},"content":{"rendered":"<h3 style=\"text-align: center;\">L\u2019imperceptible acidit\u00e9, les intenses saveurs et aromes fruit\u00e9es, avec le reste de ses excellentes propri\u00e9t\u00e9s organoleptiques, ont\u00a0 convertit les huiles provenant d\u2019oliveraie en haie, en une <strong>r\u00e9f\u00e9rence de qualit\u00e9<\/strong> dans le march\u00e9<\/h3>\n<ul class=\"g1-grid\"><li class=\"g1-column g1-one-half g1-valign-top\">\n<h3>En Vrac<\/h3>\n<p>Todolivo dispose pour tous les clients qui le d\u00e9sirent, d\u2019un service commercial sp\u00e9cialis\u00e9 dans la commercialisation d\u2019huile vierge extra en vrac, provenant uniquement et exclusivement de plantations d\u2019oliveraie en haie.<\/p>\n<p>Pendant les <strong>21 ans<\/strong> qu\u2019on a r\u00e9alis\u00e9 cette activit\u00e9, la totalit\u00e9 d\u2019huile qu\u2019on a obtenu et vendu toutes les ann\u00e9es a \u00e9t\u00e9 <strong>vierge extra.<\/strong><\/p>\n<p>Avec les ann\u00e9es, nos nous sommes convertit en grands fournisseurs d\u2019huile vierge extra provenant de plantations d\u2019oliveraie en haie en Espagne, Italie et d\u2019autres march\u00e9s internationaux.<\/p>\n<p><img fetchpriority=\"high\" decoding=\"async\" class=\"size-full wp-image-2761 aligncenter\" src=\"http:\/\/todolivo.com\/wp-content\/uploads\/Todolivo_VentaAceite1.jpg\" alt=\"Todolivo_VentaAceite1\" width=\"400\" height=\"251\" srcset=\"https:\/\/www.todolivo.com\/wp-content\/uploads\/Todolivo_VentaAceite1.jpg 400w, https:\/\/www.todolivo.com\/wp-content\/uploads\/Todolivo_VentaAceite1-300x188.jpg 300w, https:\/\/www.todolivo.com\/wp-content\/uploads\/Todolivo_VentaAceite1-55x34.jpg 55w, https:\/\/www.todolivo.com\/wp-content\/uploads\/Todolivo_VentaAceite1-320x200.jpg 320w, https:\/\/www.todolivo.com\/wp-content\/uploads\/Todolivo_VentaAceite1-239x149.jpg 239w\" sizes=\"(max-width: 400px) 100vw, 400px\" \/><\/p>\n<\/li><!-- -->\n<li class=\"g1-column g1-one-half g1-valign-top\">\n<h3>Conditionnement<\/h3>\n<p>Todolivo commercialise \u00e0 domicile sous la marque \u00ab Todoliva \u00bb une extraordinaire huile vierge extra obtenue d\u2019un coupage d\u2019olives des vari\u00e9t\u00e9s \u201cSikitita<sup>P<\/sup>\u201d, \u201cArbequina Clon I-21\u00ae\u201d, \u201cArbosana Clon I-43\u00ae\u201d, \u201cKoroneiki Clon I-38\u00ae\u00a0\u00bb et Imperial Clon I-23\u00ae, provenant de plantations d\u2019oliveraie en haie.<\/p>\n<p>Cet huile se caract\u00e9rise par sa basse acidit\u00e9, sa douceur en bouche et ses intenses saveurs et aromes fruit\u00e9es.<\/p>\n<p><img decoding=\"async\" class=\"aligncenter size-full wp-image-20513\" src=\"https:\/\/www.todolivo.com\/wp-content\/uploads\/Todolivo_vent-enva_1.jpg\" alt=\"\" width=\"1280\" height=\"406\" srcset=\"https:\/\/www.todolivo.com\/wp-content\/uploads\/Todolivo_vent-enva_1.jpg 1280w, https:\/\/www.todolivo.com\/wp-content\/uploads\/Todolivo_vent-enva_1-300x95.jpg 300w, https:\/\/www.todolivo.com\/wp-content\/uploads\/Todolivo_vent-enva_1-1024x325.jpg 1024w, https:\/\/www.todolivo.com\/wp-content\/uploads\/Todolivo_vent-enva_1-768x244.jpg 768w, https:\/\/www.todolivo.com\/wp-content\/uploads\/Todolivo_vent-enva_1-968x307.jpg 968w, https:\/\/www.todolivo.com\/wp-content\/uploads\/Todolivo_vent-enva_1-636x202.jpg 636w, https:\/\/www.todolivo.com\/wp-content\/uploads\/Todolivo_vent-enva_1-320x102.jpg 320w, https:\/\/www.todolivo.com\/wp-content\/uploads\/Todolivo_vent-enva_1-239x76.jpg 239w\" sizes=\"(max-width: 1280px) 100vw, 1280px\" \/> <img decoding=\"async\" class=\"aligncenter wp-image-20520 size-full\" src=\"https:\/\/www.todolivo.com\/wp-content\/uploads\/Todolivo_vent-enva_2-e1581699385902.jpg\" alt=\"\" width=\"960\" height=\"542\" srcset=\"https:\/\/www.todolivo.com\/wp-content\/uploads\/Todolivo_vent-enva_2-e1581699385902.jpg 960w, https:\/\/www.todolivo.com\/wp-content\/uploads\/Todolivo_vent-enva_2-e1581699385902-300x169.jpg 300w, https:\/\/www.todolivo.com\/wp-content\/uploads\/Todolivo_vent-enva_2-e1581699385902-768x434.jpg 768w, https:\/\/www.todolivo.com\/wp-content\/uploads\/Todolivo_vent-enva_2-e1581699385902-636x359.jpg 636w, https:\/\/www.todolivo.com\/wp-content\/uploads\/Todolivo_vent-enva_2-e1581699385902-482x271.jpg 482w, https:\/\/www.todolivo.com\/wp-content\/uploads\/Todolivo_vent-enva_2-e1581699385902-320x181.jpg 320w, https:\/\/www.todolivo.com\/wp-content\/uploads\/Todolivo_vent-enva_2-e1581699385902-239x135.jpg 239w\" sizes=\"(max-width: 960px) 100vw, 960px\" \/><\/p>\n<\/li><!-- --><\/ul>\n<div align=\"center\"><a class=\"boton\" href=\"http:\/\/todolivo.com\/fr\/obtenir-plus-d-informations\/\" target=\"new\" rel=\"noopener noreferrer\"><img loading=\"lazy\" decoding=\"async\" class=\"alignleft wp-image-6678\" style=\"margin-top: -12px;\" src=\"https:\/\/www.todolivo.com\/wp-content\/uploads\/boton-info.png\" alt=\"boton info\" width=\"50\" height=\"48\" srcset=\"https:\/\/www.todolivo.com\/wp-content\/uploads\/boton-info.png 60w, https:\/\/www.todolivo.com\/wp-content\/uploads\/boton-info-55x53.png 55w\" sizes=\"(max-width: 50px) 100vw, 50px\" \/><span style=\"color: #ffffff;\">Obtenir plus d\u2019informations<\/span><\/a><\/div>\n","protected":false},"excerpt":{"rendered":"<p>L\u2019imperceptible acidit\u00e9, les intenses saveurs et aromes fruit\u00e9es, avec le reste de ses excellentes propri\u00e9t\u00e9s organoleptiques, ont\u00a0 convertit les huiles provenant d\u2019oliveraie en haie, en une r\u00e9f\u00e9rence de qualit\u00e9 dans le march\u00e9 Obtenir plus d\u2019informations<\/p>\n","protected":false},"author":1,"featured_media":0,"parent":3451,"menu_order":0,"comment_status":"closed","ping_status":"closed","template":"","meta":{"_lmt_disableupdate":"no","_lmt_disable":"","footnotes":""},"class_list":["post-3489","page","type-page","status-publish"],"yoast_head":"<!-- This site is optimized with the Yoast SEO plugin v26.9 - https:\/\/yoast.com\/product\/yoast-seo-wordpress\/ -->\n<title>Vente d\u2019huile d\u2019olive vierge extra - Todolivo - Experts et pionniers \u00e0 Oliveraie en Haie<\/title>\n<meta name=\"robots\" content=\"index, follow, max-snippet:-1, max-image-preview:large, max-video-preview:-1\" \/>\n<link rel=\"canonical\" href=\"https:\/\/www.todolivo.com\/fr\/service-integral-todolivo\/vente-dhuile-dolive-vierge-extra\/\" \/>\n<meta property=\"og:locale\" content=\"fr_FR\" \/>\n<meta property=\"og:type\" content=\"article\" \/>\n<meta property=\"og:title\" content=\"Vente d\u2019huile d\u2019olive vierge extra - Todolivo - Experts et pionniers \u00e0 Oliveraie en Haie\" \/>\n<meta property=\"og:description\" content=\"L\u2019imperceptible acidit\u00e9, les intenses saveurs et aromes fruit\u00e9es, avec le reste de ses excellentes propri\u00e9t\u00e9s organoleptiques, ont\u00a0 convertit les huiles provenant d\u2019oliveraie en haie, en une r\u00e9f\u00e9rence de qualit\u00e9 dans le march\u00e9 Obtenir plus d\u2019informations\" \/>\n<meta property=\"og:url\" content=\"https:\/\/www.todolivo.com\/fr\/service-integral-todolivo\/vente-dhuile-dolive-vierge-extra\/\" \/>\n<meta property=\"og:site_name\" content=\"Todolivo - Experts et pionniers \u00e0 Oliveraie en Haie\" \/>\n<meta property=\"article:modified_time\" content=\"2021-03-27T00:00:59+00:00\" \/>\n<meta property=\"og:image\" content=\"http:\/\/todolivo.com\/wp-content\/uploads\/Todolivo_VentaAceite1.jpg\" \/>\n<meta name=\"twitter:card\" content=\"summary_large_image\" \/>\n<meta name=\"twitter:label1\" content=\"Dur\u00e9e de lecture estim\u00e9e\" \/>\n\t<meta name=\"twitter:data1\" content=\"2 minutes\" \/>\n<script type=\"application\/ld+json\" class=\"yoast-schema-graph\">{\"@context\":\"https:\/\/schema.org\",\"@graph\":[{\"@type\":\"WebPage\",\"@id\":\"https:\/\/www.todolivo.com\/fr\/service-integral-todolivo\/vente-dhuile-dolive-vierge-extra\/\",\"url\":\"https:\/\/www.todolivo.com\/fr\/service-integral-todolivo\/vente-dhuile-dolive-vierge-extra\/\",\"name\":\"Vente d\u2019huile d\u2019olive vierge extra - Todolivo - Experts et pionniers \u00e0 Oliveraie en Haie\",\"isPartOf\":{\"@id\":\"https:\/\/www.todolivo.com\/#website\"},\"primaryImageOfPage\":{\"@id\":\"https:\/\/www.todolivo.com\/fr\/service-integral-todolivo\/vente-dhuile-dolive-vierge-extra\/#primaryimage\"},\"image\":{\"@id\":\"https:\/\/www.todolivo.com\/fr\/service-integral-todolivo\/vente-dhuile-dolive-vierge-extra\/#primaryimage\"},\"thumbnailUrl\":\"http:\/\/todolivo.com\/wp-content\/uploads\/Todolivo_VentaAceite1.jpg\",\"datePublished\":\"2014-11-01T00:54:12+00:00\",\"dateModified\":\"2021-03-27T00:00:59+00:00\",\"breadcrumb\":{\"@id\":\"https:\/\/www.todolivo.com\/fr\/service-integral-todolivo\/vente-dhuile-dolive-vierge-extra\/#breadcrumb\"},\"inLanguage\":\"fr-FR\",\"potentialAction\":[{\"@type\":\"ReadAction\",\"target\":[\"https:\/\/www.todolivo.com\/fr\/service-integral-todolivo\/vente-dhuile-dolive-vierge-extra\/\"]}]},{\"@type\":\"ImageObject\",\"inLanguage\":\"fr-FR\",\"@id\":\"https:\/\/www.todolivo.com\/fr\/service-integral-todolivo\/vente-dhuile-dolive-vierge-extra\/#primaryimage\",\"url\":\"http:\/\/todolivo.com\/wp-content\/uploads\/Todolivo_VentaAceite1.jpg\",\"contentUrl\":\"http:\/\/todolivo.com\/wp-content\/uploads\/Todolivo_VentaAceite1.jpg\"},{\"@type\":\"BreadcrumbList\",\"@id\":\"https:\/\/www.todolivo.com\/fr\/service-integral-todolivo\/vente-dhuile-dolive-vierge-extra\/#breadcrumb\",\"itemListElement\":[{\"@type\":\"ListItem\",\"position\":1,\"name\":\"Couverture\",\"item\":\"https:\/\/www.todolivo.com\/fr\/\"},{\"@type\":\"ListItem\",\"position\":2,\"name\":\"Service integral Todolivo\",\"item\":\"https:\/\/www.todolivo.com\/fr\/service-integral-todolivo\/\"},{\"@type\":\"ListItem\",\"position\":3,\"name\":\"Vente d\u2019huile d\u2019olive vierge extra\"}]},{\"@type\":\"WebSite\",\"@id\":\"https:\/\/www.todolivo.com\/#website\",\"url\":\"https:\/\/www.todolivo.com\/\",\"name\":\"Todolivo - Experts et pionniers \u00e0 Oliveraie en Haie\",\"description\":\"Todolivo - Experts et pionniers \u00e0 Oliveraie en Haie\",\"potentialAction\":[{\"@type\":\"SearchAction\",\"target\":{\"@type\":\"EntryPoint\",\"urlTemplate\":\"https:\/\/www.todolivo.com\/?s={search_term_string}\"},\"query-input\":{\"@type\":\"PropertyValueSpecification\",\"valueRequired\":true,\"valueName\":\"search_term_string\"}}],\"inLanguage\":\"fr-FR\"}]}<\/script>\n<!-- \/ Yoast SEO plugin. -->","yoast_head_json":{"title":"Vente d\u2019huile d\u2019olive vierge extra - Todolivo - Experts et pionniers \u00e0 Oliveraie en Haie","robots":{"index":"index","follow":"follow","max-snippet":"max-snippet:-1","max-image-preview":"max-image-preview:large","max-video-preview":"max-video-preview:-1"},"canonical":"https:\/\/www.todolivo.com\/fr\/service-integral-todolivo\/vente-dhuile-dolive-vierge-extra\/","og_locale":"fr_FR","og_type":"article","og_title":"Vente d\u2019huile d\u2019olive vierge extra - Todolivo - Experts et pionniers \u00e0 Oliveraie en Haie","og_description":"L\u2019imperceptible acidit\u00e9, les intenses saveurs et aromes fruit\u00e9es, avec le reste de ses excellentes propri\u00e9t\u00e9s organoleptiques, ont\u00a0 convertit les huiles provenant d\u2019oliveraie en haie, en une r\u00e9f\u00e9rence de qualit\u00e9 dans le march\u00e9 Obtenir plus d\u2019informations","og_url":"https:\/\/www.todolivo.com\/fr\/service-integral-todolivo\/vente-dhuile-dolive-vierge-extra\/","og_site_name":"Todolivo - Experts et pionniers \u00e0 Oliveraie en Haie","article_modified_time":"2021-03-27T00:00:59+00:00","og_image":[{"url":"http:\/\/todolivo.com\/wp-content\/uploads\/Todolivo_VentaAceite1.jpg","type":"","width":"","height":""}],"twitter_card":"summary_large_image","twitter_misc":{"Dur\u00e9e de lecture estim\u00e9e":"2 minutes"},"schema":{"@context":"https:\/\/schema.org","@graph":[{"@type":"WebPage","@id":"https:\/\/www.todolivo.com\/fr\/service-integral-todolivo\/vente-dhuile-dolive-vierge-extra\/","url":"https:\/\/www.todolivo.com\/fr\/service-integral-todolivo\/vente-dhuile-dolive-vierge-extra\/","name":"Vente d\u2019huile d\u2019olive vierge extra - Todolivo - Experts et pionniers \u00e0 Oliveraie en Haie","isPartOf":{"@id":"https:\/\/www.todolivo.com\/#website"},"primaryImageOfPage":{"@id":"https:\/\/www.todolivo.com\/fr\/service-integral-todolivo\/vente-dhuile-dolive-vierge-extra\/#primaryimage"},"image":{"@id":"https:\/\/www.todolivo.com\/fr\/service-integral-todolivo\/vente-dhuile-dolive-vierge-extra\/#primaryimage"},"thumbnailUrl":"http:\/\/todolivo.com\/wp-content\/uploads\/Todolivo_VentaAceite1.jpg","datePublished":"2014-11-01T00:54:12+00:00","dateModified":"2021-03-27T00:00:59+00:00","breadcrumb":{"@id":"https:\/\/www.todolivo.com\/fr\/service-integral-todolivo\/vente-dhuile-dolive-vierge-extra\/#breadcrumb"},"inLanguage":"fr-FR","potentialAction":[{"@type":"ReadAction","target":["https:\/\/www.todolivo.com\/fr\/service-integral-todolivo\/vente-dhuile-dolive-vierge-extra\/"]}]},{"@type":"ImageObject","inLanguage":"fr-FR","@id":"https:\/\/www.todolivo.com\/fr\/service-integral-todolivo\/vente-dhuile-dolive-vierge-extra\/#primaryimage","url":"http:\/\/todolivo.com\/wp-content\/uploads\/Todolivo_VentaAceite1.jpg","contentUrl":"http:\/\/todolivo.com\/wp-content\/uploads\/Todolivo_VentaAceite1.jpg"},{"@type":"BreadcrumbList","@id":"https:\/\/www.todolivo.com\/fr\/service-integral-todolivo\/vente-dhuile-dolive-vierge-extra\/#breadcrumb","itemListElement":[{"@type":"ListItem","position":1,"name":"Couverture","item":"https:\/\/www.todolivo.com\/fr\/"},{"@type":"ListItem","position":2,"name":"Service integral Todolivo","item":"https:\/\/www.todolivo.com\/fr\/service-integral-todolivo\/"},{"@type":"ListItem","position":3,"name":"Vente d\u2019huile d\u2019olive vierge extra"}]},{"@type":"WebSite","@id":"https:\/\/www.todolivo.com\/#website","url":"https:\/\/www.todolivo.com\/","name":"Todolivo - Experts et pionniers \u00e0 Oliveraie en Haie","description":"Todolivo - Experts et pionniers \u00e0 Oliveraie en Haie","potentialAction":[{"@type":"SearchAction","target":{"@type":"EntryPoint","urlTemplate":"https:\/\/www.todolivo.com\/?s={search_term_string}"},"query-input":{"@type":"PropertyValueSpecification","valueRequired":true,"valueName":"search_term_string"}}],"inLanguage":"fr-FR"}]}},"_links":{"self":[{"href":"https:\/\/www.todolivo.com\/fr\/wp-json\/wp\/v2\/pages\/3489","targetHints":{"allow":["GET"]}}],"collection":[{"href":"https:\/\/www.todolivo.com\/fr\/wp-json\/wp\/v2\/pages"}],"about":[{"href":"https:\/\/www.todolivo.com\/fr\/wp-json\/wp\/v2\/types\/page"}],"author":[{"embeddable":true,"href":"https:\/\/www.todolivo.com\/fr\/wp-json\/wp\/v2\/users\/1"}],"replies":[{"embeddable":true,"href":"https:\/\/www.todolivo.com\/fr\/wp-json\/wp\/v2\/comments?post=3489"}],"version-history":[{"count":7,"href":"https:\/\/www.todolivo.com\/fr\/wp-json\/wp\/v2\/pages\/3489\/revisions"}],"predecessor-version":[{"id":45665,"href":"https:\/\/www.todolivo.com\/fr\/wp-json\/wp\/v2\/pages\/3489\/revisions\/45665"}],"up":[{"embeddable":true,"href":"https:\/\/www.todolivo.com\/fr\/wp-json\/wp\/v2\/pages\/3451"}],"wp:attachment":[{"href":"https:\/\/www.todolivo.com\/fr\/wp-json\/wp\/v2\/media?parent=3489"}],"curies":[{"name":"wp","href":"https:\/\/api.w.org\/{rel}","templated":true}]}}