{"id":3484,"date":"2014-11-01T01:41:23","date_gmt":"2014-11-01T00:41:23","guid":{"rendered":"http:\/\/todolivo.com\/?page_id=3484"},"modified":"2020-02-14T17:02:50","modified_gmt":"2020-02-14T16:02:50","slug":"service-de-pressage-d-olive","status":"publish","type":"page","link":"https:\/\/www.todolivo.com\/fr\/service-integral-todolivo\/service-de-pressage-d-olive\/","title":{"rendered":"Service de broyage"},"content":{"rendered":"<h3 style=\"text-align: center;\"><img fetchpriority=\"high\" decoding=\"async\" class=\"aligncenter size-full wp-image-4288\" src=\"http:\/\/todolivo.com\/wp-content\/uploads\/72-11.jpg\" alt=\"72-11\" width=\"900\" height=\"94\" srcset=\"https:\/\/www.todolivo.com\/wp-content\/uploads\/72-11.jpg 900w, https:\/\/www.todolivo.com\/wp-content\/uploads\/72-11-300x31.jpg 300w, https:\/\/www.todolivo.com\/wp-content\/uploads\/72-11-55x5.jpg 55w, https:\/\/www.todolivo.com\/wp-content\/uploads\/72-11-636x66.jpg 636w, https:\/\/www.todolivo.com\/wp-content\/uploads\/72-11-320x33.jpg 320w, https:\/\/www.todolivo.com\/wp-content\/uploads\/72-11-239x24.jpg 239w\" sizes=\"(max-width: 900px) 100vw, 900px\" \/><\/h3>\n<h3 style=\"text-align: center;\">La qualit\u00e9 commence dans le champ<br \/>\n\u2026 et continue au moulin<\/h3>\n<p>Les olives sont transport\u00e9es le m\u00eame jour de la r\u00e9colte au moulin. Le processus d\u2019extraction du jus d\u2019olive est r\u00e9alis\u00e9 \u00e0 la temp\u00e9rature ambiante, afin de ne pas alt\u00e9rer ses propri\u00e9t\u00e9s organoleptiques et pour conserver les vitamines et antioxydants de l\u2019huile.<br \/>\nApr\u00e8s son obtention, l\u2019huile vierge extra est stock\u00e9e dans la cave, et plus exactement dans des cuves d\u2019acier inoxydable pour une conservation parfaite. L\u2019huile ne demeure que tr\u00e8s peu dans cette installation, d\u00fb \u00e0 la demande \u00e9lev\u00e9e et \u00e0 sa valeur sur le march\u00e9.<\/p>\n<h3>Broyage et vente<\/h3>\n<p>Le moulin \u00e0 huile a une capacit\u00e9 de broyage de 750.000 kg par jour. Nous broyons autour de 15 \u00e0 25 millions d\u2019olives qui proviennent d\u2019oliveraie en haie.<\/p>\n<p>Durant les 20 ans d\u2019exp\u00e9rience en broyage d\u2019olives de plantations d\u2019oliviers en haie, la totalit\u00e9 de l\u2019huile obtenue chaque ann\u00e9e est une <strong>huile vierge extra. <\/strong><\/p>\n<p>Notre objectif principal est que le processus de qualit\u00e9 initi\u00e9 dans les plantations (r\u00e9colte de toutes les olives de l\u2019arbre au moment optimal de maturation) ne soit pas interrompu dans le moulin.<\/p>\n<h3>&nbsp;<\/h3>\n<div align=\"left\"><a class=\"boton\" href=\"http:\/\/todolivo.com\/fr\/obtenir-plus-d-informations\/\" target=\"new\" rel=\"noopener noreferrer\"><img decoding=\"async\" class=\"alignleft wp-image-6678\" style=\"margin-top: -12px;\" src=\"https:\/\/www.todolivo.com\/wp-content\/uploads\/boton-info.png\" alt=\"boton info\" width=\"50\" height=\"48\" srcset=\"https:\/\/www.todolivo.com\/wp-content\/uploads\/boton-info.png 60w, https:\/\/www.todolivo.com\/wp-content\/uploads\/boton-info-55x53.png 55w\" sizes=\"(max-width: 50px) 100vw, 50px\" \/><span style=\"color: #ffffff;\">Obtenir plus d\u2019informations<\/span><\/a><\/div>\n","protected":false},"excerpt":{"rendered":"<p>La qualit\u00e9 commence dans le champ \u2026 et continue au moulin Les olives sont transport\u00e9es le m\u00eame jour de la r\u00e9colte au moulin. Le processus d\u2019extraction du jus d\u2019olive est r\u00e9alis\u00e9 \u00e0 la temp\u00e9rature ambiante, afin de ne pas alt\u00e9rer ses propri\u00e9t\u00e9s organoleptiques et pour conserver les vitamines et antioxydants de l\u2019huile. Apr\u00e8s son obtention, [&hellip;]<\/p>\n","protected":false},"author":1,"featured_media":0,"parent":3451,"menu_order":0,"comment_status":"closed","ping_status":"closed","template":"","meta":{"_lmt_disableupdate":"no","_lmt_disable":"","footnotes":""},"class_list":["post-3484","page","type-page","status-publish"],"yoast_head":"<!-- This site is optimized with the Yoast SEO plugin v26.9 - https:\/\/yoast.com\/product\/yoast-seo-wordpress\/ -->\n<title>Service de broyage - Todolivo - Experts et pionniers \u00e0 Oliveraie en Haie<\/title>\n<meta name=\"robots\" content=\"index, follow, max-snippet:-1, max-image-preview:large, max-video-preview:-1\" \/>\n<link rel=\"canonical\" href=\"https:\/\/www.todolivo.com\/fr\/service-integral-todolivo\/service-de-pressage-d-olive\/\" \/>\n<meta property=\"og:locale\" content=\"fr_FR\" \/>\n<meta property=\"og:type\" content=\"article\" \/>\n<meta property=\"og:title\" content=\"Service de broyage - Todolivo - Experts et pionniers \u00e0 Oliveraie en Haie\" \/>\n<meta property=\"og:description\" content=\"La qualit\u00e9 commence dans le champ \u2026 et continue au moulin Les olives sont transport\u00e9es le m\u00eame jour de la r\u00e9colte au moulin. Le processus d\u2019extraction du jus d\u2019olive est r\u00e9alis\u00e9 \u00e0 la temp\u00e9rature ambiante, afin de ne pas alt\u00e9rer ses propri\u00e9t\u00e9s organoleptiques et pour conserver les vitamines et antioxydants de l\u2019huile. Apr\u00e8s son obtention, [&hellip;]\" \/>\n<meta property=\"og:url\" content=\"https:\/\/www.todolivo.com\/fr\/service-integral-todolivo\/service-de-pressage-d-olive\/\" \/>\n<meta property=\"og:site_name\" content=\"Todolivo - Experts et pionniers \u00e0 Oliveraie en Haie\" \/>\n<meta property=\"article:modified_time\" content=\"2020-02-14T16:02:50+00:00\" \/>\n<meta property=\"og:image\" content=\"http:\/\/todolivo.com\/wp-content\/uploads\/72-11.jpg\" \/>\n<meta name=\"twitter:card\" content=\"summary_large_image\" \/>\n<meta name=\"twitter:label1\" content=\"Dur\u00e9e de lecture estim\u00e9e\" \/>\n\t<meta name=\"twitter:data1\" content=\"1 minute\" \/>\n<script type=\"application\/ld+json\" class=\"yoast-schema-graph\">{\"@context\":\"https:\/\/schema.org\",\"@graph\":[{\"@type\":\"WebPage\",\"@id\":\"https:\/\/www.todolivo.com\/fr\/service-integral-todolivo\/service-de-pressage-d-olive\/\",\"url\":\"https:\/\/www.todolivo.com\/fr\/service-integral-todolivo\/service-de-pressage-d-olive\/\",\"name\":\"Service de broyage - Todolivo - Experts et pionniers \u00e0 Oliveraie en Haie\",\"isPartOf\":{\"@id\":\"https:\/\/www.todolivo.com\/#website\"},\"primaryImageOfPage\":{\"@id\":\"https:\/\/www.todolivo.com\/fr\/service-integral-todolivo\/service-de-pressage-d-olive\/#primaryimage\"},\"image\":{\"@id\":\"https:\/\/www.todolivo.com\/fr\/service-integral-todolivo\/service-de-pressage-d-olive\/#primaryimage\"},\"thumbnailUrl\":\"http:\/\/todolivo.com\/wp-content\/uploads\/72-11.jpg\",\"datePublished\":\"2014-11-01T00:41:23+00:00\",\"dateModified\":\"2020-02-14T16:02:50+00:00\",\"breadcrumb\":{\"@id\":\"https:\/\/www.todolivo.com\/fr\/service-integral-todolivo\/service-de-pressage-d-olive\/#breadcrumb\"},\"inLanguage\":\"fr-FR\",\"potentialAction\":[{\"@type\":\"ReadAction\",\"target\":[\"https:\/\/www.todolivo.com\/fr\/service-integral-todolivo\/service-de-pressage-d-olive\/\"]}]},{\"@type\":\"ImageObject\",\"inLanguage\":\"fr-FR\",\"@id\":\"https:\/\/www.todolivo.com\/fr\/service-integral-todolivo\/service-de-pressage-d-olive\/#primaryimage\",\"url\":\"http:\/\/todolivo.com\/wp-content\/uploads\/72-11.jpg\",\"contentUrl\":\"http:\/\/todolivo.com\/wp-content\/uploads\/72-11.jpg\"},{\"@type\":\"BreadcrumbList\",\"@id\":\"https:\/\/www.todolivo.com\/fr\/service-integral-todolivo\/service-de-pressage-d-olive\/#breadcrumb\",\"itemListElement\":[{\"@type\":\"ListItem\",\"position\":1,\"name\":\"Couverture\",\"item\":\"https:\/\/www.todolivo.com\/fr\/\"},{\"@type\":\"ListItem\",\"position\":2,\"name\":\"Service integral Todolivo\",\"item\":\"https:\/\/www.todolivo.com\/fr\/service-integral-todolivo\/\"},{\"@type\":\"ListItem\",\"position\":3,\"name\":\"Service de broyage\"}]},{\"@type\":\"WebSite\",\"@id\":\"https:\/\/www.todolivo.com\/#website\",\"url\":\"https:\/\/www.todolivo.com\/\",\"name\":\"Todolivo - Experts et pionniers \u00e0 Oliveraie en Haie\",\"description\":\"Todolivo - Experts et pionniers \u00e0 Oliveraie en Haie\",\"potentialAction\":[{\"@type\":\"SearchAction\",\"target\":{\"@type\":\"EntryPoint\",\"urlTemplate\":\"https:\/\/www.todolivo.com\/?s={search_term_string}\"},\"query-input\":{\"@type\":\"PropertyValueSpecification\",\"valueRequired\":true,\"valueName\":\"search_term_string\"}}],\"inLanguage\":\"fr-FR\"}]}<\/script>\n<!-- \/ Yoast SEO plugin. -->","yoast_head_json":{"title":"Service de broyage - Todolivo - Experts et pionniers \u00e0 Oliveraie en Haie","robots":{"index":"index","follow":"follow","max-snippet":"max-snippet:-1","max-image-preview":"max-image-preview:large","max-video-preview":"max-video-preview:-1"},"canonical":"https:\/\/www.todolivo.com\/fr\/service-integral-todolivo\/service-de-pressage-d-olive\/","og_locale":"fr_FR","og_type":"article","og_title":"Service de broyage - Todolivo - Experts et pionniers \u00e0 Oliveraie en Haie","og_description":"La qualit\u00e9 commence dans le champ \u2026 et continue au moulin Les olives sont transport\u00e9es le m\u00eame jour de la r\u00e9colte au moulin. Le processus d\u2019extraction du jus d\u2019olive est r\u00e9alis\u00e9 \u00e0 la temp\u00e9rature ambiante, afin de ne pas alt\u00e9rer ses propri\u00e9t\u00e9s organoleptiques et pour conserver les vitamines et antioxydants de l\u2019huile. Apr\u00e8s son obtention, [&hellip;]","og_url":"https:\/\/www.todolivo.com\/fr\/service-integral-todolivo\/service-de-pressage-d-olive\/","og_site_name":"Todolivo - Experts et pionniers \u00e0 Oliveraie en Haie","article_modified_time":"2020-02-14T16:02:50+00:00","og_image":[{"url":"http:\/\/todolivo.com\/wp-content\/uploads\/72-11.jpg","type":"","width":"","height":""}],"twitter_card":"summary_large_image","twitter_misc":{"Dur\u00e9e de lecture estim\u00e9e":"1 minute"},"schema":{"@context":"https:\/\/schema.org","@graph":[{"@type":"WebPage","@id":"https:\/\/www.todolivo.com\/fr\/service-integral-todolivo\/service-de-pressage-d-olive\/","url":"https:\/\/www.todolivo.com\/fr\/service-integral-todolivo\/service-de-pressage-d-olive\/","name":"Service de broyage - Todolivo - Experts et pionniers \u00e0 Oliveraie en Haie","isPartOf":{"@id":"https:\/\/www.todolivo.com\/#website"},"primaryImageOfPage":{"@id":"https:\/\/www.todolivo.com\/fr\/service-integral-todolivo\/service-de-pressage-d-olive\/#primaryimage"},"image":{"@id":"https:\/\/www.todolivo.com\/fr\/service-integral-todolivo\/service-de-pressage-d-olive\/#primaryimage"},"thumbnailUrl":"http:\/\/todolivo.com\/wp-content\/uploads\/72-11.jpg","datePublished":"2014-11-01T00:41:23+00:00","dateModified":"2020-02-14T16:02:50+00:00","breadcrumb":{"@id":"https:\/\/www.todolivo.com\/fr\/service-integral-todolivo\/service-de-pressage-d-olive\/#breadcrumb"},"inLanguage":"fr-FR","potentialAction":[{"@type":"ReadAction","target":["https:\/\/www.todolivo.com\/fr\/service-integral-todolivo\/service-de-pressage-d-olive\/"]}]},{"@type":"ImageObject","inLanguage":"fr-FR","@id":"https:\/\/www.todolivo.com\/fr\/service-integral-todolivo\/service-de-pressage-d-olive\/#primaryimage","url":"http:\/\/todolivo.com\/wp-content\/uploads\/72-11.jpg","contentUrl":"http:\/\/todolivo.com\/wp-content\/uploads\/72-11.jpg"},{"@type":"BreadcrumbList","@id":"https:\/\/www.todolivo.com\/fr\/service-integral-todolivo\/service-de-pressage-d-olive\/#breadcrumb","itemListElement":[{"@type":"ListItem","position":1,"name":"Couverture","item":"https:\/\/www.todolivo.com\/fr\/"},{"@type":"ListItem","position":2,"name":"Service integral Todolivo","item":"https:\/\/www.todolivo.com\/fr\/service-integral-todolivo\/"},{"@type":"ListItem","position":3,"name":"Service de broyage"}]},{"@type":"WebSite","@id":"https:\/\/www.todolivo.com\/#website","url":"https:\/\/www.todolivo.com\/","name":"Todolivo - Experts et pionniers \u00e0 Oliveraie en Haie","description":"Todolivo - Experts et pionniers \u00e0 Oliveraie en Haie","potentialAction":[{"@type":"SearchAction","target":{"@type":"EntryPoint","urlTemplate":"https:\/\/www.todolivo.com\/?s={search_term_string}"},"query-input":{"@type":"PropertyValueSpecification","valueRequired":true,"valueName":"search_term_string"}}],"inLanguage":"fr-FR"}]}},"_links":{"self":[{"href":"https:\/\/www.todolivo.com\/fr\/wp-json\/wp\/v2\/pages\/3484","targetHints":{"allow":["GET"]}}],"collection":[{"href":"https:\/\/www.todolivo.com\/fr\/wp-json\/wp\/v2\/pages"}],"about":[{"href":"https:\/\/www.todolivo.com\/fr\/wp-json\/wp\/v2\/types\/page"}],"author":[{"embeddable":true,"href":"https:\/\/www.todolivo.com\/fr\/wp-json\/wp\/v2\/users\/1"}],"replies":[{"embeddable":true,"href":"https:\/\/www.todolivo.com\/fr\/wp-json\/wp\/v2\/comments?post=3484"}],"version-history":[{"count":3,"href":"https:\/\/www.todolivo.com\/fr\/wp-json\/wp\/v2\/pages\/3484\/revisions"}],"predecessor-version":[{"id":20495,"href":"https:\/\/www.todolivo.com\/fr\/wp-json\/wp\/v2\/pages\/3484\/revisions\/20495"}],"up":[{"embeddable":true,"href":"https:\/\/www.todolivo.com\/fr\/wp-json\/wp\/v2\/pages\/3451"}],"wp:attachment":[{"href":"https:\/\/www.todolivo.com\/fr\/wp-json\/wp\/v2\/media?parent=3484"}],"curies":[{"name":"wp","href":"https:\/\/api.w.org\/{rel}","templated":true}]}}