{"id":3482,"date":"2014-11-01T01:38:40","date_gmt":"2014-11-01T00:38:40","guid":{"rendered":"http:\/\/todolivo.com\/?page_id=3482"},"modified":"2020-02-14T13:39:23","modified_gmt":"2020-02-14T12:39:23","slug":"service-de-taille","status":"publish","type":"page","link":"https:\/\/www.todolivo.com\/fr\/service-integral-todolivo\/service-de-taille\/","title":{"rendered":"Service de taille"},"content":{"rendered":"<ul class=\"g1-grid\"><li class=\"g1-column g1-one-half g1-valign-top\">\n<h3>Nous disposons de:<\/h3>\n<ul>\n<li>Techniciens experts en taille d\u2019oliveraie en haie, pour assister et former le personnel de votre ferme.<\/li>\n<li>\u00c9quipe d\u2019\u00e9lagueurs professionnels pour r\u00e9aliser la taille de votre ferme.<\/li>\n<li>Tous les compl\u00e9ments n\u00e9cessaires pour la r\u00e9aliser&nbsp;: tron\u00e7onneuses, \u00e9cimeuses\/rogneuses, taille-haies pour Topping, broyeuses, etc.<\/li>\n<\/ul>\n<p><img fetchpriority=\"high\" decoding=\"async\" class=\"aligncenter size-full wp-image-20475\" src=\"https:\/\/www.todolivo.com\/wp-content\/uploads\/Todolivo_serv-poda_1.jpg\" alt=\"\" width=\"500\" height=\"282\" srcset=\"https:\/\/www.todolivo.com\/wp-content\/uploads\/Todolivo_serv-poda_1.jpg 500w, https:\/\/www.todolivo.com\/wp-content\/uploads\/Todolivo_serv-poda_1-300x169.jpg 300w, https:\/\/www.todolivo.com\/wp-content\/uploads\/Todolivo_serv-poda_1-482x271.jpg 482w, https:\/\/www.todolivo.com\/wp-content\/uploads\/Todolivo_serv-poda_1-320x180.jpg 320w, https:\/\/www.todolivo.com\/wp-content\/uploads\/Todolivo_serv-poda_1-239x135.jpg 239w\" sizes=\"(max-width: 500px) 100vw, 500px\" \/><\/p>\n<p><img decoding=\"async\" class=\"aligncenter size-full wp-image-20480\" src=\"https:\/\/www.todolivo.com\/wp-content\/uploads\/Todolivo_serv-poda_2.jpg\" alt=\"\" width=\"500\" height=\"267\" srcset=\"https:\/\/www.todolivo.com\/wp-content\/uploads\/Todolivo_serv-poda_2.jpg 500w, https:\/\/www.todolivo.com\/wp-content\/uploads\/Todolivo_serv-poda_2-300x160.jpg 300w, https:\/\/www.todolivo.com\/wp-content\/uploads\/Todolivo_serv-poda_2-320x171.jpg 320w, https:\/\/www.todolivo.com\/wp-content\/uploads\/Todolivo_serv-poda_2-239x128.jpg 239w\" sizes=\"(max-width: 500px) 100vw, 500px\" \/><\/p>\n<\/li><!-- -->\n<li class=\"g1-column g1-one-half g1-valign-top\">\n<p style=\"text-align: center;\"><img decoding=\"async\" class=\"aligncenter wp-image-4282\" src=\"https:\/\/www.todolivo.com\/wp-content\/uploads\/71-21.jpg\" alt=\"71-21\" width=\"450\" height=\"557\" srcset=\"https:\/\/www.todolivo.com\/wp-content\/uploads\/71-21.jpg 566w, https:\/\/www.todolivo.com\/wp-content\/uploads\/71-21-242x300.jpg 242w, https:\/\/www.todolivo.com\/wp-content\/uploads\/71-21-55x68.jpg 55w, https:\/\/www.todolivo.com\/wp-content\/uploads\/71-21-320x395.jpg 320w, https:\/\/www.todolivo.com\/wp-content\/uploads\/71-21-239x295.jpg 239w\" sizes=\"(max-width: 450px) 100vw, 450px\" \/><\/p>\n<h4 style=\"text-align: center;\"><span style=\"text-decoration: underline;\"><a href=\"http:\/\/todolivo.com\/fr\/oliveraie-en-haie\/la-taille\/\">aller \u00e0 \u00ab\u00a0La taille en oliveraie en haie\u00a0\u00bb<\/a><\/span><\/h4>\n<div align=\"center\"><a class=\"boton\" href=\"http:\/\/todolivo.com\/fr\/obtenir-plus-d-informations\/\" target=\"new\" rel=\"noopener noreferrer\"><img loading=\"lazy\" decoding=\"async\" class=\"alignleft wp-image-6678\" style=\"margin-top: -12px;\" src=\"https:\/\/www.todolivo.com\/wp-content\/uploads\/boton-info.png\" alt=\"boton info\" width=\"50\" height=\"48\" srcset=\"https:\/\/www.todolivo.com\/wp-content\/uploads\/boton-info.png 60w, https:\/\/www.todolivo.com\/wp-content\/uploads\/boton-info-55x53.png 55w\" sizes=\"(max-width: 50px) 100vw, 50px\" \/><span style=\"color: #ffffff;\">Obtenir plus d\u2019informations<\/span><\/a><\/div>\n<\/li><!-- --><\/ul>\n","protected":false},"excerpt":{"rendered":"","protected":false},"author":1,"featured_media":0,"parent":3451,"menu_order":0,"comment_status":"closed","ping_status":"closed","template":"","meta":{"_lmt_disableupdate":"no","_lmt_disable":"","footnotes":""},"class_list":["post-3482","page","type-page","status-publish"],"yoast_head":"<!-- This site is optimized with the Yoast SEO plugin v26.9 - https:\/\/yoast.com\/product\/yoast-seo-wordpress\/ -->\n<title>Service de taille - Todolivo - Experts et pionniers \u00e0 Oliveraie en Haie<\/title>\n<meta name=\"robots\" content=\"index, follow, max-snippet:-1, max-image-preview:large, max-video-preview:-1\" \/>\n<link rel=\"canonical\" href=\"https:\/\/www.todolivo.com\/fr\/service-integral-todolivo\/service-de-taille\/\" \/>\n<meta property=\"og:locale\" content=\"fr_FR\" \/>\n<meta property=\"og:type\" content=\"article\" \/>\n<meta property=\"og:title\" content=\"Service de taille - Todolivo - Experts et pionniers \u00e0 Oliveraie en Haie\" \/>\n<meta property=\"og:url\" content=\"https:\/\/www.todolivo.com\/fr\/service-integral-todolivo\/service-de-taille\/\" \/>\n<meta property=\"og:site_name\" content=\"Todolivo - Experts et pionniers \u00e0 Oliveraie en Haie\" \/>\n<meta property=\"article:modified_time\" content=\"2020-02-14T12:39:23+00:00\" \/>\n<meta property=\"og:image\" content=\"https:\/\/www.todolivo.com\/wp-content\/uploads\/Todolivo_serv-poda_1.jpg\" \/>\n<meta name=\"twitter:card\" content=\"summary_large_image\" \/>\n<script type=\"application\/ld+json\" class=\"yoast-schema-graph\">{\"@context\":\"https:\/\/schema.org\",\"@graph\":[{\"@type\":\"WebPage\",\"@id\":\"https:\/\/www.todolivo.com\/fr\/service-integral-todolivo\/service-de-taille\/\",\"url\":\"https:\/\/www.todolivo.com\/fr\/service-integral-todolivo\/service-de-taille\/\",\"name\":\"Service de taille - Todolivo - Experts et pionniers \u00e0 Oliveraie en Haie\",\"isPartOf\":{\"@id\":\"https:\/\/www.todolivo.com\/#website\"},\"primaryImageOfPage\":{\"@id\":\"https:\/\/www.todolivo.com\/fr\/service-integral-todolivo\/service-de-taille\/#primaryimage\"},\"image\":{\"@id\":\"https:\/\/www.todolivo.com\/fr\/service-integral-todolivo\/service-de-taille\/#primaryimage\"},\"thumbnailUrl\":\"https:\/\/www.todolivo.com\/wp-content\/uploads\/Todolivo_serv-poda_1.jpg\",\"datePublished\":\"2014-11-01T00:38:40+00:00\",\"dateModified\":\"2020-02-14T12:39:23+00:00\",\"breadcrumb\":{\"@id\":\"https:\/\/www.todolivo.com\/fr\/service-integral-todolivo\/service-de-taille\/#breadcrumb\"},\"inLanguage\":\"fr-FR\",\"potentialAction\":[{\"@type\":\"ReadAction\",\"target\":[\"https:\/\/www.todolivo.com\/fr\/service-integral-todolivo\/service-de-taille\/\"]}]},{\"@type\":\"ImageObject\",\"inLanguage\":\"fr-FR\",\"@id\":\"https:\/\/www.todolivo.com\/fr\/service-integral-todolivo\/service-de-taille\/#primaryimage\",\"url\":\"https:\/\/www.todolivo.com\/wp-content\/uploads\/Todolivo_serv-poda_1.jpg\",\"contentUrl\":\"https:\/\/www.todolivo.com\/wp-content\/uploads\/Todolivo_serv-poda_1.jpg\"},{\"@type\":\"BreadcrumbList\",\"@id\":\"https:\/\/www.todolivo.com\/fr\/service-integral-todolivo\/service-de-taille\/#breadcrumb\",\"itemListElement\":[{\"@type\":\"ListItem\",\"position\":1,\"name\":\"Couverture\",\"item\":\"https:\/\/www.todolivo.com\/fr\/\"},{\"@type\":\"ListItem\",\"position\":2,\"name\":\"Service integral Todolivo\",\"item\":\"https:\/\/www.todolivo.com\/fr\/service-integral-todolivo\/\"},{\"@type\":\"ListItem\",\"position\":3,\"name\":\"Service de taille\"}]},{\"@type\":\"WebSite\",\"@id\":\"https:\/\/www.todolivo.com\/#website\",\"url\":\"https:\/\/www.todolivo.com\/\",\"name\":\"Todolivo - Experts et pionniers \u00e0 Oliveraie en Haie\",\"description\":\"Todolivo - Experts et pionniers \u00e0 Oliveraie en Haie\",\"potentialAction\":[{\"@type\":\"SearchAction\",\"target\":{\"@type\":\"EntryPoint\",\"urlTemplate\":\"https:\/\/www.todolivo.com\/?s={search_term_string}\"},\"query-input\":{\"@type\":\"PropertyValueSpecification\",\"valueRequired\":true,\"valueName\":\"search_term_string\"}}],\"inLanguage\":\"fr-FR\"}]}<\/script>\n<!-- \/ Yoast SEO plugin. -->","yoast_head_json":{"title":"Service de taille - Todolivo - Experts et pionniers \u00e0 Oliveraie en Haie","robots":{"index":"index","follow":"follow","max-snippet":"max-snippet:-1","max-image-preview":"max-image-preview:large","max-video-preview":"max-video-preview:-1"},"canonical":"https:\/\/www.todolivo.com\/fr\/service-integral-todolivo\/service-de-taille\/","og_locale":"fr_FR","og_type":"article","og_title":"Service de taille - Todolivo - Experts et pionniers \u00e0 Oliveraie en Haie","og_url":"https:\/\/www.todolivo.com\/fr\/service-integral-todolivo\/service-de-taille\/","og_site_name":"Todolivo - Experts et pionniers \u00e0 Oliveraie en Haie","article_modified_time":"2020-02-14T12:39:23+00:00","og_image":[{"url":"https:\/\/www.todolivo.com\/wp-content\/uploads\/Todolivo_serv-poda_1.jpg","type":"","width":"","height":""}],"twitter_card":"summary_large_image","schema":{"@context":"https:\/\/schema.org","@graph":[{"@type":"WebPage","@id":"https:\/\/www.todolivo.com\/fr\/service-integral-todolivo\/service-de-taille\/","url":"https:\/\/www.todolivo.com\/fr\/service-integral-todolivo\/service-de-taille\/","name":"Service de taille - Todolivo - Experts et pionniers \u00e0 Oliveraie en Haie","isPartOf":{"@id":"https:\/\/www.todolivo.com\/#website"},"primaryImageOfPage":{"@id":"https:\/\/www.todolivo.com\/fr\/service-integral-todolivo\/service-de-taille\/#primaryimage"},"image":{"@id":"https:\/\/www.todolivo.com\/fr\/service-integral-todolivo\/service-de-taille\/#primaryimage"},"thumbnailUrl":"https:\/\/www.todolivo.com\/wp-content\/uploads\/Todolivo_serv-poda_1.jpg","datePublished":"2014-11-01T00:38:40+00:00","dateModified":"2020-02-14T12:39:23+00:00","breadcrumb":{"@id":"https:\/\/www.todolivo.com\/fr\/service-integral-todolivo\/service-de-taille\/#breadcrumb"},"inLanguage":"fr-FR","potentialAction":[{"@type":"ReadAction","target":["https:\/\/www.todolivo.com\/fr\/service-integral-todolivo\/service-de-taille\/"]}]},{"@type":"ImageObject","inLanguage":"fr-FR","@id":"https:\/\/www.todolivo.com\/fr\/service-integral-todolivo\/service-de-taille\/#primaryimage","url":"https:\/\/www.todolivo.com\/wp-content\/uploads\/Todolivo_serv-poda_1.jpg","contentUrl":"https:\/\/www.todolivo.com\/wp-content\/uploads\/Todolivo_serv-poda_1.jpg"},{"@type":"BreadcrumbList","@id":"https:\/\/www.todolivo.com\/fr\/service-integral-todolivo\/service-de-taille\/#breadcrumb","itemListElement":[{"@type":"ListItem","position":1,"name":"Couverture","item":"https:\/\/www.todolivo.com\/fr\/"},{"@type":"ListItem","position":2,"name":"Service integral Todolivo","item":"https:\/\/www.todolivo.com\/fr\/service-integral-todolivo\/"},{"@type":"ListItem","position":3,"name":"Service de taille"}]},{"@type":"WebSite","@id":"https:\/\/www.todolivo.com\/#website","url":"https:\/\/www.todolivo.com\/","name":"Todolivo - Experts et pionniers \u00e0 Oliveraie en Haie","description":"Todolivo - Experts et pionniers \u00e0 Oliveraie en Haie","potentialAction":[{"@type":"SearchAction","target":{"@type":"EntryPoint","urlTemplate":"https:\/\/www.todolivo.com\/?s={search_term_string}"},"query-input":{"@type":"PropertyValueSpecification","valueRequired":true,"valueName":"search_term_string"}}],"inLanguage":"fr-FR"}]}},"_links":{"self":[{"href":"https:\/\/www.todolivo.com\/fr\/wp-json\/wp\/v2\/pages\/3482","targetHints":{"allow":["GET"]}}],"collection":[{"href":"https:\/\/www.todolivo.com\/fr\/wp-json\/wp\/v2\/pages"}],"about":[{"href":"https:\/\/www.todolivo.com\/fr\/wp-json\/wp\/v2\/types\/page"}],"author":[{"embeddable":true,"href":"https:\/\/www.todolivo.com\/fr\/wp-json\/wp\/v2\/users\/1"}],"replies":[{"embeddable":true,"href":"https:\/\/www.todolivo.com\/fr\/wp-json\/wp\/v2\/comments?post=3482"}],"version-history":[{"count":3,"href":"https:\/\/www.todolivo.com\/fr\/wp-json\/wp\/v2\/pages\/3482\/revisions"}],"predecessor-version":[{"id":20486,"href":"https:\/\/www.todolivo.com\/fr\/wp-json\/wp\/v2\/pages\/3482\/revisions\/20486"}],"up":[{"embeddable":true,"href":"https:\/\/www.todolivo.com\/fr\/wp-json\/wp\/v2\/pages\/3451"}],"wp:attachment":[{"href":"https:\/\/www.todolivo.com\/fr\/wp-json\/wp\/v2\/media?parent=3482"}],"curies":[{"name":"wp","href":"https:\/\/api.w.org\/{rel}","templated":true}]}}