{"id":3477,"date":"2014-11-01T01:25:43","date_gmt":"2014-11-01T00:25:43","guid":{"rendered":"http:\/\/todolivo.com\/?page_id=3477"},"modified":"2020-02-14T18:11:07","modified_gmt":"2020-02-14T17:11:07","slug":"conception-et-installation-dirrigation-par-micro-irrigation","status":"publish","type":"page","link":"https:\/\/www.todolivo.com\/fr\/service-integral-todolivo\/conception-et-installation-dirrigation-par-micro-irrigation\/","title":{"rendered":"Conception et installation d\u2019irrigation par micro-irrigation"},"content":{"rendered":"<h1 style=\"text-align: center;\"><img fetchpriority=\"high\" decoding=\"async\" class=\"aligncenter wp-image-20533 size-full\" src=\"https:\/\/www.todolivo.com\/wp-content\/uploads\/Todolivo_rieg_mano.jpg\" alt=\"\" width=\"900\" height=\"132\" srcset=\"https:\/\/www.todolivo.com\/wp-content\/uploads\/Todolivo_rieg_mano.jpg 900w, https:\/\/www.todolivo.com\/wp-content\/uploads\/Todolivo_rieg_mano-300x44.jpg 300w, https:\/\/www.todolivo.com\/wp-content\/uploads\/Todolivo_rieg_mano-768x113.jpg 768w, https:\/\/www.todolivo.com\/wp-content\/uploads\/Todolivo_rieg_mano-636x93.jpg 636w, https:\/\/www.todolivo.com\/wp-content\/uploads\/Todolivo_rieg_mano-320x47.jpg 320w, https:\/\/www.todolivo.com\/wp-content\/uploads\/Todolivo_rieg_mano-239x35.jpg 239w\" sizes=\"(max-width: 900px) 100vw, 900px\" \/><\/h1>\n<h1 style=\"text-align: center;\"><span id=\"g1-space-1\" class=\"g1-space \" style=\"height:20px;\"><\/span>CONCEPTION ET INSTALLATION D\u2019IRRIGATION PAR MICRO-IRRIGATION<\/h1>\n<h3 style=\"text-align: center;\"><em>Tirez le maximum de profit et rendement \u00e0 votre ferme<\/em><\/h3>\n<p><img decoding=\"async\" class=\"alignright wp-image-3095 size-full\" style=\"margin-left: 20px;\" src=\"http:\/\/todolivo.com\/wp-content\/uploads\/77_2.jpg\" alt=\"77_2\" width=\"240\" height=\"220\" srcset=\"https:\/\/www.todolivo.com\/wp-content\/uploads\/77_2.jpg 240w, https:\/\/www.todolivo.com\/wp-content\/uploads\/77_2-239x219.jpg 239w\" sizes=\"(max-width: 240px) 100vw, 240px\" \/><span id=\"g1-space-2\" class=\"g1-space \" style=\"height:20px;\"><\/span>Si vous disposer d\u2019eau pour pouvoir arroser, vous pouvez opter \u00e0 <strong>des plantations avec irrigation d\u2019appui ou avec irrigation<\/strong>.&nbsp; Celles-ci admettent des cadres plus serr\u00e9s, sont plus productives et vous permettent de stabiliser plus vos productions.<\/p>\n<h3>Installation \u00ab\u00a0cl\u00e9 en main\u00a0\u00bb<\/h3>\n<p><strong>Chez Todolivo, nous disposons d\u2019un d\u00e9partement d\u2019irrigation <\/strong>int\u00e9gr\u00e9 par des ing\u00e9nieurs agronomes et des monteurs exp\u00e9riment\u00e9s, ainsi que de tous les produits n\u00e9cessaires pour r\u00e9aliser de forme efficace et compl\u00e8te votre installation d\u2019irrigation.<\/p>\n<p>Notre <strong>d\u00e9partement d\u2019irrigation<\/strong> travaille en parfaite syntonie avec le <strong>d\u00e9partement de plantations<\/strong> pour d\u00e9terminer les n\u00e9cessit\u00e9s hydriques de la plantation, doser et projeter l\u2019irrigation en se basant sur ces derni\u00e8res, et coordonner les travaux de champ pour une parfaite implantation.<\/p>\n<h4 style=\"text-align: center;\">Conception de projet \u00b7 Installation cl\u00e9 en main \u00b7 \u00c9tangs \u00b7 Tuyauteries primaires et secondaires \u00b7 Tuyauteries avec goutteurs int\u00e9gr\u00e9s \u00b7 Filtres automatiques \u00b7 \u00c9lectrovalves \u00b7 Programmateurs, etc.<\/h4>\n<h3 style=\"text-align: center;\"><em>21 ans r\u00e9alisant des installations \u00ab cl\u00e9 en main \u00bb d\u2019Oliveraie en Haie <\/em><\/h3>\n<div align=\"center\"><a class=\"boton\" href=\"http:\/\/todolivo.com\/fr\/obtenir-plus-d-informations\/\" target=\"new\" rel=\"noopener noreferrer\"><img decoding=\"async\" class=\"alignleft wp-image-6678\" style=\"margin-top: -12px;\" src=\"https:\/\/www.todolivo.com\/wp-content\/uploads\/boton-info.png\" alt=\"boton info\" width=\"50\" height=\"48\" srcset=\"https:\/\/www.todolivo.com\/wp-content\/uploads\/boton-info.png 60w, https:\/\/www.todolivo.com\/wp-content\/uploads\/boton-info-55x53.png 55w\" sizes=\"(max-width: 50px) 100vw, 50px\" \/><span style=\"color: #ffffff;\">Obtenir plus d\u2019informations<\/span><\/a><\/div>\n","protected":false},"excerpt":{"rendered":"<p>CONCEPTION ET INSTALLATION D\u2019IRRIGATION PAR MICRO-IRRIGATION Tirez le maximum de profit et rendement \u00e0 votre ferme Si vous disposer d\u2019eau pour pouvoir arroser, vous pouvez opter \u00e0 des plantations avec irrigation d\u2019appui ou avec irrigation.&nbsp; Celles-ci admettent des cadres plus serr\u00e9s, sont plus productives et vous permettent de stabiliser plus vos productions. Installation \u00ab\u00a0cl\u00e9 en [&hellip;]<\/p>\n","protected":false},"author":1,"featured_media":0,"parent":3451,"menu_order":0,"comment_status":"closed","ping_status":"closed","template":"","meta":{"_lmt_disableupdate":"no","_lmt_disable":"","footnotes":""},"class_list":["post-3477","page","type-page","status-publish"],"yoast_head":"<!-- This site is optimized with the Yoast SEO plugin v26.9 - https:\/\/yoast.com\/product\/yoast-seo-wordpress\/ -->\n<title>Conception et installation d\u2019irrigation par micro-irrigation - Todolivo - Experts et pionniers \u00e0 Oliveraie en Haie<\/title>\n<meta name=\"robots\" content=\"index, follow, max-snippet:-1, max-image-preview:large, max-video-preview:-1\" \/>\n<link rel=\"canonical\" href=\"https:\/\/www.todolivo.com\/fr\/service-integral-todolivo\/conception-et-installation-dirrigation-par-micro-irrigation\/\" \/>\n<meta property=\"og:locale\" content=\"fr_FR\" \/>\n<meta property=\"og:type\" content=\"article\" \/>\n<meta property=\"og:title\" content=\"Conception et installation d\u2019irrigation par micro-irrigation - Todolivo - Experts et pionniers \u00e0 Oliveraie en Haie\" \/>\n<meta property=\"og:description\" content=\"CONCEPTION ET INSTALLATION D\u2019IRRIGATION PAR MICRO-IRRIGATION Tirez le maximum de profit et rendement \u00e0 votre ferme Si vous disposer d\u2019eau pour pouvoir arroser, vous pouvez opter \u00e0 des plantations avec irrigation d\u2019appui ou avec irrigation.&nbsp; Celles-ci admettent des cadres plus serr\u00e9s, sont plus productives et vous permettent de stabiliser plus vos productions. Installation \u00ab\u00a0cl\u00e9 en [&hellip;]\" \/>\n<meta property=\"og:url\" content=\"https:\/\/www.todolivo.com\/fr\/service-integral-todolivo\/conception-et-installation-dirrigation-par-micro-irrigation\/\" \/>\n<meta property=\"og:site_name\" content=\"Todolivo - Experts et pionniers \u00e0 Oliveraie en Haie\" \/>\n<meta property=\"article:modified_time\" content=\"2020-02-14T17:11:07+00:00\" \/>\n<meta property=\"og:image\" content=\"https:\/\/www.todolivo.com\/wp-content\/uploads\/Todolivo_rieg_mano.jpg\" \/>\n<meta name=\"twitter:card\" content=\"summary_large_image\" \/>\n<meta name=\"twitter:label1\" content=\"Dur\u00e9e de lecture estim\u00e9e\" \/>\n\t<meta name=\"twitter:data1\" content=\"1 minute\" \/>\n<script type=\"application\/ld+json\" class=\"yoast-schema-graph\">{\"@context\":\"https:\/\/schema.org\",\"@graph\":[{\"@type\":\"WebPage\",\"@id\":\"https:\/\/www.todolivo.com\/fr\/service-integral-todolivo\/conception-et-installation-dirrigation-par-micro-irrigation\/\",\"url\":\"https:\/\/www.todolivo.com\/fr\/service-integral-todolivo\/conception-et-installation-dirrigation-par-micro-irrigation\/\",\"name\":\"Conception et installation d\u2019irrigation par micro-irrigation - Todolivo - Experts et pionniers \u00e0 Oliveraie en Haie\",\"isPartOf\":{\"@id\":\"https:\/\/www.todolivo.com\/#website\"},\"primaryImageOfPage\":{\"@id\":\"https:\/\/www.todolivo.com\/fr\/service-integral-todolivo\/conception-et-installation-dirrigation-par-micro-irrigation\/#primaryimage\"},\"image\":{\"@id\":\"https:\/\/www.todolivo.com\/fr\/service-integral-todolivo\/conception-et-installation-dirrigation-par-micro-irrigation\/#primaryimage\"},\"thumbnailUrl\":\"https:\/\/www.todolivo.com\/wp-content\/uploads\/Todolivo_rieg_mano.jpg\",\"datePublished\":\"2014-11-01T00:25:43+00:00\",\"dateModified\":\"2020-02-14T17:11:07+00:00\",\"breadcrumb\":{\"@id\":\"https:\/\/www.todolivo.com\/fr\/service-integral-todolivo\/conception-et-installation-dirrigation-par-micro-irrigation\/#breadcrumb\"},\"inLanguage\":\"fr-FR\",\"potentialAction\":[{\"@type\":\"ReadAction\",\"target\":[\"https:\/\/www.todolivo.com\/fr\/service-integral-todolivo\/conception-et-installation-dirrigation-par-micro-irrigation\/\"]}]},{\"@type\":\"ImageObject\",\"inLanguage\":\"fr-FR\",\"@id\":\"https:\/\/www.todolivo.com\/fr\/service-integral-todolivo\/conception-et-installation-dirrigation-par-micro-irrigation\/#primaryimage\",\"url\":\"https:\/\/www.todolivo.com\/wp-content\/uploads\/Todolivo_rieg_mano.jpg\",\"contentUrl\":\"https:\/\/www.todolivo.com\/wp-content\/uploads\/Todolivo_rieg_mano.jpg\"},{\"@type\":\"BreadcrumbList\",\"@id\":\"https:\/\/www.todolivo.com\/fr\/service-integral-todolivo\/conception-et-installation-dirrigation-par-micro-irrigation\/#breadcrumb\",\"itemListElement\":[{\"@type\":\"ListItem\",\"position\":1,\"name\":\"Couverture\",\"item\":\"https:\/\/www.todolivo.com\/fr\/\"},{\"@type\":\"ListItem\",\"position\":2,\"name\":\"Service integral Todolivo\",\"item\":\"https:\/\/www.todolivo.com\/fr\/service-integral-todolivo\/\"},{\"@type\":\"ListItem\",\"position\":3,\"name\":\"Conception et installation d\u2019irrigation par micro-irrigation\"}]},{\"@type\":\"WebSite\",\"@id\":\"https:\/\/www.todolivo.com\/#website\",\"url\":\"https:\/\/www.todolivo.com\/\",\"name\":\"Todolivo - Experts et pionniers \u00e0 Oliveraie en Haie\",\"description\":\"Todolivo - Experts et pionniers \u00e0 Oliveraie en Haie\",\"potentialAction\":[{\"@type\":\"SearchAction\",\"target\":{\"@type\":\"EntryPoint\",\"urlTemplate\":\"https:\/\/www.todolivo.com\/?s={search_term_string}\"},\"query-input\":{\"@type\":\"PropertyValueSpecification\",\"valueRequired\":true,\"valueName\":\"search_term_string\"}}],\"inLanguage\":\"fr-FR\"}]}<\/script>\n<!-- \/ Yoast SEO plugin. -->","yoast_head_json":{"title":"Conception et installation d\u2019irrigation par micro-irrigation - Todolivo - Experts et pionniers \u00e0 Oliveraie en Haie","robots":{"index":"index","follow":"follow","max-snippet":"max-snippet:-1","max-image-preview":"max-image-preview:large","max-video-preview":"max-video-preview:-1"},"canonical":"https:\/\/www.todolivo.com\/fr\/service-integral-todolivo\/conception-et-installation-dirrigation-par-micro-irrigation\/","og_locale":"fr_FR","og_type":"article","og_title":"Conception et installation d\u2019irrigation par micro-irrigation - Todolivo - Experts et pionniers \u00e0 Oliveraie en Haie","og_description":"CONCEPTION ET INSTALLATION D\u2019IRRIGATION PAR MICRO-IRRIGATION Tirez le maximum de profit et rendement \u00e0 votre ferme Si vous disposer d\u2019eau pour pouvoir arroser, vous pouvez opter \u00e0 des plantations avec irrigation d\u2019appui ou avec irrigation.&nbsp; Celles-ci admettent des cadres plus serr\u00e9s, sont plus productives et vous permettent de stabiliser plus vos productions. Installation \u00ab\u00a0cl\u00e9 en [&hellip;]","og_url":"https:\/\/www.todolivo.com\/fr\/service-integral-todolivo\/conception-et-installation-dirrigation-par-micro-irrigation\/","og_site_name":"Todolivo - Experts et pionniers \u00e0 Oliveraie en Haie","article_modified_time":"2020-02-14T17:11:07+00:00","og_image":[{"url":"https:\/\/www.todolivo.com\/wp-content\/uploads\/Todolivo_rieg_mano.jpg","type":"","width":"","height":""}],"twitter_card":"summary_large_image","twitter_misc":{"Dur\u00e9e de lecture estim\u00e9e":"1 minute"},"schema":{"@context":"https:\/\/schema.org","@graph":[{"@type":"WebPage","@id":"https:\/\/www.todolivo.com\/fr\/service-integral-todolivo\/conception-et-installation-dirrigation-par-micro-irrigation\/","url":"https:\/\/www.todolivo.com\/fr\/service-integral-todolivo\/conception-et-installation-dirrigation-par-micro-irrigation\/","name":"Conception et installation d\u2019irrigation par micro-irrigation - Todolivo - Experts et pionniers \u00e0 Oliveraie en Haie","isPartOf":{"@id":"https:\/\/www.todolivo.com\/#website"},"primaryImageOfPage":{"@id":"https:\/\/www.todolivo.com\/fr\/service-integral-todolivo\/conception-et-installation-dirrigation-par-micro-irrigation\/#primaryimage"},"image":{"@id":"https:\/\/www.todolivo.com\/fr\/service-integral-todolivo\/conception-et-installation-dirrigation-par-micro-irrigation\/#primaryimage"},"thumbnailUrl":"https:\/\/www.todolivo.com\/wp-content\/uploads\/Todolivo_rieg_mano.jpg","datePublished":"2014-11-01T00:25:43+00:00","dateModified":"2020-02-14T17:11:07+00:00","breadcrumb":{"@id":"https:\/\/www.todolivo.com\/fr\/service-integral-todolivo\/conception-et-installation-dirrigation-par-micro-irrigation\/#breadcrumb"},"inLanguage":"fr-FR","potentialAction":[{"@type":"ReadAction","target":["https:\/\/www.todolivo.com\/fr\/service-integral-todolivo\/conception-et-installation-dirrigation-par-micro-irrigation\/"]}]},{"@type":"ImageObject","inLanguage":"fr-FR","@id":"https:\/\/www.todolivo.com\/fr\/service-integral-todolivo\/conception-et-installation-dirrigation-par-micro-irrigation\/#primaryimage","url":"https:\/\/www.todolivo.com\/wp-content\/uploads\/Todolivo_rieg_mano.jpg","contentUrl":"https:\/\/www.todolivo.com\/wp-content\/uploads\/Todolivo_rieg_mano.jpg"},{"@type":"BreadcrumbList","@id":"https:\/\/www.todolivo.com\/fr\/service-integral-todolivo\/conception-et-installation-dirrigation-par-micro-irrigation\/#breadcrumb","itemListElement":[{"@type":"ListItem","position":1,"name":"Couverture","item":"https:\/\/www.todolivo.com\/fr\/"},{"@type":"ListItem","position":2,"name":"Service integral Todolivo","item":"https:\/\/www.todolivo.com\/fr\/service-integral-todolivo\/"},{"@type":"ListItem","position":3,"name":"Conception et installation d\u2019irrigation par micro-irrigation"}]},{"@type":"WebSite","@id":"https:\/\/www.todolivo.com\/#website","url":"https:\/\/www.todolivo.com\/","name":"Todolivo - Experts et pionniers \u00e0 Oliveraie en Haie","description":"Todolivo - Experts et pionniers \u00e0 Oliveraie en Haie","potentialAction":[{"@type":"SearchAction","target":{"@type":"EntryPoint","urlTemplate":"https:\/\/www.todolivo.com\/?s={search_term_string}"},"query-input":{"@type":"PropertyValueSpecification","valueRequired":true,"valueName":"search_term_string"}}],"inLanguage":"fr-FR"}]}},"_links":{"self":[{"href":"https:\/\/www.todolivo.com\/fr\/wp-json\/wp\/v2\/pages\/3477","targetHints":{"allow":["GET"]}}],"collection":[{"href":"https:\/\/www.todolivo.com\/fr\/wp-json\/wp\/v2\/pages"}],"about":[{"href":"https:\/\/www.todolivo.com\/fr\/wp-json\/wp\/v2\/types\/page"}],"author":[{"embeddable":true,"href":"https:\/\/www.todolivo.com\/fr\/wp-json\/wp\/v2\/users\/1"}],"replies":[{"embeddable":true,"href":"https:\/\/www.todolivo.com\/fr\/wp-json\/wp\/v2\/comments?post=3477"}],"version-history":[{"count":4,"href":"https:\/\/www.todolivo.com\/fr\/wp-json\/wp\/v2\/pages\/3477\/revisions"}],"predecessor-version":[{"id":20544,"href":"https:\/\/www.todolivo.com\/fr\/wp-json\/wp\/v2\/pages\/3477\/revisions\/20544"}],"up":[{"embeddable":true,"href":"https:\/\/www.todolivo.com\/fr\/wp-json\/wp\/v2\/pages\/3451"}],"wp:attachment":[{"href":"https:\/\/www.todolivo.com\/fr\/wp-json\/wp\/v2\/media?parent=3477"}],"curies":[{"name":"wp","href":"https:\/\/api.w.org\/{rel}","templated":true}]}}