{"id":3313,"date":"2014-10-24T12:58:51","date_gmt":"2014-10-24T11:58:51","guid":{"rendered":"http:\/\/todolivo.com\/?page_id=3313"},"modified":"2023-07-08T15:21:27","modified_gmt":"2023-07-08T14:21:27","slug":"la-recolte-avec-moissonneuse","status":"publish","type":"page","link":"https:\/\/www.todolivo.com\/fr\/oliveraie-en-haie\/la-recolte-avec-moissonneuse\/","title":{"rendered":"La r\u00e9colte avec moissonneuse"},"content":{"rendered":"\n\t\t\t<!-- START la recoleccion_fr REVOLUTION SLIDER 6.2.1 --><p class=\"rs-p-wp-fix\"><\/p>\n\t\t\t<rs-module-wrap id=\"rev_slider_19_1_wrapper\" data-source=\"gallery\" data-aimg=\"\"  style=\"background:#E9E9E9;padding:none;margin:0px auto;margin-top:-10;margin-bottom:20;max-width:1136px\">\n\t\t\t\t<rs-module id=\"rev_slider_19_1\" style=\"display:none;\" data-version=\"6.2.1\">\n\t\t\t\t\t<rs-slides>\n\t\t\t\t\t\t<rs-slide data-key=\"rs-32\" data-title=\"Slide\" data-anim=\"ei:d;eo:d;s:300;r:0;t:random;sl:7;\">\n\t\t\t\t\t\t\t<img decoding=\"async\" src=\"\/\/www.todolivo.com\/wp-content\/uploads\/recoleccion_Todolivo_slider.jpg\" title=\"La r\u00e9colte avec moissonneuse\" data-bg=\"p:center top;\" class=\"rev-slidebg\" data-no-retina>\n<!--\n\t\t\t\t\t\t\t--><rs-layer\n\t\t\t\t\t\t\t\tid=\"slider-19-slide-32-layer-1\" \n\t\t\t\t\t\t\t\tclass=\"large_bold_white_mod_3\"\n\t\t\t\t\t\t\t\tdata-type=\"text\"\n\t\t\t\t\t\t\t\tdata-color=\"#ffffff\"\n\t\t\t\t\t\t\t\tdata-rsp_ch=\"on\"\n\t\t\t\t\t\t\t\tdata-xy=\"x:113px;y:249px;\"\n\t\t\t\t\t\t\t\tdata-text=\"s:55;l:60;fw:300;\"\n\t\t\t\t\t\t\t\tdata-frame_1=\"st:500;\"\n\t\t\t\t\t\t\t\tdata-frame_999=\"st:4400;auto:true;\"\n\t\t\t\t\t\t\t\tstyle=\"z-index:5;font-family:Open Sans;\"\n\t\t\t\t\t\t\t>La r\u00e9colte avec moissonneuse \n\t\t\t\t\t\t\t<\/rs-layer><!--\n-->\t\t\t\t\t\t<\/rs-slide>\n\t\t\t\t\t\t<rs-slide data-key=\"rs-33\" data-title=\"Slide\" data-anim=\"ei:d;eo:d;s:300;r:0;t:random;sl:7;\">\n\t\t\t\t\t\t\t<img decoding=\"async\" src=\"\/\/www.todolivo.com\/wp-content\/uploads\/Todolivo_recoleccion.jpg\" title=\"La r\u00e9colte avec moissonneuse\" data-bg=\"p:center top;\" class=\"rev-slidebg\" data-no-retina>\n<!--\n\t\t\t\t\t\t\t--><rs-layer\n\t\t\t\t\t\t\t\tid=\"slider-19-slide-33-layer-1\" \n\t\t\t\t\t\t\t\tclass=\"large_bold_white_mod_3\"\n\t\t\t\t\t\t\t\tdata-type=\"text\"\n\t\t\t\t\t\t\t\tdata-color=\"#ffffff\"\n\t\t\t\t\t\t\t\tdata-rsp_ch=\"on\"\n\t\t\t\t\t\t\t\tdata-xy=\"x:44px;y:238px;\"\n\t\t\t\t\t\t\t\tdata-text=\"s:55;l:60;fw:300;\"\n\t\t\t\t\t\t\t\tdata-frame_1=\"st:500;\"\n\t\t\t\t\t\t\t\tdata-frame_999=\"st:4400;auto:true;\"\n\t\t\t\t\t\t\t\tstyle=\"z-index:5;font-family:Open Sans;\"\n\t\t\t\t\t\t\t>La qualit\u00e9 commence sur le terrain \n\t\t\t\t\t\t\t<\/rs-layer><!--\n-->\t\t\t\t\t\t<\/rs-slide>\n\t\t\t\t\t<\/rs-slides>\n\t\t\t\t\t<rs-progress class=\"rs-bottom\" style=\"visibility: hidden !important;\"><\/rs-progress>\n\t\t\t\t<\/rs-module>\n\t\t\t\t<script type=\"text\/javascript\">\n\t\t\t\t\tsetREVStartSize({c: 'rev_slider_19_1',rl:[1240,1024,778,480],el:[380],gw:[995],gh:[380],type:'standard',justify:'',layout:'fullwidth',mh:\"380px\"});\n\t\t\t\t\tvar\trevapi19,\n\t\t\t\t\t\ttpj;\n\t\t\t\t\tjQuery(function() {\n\t\t\t\t\t\ttpj = jQuery;\n\t\t\t\t\t\ttpj.noConflict();\n\t\t\t\t\t\tif(tpj(\"#rev_slider_19_1\").revolution == undefined){\n\t\t\t\t\t\t\trevslider_showDoubleJqueryError(\"#rev_slider_19_1\");\n\t\t\t\t\t\t}else{\n\t\t\t\t\t\t\trevapi19 = tpj(\"#rev_slider_19_1\").show().revolution({\n\t\t\t\t\t\t\t\tjsFileLocation:\"\/\/www.todolivo.com\/wp-content\/plugins\/revslider\/public\/assets\/js\/\",\n\t\t\t\t\t\t\t\tduration:5000,\n\t\t\t\t\t\t\t\tvisibilityLevels:\"1240,1024,778,480\",\n\t\t\t\t\t\t\t\tgridwidth:995,\n\t\t\t\t\t\t\t\tgridheight:380,\n\t\t\t\t\t\t\t\tminHeight:\"380px\",\n\t\t\t\t\t\t\t\tspinner:\"spinner0\",\n\t\t\t\t\t\t\t\teditorheight:\"380,768,960,720\",\n\t\t\t\t\t\t\t\tresponsiveLevels:\"1240,1024,778,480\",\n\t\t\t\t\t\t\t\tshuffle:true,\n\t\t\t\t\t\t\t\tnavigation: {\n\t\t\t\t\t\t\t\t\tmouseScrollNavigation:false,\n\t\t\t\t\t\t\t\t\ttouch: {\n\t\t\t\t\t\t\t\t\t\ttouchenabled:true,\n\t\t\t\t\t\t\t\t\t\tswipe_threshold:0\n\t\t\t\t\t\t\t\t\t}\n\t\t\t\t\t\t\t\t},\n\t\t\t\t\t\t\t\tfallbacks: {\n\t\t\t\t\t\t\t\t\tsimplifyAll:\"\",\n\t\t\t\t\t\t\t\t\tignoreHeightChanges:\"\",\n\t\t\t\t\t\t\t\t\tallowHTML5AutoPlayOnAndroid:true\n\t\t\t\t\t\t\t\t},\n\t\t\t\t\t\t\t});\n\t\t\t\t\t\t}\n\t\t\t\t\t\t\n\t\t\t\t\t});\n\t\t\t\t<\/script>\n\t\t\t<\/rs-module-wrap>\n\t\t\t<!-- END REVOLUTION SLIDER -->\n\n<span id=\"g1-space-1\" class=\"g1-space \" style=\"height:20px;\"><\/span>\n<div id=\"g1-tabs-1\" class=\"g1-tabs g1-tabs--button g1-type--click g1-tabs--horizontal g1-tabs--top g1-align-left \">\n<div id=\"tab-title-counter-1\" class=\"g1-tab-title \">\n<p>Synonyme de qualit\u00e9<\/p>\n<\/div>\n<div id=\"tab-content-counter-1\" class=\"g1-tab-content \">\n<ul class=\"g1-grid\"><li class=\"g1-column g1-two-third g1-valign-top\">\n<h2>La qualit\u00e9 commence sur le terrain<\/h2>\n<h3>La qualit\u00e9 augmente<\/h3>\n<p>La r\u00e9colte avec moissonneuse permet que 100% de l\u2019huile obtenue dans une exploitation soit vierge extra, gr\u00e2ce \u00e0 la vitesse de r\u00e9colte employ\u00e9e par les moissonneuses, qui oscille entre 10 et 25 hectares selon le cadre de plantation. Cette vitesse nous permet de r\u00e9colter la totalit\u00e9 des olives d\u2019une ferme au meilleur moment de leur maturation, pour produire des huiles vierges extra de tr\u00e8s haute qualit\u00e9.<\/p>\n<h3>Garantie sanitaire<\/h3>\n<p>Car elle garantit que toutes les olives ont \u00e9t\u00e9 r\u00e9colt\u00e9es de l\u2019arbre sans toucher le sol, pr\u00e9servant ainsi dans l\u2019huile toute sa sant\u00e9 et sa qualit\u00e9 organoleptique.<\/p>\n<h3>Huiles fruit\u00e9es tr\u00e8s cotis\u00e9es<\/h3>\n<p>Les huiles provenant de plantations d\u2019oliveraie en haie sont tr\u00e8s demand\u00e9es dans les march\u00e9s et cotisent \u00e0 un prix sup\u00e9rieur. <\/li><!-- -->\n<li class=\"g1-column g1-one-third g1-valign-top\"> <img decoding=\"async\" class=\"\" src=\"https:\/\/www.todolivo.com\/wp-content\/uploads\/100quality.jpg\" alt=\"100quality\" width=\"218\" height=\"151\"> <img fetchpriority=\"high\" decoding=\"async\" class=\"alignright wp-image-1152\" style=\"border: 0px none; margin-left: 10px; margin-right: 10px;\" src=\"https:\/\/www.todolivo.com\/wp-content\/uploads\/video.jpg\" alt=\"video\" width=\"350\" height=\"247\" srcset=\"https:\/\/www.todolivo.com\/wp-content\/uploads\/video.jpg 400w, https:\/\/www.todolivo.com\/wp-content\/uploads\/video-300x211.jpg 300w, https:\/\/www.todolivo.com\/wp-content\/uploads\/video-55x38.jpg 55w, https:\/\/www.todolivo.com\/wp-content\/uploads\/video-320x225.jpg 320w, https:\/\/www.todolivo.com\/wp-content\/uploads\/video-239x168.jpg 239w\" sizes=\"(max-width: 350px) 100vw, 350px\" \/> <\/li><!-- --><\/ul>\n<\/div>\n<div id=\"tab-title-counter-2\" class=\"g1-tab-title \">\n<p>Technologie<\/p>\n<\/div>\n<div id=\"tab-content-counter-2\" class=\"g1-tab-content \">\n<h2>B-9090 Olive&nbsp;(New Holland )<\/h2>\n<h6><img decoding=\"async\" class=\"alignright wp-image-3320 size-full\" style=\"margin: 15px;\" src=\"https:\/\/www.todolivo.com\/wp-content\/uploads\/46_1.jpg\" alt=\"46_1\" width=\"600\" height=\"615\" srcset=\"https:\/\/www.todolivo.com\/wp-content\/uploads\/46_1.jpg 600w, https:\/\/www.todolivo.com\/wp-content\/uploads\/46_1-292x300.jpg 292w, https:\/\/www.todolivo.com\/wp-content\/uploads\/46_1-55x55.jpg 55w, https:\/\/www.todolivo.com\/wp-content\/uploads\/46_1-320x328.jpg 320w, https:\/\/www.todolivo.com\/wp-content\/uploads\/46_1-239x244.jpg 239w\" sizes=\"(max-width: 600px) 100vw, 600px\" \/>La moissonneuse la plus rapide et efficace qui existe sur le march\u00e9 pour la r\u00e9colte d\u2019olives.<\/h6>\n<p>Elle incorpore la technologie la plus moderne pour la r\u00e9colte d\u2019oliveraie en haie, \u00e9tant capable de moissonner des <strong>oliviers de plus grande hauteur<\/strong> et plus rapidement que n\u2019importe quelle autre.<\/p>\n<p>Elle est capable de <strong>r\u00e9colter 1kg d\u2019olive entre 2 et 5 cent.<\/strong> d\u2019euros (de moyenne) .<\/p>\n<p>Sa <strong>vitesse<\/strong> oscille entre <strong>50 minutes et 2,5 heures\/ha<\/strong>. (selon le cadre de plantation elle moissonne entre 10 et 25 ha.<\/p>\n<p>Son <strong>syst\u00e8me auto-nivelant<\/strong> lui <strong>permet de moissonner dans des fermes ayant des d\u00e9nivellations<\/strong>. Dans le cas o\u00f9 la ferme poss\u00e8derait de \u00ab&nbsp;grandes d\u00e9nivellations&nbsp;\u00bb il faudra demander pr\u00e9alablement une \u00e9tude de pentes.<\/p>\n<p><em>Le <strong>Syst\u00e8me Todolivo Oliveraie en Haie, <\/strong><\/em>a servit comme mod\u00e8le pour le d\u00e9veloppement de cette moissonneuse.<\/p>\n<\/div>\n<div id=\"tab-title-counter-3\" class=\"g1-tab-title \">\n<p>Service R\u00e9colte Todolivo<\/p>\n<\/div>\n<div id=\"tab-content-counter-3\" class=\"g1-tab-content \">\n<ul class=\"g1-grid\"><li class=\"g1-column g1-one-half g1-valign-top\">\n<h2>Equipe de r\u00e9colte&nbsp;Todolivo<\/h2>\n<h3>L&rsquo;equipe de r\u00e9colte est int\u00e9gr\u00e9 par&nbsp;::<\/h3>\n<ul>\n<li>Une \u00e9quipe de <strong>machinistes et de m\u00e9caniciens hydrauliques <\/strong>exp\u00e9riment\u00e9s.<\/li>\n<li><strong>16 moissonneuses rapides <\/strong><strong>\u201cB-9090 Olive y VX<\/strong><strong>7090 Olive (New Holland)<\/strong><\/li>\n<li><strong>Gondoles et tracteurs (motrices) <\/strong>pour le transport des moissonneuses jusqu\u2019\u00e0 la ferme.<\/li>\n<\/ul>\n<h3><strong>Services<\/strong><\/h3>\n<ul>\n<li><strong>Transport <\/strong>de moissonneuse \u00e0 la ferme.<\/li>\n<li><strong>Assistance technique&nbsp;: <\/strong>compos\u00e9e de m\u00e9caniciens hydrauliques experts qui aident \u00e0 r\u00e9soudre de fa\u00e7on rapide et efficace quelconque incident m\u00e9canique qui puisse se produire dans la ferme durant la r\u00e9colte.<\/li>\n<\/ul>\n<\/li><!-- --><li class=\"g1-column g1-one-half g1-valign-top\">\n<p style=\"text-align: center;\"><img loading=\"lazy\" decoding=\"async\" class=\"size-full wp-image-1186 aligncenter\" src=\"https:\/\/www.todolivo.com\/wp-content\/uploads\/video4.jpg\" alt=\"video4\" width=\"450\" height=\"308\" srcset=\"https:\/\/www.todolivo.com\/wp-content\/uploads\/video4.jpg 450w, https:\/\/www.todolivo.com\/wp-content\/uploads\/video4-300x205.jpg 300w, https:\/\/www.todolivo.com\/wp-content\/uploads\/video4-55x37.jpg 55w, https:\/\/www.todolivo.com\/wp-content\/uploads\/video4-320x219.jpg 320w, https:\/\/www.todolivo.com\/wp-content\/uploads\/video4-239x163.jpg 239w\" sizes=\"(max-width: 450px) 100vw, 450px\" \/><\/p>\n<\/li><!-- --><\/ul><\/p>\n<\/div>\n<\/div>\n<div align=\"left\"><a class=\"boton\" href=\"http:\/\/todolivo.com\/fr\/obtenir-plus-d-informations\/\" target=\"new\" rel=\"noopener noreferrer\"><img loading=\"lazy\" decoding=\"async\" class=\"alignleft wp-image-6678\" style=\"margin-top: -12px;\" src=\"https:\/\/www.todolivo.com\/wp-content\/uploads\/boton-info.png\" alt=\"boton info\" width=\"50\" height=\"48\" srcset=\"https:\/\/www.todolivo.com\/wp-content\/uploads\/boton-info.png 60w, https:\/\/www.todolivo.com\/wp-content\/uploads\/boton-info-55x53.png 55w\" sizes=\"(max-width: 50px) 100vw, 50px\" \/><span style=\"color: #ffffff;\">Obtenir plus d\u2019informations<\/span><\/a><\/div>\n","protected":false},"excerpt":{"rendered":"<p>Obtenir plus d\u2019informations<\/p>\n","protected":false},"author":1,"featured_media":0,"parent":3125,"menu_order":0,"comment_status":"closed","ping_status":"closed","template":"","meta":{"_lmt_disableupdate":"no","_lmt_disable":"","footnotes":""},"class_list":["post-3313","page","type-page","status-publish"],"yoast_head":"<!-- This site is optimized with the Yoast SEO plugin v26.9 - https:\/\/yoast.com\/product\/yoast-seo-wordpress\/ -->\n<title>La r\u00e9colte avec moissonneuse - Todolivo - Experts et pionniers \u00e0 Oliveraie en Haie<\/title>\n<meta name=\"robots\" content=\"index, follow, max-snippet:-1, max-image-preview:large, max-video-preview:-1\" \/>\n<link rel=\"canonical\" href=\"https:\/\/www.todolivo.com\/fr\/oliveraie-en-haie\/la-recolte-avec-moissonneuse\/\" \/>\n<meta property=\"og:locale\" content=\"fr_FR\" \/>\n<meta property=\"og:type\" content=\"article\" \/>\n<meta property=\"og:title\" content=\"La r\u00e9colte avec moissonneuse - Todolivo - Experts et pionniers \u00e0 Oliveraie en Haie\" \/>\n<meta property=\"og:description\" content=\"Obtenir plus d\u2019informations\" \/>\n<meta property=\"og:url\" content=\"https:\/\/www.todolivo.com\/fr\/oliveraie-en-haie\/la-recolte-avec-moissonneuse\/\" \/>\n<meta property=\"og:site_name\" content=\"Todolivo - Experts et pionniers \u00e0 Oliveraie en Haie\" \/>\n<meta property=\"article:modified_time\" content=\"2023-07-08T14:21:27+00:00\" \/>\n<meta property=\"og:image\" content=\"https:\/\/www.todolivo.com\/wp-content\/uploads\/100quality.jpg\" \/>\n<meta name=\"twitter:card\" content=\"summary_large_image\" \/>\n<meta name=\"twitter:label1\" content=\"Dur\u00e9e de lecture estim\u00e9e\" \/>\n\t<meta name=\"twitter:data1\" content=\"3 minutes\" \/>\n<script type=\"application\/ld+json\" class=\"yoast-schema-graph\">{\"@context\":\"https:\/\/schema.org\",\"@graph\":[{\"@type\":\"WebPage\",\"@id\":\"https:\/\/www.todolivo.com\/fr\/oliveraie-en-haie\/la-recolte-avec-moissonneuse\/\",\"url\":\"https:\/\/www.todolivo.com\/fr\/oliveraie-en-haie\/la-recolte-avec-moissonneuse\/\",\"name\":\"La r\u00e9colte avec moissonneuse - Todolivo - Experts et pionniers \u00e0 Oliveraie en Haie\",\"isPartOf\":{\"@id\":\"https:\/\/www.todolivo.com\/#website\"},\"primaryImageOfPage\":{\"@id\":\"https:\/\/www.todolivo.com\/fr\/oliveraie-en-haie\/la-recolte-avec-moissonneuse\/#primaryimage\"},\"image\":{\"@id\":\"https:\/\/www.todolivo.com\/fr\/oliveraie-en-haie\/la-recolte-avec-moissonneuse\/#primaryimage\"},\"thumbnailUrl\":\"https:\/\/www.todolivo.com\/wp-content\/uploads\/100quality.jpg\",\"datePublished\":\"2014-10-24T11:58:51+00:00\",\"dateModified\":\"2023-07-08T14:21:27+00:00\",\"breadcrumb\":{\"@id\":\"https:\/\/www.todolivo.com\/fr\/oliveraie-en-haie\/la-recolte-avec-moissonneuse\/#breadcrumb\"},\"inLanguage\":\"fr-FR\",\"potentialAction\":[{\"@type\":\"ReadAction\",\"target\":[\"https:\/\/www.todolivo.com\/fr\/oliveraie-en-haie\/la-recolte-avec-moissonneuse\/\"]}]},{\"@type\":\"ImageObject\",\"inLanguage\":\"fr-FR\",\"@id\":\"https:\/\/www.todolivo.com\/fr\/oliveraie-en-haie\/la-recolte-avec-moissonneuse\/#primaryimage\",\"url\":\"https:\/\/www.todolivo.com\/wp-content\/uploads\/100quality.jpg\",\"contentUrl\":\"https:\/\/www.todolivo.com\/wp-content\/uploads\/100quality.jpg\"},{\"@type\":\"BreadcrumbList\",\"@id\":\"https:\/\/www.todolivo.com\/fr\/oliveraie-en-haie\/la-recolte-avec-moissonneuse\/#breadcrumb\",\"itemListElement\":[{\"@type\":\"ListItem\",\"position\":1,\"name\":\"Couverture\",\"item\":\"https:\/\/www.todolivo.com\/fr\/\"},{\"@type\":\"ListItem\",\"position\":2,\"name\":\"Oliveraie en Haie\",\"item\":\"https:\/\/www.todolivo.com\/fr\/oliveraie-en-haie\/\"},{\"@type\":\"ListItem\",\"position\":3,\"name\":\"La r\u00e9colte avec moissonneuse\"}]},{\"@type\":\"WebSite\",\"@id\":\"https:\/\/www.todolivo.com\/#website\",\"url\":\"https:\/\/www.todolivo.com\/\",\"name\":\"Todolivo - Experts et pionniers \u00e0 Oliveraie en Haie\",\"description\":\"Todolivo - Experts et pionniers \u00e0 Oliveraie en Haie\",\"potentialAction\":[{\"@type\":\"SearchAction\",\"target\":{\"@type\":\"EntryPoint\",\"urlTemplate\":\"https:\/\/www.todolivo.com\/?s={search_term_string}\"},\"query-input\":{\"@type\":\"PropertyValueSpecification\",\"valueRequired\":true,\"valueName\":\"search_term_string\"}}],\"inLanguage\":\"fr-FR\"}]}<\/script>\n<!-- \/ Yoast SEO plugin. -->","yoast_head_json":{"title":"La r\u00e9colte avec moissonneuse - Todolivo - Experts et pionniers \u00e0 Oliveraie en Haie","robots":{"index":"index","follow":"follow","max-snippet":"max-snippet:-1","max-image-preview":"max-image-preview:large","max-video-preview":"max-video-preview:-1"},"canonical":"https:\/\/www.todolivo.com\/fr\/oliveraie-en-haie\/la-recolte-avec-moissonneuse\/","og_locale":"fr_FR","og_type":"article","og_title":"La r\u00e9colte avec moissonneuse - Todolivo - Experts et pionniers \u00e0 Oliveraie en Haie","og_description":"Obtenir plus d\u2019informations","og_url":"https:\/\/www.todolivo.com\/fr\/oliveraie-en-haie\/la-recolte-avec-moissonneuse\/","og_site_name":"Todolivo - Experts et pionniers \u00e0 Oliveraie en Haie","article_modified_time":"2023-07-08T14:21:27+00:00","og_image":[{"url":"https:\/\/www.todolivo.com\/wp-content\/uploads\/100quality.jpg","type":"","width":"","height":""}],"twitter_card":"summary_large_image","twitter_misc":{"Dur\u00e9e de lecture estim\u00e9e":"3 minutes"},"schema":{"@context":"https:\/\/schema.org","@graph":[{"@type":"WebPage","@id":"https:\/\/www.todolivo.com\/fr\/oliveraie-en-haie\/la-recolte-avec-moissonneuse\/","url":"https:\/\/www.todolivo.com\/fr\/oliveraie-en-haie\/la-recolte-avec-moissonneuse\/","name":"La r\u00e9colte avec moissonneuse - Todolivo - Experts et pionniers \u00e0 Oliveraie en Haie","isPartOf":{"@id":"https:\/\/www.todolivo.com\/#website"},"primaryImageOfPage":{"@id":"https:\/\/www.todolivo.com\/fr\/oliveraie-en-haie\/la-recolte-avec-moissonneuse\/#primaryimage"},"image":{"@id":"https:\/\/www.todolivo.com\/fr\/oliveraie-en-haie\/la-recolte-avec-moissonneuse\/#primaryimage"},"thumbnailUrl":"https:\/\/www.todolivo.com\/wp-content\/uploads\/100quality.jpg","datePublished":"2014-10-24T11:58:51+00:00","dateModified":"2023-07-08T14:21:27+00:00","breadcrumb":{"@id":"https:\/\/www.todolivo.com\/fr\/oliveraie-en-haie\/la-recolte-avec-moissonneuse\/#breadcrumb"},"inLanguage":"fr-FR","potentialAction":[{"@type":"ReadAction","target":["https:\/\/www.todolivo.com\/fr\/oliveraie-en-haie\/la-recolte-avec-moissonneuse\/"]}]},{"@type":"ImageObject","inLanguage":"fr-FR","@id":"https:\/\/www.todolivo.com\/fr\/oliveraie-en-haie\/la-recolte-avec-moissonneuse\/#primaryimage","url":"https:\/\/www.todolivo.com\/wp-content\/uploads\/100quality.jpg","contentUrl":"https:\/\/www.todolivo.com\/wp-content\/uploads\/100quality.jpg"},{"@type":"BreadcrumbList","@id":"https:\/\/www.todolivo.com\/fr\/oliveraie-en-haie\/la-recolte-avec-moissonneuse\/#breadcrumb","itemListElement":[{"@type":"ListItem","position":1,"name":"Couverture","item":"https:\/\/www.todolivo.com\/fr\/"},{"@type":"ListItem","position":2,"name":"Oliveraie en Haie","item":"https:\/\/www.todolivo.com\/fr\/oliveraie-en-haie\/"},{"@type":"ListItem","position":3,"name":"La r\u00e9colte avec moissonneuse"}]},{"@type":"WebSite","@id":"https:\/\/www.todolivo.com\/#website","url":"https:\/\/www.todolivo.com\/","name":"Todolivo - Experts et pionniers \u00e0 Oliveraie en Haie","description":"Todolivo - Experts et pionniers \u00e0 Oliveraie en Haie","potentialAction":[{"@type":"SearchAction","target":{"@type":"EntryPoint","urlTemplate":"https:\/\/www.todolivo.com\/?s={search_term_string}"},"query-input":{"@type":"PropertyValueSpecification","valueRequired":true,"valueName":"search_term_string"}}],"inLanguage":"fr-FR"}]}},"_links":{"self":[{"href":"https:\/\/www.todolivo.com\/fr\/wp-json\/wp\/v2\/pages\/3313","targetHints":{"allow":["GET"]}}],"collection":[{"href":"https:\/\/www.todolivo.com\/fr\/wp-json\/wp\/v2\/pages"}],"about":[{"href":"https:\/\/www.todolivo.com\/fr\/wp-json\/wp\/v2\/types\/page"}],"author":[{"embeddable":true,"href":"https:\/\/www.todolivo.com\/fr\/wp-json\/wp\/v2\/users\/1"}],"replies":[{"embeddable":true,"href":"https:\/\/www.todolivo.com\/fr\/wp-json\/wp\/v2\/comments?post=3313"}],"version-history":[{"count":3,"href":"https:\/\/www.todolivo.com\/fr\/wp-json\/wp\/v2\/pages\/3313\/revisions"}],"predecessor-version":[{"id":49533,"href":"https:\/\/www.todolivo.com\/fr\/wp-json\/wp\/v2\/pages\/3313\/revisions\/49533"}],"up":[{"embeddable":true,"href":"https:\/\/www.todolivo.com\/fr\/wp-json\/wp\/v2\/pages\/3125"}],"wp:attachment":[{"href":"https:\/\/www.todolivo.com\/fr\/wp-json\/wp\/v2\/media?parent=3313"}],"curies":[{"name":"wp","href":"https:\/\/api.w.org\/{rel}","templated":true}]}}