{"id":3309,"date":"2014-10-23T21:00:23","date_gmt":"2014-10-23T20:00:23","guid":{"rendered":"http:\/\/todolivo.com\/?page_id=3309"},"modified":"2020-02-19T22:51:56","modified_gmt":"2020-02-19T21:51:56","slug":"la-taille","status":"publish","type":"page","link":"https:\/\/www.todolivo.com\/fr\/oliveraie-en-haie\/la-taille\/","title":{"rendered":"LA TAILLE MANUELLE ET NATURELLE EN OLIVERAIES EN HAIE"},"content":{"rendered":"<h2 style=\"text-align: center;\">Chez Todolivo, nous r\u00e9alisons une taille manuelle et naturelle, inspir\u00e9e de celle des oliviers traditionnels, tr\u00e8s productive, qui est r\u00e9alis\u00e9e de mani\u00e8re simple et \u00e9conomique.<\/h2>\n<p>Avec la<strong> taille naturelle<\/strong>, il nous est possible de retirer la mati\u00e8re \u00e2g\u00e9e et improductive, d\u2019\u00e9claircir les \u00e9paisseurs, en permettant \u00e0 la lumi\u00e8re de provoquer des branches dans les lignes, et en aidant le feuillage productif \u00e0 se cr\u00e9er, \u00e0 grandir du tronc vers l\u2019ext\u00e9rieur, \u00e0 ce que les branches re\u00e7oivent bien de la lumi\u00e8re et puissent capter efficacement le rayonnement solaire, pour ainsi obtenir une productivit\u00e9 et un rendement gras sup\u00e9rieurs chaque ann\u00e9e.<br \/>\n<style type=\"text\/css\" scoped=\"scoped\">#g1-section-1.g1-section {background-color: #f8f8f6; background-repeat:repeat; background-position:center top; background-attachment:static;}<\/style><div id=\"g1-section-1\" class=\"g1-section \"><div class=\"g1-layout-inner\"> <ul class=\"g1-grid\"><li class=\"g1-column g1-one-half g1-valign-top\">\n<h3>Fonctions principales<\/h3>\n<ul>\n<li>Cr\u00e9er la structure de l\u2019olivier en monocone et\/ou fausse palmette.<\/li>\n<li>Maintenir la haie productive et flexible.<\/li>\n<li>Aider \u00e0 l\u2019entr\u00e9e de lumi\u00e8re.<\/li>\n<li>Faciliter la r\u00e9colte.<\/li>\n<\/ul>\n<h3>M\u00e9thodologie<\/h3>\n<p>La taille est r\u00e9alis\u00e9e tous les ans, et se compose de deux parties diff\u00e9renci\u00e9es.<br \/>\nL\u2019 <em>\u00abextraction\u00bb<\/em>, r\u00e9alis\u00e9e avec des tron\u00e7onneuses ou des ciseaux. Cela consiste \u00e0 retirer de l\u2019arbre les crampons, branches entrelac\u00e9es; \u00e0 \u00e9claircir, et, si une branche est tr\u00e8s haute, la rabaisser et renouveler. Les branches basses peuvent aussi \u00eatre coup\u00e9es avec des lames m\u00e9caniques attel\u00e9es au tracteur.<br \/>\nLa <em>\u00abtaille des branches basses\u00bb<\/em> est r\u00e9alis\u00e9e avec les outils mentionn\u00e9s ci-dessus ou avec des lames attel\u00e9es au syst\u00e8me hydraulique du tracteur, qui <em>\u00ab rasent \u00bb<\/em> les branches basses \u00e0 une hauteur de 50 cm du sol. <em><br \/>\n<\/em><\/p>\n<h3>Nutrition avec les restes de taille<\/h3>\n<p>Les <strong>restes de taille<\/strong> sont d\u00e9pos\u00e9s au centre des all\u00e9es pour que, \u00e0 la fin de la taille, ils soient tritur\u00e9s et puissent \u00eatre incorpor\u00e9s au sol comme mati\u00e8re organique.<\/p>\n<h3>R&amp;D<\/h3>\n<p>Dans le domaine de tests de Pedro Abad, nous avons amorc\u00e9 il y a 10 ans un programme de taille totalement m\u00e9canis\u00e9 (Topping et taille lat\u00e9rale avec des lames) qui nous a permis de conna\u00eetre en d\u00e9tail son comportement.<br \/>\n<\/li><!-- --> <li class=\"g1-column g1-one-half g1-valign-top\"> <img fetchpriority=\"high\" decoding=\"async\" class=\"estilo-imagen aligncenter wp-image-21010 size-full\" src=\"https:\/\/www.todolivo.com\/wp-content\/uploads\/Todolivo_p69.jpg\" alt=\"\" width=\"431\" height=\"500\" srcset=\"https:\/\/www.todolivo.com\/wp-content\/uploads\/Todolivo_p69.jpg 431w, https:\/\/www.todolivo.com\/wp-content\/uploads\/Todolivo_p69-259x300.jpg 259w, https:\/\/www.todolivo.com\/wp-content\/uploads\/Todolivo_p69-320x371.jpg 320w, https:\/\/www.todolivo.com\/wp-content\/uploads\/Todolivo_p69-239x277.jpg 239w\" sizes=\"(max-width: 431px) 100vw, 431px\" \/><\/p>\n<h3>Service de taille<\/h3>\n<p>Chez Todolivo, nous disposons de:<\/p>\n<ul>\n<li>Techniciens experts en taille d\u2019Oliveraies en Haie qui formeront et conseilleront le personnel de votre domaine dans tout le n\u00e9cessaire.<\/li>\n<li>Tous les compl\u00e9ments n\u00e9cessaires pour la r\u00e9alisation de la taille (tron\u00e7onneuses, lames m\u00e9caniques, broyeurs, lieuses, etc.).<\/li>\n<\/ul>\n<\/li><!-- --><\/ul> <\/div><\/div> <span id=\"g1-space-1\" class=\"g1-space \" style=\"height:40px;\"><\/span> <ul class=\"g1-grid\"><li class=\"g1-column g1-three-fourth g1-valign-top\">\n<h2>SYST\u00c8ME DE TAILLE MANU LE ELLE ET NATURELLE<\/h2>\n<h3>R\u00e9alis\u00e9 dans les Oliveraies en Haie, ce syst\u00e8me de culture am\u00e9liore la durabilit\u00e9 environnementale, en contribuant \u00e0 ce que le bilan de l\u2019empreinte carbone soit tr\u00e8s positif.<\/h3>\n<\/li><!-- --> <li class=\"g1-column g1-one-fourth g1-valign-top\"> <img decoding=\"async\" class=\"aligncenter wp-image-21075\" src=\"https:\/\/www.todolivo.com\/wp-content\/uploads\/Todolivo_p70_fr2.jpg\" alt=\"\" width=\"200\" height=\"199\" srcset=\"https:\/\/www.todolivo.com\/wp-content\/uploads\/Todolivo_p70_fr2.jpg 350w, https:\/\/www.todolivo.com\/wp-content\/uploads\/Todolivo_p70_fr2-300x300.jpg 300w, https:\/\/www.todolivo.com\/wp-content\/uploads\/Todolivo_p70_fr2-200x200.jpg 200w, https:\/\/www.todolivo.com\/wp-content\/uploads\/Todolivo_p70_fr2-320x319.jpg 320w, https:\/\/www.todolivo.com\/wp-content\/uploads\/Todolivo_p70_fr2-239x238.jpg 239w, https:\/\/www.todolivo.com\/wp-content\/uploads\/Todolivo_p70_fr2-55x55.jpg 55w\" sizes=\"(max-width: 200px) 100vw, 200px\" \/> <\/li><!-- --><\/ul> <ul class=\"g1-grid\"><li class=\"g1-column g1-one-half g1-valign-top\">&nbsp;<\/p>\n<p>Les oliviers ont la capacit\u00e9 de capter du dioxyde de carbone (CO2) atmosph\u00e9rique (un gaz nocif pr\u00e9sent dans l\u2019atmosph\u00e8re, \u00e0 l\u2019origine de l\u2019effet de serre) et de le fixer temporairement sur leurs troncs et branches.<\/p>\n<p>Avec ce syst\u00e8me, les restes de taille sont d\u00e9pos\u00e9s au centre des all\u00e9es comme mati\u00e8re organique, ce qui permet, en plus d\u2019enrichir nutritionnellement le sol, de fixer d\u2019une mani\u00e8re stable dans le sol le carbone pr\u00e9sent dans les branches \u00e9lagu\u00e9es, en contribuant ainsi \u00e0 ce <strong>que le bilan de l\u2019empreinte carbone<\/strong> (la diff\u00e9rence entre le dioxyde de carbone captur\u00e9 et celui \u00e9mis dans l\u2019atmosph\u00e8re par cette culture) <strong>soit tr\u00e8s positif<\/strong>.<\/p>\n<\/li><!-- --> <li class=\"g1-column g1-one-half g1-valign-top\"> <img decoding=\"async\" class=\"aligncenter wp-image-21031\" src=\"https:\/\/www.todolivo.com\/wp-content\/uploads\/Todolivo_p70_1.jpg\" alt=\"\" width=\"350\" height=\"355\" srcset=\"https:\/\/www.todolivo.com\/wp-content\/uploads\/Todolivo_p70_1.jpg 690w, https:\/\/www.todolivo.com\/wp-content\/uploads\/Todolivo_p70_1-296x300.jpg 296w, https:\/\/www.todolivo.com\/wp-content\/uploads\/Todolivo_p70_1-636x645.jpg 636w, https:\/\/www.todolivo.com\/wp-content\/uploads\/Todolivo_p70_1-320x325.jpg 320w, https:\/\/www.todolivo.com\/wp-content\/uploads\/Todolivo_p70_1-239x242.jpg 239w, https:\/\/www.todolivo.com\/wp-content\/uploads\/Todolivo_p70_1-55x55.jpg 55w\" sizes=\"(max-width: 350px) 100vw, 350px\" \/> <\/li><!-- --><\/ul> <style type=\"text\/css\" scoped=\"scoped\">#g1-section-2.g1-section {background-color: #f8f8f6; background-repeat:repeat; background-position:center top; background-attachment:static;}<\/style><div id=\"g1-section-2\" class=\"g1-section \"><div class=\"g1-layout-inner\"> <img loading=\"lazy\" decoding=\"async\" class=\"size-full wp-image-20110 alignright\" src=\"https:\/\/www.todolivo.com\/wp-content\/uploads\/Todolivo_Poda-Manual_Huella-Carbono_foto_ES.jpg\" alt=\"\" width=\"400\" height=\"243\" srcset=\"https:\/\/www.todolivo.com\/wp-content\/uploads\/Todolivo_Poda-Manual_Huella-Carbono_foto_ES.jpg 400w, https:\/\/www.todolivo.com\/wp-content\/uploads\/Todolivo_Poda-Manual_Huella-Carbono_foto_ES-300x182.jpg 300w, https:\/\/www.todolivo.com\/wp-content\/uploads\/Todolivo_Poda-Manual_Huella-Carbono_foto_ES-320x194.jpg 320w, https:\/\/www.todolivo.com\/wp-content\/uploads\/Todolivo_Poda-Manual_Huella-Carbono_foto_ES-239x145.jpg 239w\" sizes=\"(max-width: 400px) 100vw, 400px\" \/><\/p>\n<p>L\u2019\u00e9quipe de recherche de l\u2019Universit\u00e9 de Cordoue, dirig\u00e9e par le Professeur Luis L\u00f3pez Bellido, met en \u00e9vidence dans une importante \u00e9tude sur l\u2019empreinte carbone, le grand potentiel de ce type de plantations comme puisard de CO2, ainsi que dans l\u2019att\u00e9nuation des gaz \u00e0 effet de serre.<\/p>\n<p>Nous joignons ci-dessous un tableau r\u00e9sum\u00e9 o\u00f9 il est possible d\u2019observer comme les Oliveraies en Haie sont le syst\u00e8me de culture qui obtient un meilleur bilan d\u2019empreinte de carbone, avec 4 107 kg de carbone par hectare et par an.<\/p>\n<p><img loading=\"lazy\" decoding=\"async\" class=\"aligncenter wp-image-21126 size-full\" src=\"https:\/\/www.todolivo.com\/wp-content\/uploads\/Todolivo_p71_tab-fr.jpg\" alt=\"\" width=\"960\" height=\"224\" srcset=\"https:\/\/www.todolivo.com\/wp-content\/uploads\/Todolivo_p71_tab-fr.jpg 960w, https:\/\/www.todolivo.com\/wp-content\/uploads\/Todolivo_p71_tab-fr-300x70.jpg 300w, https:\/\/www.todolivo.com\/wp-content\/uploads\/Todolivo_p71_tab-fr-768x179.jpg 768w, https:\/\/www.todolivo.com\/wp-content\/uploads\/Todolivo_p71_tab-fr-636x148.jpg 636w, https:\/\/www.todolivo.com\/wp-content\/uploads\/Todolivo_p71_tab-fr-320x75.jpg 320w, https:\/\/www.todolivo.com\/wp-content\/uploads\/Todolivo_p71_tab-fr-239x56.jpg 239w\" sizes=\"(max-width: 960px) 100vw, 960px\" \/> <\/div><\/div><\/p>\n","protected":false},"excerpt":{"rendered":"<p>Chez Todolivo, nous r\u00e9alisons une taille manuelle et naturelle, inspir\u00e9e de celle des oliviers traditionnels, tr\u00e8s productive, qui est r\u00e9alis\u00e9e de mani\u00e8re simple et \u00e9conomique. Avec la taille naturelle, il nous est possible de retirer la mati\u00e8re \u00e2g\u00e9e et improductive, d\u2019\u00e9claircir les \u00e9paisseurs, en permettant \u00e0 la lumi\u00e8re de provoquer des branches dans les lignes, [&hellip;]<\/p>\n","protected":false},"author":1,"featured_media":0,"parent":3125,"menu_order":0,"comment_status":"closed","ping_status":"closed","template":"","meta":{"_lmt_disableupdate":"no","_lmt_disable":"","footnotes":""},"class_list":["post-3309","page","type-page","status-publish"],"yoast_head":"<!-- This site is optimized with the Yoast SEO plugin v26.9 - https:\/\/yoast.com\/product\/yoast-seo-wordpress\/ -->\n<title>LA TAILLE MANUELLE ET NATURELLE EN OLIVERAIES EN HAIE - Todolivo - Experts et pionniers \u00e0 Oliveraie en Haie<\/title>\n<meta name=\"robots\" content=\"index, follow, max-snippet:-1, max-image-preview:large, max-video-preview:-1\" \/>\n<link rel=\"canonical\" href=\"https:\/\/www.todolivo.com\/fr\/oliveraie-en-haie\/la-taille\/\" \/>\n<meta property=\"og:locale\" content=\"fr_FR\" \/>\n<meta property=\"og:type\" content=\"article\" \/>\n<meta property=\"og:title\" content=\"LA TAILLE MANUELLE ET NATURELLE EN OLIVERAIES EN HAIE - Todolivo - Experts et pionniers \u00e0 Oliveraie en Haie\" \/>\n<meta property=\"og:description\" content=\"Chez Todolivo, nous r\u00e9alisons une taille manuelle et naturelle, inspir\u00e9e de celle des oliviers traditionnels, tr\u00e8s productive, qui est r\u00e9alis\u00e9e de mani\u00e8re simple et \u00e9conomique. Avec la taille naturelle, il nous est possible de retirer la mati\u00e8re \u00e2g\u00e9e et improductive, d\u2019\u00e9claircir les \u00e9paisseurs, en permettant \u00e0 la lumi\u00e8re de provoquer des branches dans les lignes, [&hellip;]\" \/>\n<meta property=\"og:url\" content=\"https:\/\/www.todolivo.com\/fr\/oliveraie-en-haie\/la-taille\/\" \/>\n<meta property=\"og:site_name\" content=\"Todolivo - Experts et pionniers \u00e0 Oliveraie en Haie\" \/>\n<meta property=\"article:modified_time\" content=\"2020-02-19T21:51:56+00:00\" \/>\n<meta property=\"og:image\" content=\"https:\/\/www.todolivo.com\/wp-content\/uploads\/Todolivo_p69.jpg\" \/>\n<meta name=\"twitter:card\" content=\"summary_large_image\" \/>\n<meta name=\"twitter:label1\" content=\"Dur\u00e9e de lecture estim\u00e9e\" \/>\n\t<meta name=\"twitter:data1\" content=\"4 minutes\" \/>\n<script type=\"application\/ld+json\" class=\"yoast-schema-graph\">{\"@context\":\"https:\/\/schema.org\",\"@graph\":[{\"@type\":\"WebPage\",\"@id\":\"https:\/\/www.todolivo.com\/fr\/oliveraie-en-haie\/la-taille\/\",\"url\":\"https:\/\/www.todolivo.com\/fr\/oliveraie-en-haie\/la-taille\/\",\"name\":\"LA TAILLE MANUELLE ET NATURELLE EN OLIVERAIES EN HAIE - Todolivo - Experts et pionniers \u00e0 Oliveraie en Haie\",\"isPartOf\":{\"@id\":\"https:\/\/www.todolivo.com\/#website\"},\"primaryImageOfPage\":{\"@id\":\"https:\/\/www.todolivo.com\/fr\/oliveraie-en-haie\/la-taille\/#primaryimage\"},\"image\":{\"@id\":\"https:\/\/www.todolivo.com\/fr\/oliveraie-en-haie\/la-taille\/#primaryimage\"},\"thumbnailUrl\":\"https:\/\/www.todolivo.com\/wp-content\/uploads\/Todolivo_p69.jpg\",\"datePublished\":\"2014-10-23T20:00:23+00:00\",\"dateModified\":\"2020-02-19T21:51:56+00:00\",\"breadcrumb\":{\"@id\":\"https:\/\/www.todolivo.com\/fr\/oliveraie-en-haie\/la-taille\/#breadcrumb\"},\"inLanguage\":\"fr-FR\",\"potentialAction\":[{\"@type\":\"ReadAction\",\"target\":[\"https:\/\/www.todolivo.com\/fr\/oliveraie-en-haie\/la-taille\/\"]}]},{\"@type\":\"ImageObject\",\"inLanguage\":\"fr-FR\",\"@id\":\"https:\/\/www.todolivo.com\/fr\/oliveraie-en-haie\/la-taille\/#primaryimage\",\"url\":\"https:\/\/www.todolivo.com\/wp-content\/uploads\/Todolivo_p69.jpg\",\"contentUrl\":\"https:\/\/www.todolivo.com\/wp-content\/uploads\/Todolivo_p69.jpg\"},{\"@type\":\"BreadcrumbList\",\"@id\":\"https:\/\/www.todolivo.com\/fr\/oliveraie-en-haie\/la-taille\/#breadcrumb\",\"itemListElement\":[{\"@type\":\"ListItem\",\"position\":1,\"name\":\"Couverture\",\"item\":\"https:\/\/www.todolivo.com\/fr\/\"},{\"@type\":\"ListItem\",\"position\":2,\"name\":\"Oliveraie en Haie\",\"item\":\"https:\/\/www.todolivo.com\/fr\/oliveraie-en-haie\/\"},{\"@type\":\"ListItem\",\"position\":3,\"name\":\"LA TAILLE MANUELLE ET NATURELLE EN OLIVERAIES EN HAIE\"}]},{\"@type\":\"WebSite\",\"@id\":\"https:\/\/www.todolivo.com\/#website\",\"url\":\"https:\/\/www.todolivo.com\/\",\"name\":\"Todolivo - Experts et pionniers \u00e0 Oliveraie en Haie\",\"description\":\"Todolivo - Experts et pionniers \u00e0 Oliveraie en Haie\",\"potentialAction\":[{\"@type\":\"SearchAction\",\"target\":{\"@type\":\"EntryPoint\",\"urlTemplate\":\"https:\/\/www.todolivo.com\/?s={search_term_string}\"},\"query-input\":{\"@type\":\"PropertyValueSpecification\",\"valueRequired\":true,\"valueName\":\"search_term_string\"}}],\"inLanguage\":\"fr-FR\"}]}<\/script>\n<!-- \/ Yoast SEO plugin. -->","yoast_head_json":{"title":"LA TAILLE MANUELLE ET NATURELLE EN OLIVERAIES EN HAIE - Todolivo - Experts et pionniers \u00e0 Oliveraie en Haie","robots":{"index":"index","follow":"follow","max-snippet":"max-snippet:-1","max-image-preview":"max-image-preview:large","max-video-preview":"max-video-preview:-1"},"canonical":"https:\/\/www.todolivo.com\/fr\/oliveraie-en-haie\/la-taille\/","og_locale":"fr_FR","og_type":"article","og_title":"LA TAILLE MANUELLE ET NATURELLE EN OLIVERAIES EN HAIE - Todolivo - Experts et pionniers \u00e0 Oliveraie en Haie","og_description":"Chez Todolivo, nous r\u00e9alisons une taille manuelle et naturelle, inspir\u00e9e de celle des oliviers traditionnels, tr\u00e8s productive, qui est r\u00e9alis\u00e9e de mani\u00e8re simple et \u00e9conomique. Avec la taille naturelle, il nous est possible de retirer la mati\u00e8re \u00e2g\u00e9e et improductive, d\u2019\u00e9claircir les \u00e9paisseurs, en permettant \u00e0 la lumi\u00e8re de provoquer des branches dans les lignes, [&hellip;]","og_url":"https:\/\/www.todolivo.com\/fr\/oliveraie-en-haie\/la-taille\/","og_site_name":"Todolivo - Experts et pionniers \u00e0 Oliveraie en Haie","article_modified_time":"2020-02-19T21:51:56+00:00","og_image":[{"url":"https:\/\/www.todolivo.com\/wp-content\/uploads\/Todolivo_p69.jpg","type":"","width":"","height":""}],"twitter_card":"summary_large_image","twitter_misc":{"Dur\u00e9e de lecture estim\u00e9e":"4 minutes"},"schema":{"@context":"https:\/\/schema.org","@graph":[{"@type":"WebPage","@id":"https:\/\/www.todolivo.com\/fr\/oliveraie-en-haie\/la-taille\/","url":"https:\/\/www.todolivo.com\/fr\/oliveraie-en-haie\/la-taille\/","name":"LA TAILLE MANUELLE ET NATURELLE EN OLIVERAIES EN HAIE - Todolivo - Experts et pionniers \u00e0 Oliveraie en Haie","isPartOf":{"@id":"https:\/\/www.todolivo.com\/#website"},"primaryImageOfPage":{"@id":"https:\/\/www.todolivo.com\/fr\/oliveraie-en-haie\/la-taille\/#primaryimage"},"image":{"@id":"https:\/\/www.todolivo.com\/fr\/oliveraie-en-haie\/la-taille\/#primaryimage"},"thumbnailUrl":"https:\/\/www.todolivo.com\/wp-content\/uploads\/Todolivo_p69.jpg","datePublished":"2014-10-23T20:00:23+00:00","dateModified":"2020-02-19T21:51:56+00:00","breadcrumb":{"@id":"https:\/\/www.todolivo.com\/fr\/oliveraie-en-haie\/la-taille\/#breadcrumb"},"inLanguage":"fr-FR","potentialAction":[{"@type":"ReadAction","target":["https:\/\/www.todolivo.com\/fr\/oliveraie-en-haie\/la-taille\/"]}]},{"@type":"ImageObject","inLanguage":"fr-FR","@id":"https:\/\/www.todolivo.com\/fr\/oliveraie-en-haie\/la-taille\/#primaryimage","url":"https:\/\/www.todolivo.com\/wp-content\/uploads\/Todolivo_p69.jpg","contentUrl":"https:\/\/www.todolivo.com\/wp-content\/uploads\/Todolivo_p69.jpg"},{"@type":"BreadcrumbList","@id":"https:\/\/www.todolivo.com\/fr\/oliveraie-en-haie\/la-taille\/#breadcrumb","itemListElement":[{"@type":"ListItem","position":1,"name":"Couverture","item":"https:\/\/www.todolivo.com\/fr\/"},{"@type":"ListItem","position":2,"name":"Oliveraie en Haie","item":"https:\/\/www.todolivo.com\/fr\/oliveraie-en-haie\/"},{"@type":"ListItem","position":3,"name":"LA TAILLE MANUELLE ET NATURELLE EN OLIVERAIES EN HAIE"}]},{"@type":"WebSite","@id":"https:\/\/www.todolivo.com\/#website","url":"https:\/\/www.todolivo.com\/","name":"Todolivo - Experts et pionniers \u00e0 Oliveraie en Haie","description":"Todolivo - Experts et pionniers \u00e0 Oliveraie en Haie","potentialAction":[{"@type":"SearchAction","target":{"@type":"EntryPoint","urlTemplate":"https:\/\/www.todolivo.com\/?s={search_term_string}"},"query-input":{"@type":"PropertyValueSpecification","valueRequired":true,"valueName":"search_term_string"}}],"inLanguage":"fr-FR"}]}},"_links":{"self":[{"href":"https:\/\/www.todolivo.com\/fr\/wp-json\/wp\/v2\/pages\/3309","targetHints":{"allow":["GET"]}}],"collection":[{"href":"https:\/\/www.todolivo.com\/fr\/wp-json\/wp\/v2\/pages"}],"about":[{"href":"https:\/\/www.todolivo.com\/fr\/wp-json\/wp\/v2\/types\/page"}],"author":[{"embeddable":true,"href":"https:\/\/www.todolivo.com\/fr\/wp-json\/wp\/v2\/users\/1"}],"replies":[{"embeddable":true,"href":"https:\/\/www.todolivo.com\/fr\/wp-json\/wp\/v2\/comments?post=3309"}],"version-history":[{"count":6,"href":"https:\/\/www.todolivo.com\/fr\/wp-json\/wp\/v2\/pages\/3309\/revisions"}],"predecessor-version":[{"id":21131,"href":"https:\/\/www.todolivo.com\/fr\/wp-json\/wp\/v2\/pages\/3309\/revisions\/21131"}],"up":[{"embeddable":true,"href":"https:\/\/www.todolivo.com\/fr\/wp-json\/wp\/v2\/pages\/3125"}],"wp:attachment":[{"href":"https:\/\/www.todolivo.com\/fr\/wp-json\/wp\/v2\/media?parent=3309"}],"curies":[{"name":"wp","href":"https:\/\/api.w.org\/{rel}","templated":true}]}}