{"id":3306,"date":"2014-10-23T20:25:07","date_gmt":"2014-10-23T19:25:07","guid":{"rendered":"http:\/\/todolivo.com\/?page_id=3306"},"modified":"2020-02-19T01:08:50","modified_gmt":"2020-02-19T00:08:50","slug":"litonita","status":"publish","type":"page","link":"https:\/\/www.todolivo.com\/fr\/oliveraie-en-haie\/litonita\/","title":{"rendered":"ENGRAIS PR\u00c9-PLANTATION"},"content":{"rendered":"<h2 style=\"text-align: center;\">Litonina<br \/>\nLa base de la fertilisation \u00e9cologique<\/h2>\n<span id=\"g1-space-1\" class=\"g1-space \" style=\"margin-top:-25px;\"><\/span>\n<style type=\"text\/css\" scoped=\"scoped\">#g1-section-1.g1-section {background-color: #ffffff; background-repeat:repeat; background-position:center top; background-attachment:static;}<\/style><div id=\"g1-section-1\" class=\"g1-section \"><div class=\"g1-layout-inner\">\n<h3>Elle contribue \u00e0 l\u2019enracinement des plantes et acc\u00e9l\u00e8re sa croissances dans ses premi\u00e8res \u00e9tapes.<\/h3>\n<ul class=\"g1-grid\"><li class=\"g1-column g1-two-third g1-valign-top\">\n<ul class=\"g1-grid\"><li class=\"g1-column g1-one-half g1-valign-top\">\n<h3>Nature<\/h3>\n<p>Mati\u00e8re d\u2019origine naturelle provenant du broyage de roches de la famille des <strong>Z\u00e9olites. <\/strong>Elle am\u00e9liore la capacit\u00e9 d\u2019\u00e9change cationique du sol, mettant les nutriments \u00e0 disposition de la plante sans que celle-ci de consomme d\u2019\u00e9nergie. Elle \u00e9vite l\u2019accumulation des \u00e9l\u00e9ments nutritifs dans les couches profondes du sol.<\/p>\n<\/li><!-- -->\n<li class=\"g1-column g1-one-half g1-valign-top\">\n<h3>R\u00e9sultat sur le terrain<\/h3>\n<p>Dans plusieurs des fermes o\u00f9 l\u2019on appliqu\u00e9 la \u00ab\u00a0Litonita\u00a0\u00bb, l\u2019apport de fertilisant s\u2019est r\u00e9duit notablement , comme par exemple&nbsp;; dans la ferme de Pedro Abad (Cordoue), qui depuis 14 moissons cons\u00e9cutives n\u2019a appliqu\u00e9 aucun engrais min\u00e9ral apr\u00e8s l\u2019apport initial de \u00ab\u00a0Litonina\u00a0\u00bb.<\/p>\n<\/li><!-- --><\/ul>\n<h3>Stockage de nutriments et humidit\u00e9<\/h3>\n<p>Une de ses qualit\u00e9s primordiales, est sa capacit\u00e9 de stocker les nutriments provenant principalement de la d\u00e9composition des restes de taille broy\u00e9s. Elle poss\u00e8de aussi la capacit\u00e9 d\u2019absorber et de rejeter l\u2019eau. Elle augmente la structure du sol en facilitant l\u2019a\u00e9ration.<\/p>\n<blockquote>\n<h3>Fondamental pour la r\u00e9duction des co\u00fbts de fertilisation \u00e0 l\u2019avenir.<\/h3>\n<\/blockquote>\n<\/li><!-- -->\n<li class=\"g1-column g1-one-third g1-valign-top\">\n<p><img fetchpriority=\"high\" decoding=\"async\" class=\"aligncenter wp-image-6347 size-full\" src=\"http:\/\/todolivo.com\/wp-content\/uploads\/Litonita3.png\" alt=\"\" width=\"265\" height=\"317\" srcset=\"https:\/\/www.todolivo.com\/wp-content\/uploads\/Litonita3.png 265w, https:\/\/www.todolivo.com\/wp-content\/uploads\/Litonita3-251x300.png 251w, https:\/\/www.todolivo.com\/wp-content\/uploads\/Litonita3-55x66.png 55w, https:\/\/www.todolivo.com\/wp-content\/uploads\/Litonita3-239x286.png 239w\" sizes=\"(max-width: 265px) 100vw, 265px\" \/><\/p>\n<h2 style=\"text-align: center;\">Fertilisant<br \/>\npr\u00e9-plantation<\/h2>\n<\/li><!-- --><\/ul>\n<\/div><\/div>\n","protected":false},"excerpt":{"rendered":"<p>Litonina La base de la fertilisation \u00e9cologique<\/p>\n","protected":false},"author":1,"featured_media":0,"parent":3125,"menu_order":0,"comment_status":"closed","ping_status":"closed","template":"","meta":{"_lmt_disableupdate":"no","_lmt_disable":"","footnotes":""},"class_list":["post-3306","page","type-page","status-publish"],"yoast_head":"<!-- This site is optimized with the Yoast SEO plugin v26.9 - https:\/\/yoast.com\/product\/yoast-seo-wordpress\/ -->\n<title>ENGRAIS PR\u00c9-PLANTATION - Todolivo - Experts et pionniers \u00e0 Oliveraie en Haie<\/title>\n<meta name=\"robots\" content=\"index, follow, max-snippet:-1, max-image-preview:large, max-video-preview:-1\" \/>\n<link rel=\"canonical\" href=\"https:\/\/www.todolivo.com\/fr\/oliveraie-en-haie\/litonita\/\" \/>\n<meta property=\"og:locale\" content=\"fr_FR\" \/>\n<meta property=\"og:type\" content=\"article\" \/>\n<meta property=\"og:title\" content=\"ENGRAIS PR\u00c9-PLANTATION - Todolivo - Experts et pionniers \u00e0 Oliveraie en Haie\" \/>\n<meta property=\"og:description\" content=\"Litonina La base de la fertilisation \u00e9cologique\" \/>\n<meta property=\"og:url\" content=\"https:\/\/www.todolivo.com\/fr\/oliveraie-en-haie\/litonita\/\" \/>\n<meta property=\"og:site_name\" content=\"Todolivo - Experts et pionniers \u00e0 Oliveraie en Haie\" \/>\n<meta property=\"article:modified_time\" content=\"2020-02-19T00:08:50+00:00\" \/>\n<meta property=\"og:image\" content=\"http:\/\/todolivo.com\/wp-content\/uploads\/Litonita3.png\" \/>\n<meta name=\"twitter:card\" content=\"summary_large_image\" \/>\n<meta name=\"twitter:label1\" content=\"Dur\u00e9e de lecture estim\u00e9e\" \/>\n\t<meta name=\"twitter:data1\" content=\"1 minute\" \/>\n<script type=\"application\/ld+json\" class=\"yoast-schema-graph\">{\"@context\":\"https:\/\/schema.org\",\"@graph\":[{\"@type\":\"WebPage\",\"@id\":\"https:\/\/www.todolivo.com\/fr\/oliveraie-en-haie\/litonita\/\",\"url\":\"https:\/\/www.todolivo.com\/fr\/oliveraie-en-haie\/litonita\/\",\"name\":\"ENGRAIS PR\u00c9-PLANTATION - Todolivo - Experts et pionniers \u00e0 Oliveraie en Haie\",\"isPartOf\":{\"@id\":\"https:\/\/www.todolivo.com\/#website\"},\"primaryImageOfPage\":{\"@id\":\"https:\/\/www.todolivo.com\/fr\/oliveraie-en-haie\/litonita\/#primaryimage\"},\"image\":{\"@id\":\"https:\/\/www.todolivo.com\/fr\/oliveraie-en-haie\/litonita\/#primaryimage\"},\"thumbnailUrl\":\"http:\/\/todolivo.com\/wp-content\/uploads\/Litonita3.png\",\"datePublished\":\"2014-10-23T19:25:07+00:00\",\"dateModified\":\"2020-02-19T00:08:50+00:00\",\"breadcrumb\":{\"@id\":\"https:\/\/www.todolivo.com\/fr\/oliveraie-en-haie\/litonita\/#breadcrumb\"},\"inLanguage\":\"fr-FR\",\"potentialAction\":[{\"@type\":\"ReadAction\",\"target\":[\"https:\/\/www.todolivo.com\/fr\/oliveraie-en-haie\/litonita\/\"]}]},{\"@type\":\"ImageObject\",\"inLanguage\":\"fr-FR\",\"@id\":\"https:\/\/www.todolivo.com\/fr\/oliveraie-en-haie\/litonita\/#primaryimage\",\"url\":\"http:\/\/todolivo.com\/wp-content\/uploads\/Litonita3.png\",\"contentUrl\":\"http:\/\/todolivo.com\/wp-content\/uploads\/Litonita3.png\"},{\"@type\":\"BreadcrumbList\",\"@id\":\"https:\/\/www.todolivo.com\/fr\/oliveraie-en-haie\/litonita\/#breadcrumb\",\"itemListElement\":[{\"@type\":\"ListItem\",\"position\":1,\"name\":\"Couverture\",\"item\":\"https:\/\/www.todolivo.com\/fr\/\"},{\"@type\":\"ListItem\",\"position\":2,\"name\":\"Oliveraie en Haie\",\"item\":\"https:\/\/www.todolivo.com\/fr\/oliveraie-en-haie\/\"},{\"@type\":\"ListItem\",\"position\":3,\"name\":\"ENGRAIS PR\u00c9-PLANTATION\"}]},{\"@type\":\"WebSite\",\"@id\":\"https:\/\/www.todolivo.com\/#website\",\"url\":\"https:\/\/www.todolivo.com\/\",\"name\":\"Todolivo - Experts et pionniers \u00e0 Oliveraie en Haie\",\"description\":\"Todolivo - Experts et pionniers \u00e0 Oliveraie en Haie\",\"potentialAction\":[{\"@type\":\"SearchAction\",\"target\":{\"@type\":\"EntryPoint\",\"urlTemplate\":\"https:\/\/www.todolivo.com\/?s={search_term_string}\"},\"query-input\":{\"@type\":\"PropertyValueSpecification\",\"valueRequired\":true,\"valueName\":\"search_term_string\"}}],\"inLanguage\":\"fr-FR\"}]}<\/script>\n<!-- \/ Yoast SEO plugin. -->","yoast_head_json":{"title":"ENGRAIS PR\u00c9-PLANTATION - Todolivo - Experts et pionniers \u00e0 Oliveraie en Haie","robots":{"index":"index","follow":"follow","max-snippet":"max-snippet:-1","max-image-preview":"max-image-preview:large","max-video-preview":"max-video-preview:-1"},"canonical":"https:\/\/www.todolivo.com\/fr\/oliveraie-en-haie\/litonita\/","og_locale":"fr_FR","og_type":"article","og_title":"ENGRAIS PR\u00c9-PLANTATION - Todolivo - Experts et pionniers \u00e0 Oliveraie en Haie","og_description":"Litonina La base de la fertilisation \u00e9cologique","og_url":"https:\/\/www.todolivo.com\/fr\/oliveraie-en-haie\/litonita\/","og_site_name":"Todolivo - Experts et pionniers \u00e0 Oliveraie en Haie","article_modified_time":"2020-02-19T00:08:50+00:00","og_image":[{"url":"http:\/\/todolivo.com\/wp-content\/uploads\/Litonita3.png","type":"","width":"","height":""}],"twitter_card":"summary_large_image","twitter_misc":{"Dur\u00e9e de lecture estim\u00e9e":"1 minute"},"schema":{"@context":"https:\/\/schema.org","@graph":[{"@type":"WebPage","@id":"https:\/\/www.todolivo.com\/fr\/oliveraie-en-haie\/litonita\/","url":"https:\/\/www.todolivo.com\/fr\/oliveraie-en-haie\/litonita\/","name":"ENGRAIS PR\u00c9-PLANTATION - Todolivo - Experts et pionniers \u00e0 Oliveraie en Haie","isPartOf":{"@id":"https:\/\/www.todolivo.com\/#website"},"primaryImageOfPage":{"@id":"https:\/\/www.todolivo.com\/fr\/oliveraie-en-haie\/litonita\/#primaryimage"},"image":{"@id":"https:\/\/www.todolivo.com\/fr\/oliveraie-en-haie\/litonita\/#primaryimage"},"thumbnailUrl":"http:\/\/todolivo.com\/wp-content\/uploads\/Litonita3.png","datePublished":"2014-10-23T19:25:07+00:00","dateModified":"2020-02-19T00:08:50+00:00","breadcrumb":{"@id":"https:\/\/www.todolivo.com\/fr\/oliveraie-en-haie\/litonita\/#breadcrumb"},"inLanguage":"fr-FR","potentialAction":[{"@type":"ReadAction","target":["https:\/\/www.todolivo.com\/fr\/oliveraie-en-haie\/litonita\/"]}]},{"@type":"ImageObject","inLanguage":"fr-FR","@id":"https:\/\/www.todolivo.com\/fr\/oliveraie-en-haie\/litonita\/#primaryimage","url":"http:\/\/todolivo.com\/wp-content\/uploads\/Litonita3.png","contentUrl":"http:\/\/todolivo.com\/wp-content\/uploads\/Litonita3.png"},{"@type":"BreadcrumbList","@id":"https:\/\/www.todolivo.com\/fr\/oliveraie-en-haie\/litonita\/#breadcrumb","itemListElement":[{"@type":"ListItem","position":1,"name":"Couverture","item":"https:\/\/www.todolivo.com\/fr\/"},{"@type":"ListItem","position":2,"name":"Oliveraie en Haie","item":"https:\/\/www.todolivo.com\/fr\/oliveraie-en-haie\/"},{"@type":"ListItem","position":3,"name":"ENGRAIS PR\u00c9-PLANTATION"}]},{"@type":"WebSite","@id":"https:\/\/www.todolivo.com\/#website","url":"https:\/\/www.todolivo.com\/","name":"Todolivo - Experts et pionniers \u00e0 Oliveraie en Haie","description":"Todolivo - Experts et pionniers \u00e0 Oliveraie en Haie","potentialAction":[{"@type":"SearchAction","target":{"@type":"EntryPoint","urlTemplate":"https:\/\/www.todolivo.com\/?s={search_term_string}"},"query-input":{"@type":"PropertyValueSpecification","valueRequired":true,"valueName":"search_term_string"}}],"inLanguage":"fr-FR"}]}},"_links":{"self":[{"href":"https:\/\/www.todolivo.com\/fr\/wp-json\/wp\/v2\/pages\/3306","targetHints":{"allow":["GET"]}}],"collection":[{"href":"https:\/\/www.todolivo.com\/fr\/wp-json\/wp\/v2\/pages"}],"about":[{"href":"https:\/\/www.todolivo.com\/fr\/wp-json\/wp\/v2\/types\/page"}],"author":[{"embeddable":true,"href":"https:\/\/www.todolivo.com\/fr\/wp-json\/wp\/v2\/users\/1"}],"replies":[{"embeddable":true,"href":"https:\/\/www.todolivo.com\/fr\/wp-json\/wp\/v2\/comments?post=3306"}],"version-history":[{"count":1,"href":"https:\/\/www.todolivo.com\/fr\/wp-json\/wp\/v2\/pages\/3306\/revisions"}],"predecessor-version":[{"id":21003,"href":"https:\/\/www.todolivo.com\/fr\/wp-json\/wp\/v2\/pages\/3306\/revisions\/21003"}],"up":[{"embeddable":true,"href":"https:\/\/www.todolivo.com\/fr\/wp-json\/wp\/v2\/pages\/3125"}],"wp:attachment":[{"href":"https:\/\/www.todolivo.com\/fr\/wp-json\/wp\/v2\/media?parent=3306"}],"curies":[{"name":"wp","href":"https:\/\/api.w.org\/{rel}","templated":true}]}}