{"id":3304,"date":"2014-10-23T19:57:22","date_gmt":"2014-10-23T18:57:22","guid":{"rendered":"http:\/\/todolivo.com\/?page_id=3304"},"modified":"2020-02-13T14:28:25","modified_gmt":"2020-02-13T13:28:25","slug":"systemes-de-tuteur","status":"publish","type":"page","link":"https:\/\/www.todolivo.com\/fr\/oliveraie-en-haie\/systemes-de-tuteur\/","title":{"rendered":"Syst\u00e8mes de tuteur"},"content":{"rendered":"<span id=\"g1-space-1\" class=\"g1-space \" style=\"margin-top:-40px;\"><\/span>\n\n\t\t\t<!-- START Sistemas de entutorado REVOLUTION SLIDER 6.2.1 --><p class=\"rs-p-wp-fix\"><\/p>\n\t\t\t<rs-module-wrap id=\"rev_slider_10_1_wrapper\" data-source=\"gallery\" style=\"background:#E9E9E9;padding:0;margin:0px auto;margin-top:20;margin-bottom:-45;max-width:\">\n\t\t\t\t<rs-module id=\"rev_slider_10_1\" style=\"display:none;\" data-version=\"6.2.1\">\n\t\t\t\t\t<rs-slides>\n\t\t\t\t\t\t<rs-slide data-key=\"rs-19\" data-title=\"Slide\" data-anim=\"ei:d;eo:d;s:300;r:0;t:random,notransition;sl:7;\">\n\t\t\t\t\t\t\t<img decoding=\"async\" src=\"\/\/www.todolivo.com\/wp-content\/uploads\/Tutores_todolivo_slide.jpg\" title=\"Syst\u00e8mes de tuteur\" data-bg=\"p:center top;\" class=\"rev-slidebg\" data-no-retina>\n<!---->\t\t\t\t\t\t<\/rs-slide>\n\t\t\t\t\t<\/rs-slides>\n\t\t\t\t\t<rs-progress class=\"rs-bottom\" style=\"visibility: hidden !important;\"><\/rs-progress>\n\t\t\t\t<\/rs-module>\n\t\t\t\t<script type=\"text\/javascript\">\n\t\t\t\t\tsetREVStartSize({c: 'rev_slider_10_1',rl:[1240,1024,778,480],el:[],gw:[1024],gh:[420],type:'standard',justify:'',layout:'fullwidth',mh:\"0\"});\n\t\t\t\t\tvar\trevapi10,\n\t\t\t\t\t\ttpj;\n\t\t\t\t\tjQuery(function() {\n\t\t\t\t\t\ttpj = jQuery;\n\t\t\t\t\t\ttpj.noConflict();\n\t\t\t\t\t\tif(tpj(\"#rev_slider_10_1\").revolution == undefined){\n\t\t\t\t\t\t\trevslider_showDoubleJqueryError(\"#rev_slider_10_1\");\n\t\t\t\t\t\t}else{\n\t\t\t\t\t\t\trevapi10 = tpj(\"#rev_slider_10_1\").show().revolution({\n\t\t\t\t\t\t\t\tjsFileLocation:\"\/\/www.todolivo.com\/wp-content\/plugins\/revslider\/public\/assets\/js\/\",\n\t\t\t\t\t\t\t\tduration:\"\",\n\t\t\t\t\t\t\t\tvisibilityLevels:\"1240,1024,778,480\",\n\t\t\t\t\t\t\t\tgridwidth:1024,\n\t\t\t\t\t\t\t\tgridheight:420,\n\t\t\t\t\t\t\t\tspinner:\"spinner0\",\n\t\t\t\t\t\t\t\tresponsiveLevels:\"1240,1024,778,480\",\n\t\t\t\t\t\t\t\tdisableProgressBar:\"on\",\n\t\t\t\t\t\t\t\tnavigation: {\n\t\t\t\t\t\t\t\t\tmouseScrollNavigation:false,\n\t\t\t\t\t\t\t\t\ttouch: {\n\t\t\t\t\t\t\t\t\t\ttouchenabled:true,\n\t\t\t\t\t\t\t\t\t\tswipe_threshold:0\n\t\t\t\t\t\t\t\t\t}\n\t\t\t\t\t\t\t\t},\n\t\t\t\t\t\t\t\tfallbacks: {\n\t\t\t\t\t\t\t\t\tignoreHeightChanges:\"\",\n\t\t\t\t\t\t\t\t\tallowHTML5AutoPlayOnAndroid:true\n\t\t\t\t\t\t\t\t},\n\t\t\t\t\t\t\t});\n\t\t\t\t\t\t}\n\t\t\t\t\t\t\n\t\t\t\t\t});\n\t\t\t\t<\/script>\n\t\t\t<\/rs-module-wrap>\n\t\t\t<!-- END REVOLUTION SLIDER -->\n\n<span id=\"g1-space-2\" class=\"g1-space \" style=\"height:100px;\"><\/span>\n<h2 style=\"text-align: center;\"><span style=\"color: #ffffff;\">.<\/span><\/h2>\n<h2><strong>La tige de bambou, <\/strong>la fa\u00e7on la plus efficace, \u00e9conomique et \u00e9cologique <strong>de tuteurer votre plantation.<\/strong><\/h2>\n<span id=\"g1-space-3\" class=\"g1-space \" style=\"height:25px;\"><\/span>\n<ul class=\"g1-grid\"><li class=\"g1-column g1-one-half g1-valign-top\">\n<p><strong>Le tuteurage avec tiges de bambou<\/strong> est notre syst\u00e8me de tuteur habituel, m\u00eame si parfois nous avons aussi plant\u00e9 des fermes en <strong>espalier.<\/strong><\/p>\n<p>Avec le syst\u00e8me de tuteur de tiges de bambou nous sommes arriv\u00e9s \u00e0 \u00e9viter l\u2019effet nuisible que provoque l\u2019action du vent sur la ligne de haie, gr\u00e2ce aux tuteurs situ\u00e9s l\u2019un ind\u00e9pendant de l\u2019autre, qui diminuent ainsi la r\u00e9sistance au vent.<\/p>\n<p>Nous utilisons la tige de bambou de 2 vari\u00e9t\u00e9s tr\u00e8s r\u00e9sistantes. Les tiges sont imperm\u00e9abilis\u00e9es au niveau de leurs premiers 50 cm. Les dimensions des tiges utilis\u00e9es sont\u00a0: 2,5 m de haut et 18-22 mm d\u2019\u00e9paisseur.<\/p>\n<h4><strong>Fonctionnalit\u00e9<\/strong><\/h4>\n<p>Permettent de guider la plante de forme pyramidale et aident \u00e0 soutenir l\u2019olivier durant sa croissance, d\u2019une mani\u00e8re \u00e9cologique et \u00e9conomique. En plus, ils sont d\u00e9gradables, n\u2019endommagent pas la plante avec leur frottement \u00e0 cause du vent, et n\u2019entravent gu\u00e8re les travaux de taille et de r\u00e9colte.<\/p>\n<\/li><!-- -->\n<li class=\"g1-column g1-one-half g1-valign-top\">\n<div id=\"fluid-wrapper-counter-1\" class=\"g1-fluid-wrapper \" style=\"width:686px;\"><div style=\"padding-bottom:56.268221574344%;\"><iframe width=\"686\" height=\"386\" src=\"https:\/\/www.youtube.com\/embed\/vxTfl49R3rE?feature=oembed&amp;wmode=transparent&amp;autohide=1&amp;autoplay=0&amp;disablekb=0&amp;fs=1&amp;loop=0&amp;enablejsapi=1&amp;rel=0&amp;controls=2&amp;showinfo=0&amp;wmode=transparent&amp;autohide=2&amp;autoplay=0&amp;disablekb=0&amp;fs=1&amp;loop=0&amp;enablejsapi=1&amp;rel=0&amp;controls=2&amp;showinfo=1\" frameborder=\"0\" allowfullscreen><\/iframe><\/div><\/div>\n<h4 style=\"text-align: left;\"><strong>Mise en place<\/strong><\/h4>\n<p style=\"text-align: left;\">Nous r\u00e9alisons la mise en place des tuteurs <strong>de fa\u00e7on m\u00e9canique<\/strong>, simple et rapide \u00e0 l\u2019aide de machines planteuses.<\/p>\n<\/li><!-- --><\/ul>\n","protected":false},"excerpt":{"rendered":"<p>. La tige de bambou, la fa\u00e7on la plus efficace, \u00e9conomique et \u00e9cologique de tuteurer votre plantation.<\/p>\n","protected":false},"author":1,"featured_media":0,"parent":3125,"menu_order":0,"comment_status":"closed","ping_status":"closed","template":"","meta":{"_lmt_disableupdate":"no","_lmt_disable":"","footnotes":""},"class_list":["post-3304","page","type-page","status-publish"],"yoast_head":"<!-- This site is optimized with the Yoast SEO plugin v26.9 - https:\/\/yoast.com\/product\/yoast-seo-wordpress\/ -->\n<title>Syst\u00e8mes de tuteur - Todolivo - Experts et pionniers \u00e0 Oliveraie en Haie<\/title>\n<meta name=\"robots\" content=\"index, follow, max-snippet:-1, max-image-preview:large, max-video-preview:-1\" \/>\n<link rel=\"canonical\" href=\"https:\/\/www.todolivo.com\/fr\/oliveraie-en-haie\/systemes-de-tuteur\/\" \/>\n<meta property=\"og:locale\" content=\"fr_FR\" \/>\n<meta property=\"og:type\" content=\"article\" \/>\n<meta property=\"og:title\" content=\"Syst\u00e8mes de tuteur - Todolivo - Experts et pionniers \u00e0 Oliveraie en Haie\" \/>\n<meta property=\"og:description\" content=\". La tige de bambou, la fa\u00e7on la plus efficace, \u00e9conomique et \u00e9cologique de tuteurer votre plantation.\" \/>\n<meta property=\"og:url\" content=\"https:\/\/www.todolivo.com\/fr\/oliveraie-en-haie\/systemes-de-tuteur\/\" \/>\n<meta property=\"og:site_name\" content=\"Todolivo - Experts et pionniers \u00e0 Oliveraie en Haie\" \/>\n<meta property=\"article:modified_time\" content=\"2020-02-13T13:28:25+00:00\" \/>\n<meta name=\"twitter:card\" content=\"summary_large_image\" \/>\n<meta name=\"twitter:label1\" content=\"Dur\u00e9e de lecture estim\u00e9e\" \/>\n\t<meta name=\"twitter:data1\" content=\"1 minute\" \/>\n<script type=\"application\/ld+json\" class=\"yoast-schema-graph\">{\"@context\":\"https:\/\/schema.org\",\"@graph\":[{\"@type\":\"WebPage\",\"@id\":\"https:\/\/www.todolivo.com\/fr\/oliveraie-en-haie\/systemes-de-tuteur\/\",\"url\":\"https:\/\/www.todolivo.com\/fr\/oliveraie-en-haie\/systemes-de-tuteur\/\",\"name\":\"Syst\u00e8mes de tuteur - Todolivo - Experts et pionniers \u00e0 Oliveraie en Haie\",\"isPartOf\":{\"@id\":\"https:\/\/www.todolivo.com\/#website\"},\"datePublished\":\"2014-10-23T18:57:22+00:00\",\"dateModified\":\"2020-02-13T13:28:25+00:00\",\"breadcrumb\":{\"@id\":\"https:\/\/www.todolivo.com\/fr\/oliveraie-en-haie\/systemes-de-tuteur\/#breadcrumb\"},\"inLanguage\":\"fr-FR\",\"potentialAction\":[{\"@type\":\"ReadAction\",\"target\":[\"https:\/\/www.todolivo.com\/fr\/oliveraie-en-haie\/systemes-de-tuteur\/\"]}]},{\"@type\":\"BreadcrumbList\",\"@id\":\"https:\/\/www.todolivo.com\/fr\/oliveraie-en-haie\/systemes-de-tuteur\/#breadcrumb\",\"itemListElement\":[{\"@type\":\"ListItem\",\"position\":1,\"name\":\"Couverture\",\"item\":\"https:\/\/www.todolivo.com\/fr\/\"},{\"@type\":\"ListItem\",\"position\":2,\"name\":\"Oliveraie en Haie\",\"item\":\"https:\/\/www.todolivo.com\/fr\/oliveraie-en-haie\/\"},{\"@type\":\"ListItem\",\"position\":3,\"name\":\"Syst\u00e8mes de tuteur\"}]},{\"@type\":\"WebSite\",\"@id\":\"https:\/\/www.todolivo.com\/#website\",\"url\":\"https:\/\/www.todolivo.com\/\",\"name\":\"Todolivo - Experts et pionniers \u00e0 Oliveraie en Haie\",\"description\":\"Todolivo - Experts et pionniers \u00e0 Oliveraie en Haie\",\"potentialAction\":[{\"@type\":\"SearchAction\",\"target\":{\"@type\":\"EntryPoint\",\"urlTemplate\":\"https:\/\/www.todolivo.com\/?s={search_term_string}\"},\"query-input\":{\"@type\":\"PropertyValueSpecification\",\"valueRequired\":true,\"valueName\":\"search_term_string\"}}],\"inLanguage\":\"fr-FR\"}]}<\/script>\n<!-- \/ Yoast SEO plugin. -->","yoast_head_json":{"title":"Syst\u00e8mes de tuteur - Todolivo - Experts et pionniers \u00e0 Oliveraie en Haie","robots":{"index":"index","follow":"follow","max-snippet":"max-snippet:-1","max-image-preview":"max-image-preview:large","max-video-preview":"max-video-preview:-1"},"canonical":"https:\/\/www.todolivo.com\/fr\/oliveraie-en-haie\/systemes-de-tuteur\/","og_locale":"fr_FR","og_type":"article","og_title":"Syst\u00e8mes de tuteur - Todolivo - Experts et pionniers \u00e0 Oliveraie en Haie","og_description":". La tige de bambou, la fa\u00e7on la plus efficace, \u00e9conomique et \u00e9cologique de tuteurer votre plantation.","og_url":"https:\/\/www.todolivo.com\/fr\/oliveraie-en-haie\/systemes-de-tuteur\/","og_site_name":"Todolivo - Experts et pionniers \u00e0 Oliveraie en Haie","article_modified_time":"2020-02-13T13:28:25+00:00","twitter_card":"summary_large_image","twitter_misc":{"Dur\u00e9e de lecture estim\u00e9e":"1 minute"},"schema":{"@context":"https:\/\/schema.org","@graph":[{"@type":"WebPage","@id":"https:\/\/www.todolivo.com\/fr\/oliveraie-en-haie\/systemes-de-tuteur\/","url":"https:\/\/www.todolivo.com\/fr\/oliveraie-en-haie\/systemes-de-tuteur\/","name":"Syst\u00e8mes de tuteur - Todolivo - Experts et pionniers \u00e0 Oliveraie en Haie","isPartOf":{"@id":"https:\/\/www.todolivo.com\/#website"},"datePublished":"2014-10-23T18:57:22+00:00","dateModified":"2020-02-13T13:28:25+00:00","breadcrumb":{"@id":"https:\/\/www.todolivo.com\/fr\/oliveraie-en-haie\/systemes-de-tuteur\/#breadcrumb"},"inLanguage":"fr-FR","potentialAction":[{"@type":"ReadAction","target":["https:\/\/www.todolivo.com\/fr\/oliveraie-en-haie\/systemes-de-tuteur\/"]}]},{"@type":"BreadcrumbList","@id":"https:\/\/www.todolivo.com\/fr\/oliveraie-en-haie\/systemes-de-tuteur\/#breadcrumb","itemListElement":[{"@type":"ListItem","position":1,"name":"Couverture","item":"https:\/\/www.todolivo.com\/fr\/"},{"@type":"ListItem","position":2,"name":"Oliveraie en Haie","item":"https:\/\/www.todolivo.com\/fr\/oliveraie-en-haie\/"},{"@type":"ListItem","position":3,"name":"Syst\u00e8mes de tuteur"}]},{"@type":"WebSite","@id":"https:\/\/www.todolivo.com\/#website","url":"https:\/\/www.todolivo.com\/","name":"Todolivo - Experts et pionniers \u00e0 Oliveraie en Haie","description":"Todolivo - Experts et pionniers \u00e0 Oliveraie en Haie","potentialAction":[{"@type":"SearchAction","target":{"@type":"EntryPoint","urlTemplate":"https:\/\/www.todolivo.com\/?s={search_term_string}"},"query-input":{"@type":"PropertyValueSpecification","valueRequired":true,"valueName":"search_term_string"}}],"inLanguage":"fr-FR"}]}},"_links":{"self":[{"href":"https:\/\/www.todolivo.com\/fr\/wp-json\/wp\/v2\/pages\/3304","targetHints":{"allow":["GET"]}}],"collection":[{"href":"https:\/\/www.todolivo.com\/fr\/wp-json\/wp\/v2\/pages"}],"about":[{"href":"https:\/\/www.todolivo.com\/fr\/wp-json\/wp\/v2\/types\/page"}],"author":[{"embeddable":true,"href":"https:\/\/www.todolivo.com\/fr\/wp-json\/wp\/v2\/users\/1"}],"replies":[{"embeddable":true,"href":"https:\/\/www.todolivo.com\/fr\/wp-json\/wp\/v2\/comments?post=3304"}],"version-history":[{"count":2,"href":"https:\/\/www.todolivo.com\/fr\/wp-json\/wp\/v2\/pages\/3304\/revisions"}],"predecessor-version":[{"id":20235,"href":"https:\/\/www.todolivo.com\/fr\/wp-json\/wp\/v2\/pages\/3304\/revisions\/20235"}],"up":[{"embeddable":true,"href":"https:\/\/www.todolivo.com\/fr\/wp-json\/wp\/v2\/pages\/3125"}],"wp:attachment":[{"href":"https:\/\/www.todolivo.com\/fr\/wp-json\/wp\/v2\/media?parent=3304"}],"curies":[{"name":"wp","href":"https:\/\/api.w.org\/{rel}","templated":true}]}}