{"id":3185,"date":"2014-03-04T18:33:50","date_gmt":"2014-03-04T17:33:50","guid":{"rendered":"http:\/\/todolivo.com\/?page_id=3185"},"modified":"2020-02-18T11:13:35","modified_gmt":"2020-02-18T10:13:35","slug":"plantations-multivarietales","status":"publish","type":"page","link":"https:\/\/www.todolivo.com\/fr\/oliveraie-en-haie\/plantations-multivarietales\/","title":{"rendered":"Les plantations en haie multivari\u00e9tales personnalis\u00e9s"},"content":{"rendered":"<ul class=\"g1-grid\"><li class=\"g1-column g1-four-fifth g1-valign-top\">\n<h1 style=\"text-align: center;\">PLANTATIONS EN HAIE<br \/>\n<strong><span style=\"color: #ff0000;\">MULTI<\/span><span style=\"color: #339966;\">-VARI\u00c9TALE<\/span><\/strong><\/h1>\n<h1 style=\"text-align: center;\"><em>Personnalis\u00e9es<\/em><\/h1>\n<\/li><!-- -->\n<li class=\"g1-column g1-one-fifth g1-valign-top\">\n<span id=\"g1-space-1\" class=\"g1-space \" style=\"height:25px;\"><\/span>\n<p style=\"text-align: center;\"><strong>Convient<\/strong><br \/>\n<strong>\u00e0 l`<span style=\"color: #ff0000;\">ARIDOCULTURE<\/span><\/strong><br \/>\n<strong> et \u00e0 l`<span style=\"color: #3366ff;\">IRRIGATION<\/span><\/strong><\/p>\n<\/li><!-- --><\/ul>\n<h2>Que sont-elles?<\/h2>\n<p>Elles sont le fruit du travail en R&amp;D que nous r\u00e9alisons depuis 1999. Pendant cette ann\u00e9e, les premiers essais multi-vari\u00e9tales en haie ont \u00e9t\u00e9 lanc\u00e9.<\/p>\n<p>Ce type de plantation int\u00e8gre diff\u00e9rentes vari\u00e9t\u00e9s d\u2019oliviers dans la m\u00eame exploitation.<\/p>\n<h2>Elles permettent<\/h2>\n<ul>\n<li>D\u2019obtenir le 100% de d\u2019huile vierge extra, diff\u00e9rencier notre offre de la concurrence et avoir des huiles avec des saveurs et ar\u00f4mes fruit\u00e9s uniques sur le march\u00e9.<\/li>\n<li>Une utilisation agronomique optimale de l\u2019exploitation. Ceci est possible gr\u00e2ce \u00e0 l\u2019utilisation de vari\u00e9t\u00e9s qui s\u2019adaptent le mieux aux diff\u00e9rentes circonstances agronomiques et climatologiques de l\u2019exploitation.<\/li>\n<li>De r\u00e9duire les risques caus\u00e9s par des incidents m\u00e9t\u00e9orologiques.<\/li>\n<li>D\u2019atteindre une productivit\u00e9 et une rentabilit\u00e9 maximales, avec le moindre investissement et le moindre cout d\u2019entretien possibles.<\/li>\n<li>D\u2019am\u00e9liorer la pollinisation et la nouaison.<\/li>\n<\/ul>\n<span id=\"g1-space-2\" class=\"g1-space \" style=\"height:25px;\"><\/span>\n<p><img fetchpriority=\"high\" decoding=\"async\" class=\"aligncenter wp-image-20694 size-full\" src=\"https:\/\/www.todolivo.com\/wp-content\/uploads\/Todolivo_p22-23_det_1.jpg\" alt=\"\" width=\"900\" height=\"622\" srcset=\"https:\/\/www.todolivo.com\/wp-content\/uploads\/Todolivo_p22-23_det_1.jpg 900w, https:\/\/www.todolivo.com\/wp-content\/uploads\/Todolivo_p22-23_det_1-300x207.jpg 300w, https:\/\/www.todolivo.com\/wp-content\/uploads\/Todolivo_p22-23_det_1-768x531.jpg 768w, https:\/\/www.todolivo.com\/wp-content\/uploads\/Todolivo_p22-23_det_1-636x440.jpg 636w, https:\/\/www.todolivo.com\/wp-content\/uploads\/Todolivo_p22-23_det_1-320x221.jpg 320w, https:\/\/www.todolivo.com\/wp-content\/uploads\/Todolivo_p22-23_det_1-239x165.jpg 239w\" sizes=\"(max-width: 900px) 100vw, 900px\" \/><\/p>\n<span id=\"g1-space-3\" class=\"g1-space \" style=\"height:30px;\"><\/span>\n<ul class=\"g1-grid\"><li class=\"g1-column g1-three-fifth g1-valign-top\">\n<h2>Pourquoi les personnaliser?<\/h2>\n<p>Parce que chaque ferme a des caract\u00e9ristiques climatologiques et agronomiques propres et qui la rendent unique et diff\u00e9rente. Chez Todolivo, nous r\u00e9alisons une \u00e9tude d\u00e9taill\u00e9e de chacune des raies de labour (portions de terrain avec des caract\u00e9ristiques similaires) qui composent chaque ferme. Nous prenons en consid\u00e9ration les diff\u00e9rents facteurs comme par exemple: le type de sol, l\u2019orientation, le d\u00e9nivellement, l\u2019ensoleillement, la disponibilit\u00e9 en eau, les donn\u00e9es climatologiques, etc.<\/p>\n<p>Sur la base des r\u00e9sultats des donn\u00e9es obtenues, et en prenant en consid\u00e9ration les caract\u00e9ristiques organoleptiques des huiles, nous personnalisons les \u00e9l\u00e9ments suivants pour chacune des raies de labour: le cadre de plantations appropri\u00e9, les vari\u00e9t\u00e9s \u00e0 planter, l\u2019orientation et la manipulation agronomique.<\/p>\n<\/li><!-- -->\n<li class=\"g1-column g1-two-fifth g1-valign-top\">\n<p><img decoding=\"async\" class=\"aligncenter wp-image-20757 size-full\" src=\"https:\/\/www.todolivo.com\/wp-content\/uploads\/Todolivo_p23_FR.jpg\" alt=\"\" width=\"684\" height=\"700\" srcset=\"https:\/\/www.todolivo.com\/wp-content\/uploads\/Todolivo_p23_FR.jpg 684w, https:\/\/www.todolivo.com\/wp-content\/uploads\/Todolivo_p23_FR-293x300.jpg 293w, https:\/\/www.todolivo.com\/wp-content\/uploads\/Todolivo_p23_FR-636x651.jpg 636w, https:\/\/www.todolivo.com\/wp-content\/uploads\/Todolivo_p23_FR-320x327.jpg 320w, https:\/\/www.todolivo.com\/wp-content\/uploads\/Todolivo_p23_FR-239x245.jpg 239w, https:\/\/www.todolivo.com\/wp-content\/uploads\/Todolivo_p23_FR-55x55.jpg 55w\" sizes=\"(max-width: 684px) 100vw, 684px\" \/><\/p>\n<\/li><!-- --><\/ul>\n<span id=\"g1-space-4\" class=\"g1-space \" style=\"height:30px;\"><\/span>\n<blockquote>\n<h3><em>Tirez le maximum parti de votre ferme<\/em><\/h3>\n<\/blockquote>\n<span id=\"g1-space-5\" class=\"g1-space \" style=\"height:25px;\"><\/span>\n<p><img decoding=\"async\" class=\"aligncenter wp-image-20767 size-full\" src=\"https:\/\/www.todolivo.com\/wp-content\/uploads\/Todolivo_p27_FR-1.jpg\" alt=\"\" width=\"960\" height=\"502\" srcset=\"https:\/\/www.todolivo.com\/wp-content\/uploads\/Todolivo_p27_FR-1.jpg 960w, https:\/\/www.todolivo.com\/wp-content\/uploads\/Todolivo_p27_FR-1-300x157.jpg 300w, https:\/\/www.todolivo.com\/wp-content\/uploads\/Todolivo_p27_FR-1-768x402.jpg 768w, https:\/\/www.todolivo.com\/wp-content\/uploads\/Todolivo_p27_FR-1-636x333.jpg 636w, https:\/\/www.todolivo.com\/wp-content\/uploads\/Todolivo_p27_FR-1-320x167.jpg 320w, https:\/\/www.todolivo.com\/wp-content\/uploads\/Todolivo_p27_FR-1-239x125.jpg 239w\" sizes=\"(max-width: 960px) 100vw, 960px\" \/><\/p>\n<p><img loading=\"lazy\" decoding=\"async\" class=\"aligncenter size-full wp-image-20710\" src=\"https:\/\/www.todolivo.com\/wp-content\/uploads\/p26-27_det_1.jpg\" alt=\"\" width=\"960\" height=\"541\" srcset=\"https:\/\/www.todolivo.com\/wp-content\/uploads\/p26-27_det_1.jpg 960w, https:\/\/www.todolivo.com\/wp-content\/uploads\/p26-27_det_1-300x169.jpg 300w, https:\/\/www.todolivo.com\/wp-content\/uploads\/p26-27_det_1-768x433.jpg 768w, https:\/\/www.todolivo.com\/wp-content\/uploads\/p26-27_det_1-636x358.jpg 636w, https:\/\/www.todolivo.com\/wp-content\/uploads\/p26-27_det_1-482x271.jpg 482w, https:\/\/www.todolivo.com\/wp-content\/uploads\/p26-27_det_1-320x180.jpg 320w, https:\/\/www.todolivo.com\/wp-content\/uploads\/p26-27_det_1-239x135.jpg 239w\" sizes=\"(max-width: 960px) 100vw, 960px\" \/><\/p>\n","protected":false},"excerpt":{"rendered":"<p>Que sont-elles? Elles sont le fruit du travail en R&amp;D que nous r\u00e9alisons depuis 1999. Pendant cette ann\u00e9e, les premiers essais multi-vari\u00e9tales en haie ont \u00e9t\u00e9 lanc\u00e9. Ce type de plantation int\u00e8gre diff\u00e9rentes vari\u00e9t\u00e9s d\u2019oliviers dans la m\u00eame exploitation. Elles permettent D\u2019obtenir le 100% de d\u2019huile vierge extra, diff\u00e9rencier notre offre de la concurrence et [&hellip;]<\/p>\n","protected":false},"author":1,"featured_media":0,"parent":3125,"menu_order":0,"comment_status":"closed","ping_status":"closed","template":"","meta":{"_lmt_disableupdate":"no","_lmt_disable":"","footnotes":""},"class_list":["post-3185","page","type-page","status-publish"],"yoast_head":"<!-- This site is optimized with the Yoast SEO plugin v26.9 - https:\/\/yoast.com\/product\/yoast-seo-wordpress\/ -->\n<title>Les plantations en haie multivari\u00e9tales personnalis\u00e9s - Todolivo - Experts et pionniers \u00e0 Oliveraie en Haie<\/title>\n<meta name=\"robots\" content=\"index, follow, max-snippet:-1, max-image-preview:large, max-video-preview:-1\" \/>\n<link rel=\"canonical\" href=\"https:\/\/www.todolivo.com\/fr\/oliveraie-en-haie\/plantations-multivarietales\/\" \/>\n<meta property=\"og:locale\" content=\"fr_FR\" \/>\n<meta property=\"og:type\" content=\"article\" \/>\n<meta property=\"og:title\" content=\"Les plantations en haie multivari\u00e9tales personnalis\u00e9s - Todolivo - Experts et pionniers \u00e0 Oliveraie en Haie\" \/>\n<meta property=\"og:description\" content=\"Que sont-elles? Elles sont le fruit du travail en R&amp;D que nous r\u00e9alisons depuis 1999. Pendant cette ann\u00e9e, les premiers essais multi-vari\u00e9tales en haie ont \u00e9t\u00e9 lanc\u00e9. Ce type de plantation int\u00e8gre diff\u00e9rentes vari\u00e9t\u00e9s d\u2019oliviers dans la m\u00eame exploitation. Elles permettent D\u2019obtenir le 100% de d\u2019huile vierge extra, diff\u00e9rencier notre offre de la concurrence et [&hellip;]\" \/>\n<meta property=\"og:url\" content=\"https:\/\/www.todolivo.com\/fr\/oliveraie-en-haie\/plantations-multivarietales\/\" \/>\n<meta property=\"og:site_name\" content=\"Todolivo - Experts et pionniers \u00e0 Oliveraie en Haie\" \/>\n<meta property=\"article:modified_time\" content=\"2020-02-18T10:13:35+00:00\" \/>\n<meta property=\"og:image\" content=\"https:\/\/www.todolivo.com\/wp-content\/uploads\/Todolivo_p22-23_det_1.jpg\" \/>\n<meta name=\"twitter:card\" content=\"summary_large_image\" \/>\n<meta name=\"twitter:label1\" content=\"Dur\u00e9e de lecture estim\u00e9e\" \/>\n\t<meta name=\"twitter:data1\" content=\"2 minutes\" \/>\n<script type=\"application\/ld+json\" class=\"yoast-schema-graph\">{\"@context\":\"https:\/\/schema.org\",\"@graph\":[{\"@type\":\"WebPage\",\"@id\":\"https:\/\/www.todolivo.com\/fr\/oliveraie-en-haie\/plantations-multivarietales\/\",\"url\":\"https:\/\/www.todolivo.com\/fr\/oliveraie-en-haie\/plantations-multivarietales\/\",\"name\":\"Les plantations en haie multivari\u00e9tales personnalis\u00e9s - Todolivo - Experts et pionniers \u00e0 Oliveraie en Haie\",\"isPartOf\":{\"@id\":\"https:\/\/www.todolivo.com\/#website\"},\"primaryImageOfPage\":{\"@id\":\"https:\/\/www.todolivo.com\/fr\/oliveraie-en-haie\/plantations-multivarietales\/#primaryimage\"},\"image\":{\"@id\":\"https:\/\/www.todolivo.com\/fr\/oliveraie-en-haie\/plantations-multivarietales\/#primaryimage\"},\"thumbnailUrl\":\"https:\/\/www.todolivo.com\/wp-content\/uploads\/Todolivo_p22-23_det_1.jpg\",\"datePublished\":\"2014-03-04T17:33:50+00:00\",\"dateModified\":\"2020-02-18T10:13:35+00:00\",\"breadcrumb\":{\"@id\":\"https:\/\/www.todolivo.com\/fr\/oliveraie-en-haie\/plantations-multivarietales\/#breadcrumb\"},\"inLanguage\":\"fr-FR\",\"potentialAction\":[{\"@type\":\"ReadAction\",\"target\":[\"https:\/\/www.todolivo.com\/fr\/oliveraie-en-haie\/plantations-multivarietales\/\"]}]},{\"@type\":\"ImageObject\",\"inLanguage\":\"fr-FR\",\"@id\":\"https:\/\/www.todolivo.com\/fr\/oliveraie-en-haie\/plantations-multivarietales\/#primaryimage\",\"url\":\"https:\/\/www.todolivo.com\/wp-content\/uploads\/Todolivo_p22-23_det_1.jpg\",\"contentUrl\":\"https:\/\/www.todolivo.com\/wp-content\/uploads\/Todolivo_p22-23_det_1.jpg\"},{\"@type\":\"BreadcrumbList\",\"@id\":\"https:\/\/www.todolivo.com\/fr\/oliveraie-en-haie\/plantations-multivarietales\/#breadcrumb\",\"itemListElement\":[{\"@type\":\"ListItem\",\"position\":1,\"name\":\"Couverture\",\"item\":\"https:\/\/www.todolivo.com\/fr\/\"},{\"@type\":\"ListItem\",\"position\":2,\"name\":\"Oliveraie en Haie\",\"item\":\"https:\/\/www.todolivo.com\/fr\/oliveraie-en-haie\/\"},{\"@type\":\"ListItem\",\"position\":3,\"name\":\"Les plantations en haie multivari\u00e9tales personnalis\u00e9s\"}]},{\"@type\":\"WebSite\",\"@id\":\"https:\/\/www.todolivo.com\/#website\",\"url\":\"https:\/\/www.todolivo.com\/\",\"name\":\"Todolivo - Experts et pionniers \u00e0 Oliveraie en Haie\",\"description\":\"Todolivo - Experts et pionniers \u00e0 Oliveraie en Haie\",\"potentialAction\":[{\"@type\":\"SearchAction\",\"target\":{\"@type\":\"EntryPoint\",\"urlTemplate\":\"https:\/\/www.todolivo.com\/?s={search_term_string}\"},\"query-input\":{\"@type\":\"PropertyValueSpecification\",\"valueRequired\":true,\"valueName\":\"search_term_string\"}}],\"inLanguage\":\"fr-FR\"}]}<\/script>\n<!-- \/ Yoast SEO plugin. -->","yoast_head_json":{"title":"Les plantations en haie multivari\u00e9tales personnalis\u00e9s - Todolivo - Experts et pionniers \u00e0 Oliveraie en Haie","robots":{"index":"index","follow":"follow","max-snippet":"max-snippet:-1","max-image-preview":"max-image-preview:large","max-video-preview":"max-video-preview:-1"},"canonical":"https:\/\/www.todolivo.com\/fr\/oliveraie-en-haie\/plantations-multivarietales\/","og_locale":"fr_FR","og_type":"article","og_title":"Les plantations en haie multivari\u00e9tales personnalis\u00e9s - Todolivo - Experts et pionniers \u00e0 Oliveraie en Haie","og_description":"Que sont-elles? Elles sont le fruit du travail en R&amp;D que nous r\u00e9alisons depuis 1999. Pendant cette ann\u00e9e, les premiers essais multi-vari\u00e9tales en haie ont \u00e9t\u00e9 lanc\u00e9. Ce type de plantation int\u00e8gre diff\u00e9rentes vari\u00e9t\u00e9s d\u2019oliviers dans la m\u00eame exploitation. Elles permettent D\u2019obtenir le 100% de d\u2019huile vierge extra, diff\u00e9rencier notre offre de la concurrence et [&hellip;]","og_url":"https:\/\/www.todolivo.com\/fr\/oliveraie-en-haie\/plantations-multivarietales\/","og_site_name":"Todolivo - Experts et pionniers \u00e0 Oliveraie en Haie","article_modified_time":"2020-02-18T10:13:35+00:00","og_image":[{"url":"https:\/\/www.todolivo.com\/wp-content\/uploads\/Todolivo_p22-23_det_1.jpg","type":"","width":"","height":""}],"twitter_card":"summary_large_image","twitter_misc":{"Dur\u00e9e de lecture estim\u00e9e":"2 minutes"},"schema":{"@context":"https:\/\/schema.org","@graph":[{"@type":"WebPage","@id":"https:\/\/www.todolivo.com\/fr\/oliveraie-en-haie\/plantations-multivarietales\/","url":"https:\/\/www.todolivo.com\/fr\/oliveraie-en-haie\/plantations-multivarietales\/","name":"Les plantations en haie multivari\u00e9tales personnalis\u00e9s - Todolivo - Experts et pionniers \u00e0 Oliveraie en Haie","isPartOf":{"@id":"https:\/\/www.todolivo.com\/#website"},"primaryImageOfPage":{"@id":"https:\/\/www.todolivo.com\/fr\/oliveraie-en-haie\/plantations-multivarietales\/#primaryimage"},"image":{"@id":"https:\/\/www.todolivo.com\/fr\/oliveraie-en-haie\/plantations-multivarietales\/#primaryimage"},"thumbnailUrl":"https:\/\/www.todolivo.com\/wp-content\/uploads\/Todolivo_p22-23_det_1.jpg","datePublished":"2014-03-04T17:33:50+00:00","dateModified":"2020-02-18T10:13:35+00:00","breadcrumb":{"@id":"https:\/\/www.todolivo.com\/fr\/oliveraie-en-haie\/plantations-multivarietales\/#breadcrumb"},"inLanguage":"fr-FR","potentialAction":[{"@type":"ReadAction","target":["https:\/\/www.todolivo.com\/fr\/oliveraie-en-haie\/plantations-multivarietales\/"]}]},{"@type":"ImageObject","inLanguage":"fr-FR","@id":"https:\/\/www.todolivo.com\/fr\/oliveraie-en-haie\/plantations-multivarietales\/#primaryimage","url":"https:\/\/www.todolivo.com\/wp-content\/uploads\/Todolivo_p22-23_det_1.jpg","contentUrl":"https:\/\/www.todolivo.com\/wp-content\/uploads\/Todolivo_p22-23_det_1.jpg"},{"@type":"BreadcrumbList","@id":"https:\/\/www.todolivo.com\/fr\/oliveraie-en-haie\/plantations-multivarietales\/#breadcrumb","itemListElement":[{"@type":"ListItem","position":1,"name":"Couverture","item":"https:\/\/www.todolivo.com\/fr\/"},{"@type":"ListItem","position":2,"name":"Oliveraie en Haie","item":"https:\/\/www.todolivo.com\/fr\/oliveraie-en-haie\/"},{"@type":"ListItem","position":3,"name":"Les plantations en haie multivari\u00e9tales personnalis\u00e9s"}]},{"@type":"WebSite","@id":"https:\/\/www.todolivo.com\/#website","url":"https:\/\/www.todolivo.com\/","name":"Todolivo - Experts et pionniers \u00e0 Oliveraie en Haie","description":"Todolivo - Experts et pionniers \u00e0 Oliveraie en Haie","potentialAction":[{"@type":"SearchAction","target":{"@type":"EntryPoint","urlTemplate":"https:\/\/www.todolivo.com\/?s={search_term_string}"},"query-input":{"@type":"PropertyValueSpecification","valueRequired":true,"valueName":"search_term_string"}}],"inLanguage":"fr-FR"}]}},"_links":{"self":[{"href":"https:\/\/www.todolivo.com\/fr\/wp-json\/wp\/v2\/pages\/3185","targetHints":{"allow":["GET"]}}],"collection":[{"href":"https:\/\/www.todolivo.com\/fr\/wp-json\/wp\/v2\/pages"}],"about":[{"href":"https:\/\/www.todolivo.com\/fr\/wp-json\/wp\/v2\/types\/page"}],"author":[{"embeddable":true,"href":"https:\/\/www.todolivo.com\/fr\/wp-json\/wp\/v2\/users\/1"}],"replies":[{"embeddable":true,"href":"https:\/\/www.todolivo.com\/fr\/wp-json\/wp\/v2\/comments?post=3185"}],"version-history":[{"count":20,"href":"https:\/\/www.todolivo.com\/fr\/wp-json\/wp\/v2\/pages\/3185\/revisions"}],"predecessor-version":[{"id":20772,"href":"https:\/\/www.todolivo.com\/fr\/wp-json\/wp\/v2\/pages\/3185\/revisions\/20772"}],"up":[{"embeddable":true,"href":"https:\/\/www.todolivo.com\/fr\/wp-json\/wp\/v2\/pages\/3125"}],"wp:attachment":[{"href":"https:\/\/www.todolivo.com\/fr\/wp-json\/wp\/v2\/media?parent=3185"}],"curies":[{"name":"wp","href":"https:\/\/api.w.org\/{rel}","templated":true}]}}