{"id":3112,"date":"2014-10-13T13:37:24","date_gmt":"2014-10-13T12:37:24","guid":{"rendered":"http:\/\/todolivo.com\/?page_id=3112"},"modified":"2023-07-17T06:51:03","modified_gmt":"2023-07-17T05:51:03","slug":"naissance-et-evolution","status":"publish","type":"page","link":"https:\/\/www.todolivo.com\/fr\/oliveraie-en-haie\/naissance-et-evolution\/","title":{"rendered":"Naissance et \u00e9volution"},"content":{"rendered":"<style type=\"text\/css\" scoped=\"scoped\">#g1-section-1.g1-section {background-color: #ffffff; background-repeat:repeat; background-position:center top; background-attachment:static;}<\/style><div id=\"g1-section-1\" class=\"g1-section \"><div class=\"g1-layout-inner\">\n<ul class=\"g1-grid\"><li class=\"g1-column g1-one-half g1-valign-top\">\n<p>L\u2019olivier en haie commence \u00e0 prendre forme au d\u00e9but des ann\u00e9es 90 pour les raisons suivantes:<\/p>\n<ul>\n<li>Le d\u00e9sir d\u2019am\u00e9liorer et d\u2019augmenter la qualit\u00e9 et la quantit\u00e9 de l\u2019huile d\u2019olive vierge extra de l\u2019olivier.<\/li>\n<li>Les co\u00fbts \u00e9lev\u00e9s de r\u00e9colte.<\/li>\n<li>Chercher \u00e0 optimiser la surface cultiv\u00e9e.<\/li>\n<\/ul>\n<p>Durant cette d\u00e9cennie, <strong>Todolivo<\/strong> r\u00e9alise un travail de recherche approfondi sur ce syst\u00e8me de culture.<\/p>\n<p><strong>1997<\/strong> Todolivo constitue <strong>\u201cLe centre d\u2019investigation de culture de l\u2019olivier\u201d (Pedro Abad, Cordoue)<\/strong>, et cr\u00e9e un d\u00e9partement de R&amp;D. Elle devient ainsi la premi\u00e8re entreprise qui s\u2019engage dans le syst\u00e8me d\u2019olivier en haie.<\/p>\n<p><strong>1998<\/strong> Elle ach\u00e8ve le d\u00e9veloppement d\u2019un mod\u00e8le propre de culture de l\u2019olivier en haie nomm\u00e9 <strong>\u201cSyst\u00e8me Todolivo Oliveraie en Haie\u201d<\/strong>.<\/p>\n<p><strong>1999<\/strong> Elle ach\u00e8te ses <strong>premiers semoirs et commence \u00e0 r\u00e9aliser ses premi\u00e8res plantations commerciales d\u2019olivier en haie en Espagne<\/strong> (700 ha). Etant une entreprise <strong>pionni\u00e8re, ces plantations sont situ\u00e9es en aridoculture<\/strong> ainsi qu\u2019en irrigation. Depuis, elle a cr\u00e9\u00e9 un nouvelle forme de cultiver l\u2019olivier.<\/p>\n<p>L\u2019entreprise va plus loin, <strong>en cr\u00e9ant son propre essai avec diff\u00e9rents types d\u2019\u00e9lagage afin de connaitre le comportement agronomique des arbres<\/strong>. Plus concr\u00e8tement, dix diff\u00e9rentes strat\u00e9gies d\u2019\u00e9lagage ont \u00e9t\u00e9 appliqu\u00e9es; 7 manuelles et 3 m\u00e9caniques. Celles-ci ont permis \u00e0 Todolivo de choisir une technique ou une autre.<\/p>\n<p>Pendant cette m\u00eame p\u00e9riode, <strong>un premier essai multi-vari\u00e9tal<\/strong> de densit\u00e9 d\u2019oliveraie en haie est lanc\u00e9, pour connaitre les productions de la vari\u00e9t\u00e9 Arbequina Clon I-21<sup>\u00ae<\/sup>, selon les diff\u00e9rents cadres de plantation.<\/p>\n<p>En 1999, la <strong>premi\u00e8re plantation d\u2019oliveraie en haie de la province de S\u00e9ville est r\u00e9alis\u00e9e<\/strong>. Le cadre de plantation traditionnel (plant\u00e9 avec un cadre de 7x6m) a \u00e9t\u00e9 transform\u00e9 \u00e0 un cadre de plantation d\u2019oliveraie en haie (7 x 1,5m).<br \/>\n<strong>Elle construit une p\u00e9pini\u00e8re<\/strong> dans la localit\u00e9 Pedro Abad (Cordoue).<\/p>\n<p><strong>2000<\/strong> Elle r\u00e9alise un <strong>premier essai des vari\u00e9t\u00e9s multI-vari\u00e9tales<\/strong> pour oliveraie en haie dans la ferme \u201cOca\u00f1a\u201d \u00e0 Pedro Abad (Cordoue) pour les vari\u00e9t\u00e9s suivantes: Arbequina Clon I-21<sup>\u00ae<\/sup>, Arbosana Clon I-43<sup>\u00ae<\/sup>, Koroneiki Clon I-38<sup>\u00ae<\/sup>, Imperial Clon I-23<sup>\u00ae<\/sup>, Canetera, UCI I-68, UCI 2-35 et FS-17.<\/p>\n<p><strong>2001<\/strong> Elle r\u00e9alise la <strong>premi\u00e8re plantation commerciale d\u2019oliveraie en haie du Portugal<\/strong> avec les vari\u00e9t\u00e9s Arbosana Clon I-43<sup>\u00ae<\/sup> et Koroneiki Clon I-38<sup>\u00ae<\/sup>, Cobran\u00e7osa et Arbequina Clon I-21<sup>\u00ae<\/sup>. Elle ach\u00e8te ses premi\u00e8res machine de r\u00e9colte d\u2019olive \u201cGregoire G120 SW\u201d et le premier prototype de machine de r\u00e9colte sp\u00e9cifi que pour l\u2019olivier lanc\u00e9 sur le march\u00e9 par ce fabriquant; Gregoire G-130.<\/p>\n<p><strong>2003<\/strong>. Elle organise, en collaboration avec le Minist\u00e8re de l\u2019Agriculture, une d\u00e9monstration internationale avec une machine de r\u00e9colte d\u2019olivier en haie dans sa ferme de Pedro Abad (Cordoue). Elle r\u00e9alise le <strong>premier essai multi-vari\u00e9tal en aridoculture<\/strong> dans sa ferme \u201cEl Camarero\u201d avec les vari\u00e9t\u00e9s Arbequina Clon I-21<sup>\u00ae<\/sup>, Arbosana Clon I-43<sup>\u00ae<\/sup> et Koroneiki Clon I-38<sup>\u00ae<\/sup>.<\/p>\n<p><strong>2006<\/strong>. Elle plante 531 ha d\u2019oliveraie en haie au Maroc, \u00e9tant ainsi pionni\u00e8re dans ce pays.<\/p>\n<p><strong>2007<\/strong>. Elle lance un essai dans une exploitation \u00e0 Campo Maior (Portugal). Le but de ce dernier est de connaitre le comportement agronomique de vari\u00e9t\u00e9s dont les olives sont cueillies vertes, dans des plantations d\u2019oliviers en haie et qui repr\u00e9sente une r\u00e9volution dans le secteur. Les vari\u00e9t\u00e9s utilis\u00e9es pour l\u2019essai sont: Manzanillo Sevillano I-56<sup>\u00ae<\/sup> et Manzanillo Cacere\u00f1o Clon I-57<sup>\u00ae<\/sup>. Pendant cette p\u00e9riode, elle lance un autre essai dans la ferme \u201cCruz de los Huertos\u201d (Pedro Abad, Cordoue) en collaboration avec l\u2019Universit\u00e9 de Cordoue et avec le centre d\u2019investigation IFAPA. L\u2019essai consiste en une comparaison entre la vari\u00e9t\u00e9 Sikitita<sup>P<\/sup> et le reste des vari\u00e9t\u00e9s d\u2019oliviers qui font partie du programme d\u2019am\u00e9lioration g\u00e9n\u00e9tique ainsi qu\u2019avec les vari\u00e9t\u00e9s Arbequina Clon I-21<sup>\u00ae<\/sup>, Arbosana Clon I-43<sup>\u00ae<\/sup>, Picual I-11<sup>\u00ae<\/sup>, Coratina I-99<sup>\u00ae<\/sup>, Imperial Clon I-23<sup>\u00ae<\/sup> et Koroneiki Clon I-38<sup>\u00ae<\/sup>.<\/p>\n<p>Elle ach\u00e8te les premi\u00e8res machines de plantation guid\u00e9es par GPS. Celles-ci placent simultan\u00e9ment les plantes, les tuteurs et appliquent l\u2019herbicide selon la rang\u00e9e d\u2019arbres.<\/p>\n<\/li><!-- -->\n<li class=\"g1-column g1-one-half g1-valign-top\">\n<p><img fetchpriority=\"high\" decoding=\"async\" class=\"aligncenter size-full wp-image-862\" src=\"http:\/\/www.todolivo.com\/wp-content\/uploads\/Todolivo_cortijos.jpg\" alt=\"Todolivo_cortijos\" width=\"450\" height=\"249\" \/><\/p>\n<p><strong>2008<\/strong>. Elle lance un programme d\u2019am\u00e9lioration g\u00e9n\u00e9tique afin d\u2019obtenir de nouvelles vari\u00e9t\u00e9s d\u2019olivier en haie, qui soient plus productifs que leurs parents, qui soient r\u00e9sistants aux maladies et qui permettent d\u2019avoir de nouvelles saveurs d\u2019huiles. Des croisements sont r\u00e9alis\u00e9s et 1.345 nouvelles vari\u00e9t\u00e9s, r\u00e9sultats de ces croisements, sont plant\u00e9es \u00e0 la \u201cCruz de los Huertos\u201d. 38 vari\u00e9t\u00e9s sont pr\u00e9s\u00e9lectionn\u00e9es.<\/p>\n<p><strong>2009<\/strong>. Elle ach\u00e8te ses premi\u00e8res machines de r\u00e9colte d\u2019olive New Holland. Actuellement, elle poss\u00e8de 13 machines; 3 New Holland 7090 Dual, 8 New Holland 7090 Olive et 2 New Holland 9090 Olive. Grace \u00e0 plusieurs facteurs, dont son homog\u00e9n\u00e9it\u00e9 et sa grande implantation sur le march\u00e9, le \u201cSyst\u00e8me Todolivo Oliviers en Haie\u201d a servi comme mod\u00e8le \u00e0 New Holland pour d\u00e9velopper la machine de r\u00e9colte \u201cOlive\u201d.<\/p>\n<p>Cette ann\u00e9e, Todolivo \u00e9largit son catalogue commercial, en introduisant de <strong>nouveaux cadres de plantation<\/strong>, pour oliveraie en haie en irrigation, en aridoculture, et en irrigation extraordinaire. Ceux-ci exigent des investissements et des co\u00fbts de maintenance plus faibles.<\/p>\n<p><strong>2010<\/strong> Elle r\u00e9alise un essai dans la ferme \u201cEl Calderito Bajo\u201d en aridoculture pour connaitre la productivit\u00e9 et rendement gras de l\u2019olivier en haie avec diff\u00e9rents cadres de plantation. En parall\u00e8le, une autre recherche est lanc\u00e9 afin d\u2019\u00e9tudier l\u2019influence des diff\u00e9rentes orientations dans les plantations des oliviers en haie ainsi qu\u2019une comparaison de la productivit\u00e9 des diff\u00e9rentes vari\u00e9t\u00e9s plant\u00e9es avec diff\u00e9rentes largeurs de rang\u00e9es.<\/p>\n<p>Cette ann\u00e9e, de <strong>nouveaux croisements sont r\u00e9alis\u00e9s<\/strong> dans le programme d\u2019am\u00e9lioration g\u00e9n\u00e9tique initi\u00e9 en 2008.<\/p>\n<p><strong>2012<\/strong>. Elle plante 543 nouvelles vari\u00e9t\u00e9s des croisements obtenus en 2009. 34 vari\u00e9t\u00e9s sont pr\u00e9s\u00e9lectionn\u00e9es.<\/p>\n<p><strong>2013<\/strong>. Elle r\u00e9alise la 1\u00e8re plantation d\u2019oliveraie en haie en <strong>Tunisie<\/strong>.<\/p>\n<p><strong>2014<\/strong>. Elle r\u00e9alise la 1\u00e8re plantation d\u2019oliveraie en haie en <strong>France<\/strong>.<\/p>\n<p><strong>2015<\/strong>. Les 38 nouvelles vari\u00e9t\u00e9s pr\u00e9s\u00e9lectionn\u00e9es sont plant\u00e9es dans la ferme \u201cLa Mata\u201d afin d\u2019\u00eatre soumise \u00e0 une nouvelles \u00e9valuation.<\/p>\n<p><strong>2017<\/strong>. 102 vari\u00e9t\u00e9s sur 65 ha sont plant\u00e9es en aridoculture, dans les fermes de recherche de Todolivo \u201cLas Hazuelas\u201d et \u201cCalderito Alto\u201d. 72 d\u2019entre elles provienant du programme d\u2019am\u00e9lioration g\u00e9n\u00e9tique initi\u00e9 en 2008 ont montr\u00e9 une pr\u00e9cocit\u00e9 et une productivit\u00e9 sup\u00e9rieures \u00e0 celles de leurs parents. Celles-ci sont compar\u00e9es aux 30 vari\u00e9t\u00e9s les plus demand\u00e9es. Ce m\u00eame essai est r\u00e9alis\u00e9 sur 20 ha en irrigation dans la ferme \u201cLas Hazuelas\u201d.<\/p>\n<p>Jusqu\u2019\u00e0 aujourd\u2019hui, <strong>TODOLIVO<\/strong> a plant\u00e9 avec grand succ\u00e8s plus de <strong>34.000 ha<\/strong> en irrigation, en aridoculture et en irrigation extraordinaire plant\u00e9es \u00e0 diff\u00e9rents cadres de plantation, devenant ainsi leader mondial en ex\u00e9cution et de gestion technique de plantation d\u2019oliveraie en haie. Son syst\u00e8me de plantation innovant, a battu tous les record de qualit\u00e9 et productivit\u00e9 connu jusqu\u2019\u00e0 maintenant.<\/p>\n<p>&nbsp;<\/p>\n<\/li><!-- --><\/ul>\n<\/div><\/div>\n","protected":false},"excerpt":{"rendered":"","protected":false},"author":1,"featured_media":0,"parent":3125,"menu_order":0,"comment_status":"closed","ping_status":"closed","template":"g1_template_page_full_sections.php","meta":{"_lmt_disableupdate":"no","_lmt_disable":"","footnotes":""},"class_list":["post-3112","page","type-page","status-publish"],"yoast_head":"<!-- This site is optimized with the Yoast SEO plugin v26.9 - https:\/\/yoast.com\/product\/yoast-seo-wordpress\/ -->\n<title>Naissance et \u00e9volution - Todolivo - Experts et pionniers \u00e0 Oliveraie en Haie<\/title>\n<meta name=\"robots\" content=\"index, follow, max-snippet:-1, max-image-preview:large, max-video-preview:-1\" \/>\n<link rel=\"canonical\" href=\"https:\/\/www.todolivo.com\/fr\/oliveraie-en-haie\/naissance-et-evolution\/\" \/>\n<meta property=\"og:locale\" content=\"fr_FR\" \/>\n<meta property=\"og:type\" content=\"article\" \/>\n<meta property=\"og:title\" content=\"Naissance et \u00e9volution - Todolivo - Experts et pionniers \u00e0 Oliveraie en Haie\" \/>\n<meta property=\"og:url\" content=\"https:\/\/www.todolivo.com\/fr\/oliveraie-en-haie\/naissance-et-evolution\/\" \/>\n<meta property=\"og:site_name\" content=\"Todolivo - Experts et pionniers \u00e0 Oliveraie en Haie\" \/>\n<meta property=\"article:modified_time\" content=\"2023-07-17T05:51:03+00:00\" \/>\n<meta property=\"og:image\" content=\"http:\/\/www.todolivo.com\/wp-content\/uploads\/Todolivo_cortijos.jpg\" \/>\n<meta name=\"twitter:card\" content=\"summary_large_image\" \/>\n<meta name=\"twitter:label1\" content=\"Dur\u00e9e de lecture estim\u00e9e\" \/>\n\t<meta name=\"twitter:data1\" content=\"6 minutes\" \/>\n<script type=\"application\/ld+json\" class=\"yoast-schema-graph\">{\"@context\":\"https:\/\/schema.org\",\"@graph\":[{\"@type\":\"WebPage\",\"@id\":\"https:\/\/www.todolivo.com\/fr\/oliveraie-en-haie\/naissance-et-evolution\/\",\"url\":\"https:\/\/www.todolivo.com\/fr\/oliveraie-en-haie\/naissance-et-evolution\/\",\"name\":\"Naissance et \u00e9volution - Todolivo - Experts et pionniers \u00e0 Oliveraie en Haie\",\"isPartOf\":{\"@id\":\"https:\/\/www.todolivo.com\/#website\"},\"primaryImageOfPage\":{\"@id\":\"https:\/\/www.todolivo.com\/fr\/oliveraie-en-haie\/naissance-et-evolution\/#primaryimage\"},\"image\":{\"@id\":\"https:\/\/www.todolivo.com\/fr\/oliveraie-en-haie\/naissance-et-evolution\/#primaryimage\"},\"thumbnailUrl\":\"http:\/\/www.todolivo.com\/wp-content\/uploads\/Todolivo_cortijos.jpg\",\"datePublished\":\"2014-10-13T12:37:24+00:00\",\"dateModified\":\"2023-07-17T05:51:03+00:00\",\"breadcrumb\":{\"@id\":\"https:\/\/www.todolivo.com\/fr\/oliveraie-en-haie\/naissance-et-evolution\/#breadcrumb\"},\"inLanguage\":\"fr-FR\",\"potentialAction\":[{\"@type\":\"ReadAction\",\"target\":[\"https:\/\/www.todolivo.com\/fr\/oliveraie-en-haie\/naissance-et-evolution\/\"]}]},{\"@type\":\"ImageObject\",\"inLanguage\":\"fr-FR\",\"@id\":\"https:\/\/www.todolivo.com\/fr\/oliveraie-en-haie\/naissance-et-evolution\/#primaryimage\",\"url\":\"http:\/\/www.todolivo.com\/wp-content\/uploads\/Todolivo_cortijos.jpg\",\"contentUrl\":\"http:\/\/www.todolivo.com\/wp-content\/uploads\/Todolivo_cortijos.jpg\"},{\"@type\":\"BreadcrumbList\",\"@id\":\"https:\/\/www.todolivo.com\/fr\/oliveraie-en-haie\/naissance-et-evolution\/#breadcrumb\",\"itemListElement\":[{\"@type\":\"ListItem\",\"position\":1,\"name\":\"Couverture\",\"item\":\"https:\/\/www.todolivo.com\/fr\/\"},{\"@type\":\"ListItem\",\"position\":2,\"name\":\"Oliveraie en Haie\",\"item\":\"https:\/\/www.todolivo.com\/fr\/oliveraie-en-haie\/\"},{\"@type\":\"ListItem\",\"position\":3,\"name\":\"Naissance et \u00e9volution\"}]},{\"@type\":\"WebSite\",\"@id\":\"https:\/\/www.todolivo.com\/#website\",\"url\":\"https:\/\/www.todolivo.com\/\",\"name\":\"Todolivo - Experts et pionniers \u00e0 Oliveraie en Haie\",\"description\":\"Todolivo - Experts et pionniers \u00e0 Oliveraie en Haie\",\"potentialAction\":[{\"@type\":\"SearchAction\",\"target\":{\"@type\":\"EntryPoint\",\"urlTemplate\":\"https:\/\/www.todolivo.com\/?s={search_term_string}\"},\"query-input\":{\"@type\":\"PropertyValueSpecification\",\"valueRequired\":true,\"valueName\":\"search_term_string\"}}],\"inLanguage\":\"fr-FR\"}]}<\/script>\n<!-- \/ Yoast SEO plugin. -->","yoast_head_json":{"title":"Naissance et \u00e9volution - Todolivo - Experts et pionniers \u00e0 Oliveraie en Haie","robots":{"index":"index","follow":"follow","max-snippet":"max-snippet:-1","max-image-preview":"max-image-preview:large","max-video-preview":"max-video-preview:-1"},"canonical":"https:\/\/www.todolivo.com\/fr\/oliveraie-en-haie\/naissance-et-evolution\/","og_locale":"fr_FR","og_type":"article","og_title":"Naissance et \u00e9volution - Todolivo - Experts et pionniers \u00e0 Oliveraie en Haie","og_url":"https:\/\/www.todolivo.com\/fr\/oliveraie-en-haie\/naissance-et-evolution\/","og_site_name":"Todolivo - Experts et pionniers \u00e0 Oliveraie en Haie","article_modified_time":"2023-07-17T05:51:03+00:00","og_image":[{"url":"http:\/\/www.todolivo.com\/wp-content\/uploads\/Todolivo_cortijos.jpg","type":"","width":"","height":""}],"twitter_card":"summary_large_image","twitter_misc":{"Dur\u00e9e de lecture estim\u00e9e":"6 minutes"},"schema":{"@context":"https:\/\/schema.org","@graph":[{"@type":"WebPage","@id":"https:\/\/www.todolivo.com\/fr\/oliveraie-en-haie\/naissance-et-evolution\/","url":"https:\/\/www.todolivo.com\/fr\/oliveraie-en-haie\/naissance-et-evolution\/","name":"Naissance et \u00e9volution - Todolivo - Experts et pionniers \u00e0 Oliveraie en Haie","isPartOf":{"@id":"https:\/\/www.todolivo.com\/#website"},"primaryImageOfPage":{"@id":"https:\/\/www.todolivo.com\/fr\/oliveraie-en-haie\/naissance-et-evolution\/#primaryimage"},"image":{"@id":"https:\/\/www.todolivo.com\/fr\/oliveraie-en-haie\/naissance-et-evolution\/#primaryimage"},"thumbnailUrl":"http:\/\/www.todolivo.com\/wp-content\/uploads\/Todolivo_cortijos.jpg","datePublished":"2014-10-13T12:37:24+00:00","dateModified":"2023-07-17T05:51:03+00:00","breadcrumb":{"@id":"https:\/\/www.todolivo.com\/fr\/oliveraie-en-haie\/naissance-et-evolution\/#breadcrumb"},"inLanguage":"fr-FR","potentialAction":[{"@type":"ReadAction","target":["https:\/\/www.todolivo.com\/fr\/oliveraie-en-haie\/naissance-et-evolution\/"]}]},{"@type":"ImageObject","inLanguage":"fr-FR","@id":"https:\/\/www.todolivo.com\/fr\/oliveraie-en-haie\/naissance-et-evolution\/#primaryimage","url":"http:\/\/www.todolivo.com\/wp-content\/uploads\/Todolivo_cortijos.jpg","contentUrl":"http:\/\/www.todolivo.com\/wp-content\/uploads\/Todolivo_cortijos.jpg"},{"@type":"BreadcrumbList","@id":"https:\/\/www.todolivo.com\/fr\/oliveraie-en-haie\/naissance-et-evolution\/#breadcrumb","itemListElement":[{"@type":"ListItem","position":1,"name":"Couverture","item":"https:\/\/www.todolivo.com\/fr\/"},{"@type":"ListItem","position":2,"name":"Oliveraie en Haie","item":"https:\/\/www.todolivo.com\/fr\/oliveraie-en-haie\/"},{"@type":"ListItem","position":3,"name":"Naissance et \u00e9volution"}]},{"@type":"WebSite","@id":"https:\/\/www.todolivo.com\/#website","url":"https:\/\/www.todolivo.com\/","name":"Todolivo - Experts et pionniers \u00e0 Oliveraie en Haie","description":"Todolivo - Experts et pionniers \u00e0 Oliveraie en Haie","potentialAction":[{"@type":"SearchAction","target":{"@type":"EntryPoint","urlTemplate":"https:\/\/www.todolivo.com\/?s={search_term_string}"},"query-input":{"@type":"PropertyValueSpecification","valueRequired":true,"valueName":"search_term_string"}}],"inLanguage":"fr-FR"}]}},"_links":{"self":[{"href":"https:\/\/www.todolivo.com\/fr\/wp-json\/wp\/v2\/pages\/3112","targetHints":{"allow":["GET"]}}],"collection":[{"href":"https:\/\/www.todolivo.com\/fr\/wp-json\/wp\/v2\/pages"}],"about":[{"href":"https:\/\/www.todolivo.com\/fr\/wp-json\/wp\/v2\/types\/page"}],"author":[{"embeddable":true,"href":"https:\/\/www.todolivo.com\/fr\/wp-json\/wp\/v2\/users\/1"}],"replies":[{"embeddable":true,"href":"https:\/\/www.todolivo.com\/fr\/wp-json\/wp\/v2\/comments?post=3112"}],"version-history":[{"count":10,"href":"https:\/\/www.todolivo.com\/fr\/wp-json\/wp\/v2\/pages\/3112\/revisions"}],"predecessor-version":[{"id":49770,"href":"https:\/\/www.todolivo.com\/fr\/wp-json\/wp\/v2\/pages\/3112\/revisions\/49770"}],"up":[{"embeddable":true,"href":"https:\/\/www.todolivo.com\/fr\/wp-json\/wp\/v2\/pages\/3125"}],"wp:attachment":[{"href":"https:\/\/www.todolivo.com\/fr\/wp-json\/wp\/v2\/media?parent=3112"}],"curies":[{"name":"wp","href":"https:\/\/api.w.org\/{rel}","templated":true}]}}