{"id":3102,"date":"2014-10-10T13:49:52","date_gmt":"2014-10-10T12:49:52","guid":{"rendered":"http:\/\/todolivo.com\/?page_id=3102"},"modified":"2020-02-20T08:58:45","modified_gmt":"2020-02-20T07:58:45","slug":"qui-sommes-nous","status":"publish","type":"page","link":"https:\/\/www.todolivo.com\/fr\/qui-sommes-nous\/","title":{"rendered":"Qui sommes nous?"},"content":{"rendered":"<div id=\"g1-tabs-1\" class=\"g1-tabs g1-tabs--button g1-type--click g1-tabs--horizontal g1-tabs--top g1-align-left \">\n<div id=\"tab-title-counter-1\" class=\"g1-tab-title \">\n<p>Qui sommes nous?<\/p>\n<\/div>\n<div id=\"tab-content-counter-1\" class=\"g1-tab-content \">\n<ul class=\"g1-grid\"><li class=\"g1-column g1-one-half g1-valign-top\">\n<h4>Domaine d&rsquo;activit\u00e9<\/h4>\n<p>Notre domaine d&rsquo;activit\u00e9 se concentre dans l&rsquo;oliviculture.<\/p>\n<p>Chez Todolivo, nous offrons un <span style=\"text-decoration: underline;\">service de qualit\u00e9 \u00e0 l&rsquo;agriculteur<\/span>, et qui couvre tout le cycle productif, depuis la mise en place des plantations jusqu&rsquo;\u00e0 l&rsquo;extraction et commercialisation de l&rsquo;huile d&rsquo;olive vierge extra obtenu.<\/p>\n<p>(Le client choisit la cat\u00e9gorie du service qui d\u00e9sire de Todolivo)<\/p>\n<h4>Zone g\u00e9ographique de travail<\/h4>\n<p>Chez Todolivo, nous avons une claire vocation internationale quand il s&rsquo;agit de d\u00e9velopper notre activit\u00e9. Nous travaillons l\u00e0 o\u00f9 le climat le permet. Nous avons effectu\u00e9 et \/ ou assist\u00e9 techniquement des plantations en Espagne, Portugal, Maroc,Tunisie, Alg\u00e9rie, Egypte, Italie, Gr\u00e8ce, Turquie, Croatie, Mexique, Etats-Unis, Chili et en Argentine.<\/p>\n<h4>Actuellement Todolivo<\/h4>\n<p>Nous sommes leaders dans la mise en \u0153uvre et en gestion d&rsquo;oliveraie en haie avec plus de 17.000 ha plant\u00e9s.<\/p>\n<p>Parmi nos exploits, on peut citer par exemple que nous avons battu le record de production moyenne dans une ferme (21.580 kg olive\/ha; 3534 kg d&rsquo;huile extra vierge).<\/p>\n<\/li><!-- -->\n<li class=\"g1-column g1-one-half g1-valign-top\">\n<p style=\"text-align: center;\"><img fetchpriority=\"high\" decoding=\"async\" class=\" wp-image-811 aligncenter\" src=\"https:\/\/www.todolivo.com\/wp-content\/uploads\/Olivo-huevo.jpg\" alt=\"\" width=\"300\" height=\"245\"><\/p>\n<h4>Remerciements<\/h4>\n<p>Nous tenons \u00e0 remercier tous et chacun de nos clients pour la confiance d\u00e9pos\u00e9 en nous au fil des ann\u00e9es. Ceci nous encourage et nous donne de l&rsquo;illusion pour continuer \u00e0 travailler et \u00e0 investiguer, afin de r\u00e9investir en eux toutes nos connaissances acquises<\/p>\n<\/li><!-- --><\/ul>\n<\/div>\n<div id=\"tab-title-counter-2\" class=\"g1-tab-title \">\n<p>Histoire<\/p>\n<\/div>\n<div id=\"tab-content-counter-2\" class=\"g1-tab-content \">\n<ul class=\"g1-grid\"><li class=\"g1-column g1-one-half g1-valign-top\">\n<p>Todolivo a \u00e9t\u00e9 fond\u00e9e en 1985 dans le but de fournir aux producteurs tous les services et produits n\u00e9cessaires pour am\u00e9liorer la sant\u00e9 et la productivit\u00e9 de leurs oliviers. Depuis sa cr\u00e9ation, au sein de Todolivo, nous nous sommes distingu\u00e9s par la recherche et le d\u00e9veloppement, ainsi que par notre caract\u00e8re innovant. Durant ces premi\u00e8res ann\u00e9es, nous avons r\u00e9alis\u00e9 nos premi\u00e8res s\u00e9lections de vari\u00e9t\u00e9s (Picual, Hojiblanca, aquilin, Arbequino, etc). En 1985, nous avons aussi r\u00e9alis\u00e9 notre premi\u00e8re oliveraie \u00abintensive\u00bb sur un cadre de 8m x 8m, en aridoculture et d&rsquo;un seul pied (tronc). Ceci a \u00e9t\u00e9 une r\u00e9volution dans le r\u00e9gion, gr\u00e2ce \u00e0 l&rsquo;am\u00e9lioration des rendements par rapport aux arbres traditionnels, plant\u00e9s \u00e0 plusieurs pieds (troncs) et sur un cadre de 10m x 10m.<\/p>\n<p>Au cours des 10 ann\u00e9es suivantes, nous avons r\u00e9alis\u00e9 plus de 10.000 Ha d&rsquo;oliveraies intensives avec diff\u00e9rents cadres. Au milieu des ann\u00e9es 90, nous avons \u00e9t\u00e9 pionniers au niveau mondial dans le d\u00e9veloppement de l&rsquo;oliveraie en haie, en cr\u00e9ant un syst\u00e8me propre appel\u00e9 \u00a0\u00bb Sistema Todolivo Olivar en Seto \u00a0\u00bb (Syst\u00e8me Todolivo Oliveraie en Haie). Grace \u00e0 ce dernier, nous avons obtenu une reconnaissance dans le monde entier, et nous avons battu tous les registres de qualit\u00e9 et de productivit\u00e9 jusqu&rsquo;ici connu.<\/p>\n<p>En F\u00e9vrier 2007, le Groupe SOS (Leader mondial de commercialisation de l&rsquo;huile d&rsquo;olive) rejoint les actionnaires de Todolivo avec un 50% d&rsquo;actions.<\/p>\n<\/li><!-- -->\n<li class=\"g1-column g1-one-half g1-valign-top\">\n<p><img decoding=\"async\" class=\"wp-image-954 aligncenter\" src=\"https:\/\/www.todolivo.com\/wp-content\/uploads\/Olivo-tradicional-Todolivo.jpg\" alt=\"Olivo tradicional Todolivo\" width=\"363\" height=\"241\" srcset=\"https:\/\/www.todolivo.com\/wp-content\/uploads\/Olivo-tradicional-Todolivo.jpg 450w, https:\/\/www.todolivo.com\/wp-content\/uploads\/Olivo-tradicional-Todolivo-300x199.jpg 300w, https:\/\/www.todolivo.com\/wp-content\/uploads\/Olivo-tradicional-Todolivo-55x36.jpg 55w, https:\/\/www.todolivo.com\/wp-content\/uploads\/Olivo-tradicional-Todolivo-320x212.jpg 320w, https:\/\/www.todolivo.com\/wp-content\/uploads\/Olivo-tradicional-Todolivo-239x158.jpg 239w\" sizes=\"(max-width: 363px) 100vw, 363px\" \/><\/p>\n<p>Durant cette p\u00e9riode, Todolivo \u00e9tait la soci\u00e9t\u00e9 responsable de la gestion du \u00ab\u00a0Project Terre\u00a0\u00bb impuls\u00e9 par le Groupe. En Ao\u00fbt 2010, les membres fondateurs de Todolivo rach\u00e8tent au Groupe SOS (aujourdhui Deoleo) sa participation et r\u00e9cup\u00e8rent ainsi le 100% des actions.<\/p>\n<p>Aujourd&rsquo;hui \u00e0 Todolivo, nous continuons \u00e0 produire de nouvelles vari\u00e9t\u00e9s qui enrichissent le catalogue actuel organoleptiques des huiles vierges extra. Nous continuons aussi \u00e0 s\u00e9lectionner et r\u00e9cup\u00e9rer de nombreuses vari\u00e9t\u00e9s en voie d&rsquo;extinction, et qui nous apportent de d\u00e9licieuses saveurs et ar\u00f4mes du pass\u00e9.<\/p>\n<\/li><!-- --><\/ul>\n<\/div>\n<div id=\"tab-title-counter-3\" class=\"g1-tab-title \">\n<p>Notre identit\u00e9<\/p>\n<\/div>\n<div id=\"tab-content-counter-3\" class=\"g1-tab-content \">\n<h4>Investigation. D\u00e9veloppement. Innovation<\/h4>\n<p style=\"padding-left: 60px;\">Depuis le d\u00e9but de notre entreprise, l&rsquo;investigation, le d\u00e9veloppement et l&rsquo;innovation ont fait partie de notre identit\u00e9.<\/p>\n<p style=\"padding-left: 60px;\">Nous participons actuellement \u00e0 plusieurs projets propre d&rsquo;investigation sur l&rsquo;olivier en haie, et d&rsquo;autres projets en collaboration avec des organismes publics et priv\u00e9s.<\/p>\n<p style=\"padding-left: 60px;\">Gr\u00e2ce \u00e0 l&rsquo;investigation, nous avons d\u00e9velopp\u00e9 par exemple, de nouvelles techniques de culture comme le \u00ab<strong>syst\u00e8me Todolivo Olivier en Haie<\/strong>\u00a0\u00bb qui vous permet de profiter d&rsquo;une oliviculture moderne, rentable, durable et visant \u00e0 obtenir le 100% d&rsquo;huiles Extra Vierge. Nous sommes \u00e9galement impliqu\u00e9s dans plusieurs projets d&rsquo;obtention de nouvelles vari\u00e9t\u00e9s. On peut citer celui qu&rsquo;on d\u00e9veloppe depuis l&rsquo;ann\u00e9e 2007 en collaboration avec l&rsquo;Universit\u00e9 de Cordoue et IFAPA Alameda del Obispo (centre publique d&rsquo;investigation agronomique). Ce projet vise \u00e0 l&rsquo;obtention de nouvelles vari\u00e9t\u00e9s d&rsquo;olivier en haie, dans le but d&rsquo;am\u00e9liorer la production, le rendement en huile et la r\u00e9sistance aux maladies. Ceci va nous permet d&rsquo;\u00e9laborer un nouveau catalogue organoleptique afin de fournir de nouveaux types d&rsquo;huiles avec des saveurs et ar\u00f4mes fruit\u00e9s qui, certainement, vont r\u00e9volutionner le march\u00e9.<\/p>\n<h4>Un service complet<\/h4>\n<ul>\n<li style=\"list-style-type: none;\">\n<ul>\n<li>Couvre le cycle depuis la mise en place des plantations jusqu&rsquo;\u00e0 l&rsquo;extraction et commercialisation de l&rsquo;huile d&rsquo;olive vierge extra obtenu. Le client choisit la cat\u00e9gorie\/niveau du service qui d\u00e9sire.<\/li>\n<li>Dirig\u00e9 par un expert et d&rsquo;une \u00e9quipe technique qualifi\u00e9e compos\u00e9e d&rsquo;ing\u00e9nieurs agronomes, de sp\u00e9cialistes en machines agricoles conducteurs sp\u00e9cialis\u00e9s, conducteurs de tracteur, m\u00e9caniciens-hydrauliciens, de techniciens de terrain, etc.<\/li>\n<li>Nous utilisons des machines et une technologie des derni\u00e8res g\u00e9n\u00e9ration.<\/li>\n<\/ul>\n<\/li>\n<\/ul>\n<\/div>\n<\/div>\n","protected":false},"excerpt":{"rendered":"","protected":false},"author":1,"featured_media":0,"parent":0,"menu_order":0,"comment_status":"closed","ping_status":"closed","template":"","meta":{"_lmt_disableupdate":"no","_lmt_disable":"","footnotes":""},"class_list":["post-3102","page","type-page","status-publish"],"yoast_head":"<!-- This site is optimized with the Yoast SEO plugin v26.9 - https:\/\/yoast.com\/product\/yoast-seo-wordpress\/ -->\n<title>Qui sommes nous? - Todolivo - Experts et pionniers \u00e0 Oliveraie en Haie<\/title>\n<meta name=\"robots\" content=\"index, follow, max-snippet:-1, max-image-preview:large, max-video-preview:-1\" \/>\n<link rel=\"canonical\" href=\"https:\/\/www.todolivo.com\/fr\/qui-sommes-nous\/\" \/>\n<meta property=\"og:locale\" content=\"fr_FR\" \/>\n<meta property=\"og:type\" content=\"article\" \/>\n<meta property=\"og:title\" content=\"Qui sommes nous? - Todolivo - Experts et pionniers \u00e0 Oliveraie en Haie\" \/>\n<meta property=\"og:url\" content=\"https:\/\/www.todolivo.com\/fr\/qui-sommes-nous\/\" \/>\n<meta property=\"og:site_name\" content=\"Todolivo - Experts et pionniers \u00e0 Oliveraie en Haie\" \/>\n<meta property=\"article:modified_time\" content=\"2020-02-20T07:58:45+00:00\" \/>\n<meta property=\"og:image\" content=\"https:\/\/www.todolivo.com\/wp-content\/uploads\/Olivo-huevo.jpg\" \/>\n<meta name=\"twitter:card\" content=\"summary_large_image\" \/>\n<meta name=\"twitter:label1\" content=\"Dur\u00e9e de lecture estim\u00e9e\" \/>\n\t<meta name=\"twitter:data1\" content=\"4 minutes\" \/>\n<script type=\"application\/ld+json\" class=\"yoast-schema-graph\">{\"@context\":\"https:\/\/schema.org\",\"@graph\":[{\"@type\":\"WebPage\",\"@id\":\"https:\/\/www.todolivo.com\/fr\/qui-sommes-nous\/\",\"url\":\"https:\/\/www.todolivo.com\/fr\/qui-sommes-nous\/\",\"name\":\"Qui sommes nous? - Todolivo - Experts et pionniers \u00e0 Oliveraie en Haie\",\"isPartOf\":{\"@id\":\"https:\/\/www.todolivo.com\/#website\"},\"primaryImageOfPage\":{\"@id\":\"https:\/\/www.todolivo.com\/fr\/qui-sommes-nous\/#primaryimage\"},\"image\":{\"@id\":\"https:\/\/www.todolivo.com\/fr\/qui-sommes-nous\/#primaryimage\"},\"thumbnailUrl\":\"https:\/\/www.todolivo.com\/wp-content\/uploads\/Olivo-huevo.jpg\",\"datePublished\":\"2014-10-10T12:49:52+00:00\",\"dateModified\":\"2020-02-20T07:58:45+00:00\",\"breadcrumb\":{\"@id\":\"https:\/\/www.todolivo.com\/fr\/qui-sommes-nous\/#breadcrumb\"},\"inLanguage\":\"fr-FR\",\"potentialAction\":[{\"@type\":\"ReadAction\",\"target\":[\"https:\/\/www.todolivo.com\/fr\/qui-sommes-nous\/\"]}]},{\"@type\":\"ImageObject\",\"inLanguage\":\"fr-FR\",\"@id\":\"https:\/\/www.todolivo.com\/fr\/qui-sommes-nous\/#primaryimage\",\"url\":\"https:\/\/www.todolivo.com\/wp-content\/uploads\/Olivo-huevo.jpg\",\"contentUrl\":\"https:\/\/www.todolivo.com\/wp-content\/uploads\/Olivo-huevo.jpg\"},{\"@type\":\"BreadcrumbList\",\"@id\":\"https:\/\/www.todolivo.com\/fr\/qui-sommes-nous\/#breadcrumb\",\"itemListElement\":[{\"@type\":\"ListItem\",\"position\":1,\"name\":\"Couverture\",\"item\":\"https:\/\/www.todolivo.com\/fr\/\"},{\"@type\":\"ListItem\",\"position\":2,\"name\":\"Qui sommes nous?\"}]},{\"@type\":\"WebSite\",\"@id\":\"https:\/\/www.todolivo.com\/#website\",\"url\":\"https:\/\/www.todolivo.com\/\",\"name\":\"Todolivo - Experts et pionniers \u00e0 Oliveraie en Haie\",\"description\":\"Todolivo - Experts et pionniers \u00e0 Oliveraie en Haie\",\"potentialAction\":[{\"@type\":\"SearchAction\",\"target\":{\"@type\":\"EntryPoint\",\"urlTemplate\":\"https:\/\/www.todolivo.com\/?s={search_term_string}\"},\"query-input\":{\"@type\":\"PropertyValueSpecification\",\"valueRequired\":true,\"valueName\":\"search_term_string\"}}],\"inLanguage\":\"fr-FR\"}]}<\/script>\n<!-- \/ Yoast SEO plugin. -->","yoast_head_json":{"title":"Qui sommes nous? - Todolivo - Experts et pionniers \u00e0 Oliveraie en Haie","robots":{"index":"index","follow":"follow","max-snippet":"max-snippet:-1","max-image-preview":"max-image-preview:large","max-video-preview":"max-video-preview:-1"},"canonical":"https:\/\/www.todolivo.com\/fr\/qui-sommes-nous\/","og_locale":"fr_FR","og_type":"article","og_title":"Qui sommes nous? - Todolivo - Experts et pionniers \u00e0 Oliveraie en Haie","og_url":"https:\/\/www.todolivo.com\/fr\/qui-sommes-nous\/","og_site_name":"Todolivo - Experts et pionniers \u00e0 Oliveraie en Haie","article_modified_time":"2020-02-20T07:58:45+00:00","og_image":[{"url":"https:\/\/www.todolivo.com\/wp-content\/uploads\/Olivo-huevo.jpg","type":"","width":"","height":""}],"twitter_card":"summary_large_image","twitter_misc":{"Dur\u00e9e de lecture estim\u00e9e":"4 minutes"},"schema":{"@context":"https:\/\/schema.org","@graph":[{"@type":"WebPage","@id":"https:\/\/www.todolivo.com\/fr\/qui-sommes-nous\/","url":"https:\/\/www.todolivo.com\/fr\/qui-sommes-nous\/","name":"Qui sommes nous? - Todolivo - Experts et pionniers \u00e0 Oliveraie en Haie","isPartOf":{"@id":"https:\/\/www.todolivo.com\/#website"},"primaryImageOfPage":{"@id":"https:\/\/www.todolivo.com\/fr\/qui-sommes-nous\/#primaryimage"},"image":{"@id":"https:\/\/www.todolivo.com\/fr\/qui-sommes-nous\/#primaryimage"},"thumbnailUrl":"https:\/\/www.todolivo.com\/wp-content\/uploads\/Olivo-huevo.jpg","datePublished":"2014-10-10T12:49:52+00:00","dateModified":"2020-02-20T07:58:45+00:00","breadcrumb":{"@id":"https:\/\/www.todolivo.com\/fr\/qui-sommes-nous\/#breadcrumb"},"inLanguage":"fr-FR","potentialAction":[{"@type":"ReadAction","target":["https:\/\/www.todolivo.com\/fr\/qui-sommes-nous\/"]}]},{"@type":"ImageObject","inLanguage":"fr-FR","@id":"https:\/\/www.todolivo.com\/fr\/qui-sommes-nous\/#primaryimage","url":"https:\/\/www.todolivo.com\/wp-content\/uploads\/Olivo-huevo.jpg","contentUrl":"https:\/\/www.todolivo.com\/wp-content\/uploads\/Olivo-huevo.jpg"},{"@type":"BreadcrumbList","@id":"https:\/\/www.todolivo.com\/fr\/qui-sommes-nous\/#breadcrumb","itemListElement":[{"@type":"ListItem","position":1,"name":"Couverture","item":"https:\/\/www.todolivo.com\/fr\/"},{"@type":"ListItem","position":2,"name":"Qui sommes nous?"}]},{"@type":"WebSite","@id":"https:\/\/www.todolivo.com\/#website","url":"https:\/\/www.todolivo.com\/","name":"Todolivo - Experts et pionniers \u00e0 Oliveraie en Haie","description":"Todolivo - Experts et pionniers \u00e0 Oliveraie en Haie","potentialAction":[{"@type":"SearchAction","target":{"@type":"EntryPoint","urlTemplate":"https:\/\/www.todolivo.com\/?s={search_term_string}"},"query-input":{"@type":"PropertyValueSpecification","valueRequired":true,"valueName":"search_term_string"}}],"inLanguage":"fr-FR"}]}},"_links":{"self":[{"href":"https:\/\/www.todolivo.com\/fr\/wp-json\/wp\/v2\/pages\/3102","targetHints":{"allow":["GET"]}}],"collection":[{"href":"https:\/\/www.todolivo.com\/fr\/wp-json\/wp\/v2\/pages"}],"about":[{"href":"https:\/\/www.todolivo.com\/fr\/wp-json\/wp\/v2\/types\/page"}],"author":[{"embeddable":true,"href":"https:\/\/www.todolivo.com\/fr\/wp-json\/wp\/v2\/users\/1"}],"replies":[{"embeddable":true,"href":"https:\/\/www.todolivo.com\/fr\/wp-json\/wp\/v2\/comments?post=3102"}],"version-history":[{"count":1,"href":"https:\/\/www.todolivo.com\/fr\/wp-json\/wp\/v2\/pages\/3102\/revisions"}],"predecessor-version":[{"id":21179,"href":"https:\/\/www.todolivo.com\/fr\/wp-json\/wp\/v2\/pages\/3102\/revisions\/21179"}],"wp:attachment":[{"href":"https:\/\/www.todolivo.com\/fr\/wp-json\/wp\/v2\/media?parent=3102"}],"curies":[{"name":"wp","href":"https:\/\/api.w.org\/{rel}","templated":true}]}}