{"id":30948,"date":"2020-05-31T14:19:09","date_gmt":"2020-05-31T13:19:09","guid":{"rendered":"https:\/\/www.todolivo.com\/?page_id=30948"},"modified":"2023-07-17T07:39:59","modified_gmt":"2023-07-17T06:39:59","slug":"chronologie-du-programme-damelioration-genetique","status":"publish","type":"page","link":"https:\/\/www.todolivo.com\/fr\/programme-damelioration-genetique\/chronologie-du-programme-damelioration-genetique\/","title":{"rendered":"Chronologie du Programme d\u2019Am\u00e9lioration G\u00e9n\u00e9tique"},"content":{"rendered":"<style type=\"text\/css\" scoped=\"scoped\">#g1-section-1.g1-section {background-color: #e7eae3; background-repeat:repeat; background-position:center top; background-attachment:static;}<\/style><div id=\"g1-section-1\" class=\"g1-section \"><div class=\"g1-layout-inner\">\n<span id=\"g1-space-1\" class=\"g1-space \" style=\"margin-top:-25px;\"><\/span>\n<ul class=\"g1-grid\"><li class=\"g1-column g1-one-sixth g1-valign-top\">\n<span id=\"g1-space-2\" class=\"g1-space \" style=\"height:5px;\"><\/span>\n<table style=\"width: 100%; height: 50px;\">\n<tbody>\n<tr>\n<td style=\"text-align: center; vertical-align: middle;\">\n<h4><span style=\"color: #000000;\"><a style=\"color: #000000;\" href=\"https:\/\/www.todolivo.com\/fr\/programme-damelioration-genetique\/histoire-programme-damelioration-genetique\/\">Histoire<\/a><\/span><\/h4>\n<\/td>\n<\/tr>\n<\/tbody>\n<\/table>\n<\/li><!-- -->\n<li class=\"g1-column g1-one-sixth g1-valign-top\">\n<span id=\"g1-space-3\" class=\"g1-space \" style=\"height:5px;\"><\/span>\n<table style=\"width: 100%; height: 50px;\">\n<tbody>\n<tr>\n<td style=\"text-align: center; vertical-align: middle;\">\n<h4 style=\"color: #ffffff; background-color: #000;\"><a href=\"https:\/\/www.todolivo.com\/fr\/programme-damelioration-genetique\/chronologie-du-programme-damelioration-genetique\/\"><span style=\"color: #ffffff;\">Chronologie<\/span><\/a><\/h4>\n<\/td>\n<\/tr>\n<\/tbody>\n<\/table>\n<\/li><!-- -->\n<li class=\"g1-column g1-one-sixth g1-valign-top\">\n<span id=\"g1-space-4\" class=\"g1-space \" style=\"height:5px;\"><\/span>\n<table style=\"width: 100%; height: 50px;\">\n<tbody>\n<tr>\n<td style=\"text-align: center; vertical-align: middle;\">\n<h4><a href=\"https:\/\/www.todolivo.com\/fr\/programme-damelioration-genetique\/processus-programme-damelioration-genetique\/\"><span style=\"color: #000000;\">Processus<\/span><\/a><\/h4>\n<\/td>\n<\/tr>\n<\/tbody>\n<\/table>\n<\/li><!-- -->\n<li class=\"g1-column g1-one-sixth g1-valign-top\">\n<span id=\"g1-space-5\" class=\"g1-space \" style=\"margin-top:-3px;\"><\/span>\n<table style=\"width: 100%; height: 50px;\">\n<tbody>\n<tr>\n<td style=\"text-align: center; vertical-align: middle;\">\n<h4><a href=\"https:\/\/www.todolivo.com\/fr\/programme-damelioration-genetique\/essais-damelioration-programme-damelioration-genetique\/\"><span style=\"color: #000000;\">Essais d\u2019am\u00e9lioration<\/span><\/a><\/h4>\n<\/td>\n<\/tr>\n<\/tbody>\n<\/table>\n<\/li><!-- -->\n<li class=\"g1-column g1-one-sixth g1-valign-top\">\n<span id=\"g1-space-6\" class=\"g1-space \" style=\"height:5px;\"><\/span>\n<table style=\"width: 100%; height: 50px;\">\n<tbody>\n<tr>\n<td style=\"text-align: center; vertical-align: middle;\">\n<h4><a href=\"https:\/\/www.todolivo.com\/fr\/programme-damelioration-genetique\/todolivo-i-15p\/\"><span style=\"color: #000000;\">Todolivo I-15<\/span><sup><span style=\"color: #000000;\">P<\/span><\/sup><\/a><\/h4>\n<\/td>\n<\/tr>\n<\/tbody>\n<\/table>\n<\/li><!-- -->\n<li class=\"g1-column g1-one-sixth g1-valign-top\">\n<span id=\"g1-space-7\" class=\"g1-space \" style=\"margin-top:-20px;\"><\/span>\n<\/li><!-- --><\/ul>\n<span id=\"g1-space-8\" class=\"g1-space \" style=\"margin-top:-50px;\"><\/span>\n<\/div><\/div>\n<span id=\"g1-space-9\" class=\"g1-space \" style=\"height:40px;\"><\/span>\n<h2 style=\"text-align: center;\">Chronologie du Programme d\u2019Am\u00e9lioration G\u00e9n\u00e9tique<\/h2>\n<span id=\"g1-space-10\" class=\"g1-space \" style=\"margin-top:-15px;\"><\/span>\n<style type=\"text\/css\" scoped=\"scoped\">#g1-section-2.g1-section {background-repeat:repeat; background-position:center top; background-attachment:static;}<\/style><div id=\"g1-section-2\" class=\"g1-section \"><div class=\"g1-layout-inner\">\n<div id=\"g1-tabs-1\" class=\"g1-tabs g1-tabs--simple g1-type--click g1-tabs--horizontal g1-tabs--top g1-align-left \">\n<div id=\"tab-title-counter-1\" class=\"g1-tab-title \">\n<p>1<sup>\u00e8re<\/sup> PHASE CROISEMENTS<\/p>\n<\/div>\n<div id=\"tab-content-counter-1\" class=\"g1-tab-content \">\n<p><strong>2007<\/strong> &#8211; Le Programme d\u2019Am\u00e9lioration est mis en \u0153uvre et les parents avec lesquels les futurs croisements seront r\u00e9alis\u00e9s sont s\u00e9lectionn\u00e9s.<\/p>\n<p><strong>2008<\/strong> &#8211; Les croisements sont r\u00e9alis\u00e9s et <strong>1.345 <\/strong>nouvelles vari\u00e9t\u00e9s sont obtenues gr\u00e2ce \u00e0 ces premiers croisements.<\/p>\n<p><strong>Avril 2010<\/strong> &#8211; Les nouvelles vari\u00e9t\u00e9s obtenues sont plant\u00e9es individuellement, et sont \u00e9valu\u00e9es pendant plusieurs ann\u00e9es dans le centre de recherches <strong>\u2018Cruz de los Huertos\u2019<\/strong>. <strong>38 sont pr\u00e9s\u00e9lectionn\u00e9es<\/strong> parmi celles-ci, celles ayant d\u00e9montr\u00e9 \u00eatre les plus productives.<\/p>\n<p><strong>D\u00e9cembre 2015<\/strong> &#8211; Une fois que les 38 vari\u00e9t\u00e9s pr\u00e9s\u00e9lectionn\u00e9es se sont multipli\u00e9es, elles sont plant\u00e9es dans le centre de recherches<strong> \u2018La Mata\u2019<\/strong>, dont Todolivo est propri\u00e9taire \u00e0 Villafranca de C\u00f3rdoba, pour \u00eatre de nouveau \u00e9valu\u00e9es et compar\u00e9es \u00e0 la s\u00e9lection internationale de 19 vari\u00e9t\u00e9s traditionnelles tr\u00e8s productives, parmi lesquelles se trouvent leurs parents.\u00a0 Les pr\u00e9-s\u00e9lections qui passent cette derni\u00e8re \u00e9valuation deviendront les nouvelles vari\u00e9t\u00e9s disponibles pour les agriculteurs durant les prochaines ann\u00e9es.<\/p>\n<p><strong>2019<\/strong> &#8211; La 1<sup>\u00e8re<\/sup> vari\u00e9t\u00e9 provenant de la 1<sup>\u00e8re<\/sup> Phase de croisements est commercialis\u00e9e: <strong>Todolivo I-15<sup>P<\/sup><\/strong>. Il s\u2019agit d\u2019une vari\u00e9t\u00e9 pr\u00e9coce, tr\u00e8s productive et \u00e0 haut rendement gras.\u00a0 Les autres vari\u00e9t\u00e9s ach\u00e8vent leur processus d\u2019\u00e9valuation.<\/p>\n<\/div>\n<div id=\"tab-title-counter-2\" class=\"g1-tab-title \">\n<p>2\u00aa PHASE CROISEMENTS<\/p>\n<\/div>\n<div id=\"tab-content-counter-2\" class=\"g1-tab-content \">\n<p>En parall\u00e8le, une seconde phase de croisement d\u00e9bute<\/p>\n<p>2008 &#8211; <strong>Les parents sont s\u00e9lectionn\u00e9s.<\/strong><\/p>\n<p>2009 &#8211; Les <strong>nouveaux croisements<\/strong> sont r\u00e9alis\u00e9s, dont <strong>543 nouvelles vari\u00e9t\u00e9s sont obtenues.<\/strong><\/p>\n<p>2012 &#8211; <strong>Les 543 nouvelles vari\u00e9t\u00e9s <\/strong>sont plant\u00e9es individuellement dans le Centre de recherches <strong>\u2018Santa Mar\u00eda<\/strong>\u2019, o\u00f9 elles seront \u00e9valu\u00e9es pendant plusieurs ann\u00e9es. <strong>34 nouvelles vari\u00e9t\u00e9s sont pr\u00e9s\u00e9lectionn\u00e9es <\/strong>parmi celles-ci.<\/p>\n<p>2018 &#8211;\u00a0Une fois les <strong>34 pr\u00e9s\u00e9lections<\/strong> multipli\u00e9es, elles sont <strong>plant\u00e9es massivement <\/strong>dans les propri\u00e9t\u00e9s: \u2018Las Hazuelas\u2019 et \u2018El Calderito Alto\u2019, o\u00f9 elles sont actuellement \u00e9valu\u00e9es sur des terrains <strong>irrigu\u00e9s et non irrigu\u00e9s, <\/strong>et compar\u00e9es aux 38 vari\u00e9t\u00e9s obtenues durant la 1<sup>\u00e8re <\/sup>phase des croisements, ainsi qu\u2019\u00e0 une collection mondiale de 28 vari\u00e9t\u00e9s traditionnelles.<\/p>\n<\/div>\n<div id=\"tab-title-counter-3\" class=\"g1-tab-title \">\n<p>3\u00e8me PHASE CROISEMENTS<\/p>\n<\/div>\n<div id=\"tab-content-counter-3\" class=\"g1-tab-content \">\n<p><strong>2009<\/strong> \u2013 Les troisi\u00e8mes croisements sont effectu\u00e9s et 158 nouvelles vari\u00e9t\u00e9s sont obtenues, qui proviennent de croisements avec notre nouvelle vari\u00e9t\u00e9 Todolivo I-15P.<\/p>\n<p>En<strong> juillet 2021<\/strong>, elles sont plant\u00e9es dans le Centre de Recherches \u00ab Cortijo El Rayo \u00bb.<\/p>\n<p><strong>L&rsquo;objectif<\/strong> de cette phase est d&rsquo;am\u00e9liorer cette nouvelle vari\u00e9t\u00e9 en obtenant des \u00ab descendants \u00bb qui surpasseront ses r\u00e9sultats.<\/p>\n<\/div>\n<div id=\"tab-title-counter-4\" class=\"g1-tab-title \">\n<p>4\u00e8me PHASE CROISEMENTS<\/p>\n<\/div>\n<div id=\"tab-content-counter-4\" class=\"g1-tab-content \">\n<p>En <strong>2020<\/strong>, les quatri\u00e8mes croisements sont r\u00e9alis\u00e9s avec diff\u00e9rentes vari\u00e9t\u00e9s et 431 nouvelles vari\u00e9t\u00e9s sont obtenues, issues de croisements avec une s\u00e9lection de vari\u00e9t\u00e9s traditionnelles.<\/p>\n<p>En<strong> juillet 2022<\/strong>, elles sont plant\u00e9es dans le Centre de Recherches \u00ab Santa Mar\u00eda \u00bb.<\/p>\n<p><strong>L&rsquo;objectif<\/strong> de cette phase est d&rsquo;obtenir de nouvelles vari\u00e9t\u00e9s hautement productives qui produisent des huiles aux bonnes caract\u00e9ristiques organoleptiques et \u00e0 forte teneur en polyph\u00e9nols.<\/p>\n<\/div>\n<div id=\"tab-title-counter-5\" class=\"g1-tab-title \">\n<p>5\u00e8me PHASE CROISEMENTS<\/p>\n<\/div>\n<div id=\"tab-content-counter-5\" class=\"g1-tab-content \">\n<p><strong>Les croisements r\u00e9alis\u00e9s<\/strong> durant cette phase ont \u00e9t\u00e9 r\u00e9alis\u00e9s <strong>avec les vari\u00e9t\u00e9s de phases pr\u00e9c\u00e9dentes.<\/strong><\/p>\n<p>La plantation des vari\u00e9t\u00e9s aux r\u00e9sultats plus performants que leurs parents est pr\u00e9vue pour 2024.<\/p>\n<p><strong>L&rsquo;objectif<\/strong> de cette phase est d&rsquo;obtenir des vari\u00e9t\u00e9s plus productives, avec des rendements \u00e9lev\u00e9s en mati\u00e8re grasse, r\u00e9sistantes et\/ou tol\u00e9rantes \u00e0 certaines maladies et produisant des huiles diff\u00e9renci\u00e9es.<\/p>\n<\/div>\n<div id=\"tab-title-counter-6\" class=\"g1-tab-title \">\n<p>6\u00e8me PHASE CROISEMENTS<\/p>\n<\/div>\n<div id=\"tab-content-counter-6\" class=\"g1-tab-content \">\n<p>En 2022, ont \u00e9t\u00e9 r\u00e9alis\u00e9s les sixi\u00e8mes croisements <strong>avec des vari\u00e9t\u00e9s traditionnelles r\u00e9sistantes \u00e0 la s\u00e9cheresse.<\/strong><\/p>\n<p>La plantation des vari\u00e9t\u00e9s aux r\u00e9sultats plus performants que leurs parents est pr\u00e9vue pour 2024.<\/p>\n<p><strong>L&rsquo;objectif<\/strong> de cette phase est d&rsquo;obtenir de nouvelles vari\u00e9t\u00e9s plus productives, \u00e0 haut rendement en mati\u00e8re grasse et r\u00e9sistantes \u00e0 la s\u00e9cheresse et aux sols pauvres.<\/p>\n<\/div>\n<\/div>\n<\/div><\/div>\n<style type=\"text\/css\" scoped=\"scoped\">#g1-section-3.g1-section {background-repeat:repeat; background-position:center top; background-attachment:static;}<\/style><div id=\"g1-section-3\" class=\"g1-section \"><div class=\"g1-layout-inner\">\n<!-- Simple Share Buttons Adder (8.5.3) simplesharebuttons.com --><div class=\"ssba-classic-2 ssba ssbp-wrap aligncenter ssbp--theme-1\"><div style=\"text-align:left\"><span class=\"ssba-share-text\">Share this...<\/span><br\/><a data-site=\"facebook\" class=\"ssba_facebook_share ssba_share_link\" href=\"https:\/\/www.facebook.com\/sharer.php?t=Chronologie du Programme d\u2019Am\u00e9lioration G\u00e9n\u00e9tique&u=https:\/\/www.todolivo.com\/fr\/wp-json\/wp\/v2\/pages\/30948\"  target=_blank  style=\"color:; background-color: ; height: 48px; width: 48px; \" ><img decoding=\"async\" src=\"https:\/\/www.todolivo.com\/wp-content\/plugins\/simple-share-buttons-adder\/buttons\/somacro\/facebook.png\" style=\"width: 35px;\" title=\"facebook\" class=\"ssba ssba-img\" alt=\"Share on facebook\" \/><div title=\"Facebook\" class=\"ssbp-text\">Facebook<\/div><\/a><a data-site=\"pinterest\" class=\"ssba_pinterest_share ssba_share_link\" href=\"https:\/\/pinterest.com\/pin\/create\/button\/?description=Chronologie du Programme d\u2019Am\u00e9lioration G\u00e9n\u00e9tique&media=&url=https:\/\/www.todolivo.com\/fr\/wp-json\/wp\/v2\/pages\/30948\"  target=_blank  style=\"color:; background-color: ; height: 48px; width: 48px; \" ><img decoding=\"async\" src=\"https:\/\/www.todolivo.com\/wp-content\/plugins\/simple-share-buttons-adder\/buttons\/somacro\/pinterest.png\" style=\"width: 35px;\" title=\"pinterest\" class=\"ssba ssba-img\" alt=\"Share on pinterest\" \/><div title=\"Pinterest\" class=\"ssbp-text\">Pinterest<\/div><\/a><a data-site=\"twitter\" class=\"ssba_twitter_share ssba_share_link\" href=\"https:\/\/twitter.com\/intent\/tweet?text=Chronologie du Programme d\u2019Am\u00e9lioration G\u00e9n\u00e9tique&url=https:\/\/www.todolivo.com\/fr\/wp-json\/wp\/v2\/pages\/30948&via=\"  target=_blank  style=\"color:; background-color: ; height: 48px; width: 48px; \" ><img decoding=\"async\" src=\"https:\/\/www.todolivo.com\/wp-content\/plugins\/simple-share-buttons-adder\/buttons\/somacro\/twitter.png\" style=\"width: 35px;\" title=\"twitter\" class=\"ssba ssba-img\" alt=\"Share on twitter\" \/><div title=\"Twitter\" class=\"ssbp-text\">Twitter<\/div><\/a><a data-site=\"linkedin\" class=\"ssba_linkedin_share ssba_share_link\" href=\"https:\/\/www.linkedin.com\/shareArticle?title=Chronologie du Programme d\u2019Am\u00e9lioration G\u00e9n\u00e9tique&url=https:\/\/www.todolivo.com\/fr\/wp-json\/wp\/v2\/pages\/30948\"  target=_blank  style=\"color:; background-color: ; height: 48px; width: 48px; \" ><img decoding=\"async\" src=\"https:\/\/www.todolivo.com\/wp-content\/plugins\/simple-share-buttons-adder\/buttons\/somacro\/linkedin.png\" style=\"width: 35px;\" title=\"linkedin\" class=\"ssba ssba-img\" alt=\"Share on linkedin\" \/><div title=\"Linkedin\" class=\"ssbp-text\">Linkedin<\/div><\/a><\/div><\/div>\n<\/div><\/div>\n","protected":false},"excerpt":{"rendered":"<p>Chronologie du Programme d\u2019Am\u00e9lioration G\u00e9n\u00e9tique<\/p>\n","protected":false},"author":1,"featured_media":0,"parent":30943,"menu_order":0,"comment_status":"closed","ping_status":"closed","template":"g1_template_page_full_sections.php","meta":{"_lmt_disableupdate":"no","_lmt_disable":"","footnotes":""},"class_list":["post-30948","page","type-page","status-publish"],"yoast_head":"<!-- This site is optimized with the Yoast SEO plugin v26.9 - https:\/\/yoast.com\/product\/yoast-seo-wordpress\/ -->\n<title>Chronologie du Programme d\u2019Am\u00e9lioration G\u00e9n\u00e9tique - Todolivo - Experts et pionniers \u00e0 Oliveraie en Haie<\/title>\n<meta name=\"robots\" content=\"index, follow, max-snippet:-1, max-image-preview:large, max-video-preview:-1\" \/>\n<link rel=\"canonical\" href=\"https:\/\/www.todolivo.com\/fr\/programme-damelioration-genetique\/chronologie-du-programme-damelioration-genetique\/\" \/>\n<meta property=\"og:locale\" content=\"fr_FR\" \/>\n<meta property=\"og:type\" content=\"article\" \/>\n<meta property=\"og:title\" content=\"Chronologie du Programme d\u2019Am\u00e9lioration G\u00e9n\u00e9tique - Todolivo - Experts et pionniers \u00e0 Oliveraie en Haie\" \/>\n<meta property=\"og:description\" content=\"Chronologie du Programme d\u2019Am\u00e9lioration G\u00e9n\u00e9tique\" \/>\n<meta property=\"og:url\" content=\"https:\/\/www.todolivo.com\/fr\/programme-damelioration-genetique\/chronologie-du-programme-damelioration-genetique\/\" \/>\n<meta property=\"og:site_name\" content=\"Todolivo - Experts et pionniers \u00e0 Oliveraie en Haie\" \/>\n<meta property=\"article:modified_time\" content=\"2023-07-17T06:39:59+00:00\" \/>\n<meta name=\"twitter:card\" content=\"summary_large_image\" \/>\n<meta name=\"twitter:label1\" content=\"Dur\u00e9e de lecture estim\u00e9e\" \/>\n\t<meta name=\"twitter:data1\" content=\"4 minutes\" \/>\n<script type=\"application\/ld+json\" class=\"yoast-schema-graph\">{\"@context\":\"https:\/\/schema.org\",\"@graph\":[{\"@type\":\"WebPage\",\"@id\":\"https:\/\/www.todolivo.com\/fr\/programme-damelioration-genetique\/chronologie-du-programme-damelioration-genetique\/\",\"url\":\"https:\/\/www.todolivo.com\/fr\/programme-damelioration-genetique\/chronologie-du-programme-damelioration-genetique\/\",\"name\":\"Chronologie du Programme d\u2019Am\u00e9lioration G\u00e9n\u00e9tique - Todolivo - Experts et pionniers \u00e0 Oliveraie en Haie\",\"isPartOf\":{\"@id\":\"https:\/\/www.todolivo.com\/#website\"},\"datePublished\":\"2020-05-31T13:19:09+00:00\",\"dateModified\":\"2023-07-17T06:39:59+00:00\",\"breadcrumb\":{\"@id\":\"https:\/\/www.todolivo.com\/fr\/programme-damelioration-genetique\/chronologie-du-programme-damelioration-genetique\/#breadcrumb\"},\"inLanguage\":\"fr-FR\",\"potentialAction\":[{\"@type\":\"ReadAction\",\"target\":[\"https:\/\/www.todolivo.com\/fr\/programme-damelioration-genetique\/chronologie-du-programme-damelioration-genetique\/\"]}]},{\"@type\":\"BreadcrumbList\",\"@id\":\"https:\/\/www.todolivo.com\/fr\/programme-damelioration-genetique\/chronologie-du-programme-damelioration-genetique\/#breadcrumb\",\"itemListElement\":[{\"@type\":\"ListItem\",\"position\":1,\"name\":\"Couverture\",\"item\":\"https:\/\/www.todolivo.com\/fr\/\"},{\"@type\":\"ListItem\",\"position\":2,\"name\":\"Programme d\u2019Am\u00e9lioration G\u00e9n\u00e9tique\",\"item\":\"https:\/\/www.todolivo.com\/fr\/programme-damelioration-genetique\/\"},{\"@type\":\"ListItem\",\"position\":3,\"name\":\"Chronologie du Programme d\u2019Am\u00e9lioration G\u00e9n\u00e9tique\"}]},{\"@type\":\"WebSite\",\"@id\":\"https:\/\/www.todolivo.com\/#website\",\"url\":\"https:\/\/www.todolivo.com\/\",\"name\":\"Todolivo - Experts et pionniers \u00e0 Oliveraie en Haie\",\"description\":\"Todolivo - Experts et pionniers \u00e0 Oliveraie en Haie\",\"potentialAction\":[{\"@type\":\"SearchAction\",\"target\":{\"@type\":\"EntryPoint\",\"urlTemplate\":\"https:\/\/www.todolivo.com\/?s={search_term_string}\"},\"query-input\":{\"@type\":\"PropertyValueSpecification\",\"valueRequired\":true,\"valueName\":\"search_term_string\"}}],\"inLanguage\":\"fr-FR\"}]}<\/script>\n<!-- \/ Yoast SEO plugin. -->","yoast_head_json":{"title":"Chronologie du Programme d\u2019Am\u00e9lioration G\u00e9n\u00e9tique - Todolivo - Experts et pionniers \u00e0 Oliveraie en Haie","robots":{"index":"index","follow":"follow","max-snippet":"max-snippet:-1","max-image-preview":"max-image-preview:large","max-video-preview":"max-video-preview:-1"},"canonical":"https:\/\/www.todolivo.com\/fr\/programme-damelioration-genetique\/chronologie-du-programme-damelioration-genetique\/","og_locale":"fr_FR","og_type":"article","og_title":"Chronologie du Programme d\u2019Am\u00e9lioration G\u00e9n\u00e9tique - Todolivo - Experts et pionniers \u00e0 Oliveraie en Haie","og_description":"Chronologie du Programme d\u2019Am\u00e9lioration G\u00e9n\u00e9tique","og_url":"https:\/\/www.todolivo.com\/fr\/programme-damelioration-genetique\/chronologie-du-programme-damelioration-genetique\/","og_site_name":"Todolivo - Experts et pionniers \u00e0 Oliveraie en Haie","article_modified_time":"2023-07-17T06:39:59+00:00","twitter_card":"summary_large_image","twitter_misc":{"Dur\u00e9e de lecture estim\u00e9e":"4 minutes"},"schema":{"@context":"https:\/\/schema.org","@graph":[{"@type":"WebPage","@id":"https:\/\/www.todolivo.com\/fr\/programme-damelioration-genetique\/chronologie-du-programme-damelioration-genetique\/","url":"https:\/\/www.todolivo.com\/fr\/programme-damelioration-genetique\/chronologie-du-programme-damelioration-genetique\/","name":"Chronologie du Programme d\u2019Am\u00e9lioration G\u00e9n\u00e9tique - Todolivo - Experts et pionniers \u00e0 Oliveraie en Haie","isPartOf":{"@id":"https:\/\/www.todolivo.com\/#website"},"datePublished":"2020-05-31T13:19:09+00:00","dateModified":"2023-07-17T06:39:59+00:00","breadcrumb":{"@id":"https:\/\/www.todolivo.com\/fr\/programme-damelioration-genetique\/chronologie-du-programme-damelioration-genetique\/#breadcrumb"},"inLanguage":"fr-FR","potentialAction":[{"@type":"ReadAction","target":["https:\/\/www.todolivo.com\/fr\/programme-damelioration-genetique\/chronologie-du-programme-damelioration-genetique\/"]}]},{"@type":"BreadcrumbList","@id":"https:\/\/www.todolivo.com\/fr\/programme-damelioration-genetique\/chronologie-du-programme-damelioration-genetique\/#breadcrumb","itemListElement":[{"@type":"ListItem","position":1,"name":"Couverture","item":"https:\/\/www.todolivo.com\/fr\/"},{"@type":"ListItem","position":2,"name":"Programme d\u2019Am\u00e9lioration G\u00e9n\u00e9tique","item":"https:\/\/www.todolivo.com\/fr\/programme-damelioration-genetique\/"},{"@type":"ListItem","position":3,"name":"Chronologie du Programme d\u2019Am\u00e9lioration G\u00e9n\u00e9tique"}]},{"@type":"WebSite","@id":"https:\/\/www.todolivo.com\/#website","url":"https:\/\/www.todolivo.com\/","name":"Todolivo - Experts et pionniers \u00e0 Oliveraie en Haie","description":"Todolivo - Experts et pionniers \u00e0 Oliveraie en Haie","potentialAction":[{"@type":"SearchAction","target":{"@type":"EntryPoint","urlTemplate":"https:\/\/www.todolivo.com\/?s={search_term_string}"},"query-input":{"@type":"PropertyValueSpecification","valueRequired":true,"valueName":"search_term_string"}}],"inLanguage":"fr-FR"}]}},"_links":{"self":[{"href":"https:\/\/www.todolivo.com\/fr\/wp-json\/wp\/v2\/pages\/30948","targetHints":{"allow":["GET"]}}],"collection":[{"href":"https:\/\/www.todolivo.com\/fr\/wp-json\/wp\/v2\/pages"}],"about":[{"href":"https:\/\/www.todolivo.com\/fr\/wp-json\/wp\/v2\/types\/page"}],"author":[{"embeddable":true,"href":"https:\/\/www.todolivo.com\/fr\/wp-json\/wp\/v2\/users\/1"}],"replies":[{"embeddable":true,"href":"https:\/\/www.todolivo.com\/fr\/wp-json\/wp\/v2\/comments?post=30948"}],"version-history":[{"count":7,"href":"https:\/\/www.todolivo.com\/fr\/wp-json\/wp\/v2\/pages\/30948\/revisions"}],"predecessor-version":[{"id":49774,"href":"https:\/\/www.todolivo.com\/fr\/wp-json\/wp\/v2\/pages\/30948\/revisions\/49774"}],"up":[{"embeddable":true,"href":"https:\/\/www.todolivo.com\/fr\/wp-json\/wp\/v2\/pages\/30943"}],"wp:attachment":[{"href":"https:\/\/www.todolivo.com\/fr\/wp-json\/wp\/v2\/media?parent=30948"}],"curies":[{"name":"wp","href":"https:\/\/api.w.org\/{rel}","templated":true}]}}