{"id":17413,"date":"2019-03-02T11:08:31","date_gmt":"2019-03-02T10:08:31","guid":{"rendered":"http:\/\/www.todolivo.com\/?page_id=17413"},"modified":"2020-02-21T09:36:52","modified_gmt":"2020-02-21T08:36:52","slug":"callosina-i-69","status":"publish","type":"page","link":"https:\/\/www.todolivo.com\/fr\/service-integral-todolivo\/plantes-d-olivier-certifiees\/callosina-i-69\/","title":{"rendered":"Callosina Clon I-69&reg;"},"content":{"rendered":"<span id=\"g1-space-1\" class=\"g1-space \" style=\"margin-top:-15px;\"><\/span>\n<h2><img decoding=\"async\" class=\"circleimage alignleft wp-image-16972\" style=\"margin: 15px;\" src=\"https:\/\/www.todolivo.com\/wp-content\/uploads\/Todolivo_Callosina_300px.jpg\" alt=\"\" width=\"150\" height=\"150\" srcset=\"https:\/\/www.todolivo.com\/wp-content\/uploads\/Todolivo_Callosina_300px.jpg 300w, https:\/\/www.todolivo.com\/wp-content\/uploads\/Todolivo_Callosina_300px-200x200.jpg 200w, https:\/\/www.todolivo.com\/wp-content\/uploads\/Todolivo_Callosina_300px-239x239.jpg 239w, https:\/\/www.todolivo.com\/wp-content\/uploads\/Todolivo_Callosina_300px-55x55.jpg 55w\" sizes=\"(max-width: 150px) 100vw, 150px\" \/><\/h2>\n<h2>Callosina Clon I-69<sup>\u00ae<\/sup><\/h2>\n<p>Vari\u00e9t\u00e9 s\u00e9lectionn\u00e9e par Todolivo, avec une vigueur moyenne et un port ouvert. Son entr\u00e9e en production est moyennement pr\u00e9coce. Elle est appr\u00e9ci\u00e9e par sa productivit\u00e9 \u00e9lev\u00e9e et constante, ainsi que par le contenu d\u2019huile \u00e9lev\u00e9 et la qualit\u00e9 de celle-ci. La maturation de son fruit est moyenne. Elle est r\u00e9sistante \u00e0 la s\u00e9cheresse et au froid. Elle tol\u00e8re bien la Tuberculose et la <em>mouche<\/em>. Elle est susceptible \u00e0 <em>l\u2019\u0153il de paon<\/em> et elle est sensible \u00e0 la stagnation d\u2019eau.<\/p>\n<span id=\"g1-space-2\" class=\"g1-space \" style=\"height:30px;\"><\/span>\n<div id=\"g1-tabs-1\" class=\"g1-tabs g1-tabs--simple g1-type--click g1-tabs--horizontal g1-tabs--top g1-align-left \">\n<div id=\"tab-title-counter-1\" class=\"g1-tab-title \">\n<p>Caract\u00e9ristiques principales<\/p>\n<\/div>\n<div id=\"tab-content-counter-1\" class=\"g1-tab-content \">\n<h3>Caract\u00e9ristiques principales<\/h3>\n<ul class=\"g1-grid\"><li class=\"g1-column g1-one-third g1-valign-top\">\n<p><img fetchpriority=\"high\" decoding=\"async\" class=\"estilo-imagen alignleft wp-image-16977 size-medium\" src=\"https:\/\/www.todolivo.com\/wp-content\/uploads\/\/Callosina-276x300.jpg\" alt=\"\" width=\"276\" height=\"300\" srcset=\"https:\/\/www.todolivo.com\/wp-content\/uploads\/Callosina-276x300.jpg 276w, https:\/\/www.todolivo.com\/wp-content\/uploads\/Callosina-320x348.jpg 320w, https:\/\/www.todolivo.com\/wp-content\/uploads\/Callosina-239x260.jpg 239w, https:\/\/www.todolivo.com\/wp-content\/uploads\/Callosina.jpg 628w\" sizes=\"(max-width: 276px) 100vw, 276px\" \/><\/li><!-- --><li class=\"g1-column g1-two-third g1-valign-top\"><br \/>\n\n<table id=\"tablepress-690\" class=\"tablepress tablepress-id-690 tablevariedades\">\n<tbody class=\"row-hover\">\n<tr class=\"row-1\">\n\t<td class=\"column-1\"><strong>Arbre<\/strong><\/td><td class=\"column-2\"><\/td>\n<\/tr>\n<tr class=\"row-2\">\n\t<td class=\"column-1\">Port<\/td><td class=\"column-2\">Ouvert<\/td>\n<\/tr>\n<tr class=\"row-3\">\n\t<td class=\"column-1\">Vigueur<\/td><td class=\"column-2\">Moyenne<\/td>\n<\/tr>\n<\/tbody>\n<\/table>\n<br \/>\n\n<table id=\"tablepress-691\" class=\"tablepress tablepress-id-691 tablevariedades\">\n<tbody class=\"row-hover\">\n<tr class=\"row-1\">\n\t<td class=\"column-1\"><strong>Fruit<\/strong><\/td><td class=\"column-2\"><\/td>\n<\/tr>\n<tr class=\"row-2\">\n\t<td class=\"column-1\">Poids olive (g)<\/td><td class=\"column-2\">3,1<\/td>\n<\/tr>\n<tr class=\"row-3\">\n\t<td class=\"column-1\">Relation pulpe\/noyau<\/td><td class=\"column-2\">5,9<\/td>\n<\/tr>\n<tr class=\"row-4\">\n\t<td class=\"column-1\">Rendement gras (% sms)<\/td><td class=\"column-2\">42,3<\/td>\n<\/tr>\n<\/tbody>\n<\/table>\n<br \/>\n<\/li><!-- --><\/ul><\/p>\n<\/div>\n<p>&nbsp;<\/p>\n<\/div>\n<div id=\"g1-divider-1\" class=\"g1-divider g1-divider--none g1-divider--noicon \"><\/div>\n<ul class=\"g1-grid\"><li class=\"g1-column g1-one-sixth g1-valign-top\">\n<div align=\"center\">\n<table width=\"85%\" border=\"0\">\n<tbody>\n<tr>\n<td width=\"128\"><a href=\"https:\/\/www.todolivo.com\/fr\/service-integral-todolivo\/plantes-d-olivier-certifiees\/todolivo-i-15p\/\"><img decoding=\"async\" class=\"aligncenter wp-image-17857\" src=\"https:\/\/www.todolivo.com\/wp-content\/uploads\/Todolivo-I-15-Todolivo_2_276px.jpg\" alt=\"\" width=\"125\" height=\"122\" srcset=\"https:\/\/www.todolivo.com\/wp-content\/uploads\/Todolivo-I-15-Todolivo_2_276px.jpg 276w, https:\/\/www.todolivo.com\/wp-content\/uploads\/Todolivo-I-15-Todolivo_2_276px-239x231.jpg 239w, https:\/\/www.todolivo.com\/wp-content\/uploads\/Todolivo-I-15-Todolivo_2_276px-55x55.jpg 55w\" sizes=\"(max-width: 125px) 100vw, 125px\" \/><\/a><\/td>\n<\/tr>\n<tr>\n<td style=\"text-align: center;\" width=\"128\"><a href=\"https:\/\/www.todolivo.com\/fr\/service-integral-todolivo\/plantes-d-olivier-certifiees\/todolivo-i-15p\/\"><strong>Todolivo I-15<sup>P<\/sup><\/strong><\/a><\/td>\n<\/tr>\n<\/tbody>\n<\/table>\n<\/div>\n<\/li><!-- -->\n<li class=\"g1-column g1-one-sixth g1-valign-top\">\n<div align=\"center\">\n<table width=\"85%\" border=\"0\">\n<tbody>\n<tr>\n<td width=\"128\"><a href=\"https:\/\/todolivo.com\/fr\/service-integral-todolivo\/plantes-d-olivier-certifiees\/arbequina-i-21\/\"><img loading=\"lazy\" decoding=\"async\" class=\"aligncenter wp-image-6122\" src=\"https:\/\/www.todolivo.com\/wp-content\/uploads\/\/Todolivo_Arbequina_boton-150x150.jpg\" alt=\"Todolivo_Arbequina_boton\" width=\"125\" height=\"125\" srcset=\"https:\/\/www.todolivo.com\/wp-content\/uploads\/Todolivo_Arbequina_boton-150x150.jpg 150w, https:\/\/www.todolivo.com\/wp-content\/uploads\/Todolivo_Arbequina_boton-55x55.jpg 55w\" sizes=\"(max-width: 125px) 100vw, 125px\" \/><\/a><\/td>\n<\/tr>\n<tr>\n<td style=\"text-align: center;\" width=\"128\"><span id=\"g1-space-3\" class=\"g1-space \" style=\"margin-top:-5px;\"><\/span><strong><a title=\"Arbequina i-21 - Todolivo\" href=\"https:\/\/todolivo.com\/fr\/service-integral-todolivo\/plantes-d-olivier-certifiees\/arbequina-i-21\/\">Arbequina Clon I-21<sup>\u00ae<\/sup><\/a><\/strong><\/td>\n<\/tr>\n<\/tbody>\n<\/table>\n<\/div>\n<\/li><!-- -->\n<li class=\"g1-column g1-one-sixth g1-valign-top\">\n<div align=\"center\">\n<table width=\"85%\" border=\"0\">\n<tbody>\n<tr>\n<td width=\"128\"><a href=\"https:\/\/todolivo.com\/fr\/service-integral-todolivo\/plantes-d-olivier-certifiees\/arbosana-i-43\/\"><img loading=\"lazy\" decoding=\"async\" class=\"aligncenter wp-image-6124\" src=\"https:\/\/www.todolivo.com\/wp-content\/uploads\/\/Todolivo_Arbosana_boton-150x150.jpg\" alt=\"Todolivo_Arbosana_boton\" width=\"125\" height=\"125\" srcset=\"https:\/\/www.todolivo.com\/wp-content\/uploads\/Todolivo_Arbosana_boton-150x150.jpg 150w, https:\/\/www.todolivo.com\/wp-content\/uploads\/Todolivo_Arbosana_boton-55x55.jpg 55w\" sizes=\"(max-width: 125px) 100vw, 125px\" \/><\/a><\/td>\n<\/tr>\n<tr>\n<td style=\"text-align: center;\" width=\"128\"><span id=\"g1-space-4\" class=\"g1-space \" style=\"margin-top:-5px;\"><\/span><a title=\"Arbosana i-43 - Todolivo\" href=\"https:\/\/todolivo.com\/fr\/service-integral-todolivo\/plantes-d-olivier-certifiees\/arbosana-i-43\/\"><strong>Arbosana Clon I-43<sup>\u00ae<\/sup><\/strong><\/a><\/td>\n<\/tr>\n<\/tbody>\n<\/table>\n<\/div>\n<\/li><!-- -->\n<li class=\"g1-column g1-one-sixth g1-valign-top\">\n<div align=\"center\">\n<table width=\"85%\" border=\"0\">\n<tbody>\n<tr>\n<td width=\"128\"><a href=\"https:\/\/todolivo.com\/fr\/service-integral-todolivo\/plantes-d-olivier-certifiees\/sikitita\/\"><img loading=\"lazy\" decoding=\"async\" class=\"aligncenter wp-image-6126\" src=\"https:\/\/www.todolivo.com\/wp-content\/uploads\/\/Todolivo_Sikitita_boton-150x150.jpg\" alt=\"Todolivo_Sikitita_boton\" width=\"125\" height=\"125\" srcset=\"https:\/\/www.todolivo.com\/wp-content\/uploads\/Todolivo_Sikitita_boton-150x150.jpg 150w, https:\/\/www.todolivo.com\/wp-content\/uploads\/Todolivo_Sikitita_boton-55x55.jpg 55w\" sizes=\"(max-width: 125px) 100vw, 125px\" \/><\/a><\/td>\n<\/tr>\n<tr>\n<td style=\"text-align: center;\" width=\"128\"><span id=\"g1-space-5\" class=\"g1-space \" style=\"margin-top:-5px;\"><\/span><strong><a title=\"SikititaP\" href=\"https:\/\/todolivo.com\/fr\/service-integral-todolivo\/plantes-d-olivier-certifiees\/sikitita\/\">Sikitita<sup>P<\/sup><\/a><\/strong><\/td>\n<\/tr>\n<\/tbody>\n<\/table>\n<\/div>\n<\/li><!-- -->\n<li class=\"g1-column g1-one-sixth g1-valign-top\">\n<div align=\"center\">\n<table width=\"85%\" border=\"0\">\n<tbody>\n<tr>\n<td width=\"128\"><a href=\"https:\/\/todolivo.com\/fr\/service-integral-todolivo\/plantes-d-olivier-certifiees\/imperial-i-23\/\"><img loading=\"lazy\" decoding=\"async\" class=\"aligncenter wp-image-6128\" src=\"https:\/\/www.todolivo.com\/wp-content\/uploads\/\/Todolivo_Imperial_boton-150x150.jpg\" alt=\"Todolivo_Imperial_boton\" width=\"125\" height=\"125\" srcset=\"https:\/\/www.todolivo.com\/wp-content\/uploads\/Todolivo_Imperial_boton-150x150.jpg 150w, https:\/\/www.todolivo.com\/wp-content\/uploads\/Todolivo_Imperial_boton-55x55.jpg 55w\" sizes=\"(max-width: 125px) 100vw, 125px\" \/><\/a><\/td>\n<\/tr>\n<tr>\n<td style=\"text-align: center;\" width=\"128\"><span id=\"g1-space-6\" class=\"g1-space \" style=\"margin-top:-5px;\"><\/span><strong><a title=\"Imperial i-23 - Todolivo\" href=\"https:\/\/todolivo.com\/fr\/service-integral-todolivo\/plantes-d-olivier-certifiees\/imperial-i-23\/\">Imperial Clon I-23<sup>\u00ae<\/sup><\/a><\/strong><\/td>\n<\/tr>\n<\/tbody>\n<\/table>\n<\/div>\n<\/li><!-- -->\n<li class=\"g1-column g1-one-sixth g1-valign-top\">\n<div align=\"center\">\n<table width=\"85%\" border=\"0\">\n<tbody>\n<tr>\n<td width=\"128\"><a href=\"https:\/\/todolivo.com\/fr\/service-integral-todolivo\/plantes-d-olivier-certifiees\/koroneiki-i-38\/\"><img loading=\"lazy\" decoding=\"async\" class=\"aligncenter wp-image-6130\" src=\"https:\/\/www.todolivo.com\/wp-content\/uploads\/\/Todolivo_Koroneiki_boton-150x150.jpg\" alt=\"Todolivo_Koroneiki_boton\" width=\"125\" height=\"125\" srcset=\"https:\/\/www.todolivo.com\/wp-content\/uploads\/Todolivo_Koroneiki_boton-150x150.jpg 150w, https:\/\/www.todolivo.com\/wp-content\/uploads\/Todolivo_Koroneiki_boton-55x55.jpg 55w\" sizes=\"(max-width: 125px) 100vw, 125px\" \/><\/a><\/td>\n<\/tr>\n<tr>\n<td style=\"text-align: center;\" width=\"128\"><span id=\"g1-space-7\" class=\"g1-space \" style=\"margin-top:-5px;\"><\/span><strong><a title=\"Koroneiki i-38 - Todolivo\" href=\"https:\/\/todolivo.com\/fr\/service-integral-todolivo\/plantes-d-olivier-certifiees\/koroneiki-i-38\/\">Koroneiki Clon I-38<sup>\u00ae<\/sup><\/a><\/strong><\/td>\n<\/tr>\n<\/tbody>\n<\/table>\n<\/div>\n<\/li><!-- --><\/ul>\n<ul class=\"g1-grid\"><li class=\"g1-column g1-one-sixth g1-valign-top\">\n<div align=\"center\">\n<table width=\"85%\" border=\"0\">\n<tbody>\n<tr>\n<td width=\"128\"><span id=\"g1-space-8\" class=\"g1-space \" style=\"height:10px;\"><\/span><a href=\"https:\/\/www.todolivo.com\/fr\/service-integral-todolivo\/plantes-d-olivier-certifiees\/blanqueta-i-55\/\"><img loading=\"lazy\" decoding=\"async\" class=\"aligncenter wp-image-17078\" src=\"https:\/\/www.todolivo.com\/wp-content\/uploads\/Todolivo_Blanqueta_boton-150x150.jpg\" alt=\"\" width=\"125\" height=\"125\" srcset=\"https:\/\/www.todolivo.com\/wp-content\/uploads\/Todolivo_Blanqueta_boton-150x150.jpg 150w, https:\/\/www.todolivo.com\/wp-content\/uploads\/Todolivo_Blanqueta_boton-150x150-55x55.jpg 55w\" sizes=\"(max-width: 125px) 100vw, 125px\" \/><\/a><\/td>\n<\/tr>\n<tr>\n<td style=\"text-align: center;\" width=\"128\"><span id=\"g1-space-9\" class=\"g1-space \" style=\"margin-top:-5px;\"><\/span><strong><a title=\"Blanqueta i-55 - Todolivo\" href=\"https:\/\/www.todolivo.com\/fr\/service-integral-todolivo\/plantes-d-olivier-certifiees\/blanqueta-i-55\/\">Blanqueta Clon I-55<sup>\u00ae<\/sup><\/a><\/strong><\/td>\n<\/tr>\n<\/tbody>\n<\/table>\n<\/div>\n<\/li><!-- -->\n<li class=\"g1-column g1-one-sixth g1-valign-top\">\n<div align=\"center\">\n<table width=\"85%\" border=\"0\">\n<tbody>\n<tr>\n<td width=\"128\"><span id=\"g1-space-10\" class=\"g1-space \" style=\"height:10px;\"><\/span><a href=\"https:\/\/www.todolivo.com\/fr\/service-integral-todolivo\/plantes-d-olivier-certifiees\/callosina-i-69\/\"><img loading=\"lazy\" decoding=\"async\" class=\"aligncenter wp-image-17083\" src=\"https:\/\/www.todolivo.com\/wp-content\/uploads\/Todolivo_Callosina_boton-150x150.jpg\" alt=\"\" width=\"125\" height=\"125\" srcset=\"https:\/\/www.todolivo.com\/wp-content\/uploads\/Todolivo_Callosina_boton-150x150.jpg 150w, https:\/\/www.todolivo.com\/wp-content\/uploads\/Todolivo_Callosina_boton-150x150-55x55.jpg 55w\" sizes=\"(max-width: 125px) 100vw, 125px\" \/><\/a><\/td>\n<\/tr>\n<tr>\n<td style=\"text-align: center;\" width=\"128\"><span id=\"g1-space-11\" class=\"g1-space \" style=\"margin-top:-5px;\"><\/span><strong><a title=\"Callosina i-69 - Todolivo\" href=\"https:\/\/www.todolivo.com\/fr\/service-integral-todolivo\/plantes-d-olivier-certifiees\/callosina-i-69\/\">Callosina Clon I-69<sup>\u00ae<\/sup><\/a><\/strong><\/td>\n<\/tr>\n<\/tbody>\n<\/table>\n<\/div>\n<\/li><!-- -->\n<li class=\"g1-column g1-one-sixth g1-valign-top\">\n<div align=\"center\">\n<table width=\"85%\" border=\"0\">\n<tbody>\n<tr>\n<td width=\"128\"><span id=\"g1-space-12\" class=\"g1-space \" style=\"height:10px;\"><\/span><a href=\"https:\/\/www.todolivo.com\/fr\/service-integral-todolivo\/plantes-d-olivier-certifiees\/manzanillo-cacereno-i-57\/\"><img loading=\"lazy\" decoding=\"async\" class=\"aligncenter wp-image-17088\" src=\"https:\/\/www.todolivo.com\/wp-content\/uploads\/Todolivo_Manzanillo-Cacereno_boton-150x150.jpg\" alt=\"\" width=\"125\" height=\"125\" srcset=\"https:\/\/www.todolivo.com\/wp-content\/uploads\/Todolivo_Manzanillo-Cacereno_boton-150x150.jpg 150w, https:\/\/www.todolivo.com\/wp-content\/uploads\/Todolivo_Manzanillo-Cacereno_boton-150x150-55x55.jpg 55w\" sizes=\"(max-width: 125px) 100vw, 125px\" \/><\/a><\/td>\n<\/tr>\n<tr>\n<td style=\"text-align: center;\" width=\"128\"><span id=\"g1-space-13\" class=\"g1-space \" style=\"margin-top:-5px;\"><\/span><strong><a title=\"Manzanillo Cacere\u00f1o i-57 - Todolivo\" href=\"https:\/\/www.todolivo.com\/fr\/service-integral-todolivo\/plantes-d-olivier-certifiees\/manzanillo-cacereno-i-57\/\">Manzanillo Cacere\u00f1o Clon I-57<sup>\u00ae<\/sup><\/a><\/strong><\/td>\n<\/tr>\n<\/tbody>\n<\/table>\n<\/div>\n<\/li><!-- -->\n<li class=\"g1-column g1-one-sixth g1-valign-top\">\n<div align=\"center\">\n<table width=\"85%\" border=\"0\">\n<tbody>\n<tr>\n<td width=\"128\"><a href=\"https:\/\/www.todolivo.com\/fr\/service-integral-todolivo\/plantes-d-olivier-certifiees\/arroniz-i-65\/\"><img loading=\"lazy\" decoding=\"async\" class=\"aligncenter wp-image-17073\" src=\"https:\/\/www.todolivo.com\/wp-content\/uploads\/Todolivo_Arroniz_boton-150x150.jpg\" alt=\"\" width=\"125\" height=\"125\" srcset=\"https:\/\/www.todolivo.com\/wp-content\/uploads\/Todolivo_Arroniz_boton-150x150.jpg 150w, https:\/\/www.todolivo.com\/wp-content\/uploads\/Todolivo_Arroniz_boton-150x150-55x55.jpg 55w\" sizes=\"(max-width: 125px) 100vw, 125px\" \/><\/a><\/td>\n<\/tr>\n<tr>\n<td style=\"text-align: center;\" width=\"128\"><span id=\"g1-space-14\" class=\"g1-space \" style=\"margin-top:-5px;\"><\/span><strong><a title=\"Arr\u00f3niz i-65\" href=\"https:\/\/www.todolivo.com\/fr\/service-integral-todolivo\/plantes-d-olivier-certifiees\/arroniz-i-65\/\">Arr\u00f3niz Clon I-65<sup>\u00ae<\/sup><\/a><\/strong><\/td>\n<\/tr>\n<\/tbody>\n<\/table>\n<\/div>\n<\/li><!-- -->\n<li class=\"g1-column g1-one-sixth g1-valign-top\">\n<\/li><!-- -->\n<li class=\"g1-column g1-one-sixth g1-valign-top\">\n<\/li><!-- --><\/ul>\n","protected":false},"excerpt":{"rendered":"<p>Callosina Clon I-69\u00ae Vari\u00e9t\u00e9 s\u00e9lectionn\u00e9e par Todolivo, avec une vigueur moyenne et un port ouvert. Son entr\u00e9e en production est moyennement pr\u00e9coce. Elle est appr\u00e9ci\u00e9e par sa productivit\u00e9 \u00e9lev\u00e9e et constante, ainsi que par le contenu d\u2019huile \u00e9lev\u00e9 et la qualit\u00e9 de celle-ci. La maturation de son fruit est moyenne. Elle est r\u00e9sistante \u00e0 la [&hellip;]<\/p>\n","protected":false},"author":1,"featured_media":0,"parent":3216,"menu_order":0,"comment_status":"closed","ping_status":"closed","template":"","meta":{"_lmt_disableupdate":"no","_lmt_disable":"","footnotes":""},"class_list":["post-17413","page","type-page","status-publish"],"yoast_head":"<!-- This site is optimized with the Yoast SEO plugin v26.9 - https:\/\/yoast.com\/product\/yoast-seo-wordpress\/ -->\n<title>Callosina Clon I-69&reg; - Todolivo - Experts et pionniers \u00e0 Oliveraie en Haie<\/title>\n<meta name=\"robots\" content=\"index, follow, max-snippet:-1, max-image-preview:large, max-video-preview:-1\" \/>\n<link rel=\"canonical\" href=\"https:\/\/www.todolivo.com\/fr\/service-integral-todolivo\/plantes-d-olivier-certifiees\/callosina-i-69\/\" \/>\n<meta property=\"og:locale\" content=\"fr_FR\" \/>\n<meta property=\"og:type\" content=\"article\" \/>\n<meta property=\"og:title\" content=\"Callosina Clon I-69&reg; - Todolivo - Experts et pionniers \u00e0 Oliveraie en Haie\" \/>\n<meta property=\"og:description\" content=\"Callosina Clon I-69\u00ae Vari\u00e9t\u00e9 s\u00e9lectionn\u00e9e par Todolivo, avec une vigueur moyenne et un port ouvert. Son entr\u00e9e en production est moyennement pr\u00e9coce. Elle est appr\u00e9ci\u00e9e par sa productivit\u00e9 \u00e9lev\u00e9e et constante, ainsi que par le contenu d\u2019huile \u00e9lev\u00e9 et la qualit\u00e9 de celle-ci. La maturation de son fruit est moyenne. Elle est r\u00e9sistante \u00e0 la [&hellip;]\" \/>\n<meta property=\"og:url\" content=\"https:\/\/www.todolivo.com\/fr\/service-integral-todolivo\/plantes-d-olivier-certifiees\/callosina-i-69\/\" \/>\n<meta property=\"og:site_name\" content=\"Todolivo - Experts et pionniers \u00e0 Oliveraie en Haie\" \/>\n<meta property=\"article:modified_time\" content=\"2020-02-21T08:36:52+00:00\" \/>\n<meta property=\"og:image\" content=\"https:\/\/www.todolivo.com\/wp-content\/uploads\/Todolivo_Callosina_300px.jpg\" \/>\n<meta name=\"twitter:card\" content=\"summary_large_image\" \/>\n<meta name=\"twitter:label1\" content=\"Dur\u00e9e de lecture estim\u00e9e\" \/>\n\t<meta name=\"twitter:data1\" content=\"2 minutes\" \/>\n<script type=\"application\/ld+json\" class=\"yoast-schema-graph\">{\"@context\":\"https:\/\/schema.org\",\"@graph\":[{\"@type\":\"WebPage\",\"@id\":\"https:\/\/www.todolivo.com\/fr\/service-integral-todolivo\/plantes-d-olivier-certifiees\/callosina-i-69\/\",\"url\":\"https:\/\/www.todolivo.com\/fr\/service-integral-todolivo\/plantes-d-olivier-certifiees\/callosina-i-69\/\",\"name\":\"Callosina Clon I-69&reg; - Todolivo - Experts et pionniers \u00e0 Oliveraie en Haie\",\"isPartOf\":{\"@id\":\"https:\/\/www.todolivo.com\/#website\"},\"primaryImageOfPage\":{\"@id\":\"https:\/\/www.todolivo.com\/fr\/service-integral-todolivo\/plantes-d-olivier-certifiees\/callosina-i-69\/#primaryimage\"},\"image\":{\"@id\":\"https:\/\/www.todolivo.com\/fr\/service-integral-todolivo\/plantes-d-olivier-certifiees\/callosina-i-69\/#primaryimage\"},\"thumbnailUrl\":\"https:\/\/www.todolivo.com\/wp-content\/uploads\/Todolivo_Callosina_300px.jpg\",\"datePublished\":\"2019-03-02T10:08:31+00:00\",\"dateModified\":\"2020-02-21T08:36:52+00:00\",\"breadcrumb\":{\"@id\":\"https:\/\/www.todolivo.com\/fr\/service-integral-todolivo\/plantes-d-olivier-certifiees\/callosina-i-69\/#breadcrumb\"},\"inLanguage\":\"fr-FR\",\"potentialAction\":[{\"@type\":\"ReadAction\",\"target\":[\"https:\/\/www.todolivo.com\/fr\/service-integral-todolivo\/plantes-d-olivier-certifiees\/callosina-i-69\/\"]}]},{\"@type\":\"ImageObject\",\"inLanguage\":\"fr-FR\",\"@id\":\"https:\/\/www.todolivo.com\/fr\/service-integral-todolivo\/plantes-d-olivier-certifiees\/callosina-i-69\/#primaryimage\",\"url\":\"https:\/\/www.todolivo.com\/wp-content\/uploads\/Todolivo_Callosina_300px.jpg\",\"contentUrl\":\"https:\/\/www.todolivo.com\/wp-content\/uploads\/Todolivo_Callosina_300px.jpg\"},{\"@type\":\"BreadcrumbList\",\"@id\":\"https:\/\/www.todolivo.com\/fr\/service-integral-todolivo\/plantes-d-olivier-certifiees\/callosina-i-69\/#breadcrumb\",\"itemListElement\":[{\"@type\":\"ListItem\",\"position\":1,\"name\":\"Couverture\",\"item\":\"https:\/\/www.todolivo.com\/fr\/\"},{\"@type\":\"ListItem\",\"position\":2,\"name\":\"Service integral Todolivo\",\"item\":\"https:\/\/www.todolivo.com\/fr\/service-integral-todolivo\/\"},{\"@type\":\"ListItem\",\"position\":3,\"name\":\"Plantes d\u2019olivier certifi\u00e9es\",\"item\":\"https:\/\/www.todolivo.com\/fr\/service-integral-todolivo\/plantes-d-olivier-certifiees\/\"},{\"@type\":\"ListItem\",\"position\":4,\"name\":\"Callosina Clon I-69&reg;\"}]},{\"@type\":\"WebSite\",\"@id\":\"https:\/\/www.todolivo.com\/#website\",\"url\":\"https:\/\/www.todolivo.com\/\",\"name\":\"Todolivo - Experts et pionniers \u00e0 Oliveraie en Haie\",\"description\":\"Todolivo - Experts et pionniers \u00e0 Oliveraie en Haie\",\"potentialAction\":[{\"@type\":\"SearchAction\",\"target\":{\"@type\":\"EntryPoint\",\"urlTemplate\":\"https:\/\/www.todolivo.com\/?s={search_term_string}\"},\"query-input\":{\"@type\":\"PropertyValueSpecification\",\"valueRequired\":true,\"valueName\":\"search_term_string\"}}],\"inLanguage\":\"fr-FR\"}]}<\/script>\n<!-- \/ Yoast SEO plugin. -->","yoast_head_json":{"title":"Callosina Clon I-69&reg; - Todolivo - Experts et pionniers \u00e0 Oliveraie en Haie","robots":{"index":"index","follow":"follow","max-snippet":"max-snippet:-1","max-image-preview":"max-image-preview:large","max-video-preview":"max-video-preview:-1"},"canonical":"https:\/\/www.todolivo.com\/fr\/service-integral-todolivo\/plantes-d-olivier-certifiees\/callosina-i-69\/","og_locale":"fr_FR","og_type":"article","og_title":"Callosina Clon I-69&reg; - Todolivo - Experts et pionniers \u00e0 Oliveraie en Haie","og_description":"Callosina Clon I-69\u00ae Vari\u00e9t\u00e9 s\u00e9lectionn\u00e9e par Todolivo, avec une vigueur moyenne et un port ouvert. Son entr\u00e9e en production est moyennement pr\u00e9coce. Elle est appr\u00e9ci\u00e9e par sa productivit\u00e9 \u00e9lev\u00e9e et constante, ainsi que par le contenu d\u2019huile \u00e9lev\u00e9 et la qualit\u00e9 de celle-ci. La maturation de son fruit est moyenne. Elle est r\u00e9sistante \u00e0 la [&hellip;]","og_url":"https:\/\/www.todolivo.com\/fr\/service-integral-todolivo\/plantes-d-olivier-certifiees\/callosina-i-69\/","og_site_name":"Todolivo - Experts et pionniers \u00e0 Oliveraie en Haie","article_modified_time":"2020-02-21T08:36:52+00:00","og_image":[{"url":"https:\/\/www.todolivo.com\/wp-content\/uploads\/Todolivo_Callosina_300px.jpg","type":"","width":"","height":""}],"twitter_card":"summary_large_image","twitter_misc":{"Dur\u00e9e de lecture estim\u00e9e":"2 minutes"},"schema":{"@context":"https:\/\/schema.org","@graph":[{"@type":"WebPage","@id":"https:\/\/www.todolivo.com\/fr\/service-integral-todolivo\/plantes-d-olivier-certifiees\/callosina-i-69\/","url":"https:\/\/www.todolivo.com\/fr\/service-integral-todolivo\/plantes-d-olivier-certifiees\/callosina-i-69\/","name":"Callosina Clon I-69&reg; - Todolivo - Experts et pionniers \u00e0 Oliveraie en Haie","isPartOf":{"@id":"https:\/\/www.todolivo.com\/#website"},"primaryImageOfPage":{"@id":"https:\/\/www.todolivo.com\/fr\/service-integral-todolivo\/plantes-d-olivier-certifiees\/callosina-i-69\/#primaryimage"},"image":{"@id":"https:\/\/www.todolivo.com\/fr\/service-integral-todolivo\/plantes-d-olivier-certifiees\/callosina-i-69\/#primaryimage"},"thumbnailUrl":"https:\/\/www.todolivo.com\/wp-content\/uploads\/Todolivo_Callosina_300px.jpg","datePublished":"2019-03-02T10:08:31+00:00","dateModified":"2020-02-21T08:36:52+00:00","breadcrumb":{"@id":"https:\/\/www.todolivo.com\/fr\/service-integral-todolivo\/plantes-d-olivier-certifiees\/callosina-i-69\/#breadcrumb"},"inLanguage":"fr-FR","potentialAction":[{"@type":"ReadAction","target":["https:\/\/www.todolivo.com\/fr\/service-integral-todolivo\/plantes-d-olivier-certifiees\/callosina-i-69\/"]}]},{"@type":"ImageObject","inLanguage":"fr-FR","@id":"https:\/\/www.todolivo.com\/fr\/service-integral-todolivo\/plantes-d-olivier-certifiees\/callosina-i-69\/#primaryimage","url":"https:\/\/www.todolivo.com\/wp-content\/uploads\/Todolivo_Callosina_300px.jpg","contentUrl":"https:\/\/www.todolivo.com\/wp-content\/uploads\/Todolivo_Callosina_300px.jpg"},{"@type":"BreadcrumbList","@id":"https:\/\/www.todolivo.com\/fr\/service-integral-todolivo\/plantes-d-olivier-certifiees\/callosina-i-69\/#breadcrumb","itemListElement":[{"@type":"ListItem","position":1,"name":"Couverture","item":"https:\/\/www.todolivo.com\/fr\/"},{"@type":"ListItem","position":2,"name":"Service integral Todolivo","item":"https:\/\/www.todolivo.com\/fr\/service-integral-todolivo\/"},{"@type":"ListItem","position":3,"name":"Plantes d\u2019olivier certifi\u00e9es","item":"https:\/\/www.todolivo.com\/fr\/service-integral-todolivo\/plantes-d-olivier-certifiees\/"},{"@type":"ListItem","position":4,"name":"Callosina Clon I-69&reg;"}]},{"@type":"WebSite","@id":"https:\/\/www.todolivo.com\/#website","url":"https:\/\/www.todolivo.com\/","name":"Todolivo - Experts et pionniers \u00e0 Oliveraie en Haie","description":"Todolivo - Experts et pionniers \u00e0 Oliveraie en Haie","potentialAction":[{"@type":"SearchAction","target":{"@type":"EntryPoint","urlTemplate":"https:\/\/www.todolivo.com\/?s={search_term_string}"},"query-input":{"@type":"PropertyValueSpecification","valueRequired":true,"valueName":"search_term_string"}}],"inLanguage":"fr-FR"}]}},"_links":{"self":[{"href":"https:\/\/www.todolivo.com\/fr\/wp-json\/wp\/v2\/pages\/17413","targetHints":{"allow":["GET"]}}],"collection":[{"href":"https:\/\/www.todolivo.com\/fr\/wp-json\/wp\/v2\/pages"}],"about":[{"href":"https:\/\/www.todolivo.com\/fr\/wp-json\/wp\/v2\/types\/page"}],"author":[{"embeddable":true,"href":"https:\/\/www.todolivo.com\/fr\/wp-json\/wp\/v2\/users\/1"}],"replies":[{"embeddable":true,"href":"https:\/\/www.todolivo.com\/fr\/wp-json\/wp\/v2\/comments?post=17413"}],"version-history":[{"count":7,"href":"https:\/\/www.todolivo.com\/fr\/wp-json\/wp\/v2\/pages\/17413\/revisions"}],"predecessor-version":[{"id":21337,"href":"https:\/\/www.todolivo.com\/fr\/wp-json\/wp\/v2\/pages\/17413\/revisions\/21337"}],"up":[{"embeddable":true,"href":"https:\/\/www.todolivo.com\/fr\/wp-json\/wp\/v2\/pages\/3216"}],"wp:attachment":[{"href":"https:\/\/www.todolivo.com\/fr\/wp-json\/wp\/v2\/media?parent=17413"}],"curies":[{"name":"wp","href":"https:\/\/api.w.org\/{rel}","templated":true}]}}